{"id":24,"date":"2026-04-11T15:27:40","date_gmt":"2026-04-11T15:27:40","guid":{"rendered":"https:\/\/unified.elitexperiments.com\/pt\/investigacao-e-desenvolvimento\/"},"modified":"2026-05-03T12:01:44","modified_gmt":"2026-05-03T12:01:44","slug":"investigacao-e-desenvolvimento","status":"publish","type":"page","link":"https:\/\/elithair.com\/pt\/investigacao-e-desenvolvimento\/","title":{"rendered":"Investiga\u00e7\u00e3o e Desenvolvimento"},"content":{"rendered":"<section class=\"wp-block-elh-main-hero main-hero dark-layout has-top-right-circle\">\n\t<div class=\"main-hero__container container\">\n\t\t\t\t\t<header class=\"main-hero__header\">\t\t\t\t\n\t\t\t\t<h1>\t\t\t\t\tInvestiga\u00e7\u00e3o e Desenvolvimento\t\t\t\t<\/h1>\t\t\t<\/header>\n\t\t\n\t\t\t\t\t<div class=\"main-hero__content\">\n\t\t\t\t<p>Na Elithair, estamos muito concentrados em atingir novos objectivos. \u00c9 por isso que a nossa pr\u00f3pria equipa de Investiga\u00e7\u00e3o e Desenvolvimento trabalha continuamente para transformar o mundo do transplante capilar com inova\u00e7\u00f5es exclusivas numa base regular.<\/p>\n<p>Nesta p\u00e1gina obter\u00e1 uma vis\u00e3o completa das inova\u00e7\u00f5es que pode desfrutar especificamente como paciente da Elithair. Pode esperar uma grande variedade de vantagens, que servem para garantir um resultado perfeito, que s\u00f3 a Elithair oferece nesta medida. Veja por si mesmo.<\/p>\n\t\t\t<\/div>\n\t\t\n\t\t\t\t\t<div class=\"main-hero__media\">\n\t\t\t\t<img decoding=\"async\" width=\"750\" height=\"564\" src=\"https:\/\/elithair.com\/pt\/wp-content\/uploads\/sites\/7\/2026\/04\/medico-elithair.webp\" class=\"hero-image\" alt=\"M\u00e9dico especialista da Elithair\" loading=\"eager\" fetchpriority=\"high\" sizes=\"(max-width: 767px) 40vw, (max-width: 1023px) 23vw, 25vw\" srcset=\"https:\/\/elithair.com\/pt\/wp-content\/uploads\/sites\/7\/2026\/04\/medico-elithair.webp 750w, https:\/\/elithair.com\/pt\/wp-content\/uploads\/sites\/7\/2026\/04\/medico-elithair-300x226.webp 300w\" \/>\t\t\t<\/div>\n\t\t\t\t\t<\/div>\n\t\t\n\t<\/section>\n\n\n<section class=\"wp-block-elh-cards-list cards-list layout-02 bg-grey\">\n\t<div class=\"cards-list__container container is-flex flex-column gap-default\">\n\t\t\t\t\t<header class=\"cards-list__header text-center\">\n\t\t\t\t<h2>\t\t\t\t\tAs nossas inova\u00e7\u00f5es<br \/>\t\t\t\t<\/h2>\t\t\t<\/header>\n\t\t\n\t\t\n\t\t\t\t\t<div class=\"cards-list__cards\">\n\t\t\t\t\t\t\t\t\t<div class=\"cards-list__card\">\n\t\t\t\t\t\t\t\t\t\t\t\t\t<header class=\"cards-list__card-header\">\n\t\t\t\t\t\t\t\t<h3>Elithair Pre-Test-System<\/h3>\n\t\t\t\t\t\t\t\t<img decoding=\"async\" src=\"https:\/\/elithair.com\/pt\/wp-content\/uploads\/sites\/7\/2026\/04\/icon-pre-test-system.svg\" class=\"cards-list__card-header-icon\" alt=\"Icon pre test system\" loading=\"lazy\" \/>\t\t\t\t\t\t\t\t\n\t\t\t\t\t\t\t<\/header>\n\t\t\t\t\t\t\t\t\t\t\t\t<div class=\"cards-list__card-content is-flex flex-column\">\n\t\t\t\t\t\t\t\t\t\t\t\t\t\t\t<div class=\"cards-list__card-content-inner\">\n\t\t\t\t\t\t\t\t\t<p>O Pre-Test System da Elithair utiliza 6 an\u00e1lises detalhadas antes do seu tratamento para garantir que o resultado do seu transplante capilar ser\u00e1 perfeito. A composi\u00e7\u00e3o de cada etapa do Pre-Test System foi gerida pelo Dr. Balwi e sua equipa de investiga\u00e7\u00e3o para que, como paciente, possa beneficiar dele da melhor forma poss\u00edvel.<\/p>\n\t\t\t\t\t\t\t\t<\/div>\n\t\t\t\t\t\t\t\t\t\t\t\t\t\t\t\t\t\t\t\t\t\t<div class=\"cards-list__btn-list btn-list\">\n\t\t\t\t\t\t\t\t\t<div class=\"btn-item\">\n\t\t\t\t\t\t\t\t\t\t<a\n\t\t\t\t\t\t\t\t\t\t\tclass=\"btn\"\n\t\t\t\t\t\t\t\t\t\t\thref=\"\/pt\/pre-test-system\/\"\t\t\t\t\t\t\t\t\t\t>\n\t\t\t\t\t\t\t\t\t\t\tMais informa\u00e7\u00e3o\t\t\t\t\t\t\t\t\t\t<\/a>\n\t\t\t\t\t\t\t\t\t<\/div>\n\t\t\t\t\t\t\t\t<\/div>\n\t\t\t\t\t\t\t\t\t\t\t\t\t<\/div>\n\t\t\t\t\t<\/div>\n\t\t\t\t\t\t\t\t\t\t<div class=\"cards-list__card\">\n\t\t\t\t\t\t\t\t\t\t\t\t\t<header class=\"cards-list__card-header\">\n\t\t\t\t\t\t\t\t<h3>M\u00e9todo Sleep-Deep<\/h3>\n\t\t\t\t\t\t\t\t<img decoding=\"async\" src=\"https:\/\/elithair.com\/pt\/wp-content\/uploads\/sites\/7\/2026\/04\/icone-metodo-sleep-deep.svg\" class=\"cards-list__card-header-icon\" alt=\"Icone metodo sleep deep\" loading=\"lazy\" \/>\t\t\t\t\t\t\t\t\n\t\t\t\t\t\t\t<\/header>\n\t\t\t\t\t\t\t\t\t\t\t\t<div class=\"cards-list__card-content is-flex flex-column\">\n\t\t\t\t\t\t\t\t\t\t\t\t\t\t\t<div class=\"cards-list__card-content-inner\">\n\t\t\t\t\t\t\t\t\t<p>Na maior cl\u00ednica capilar do mundo, usamos o inovador procedimento de seda\u00e7\u00e3o \u201cM\u00e9todo Sleep-Deep\u201d. Isto coloca-o num sono profundo durante 15 minutos antes da anestesia local, de modo a sentir 0% dor durante o transplante capilar que se segue.<\/p>\n\t\t\t\t\t\t\t\t<\/div>\n\t\t\t\t\t\t\t\t\t\t\t\t\t\t\t\t\t\t\t\t\t\t<div class=\"cards-list__btn-list btn-list\">\n\t\t\t\t\t\t\t\t\t<div class=\"btn-item\">\n\t\t\t\t\t\t\t\t\t\t<a\n\t\t\t\t\t\t\t\t\t\t\tclass=\"btn\"\n\t\t\t\t\t\t\t\t\t\t\thref=\"https:\/\/elithair.com\/pt\/transplante-capilar-sem-dor\/\"\t\t\t\t\t\t\t\t\t\t>\n\t\t\t\t\t\t\t\t\t\t\tMais informa\u00e7\u00e3o\t\t\t\t\t\t\t\t\t\t<\/a>\n\t\t\t\t\t\t\t\t\t<\/div>\n\t\t\t\t\t\t\t\t<\/div>\n\t\t\t\t\t\t\t\t\t\t\t\t\t<\/div>\n\t\t\t\t\t<\/div>\n\t\t\t\t\t\t\t\t\t\t<div class=\"cards-list__card\">\n\t\t\t\t\t\t\t\t\t\t\t\t\t<header class=\"cards-list__card-header\">\n\t\t\t\t\t\t\t\t<h3>NEO FUE<\/h3>\n\t\t\t\t\t\t\t\t<img decoding=\"async\" src=\"https:\/\/elithair.com\/pt\/wp-content\/uploads\/sites\/7\/2026\/04\/Icon-tecnica-neo-fue.svg\" class=\"cards-list__card-header-icon\" alt=\"Icon tecnica NEO FUE\" loading=\"lazy\" \/>\t\t\t\t\t\t\t\t\n\t\t\t\t\t\t\t<\/header>\n\t\t\t\t\t\t\t\t\t\t\t\t<div class=\"cards-list__card-content is-flex flex-column\">\n\t\t\t\t\t\t\t\t\t\t\t\t\t\t\t<div class=\"cards-list__card-content-inner\">\n\t\t\t\t\t\t\t\t\t<p>A novidade mundial do m\u00e9todo NEO FUE foi tamb\u00e9m concebida gra\u00e7as ao Dr. Balwi e aos seus especialistas. Devido a um soro vitalizante \u00fanico, o set NEO FUE proporciona a prepara\u00e7\u00e3o perfeita para o transplante capilar. Com ele, pode-se esperar um crescimento de cabelo de at\u00e9 98%.<\/p>\n\t\t\t\t\t\t\t\t<\/div>\n\t\t\t\t\t\t\t\t\t\t\t\t\t\t\t\t\t\t\t\t\t\t<div class=\"cards-list__btn-list btn-list\">\n\t\t\t\t\t\t\t\t\t<div class=\"btn-item\">\n\t\t\t\t\t\t\t\t\t\t<a\n\t\t\t\t\t\t\t\t\t\t\tclass=\"btn\"\n\t\t\t\t\t\t\t\t\t\t\thref=\"\/pt\/neo-fue\/\"\t\t\t\t\t\t\t\t\t\t>\n\t\t\t\t\t\t\t\t\t\t\tMais informa\u00e7\u00e3o\t\t\t\t\t\t\t\t\t\t<\/a>\n\t\t\t\t\t\t\t\t\t<\/div>\n\t\t\t\t\t\t\t\t<\/div>\n\t\t\t\t\t\t\t\t\t\t\t\t\t<\/div>\n\t\t\t\t\t<\/div>\n\t\t\t\t\t\t\t\t\t\t<div class=\"cards-list__card\">\n\t\t\t\t\t\t\t\t\t\t\t\t\t<header class=\"cards-list__card-header\">\n\t\t\t\t\t\t\t\t<h3>Elithair App<\/h3>\n\t\t\t\t\t\t\t\t<img decoding=\"async\" src=\"https:\/\/elithair.com\/pt\/wp-content\/uploads\/sites\/7\/2026\/04\/icon-elithair-app.svg\" class=\"cards-list__card-header-icon\" alt=\"Icon-elithair-app\" loading=\"lazy\" \/>\t\t\t\t\t\t\t\t\n\t\t\t\t\t\t\t<\/header>\n\t\t\t\t\t\t\t\t\t\t\t\t<div class=\"cards-list__card-content is-flex flex-column\">\n\t\t\t\t\t\t\t\t\t\t\t\t\t\t\t<div class=\"cards-list__card-content-inner\">\n\t\t\t\t\t\t\t\t\t<p>Com a App Elithair, oferecemos-lhe o servi\u00e7o de apoio perfeito. Quer seja pr\u00e9-operat\u00f3rio ou p\u00f3s-operat\u00f3rio, com o aplicativo Elithair pode obter aconselhamento especializado em qualquer instante com o simple click<\/p>\n\t\t\t\t\t\t\t\t<\/div>\n\t\t\t\t\t\t\t\t\t\t\t\t\t\t\t\t\t\t\t\t\t\t<div class=\"cards-list__btn-list btn-list\">\n\t\t\t\t\t\t\t\t\t<div class=\"btn-item\">\n\t\t\t\t\t\t\t\t\t\t<a\n\t\t\t\t\t\t\t\t\t\t\tclass=\"btn\"\n\t\t\t\t\t\t\t\t\t\t\thref=\"\/pt\/elithair-app\/\"\t\t\t\t\t\t\t\t\t\t>\n\t\t\t\t\t\t\t\t\t\t\tMais informa\u00e7\u00e3o\t\t\t\t\t\t\t\t\t\t<\/a>\n\t\t\t\t\t\t\t\t\t<\/div>\n\t\t\t\t\t\t\t\t<\/div>\n\t\t\t\t\t\t\t\t\t\t\t\t\t<\/div>\n\t\t\t\t\t<\/div>\n\t\t\t\t\t\t\t\t<\/div>\n\t\t\t\n\t\t\t<\/div>\n<\/section>\n","protected":false},"excerpt":{"rendered":"","protected":false},"author":1,"featured_media":0,"parent":0,"menu_order":0,"comment_status":"closed","ping_status":"closed","template":"","meta":{"_acf_changed":false,"_yoast_wpseo_focuskw":"","_yoast_wpseo_title":"Investiga\u00e7\u00e3o e Desenvolvimento em transplante capilar | Elithair","_yoast_wpseo_metadesc":"Elithair \u00e9 um pioneiro no trabalho de pesquisa na \u00e1rea de transplante de cabelo. Nossas inova\u00e7\u00f5es e resultados em resumo. Leia aqui agora!","_yoast_wpseo_meta-robots-noindex":"","_yoast_wpseo_meta-robots-nofollow":"","_yoast_wpseo_meta-robots-adv":"","_yoast_wpseo_canonical":"https:\/\/elithair.com\/pt\/investigacao-e-desenvolvimento\/","_yoast_wpseo_opengraph-title":"Investiga\u00e7\u00e3o e Desenvolvimento","_yoast_wpseo_opengraph-description":"Elithair \u00e9 um pioneiro no trabalho de pesquisa na \u00e1rea de transplante de cabelo. Nossas inova\u00e7\u00f5es e resultados em resumo. Leia aqui agora!","_yoast_wpseo_opengraph-image":"https:\/\/elithair.com\/pt\/wp-content\/uploads\/sites\/7\/2026\/05\/investigacao-e-desenvolvimento.png","_yoast_wpseo_twitter-title":"","_yoast_wpseo_twitter-description":"","_yoast_wpseo_twitter-image":"https:\/\/elithair.com\/pt\/wp-content\/uploads\/sites\/7\/2026\/05\/investigacao-e-desenvolvimento.png","_hm_hreflang_map":{"de":53,"uk":707,"es":89235,"it":15,"pt":24,"fr":31,"x_default":53},"_hm_language_code":"pt","footnotes":""},"class_list":["post-24","page","type-page","status-publish","hentry"],"acf":[],"yoast_head":"<!-- This site is optimized with the Yoast SEO Premium plugin v27.5 (Yoast SEO v27.5) - https:\/\/yoast.com\/product\/yoast-seo-premium-wordpress\/ -->\n<title>Investiga\u00e7\u00e3o e Desenvolvimento em transplante capilar | Elithair<\/title>\n<meta name=\"description\" content=\"Elithair \u00e9 um pioneiro no trabalho de pesquisa na \u00e1rea de transplante de cabelo. Nossas inova\u00e7\u00f5es e resultados em resumo. Leia aqui agora!\" \/>\n<meta name=\"robots\" content=\"index, follow, max-snippet:-1, max-image-preview:large, max-video-preview:-1\" \/>\n<link rel=\"canonical\" href=\"https:\/\/elithair.com\/pt\/investigacao-e-desenvolvimento\/\" \/>\n<meta property=\"og:locale\" content=\"pt_PT\" \/>\n<meta property=\"og:type\" content=\"article\" \/>\n<meta property=\"og:title\" content=\"Investiga\u00e7\u00e3o e Desenvolvimento\" \/>\n<meta property=\"og:description\" content=\"Elithair \u00e9 um pioneiro no trabalho de pesquisa na \u00e1rea de transplante de cabelo. Nossas inova\u00e7\u00f5es e resultados em resumo. Leia aqui agora!\" \/>\n<meta property=\"og:url\" content=\"https:\/\/elithair.com\/pt\/investigacao-e-desenvolvimento\/\" \/>\n<meta property=\"og:site_name\" content=\"Elithair PT\" \/>\n<meta property=\"article:modified_time\" content=\"2026-05-03T12:01:44+00:00\" \/>\n<meta property=\"og:image\" content=\"https:\/\/elithair.com\/pt\/wp-content\/uploads\/sites\/7\/2026\/05\/investigacao-e-desenvolvimento.png\" \/>\n<meta name=\"twitter:card\" content=\"summary_large_image\" \/>\n<meta name=\"twitter:title\" content=\"Investiga\u00e7\u00e3o e Desenvolvimento\" \/>\n<meta name=\"twitter:image\" content=\"https:\/\/elithair.com\/pt\/wp-content\/uploads\/sites\/7\/2026\/05\/investigacao-e-desenvolvimento.png\" \/>\n<script type=\"application\/ld+json\" class=\"yoast-schema-graph\">{\"@context\":\"https:\\\/\\\/schema.org\",\"@graph\":[{\"@type\":\"WebPage\",\"@id\":\"https:\\\/\\\/elithair.com\\\/pt\\\/investigacao-e-desenvolvimento\\\/\",\"url\":\"https:\\\/\\\/elithair.com\\\/pt\\\/investigacao-e-desenvolvimento\\\/\",\"name\":\"Investiga\u00e7\u00e3o e Desenvolvimento em transplante capilar | Elithair\",\"isPartOf\":{\"@id\":\"https:\\\/\\\/elithair.com\\\/pt\\\/#website\"},\"datePublished\":\"2026-04-11T15:27:40+00:00\",\"dateModified\":\"2026-05-03T12:01:44+00:00\",\"description\":\"Elithair \u00e9 um pioneiro no trabalho de pesquisa na \u00e1rea de transplante de cabelo. Nossas inova\u00e7\u00f5es e resultados em resumo. Leia aqui agora!\",\"breadcrumb\":{\"@id\":\"https:\\\/\\\/elithair.com\\\/pt\\\/investigacao-e-desenvolvimento\\\/#breadcrumb\"},\"inLanguage\":\"pt-PT\",\"potentialAction\":[{\"@type\":\"ReadAction\",\"target\":[\"https:\\\/\\\/elithair.com\\\/pt\\\/investigacao-e-desenvolvimento\\\/\"]}]},{\"@type\":\"BreadcrumbList\",\"@id\":\"https:\\\/\\\/elithair.com\\\/pt\\\/investigacao-e-desenvolvimento\\\/#breadcrumb\",\"itemListElement\":[{\"@type\":\"ListItem\",\"position\":1,\"name\":\"Home\",\"item\":\"https:\\\/\\\/elithair.com\\\/pt\\\/\"},{\"@type\":\"ListItem\",\"position\":2,\"name\":\"Investiga\u00e7\u00e3o e Desenvolvimento\"}]},{\"@type\":\"WebSite\",\"@id\":\"https:\\\/\\\/elithair.com\\\/pt\\\/#website\",\"url\":\"https:\\\/\\\/elithair.com\\\/pt\\\/\",\"name\":\"Elithair\",\"description\":\"\",\"alternateName\":\"a melhor cl\u00ednica de transplante capilar na Turquia\",\"potentialAction\":[{\"@type\":\"SearchAction\",\"target\":{\"@type\":\"EntryPoint\",\"urlTemplate\":\"https:\\\/\\\/elithair.com\\\/pt\\\/?s={search_term_string}\"},\"query-input\":{\"@type\":\"PropertyValueSpecification\",\"valueRequired\":true,\"valueName\":\"search_term_string\"}}],\"inLanguage\":\"pt-PT\"}]}<\/script>\n<!-- \/ Yoast SEO Premium plugin. -->","yoast_head_json":{"title":"Investiga\u00e7\u00e3o e Desenvolvimento em transplante capilar | Elithair","description":"Elithair \u00e9 um pioneiro no trabalho de pesquisa na \u00e1rea de transplante de cabelo. Nossas inova\u00e7\u00f5es e resultados em resumo. Leia aqui agora!","robots":{"index":"index","follow":"follow","max-snippet":"max-snippet:-1","max-image-preview":"max-image-preview:large","max-video-preview":"max-video-preview:-1"},"canonical":"https:\/\/elithair.com\/pt\/investigacao-e-desenvolvimento\/","og_locale":"pt_PT","og_type":"article","og_title":"Investiga\u00e7\u00e3o e Desenvolvimento","og_description":"Elithair \u00e9 um pioneiro no trabalho de pesquisa na \u00e1rea de transplante de cabelo. Nossas inova\u00e7\u00f5es e resultados em resumo. Leia aqui agora!","og_url":"https:\/\/elithair.com\/pt\/investigacao-e-desenvolvimento\/","og_site_name":"Elithair PT","article_modified_time":"2026-05-03T12:01:44+00:00","og_image":[{"url":"https:\/\/elithair.com\/pt\/wp-content\/uploads\/sites\/7\/2026\/05\/investigacao-e-desenvolvimento.png","type":"","width":"","height":""}],"twitter_card":"summary_large_image","twitter_title":"Investiga\u00e7\u00e3o e Desenvolvimento","twitter_image":"https:\/\/elithair.com\/pt\/wp-content\/uploads\/sites\/7\/2026\/05\/investigacao-e-desenvolvimento.png","schema":{"@context":"https:\/\/schema.org","@graph":[{"@type":"WebPage","@id":"https:\/\/elithair.com\/pt\/investigacao-e-desenvolvimento\/","url":"https:\/\/elithair.com\/pt\/investigacao-e-desenvolvimento\/","name":"Investiga\u00e7\u00e3o e Desenvolvimento em transplante capilar | Elithair","isPartOf":{"@id":"https:\/\/elithair.com\/pt\/#website"},"datePublished":"2026-04-11T15:27:40+00:00","dateModified":"2026-05-03T12:01:44+00:00","description":"Elithair \u00e9 um pioneiro no trabalho de pesquisa na \u00e1rea de transplante de cabelo. Nossas inova\u00e7\u00f5es e resultados em resumo. Leia aqui agora!","breadcrumb":{"@id":"https:\/\/elithair.com\/pt\/investigacao-e-desenvolvimento\/#breadcrumb"},"inLanguage":"pt-PT","potentialAction":[{"@type":"ReadAction","target":["https:\/\/elithair.com\/pt\/investigacao-e-desenvolvimento\/"]}]},{"@type":"BreadcrumbList","@id":"https:\/\/elithair.com\/pt\/investigacao-e-desenvolvimento\/#breadcrumb","itemListElement":[{"@type":"ListItem","position":1,"name":"Home","item":"https:\/\/elithair.com\/pt\/"},{"@type":"ListItem","position":2,"name":"Investiga\u00e7\u00e3o e Desenvolvimento"}]},{"@type":"WebSite","@id":"https:\/\/elithair.com\/pt\/#website","url":"https:\/\/elithair.com\/pt\/","name":"Elithair","description":"","alternateName":"a melhor cl\u00ednica de transplante capilar na Turquia","potentialAction":[{"@type":"SearchAction","target":{"@type":"EntryPoint","urlTemplate":"https:\/\/elithair.com\/pt\/?s={search_term_string}"},"query-input":{"@type":"PropertyValueSpecification","valueRequired":true,"valueName":"search_term_string"}}],"inLanguage":"pt-PT"}]}},"jetpack_sharing_enabled":true,"_links":{"self":[{"href":"https:\/\/elithair.com\/pt\/wp-json\/wp\/v2\/pages\/24","targetHints":{"allow":["GET"]}}],"collection":[{"href":"https:\/\/elithair.com\/pt\/wp-json\/wp\/v2\/pages"}],"about":[{"href":"https:\/\/elithair.com\/pt\/wp-json\/wp\/v2\/types\/page"}],"author":[{"embeddable":true,"href":"https:\/\/elithair.com\/pt\/wp-json\/wp\/v2\/users\/1"}],"replies":[{"embeddable":true,"href":"https:\/\/elithair.com\/pt\/wp-json\/wp\/v2\/comments?post=24"}],"version-history":[{"count":7,"href":"https:\/\/elithair.com\/pt\/wp-json\/wp\/v2\/pages\/24\/revisions"}],"predecessor-version":[{"id":89110,"href":"https:\/\/elithair.com\/pt\/wp-json\/wp\/v2\/pages\/24\/revisions\/89110"}],"wp:attachment":[{"href":"https:\/\/elithair.com\/pt\/wp-json\/wp\/v2\/media?parent=24"}],"curies":[{"name":"wp","href":"https:\/\/api.w.org\/{rel}","templated":true}]}}