{"id":22,"date":"2026-04-11T15:27:39","date_gmt":"2026-04-11T15:27:39","guid":{"rendered":"https:\/\/unified.elitexperiments.com\/pt\/faq\/"},"modified":"2026-05-03T12:02:15","modified_gmt":"2026-05-03T12:02:15","slug":"faq","status":"publish","type":"page","link":"https:\/\/elithair.com\/pt\/faq\/","title":{"rendered":"FAQ"},"content":{"rendered":"<section class=\"wp-block-elh-main-hero main-hero dark-layout has-top-right-circle\">\n\t<div class=\"main-hero__container container\">\n\t\t\t\t\t<header class=\"main-hero__header\">\t\t\t\t\n\t\t\t\t<h1>\t\t\t\t\tFAQ \u2013 As perguntas mais frequentes sobre transplante capilar\t\t\t\t<\/h1>\t\t\t<\/header>\n\t\t\n\t\t\t\t\t<div class=\"main-hero__content\">\n\t\t\t\t<p>Qu\u00e3o doloroso \u00e9 um transplante capilar? O que tenho de considerar antes de um transplante capilar? O cabelo transplantado pode cair de novo? Aqui encontrar\u00e1 todas as respostas \u00e0s perguntas mais frequentes sobre transplante de cabelo<\/p>\n\t\t\t<\/div>\n\t\t\n\t\t\t\t\t<div class=\"main-hero__media\">\n\t\t\t\t<img decoding=\"async\" width=\"600\" height=\"600\" src=\"https:\/\/elithair.com\/pt\/wp-content\/uploads\/sites\/7\/2026\/04\/haartransplantation-faq-experten-team.webp\" class=\"hero-image\" alt=\"A nossa equipa de especialistas est\u00e1 dispon\u00edvel para responder \u00e0s suas perguntas sobre o tratamento.\" loading=\"eager\" fetchpriority=\"high\" sizes=\"(max-width: 767px) 40vw, (max-width: 1023px) 23vw, 25vw\" srcset=\"https:\/\/elithair.com\/pt\/wp-content\/uploads\/sites\/7\/2026\/04\/haartransplantation-faq-experten-team.webp 600w, https:\/\/elithair.com\/pt\/wp-content\/uploads\/sites\/7\/2026\/04\/haartransplantation-faq-experten-team-300x300.webp 300w, https:\/\/elithair.com\/pt\/wp-content\/uploads\/sites\/7\/2026\/04\/haartransplantation-faq-experten-team-150x150.webp 150w\" \/>\t\t\t<\/div>\n\t\t\t\t\t\t\t<div class=\"main-hero__btn-list btn-list\">\n\t\t\t\t\t\t\t\t<div class=\"btn-item\">\n\t\t\t\t\t<a\n\t\t\t\t\t\thref=\"https:\/\/elithair.com\/pt\/analise-capilar\/\"\t\t\t\t\t\tclass=\"btn\"\n\t\t\t\t\t>\n\t\t\t\t\t\tAn\u00e1lise gratuita do cabelo\t\t\t\t\t<\/a>\n\t\t\t\t<\/div>\n\t\t\t\t\t\t\t\t\t\t\t<\/div>\n\t\t\t<\/div>\n\t\t\n\t<\/section>\n\n\n<section class=\"wp-block-elh-faq-list faq-list bg-white\">\n\t<div class=\"faq-list__container container\">\n\t\t\t\t\t<header class=\"faq-list__header\">\n\t\t\t\t<h2>Perguntas Mais Frequentes<\/h2>\n\t\t\t<\/header>\n\t\t\n\t\t\t\t\t<div class=\"faq-list__items\">\n\t\t\t\t\t\t\t\t\t<div class=\"faq\">\n\t\t\t\t\t\t\t\t\t\t\t\t\t<h3>Transplante capilar, informa\u00e7\u00e3o sobre os procedimentos<\/h3>\n\t\t\t\t\t\t\t\t\t\t\t\t\t\t\t\t\t\t\t\t\t\t\t\t\t\t\t<details>\n\t\t\t\t\t\t\t\t\t<summary>H\u00e1 uma consulta antes do procedimento? Onde se realiza a consulta? H\u00e1 uma taxa pelo seu conselho?<\/summary>\n\t\t\t\t\t\t\t\t\t<p>Uma consulta remota gratuita tem lugar antes de fazer a sua marca\u00e7\u00e3o. Ser\u00e1 efectuado um exame antes do tratamento na cl\u00ednica de Istambul\u201d.<\/p>\n\t\t\t\t\t\t\t\t<\/details>\n\t\t\t\t\t\t\t\t\t\t\t\t\t\t\t<details>\n\t\t\t\t\t\t\t\t\t<summary>\u201cComo \u00e9 que sei qual \u00e9 o melhor procedimento para mim?<\/summary>\n\t\t\t\t\t\t\t\t\t<p>Se nos enviar fotografias das \u00e1reas a tratar e descrever a sua situa\u00e7\u00e3o ou desejos, aconselh\u00e1-lo-emos sobre as suas op\u00e7\u00f5es e trabalharemos em conjunto para encontrar o melhor tratamento para si\u201d.<\/p>\n\t\t\t\t\t\t\t\t<\/details>\n\t\t\t\t\t\t\t\t\t\t\t\t\t\t\t<details>\n\t\t\t\t\t\t\t\t\t<summary>\u201cQuanto tempo demora o procedimento?<\/summary>\n\t\t\t\t\t\t\t\t\t<p>O procedimento, dependendo do tipo e extens\u00e3o do tratamento, leva em m\u00e9dia cinco horas. Isto ser\u00e1 discutido antes do tratamento e antes da marca\u00e7\u00e3o.<\/p>\n\t\t\t\t\t\t\t\t<\/details>\n\t\t\t\t\t\t\t\t\t\t\t\t\t\t\t\t\t\t<\/div>\n\t\t\t\t\t\t\t\t\t<div class=\"faq\">\n\t\t\t\t\t\t\t\t\t\t\t\t\t<h3>Quest\u00f5es gerais sobre o transplante capilar<\/h3>\n\t\t\t\t\t\t\t\t\t\t\t\t\t\t\t\t\t\t\t\t\t\t\t\t\t\t\t<details>\n\t\t\t\t\t\t\t\t\t<summary>Que testes s\u00e3o necess\u00e1rios antes de um transplante capilar?<\/summary>\n\t\t\t\t\t\t\t\t\t<p>Antes da cirurgia de transplante capilar, \u00e9 realizada uma consulta com o m\u00e9dico. Ele ir\u00e1 fazer-lhe perguntas sobre os seus h\u00e1bitos, doen\u00e7as conhecidas, alergias e medica\u00e7\u00e3o. O m\u00e9dico examinar\u00e1 o seu couro cabeludo com um dermatosc\u00f3pio. Para determinar o tipo de calv\u00edcie e o estado do seu cabelo, ele poder\u00e1 remover e examinar parte do seu cabelo. Antes do transplante capilar, o m\u00e9dico efectuar\u00e1 um exame de sangue. Ele pode detectar v\u00e1rios sintomas, tais como defici\u00eancias, mas tamb\u00e9m doen\u00e7as. Com base nestes testes, o m\u00e9dico decide se o transplante capilar pode ser realizado\u201d.<\/p>\n\t\t\t\t\t\t\t\t<\/details>\n\t\t\t\t\t\t\t\t\t\t\t\t\t\t\t<details>\n\t\t\t\t\t\t\t\t\t<summary>Quantos enxertos s\u00e3o necess\u00e1rios para um transplante capilar?<\/summary>\n\t\t\t\t\t\t\t\t\t<p>A dura\u00e7\u00e3o de uma sess\u00e3o de transplante de cabelo na Turquia depende do tamanho das \u00e1reas calvas. Se apenas alguns enxertos tiverem de ser transplantados, o transplante capilar demora cerca de 4 horas. O procedimento tamb\u00e9m pode demorar at\u00e9 8 horas se forem necess\u00e1rios v\u00e1rios enxertos. Se o transplante demorar mais tempo, \u00e9 frequentemente proporcionado um intervalo para refei\u00e7\u00e3o e um curto per\u00edodo de recupera\u00e7\u00e3o.<\/p>\n\t\t\t\t\t\t\t\t<\/details>\n\t\t\t\t\t\t\t\t\t\t\t\t\t\t\t<details>\n\t\t\t\t\t\t\t\t\t<summary>Como \u00e9 realizada a anestesia para um transplante capilar?<\/summary>\n\t\t\t\t\t\t\t\t\t<p>O transplante capilar \u00e9 realizado sob anestesia local. A \u00e1rea da amostra e a \u00e1rea de transplante s\u00e3o locais anestesiados. As seringas s\u00e3o utilizadas para injectar o anest\u00e9sico. Se tiver medo da dor, pode optar pela nossa patente t\u00e9cnica sem agulha Confort\u2019In, na qual o anest\u00e9sico \u00e9 pressionado para dentro do couro cabeludo sob press\u00e3o.<\/p>\n\t\t\t\t\t\t\t\t<\/details>\n\t\t\t\t\t\t\t\t\t\t\t\t\t\t\t<details>\n\t\t\t\t\t\t\t\t\t<summary>O que fazer se tiver dores ap\u00f3s um transplante de cabelo?<\/summary>\n\t\t\t\t\t\t\t\t\t<p>Se sentir dor ap\u00f3s um transplante capilar, depende do seu sentido de dor e do curso da opera\u00e7\u00e3o. Com os novos m\u00e9todos de transplante capilar, os m\u00e9dicos est\u00e3o a tentar tornar a sua recupera\u00e7\u00e3o p\u00f3s-operat\u00f3ria t\u00e3o indolor quanto poss\u00edvel. Se sentir dor nos primeiros dias ap\u00f3s o seu transplante de cabelo na Turquia, pode usar um medicamento anti-inflamat\u00f3rio. O couro cabeludo \u00e9 sempre sens\u00edvel durante os primeiros dias ap\u00f3s a cirurgia capilar. A pele pode ficar vermelha, o que \u00e9 bastante normal\u201d.<\/p>\n\t\t\t\t\t\t\t\t<\/details>\n\t\t\t\t\t\t\t\t\t\t\t\t\t\t\t<details>\n\t\t\t\t\t\t\t\t\t<summary>Ser\u00e1 que o cabelo tem de ser rapado antes de um transplante capilar?<\/summary>\n\t\t\t\t\t\t\t\t\t<p>Uma barba \u00e9 sempre necess\u00e1ria para os seus implantes capilares. Nem todos os m\u00e9todos requerem uma depila\u00e7\u00e3o completa da cabe\u00e7a. Se os fol\u00edculos pilosos forem apenas removidos da parte de tr\u00e1s da cabe\u00e7a, \u00e9 suficiente rapar apenas a \u00e1rea a ser removida. A \u00e1rea receptora pode ent\u00e3o receber os fol\u00edculos capilares a serem transplantados.<\/p>\n\t\t\t\t\t\t\t\t<\/details>\n\t\t\t\t\t\t\t\t\t\t\t\t\t\t\t<details>\n\t\t\t\t\t\t\t\t\t<summary>Quando posso voltar ao trabalho ap\u00f3s o transplante capilar?<\/summary>\n\t\t\t\t\t\t\t\t\t<p>Se n\u00e3o tiver de fazer nenhum trabalho puramente f\u00edsico, pode voltar a ele nos dias seguintes ao seu transplante de cabelo na Turquia. Se o seu trabalho for f\u00edsico, s\u00f3 poder\u00e1 regressar ao trabalho 14 dias ap\u00f3s o seu transplante de cabelo. Se este for o seu caso, aconselhamo-lo a planear um feriado para o seu transplante capilar em conformidade. Este conselho tamb\u00e9m \u00e9 \u00fatil se puder trabalhar mas n\u00e3o quiser ser visto em p\u00fablico devido a vermelhid\u00e3o, incha\u00e7o ou crostas.<\/p>\n\t\t\t\t\t\t\t\t<\/details>\n\t\t\t\t\t\t\t\t\t\t\t\t\t\t\t\t\t\t<\/div>\n\t\t\t\t\t\t\t\t\t<div class=\"faq\">\n\t\t\t\t\t\t\t\t\t\t\t\t\t<h3>Perguntas que reagrupam as t\u00e9cnicas de transplante capilar utilizadas<\/h3>\n\t\t\t\t\t\t\t\t\t\t\t\t\t\t\t\t\t\t\t\t\t\t\t\t\t\t\t<details>\n\t\t\t\t\t\t\t\t\t<summary>Como \u00e9 feito o transplante capilar em Istambul com o m\u00e9todo DHI<\/summary>\n\t\t\t\t\t\t\t\t\t<p>O m\u00e9todo DHI \u00e9 um dos mais modernos m\u00e9todos de transplante de cabelo na Turquia. DHI significa Direct Hair Implantation (Implanta\u00e7\u00e3o Directa de Cabelo). Os fol\u00edculos capilares s\u00e3o removidos da parte de tr\u00e1s da cabe\u00e7a. Os p\u00ealos t\u00eam de ser depilados com este m\u00e9todo apenas na \u00e1rea de remo\u00e7\u00e3o. O p\u00ealo \u00e9 removido com uma agulha oca muito fina. Os locais doadores s\u00e3o muito finos e n\u00e3o t\u00eam cicatrizes. Os fol\u00edculos pilosos extra\u00eddos s\u00e3o colocados numa solu\u00e7\u00e3o nutritiva. N\u00e3o h\u00e1 perfura\u00e7\u00f5es na \u00e1rea de transplante. O cabelo \u00e9 utilizado com uma caneta Choi sob alta press\u00e3o na \u00e1rea de transplante. Este m\u00e9todo de transplante capilar tem a vantagem de n\u00e3o deixar cicatrizes e que a cicatriza\u00e7\u00e3o ocorre no prazo de dez dias. Como o cabelo \u00e9 utilizado na direc\u00e7\u00e3o do crescimento e sem cortes, \u00e9 garantido um resultado natural e uma alta densidade de cabelo.<\/p>\n\t\t\t\t\t\t\t\t<\/details>\n\t\t\t\t\t\t\t\t\t\t\t\t\t\t\t<details>\n\t\t\t\t\t\t\t\t\t<summary>Como \u00e9 realizado o m\u00e9todo FUE de transplante capilar?<\/summary>\n\t\t\t\t\t\t\t\t\t<p>O m\u00e9todo de transplante capilar FUE (Extrac\u00e7\u00e3o de Unidade Folicular) \u00e9 o que usamos com mais frequ\u00eancia. Esta t\u00e9cnica requer a depila\u00e7\u00e3o da cabe\u00e7a. Os enxertos s\u00e3o retirados da \u00e1rea doadora, especialmente da parte de tr\u00e1s da cabe\u00e7a, mas tamb\u00e9m dos lados, com uma agulha oca. Estes enxertos consistem em um ou mais fol\u00edculos capilares. Antes da implanta\u00e7\u00e3o, os fol\u00edculos capilares devem ser armazenados numa solu\u00e7\u00e3o nutritiva. Na \u00e1rea de transplante, os canais da raiz do cabelo devem ser alargados para acomodar os enxertos. N\u00e3o h\u00e1 cicatrizes na \u00e1rea doadora porque os pontos de remo\u00e7\u00e3o s\u00e3o muito pequenos e, portanto, n\u00e3o t\u00eam de ser suturados.<\/p>\n\t\t\t\t\t\t\t\t<\/details>\n\t\t\t\t\t\t\t\t\t\t\t\t\t\t\t\t\t\t<\/div>\n\t\t\t\t\t\t\t<\/div>\n\t\t\n\t\t\t<\/div>\n<\/section>\n\n","protected":false},"excerpt":{"rendered":"","protected":false},"author":1,"featured_media":0,"parent":0,"menu_order":0,"comment_status":"closed","ping_status":"closed","template":"","meta":{"_acf_changed":false,"_yoast_wpseo_focuskw":"","_yoast_wpseo_title":"FAQ - FUE Hair Transplant na Turquia | Elithair","_yoast_wpseo_metadesc":"FAQ - As perguntas mais comuns Transplante do cabelo","_yoast_wpseo_meta-robots-noindex":"","_yoast_wpseo_meta-robots-nofollow":"","_yoast_wpseo_meta-robots-adv":"","_yoast_wpseo_canonical":"https:\/\/elithair.com\/pt\/faq\/","_yoast_wpseo_opengraph-title":"FAQ","_yoast_wpseo_opengraph-description":"FAQ - As perguntas mais comuns Transplante do cabelo","_yoast_wpseo_opengraph-image":"https:\/\/elithair.com\/pt\/wp-content\/uploads\/sites\/7\/2026\/05\/faq.png","_yoast_wpseo_twitter-title":"","_yoast_wpseo_twitter-description":"","_yoast_wpseo_twitter-image":"https:\/\/elithair.com\/pt\/wp-content\/uploads\/sites\/7\/2026\/05\/faq.png","_hm_hreflang_map":{"en":94974,"de":61,"uk":741,"es":89300,"it":20,"pt":22,"fr":27,"x_default":94974},"_hm_language_code":"pt","footnotes":""},"class_list":["post-22","page","type-page","status-publish","hentry"],"acf":[],"yoast_head":"<!-- This site is optimized with the Yoast SEO Premium plugin v27.5 (Yoast SEO v27.5) - https:\/\/yoast.com\/product\/yoast-seo-premium-wordpress\/ -->\n<title>FAQ - FUE Hair Transplant na Turquia | Elithair<\/title>\n<meta name=\"description\" content=\"FAQ - As perguntas mais comuns Transplante do cabelo\" \/>\n<meta name=\"robots\" content=\"index, follow, max-snippet:-1, max-image-preview:large, max-video-preview:-1\" \/>\n<link rel=\"canonical\" href=\"https:\/\/elithair.com\/pt\/faq\/\" \/>\n<meta property=\"og:locale\" content=\"pt_PT\" \/>\n<meta property=\"og:type\" content=\"article\" \/>\n<meta property=\"og:title\" content=\"FAQ\" \/>\n<meta property=\"og:description\" content=\"FAQ - As perguntas mais comuns Transplante do cabelo\" \/>\n<meta property=\"og:url\" content=\"https:\/\/elithair.com\/pt\/faq\/\" \/>\n<meta property=\"og:site_name\" content=\"Elithair PT\" \/>\n<meta property=\"article:modified_time\" content=\"2026-05-03T12:02:15+00:00\" \/>\n<meta property=\"og:image\" content=\"https:\/\/elithair.com\/pt\/wp-content\/uploads\/sites\/7\/2026\/05\/faq.png\" \/>\n<meta name=\"twitter:card\" content=\"summary_large_image\" \/>\n<meta name=\"twitter:title\" content=\"FAQ\" \/>\n<meta name=\"twitter:image\" content=\"https:\/\/elithair.com\/pt\/wp-content\/uploads\/sites\/7\/2026\/05\/faq.png\" \/>\n<script type=\"application\/ld+json\" class=\"yoast-schema-graph\">{\"@context\":\"https:\\\/\\\/schema.org\",\"@graph\":[{\"@type\":\"WebPage\",\"@id\":\"https:\\\/\\\/elithair.com\\\/pt\\\/faq\\\/\",\"url\":\"https:\\\/\\\/elithair.com\\\/pt\\\/faq\\\/\",\"name\":\"FAQ - FUE Hair Transplant na Turquia | Elithair\",\"isPartOf\":{\"@id\":\"https:\\\/\\\/elithair.com\\\/pt\\\/#website\"},\"datePublished\":\"2026-04-11T15:27:39+00:00\",\"dateModified\":\"2026-05-03T12:02:15+00:00\",\"description\":\"FAQ - As perguntas mais comuns Transplante do cabelo\",\"breadcrumb\":{\"@id\":\"https:\\\/\\\/elithair.com\\\/pt\\\/faq\\\/#breadcrumb\"},\"inLanguage\":\"pt-PT\",\"potentialAction\":[{\"@type\":\"ReadAction\",\"target\":[\"https:\\\/\\\/elithair.com\\\/pt\\\/faq\\\/\"]}]},{\"@type\":\"BreadcrumbList\",\"@id\":\"https:\\\/\\\/elithair.com\\\/pt\\\/faq\\\/#breadcrumb\",\"itemListElement\":[{\"@type\":\"ListItem\",\"position\":1,\"name\":\"Home\",\"item\":\"https:\\\/\\\/elithair.com\\\/pt\\\/\"},{\"@type\":\"ListItem\",\"position\":2,\"name\":\"FAQ\"}]},{\"@type\":\"WebSite\",\"@id\":\"https:\\\/\\\/elithair.com\\\/pt\\\/#website\",\"url\":\"https:\\\/\\\/elithair.com\\\/pt\\\/\",\"name\":\"Elithair\",\"description\":\"\",\"alternateName\":\"a melhor cl\u00ednica de transplante capilar na Turquia\",\"potentialAction\":[{\"@type\":\"SearchAction\",\"target\":{\"@type\":\"EntryPoint\",\"urlTemplate\":\"https:\\\/\\\/elithair.com\\\/pt\\\/?s={search_term_string}\"},\"query-input\":{\"@type\":\"PropertyValueSpecification\",\"valueRequired\":true,\"valueName\":\"search_term_string\"}}],\"inLanguage\":\"pt-PT\"}]}<\/script>\n<!-- \/ Yoast SEO Premium plugin. -->","yoast_head_json":{"title":"FAQ - FUE Hair Transplant na Turquia | Elithair","description":"FAQ - As perguntas mais comuns Transplante do cabelo","robots":{"index":"index","follow":"follow","max-snippet":"max-snippet:-1","max-image-preview":"max-image-preview:large","max-video-preview":"max-video-preview:-1"},"canonical":"https:\/\/elithair.com\/pt\/faq\/","og_locale":"pt_PT","og_type":"article","og_title":"FAQ","og_description":"FAQ - As perguntas mais comuns Transplante do cabelo","og_url":"https:\/\/elithair.com\/pt\/faq\/","og_site_name":"Elithair PT","article_modified_time":"2026-05-03T12:02:15+00:00","og_image":[{"url":"https:\/\/elithair.com\/pt\/wp-content\/uploads\/sites\/7\/2026\/05\/faq.png","type":"","width":"","height":""}],"twitter_card":"summary_large_image","twitter_title":"FAQ","twitter_image":"https:\/\/elithair.com\/pt\/wp-content\/uploads\/sites\/7\/2026\/05\/faq.png","schema":{"@context":"https:\/\/schema.org","@graph":[{"@type":"WebPage","@id":"https:\/\/elithair.com\/pt\/faq\/","url":"https:\/\/elithair.com\/pt\/faq\/","name":"FAQ - FUE Hair Transplant na Turquia | Elithair","isPartOf":{"@id":"https:\/\/elithair.com\/pt\/#website"},"datePublished":"2026-04-11T15:27:39+00:00","dateModified":"2026-05-03T12:02:15+00:00","description":"FAQ - As perguntas mais comuns Transplante do cabelo","breadcrumb":{"@id":"https:\/\/elithair.com\/pt\/faq\/#breadcrumb"},"inLanguage":"pt-PT","potentialAction":[{"@type":"ReadAction","target":["https:\/\/elithair.com\/pt\/faq\/"]}]},{"@type":"BreadcrumbList","@id":"https:\/\/elithair.com\/pt\/faq\/#breadcrumb","itemListElement":[{"@type":"ListItem","position":1,"name":"Home","item":"https:\/\/elithair.com\/pt\/"},{"@type":"ListItem","position":2,"name":"FAQ"}]},{"@type":"WebSite","@id":"https:\/\/elithair.com\/pt\/#website","url":"https:\/\/elithair.com\/pt\/","name":"Elithair","description":"","alternateName":"a melhor cl\u00ednica de transplante capilar na Turquia","potentialAction":[{"@type":"SearchAction","target":{"@type":"EntryPoint","urlTemplate":"https:\/\/elithair.com\/pt\/?s={search_term_string}"},"query-input":{"@type":"PropertyValueSpecification","valueRequired":true,"valueName":"search_term_string"}}],"inLanguage":"pt-PT"}]}},"jetpack_sharing_enabled":true,"_links":{"self":[{"href":"https:\/\/elithair.com\/pt\/wp-json\/wp\/v2\/pages\/22","targetHints":{"allow":["GET"]}}],"collection":[{"href":"https:\/\/elithair.com\/pt\/wp-json\/wp\/v2\/pages"}],"about":[{"href":"https:\/\/elithair.com\/pt\/wp-json\/wp\/v2\/types\/page"}],"author":[{"embeddable":true,"href":"https:\/\/elithair.com\/pt\/wp-json\/wp\/v2\/users\/1"}],"replies":[{"embeddable":true,"href":"https:\/\/elithair.com\/pt\/wp-json\/wp\/v2\/comments?post=22"}],"version-history":[{"count":7,"href":"https:\/\/elithair.com\/pt\/wp-json\/wp\/v2\/pages\/22\/revisions"}],"predecessor-version":[{"id":89156,"href":"https:\/\/elithair.com\/pt\/wp-json\/wp\/v2\/pages\/22\/revisions\/89156"}],"wp:attachment":[{"href":"https:\/\/elithair.com\/pt\/wp-json\/wp\/v2\/media?parent=22"}],"curies":[{"name":"wp","href":"https:\/\/api.w.org\/{rel}","templated":true}]}}