{"id":12,"date":"2026-04-11T15:27:34","date_gmt":"2026-04-11T15:27:34","guid":{"rendered":"https:\/\/unified.elitexperiments.com\/pt\/tratamento-capilar-prp\/"},"modified":"2026-05-03T11:59:55","modified_gmt":"2026-05-03T11:59:55","slug":"tratamento-capilar-prp","status":"publish","type":"page","link":"https:\/\/elithair.com\/pt\/tratamento-capilar-prp\/","title":{"rendered":"Tratamento PRP"},"content":{"rendered":"<section class=\"wp-block-elh-main-hero main-hero dark-layout has-top-right-circle\">\n\t<div class=\"main-hero__container container\">\n\t\t\t\t\t<header class=\"main-hero__header\">\t\t\t\t\n\t\t\t\t<h1>\t\t\t\t\tTratamento PRP\t\t\t\t<\/h1>\t\t\t<\/header>\n\t\t\n\t\t\t\t\t<div class=\"main-hero__content\">\n\t\t\t\t<p><strong>Elithair \u00e9 a cl\u00ednica l\u00edder em transplante e restaura\u00e7\u00e3o capilar, incluindo PRP.<\/strong><\/p>\n<p>No nosso blog sobre transplantes capilares, partilhamos os nossos conhecimentos especializados sobre o tema da queda de cabelo. Aqui, poder\u00e1 encontrar as nossas principais dicas e conselhos de especialistas sobre transplante e restaura\u00e7\u00e3o capilar.<\/p>\n\t\t\t<\/div>\n\t\t\n\t\t\t\t\t<div class=\"main-hero__media\">\n\t\t\t\t<img decoding=\"async\" width=\"950\" height=\"749\" src=\"https:\/\/elithair.com\/pt\/wp-content\/uploads\/sites\/7\/2026\/04\/Dr-Balwi-Especialista-Transplante-Capilar.webp\" class=\"hero-image\" alt=\"Dr. Balwi \u2013 Especialista em transplante capilar na Elithair\" loading=\"eager\" fetchpriority=\"high\" sizes=\"(max-width: 767px) 40vw, (max-width: 1023px) 23vw, 25vw\" srcset=\"https:\/\/elithair.com\/pt\/wp-content\/uploads\/sites\/7\/2026\/04\/Dr-Balwi-Especialista-Transplante-Capilar.webp 950w, https:\/\/elithair.com\/pt\/wp-content\/uploads\/sites\/7\/2026\/04\/Dr-Balwi-Especialista-Transplante-Capilar-300x237.webp 300w, https:\/\/elithair.com\/pt\/wp-content\/uploads\/sites\/7\/2026\/04\/Dr-Balwi-Especialista-Transplante-Capilar-768x606.webp 768w\" \/>\t\t\t<\/div>\n\t\t\t\t\t\t\t<div class=\"main-hero__btn-list btn-list\">\n\t\t\t\t\t\t\t\t<div class=\"btn-item\">\n\t\t\t\t\t<a\n\t\t\t\t\t\thref=\"https:\/\/elithair.com\/pt\/analise-capilar\/\"\t\t\t\t\t\tclass=\"btn\"\n\t\t\t\t\t>\n\t\t\t\t\t\tAnal\u00edse capilar gratuita\t\t\t\t\t<\/a>\n\t\t\t\t<\/div>\n\t\t\t\t\t\t\t\t\t\t\t<\/div>\n\t\t\t<\/div>\n\t\t\n\t<\/section>\n\n\n<section class=\"wp-block-elh-content-media content-media layout-simple bg-grey\">\n\t<div class=\"content-media__container container\">\n\t\t\t\t\t<header class=\"content-media__header\">\n\t\t\t\t\t\t\t\t\t<h2>\t\t\t\t\t\tCombine o tratamento PRP com o seu transplante capilar\t\t\t\t\t<\/h2>\t\t\t\t\t\t\t\t\t\t\t<\/header>\n\t\t\n\t\t\t\t\t<div class=\"content-media__media hide-shadow\">\n\t\t\t\t<figure class=\"fig-deep-blue-bg full-width-figure\"><img decoding=\"async\" width=\"1\" height=\"1\" src=\"https:\/\/elithair.com\/pt\/wp-content\/uploads\/sites\/7\/2026\/04\/grafico-tratamento-prp-elithair.svg\" class=\"attachment-large size-large\" alt=\"Gr\u00e1fico de tratamento PRP em Elithair\" loading=\"lazy\" \/><\/figure>\t\t\t<\/div>\n\t\t\t\t\t\t<div class=\"content-media__content\">\n\t\t\t<p>O nosso pr\u00f3prio corpo tem os melhores m\u00e9todos, bem como ingredientes activos para controlar v\u00e1rias doen\u00e7as e envelhecimento. A arte \u00e9 simplesmente isolar os princ\u00edpios ativos para fins espec\u00edficos e torn\u00e1-los utiliz\u00e1veis.<\/p>\n<p>O tratamento PRP \u00e9 o complemento perfeito para o seu transplante capilar, porque pode utilizar a vitalidade do corpo para melhores resultados. Esta terapia gira em torno do seu sangue, especificamente o Plasma Rico em Plaquetas. Este plasma est\u00e1 altamente concentrado nas prote\u00ednas do sangue e plaquetas, sendo assim a base para um not\u00e1vel rejuvenescimento e regenera\u00e7\u00e3o celular.<\/p>\n\t\t<\/div>\n\t\t\n\t\t\n\t\t\t\t\t<div class=\"content-media__btn-list btn-list\">\n\t\t\t\t<div class=\"btn-item\">\n\t\t\t\t\t<a\n\t\t\t\t\t\tclass=\"btn\"\n\t\t\t\t\t\thref=\"https:\/\/elithair.com\/pt\/analise-capilar\/\"\t\t\t\t\t>Anal\u00edse capilar gratuita<\/a>\n\t\t\t\t<\/div>\n\t\t\t<\/div>\n\t\t\t<\/div>\n<\/section>\n\n\n<section class=\"wp-block-elh-content-media content-media layout-simple right-media styled-ul custom-icon none bg-secondary dark-layout\" style=\"--custom-icon: url(&#039;https:\/\/elithair.com\/pt\/wp-content\/uploads\/sites\/7\/2026\/04\/blue-check.svg&#039;)\">\n\t<div class=\"content-media__container container\">\n\t\t\t\t\t<header class=\"content-media__header\">\n\t\t\t\t\t\t\t\t\t<h2>\t\t\t\t\t\t3 benef\u00edcios significativos do tratamento PRP\t\t\t\t\t<\/h2>\t\t\t\t\t\t\t\t\t\t\t<\/header>\n\t\t\n\t\t\t\t\t<div class=\"content-media__media hide-shadow\">\n\t\t\t\t<figure><img decoding=\"async\" width=\"549\" height=\"774\" src=\"https:\/\/elithair.com\/pt\/wp-content\/uploads\/sites\/7\/2026\/04\/prp-therapie.webp\" class=\"attachment-large size-large\" alt=\"prp-therapie\" loading=\"lazy\" srcset=\"https:\/\/elithair.com\/pt\/wp-content\/uploads\/sites\/7\/2026\/04\/prp-therapie.webp 549w, https:\/\/elithair.com\/pt\/wp-content\/uploads\/sites\/7\/2026\/04\/prp-therapie-213x300.webp 213w\" sizes=\"auto, (max-width: 549px) 100vw, 549px\" \/><\/figure>\t\t\t<\/div>\n\t\t\t\t\t\t<div class=\"content-media__content\">\n\t\t\t<p>Leva algum tempo at\u00e9 que os cabelos da zona doadora sejam transplantados para a \u00e1rea receptora. A manuten\u00e7\u00e3o da viabilidade dos fol\u00edculos capilares neste per\u00edodo \u00e9 importante, assim, os fol\u00edculos extra\u00eddos s\u00e3o armazenados e mantidos frescos num l\u00edquido especialmente preparado.<\/p>\n<ul>\n<li>Aumentar a viabilidade dos fol\u00edculos capilares ap\u00f3s um transplante capilar (FUE com PRP)<\/li>\n<li>Recupera\u00e7\u00e3o mais r\u00e1pida ap\u00f3s o transplante capilar<\/li>\n<li>Vitaliza\u00e7\u00e3o e estimula\u00e7\u00e3o dos fol\u00edculos capilares transplantados ap\u00f3s um transplante capilar<\/li>\n<\/ul>\n<p>Num novo processo, o PRP \u00e9 adicionado ao l\u00edquido de armazenamento, podendo o efeito positivo ser visto imediatamente. Uma injec\u00e7\u00e3o de PRP tem um efeito positivo na viabilidade dos fol\u00edculos capilares, acelera a cicatriza\u00e7\u00e3o da ferida e estimula os fol\u00edculos capilares para um crescimento melhor e mais r\u00e1pido do cabelo.<\/p>\n\t\t<\/div>\n\t\t\n\t\t\n\t\t\t<\/div>\n<\/section>\n\n\n<section class=\"wp-block-elh-content-media content-media layout-simple styled-ul ul-default ul-default-box bg-grey\">\n\t<div class=\"content-media__container container\">\n\t\t\t\t\t<header class=\"content-media__header\">\n\t\t\t\t\t\t\t\t\t<h2>\t\t\t\t\t\tTratamento PRP para resultados melhorados nos transplantes capilares\t\t\t\t\t<\/h2>\t\t\t\t\t\t\t\t\t\t\t<\/header>\n\t\t\n\t\t\t\t\t<div class=\"content-media__media hide-shadow\">\n\t\t\t\t<figure><img decoding=\"async\" width=\"600\" height=\"524\" src=\"https:\/\/elithair.com\/pt\/wp-content\/uploads\/sites\/7\/2026\/04\/ventajas-del-tratamiento-PRP-2.webp\" class=\"attachment-large size-large\" alt=\"ventajas-del-tratamiento-PRP-2\" loading=\"lazy\" srcset=\"https:\/\/elithair.com\/pt\/wp-content\/uploads\/sites\/7\/2026\/04\/ventajas-del-tratamiento-PRP-2.webp 600w, https:\/\/elithair.com\/pt\/wp-content\/uploads\/sites\/7\/2026\/04\/ventajas-del-tratamiento-PRP-2-300x262.webp 300w\" sizes=\"auto, (max-width: 600px) 100vw, 600px\" \/><\/figure>\t\t\t<\/div>\n\t\t\t\t\t\t<div class=\"content-media__content\">\n\t\t\t<p>No caso de transplantes capilares, estamos especificamente preocupados com a separa\u00e7\u00e3o de plaquetas e leuc\u00f3citos. As plaquetas s\u00e3o (para os nossos fins) o valioso ingrediente activo, e injectamos cobertura nas \u00e1reas calvas. As plaquetas que transportam o factor de amplia\u00e7\u00e3o do sangue s\u00e3o drasticamente reduzidas, por um activador de RNA, a uma ferramenta altamente eficiente contra a queda de cabelo e, ao mesmo tempo, aumenta significativamente a qualidade do cabelo. A renova\u00e7\u00e3o do tecido em torno da raiz do cabelo acelerou e melhorou massivamente.<\/p>\n<p>As consequ\u00eancias s\u00e3o cabelos de crescimento r\u00e1pido com maior for\u00e7a. O tratamento PRP tem, comparativamente a todas as alternativas convencionais, uma caracter\u00edstica muito \u00fanica para si. N\u00e3o existem efeitos secund\u00e1rios ou reac\u00e7\u00f5es al\u00e9rgicas, uma vez que a base do medicamento \u00e9 o seu pr\u00f3prio sangue, e portanto o sangue do corpo familiar.<\/p>\n\t\t<\/div>\n\t\t\n\t\t\n\t\t\t\t\t<div class=\"content-media__btn-list btn-list\">\n\t\t\t\t<div class=\"btn-item\">\n\t\t\t\t\t<a\n\t\t\t\t\t\tclass=\"btn\"\n\t\t\t\t\t\thref=\"https:\/\/elithair.com\/pt\/analise-capilar\/\"\t\t\t\t\t>An\u00e1lisis capilar gratuita<\/a>\n\t\t\t\t<\/div>\n\t\t\t<\/div>\n\t\t\t<\/div>\n<\/section>\n\n\n<section class=\"wp-block-elh-content-media content-media layout-simple right-media styled-ul custom-icon none bg-radial-dark dark-layout\" style=\"--custom-icon: url(&#039;https:\/\/elithair.com\/pt\/wp-content\/uploads\/sites\/7\/2026\/04\/blue-check.svg&#039;)\">\n\t<div class=\"content-media__container container\">\n\t\t\t\t\t<header class=\"content-media__header\">\n\t\t\t\t\t\t\t\t\t<h2>\t\t\t\t\t\tO que fazer antes e depois do tratamento capilar com PRP\t\t\t\t\t<\/h2>\t\t\t\t\t\t\t\t\t\t\t<\/header>\n\t\t\n\t\t\t\t\t<div class=\"content-media__media\">\n\t\t\t\t<figure><img decoding=\"async\" width=\"549\" height=\"774\" src=\"https:\/\/elithair.com\/pt\/wp-content\/uploads\/sites\/7\/2026\/04\/prp-therapie-1.webp\" class=\"attachment-large size-large\" alt=\"prp-therapie\" loading=\"lazy\" srcset=\"https:\/\/elithair.com\/pt\/wp-content\/uploads\/sites\/7\/2026\/04\/prp-therapie-1.webp 549w, https:\/\/elithair.com\/pt\/wp-content\/uploads\/sites\/7\/2026\/04\/prp-therapie-1-213x300.webp 213w\" sizes=\"auto, (max-width: 549px) 100vw, 549px\" \/><\/figure>\t\t\t<\/div>\n\t\t\t\t\t\t<div class=\"content-media__content\">\n\t\t\t<p>Como em qualquer procedimento m\u00e9dico, \u00e9 importante ter em conta algumas considera\u00e7\u00f5es antes e depois do tratamento com plasma rico em plaquetas.<\/p>\n<h3>Antes do PRP<\/h3>\n<ul>\n<li>N\u00e3o consumir anticoagulantes ou \u00e1lcool pelo menos 3 dias antes do tratamento.<\/li>\n<li>Evitar a nicotina e a cafe\u00edna na v\u00e9spera do procedimento.<\/li>\n<li>Coma e beba o suficiente no dia do tratamento.<\/li>\n<\/ul>\n<p>Em caso de doen\u00e7a auto-imune, tumores ou gravidez, informar imediatamente o especialista.<\/p>\n<h3>Depois do PRP<\/h3>\n<ul>\n<li>Sem desportos radicais, nata\u00e7\u00e3o ou sauna durante 2 dias.<\/li>\n<\/ul>\n<p>Para quaisquer outras quest\u00f5es sobre este tratamento ou o procedimento de transplante capilar, n\u00e3o hesite em contactar a equipa da Elithair.<\/p>\n\t\t<\/div>\n\t\t\n\t\t\n\t\t\t<\/div>\n<\/section>\n","protected":false},"excerpt":{"rendered":"","protected":false},"author":1,"featured_media":0,"parent":0,"menu_order":0,"comment_status":"closed","ping_status":"closed","template":"","meta":{"_acf_changed":false,"_yoast_wpseo_focuskw":"","_yoast_wpseo_title":"Tratamento Capilar PRP | Elithairtransplant","_yoast_wpseo_metadesc":"O PRP no Transplante Capilar baseia-se na utiliza\u00e7\u00e3o da energia do pr\u00f3prio corpo para o alcance de melhores resultados \u27a4 Informe-se aqui!","_yoast_wpseo_meta-robots-noindex":"","_yoast_wpseo_meta-robots-nofollow":"","_yoast_wpseo_meta-robots-adv":"","_yoast_wpseo_canonical":"https:\/\/elithair.com\/pt\/tratamento-capilar-prp\/","_yoast_wpseo_opengraph-title":"Tratamento PRP","_yoast_wpseo_opengraph-description":"O PRP no Transplante Capilar baseia-se na utiliza\u00e7\u00e3o da energia do pr\u00f3prio corpo para o alcance de melhores resultados \u27a4 Informe-se aqui!","_yoast_wpseo_opengraph-image":"https:\/\/elithair.com\/pt\/wp-content\/uploads\/sites\/7\/2026\/05\/tratamento-capilar-prp.png","_yoast_wpseo_twitter-title":"","_yoast_wpseo_twitter-description":"","_yoast_wpseo_twitter-image":"https:\/\/elithair.com\/pt\/wp-content\/uploads\/sites\/7\/2026\/05\/tratamento-capilar-prp.png","_hm_hreflang_map":{"uk":752,"es":89290,"it":29,"pt":12,"fr":20,"x_default":752},"_hm_language_code":"pt","footnotes":""},"class_list":["post-12","page","type-page","status-publish","hentry"],"acf":[],"yoast_head":"<!-- This site is optimized with the Yoast SEO Premium plugin v27.5 (Yoast SEO v27.5) - https:\/\/yoast.com\/product\/yoast-seo-premium-wordpress\/ -->\n<title>Tratamento Capilar PRP | Elithairtransplant<\/title>\n<meta name=\"description\" content=\"O PRP no Transplante Capilar baseia-se na utiliza\u00e7\u00e3o da energia do pr\u00f3prio corpo para o alcance de melhores resultados \u27a4 Informe-se aqui!\" \/>\n<meta name=\"robots\" content=\"index, follow, max-snippet:-1, max-image-preview:large, max-video-preview:-1\" \/>\n<link rel=\"canonical\" href=\"https:\/\/elithair.com\/pt\/tratamento-capilar-prp\/\" \/>\n<meta property=\"og:locale\" content=\"pt_PT\" \/>\n<meta property=\"og:type\" content=\"article\" \/>\n<meta property=\"og:title\" content=\"Tratamento PRP\" \/>\n<meta property=\"og:description\" content=\"O PRP no Transplante Capilar baseia-se na utiliza\u00e7\u00e3o da energia do pr\u00f3prio corpo para o alcance de melhores resultados \u27a4 Informe-se aqui!\" \/>\n<meta property=\"og:url\" content=\"https:\/\/elithair.com\/pt\/tratamento-capilar-prp\/\" \/>\n<meta property=\"og:site_name\" content=\"Elithair PT\" \/>\n<meta property=\"article:modified_time\" content=\"2026-05-03T11:59:55+00:00\" \/>\n<meta property=\"og:image\" content=\"https:\/\/elithair.com\/pt\/wp-content\/uploads\/sites\/7\/2026\/05\/tratamento-capilar-prp.png\" \/>\n<meta name=\"twitter:card\" content=\"summary_large_image\" \/>\n<meta name=\"twitter:title\" content=\"Tratamento PRP\" \/>\n<meta name=\"twitter:image\" content=\"https:\/\/elithair.com\/pt\/wp-content\/uploads\/sites\/7\/2026\/05\/tratamento-capilar-prp.png\" \/>\n<script type=\"application\/ld+json\" class=\"yoast-schema-graph\">{\"@context\":\"https:\\\/\\\/schema.org\",\"@graph\":[{\"@type\":\"WebPage\",\"@id\":\"https:\\\/\\\/elithair.com\\\/pt\\\/tratamento-capilar-prp\\\/\",\"url\":\"https:\\\/\\\/elithair.com\\\/pt\\\/tratamento-capilar-prp\\\/\",\"name\":\"Tratamento Capilar PRP | Elithairtransplant\",\"isPartOf\":{\"@id\":\"https:\\\/\\\/elithair.com\\\/pt\\\/#website\"},\"datePublished\":\"2026-04-11T15:27:34+00:00\",\"dateModified\":\"2026-05-03T11:59:55+00:00\",\"description\":\"O PRP no Transplante Capilar baseia-se na utiliza\u00e7\u00e3o da energia do pr\u00f3prio corpo para o alcance de melhores resultados \u27a4 Informe-se aqui!\",\"breadcrumb\":{\"@id\":\"https:\\\/\\\/elithair.com\\\/pt\\\/tratamento-capilar-prp\\\/#breadcrumb\"},\"inLanguage\":\"pt-PT\",\"potentialAction\":[{\"@type\":\"ReadAction\",\"target\":[\"https:\\\/\\\/elithair.com\\\/pt\\\/tratamento-capilar-prp\\\/\"]}]},{\"@type\":\"BreadcrumbList\",\"@id\":\"https:\\\/\\\/elithair.com\\\/pt\\\/tratamento-capilar-prp\\\/#breadcrumb\",\"itemListElement\":[{\"@type\":\"ListItem\",\"position\":1,\"name\":\"Home\",\"item\":\"https:\\\/\\\/elithair.com\\\/pt\\\/\"},{\"@type\":\"ListItem\",\"position\":2,\"name\":\"Tratamento PRP\"}]},{\"@type\":\"WebSite\",\"@id\":\"https:\\\/\\\/elithair.com\\\/pt\\\/#website\",\"url\":\"https:\\\/\\\/elithair.com\\\/pt\\\/\",\"name\":\"Elithair\",\"description\":\"\",\"alternateName\":\"a melhor cl\u00ednica de transplante capilar na Turquia\",\"potentialAction\":[{\"@type\":\"SearchAction\",\"target\":{\"@type\":\"EntryPoint\",\"urlTemplate\":\"https:\\\/\\\/elithair.com\\\/pt\\\/?s={search_term_string}\"},\"query-input\":{\"@type\":\"PropertyValueSpecification\",\"valueRequired\":true,\"valueName\":\"search_term_string\"}}],\"inLanguage\":\"pt-PT\"}]}<\/script>\n<!-- \/ Yoast SEO Premium plugin. -->","yoast_head_json":{"title":"Tratamento Capilar PRP | Elithairtransplant","description":"O PRP no Transplante Capilar baseia-se na utiliza\u00e7\u00e3o da energia do pr\u00f3prio corpo para o alcance de melhores resultados \u27a4 Informe-se aqui!","robots":{"index":"index","follow":"follow","max-snippet":"max-snippet:-1","max-image-preview":"max-image-preview:large","max-video-preview":"max-video-preview:-1"},"canonical":"https:\/\/elithair.com\/pt\/tratamento-capilar-prp\/","og_locale":"pt_PT","og_type":"article","og_title":"Tratamento PRP","og_description":"O PRP no Transplante Capilar baseia-se na utiliza\u00e7\u00e3o da energia do pr\u00f3prio corpo para o alcance de melhores resultados \u27a4 Informe-se aqui!","og_url":"https:\/\/elithair.com\/pt\/tratamento-capilar-prp\/","og_site_name":"Elithair PT","article_modified_time":"2026-05-03T11:59:55+00:00","og_image":[{"url":"https:\/\/elithair.com\/pt\/wp-content\/uploads\/sites\/7\/2026\/05\/tratamento-capilar-prp.png","type":"","width":"","height":""}],"twitter_card":"summary_large_image","twitter_title":"Tratamento PRP","twitter_image":"https:\/\/elithair.com\/pt\/wp-content\/uploads\/sites\/7\/2026\/05\/tratamento-capilar-prp.png","schema":{"@context":"https:\/\/schema.org","@graph":[{"@type":"WebPage","@id":"https:\/\/elithair.com\/pt\/tratamento-capilar-prp\/","url":"https:\/\/elithair.com\/pt\/tratamento-capilar-prp\/","name":"Tratamento Capilar PRP | Elithairtransplant","isPartOf":{"@id":"https:\/\/elithair.com\/pt\/#website"},"datePublished":"2026-04-11T15:27:34+00:00","dateModified":"2026-05-03T11:59:55+00:00","description":"O PRP no Transplante Capilar baseia-se na utiliza\u00e7\u00e3o da energia do pr\u00f3prio corpo para o alcance de melhores resultados \u27a4 Informe-se aqui!","breadcrumb":{"@id":"https:\/\/elithair.com\/pt\/tratamento-capilar-prp\/#breadcrumb"},"inLanguage":"pt-PT","potentialAction":[{"@type":"ReadAction","target":["https:\/\/elithair.com\/pt\/tratamento-capilar-prp\/"]}]},{"@type":"BreadcrumbList","@id":"https:\/\/elithair.com\/pt\/tratamento-capilar-prp\/#breadcrumb","itemListElement":[{"@type":"ListItem","position":1,"name":"Home","item":"https:\/\/elithair.com\/pt\/"},{"@type":"ListItem","position":2,"name":"Tratamento PRP"}]},{"@type":"WebSite","@id":"https:\/\/elithair.com\/pt\/#website","url":"https:\/\/elithair.com\/pt\/","name":"Elithair","description":"","alternateName":"a melhor cl\u00ednica de transplante capilar na Turquia","potentialAction":[{"@type":"SearchAction","target":{"@type":"EntryPoint","urlTemplate":"https:\/\/elithair.com\/pt\/?s={search_term_string}"},"query-input":{"@type":"PropertyValueSpecification","valueRequired":true,"valueName":"search_term_string"}}],"inLanguage":"pt-PT"}]}},"jetpack_sharing_enabled":true,"_links":{"self":[{"href":"https:\/\/elithair.com\/pt\/wp-json\/wp\/v2\/pages\/12","targetHints":{"allow":["GET"]}}],"collection":[{"href":"https:\/\/elithair.com\/pt\/wp-json\/wp\/v2\/pages"}],"about":[{"href":"https:\/\/elithair.com\/pt\/wp-json\/wp\/v2\/types\/page"}],"author":[{"embeddable":true,"href":"https:\/\/elithair.com\/pt\/wp-json\/wp\/v2\/users\/1"}],"replies":[{"embeddable":true,"href":"https:\/\/elithair.com\/pt\/wp-json\/wp\/v2\/comments?post=12"}],"version-history":[{"count":9,"href":"https:\/\/elithair.com\/pt\/wp-json\/wp\/v2\/pages\/12\/revisions"}],"predecessor-version":[{"id":89120,"href":"https:\/\/elithair.com\/pt\/wp-json\/wp\/v2\/pages\/12\/revisions\/89120"}],"wp:attachment":[{"href":"https:\/\/elithair.com\/pt\/wp-json\/wp\/v2\/media?parent=12"}],"curies":[{"name":"wp","href":"https:\/\/api.w.org\/{rel}","templated":true}]}}