{"id":29,"date":"2026-04-11T15:30:17","date_gmt":"2026-04-11T15:30:17","guid":{"rendered":"https:\/\/unified.elitexperiments.com\/it\/trattamento-prp\/"},"modified":"2026-05-03T11:56:15","modified_gmt":"2026-05-03T11:56:15","slug":"trattamento-prp","status":"publish","type":"page","link":"https:\/\/elithair.com\/it\/trattamento-prp\/","title":{"rendered":"Trattamento PRP"},"content":{"rendered":"<section class=\"wp-block-elh-main-hero main-hero dark-layout has-top-right-circle\">\n\t<div class=\"main-hero__container container\">\n\t\t\t\t\t<header class=\"main-hero__header\">\t\t\t\t\n\t\t\t\t<h1>\t\t\t\t\tTrattamento <strong>PRP<\/strong>\t\t\t\t<\/h1>\t\t\t<\/header>\n\t\t\n\t\t\t\t\t<div class=\"main-hero__content\">\n\t\t\t\t<p>Grazie al trattamento PRP, potrai esaudire il tuo desiderio di avere dei capelli folti e sani. I nostri esperti utilizzano il vampire lifting per migliorare notevolmente i risultati del tuo trapianto di capelli.<\/p>\n<p>Utilizzare questo trattamento contro la perdita dei capelli \u00e8 una terapia a basso rischio, in cui si impiega il concentrato di sangue del corpo (Platelet Rich Plasma). Il PRP, infatti, si ottiene tramite la centrifugazione del sangue prelevato.<\/p>\n<p>Nella parte inferiore della centrifuga saranno presenti residui di globuli rossi, mentre nella parte superiore si trova il plasma povero di piastrine. Nella parte centrale, invece, rimarr\u00e0 il PRP che verr\u00e0 iniettato nei punti calvi della testa.<\/p>\n\t\t\t<\/div>\n\t\t\n\t\t\t\t\t<div class=\"main-hero__media\">\n\t\t\t\t<img decoding=\"async\" width=\"768\" height=\"606\" src=\"https:\/\/elithair.com\/it\/wp-content\/uploads\/sites\/6\/2026\/04\/Dott.-Balwi-Specialista-in-trapianto-di-capelli.webp\" class=\"hero-image\" alt=\"Dr. Balwi \u2013 Specialista in trapianto capillare presso Elithair\" loading=\"eager\" fetchpriority=\"high\" sizes=\"(max-width: 767px) 40vw, (max-width: 1023px) 23vw, 25vw\" srcset=\"https:\/\/elithair.com\/it\/wp-content\/uploads\/sites\/6\/2026\/04\/Dott.-Balwi-Specialista-in-trapianto-di-capelli.webp 768w, https:\/\/elithair.com\/it\/wp-content\/uploads\/sites\/6\/2026\/04\/Dott.-Balwi-Specialista-in-trapianto-di-capelli-300x237.webp 300w\" \/>\t\t\t<\/div>\n\t\t\t\t\t\t\t<div class=\"main-hero__btn-list btn-list\">\n\t\t\t\t\t\t\t\t<div class=\"btn-item\">\n\t\t\t\t\t<a\n\t\t\t\t\t\thref=\"https:\/\/elithair.com\/it\/analisi-capillare\/\"\t\t\t\t\t\tclass=\"btn\"\n\t\t\t\t\t>\n\t\t\t\t\t\tAnalisi gratuita dei capelli!\t\t\t\t\t<\/a>\n\t\t\t\t<\/div>\n\t\t\t\t\t\t\t\t\t\t\t<\/div>\n\t\t\t<\/div>\n\t\t\n\t<\/section>\n\n\n<section class=\"wp-block-elh-content-media content-media layout-simple styled-ul ul-default ul-default-box bg-grey\">\n\t<div class=\"content-media__container container\">\n\t\t\t\t\t<header class=\"content-media__header\">\n\t\t\t\t\t\t\t\t\t<h2>\t\t\t\t\t\tCombinare il PRP con il proprio trapianto di capelli\t\t\t\t\t<\/h2>\t\t\t\t\t\t\t\t\t\t\t<\/header>\n\t\t\n\t\t\t\t\t<div class=\"content-media__media hide-shadow\">\n\t\t\t\t<figure><img decoding=\"async\" width=\"477\" height=\"716\" src=\"https:\/\/elithair.com\/it\/wp-content\/uploads\/sites\/6\/2026\/04\/Scopri-il-trattamento-PRP-per-dare-ai-vostri-capelli-una-spinta.webp\" class=\"attachment-large size-large\" alt=\"Scopri il trattamento PRP di Elithair per dare ai vostri capelli una spinta a ricrescere\" loading=\"lazy\" srcset=\"https:\/\/elithair.com\/it\/wp-content\/uploads\/sites\/6\/2026\/04\/Scopri-il-trattamento-PRP-per-dare-ai-vostri-capelli-una-spinta.webp 477w, https:\/\/elithair.com\/it\/wp-content\/uploads\/sites\/6\/2026\/04\/Scopri-il-trattamento-PRP-per-dare-ai-vostri-capelli-una-spinta-200x300.webp 200w\" sizes=\"auto, (max-width: 477px) 100vw, 477px\" \/><\/figure>\t\t\t<\/div>\n\t\t\t\t\t\t<div class=\"content-media__content\">\n\t\t\t<p>Il nostro corpo possiede i migliori metodi e principi attivi per contrastare certe malattie e l\u2019invecchiamento. L\u2019arte \u00e8 semplicemente quella d\u2019isolare i principi attivi da un determinato quantitativo di sangue e renderli utilizzabili per scopi specifici.<\/p>\n<p>Il trattamento PRP \u00e8 il complemento perfetto per il tuo trapianto di capelli, perch\u00e9 \u00e8 in grado di sfruttare la vitalit\u00e0 del corpo per ottenere i migliori risultati. Questa terapia \u00e8 tutta incentrata sul proprio sangue, in particolare sul plasma ricco di piastrine.<\/p>\n<p>Questo plasma, detto anche gel piastrinico, grazie all\u2019alta concentrazione di piastrine e di proteine del sangue, \u00e8 in grado di stimolare il ringiovanimento e la rigenerazione cellulare. Per questi suoi benefici, il PRP viene utilizzato in campo medico per favorire la riparazione dei tessuti e per contrastare le patologie degenerative.<\/p>\n\t\t<\/div>\n\t\t\n\t\t\n\t\t\t<\/div>\n<\/section>\n\n\n<section class=\"wp-block-elh-content-media content-media layout-simple right-media styled-ul custom-icon ul-default-box bg-secondary dark-layout\" style=\"--custom-icon: url(&#039;https:\/\/elithair.com\/it\/wp-content\/uploads\/sites\/6\/2026\/04\/blue-check.svg&#039;)\">\n\t<div class=\"content-media__container container\">\n\t\t\t\t\t<header class=\"content-media__header\">\n\t\t\t\t\t\t\t\t\t<h2>\t\t\t\t\t\t3 benefici significativi del plasma ricco di piastrine\t\t\t\t\t<\/h2>\t\t\t\t\t\t\t\t\t\t\t<\/header>\n\t\t\n\t\t\t\t\t<div class=\"content-media__media hide-shadow\">\n\t\t\t\t<figure><img decoding=\"async\" width=\"436\" height=\"436\" src=\"https:\/\/elithair.com\/it\/wp-content\/uploads\/sites\/6\/2026\/04\/Quali-sono-i-benefici-del-trattamento-PRP-1.webp\" class=\"attachment-large size-large\" alt=\"Quali sono i benefici del trattamento PRP?\" loading=\"lazy\" srcset=\"https:\/\/elithair.com\/it\/wp-content\/uploads\/sites\/6\/2026\/04\/Quali-sono-i-benefici-del-trattamento-PRP-1.webp 436w, https:\/\/elithair.com\/it\/wp-content\/uploads\/sites\/6\/2026\/04\/Quali-sono-i-benefici-del-trattamento-PRP-1-300x300.webp 300w, https:\/\/elithair.com\/it\/wp-content\/uploads\/sites\/6\/2026\/04\/Quali-sono-i-benefici-del-trattamento-PRP-1-150x150.webp 150w\" sizes=\"auto, (max-width: 436px) 100vw, 436px\" \/><\/figure>\t\t\t<\/div>\n\t\t\t\t\t\t<div class=\"content-media__content\">\n\t\t\t<ul>\n<li>Aumenta la vitalit\u00e0 dei follicoli piliferi dopo un trapianto di capelli (FUE con PRP)<\/li>\n<li>Processo di guarigione pi\u00f9 rapido dopo un trapianto di capelli<\/li>\n<li>Rivitalizza e stimola i follicoli innestati dopo un trapianto di capelli<\/li>\n<\/ul>\n<p>Ci vuole un po\u2019 di tempo prima che i capelli prelevati dalla zona donatrice siano trapiantati nell\u2019area ricevente. Dunque, \u00e8 importante mantenere la vitalit\u00e0 dei follicoli durante il periodo di separazione dal flusso sanguigno. Pertanto, i follicoli estratti vengono conservati e tenuti al fresco in un liquido speciale.<\/p>\n<p>In un nuovo processo, il PRP viene aggiunto al liquido di stoccaggio e l\u2019effetto benefico pu\u00f2 essere visto immediatamente. Un\u2019iniezione di PRP ha un effetto positivo sulla vitalit\u00e0 dei follicoli piliferi, accelera la guarigione delle ferite e stimola il fattore di crescita dei capelli.<\/p>\n\t\t<\/div>\n\t\t\n\t\t\n\t\t\t\t\t<div class=\"content-media__btn-list btn-list\">\n\t\t\t\t<div class=\"btn-item\">\n\t\t\t\t\t<a\n\t\t\t\t\t\tclass=\"btn\"\n\t\t\t\t\t\thref=\"https:\/\/elithair.com\/it\/analisi-capillare\/\" target=\"_blank\" rel=\"noopener noreferrer\"\t\t\t\t\t>Analisi gratuita dei capelli<\/a>\n\t\t\t\t<\/div>\n\t\t\t<\/div>\n\t\t\t<\/div>\n<\/section>\n\n\n<section class=\"wp-block-elh-content-media content-media layout-simple styled-ul ul-default ul-default-box bg-grey\">\n\t<div class=\"content-media__container container\">\n\t\t\t\t\t<header class=\"content-media__header\">\n\t\t\t\t\t\t\t\t\t<h2>\t\t\t\t\t\tTrattamento PRP per migliorare i risultati del trapianto di capelli\t\t\t\t\t<\/h2>\t\t\t\t\t\t\t\t\t\t\t<\/header>\n\t\t\n\t\t\t\t\t<div class=\"content-media__media hide-shadow\">\n\t\t\t\t<figure><img decoding=\"async\" width=\"650\" height=\"550\" src=\"https:\/\/elithair.com\/it\/wp-content\/uploads\/sites\/6\/2026\/04\/Dr.-Balwi-disegna-una-linea-sottile-su-un-paziente.webp\" class=\"attachment-large size-large\" alt=\"Il dr Balwi disegna una linea sottile di un paziente che sar\u00e0 la nuova attaccatura dei capelli\" loading=\"lazy\" srcset=\"https:\/\/elithair.com\/it\/wp-content\/uploads\/sites\/6\/2026\/04\/Dr.-Balwi-disegna-una-linea-sottile-su-un-paziente.webp 650w, https:\/\/elithair.com\/it\/wp-content\/uploads\/sites\/6\/2026\/04\/Dr.-Balwi-disegna-una-linea-sottile-su-un-paziente-300x254.webp 300w\" sizes=\"auto, (max-width: 650px) 100vw, 650px\" \/><\/figure>\t\t\t<\/div>\n\t\t\t\t\t\t<div class=\"content-media__content\">\n\t\t\t<p>Nel caso del trapianto di capelli, ci occupiamo specificamente della separazione di piastrine e leucociti. Le piastrine portano in essere il fattore di magnificazione del sangue per poi venire drasticamente ridotte da un RNA-attivatore in uno strumento efficace contro la calvizie.<\/p>\n<p>Il rinnovamento del tessuto intorno alla radice dei capelli viene accelerato e migliorato grazie all\u2019alta concentrazione dei fattori di crescita. Di conseguenza, i capelli cresceranno pi\u00f9 velocemente e con maggiore forza.<\/p>\n<p>Il trattamento PRP ha, rispetto a tutte le alternative convenzionali, una caratteristica davvero unica: non presenta effetti collaterali o reazioni allergiche, perch\u00e9 si utilizza il sangue del proprio corpo. Per questo motivo, il PRP \u00e8 largamente impiegato nel campo della medicina estetica e della chirurgia plastica.<\/p>\n\t\t<\/div>\n\t\t\n\t\t\n\t\t\t<\/div>\n<\/section>\n","protected":false},"excerpt":{"rendered":"","protected":false},"author":1,"featured_media":0,"parent":0,"menu_order":0,"comment_status":"closed","ping_status":"closed","template":"","meta":{"_acf_changed":false,"_yoast_wpseo_focuskw":"","_yoast_wpseo_title":"Trattamento PRP: come funziona? | Elithair","_yoast_wpseo_metadesc":"Tutto quello che devi sapere sul trattamento PRP: scopri come rafforzare i bulbi piliferi e stimolare la crescita dei capelli! Leggi qui!","_yoast_wpseo_meta-robots-noindex":"","_yoast_wpseo_meta-robots-nofollow":"","_yoast_wpseo_meta-robots-adv":"","_yoast_wpseo_canonical":"https:\/\/elithair.com\/it\/trattamento-prp\/","_yoast_wpseo_opengraph-title":"Trapianto di capelli con trattamento PRP | Elithair","_yoast_wpseo_opengraph-description":"Tutto quello che devi sapere sul trattamento PRP: scopri come rafforzare i bulbi piliferi e stimolare la crescita dei capelli! Leggi qui!","_yoast_wpseo_opengraph-image":"https:\/\/elithair.com\/it\/wp-content\/uploads\/sites\/6\/2026\/05\/trattamento-prp.png","_yoast_wpseo_twitter-title":"","_yoast_wpseo_twitter-description":"","_yoast_wpseo_twitter-image":"https:\/\/elithair.com\/it\/wp-content\/uploads\/sites\/6\/2026\/05\/trattamento-prp.png","_hm_hreflang_map":{"uk":752,"es":89290,"it":29,"pt":12,"fr":20,"x_default":752},"_hm_language_code":"it","footnotes":""},"class_list":["post-29","page","type-page","status-publish","hentry"],"acf":[],"yoast_head":"<!-- This site is optimized with the Yoast SEO Premium plugin v27.5 (Yoast SEO v27.5) - https:\/\/yoast.com\/product\/yoast-seo-premium-wordpress\/ -->\n<title>Trattamento PRP: come funziona? | Elithair<\/title>\n<meta name=\"description\" content=\"Tutto quello che devi sapere sul trattamento PRP: scopri come rafforzare i bulbi piliferi e stimolare la crescita dei capelli! Leggi qui!\" \/>\n<meta name=\"robots\" content=\"noindex, follow, max-snippet:-1, max-image-preview:large, max-video-preview:-1\" \/>\n<meta property=\"og:locale\" content=\"it_IT\" \/>\n<meta property=\"og:type\" content=\"article\" \/>\n<meta property=\"og:title\" content=\"Trapianto di capelli con trattamento PRP | Elithair\" \/>\n<meta property=\"og:description\" content=\"Tutto quello che devi sapere sul trattamento PRP: scopri come rafforzare i bulbi piliferi e stimolare la crescita dei capelli! Leggi qui!\" \/>\n<meta property=\"og:url\" content=\"https:\/\/elithair.com\/it\/trattamento-prp\/\" \/>\n<meta property=\"og:site_name\" content=\"Elithair IT\" \/>\n<meta property=\"article:modified_time\" content=\"2026-05-03T11:56:15+00:00\" \/>\n<meta property=\"og:image\" content=\"https:\/\/elithair.com\/it\/wp-content\/uploads\/sites\/6\/2026\/05\/trattamento-prp.png\" \/>\n<meta name=\"twitter:card\" content=\"summary_large_image\" \/>\n<meta name=\"twitter:title\" content=\"Trattamento PRP\" \/>\n<meta name=\"twitter:image\" content=\"https:\/\/elithair.com\/it\/wp-content\/uploads\/sites\/6\/2026\/05\/trattamento-prp.png\" \/>\n<script type=\"application\/ld+json\" class=\"yoast-schema-graph\">{\"@context\":\"https:\\\/\\\/schema.org\",\"@graph\":[{\"@type\":\"WebPage\",\"@id\":\"https:\\\/\\\/elithair.com\\\/it\\\/trattamento-prp\\\/\",\"url\":\"https:\\\/\\\/elithair.com\\\/it\\\/trattamento-prp\\\/\",\"name\":\"Trattamento PRP: come funziona? | Elithair\",\"isPartOf\":{\"@id\":\"https:\\\/\\\/elithair.com\\\/it\\\/#website\"},\"datePublished\":\"2026-04-11T15:30:17+00:00\",\"dateModified\":\"2026-05-03T11:56:15+00:00\",\"description\":\"Tutto quello che devi sapere sul trattamento PRP: scopri come rafforzare i bulbi piliferi e stimolare la crescita dei capelli! Leggi qui!\",\"breadcrumb\":{\"@id\":\"https:\\\/\\\/elithair.com\\\/it\\\/trattamento-prp\\\/#breadcrumb\"},\"inLanguage\":\"it-IT\",\"potentialAction\":[{\"@type\":\"ReadAction\",\"target\":[\"https:\\\/\\\/elithair.com\\\/it\\\/trattamento-prp\\\/\"]}]},{\"@type\":\"BreadcrumbList\",\"@id\":\"https:\\\/\\\/elithair.com\\\/it\\\/trattamento-prp\\\/#breadcrumb\",\"itemListElement\":[{\"@type\":\"ListItem\",\"position\":1,\"name\":\"Home\",\"item\":\"https:\\\/\\\/elithair.com\\\/it\\\/\"},{\"@type\":\"ListItem\",\"position\":2,\"name\":\"Trattamento PRP\"}]},{\"@type\":\"WebSite\",\"@id\":\"https:\\\/\\\/elithair.com\\\/it\\\/#website\",\"url\":\"https:\\\/\\\/elithair.com\\\/it\\\/\",\"name\":\"Elithair\",\"description\":\"\",\"alternateName\":\"la migliore clinica di trapianto di capelli in Turchia\",\"potentialAction\":[{\"@type\":\"SearchAction\",\"target\":{\"@type\":\"EntryPoint\",\"urlTemplate\":\"https:\\\/\\\/elithair.com\\\/it\\\/?s={search_term_string}\"},\"query-input\":{\"@type\":\"PropertyValueSpecification\",\"valueRequired\":true,\"valueName\":\"search_term_string\"}}],\"inLanguage\":\"it-IT\"}]}<\/script>\n<!-- \/ Yoast SEO Premium plugin. -->","yoast_head_json":{"title":"Trattamento PRP: come funziona? | Elithair","description":"Tutto quello che devi sapere sul trattamento PRP: scopri come rafforzare i bulbi piliferi e stimolare la crescita dei capelli! Leggi qui!","robots":{"index":"noindex","follow":"follow","max-snippet":"max-snippet:-1","max-image-preview":"max-image-preview:large","max-video-preview":"max-video-preview:-1"},"og_locale":"it_IT","og_type":"article","og_title":"Trapianto di capelli con trattamento PRP | Elithair","og_description":"Tutto quello che devi sapere sul trattamento PRP: scopri come rafforzare i bulbi piliferi e stimolare la crescita dei capelli! Leggi qui!","og_url":"https:\/\/elithair.com\/it\/trattamento-prp\/","og_site_name":"Elithair IT","article_modified_time":"2026-05-03T11:56:15+00:00","og_image":[{"url":"https:\/\/elithair.com\/it\/wp-content\/uploads\/sites\/6\/2026\/05\/trattamento-prp.png","type":"","width":"","height":""}],"twitter_card":"summary_large_image","twitter_title":"Trattamento PRP","twitter_image":"https:\/\/elithair.com\/it\/wp-content\/uploads\/sites\/6\/2026\/05\/trattamento-prp.png","schema":{"@context":"https:\/\/schema.org","@graph":[{"@type":"WebPage","@id":"https:\/\/elithair.com\/it\/trattamento-prp\/","url":"https:\/\/elithair.com\/it\/trattamento-prp\/","name":"Trattamento PRP: come funziona? | Elithair","isPartOf":{"@id":"https:\/\/elithair.com\/it\/#website"},"datePublished":"2026-04-11T15:30:17+00:00","dateModified":"2026-05-03T11:56:15+00:00","description":"Tutto quello che devi sapere sul trattamento PRP: scopri come rafforzare i bulbi piliferi e stimolare la crescita dei capelli! Leggi qui!","breadcrumb":{"@id":"https:\/\/elithair.com\/it\/trattamento-prp\/#breadcrumb"},"inLanguage":"it-IT","potentialAction":[{"@type":"ReadAction","target":["https:\/\/elithair.com\/it\/trattamento-prp\/"]}]},{"@type":"BreadcrumbList","@id":"https:\/\/elithair.com\/it\/trattamento-prp\/#breadcrumb","itemListElement":[{"@type":"ListItem","position":1,"name":"Home","item":"https:\/\/elithair.com\/it\/"},{"@type":"ListItem","position":2,"name":"Trattamento PRP"}]},{"@type":"WebSite","@id":"https:\/\/elithair.com\/it\/#website","url":"https:\/\/elithair.com\/it\/","name":"Elithair","description":"","alternateName":"la migliore clinica di trapianto di capelli in Turchia","potentialAction":[{"@type":"SearchAction","target":{"@type":"EntryPoint","urlTemplate":"https:\/\/elithair.com\/it\/?s={search_term_string}"},"query-input":{"@type":"PropertyValueSpecification","valueRequired":true,"valueName":"search_term_string"}}],"inLanguage":"it-IT"}]}},"jetpack_sharing_enabled":true,"_links":{"self":[{"href":"https:\/\/elithair.com\/it\/wp-json\/wp\/v2\/pages\/29","targetHints":{"allow":["GET"]}}],"collection":[{"href":"https:\/\/elithair.com\/it\/wp-json\/wp\/v2\/pages"}],"about":[{"href":"https:\/\/elithair.com\/it\/wp-json\/wp\/v2\/types\/page"}],"author":[{"embeddable":true,"href":"https:\/\/elithair.com\/it\/wp-json\/wp\/v2\/users\/1"}],"replies":[{"embeddable":true,"href":"https:\/\/elithair.com\/it\/wp-json\/wp\/v2\/comments?post=29"}],"version-history":[{"count":6,"href":"https:\/\/elithair.com\/it\/wp-json\/wp\/v2\/pages\/29\/revisions"}],"predecessor-version":[{"id":106983,"href":"https:\/\/elithair.com\/it\/wp-json\/wp\/v2\/pages\/29\/revisions\/106983"}],"wp:attachment":[{"href":"https:\/\/elithair.com\/it\/wp-json\/wp\/v2\/media?parent=29"}],"curies":[{"name":"wp","href":"https:\/\/api.w.org\/{rel}","templated":true}]}}