{"id":20,"date":"2026-04-11T15:30:13","date_gmt":"2026-04-11T15:30:13","guid":{"rendered":"https:\/\/unified.elitexperiments.com\/it\/faq\/"},"modified":"2026-05-03T11:58:44","modified_gmt":"2026-05-03T11:58:44","slug":"faq","status":"publish","type":"page","link":"https:\/\/elithair.com\/it\/faq\/","title":{"rendered":"Domande frequenti sul trapianto di capelli"},"content":{"rendered":"<section class=\"wp-block-elh-main-hero main-hero dark-layout has-top-right-circle\">\n\t<div class=\"main-hero__container container\">\n\t\t\t\t\t<header class=\"main-hero__header\">\t\t\t\t\n\t\t\t\t<h1>\t\t\t\t\tLe domande pi\u00f9 frequenti sul trapianto di capelli\t\t\t\t<\/h1>\t\t\t<\/header>\n\t\t\n\t\t\t\t\t<div class=\"main-hero__content\">\n\t\t\t\t<p>Quanto \u00e8 doloroso un trapianto di capelli? Cosa devo considerare prima di un trapianto di capelli? I capelli trapiantati possono cadere di nuovo? Qui troverai tutte le risposte alle domande pi\u00f9 frequenti sul trapianto di capelli.<\/p>\n\t\t\t<\/div>\n\t\t\n\t\t\t\t\t<div class=\"main-hero__media\">\n\t\t\t\t<img decoding=\"async\" width=\"600\" height=\"600\" src=\"https:\/\/elithair.com\/it\/wp-content\/uploads\/sites\/6\/2026\/04\/haartransplantation-faq-experten-team.webp\" class=\"hero-image\" alt=\"Team di esperti che risponde alle domande frequenti sul trapianto di capelli e alle esigenze dei pazienti\" loading=\"eager\" fetchpriority=\"high\" sizes=\"(max-width: 767px) 40vw, (max-width: 1023px) 23vw, 25vw\" srcset=\"https:\/\/elithair.com\/it\/wp-content\/uploads\/sites\/6\/2026\/04\/haartransplantation-faq-experten-team.webp 600w, https:\/\/elithair.com\/it\/wp-content\/uploads\/sites\/6\/2026\/04\/haartransplantation-faq-experten-team-300x300.webp 300w, https:\/\/elithair.com\/it\/wp-content\/uploads\/sites\/6\/2026\/04\/haartransplantation-faq-experten-team-150x150.webp 150w\" \/>\t\t\t<\/div>\n\t\t\t\t\t\t\t<div class=\"main-hero__btn-list btn-list\">\n\t\t\t\t\t\t\t\t<div class=\"btn-item\">\n\t\t\t\t\t<a\n\t\t\t\t\t\thref=\"https:\/\/elithair.com\/it\/analisi-capillare\/\"\t\t\t\t\t\tclass=\"btn\"\n\t\t\t\t\t>\n\t\t\t\t\t\tAnalisi gratuita dei capelli \t\t\t\t\t<\/a>\n\t\t\t\t<\/div>\n\t\t\t\t\t\t\t\t\t\t\t<\/div>\n\t\t\t<\/div>\n\t\t\n\t<\/section>\n\n\n<section class=\"wp-block-elh-faq-list faq-list bg-white\">\n\t<div class=\"faq-list__container container\">\n\t\t\t\t\t<header class=\"faq-list__header\">\n\t\t\t\t<h2>Domande frequenti<\/h2>\n\t\t\t<\/header>\n\t\t\n\t\t\t\t\t<div class=\"faq-list__items\">\n\t\t\t\t\t\t\t\t\t<div class=\"faq\">\n\t\t\t\t\t\t\t\t\t\t\t\t\t\t\t\t\t\t\t\t\t\t\t\t\t\t\t<details>\n\t\t\t\t\t\t\t\t\t<summary>Il trapianto di capelli fa male?<\/summary>\n\t\t\t\t\t\t\t\t\t<p>Il trapianto di capelli \u00e8 classificato come chirurgia poco invasiva. Poich\u00e9 la rimozione dei capelli viene eseguita sotto anestesia locale, ossia attraverso l\u2019infiltrazione locale d\u2019anestetico, i pazienti non sentiranno alcun tipo di dolore. L\u2019anestetico locale ha un\u2019azione analgesica prolungata. Per questo, la zona operata rimane insensibile per diverse ore dopo l\u2019intervento. Durante la fase di guarigione, si avvertir\u00e0 un dolore molto lieve che sparir\u00e0 del tutto in pochi giorni.<\/p>\n\t\t\t\t\t\t\t\t<\/details>\n\t\t\t\t\t\t\t\t\t\t\t\t\t\t\t<details>\n\t\t\t\t\t\t\t\t\t<summary>Si noteranno degli spazi vuoti nell\u2019area donatrice?<\/summary>\n\t\t\t\t\t\t\t\t\t<p>Assolutamente no. Questo \u00e8 il grande vantaggio offerto dal trapianto di capelli effettuato con metodo FUE. Un medico con esperienza pluriennale cercher\u00e0 sempre di assicurarsi che vicino all\u2019unit\u00e0 follicolare estratta ve ne siano altre. Tale accorgimento sar\u00e0 idoneo ad assicurare che non vi siano degli spazi vuoti nell\u2019area donatrice.<\/p>\n\t\t\t\t\t\t\t\t<\/details>\n\t\t\t\t\t\t\t\t\t\t\t\t\t\t\t<details>\n\t\t\t\t\t\t\t\t\t<summary>Quanto tempo occorre affinch\u00e9 i capelli trapiantati inizino a crescere?<\/summary>\n\t\t\t\t\t\t\t\t\t<p>Dopo l\u2019intervento, i capelli necessiteranno di circa tre mesi per crescere. Considerando che i capelli hanno dei cicli sfalsati di crescita, il periodo di ricrescita \u00e8 compreso tra le 10 e le 16 settimane. Il 90% dei pazienti ha riscontrato che tra il nono e il decimo mese i capelli hanno un aspetto voluminoso e del tutto naturale.<\/p>\n\t\t\t\t\t\t\t\t<\/details>\n\t\t\t\t\t\t\t\t\t\t\t\t\t\t\t<details>\n\t\t\t\t\t\t\t\t\t<summary>Per quanto tempo i capelli trapiantati continueranno a crescere?<\/summary>\n\t\t\t\t\t\t\t\t\t<p>Non vi \u00e8 alcun limite. Anche i capelli trapiantati cresceranno normalmente per tutta la vita e non richiederanno alcuna cura particolare, se non il regolare lavaggio e il periodico accorciamento.<\/p>\n\t\t\t\t\t\t\t\t<\/details>\n\t\t\t\t\t\t\t\t\t\t\t\t\t\t\t<details>\n\t\t\t\t\t\t\t\t\t<summary>\u00c8 possibile trapiantare i capelli vivi di altre persone?<\/summary>\n\t\t\t\t\t\t\t\t\t<p>Se si trapiantano capelli vivi di altre persone, anche consanguinee, \u00e8 indubbio il verificarsi di rigetto! Il sistema immunitario, infatti, riconoscerebbe i follicoli trapiantati come parti estranee all\u2019organismo. Non \u00e8 dunque possibile trapiantare i capelli da donatori esterni. Per questo motivo spesso si usa il termine \u201cautotrapianto\u201d per indicare che i capelli sono \u201cauto\u201d donati, cio\u00e8 non provengono da terzi, ma dal soggetto stesso.<\/p>\n\t\t\t\t\t\t\t\t<\/details>\n\t\t\t\t\t\t\t\t\t\t\t\t\t\t\t<details>\n\t\t\t\t\t\t\t\t\t<summary>Possono sottoporsi tutti al trapianto dei capelli?<\/summary>\n\t\t\t\t\t\t\t\t\t<p>Al trapianto di capelli possono sottoporsi uomini e donne, dai 18\/20 anni in su. Essendo un intervento chirurgico poco invasivo, quasi tutti possono sottoporsi al trapianto di capelli, eccetto pazienti con gravi problemi di salute, come immunosoppressione, o chi di recente ha avuto un ictus o un infarto. Il trapianto \u00e8 sconsigliato anche in caso di calvizie molto estese e con una corona poco folta e capelli di scarsa qualit\u00e0.<\/p>\n\t\t\t\t\t\t\t\t<\/details>\n\t\t\t\t\t\t\t\t\t\t\t\t\t\t\t<details>\n\t\t\t\t\t\t\t\t\t<summary>Qual \u00e8 l\u2019et\u00e0 minima per sottoporsi a un trapianto di capelli?<\/summary>\n\t\t\t\t\t\t\t\t\t<p>Scientificamente, il trapianto di capelli non richiede un\u2019et\u00e0 minima. Dall\u2019autotrapianto dei capelli generalmente possono trarre beneficio pazienti dai 20 anni in su. La perdita dei capelli \u00e8 causata principalmente da fattori genetici e ormonali, infatti, alcuni tipi di calvizie si manifestano intorno ai 18 anni.<\/p>\n\t\t\t\t\t\t\t\t<\/details>\n\t\t\t\t\t\t\t\t\t\t\t\t\t\t\t<details>\n\t\t\t\t\t\t\t\t\t<summary>Quanto tempo dura l\u2019intervento chirurgico?<\/summary>\n\t\t\t\t\t\t\t\t\t<p>L\u2019intervento richiede dalle 6 alle 10 ore. Tuttavia, non \u00e8 possibile indicare la durata teorica di un trapianto senza conoscere nello specifico la zona da trattare.<\/p>\n\t\t\t\t\t\t\t\t<\/details>\n\t\t\t\t\t\t\t\t\t\t\t\t\t\t\t<details>\n\t\t\t\t\t\t\t\t\t<summary>Quali rischi comporta un trapianto di capelli?<\/summary>\n\t\t\t\t\t\t\t\t\t<p>Poich\u00e9 si tratta di un intervento poco invasivo che viene eseguito in anestesia locale, i rischi sono relativamente bassi. In alcuni casi pu\u00f2 verificarsi un\u2019intolleranza dell\u2019anestetico locale. Gli effetti collaterali del trapianto stesso sono sconosciuti. Possono verificarsi gonfiori, prurito, croste, dolore e mal di testa, effetti indesiderati che scompariranno nel giro di pochi giorni.<\/p>\n\t\t\t\t\t\t\t\t<\/details>\n\t\t\t\t\t\t\t\t\t\t\t\t\t\t\t\t\t\t<\/div>\n\t\t\t\t\t\t\t<\/div>\n\t\t\n\t\t\t<\/div>\n<\/section>\n\n","protected":false},"excerpt":{"rendered":"","protected":false},"author":1,"featured_media":0,"parent":0,"menu_order":0,"comment_status":"closed","ping_status":"closed","template":"","meta":{"_acf_changed":false,"_yoast_wpseo_focuskw":"","_yoast_wpseo_title":"Domande frequenti sul trapianto di capelli | Elithair","_yoast_wpseo_metadesc":"Quali sono le domande pi\u00f9 frequenti sul trapianto di capelli? Clicca qui e scopri cosa chiedono i nostri pazienti!","_yoast_wpseo_meta-robots-noindex":"","_yoast_wpseo_meta-robots-nofollow":"","_yoast_wpseo_meta-robots-adv":"","_yoast_wpseo_canonical":"https:\/\/elithair.com\/it\/faq\/","_yoast_wpseo_opengraph-title":"Le domande pi\u00f9 frequenti sul trapianto di capelli | Elithair","_yoast_wpseo_opengraph-description":"Legga le nostre domande pi\u00f9 frequenti sul trapianto di capelli e scopra tutto quello che c'\u00e8 di importante da sapere sul tema!","_yoast_wpseo_opengraph-image":"https:\/\/elithair.com\/it\/wp-content\/uploads\/sites\/6\/2026\/05\/faq.png","_yoast_wpseo_twitter-title":"","_yoast_wpseo_twitter-description":"","_yoast_wpseo_twitter-image":"https:\/\/elithair.com\/it\/wp-content\/uploads\/sites\/6\/2026\/05\/faq.png","_hm_hreflang_map":{"en":94974,"de":61,"uk":741,"es":89300,"it":20,"pt":22,"fr":27,"x_default":94974},"_hm_language_code":"it","footnotes":""},"class_list":["post-20","page","type-page","status-publish","hentry"],"acf":[],"yoast_head":"<!-- This site is optimized with the Yoast SEO Premium plugin v27.5 (Yoast SEO v27.5) - https:\/\/yoast.com\/product\/yoast-seo-premium-wordpress\/ -->\n<title>Domande frequenti sul trapianto di capelli | Elithair<\/title>\n<meta name=\"description\" content=\"Quali sono le domande pi\u00f9 frequenti sul trapianto di capelli? Clicca qui e scopri cosa chiedono i nostri pazienti!\" \/>\n<meta name=\"robots\" content=\"noindex, follow, max-snippet:-1, max-image-preview:large, max-video-preview:-1\" \/>\n<meta property=\"og:locale\" content=\"it_IT\" \/>\n<meta property=\"og:type\" content=\"article\" \/>\n<meta property=\"og:title\" content=\"Le domande pi\u00f9 frequenti sul trapianto di capelli | Elithair\" \/>\n<meta property=\"og:description\" content=\"Legga le nostre domande pi\u00f9 frequenti sul trapianto di capelli e scopra tutto quello che c&#039;\u00e8 di importante da sapere sul tema!\" \/>\n<meta property=\"og:url\" content=\"https:\/\/elithair.com\/it\/faq\/\" \/>\n<meta property=\"og:site_name\" content=\"Elithair IT\" \/>\n<meta property=\"article:modified_time\" content=\"2026-05-03T11:58:44+00:00\" \/>\n<meta property=\"og:image\" content=\"https:\/\/elithair.com\/it\/wp-content\/uploads\/sites\/6\/2026\/05\/faq.png\" \/>\n<meta name=\"twitter:card\" content=\"summary_large_image\" \/>\n<meta name=\"twitter:title\" content=\"Domande frequenti sul trapianto di capelli\" \/>\n<meta name=\"twitter:image\" content=\"https:\/\/elithair.com\/it\/wp-content\/uploads\/sites\/6\/2026\/05\/faq.png\" \/>\n<script type=\"application\/ld+json\" class=\"yoast-schema-graph\">{\"@context\":\"https:\\\/\\\/schema.org\",\"@graph\":[{\"@type\":\"WebPage\",\"@id\":\"https:\\\/\\\/elithair.com\\\/it\\\/faq\\\/\",\"url\":\"https:\\\/\\\/elithair.com\\\/it\\\/faq\\\/\",\"name\":\"Domande frequenti sul trapianto di capelli | Elithair\",\"isPartOf\":{\"@id\":\"https:\\\/\\\/elithair.com\\\/it\\\/#website\"},\"datePublished\":\"2026-04-11T15:30:13+00:00\",\"dateModified\":\"2026-05-03T11:58:44+00:00\",\"description\":\"Quali sono le domande pi\u00f9 frequenti sul trapianto di capelli? Clicca qui e scopri cosa chiedono i nostri pazienti!\",\"breadcrumb\":{\"@id\":\"https:\\\/\\\/elithair.com\\\/it\\\/faq\\\/#breadcrumb\"},\"inLanguage\":\"it-IT\",\"potentialAction\":[{\"@type\":\"ReadAction\",\"target\":[\"https:\\\/\\\/elithair.com\\\/it\\\/faq\\\/\"]}]},{\"@type\":\"BreadcrumbList\",\"@id\":\"https:\\\/\\\/elithair.com\\\/it\\\/faq\\\/#breadcrumb\",\"itemListElement\":[{\"@type\":\"ListItem\",\"position\":1,\"name\":\"Home\",\"item\":\"https:\\\/\\\/elithair.com\\\/it\\\/\"},{\"@type\":\"ListItem\",\"position\":2,\"name\":\"Domande frequenti sul trapianto di capelli\"}]},{\"@type\":\"WebSite\",\"@id\":\"https:\\\/\\\/elithair.com\\\/it\\\/#website\",\"url\":\"https:\\\/\\\/elithair.com\\\/it\\\/\",\"name\":\"Elithair\",\"description\":\"\",\"alternateName\":\"la migliore clinica di trapianto di capelli in Turchia\",\"potentialAction\":[{\"@type\":\"SearchAction\",\"target\":{\"@type\":\"EntryPoint\",\"urlTemplate\":\"https:\\\/\\\/elithair.com\\\/it\\\/?s={search_term_string}\"},\"query-input\":{\"@type\":\"PropertyValueSpecification\",\"valueRequired\":true,\"valueName\":\"search_term_string\"}}],\"inLanguage\":\"it-IT\"}]}<\/script>\n<!-- \/ Yoast SEO Premium plugin. -->","yoast_head_json":{"title":"Domande frequenti sul trapianto di capelli | Elithair","description":"Quali sono le domande pi\u00f9 frequenti sul trapianto di capelli? Clicca qui e scopri cosa chiedono i nostri pazienti!","robots":{"index":"noindex","follow":"follow","max-snippet":"max-snippet:-1","max-image-preview":"max-image-preview:large","max-video-preview":"max-video-preview:-1"},"og_locale":"it_IT","og_type":"article","og_title":"Le domande pi\u00f9 frequenti sul trapianto di capelli | Elithair","og_description":"Legga le nostre domande pi\u00f9 frequenti sul trapianto di capelli e scopra tutto quello che c'\u00e8 di importante da sapere sul tema!","og_url":"https:\/\/elithair.com\/it\/faq\/","og_site_name":"Elithair IT","article_modified_time":"2026-05-03T11:58:44+00:00","og_image":[{"url":"https:\/\/elithair.com\/it\/wp-content\/uploads\/sites\/6\/2026\/05\/faq.png","type":"","width":"","height":""}],"twitter_card":"summary_large_image","twitter_title":"Domande frequenti sul trapianto di capelli","twitter_image":"https:\/\/elithair.com\/it\/wp-content\/uploads\/sites\/6\/2026\/05\/faq.png","schema":{"@context":"https:\/\/schema.org","@graph":[{"@type":"WebPage","@id":"https:\/\/elithair.com\/it\/faq\/","url":"https:\/\/elithair.com\/it\/faq\/","name":"Domande frequenti sul trapianto di capelli | Elithair","isPartOf":{"@id":"https:\/\/elithair.com\/it\/#website"},"datePublished":"2026-04-11T15:30:13+00:00","dateModified":"2026-05-03T11:58:44+00:00","description":"Quali sono le domande pi\u00f9 frequenti sul trapianto di capelli? Clicca qui e scopri cosa chiedono i nostri pazienti!","breadcrumb":{"@id":"https:\/\/elithair.com\/it\/faq\/#breadcrumb"},"inLanguage":"it-IT","potentialAction":[{"@type":"ReadAction","target":["https:\/\/elithair.com\/it\/faq\/"]}]},{"@type":"BreadcrumbList","@id":"https:\/\/elithair.com\/it\/faq\/#breadcrumb","itemListElement":[{"@type":"ListItem","position":1,"name":"Home","item":"https:\/\/elithair.com\/it\/"},{"@type":"ListItem","position":2,"name":"Domande frequenti sul trapianto di capelli"}]},{"@type":"WebSite","@id":"https:\/\/elithair.com\/it\/#website","url":"https:\/\/elithair.com\/it\/","name":"Elithair","description":"","alternateName":"la migliore clinica di trapianto di capelli in Turchia","potentialAction":[{"@type":"SearchAction","target":{"@type":"EntryPoint","urlTemplate":"https:\/\/elithair.com\/it\/?s={search_term_string}"},"query-input":{"@type":"PropertyValueSpecification","valueRequired":true,"valueName":"search_term_string"}}],"inLanguage":"it-IT"}]}},"jetpack_sharing_enabled":true,"_links":{"self":[{"href":"https:\/\/elithair.com\/it\/wp-json\/wp\/v2\/pages\/20","targetHints":{"allow":["GET"]}}],"collection":[{"href":"https:\/\/elithair.com\/it\/wp-json\/wp\/v2\/pages"}],"about":[{"href":"https:\/\/elithair.com\/it\/wp-json\/wp\/v2\/types\/page"}],"author":[{"embeddable":true,"href":"https:\/\/elithair.com\/it\/wp-json\/wp\/v2\/users\/1"}],"replies":[{"embeddable":true,"href":"https:\/\/elithair.com\/it\/wp-json\/wp\/v2\/comments?post=20"}],"version-history":[{"count":6,"href":"https:\/\/elithair.com\/it\/wp-json\/wp\/v2\/pages\/20\/revisions"}],"predecessor-version":[{"id":107028,"href":"https:\/\/elithair.com\/it\/wp-json\/wp\/v2\/pages\/20\/revisions\/107028"}],"wp:attachment":[{"href":"https:\/\/elithair.com\/it\/wp-json\/wp\/v2\/media?parent=20"}],"curies":[{"name":"wp","href":"https:\/\/api.w.org\/{rel}","templated":true}]}}