{"id":15,"date":"2026-04-11T15:30:11","date_gmt":"2026-04-11T15:30:11","guid":{"rendered":"https:\/\/unified.elitexperiments.com\/it\/ricerca-e-sviluppo\/"},"modified":"2026-05-03T11:58:09","modified_gmt":"2026-05-03T11:58:09","slug":"ricerca-e-sviluppo","status":"publish","type":"page","link":"https:\/\/elithair.com\/it\/ricerca-e-sviluppo\/","title":{"rendered":"Ricerca e sviluppo"},"content":{"rendered":"<section class=\"wp-block-elh-main-hero main-hero dark-layout has-top-right-circle\">\n\t<div class=\"main-hero__container container\">\n\t\t\t\t\t<header class=\"main-hero__header\">\t\t\t\t\n\t\t\t\t<h1>\t\t\t\t\tRicerca e sviluppo\t\t\t\t<\/h1>\t\t\t<\/header>\n\t\t\n\t\t\t\t\t<div class=\"main-hero__content\">\n\t\t\t\t<p>Da Elithair siamo molto attenti ai nuovi progressi. Di conseguenza, il nostro team di ricerca lavora costantemente per rivoluzionare il mondo del trapianto di capelli creando regolarmente delle innovazioni esclusive.<\/p>\n<p>In questa pagina otterrai una visione completa delle innovazioni di cui beneficerai come paziente di Elithair. Ti attendono una moltitudine di vantaggi offerti solo da Elithair, che servono a garantirti un risultato perfetto. Guarda tu stesso!<\/p>\n\t\t\t<\/div>\n\t\t\n\t\t\t\t\t<div class=\"main-hero__media\">\n\t\t\t\t<img decoding=\"async\" width=\"750\" height=\"564\" src=\"https:\/\/elithair.com\/it\/wp-content\/uploads\/sites\/6\/2026\/04\/medico-elithair.webp\" class=\"hero-image\" alt=\"Medico specialista di Elithair\" loading=\"eager\" fetchpriority=\"high\" sizes=\"(max-width: 767px) 40vw, (max-width: 1023px) 23vw, 25vw\" srcset=\"https:\/\/elithair.com\/it\/wp-content\/uploads\/sites\/6\/2026\/04\/medico-elithair.webp 750w, https:\/\/elithair.com\/it\/wp-content\/uploads\/sites\/6\/2026\/04\/medico-elithair-300x226.webp 300w\" \/>\t\t\t<\/div>\n\t\t\t\t\t<\/div>\n\t\t\n\t<\/section>\n\n\n<section class=\"wp-block-elh-cards-list cards-list layout-02 three-columns bg-grey\">\n\t<div class=\"cards-list__container container is-flex flex-column gap-default\">\n\t\t\t\t\t<header class=\"cards-list__header text-center\">\n\t\t\t\t<h2>\t\t\t\t\tLe nostre innovazioni\t\t\t\t<\/h2>\t\t\t<\/header>\n\t\t\n\t\t\n\t\t\t\t\t<div class=\"cards-list__cards\">\n\t\t\t\t\t\t\t\t\t<div class=\"cards-list__card\">\n\t\t\t\t\t\t\t\t\t\t\t\t\t<header class=\"cards-list__card-header\">\n\t\t\t\t\t\t\t\t<h3>Elithair Pre-Test-System<\/h3>\n\t\t\t\t\t\t\t\t\t\t\t\t\t\t\t\t\n\t\t\t\t\t\t\t<\/header>\n\t\t\t\t\t\t\t\t\t\t\t\t<div class=\"cards-list__card-content is-flex flex-column\">\n\t\t\t\t\t\t\t\t\t\t\t\t\t\t\t<div class=\"cards-list__card-content-inner\">\n\t\t\t\t\t\t\t\t\t<p>Il Pre-Test System di Elithair utilizza 6 analisi dettagliate prima del trattamento per garantire che il risultato del trapianto di capelli sia perfetto. La composizione delle singole fasi del sistema di pre-test \u00e8 stata sviluppata dal Dr. Balwi e dal suo team di ricerca in modo tale che tu ne tragga il massimo beneficio.<\/p>\n\t\t\t\t\t\t\t\t<\/div>\n\t\t\t\t\t\t\t\t\t\t\t\t\t\t\t\t\t\t\t\t\t\t<div class=\"cards-list__btn-list btn-list\">\n\t\t\t\t\t\t\t\t\t<div class=\"btn-item\">\n\t\t\t\t\t\t\t\t\t\t<a\n\t\t\t\t\t\t\t\t\t\t\tclass=\"btn\"\n\t\t\t\t\t\t\t\t\t\t\thref=\"https:\/\/elithair.com\/it\/pre-test-system\/\"\t\t\t\t\t\t\t\t\t\t>\n\t\t\t\t\t\t\t\t\t\t\t Ulteriori Informazioni\t\t\t\t\t\t\t\t\t\t<\/a>\n\t\t\t\t\t\t\t\t\t<\/div>\n\t\t\t\t\t\t\t\t<\/div>\n\t\t\t\t\t\t\t\t\t\t\t\t\t<\/div>\n\t\t\t\t\t<\/div>\n\t\t\t\t\t\t\t\t\t\t<div class=\"cards-list__card\">\n\t\t\t\t\t\t\t\t\t\t\t\t\t<header class=\"cards-list__card-header\">\n\t\t\t\t\t\t\t\t<h3>Metodo Sleep-Deep<\/h3>\n\t\t\t\t\t\t\t\t\t\t\t\t\t\t\t\t\n\t\t\t\t\t\t\t<\/header>\n\t\t\t\t\t\t\t\t\t\t\t\t<div class=\"cards-list__card-content is-flex flex-column\">\n\t\t\t\t\t\t\t\t\t\t\t\t\t\t\t<div class=\"cards-list__card-content-inner\">\n\t\t\t\t\t\t\t\t\t<p>Nella pi\u00f9 grande clinica per capelli del mondo, utilizziamo l\u2019innovativa procedura di sedazione \u201cMetodo Sleep-Deep\u201d. Prima dell\u2019anestesia locale, il paziente viene sottoposto a un sonno profondo di 15 minuti, in modo da non sentire alcun dolore durante il trapianto di capelli.<\/p>\n\t\t\t\t\t\t\t\t<\/div>\n\t\t\t\t\t\t\t\t\t\t\t\t\t\t\t\t\t\t\t\t\t\t<div class=\"cards-list__btn-list btn-list\">\n\t\t\t\t\t\t\t\t\t<div class=\"btn-item\">\n\t\t\t\t\t\t\t\t\t\t<a\n\t\t\t\t\t\t\t\t\t\t\tclass=\"btn\"\n\t\t\t\t\t\t\t\t\t\t\thref=\"https:\/\/elithair.com\/it\/elithair-anestesia\/\"\t\t\t\t\t\t\t\t\t\t>\n\t\t\t\t\t\t\t\t\t\t\t Ulteriori Informazioni\t\t\t\t\t\t\t\t\t\t<\/a>\n\t\t\t\t\t\t\t\t\t<\/div>\n\t\t\t\t\t\t\t\t<\/div>\n\t\t\t\t\t\t\t\t\t\t\t\t\t<\/div>\n\t\t\t\t\t<\/div>\n\t\t\t\t\t\t\t\t\t\t<div class=\"cards-list__card\">\n\t\t\t\t\t\t\t\t\t\t\t\t\t<header class=\"cards-list__card-header\">\n\t\t\t\t\t\t\t\t<h3>NEO FUE<\/h3>\n\t\t\t\t\t\t\t\t\t\t\t\t\t\t\t\t\n\t\t\t\t\t\t\t<\/header>\n\t\t\t\t\t\t\t\t\t\t\t\t<div class=\"cards-list__card-content is-flex flex-column\">\n\t\t\t\t\t\t\t\t\t\t\t\t\t\t\t<div class=\"cards-list__card-content-inner\">\n\t\t\t\t\t\t\t\t\t<p>Anche la novit\u00e0 mondiale del metodo NEO FUE \u00e8 stata sviluppata dal Dr. Balwi e dai suoi specialisti. Grazie a un siero unico e vitalizzante, il set NEO FUE fornisce la preparazione perfetta per il trapianto di capelli. Si pu\u00f2 prevedere una crescita dei capelli fino al 98%.<\/p>\n\t\t\t\t\t\t\t\t<\/div>\n\t\t\t\t\t\t\t\t\t\t\t\t\t\t\t\t\t\t\t\t\t\t<div class=\"cards-list__btn-list btn-list\">\n\t\t\t\t\t\t\t\t\t<div class=\"btn-item\">\n\t\t\t\t\t\t\t\t\t\t<a\n\t\t\t\t\t\t\t\t\t\t\tclass=\"btn\"\n\t\t\t\t\t\t\t\t\t\t\thref=\"https:\/\/elithair.com\/it\/neo-fue\/\"\t\t\t\t\t\t\t\t\t\t>\n\t\t\t\t\t\t\t\t\t\t\t Ulteriori Informazioni\t\t\t\t\t\t\t\t\t\t<\/a>\n\t\t\t\t\t\t\t\t\t<\/div>\n\t\t\t\t\t\t\t\t<\/div>\n\t\t\t\t\t\t\t\t\t\t\t\t\t<\/div>\n\t\t\t\t\t<\/div>\n\t\t\t\t\t\t\t\t\t\t<div class=\"cards-list__card\">\n\t\t\t\t\t\t\t\t\t\t\t\t\t<header class=\"cards-list__card-header\">\n\t\t\t\t\t\t\t\t<h3>Elithair Shop<\/h3>\n\t\t\t\t\t\t\t\t\t\t\t\t\t\t\t\t\n\t\t\t\t\t\t\t<\/header>\n\t\t\t\t\t\t\t\t\t\t\t\t<div class=\"cards-list__card-content is-flex flex-column\">\n\t\t\t\t\t\t\t\t\t\t\t\t\t\t\t<div class=\"cards-list__card-content-inner\">\n\t\t\t\t\t\t\t\t\t<p>Oltre all\u2019ampia gamma di applicazioni per il trapianto di capelli, Elithair ha anche il proprio shop online. Qui troverai prodotti efficaci che forniscono il supporto perfetto per la crescita e salute dei tuoi capelli, sia prima che dopo il trattamento, tutti sviluppati esclusivamente dal Dr. Balwi.<\/p>\n\t\t\t\t\t\t\t\t<\/div>\n\t\t\t\t\t\t\t\t\t\t\t\t\t\t\t\t\t\t\t\t\t\t<div class=\"cards-list__btn-list btn-list\">\n\t\t\t\t\t\t\t\t\t<div class=\"btn-item\">\n\t\t\t\t\t\t\t\t\t\t<a\n\t\t\t\t\t\t\t\t\t\t\tclass=\"btn\"\n\t\t\t\t\t\t\t\t\t\t\thref=\"https:\/\/drbalwi-shop.com\/\" target=\"_blank\" rel=\"noopener noreferrer\"\t\t\t\t\t\t\t\t\t\t>\n\t\t\t\t\t\t\t\t\t\t\t Ulteriori Informazioni\t\t\t\t\t\t\t\t\t\t<\/a>\n\t\t\t\t\t\t\t\t\t<\/div>\n\t\t\t\t\t\t\t\t<\/div>\n\t\t\t\t\t\t\t\t\t\t\t\t\t<\/div>\n\t\t\t\t\t<\/div>\n\t\t\t\t\t\t\t\t\t\t<div class=\"cards-list__card\">\n\t\t\t\t\t\t\t\t\t\t\t\t\t<header class=\"cards-list__card-header\">\n\t\t\t\t\t\t\t\t<h3>App Elithair<\/h3>\n\t\t\t\t\t\t\t\t\t\t\t\t\t\t\t\t\n\t\t\t\t\t\t\t<\/header>\n\t\t\t\t\t\t\t\t\t\t\t\t<div class=\"cards-list__card-content is-flex flex-column\">\n\t\t\t\t\t\t\t\t\t\t\t\t\t\t\t<div class=\"cards-list__card-content-inner\">\n\t\t\t\t\t\t\t\t\t<p>Con l\u2019App Elithair ti offriamo un servizio di assistenza perfetto. Che si tratti della fase iniziale o di quella postoperatoria, con l\u2019App Elithair i consigli degli esperti sono disponibili in qualsiasi momento con un semplice click.<\/p>\n\t\t\t\t\t\t\t\t<\/div>\n\t\t\t\t\t\t\t\t\t\t\t\t\t\t\t\t\t\t\t\t\t\t<div class=\"cards-list__btn-list btn-list\">\n\t\t\t\t\t\t\t\t\t<div class=\"btn-item\">\n\t\t\t\t\t\t\t\t\t\t<a\n\t\t\t\t\t\t\t\t\t\t\tclass=\"btn\"\n\t\t\t\t\t\t\t\t\t\t\thref=\"https:\/\/elithair.com\/it\/elithair-app\/\"\t\t\t\t\t\t\t\t\t\t>\n\t\t\t\t\t\t\t\t\t\t\t Ulteriori Informazioni\t\t\t\t\t\t\t\t\t\t<\/a>\n\t\t\t\t\t\t\t\t\t<\/div>\n\t\t\t\t\t\t\t\t<\/div>\n\t\t\t\t\t\t\t\t\t\t\t\t\t<\/div>\n\t\t\t\t\t<\/div>\n\t\t\t\t\t\t\t\t\t\t<div class=\"cards-list__card\">\n\t\t\t\t\t\t\t\t\t\t\t\t\t<header class=\"cards-list__card-header\">\n\t\t\t\t\t\t\t\t<h3>Studi di Elithair<\/h3>\n\t\t\t\t\t\t\t\t\t\t\t\t\t\t\t\t\n\t\t\t\t\t\t\t<\/header>\n\t\t\t\t\t\t\t\t\t\t\t\t<div class=\"cards-list__card-content is-flex flex-column\">\n\t\t\t\t\t\t\t\t\t\t\t\t\t\t\t<div class=\"cards-list__card-content-inner\">\n\t\t\t\t\t\t\t\t\t<p>Stagnazione \u00e8 una parola che non \u00e8 presente nel nostro vocabolario. Per questo motivo conduciamo studi regolari per creare ulteriori innovazioni e novit\u00e0 mondiali. Naturalmente, l\u2019attenzione non \u00e8 rivolta solo ai risultati tecnici, ma anche alla tua soddisfazione.<\/p>\n\t\t\t\t\t\t\t\t<\/div>\n\t\t\t\t\t\t\t\t\t\t\t\t\t\t\t\t\t\t\t\t\t\t<div class=\"cards-list__btn-list btn-list\">\n\t\t\t\t\t\t\t\t\t<div class=\"btn-item\">\n\t\t\t\t\t\t\t\t\t\t<a\n\t\t\t\t\t\t\t\t\t\t\tclass=\"btn\"\n\t\t\t\t\t\t\t\t\t\t\thref=\"https:\/\/elithair.com\/it\/studi-di-elithair\/\"\t\t\t\t\t\t\t\t\t\t>\n\t\t\t\t\t\t\t\t\t\t\t Ulteriori Informazioni\t\t\t\t\t\t\t\t\t\t<\/a>\n\t\t\t\t\t\t\t\t\t<\/div>\n\t\t\t\t\t\t\t\t<\/div>\n\t\t\t\t\t\t\t\t\t\t\t\t\t<\/div>\n\t\t\t\t\t<\/div>\n\t\t\t\t\t\t\t\t<\/div>\n\t\t\t\n\t\t\t<\/div>\n<\/section>\n","protected":false},"excerpt":{"rendered":"","protected":false},"author":1,"featured_media":0,"parent":0,"menu_order":0,"comment_status":"closed","ping_status":"closed","template":"","meta":{"_acf_changed":false,"_yoast_wpseo_focuskw":"","_yoast_wpseo_title":"Ricerca e sviluppo | Elithair","_yoast_wpseo_metadesc":"Elithair \u00e8 pioniere della ricerca nel campo del trapianto di capelli. Le nostre innovazioni e i nostri risultati in sintesi. Leggi qui ora!","_yoast_wpseo_meta-robots-noindex":"","_yoast_wpseo_meta-robots-nofollow":"","_yoast_wpseo_meta-robots-adv":"","_yoast_wpseo_canonical":"https:\/\/elithair.com\/it\/ricerca-e-sviluppo\/","_yoast_wpseo_opengraph-title":"Ricerca e sviluppo | Elithair","_yoast_wpseo_opengraph-description":"Elithair \u00e8 pioniere della ricerca nel campo del trapianto di capelli. Le nostre innovazioni e i nostri risultati in sintesi. Leggi qui ora!","_yoast_wpseo_opengraph-image":"https:\/\/elithair.com\/it\/wp-content\/uploads\/sites\/6\/2026\/05\/ricerca-e-sviluppo.png","_yoast_wpseo_twitter-title":"","_yoast_wpseo_twitter-description":"","_yoast_wpseo_twitter-image":"https:\/\/elithair.com\/it\/wp-content\/uploads\/sites\/6\/2026\/05\/ricerca-e-sviluppo.png","_hm_hreflang_map":{"de":53,"uk":707,"es":89235,"it":15,"pt":24,"fr":31,"x_default":53},"_hm_language_code":"it","footnotes":""},"class_list":["post-15","page","type-page","status-publish","hentry"],"acf":[],"yoast_head":"<!-- This site is optimized with the Yoast SEO Premium plugin v27.5 (Yoast SEO v27.5) - https:\/\/yoast.com\/product\/yoast-seo-premium-wordpress\/ -->\n<title>Ricerca e sviluppo | Elithair<\/title>\n<meta name=\"description\" content=\"Elithair \u00e8 pioniere della ricerca nel campo del trapianto di capelli. Le nostre innovazioni e i nostri risultati in sintesi. Leggi qui ora!\" \/>\n<meta name=\"robots\" content=\"noindex, follow, max-snippet:-1, max-image-preview:large, max-video-preview:-1\" \/>\n<meta property=\"og:locale\" content=\"it_IT\" \/>\n<meta property=\"og:type\" content=\"article\" \/>\n<meta property=\"og:title\" content=\"Ricerca e sviluppo | Elithair\" \/>\n<meta property=\"og:description\" content=\"Elithair \u00e8 pioniere della ricerca nel campo del trapianto di capelli. Le nostre innovazioni e i nostri risultati in sintesi. Leggi qui ora!\" \/>\n<meta property=\"og:url\" content=\"https:\/\/elithair.com\/it\/ricerca-e-sviluppo\/\" \/>\n<meta property=\"og:site_name\" content=\"Elithair IT\" \/>\n<meta property=\"article:modified_time\" content=\"2026-05-03T11:58:09+00:00\" \/>\n<meta property=\"og:image\" content=\"https:\/\/elithair.com\/it\/wp-content\/uploads\/sites\/6\/2026\/05\/ricerca-e-sviluppo.png\" \/>\n<meta name=\"twitter:card\" content=\"summary_large_image\" \/>\n<meta name=\"twitter:title\" content=\"Ricerca e sviluppo\" \/>\n<meta name=\"twitter:image\" content=\"https:\/\/elithair.com\/it\/wp-content\/uploads\/sites\/6\/2026\/05\/ricerca-e-sviluppo.png\" \/>\n<script type=\"application\/ld+json\" class=\"yoast-schema-graph\">{\"@context\":\"https:\\\/\\\/schema.org\",\"@graph\":[{\"@type\":\"WebPage\",\"@id\":\"https:\\\/\\\/elithair.com\\\/it\\\/ricerca-e-sviluppo\\\/\",\"url\":\"https:\\\/\\\/elithair.com\\\/it\\\/ricerca-e-sviluppo\\\/\",\"name\":\"Ricerca e sviluppo | Elithair\",\"isPartOf\":{\"@id\":\"https:\\\/\\\/elithair.com\\\/it\\\/#website\"},\"datePublished\":\"2026-04-11T15:30:11+00:00\",\"dateModified\":\"2026-05-03T11:58:09+00:00\",\"description\":\"Elithair \u00e8 pioniere della ricerca nel campo del trapianto di capelli. Le nostre innovazioni e i nostri risultati in sintesi. Leggi qui ora!\",\"breadcrumb\":{\"@id\":\"https:\\\/\\\/elithair.com\\\/it\\\/ricerca-e-sviluppo\\\/#breadcrumb\"},\"inLanguage\":\"it-IT\",\"potentialAction\":[{\"@type\":\"ReadAction\",\"target\":[\"https:\\\/\\\/elithair.com\\\/it\\\/ricerca-e-sviluppo\\\/\"]}]},{\"@type\":\"BreadcrumbList\",\"@id\":\"https:\\\/\\\/elithair.com\\\/it\\\/ricerca-e-sviluppo\\\/#breadcrumb\",\"itemListElement\":[{\"@type\":\"ListItem\",\"position\":1,\"name\":\"Home\",\"item\":\"https:\\\/\\\/elithair.com\\\/it\\\/\"},{\"@type\":\"ListItem\",\"position\":2,\"name\":\"Ricerca e sviluppo\"}]},{\"@type\":\"WebSite\",\"@id\":\"https:\\\/\\\/elithair.com\\\/it\\\/#website\",\"url\":\"https:\\\/\\\/elithair.com\\\/it\\\/\",\"name\":\"Elithair\",\"description\":\"\",\"alternateName\":\"la migliore clinica di trapianto di capelli in Turchia\",\"potentialAction\":[{\"@type\":\"SearchAction\",\"target\":{\"@type\":\"EntryPoint\",\"urlTemplate\":\"https:\\\/\\\/elithair.com\\\/it\\\/?s={search_term_string}\"},\"query-input\":{\"@type\":\"PropertyValueSpecification\",\"valueRequired\":true,\"valueName\":\"search_term_string\"}}],\"inLanguage\":\"it-IT\"}]}<\/script>\n<!-- \/ Yoast SEO Premium plugin. -->","yoast_head_json":{"title":"Ricerca e sviluppo | Elithair","description":"Elithair \u00e8 pioniere della ricerca nel campo del trapianto di capelli. Le nostre innovazioni e i nostri risultati in sintesi. Leggi qui ora!","robots":{"index":"noindex","follow":"follow","max-snippet":"max-snippet:-1","max-image-preview":"max-image-preview:large","max-video-preview":"max-video-preview:-1"},"og_locale":"it_IT","og_type":"article","og_title":"Ricerca e sviluppo | Elithair","og_description":"Elithair \u00e8 pioniere della ricerca nel campo del trapianto di capelli. Le nostre innovazioni e i nostri risultati in sintesi. Leggi qui ora!","og_url":"https:\/\/elithair.com\/it\/ricerca-e-sviluppo\/","og_site_name":"Elithair IT","article_modified_time":"2026-05-03T11:58:09+00:00","og_image":[{"url":"https:\/\/elithair.com\/it\/wp-content\/uploads\/sites\/6\/2026\/05\/ricerca-e-sviluppo.png","type":"","width":"","height":""}],"twitter_card":"summary_large_image","twitter_title":"Ricerca e sviluppo","twitter_image":"https:\/\/elithair.com\/it\/wp-content\/uploads\/sites\/6\/2026\/05\/ricerca-e-sviluppo.png","schema":{"@context":"https:\/\/schema.org","@graph":[{"@type":"WebPage","@id":"https:\/\/elithair.com\/it\/ricerca-e-sviluppo\/","url":"https:\/\/elithair.com\/it\/ricerca-e-sviluppo\/","name":"Ricerca e sviluppo | Elithair","isPartOf":{"@id":"https:\/\/elithair.com\/it\/#website"},"datePublished":"2026-04-11T15:30:11+00:00","dateModified":"2026-05-03T11:58:09+00:00","description":"Elithair \u00e8 pioniere della ricerca nel campo del trapianto di capelli. Le nostre innovazioni e i nostri risultati in sintesi. Leggi qui ora!","breadcrumb":{"@id":"https:\/\/elithair.com\/it\/ricerca-e-sviluppo\/#breadcrumb"},"inLanguage":"it-IT","potentialAction":[{"@type":"ReadAction","target":["https:\/\/elithair.com\/it\/ricerca-e-sviluppo\/"]}]},{"@type":"BreadcrumbList","@id":"https:\/\/elithair.com\/it\/ricerca-e-sviluppo\/#breadcrumb","itemListElement":[{"@type":"ListItem","position":1,"name":"Home","item":"https:\/\/elithair.com\/it\/"},{"@type":"ListItem","position":2,"name":"Ricerca e sviluppo"}]},{"@type":"WebSite","@id":"https:\/\/elithair.com\/it\/#website","url":"https:\/\/elithair.com\/it\/","name":"Elithair","description":"","alternateName":"la migliore clinica di trapianto di capelli in Turchia","potentialAction":[{"@type":"SearchAction","target":{"@type":"EntryPoint","urlTemplate":"https:\/\/elithair.com\/it\/?s={search_term_string}"},"query-input":{"@type":"PropertyValueSpecification","valueRequired":true,"valueName":"search_term_string"}}],"inLanguage":"it-IT"}]}},"jetpack_sharing_enabled":true,"_links":{"self":[{"href":"https:\/\/elithair.com\/it\/wp-json\/wp\/v2\/pages\/15","targetHints":{"allow":["GET"]}}],"collection":[{"href":"https:\/\/elithair.com\/it\/wp-json\/wp\/v2\/pages"}],"about":[{"href":"https:\/\/elithair.com\/it\/wp-json\/wp\/v2\/types\/page"}],"author":[{"embeddable":true,"href":"https:\/\/elithair.com\/it\/wp-json\/wp\/v2\/users\/1"}],"replies":[{"embeddable":true,"href":"https:\/\/elithair.com\/it\/wp-json\/wp\/v2\/comments?post=15"}],"version-history":[{"count":5,"href":"https:\/\/elithair.com\/it\/wp-json\/wp\/v2\/pages\/15\/revisions"}],"predecessor-version":[{"id":106963,"href":"https:\/\/elithair.com\/it\/wp-json\/wp\/v2\/pages\/15\/revisions\/106963"}],"wp:attachment":[{"href":"https:\/\/elithair.com\/it\/wp-json\/wp\/v2\/media?parent=15"}],"curies":[{"name":"wp","href":"https:\/\/api.w.org\/{rel}","templated":true}]}}