{"id":104966,"date":"2026-04-16T08:25:27","date_gmt":"2026-04-16T08:25:27","guid":{"rendered":"https:\/\/unified.elitexperiments.com\/it\/?page_id=104966"},"modified":"2026-04-25T19:03:05","modified_gmt":"2026-04-25T19:03:05","slug":"termini-e-condizioni","status":"publish","type":"page","link":"https:\/\/elithair.com\/it\/termini-e-condizioni\/","title":{"rendered":"Termini e Condizioni"},"content":{"rendered":"<section class=\"wp-block-elh-custom-full-content custom-full-content bg-linear-dark dark-layout\">\n\t\t<div class=\"custom-full-content__container container is-flex flex-column gap-default\">\n\t\t\t\t\t<header class=\"custom-full-content__header\">\n\t\t\t\t<h2>\t\t\t\t\tTermini e Condizioni\t\t\t\t<\/h2>\t\t\t<\/header>\n\t\t\n\t\t\t\t\t<div class=\"custom-full-content__body\">\n\t\t\t\t<h2>Condizioni Generali di Vendita (CGV) per i Servizi di Intermediazione e le Prestazioni Proprie (Trapianti di Capelli)<\/h2>\n<h3>1. Ambito di Applicazione e Oggetto del Contratto<\/h3>\n<p>1.1 Le presenti CGV si applicano a tutti i contratti tra il cliente e \u201cElithairtransplant.com\u201d o GLOBAL HEALTH CARE SA\u011eLIK H\u0130ZMETLER\u0130 ANON\u0130M \u015e\u0130RKET\u0130 (di seguito denominato il \u201cFornitore\u201d). Tali contratti includono sia l\u2019intermediazione di servizi di terzi (ad es., trasporti, alloggi e trapianti di capelli) sia l\u2019esecuzione autonoma di trattamenti entro i limiti legalmente consentiti.<\/p>\n<p>1.2 Il Fornitore opera in diversi ruoli:<\/p>\n<ul>\n<li>Come intermediario, organizza contratti tra il cliente e terzi (ad es., trasporti, alloggi e trapianti di capelli).<\/li>\n<li>Come prestatore di servizi, esegue direttamente le prestazioni concordate. In entrambi i casi, si applicano le presenti CGV.<\/li>\n<\/ul>\n<h3>2. Conclusione del Contratto<\/h3>\n<p>2.1 Con la richiesta di prenotazione (scritta, orale, telefonica o elettronica), il cliente presenta un\u2019offerta per la conclusione di un contratto di intermediazione. Il contratto si perfeziona solo con la conferma scritta del Fornitore.<\/p>\n<p>2.2 Il Fornitore \u00e8 soggetto a vincoli di capacit\u00e0, pertanto non sussiste un obbligo di contrarre.<\/p>\n<p>2.3 Per quanto riguarda le prestazioni fornite direttamente dal Fornitore, il contratto si conclude con l\u2019accettazione della prenotazione e la conferma scritta da parte del Fornitore. Se del caso, un contratto successivo regoler\u00e0 la prestazione specifica, la sua portata e la remunerazione.<\/p>\n<h3>3. Responsabilit\u00e0<\/h3>\n<p>3.1 Il Fornitore non si assume alcuna responsabilit\u00e0 per la corretta esecuzione delle prestazioni intermediate, se non le esegue direttamente. I contratti relativi alle prestazioni intermediate vengono stipulati esclusivamente tra il cliente e il rispettivo fornitore terzo. Il Fornitore \u00e8 responsabile esclusivamente per l\u2019attenta selezione dei partner intermediari e per la corretta trasmissione delle informazioni. \u00c8 espressamente esclusa qualsiasi responsabilit\u00e0 per l\u2019effettiva esecuzione o per i difetti delle prestazioni intermediate.<\/p>\n<p>3.2 Il Fornitore pu\u00f2 anche eseguire prestazioni direttamente. Tale prestazione avviene previo accordo scritto su luogo, data, portata e prezzo del trattamento. Per i trattamenti eseguiti direttamente dal Fornitore, quest\u2019ultimo \u00e8 responsabile solo in caso di dolo o colpa grave. In caso di colpa lieve, la responsabilit\u00e0 sussiste solo in caso di violazione di obblighi contrattuali essenziali (obblighi cardinali), limitata al danno prevedibile e tipico del contratto. Non si assume alcuna responsabilit\u00e0 per danni derivanti dalla mancata osservanza delle indicazioni post-trattamento. La limitazione di responsabilit\u00e0 non si applica in caso di lesioni alla vita, al corpo o alla salute. Se un danno \u00e8 coperto da un\u2019assicurazione del cliente, la responsabilit\u00e0 si limita agli svantaggi che il cliente subisce a causa dell\u2019utilizzo di tale assicurazione (ad es. franchigie).<\/p>\n<p>3.3 Il rispettivo medico curante informer\u00e0 il cliente in modo esaustivo sulla procedura, i possibili effetti collaterali, le controindicazioni e i risultati attesi prima dell\u2019esecuzione del trattamento. Il consenso del cliente al trattamento deve essere fornito per iscritto prima dell\u2019inizio dell\u2019intervento.<\/p>\n<p>3.4 Il cliente si impegna a osservare le indicazioni post-trattamento del Fornitore. Il Fornitore non si assume alcuna responsabilit\u00e0 per complicazioni derivanti dalla mancata osservanza di tali indicazioni.<\/p>\n<h3>4. Protezione dei Dati e Pubblicit\u00e0<\/h3>\n<p>Il Fornitore raccoglie, memorizza ed elabora i dati personali del cliente nella misura necessaria per l\u2019avvio, l\u2019esecuzione e la gestione del contratto, nonch\u00e9 per l\u2019assistenza al cliente. Ci\u00f2 avviene nel rispetto delle leggi vigenti in materia di protezione dei dati, in particolare il Regolamento Generale sulla Protezione dei Dati (RGPD).<\/p>\n<p>4.1 Durante la visita al sito web e nell\u2019ambito del primo contatto, vengono raccolti i seguenti dati, nella misura in cui siano forniti dal cliente:<\/p>\n<ul>\n<li>Nome<\/li>\n<li>Indirizzo e-mail<\/li>\n<li>Numero di telefono<\/li>\n<li>Foto (ad es., cuoio capelluto, stato dei capelli)<\/li>\n<\/ul>\n<p>Nel corso ulteriore della comunicazione (ad es., via e-mail o telefono), possono essere raccolti ulteriori dati come:<\/p>\n<ul>\n<li>Indirizzo di residenza<\/li>\n<li>Informazioni professionali<\/li>\n<li>Malattie pregresse, in particolare in relazione al trattamento desiderato<\/li>\n<li>Allergie<\/li>\n<li>Altre informazioni sanitarie o personali necessarie per una consulenza o per l\u2019esecuzione del trattamento<\/li>\n<\/ul>\n<p>La raccolta di questi dati serve alla corretta preparazione, esecuzione e follow-up del trattamento o dei servizi intermediati. I dati relativi alla salute vengono raccolti solo se sono necessari per l\u2019esecuzione del contratto e sulla base del Suo consenso esplicito ai sensi dell\u2019Art. 9 par. 2 lett. a RGPD.<\/p>\n<p>4.2 Con la fornitura dei propri dati di contatto, il cliente acconsente che il Fornitore possa contattarlo per consulenza, assistenza o informazioni su servizi simili via e-mail, messenger o telefono. Questo consenso pu\u00f2 essere revocato in qualsiasi momento con effetto per il futuro.<br \/>\nUna revoca comporta che non avverr\u00e0 pi\u00f9 alcun contatto pubblicitario. La revoca \u00e8 possibile in forma non vincolante, ad es. tramite e-mail (italia@elithairtransplant.com), telefono o posta.<\/p>\n<p>4.3 La trasmissione di dati personali a terzi avviene esclusivamente nella misura in cui ci\u00f2 sia necessario per l\u2019esecuzione del contratto intermediato o concordato e solo in conformit\u00e0 con le disposizioni in materia di protezione dei dati, in particolare ai sensi dell\u2019Art. 44 e seguenti del RGPD.<\/p>\n<h3>5. Clausola di Salvaguardia<\/h3>\n<p>Qualora singole disposizioni delle presenti CGV fossero o dovessero diventare invalide o inapplicabili, la validit\u00e0 delle restanti disposizioni rimarr\u00e0 inalterata. La clausola invalida sar\u00e0 sostituita da una disposizione che si avvicini il pi\u00f9 possibile allo scopo economico della disposizione originale.<\/p>\n<p><strong>Nota:<\/strong>\u00a0Le presenti CGV sostituiscono tutte le versioni precedenti ed entrano in vigore al momento della pubblicazione.<\/p>\n\t\t\t<\/div>\n\t\t\n\t\t\t<\/div>\n<\/section>\n","protected":false},"excerpt":{"rendered":"","protected":false},"author":1,"featured_media":0,"parent":0,"menu_order":0,"comment_status":"closed","ping_status":"closed","template":"","meta":{"_acf_changed":false,"_yoast_wpseo_focuskw":"","_yoast_wpseo_title":"Termini e Condizioni - Elithair","_yoast_wpseo_metadesc":"Termini e condizioni per trapianto capelli in Turchia","_yoast_wpseo_meta-robots-noindex":"1","_yoast_wpseo_meta-robots-nofollow":"1","_yoast_wpseo_meta-robots-adv":"","_yoast_wpseo_canonical":"","_yoast_wpseo_opengraph-title":"Termini e Condizioni","_yoast_wpseo_opengraph-description":"Termini e condizioni per trapianto capelli in Turchia","_yoast_wpseo_opengraph-image":"https:\/\/elithair.com\/it\/wp-content\/uploads\/2024\/03\/elithair-logo-secondary.png","_yoast_wpseo_twitter-title":"","_yoast_wpseo_twitter-description":"","_yoast_wpseo_twitter-image":"","_hm_hreflang_map":[],"_hm_language_code":"","footnotes":""},"class_list":["post-104966","page","type-page","status-publish","hentry"],"acf":[],"yoast_head":"<!-- This site is optimized with the Yoast SEO Premium plugin v27.5 (Yoast SEO v27.5) - https:\/\/yoast.com\/product\/yoast-seo-premium-wordpress\/ -->\n<title>Termini e Condizioni - Elithair<\/title>\n<meta name=\"description\" content=\"Termini e condizioni per trapianto capelli in Turchia\" \/>\n<meta name=\"robots\" content=\"noindex, nofollow\" \/>\n<meta property=\"og:locale\" content=\"it_IT\" \/>\n<meta property=\"og:type\" content=\"article\" \/>\n<meta property=\"og:title\" content=\"Termini e Condizioni\" \/>\n<meta property=\"og:description\" content=\"Termini e condizioni per trapianto capelli in Turchia\" \/>\n<meta property=\"og:url\" content=\"https:\/\/elithair.com\/it\/termini-e-condizioni\/\" \/>\n<meta property=\"og:site_name\" content=\"Elithair IT\" \/>\n<meta property=\"article:modified_time\" content=\"2026-04-25T19:03:05+00:00\" \/>\n<meta property=\"og:image\" content=\"https:\/\/elithair.com\/it\/wp-content\/uploads\/2024\/03\/elithair-logo-secondary.png\" \/>\n<meta name=\"twitter:card\" content=\"summary_large_image\" \/>\n<meta name=\"twitter:title\" content=\"Termini e Condizioni\" \/>\n<script type=\"application\/ld+json\" class=\"yoast-schema-graph\">{\"@context\":\"https:\\\/\\\/schema.org\",\"@graph\":[{\"@type\":\"WebPage\",\"@id\":\"https:\\\/\\\/elithair.com\\\/it\\\/termini-e-condizioni\\\/\",\"url\":\"https:\\\/\\\/elithair.com\\\/it\\\/termini-e-condizioni\\\/\",\"name\":\"Termini e Condizioni - Elithair\",\"isPartOf\":{\"@id\":\"https:\\\/\\\/elithair.com\\\/it\\\/#website\"},\"datePublished\":\"2026-04-16T08:25:27+00:00\",\"dateModified\":\"2026-04-25T19:03:05+00:00\",\"description\":\"Termini e condizioni per trapianto capelli in Turchia\",\"breadcrumb\":{\"@id\":\"https:\\\/\\\/elithair.com\\\/it\\\/termini-e-condizioni\\\/#breadcrumb\"},\"inLanguage\":\"it-IT\",\"potentialAction\":[{\"@type\":\"ReadAction\",\"target\":[\"https:\\\/\\\/elithair.com\\\/it\\\/termini-e-condizioni\\\/\"]}]},{\"@type\":\"BreadcrumbList\",\"@id\":\"https:\\\/\\\/elithair.com\\\/it\\\/termini-e-condizioni\\\/#breadcrumb\",\"itemListElement\":[{\"@type\":\"ListItem\",\"position\":1,\"name\":\"Home\",\"item\":\"https:\\\/\\\/elithair.com\\\/it\\\/\"},{\"@type\":\"ListItem\",\"position\":2,\"name\":\"Termini e Condizioni\"}]},{\"@type\":\"WebSite\",\"@id\":\"https:\\\/\\\/elithair.com\\\/it\\\/#website\",\"url\":\"https:\\\/\\\/elithair.com\\\/it\\\/\",\"name\":\"Elithair\",\"description\":\"\",\"alternateName\":\"la migliore clinica di trapianto di capelli in Turchia\",\"potentialAction\":[{\"@type\":\"SearchAction\",\"target\":{\"@type\":\"EntryPoint\",\"urlTemplate\":\"https:\\\/\\\/elithair.com\\\/it\\\/?s={search_term_string}\"},\"query-input\":{\"@type\":\"PropertyValueSpecification\",\"valueRequired\":true,\"valueName\":\"search_term_string\"}}],\"inLanguage\":\"it-IT\"}]}<\/script>\n<!-- \/ Yoast SEO Premium plugin. -->","yoast_head_json":{"title":"Termini e Condizioni - Elithair","description":"Termini e condizioni per trapianto capelli in Turchia","robots":{"index":"noindex","follow":"nofollow"},"og_locale":"it_IT","og_type":"article","og_title":"Termini e Condizioni","og_description":"Termini e condizioni per trapianto capelli in Turchia","og_url":"https:\/\/elithair.com\/it\/termini-e-condizioni\/","og_site_name":"Elithair IT","article_modified_time":"2026-04-25T19:03:05+00:00","og_image":[{"url":"https:\/\/elithair.com\/it\/wp-content\/uploads\/2024\/03\/elithair-logo-secondary.png","type":"","width":"","height":""}],"twitter_card":"summary_large_image","twitter_title":"Termini e Condizioni","schema":{"@context":"https:\/\/schema.org","@graph":[{"@type":"WebPage","@id":"https:\/\/elithair.com\/it\/termini-e-condizioni\/","url":"https:\/\/elithair.com\/it\/termini-e-condizioni\/","name":"Termini e Condizioni - Elithair","isPartOf":{"@id":"https:\/\/elithair.com\/it\/#website"},"datePublished":"2026-04-16T08:25:27+00:00","dateModified":"2026-04-25T19:03:05+00:00","description":"Termini e condizioni per trapianto capelli in Turchia","breadcrumb":{"@id":"https:\/\/elithair.com\/it\/termini-e-condizioni\/#breadcrumb"},"inLanguage":"it-IT","potentialAction":[{"@type":"ReadAction","target":["https:\/\/elithair.com\/it\/termini-e-condizioni\/"]}]},{"@type":"BreadcrumbList","@id":"https:\/\/elithair.com\/it\/termini-e-condizioni\/#breadcrumb","itemListElement":[{"@type":"ListItem","position":1,"name":"Home","item":"https:\/\/elithair.com\/it\/"},{"@type":"ListItem","position":2,"name":"Termini e Condizioni"}]},{"@type":"WebSite","@id":"https:\/\/elithair.com\/it\/#website","url":"https:\/\/elithair.com\/it\/","name":"Elithair","description":"","alternateName":"la migliore clinica di trapianto di capelli in Turchia","potentialAction":[{"@type":"SearchAction","target":{"@type":"EntryPoint","urlTemplate":"https:\/\/elithair.com\/it\/?s={search_term_string}"},"query-input":{"@type":"PropertyValueSpecification","valueRequired":true,"valueName":"search_term_string"}}],"inLanguage":"it-IT"}]}},"jetpack_sharing_enabled":true,"_links":{"self":[{"href":"https:\/\/elithair.com\/it\/wp-json\/wp\/v2\/pages\/104966","targetHints":{"allow":["GET"]}}],"collection":[{"href":"https:\/\/elithair.com\/it\/wp-json\/wp\/v2\/pages"}],"about":[{"href":"https:\/\/elithair.com\/it\/wp-json\/wp\/v2\/types\/page"}],"author":[{"embeddable":true,"href":"https:\/\/elithair.com\/it\/wp-json\/wp\/v2\/users\/1"}],"replies":[{"embeddable":true,"href":"https:\/\/elithair.com\/it\/wp-json\/wp\/v2\/comments?post=104966"}],"version-history":[{"count":2,"href":"https:\/\/elithair.com\/it\/wp-json\/wp\/v2\/pages\/104966\/revisions"}],"predecessor-version":[{"id":105730,"href":"https:\/\/elithair.com\/it\/wp-json\/wp\/v2\/pages\/104966\/revisions\/105730"}],"wp:attachment":[{"href":"https:\/\/elithair.com\/it\/wp-json\/wp\/v2\/media?parent=104966"}],"curies":[{"name":"wp","href":"https:\/\/api.w.org\/{rel}","templated":true}]}}