{"id":35,"date":"2026-04-11T14:48:44","date_gmt":"2026-04-11T14:48:44","guid":{"rendered":"https:\/\/unified.elitexperiments.com\/fr\/etudes\/"},"modified":"2026-05-03T11:47:40","modified_gmt":"2026-05-03T11:47:40","slug":"etudes","status":"publish","type":"page","link":"https:\/\/elithair.com\/fr\/informations\/etudes\/","title":{"rendered":"Les \u00e9tudes d\u2019Elithair"},"content":{"rendered":"<section class=\"wp-block-elh-main-hero main-hero dark-layout has-top-right-circle\">\n\t<div class=\"main-hero__container container\">\n\t\t\t\t\t<header class=\"main-hero__header\">\t\t\t\t\n\t\t\t\t<h1>\t\t\t\t\tLes \u00e9tudes d\u2019Elithair\t\t\t\t<\/h1>\t\t\t<\/header>\n\t\t\n\t\t\t\t\t<div class=\"main-hero__content\">\n\t\t\t\t<p>En tant que leader du march\u00e9 dans le domaine de la greffe capillaire moderne, Elithair se d\u00e9marque par des r\u00e9sultats constants et des sp\u00e9cialistes de renomm\u00e9e internationale, ainsi que par un engagement permanent en mati\u00e8re de d\u00e9veloppement.<\/p>\n<p>En plus de la recherche et du d\u00e9veloppement de nouvelles techniques exclusives, comme la NEO FUE et SDHI, les \u00e9tudes nous apportent des informations pr\u00e9cieuses sur l\u2019efficacit\u00e9 de nos traitements et la satisfaction de nos patients.<\/p>\n\t\t\t<\/div>\n\t\t\n\t\t\t\t\t<div class=\"main-hero__media\">\n\t\t\t\t<img decoding=\"async\" width=\"600\" height=\"600\" src=\"https:\/\/elithair.com\/fr\/wp-content\/uploads\/sites\/9\/2026\/04\/haartransplantation-studie-auswertung.webp\" class=\"hero-image\" alt=\"Un consultant m\u00e9dical \u00e9value une \u00e9tude par t\u00e9l\u00e9phone.\" loading=\"eager\" fetchpriority=\"high\" sizes=\"(max-width: 767px) 40vw, (max-width: 1023px) 23vw, 25vw\" srcset=\"https:\/\/elithair.com\/fr\/wp-content\/uploads\/sites\/9\/2026\/04\/haartransplantation-studie-auswertung.webp 600w, https:\/\/elithair.com\/fr\/wp-content\/uploads\/sites\/9\/2026\/04\/haartransplantation-studie-auswertung-300x300.webp 300w, https:\/\/elithair.com\/fr\/wp-content\/uploads\/sites\/9\/2026\/04\/haartransplantation-studie-auswertung-150x150.webp 150w\" \/>\t\t\t<\/div>\n\t\t\t\t\t<\/div>\n\t\t\n\t<\/section>\n\n\n<section class=\"wp-block-elh-cards-list cards-list layout-02 bg-grey\">\n\t<div class=\"cards-list__container container is-flex flex-column gap-default\">\n\t\t\t\t\t<header class=\"cards-list__header text-center\">\n\t\t\t\t<h2>\t\t\t\t\tNos \u00e9tudes\t\t\t\t<\/h2>\t\t\t<\/header>\n\t\t\n\t\t\t\t\t<div class=\"cards-list__top-content text-center\">\n\t\t\t\t<p>La transparence \u00e9tant au c\u0153ur de nos pr\u00e9occupations, nous estimons qu\u2019il est important de partager ces connaissances avec vous.<\/p>\n<p>Trouverez ci-dessous un aper\u00e7u d\u00e9taill\u00e9 de quelques-unes de nos \u00e9tudes les plus importantes.<\/p>\n\t\t\t<\/div>\n\t\t\n\t\t\t\t\t<div class=\"cards-list__cards\">\n\t\t\t\t\t\t\t\t\t<div class=\"cards-list__card\">\n\t\t\t\t\t\t\t\t\t\t\t\t\t<header class=\"cards-list__card-header\">\n\t\t\t\t\t\t\t\t<h3>\u00c9tude de satisfaction sur la greffe de cheveux<\/h3>\n\t\t\t\t\t\t\t\t\t\t\t\t\t\t\t\t\n\t\t\t\t\t\t\t<\/header>\n\t\t\t\t\t\t\t\t\t\t\t\t<div class=\"cards-list__card-content is-flex flex-column\">\n\t\t\t\t\t\t\t\t\t\t\t\t\t\t\t<div class=\"cards-list__card-content-inner\">\n\t\t\t\t\t\t\t\t\t<p>Nous ne voulons pas seulement satisfaire nos patients, nous voulons les impressionner. Depuis plusieurs ann\u00e9es, notre taux de recommandation se maintient entre 98\u2009% et 99\u2009%.<\/p>\n<p>C\u2019est pourquoi nous avons lanc\u00e9 en juillet 2022 une \u00e9tude d\u00e9taill\u00e9e sur la satisfaction de nos patients, disponible en ligne gratuitement ici.<\/p>\n\t\t\t\t\t\t\t\t<\/div>\n\t\t\t\t\t\t\t\t\t\t\t\t\t\t\t\t\t\t\t\t\t\t<div class=\"cards-list__btn-list btn-list\">\n\t\t\t\t\t\t\t\t\t<div class=\"btn-item\">\n\t\t\t\t\t\t\t\t\t\t<a\n\t\t\t\t\t\t\t\t\t\t\tclass=\"btn\"\n\t\t\t\t\t\t\t\t\t\t\thref=\"\/fr\/informations\/etudes\/satisfaction-patients\/\"\t\t\t\t\t\t\t\t\t\t>\n\t\t\t\t\t\t\t\t\t\t\tVoir l\u2019\u00e9tude\t\t\t\t\t\t\t\t\t\t<\/a>\n\t\t\t\t\t\t\t\t\t<\/div>\n\t\t\t\t\t\t\t\t<\/div>\n\t\t\t\t\t\t\t\t\t\t\t\t\t<\/div>\n\t\t\t\t\t<\/div>\n\t\t\t\t\t\t\t\t\t\t<div class=\"cards-list__card\">\n\t\t\t\t\t\t\t\t\t\t\t\t\t<header class=\"cards-list__card-header\">\n\t\t\t\t\t\t\t\t<h3>\u00c9tude sur l\u2019efficacit\u00e9 des ingr\u00e9dients des produits capillaires elithair<\/h3>\n\t\t\t\t\t\t\t\t\t\t\t\t\t\t\t\t\n\t\t\t\t\t\t\t<\/header>\n\t\t\t\t\t\t\t\t\t\t\t\t<div class=\"cards-list__card-content is-flex flex-column\">\n\t\t\t\t\t\t\t\t\t\t\t\t\t\t\t<div class=\"cards-list__card-content-inner\">\n\t\t\t\t\t\t\t\t\t<p>Elithair mise sur une qualit\u00e9 sup\u00e9rieure non seulement pour ses traitements capillaires professionnels, mais aussi pour les produits capillaires d\u00e9velopp\u00e9s par le Dr Balwi.<\/p>\n<p>Lisez ici toutes les informations importantes sur l\u2019efficacit\u00e9 des ingr\u00e9dients de nos produits.<\/p>\n\t\t\t\t\t\t\t\t<\/div>\n\t\t\t\t\t\t\t\t\t\t\t\t\t\t\t\t\t\t\t\t\t\t<div class=\"cards-list__btn-list btn-list\">\n\t\t\t\t\t\t\t\t\t<div class=\"btn-item\">\n\t\t\t\t\t\t\t\t\t\t<a\n\t\t\t\t\t\t\t\t\t\t\tclass=\"btn\"\n\t\t\t\t\t\t\t\t\t\t\thref=\"https:\/\/elithair-shop.com\/fr\/pages\/studien\" target=\"_blank\" rel=\"noopener noreferrer\"\t\t\t\t\t\t\t\t\t\t>\n\t\t\t\t\t\t\t\t\t\t\tVoir l\u2019\u00e9tude\t\t\t\t\t\t\t\t\t\t<\/a>\n\t\t\t\t\t\t\t\t\t<\/div>\n\t\t\t\t\t\t\t\t<\/div>\n\t\t\t\t\t\t\t\t\t\t\t\t\t<\/div>\n\t\t\t\t\t<\/div>\n\t\t\t\t\t\t\t\t\t\t<div class=\"cards-list__card\">\n\t\t\t\t\t\t\t\t\t\t\t\t\t<header class=\"cards-list__card-header\">\n\t\t\t\t\t\t\t\t<h3>\u00c9tude de l\u2019effet des boissons \u00e9nergisantes sur la perte de cheveux chez les adultes<\/h3>\n\t\t\t\t\t\t\t\t\t\t\t\t\t\t\t\t\n\t\t\t\t\t\t\t<\/header>\n\t\t\t\t\t\t\t\t\t\t\t\t<div class=\"cards-list__card-content is-flex flex-column\">\n\t\t\t\t\t\t\t\t\t\t\t\t\t\t\t<div class=\"cards-list__card-content-inner\">\n\t\t\t\t\t\t\t\t\t<p>Selon le rapport de l\u2019EFSA de 2013 sur les boissons \u00e9nergisantes, environ 30 % des adultes interrog\u00e9s consomment ce type de boissons. Pour 12 % d\u2019entre eux, leur consommation est consid\u00e9r\u00e9e \u00ab \u00e9lev\u00e9e et chronique \u00bb et repr\u00e9sente en moyenne 4,5 litres par mois.<\/p>\n<p>Le Dr Balwi expose dans ce court article l\u2019impact des boissons \u00e9nergisantes sur la chute capillaire chez les adultes.<\/p>\n<p>Pour en savoir plus sur l\u2019\u00e9tude, consultez le document disponible en ligne :<\/p>\n\t\t\t\t\t\t\t\t<\/div>\n\t\t\t\t\t\t\t\t\t\t\t\t\t\t\t\t\t\t\t\t\t\t<div class=\"cards-list__btn-list btn-list\">\n\t\t\t\t\t\t\t\t\t<div class=\"btn-item\">\n\t\t\t\t\t\t\t\t\t\t<a\n\t\t\t\t\t\t\t\t\t\t\tclass=\"btn\"\n\t\t\t\t\t\t\t\t\t\t\thref=\"https:\/\/elithair.com\/fr\/wp-content\/uploads\/sites\/9\/2026\/04\/boissons-energisantes-perte-de-cheveux.pdf\"\t\t\t\t\t\t\t\t\t\t>\n\t\t\t\t\t\t\t\t\t\t\tVoir l\u2019\u00e9tude\t\t\t\t\t\t\t\t\t\t<\/a>\n\t\t\t\t\t\t\t\t\t<\/div>\n\t\t\t\t\t\t\t\t<\/div>\n\t\t\t\t\t\t\t\t\t\t\t\t\t<\/div>\n\t\t\t\t\t<\/div>\n\t\t\t\t\t\t\t\t\t\t<div class=\"cards-list__card\">\n\t\t\t\t\t\t\t\t\t\t\t\t\t<header class=\"cards-list__card-header\">\n\t\t\t\t\t\t\t\t<h3>GREFFE CAPILLAIRE ET DIAB\u00c8TE : POSSIBILIT\u00c9S, RISQUES ET R\u00c9SULTATS<\/h3>\n\t\t\t\t\t\t\t\t\t\t\t\t\t\t\t\t\n\t\t\t\t\t\t\t<\/header>\n\t\t\t\t\t\t\t\t\t\t\t\t<div class=\"cards-list__card-content is-flex flex-column\">\n\t\t\t\t\t\t\t\t\t\t\t\t\t\t\t<div class=\"cards-list__card-content-inner\">\n\t\t\t\t\t\t\t\t\t<p>Peut-on r\u00e9aliser une greffe de cheveux lorsque l\u2019on est diab\u00e9tique ? Notre analyse sur 53 patients suivis pendant 7 mois montre qu\u2019une intervention s\u00fbre et efficace est r\u00e9alisable sous conditions sp\u00e9cifiques. Retrouvez ici nos conclusions et conseils m\u00e9dicaux.<\/p>\n\t\t\t\t\t\t\t\t<\/div>\n\t\t\t\t\t\t\t\t\t\t\t\t\t\t\t\t\t\t\t\t\t\t<div class=\"cards-list__btn-list btn-list\">\n\t\t\t\t\t\t\t\t\t<div class=\"btn-item\">\n\t\t\t\t\t\t\t\t\t\t<a\n\t\t\t\t\t\t\t\t\t\t\tclass=\"btn\"\n\t\t\t\t\t\t\t\t\t\t\thref=\"https:\/\/elithair.com\/fr\/wp-content\/uploads\/sites\/9\/2026\/04\/etude-diabete-patients-clinique-elithair-2024.pdf\" target=\"_blank\" rel=\"noopener noreferrer\"\t\t\t\t\t\t\t\t\t\t>\n\t\t\t\t\t\t\t\t\t\t\tVoir l\u2019\u00e9tude\t\t\t\t\t\t\t\t\t\t<\/a>\n\t\t\t\t\t\t\t\t\t<\/div>\n\t\t\t\t\t\t\t\t<\/div>\n\t\t\t\t\t\t\t\t\t\t\t\t\t<\/div>\n\t\t\t\t\t<\/div>\n\t\t\t\t\t\t\t\t<\/div>\n\t\t\t\n\t\t\t<\/div>\n<\/section>\n\n\n<section class=\"wp-block-elh-cards-slider cards-slider layout-content-media three-columns bg-dark-gradient-2 dark-layout\">\n\t<div class=\"cards-slider__container container text-center is-flex flex-column gap-default\">\n\t\t\t\t\t\t\t\t<header class=\"cards-slider__header\">\n\t\t\t\t\t\t\t\t\t<h2>\t\t\t\t\t\tT\u00e9moignage de nos patients\t\t\t\t\t<\/h2>\t\t\t\t\t\t\t\t\t\t\t<\/header>\n\t\t\n\t\t\n\t\t\n\t\t\t\t\t<div class=\"cards-slider__slider\">\n\t\t\t\t<div class=\"embla\" data-slides-to-scroll=\"1\" data-auto-play=\"false\" data-delay=\"3000\" data-loop=\"false\" data-center=\"true\" data-tab-only=\"true\" data-mob-only=\"false\" data-vertical-desk=\"false\" data-vertical-mob=\"false\">\n\t\t\t\t\t<div class=\"embla__viewport\">\n\t\t\t\t\t\t<div class=\"embla__container\">\n\t\t\t\t\t\t\t\t\t\t\t\t\t\t<div class=\"embla__slide\">\n\t\t\t\t\t\t\t\t<div class=\"embla__slide-inner\">\n\t\t\t\t\t\t\t\t\t\t\t\t\t\t\t\t\t\t<div class=\"slide-media\">\n\t\t\t\t\t\t\t\t\t\t\t\t\t\t\t\t\t\t\t\t\t\t\t\t\t\t\t\t\t\t\t\t\t<div class=\"vimeo-video slide-video\" data-vimeo-id=\"1078905949\">\n\t\t\t\t\t\t\t\t\t\t\t\t\t<figure>\n\t\t\t\t\t\t\t\t\t\t\t\t\t\t\t\t\t\t\t\t\t\t\t\t\t\t\t\t\t<img decoding=\"async\" width=\"290\" height=\"198\" src=\"https:\/\/elithair.com\/fr\/wp-content\/uploads\/sites\/9\/2026\/04\/Resultat-greffe-de-cheveux-Magic-Razik-1.webp\" class=\"video-cover\" alt=\"Magic Razik parle du r\u00e9sultat de sa greffe de cheveux\" loading=\"lazy\" \/>\t\t\t\t\t\t\t\t\t\t\t\t\t\t\t\t\t\t\t\t\t\t\t\t\t\t\t\t<span class=\"video-play-icon\"><img decoding=\"async\" width=\"150\" height=\"150\" src=\"https:\/\/elithair.com\/fr\/wp-content\/uploads\/sites\/9\/2026\/04\/play-pause-gif-s.gif\" class=\"attachment-thumbnail size-thumbnail\" alt=\"lancer la video\" loading=\"lazy\" \/><\/span>\t\t\t\t\t\t\t\t\t\t\t\t\t<\/figure>\n\t\t\t\t\t\t\t\t\t\t\t\t<\/div>\n\t\t\t\t\t\t\t\t\t\t\t\t\t\t\t\t\t\t\t\t\t\n\t\t\t\t\t\t\t\t\t<\/div>\n\t\t\t\t\t\t\t\t\t\t\t\t\t\t\t\t\t\t\t<div class=\"slide-content\">\n\t\t\t\t\t\t\t\t\t\t\t\t\t\t\t\t\t\t\t\t\t\t\t<div class=\"slide-content__body\"><p><strong>\u2605\u2605\u2605\u2605\u2605<br \/>\nMagic Razik<\/strong><\/p>\n<p>\u00ab Pour moi, faire une op\u00e9ration sans trop de douleur \u00e9tait absolument g\u00e9nial. \u00bb<\/p>\n<\/div>\n\t\t\t\t\t\t\t\t\t\t\t\t\t\t\t\t\t\t\t\t\t\t\t\t\t\t\t\t\t\t\t\t<\/div>\n\t\t\t\t\t\t\t\t\t\t\t\t\t\t\t\t\t<\/div>\n\t\t\t\t\t\t\t<\/div>\n\t\t\t\t\t\t\t\t\t\t\t\t\t\t<div class=\"embla__slide\">\n\t\t\t\t\t\t\t\t<div class=\"embla__slide-inner\">\n\t\t\t\t\t\t\t\t\t\t\t\t\t\t\t\t\t\t<div class=\"slide-media\">\n\t\t\t\t\t\t\t\t\t\t\t\t\t\t\t\t\t\t\t\t\t\t\t\t\t\t\t\t\t\t\t\t\t<div class=\"vimeo-video slide-video\" data-vimeo-id=\"1078906080\">\n\t\t\t\t\t\t\t\t\t\t\t\t\t<figure>\n\t\t\t\t\t\t\t\t\t\t\t\t\t\t\t\t\t\t\t\t\t\t\t\t\t\t\t\t\t<img decoding=\"async\" width=\"400\" height=\"270\" src=\"https:\/\/elithair.com\/fr\/wp-content\/uploads\/sites\/9\/2026\/04\/Resultat-greffe-de-cheveux-Richard.webp\" class=\"video-cover\" alt=\"Richard parle du r\u00e9sultat de sa greffe de cheveux\" loading=\"lazy\" srcset=\"https:\/\/elithair.com\/fr\/wp-content\/uploads\/sites\/9\/2026\/04\/Resultat-greffe-de-cheveux-Richard.webp 400w, https:\/\/elithair.com\/fr\/wp-content\/uploads\/sites\/9\/2026\/04\/Resultat-greffe-de-cheveux-Richard-300x203.webp 300w\" sizes=\"auto, (max-width: 400px) 100vw, 400px\" \/>\t\t\t\t\t\t\t\t\t\t\t\t\t\t\t\t\t\t\t\t\t\t\t\t\t\t\t\t<span class=\"video-play-icon\"><img decoding=\"async\" width=\"150\" height=\"150\" src=\"https:\/\/elithair.com\/fr\/wp-content\/uploads\/sites\/9\/2026\/04\/play-pause-gif-s.gif\" class=\"attachment-thumbnail size-thumbnail\" alt=\"lancer la video\" loading=\"lazy\" \/><\/span>\t\t\t\t\t\t\t\t\t\t\t\t\t<\/figure>\n\t\t\t\t\t\t\t\t\t\t\t\t<\/div>\n\t\t\t\t\t\t\t\t\t\t\t\t\t\t\t\t\t\t\t\t\t\n\t\t\t\t\t\t\t\t\t<\/div>\n\t\t\t\t\t\t\t\t\t\t\t\t\t\t\t\t\t\t\t<div class=\"slide-content\">\n\t\t\t\t\t\t\t\t\t\t\t\t\t\t\t\t\t\t\t\t\t\t\t<div class=\"slide-content__body\"><p><strong>\u2605\u2605\u2605\u2605\u2605<br \/>\nRichard<\/strong><\/p>\n<p>\u00ab Je suis plus qu\u2019heureux du r\u00e9sultat. C\u2019est une exp\u00e9rience qui change la vie et qui en vaut totalement la peine. \u00bb<\/p>\n<\/div>\n\t\t\t\t\t\t\t\t\t\t\t\t\t\t\t\t\t\t\t\t\t\t\t\t\t\t\t\t\t\t\t\t<\/div>\n\t\t\t\t\t\t\t\t\t\t\t\t\t\t\t\t\t<\/div>\n\t\t\t\t\t\t\t<\/div>\n\t\t\t\t\t\t\t\t\t\t\t\t\t\t<div class=\"embla__slide\">\n\t\t\t\t\t\t\t\t<div class=\"embla__slide-inner\">\n\t\t\t\t\t\t\t\t\t\t\t\t\t\t\t\t\t\t<div class=\"slide-media\">\n\t\t\t\t\t\t\t\t\t\t\t\t\t\t\t\t\t\t\t\t\t\t\t\t\t\t\t\t\t\t\t\t\t<div class=\"vimeo-video slide-video\" data-vimeo-id=\"1078905396\">\n\t\t\t\t\t\t\t\t\t\t\t\t\t<figure>\n\t\t\t\t\t\t\t\t\t\t\t\t\t\t\t\t\t\t\t\t\t\t\t\t\t\t\t\t\t<img decoding=\"async\" width=\"400\" height=\"270\" src=\"https:\/\/elithair.com\/fr\/wp-content\/uploads\/sites\/9\/2026\/04\/Resultat-greffe-de-cheveux-Romuald.webp\" class=\"video-cover\" alt=\"Romuald parle du r\u00e9sultat de sa greffe de cheveux\" loading=\"lazy\" srcset=\"https:\/\/elithair.com\/fr\/wp-content\/uploads\/sites\/9\/2026\/04\/Resultat-greffe-de-cheveux-Romuald.webp 400w, https:\/\/elithair.com\/fr\/wp-content\/uploads\/sites\/9\/2026\/04\/Resultat-greffe-de-cheveux-Romuald-300x203.webp 300w\" sizes=\"auto, (max-width: 400px) 100vw, 400px\" \/>\t\t\t\t\t\t\t\t\t\t\t\t\t\t\t\t\t\t\t\t\t\t\t\t\t\t\t\t<span class=\"video-play-icon\"><img decoding=\"async\" width=\"150\" height=\"150\" src=\"https:\/\/elithair.com\/fr\/wp-content\/uploads\/sites\/9\/2026\/04\/play-pause-gif-s.gif\" class=\"attachment-thumbnail size-thumbnail\" alt=\"lancer la video\" loading=\"lazy\" \/><\/span>\t\t\t\t\t\t\t\t\t\t\t\t\t<\/figure>\n\t\t\t\t\t\t\t\t\t\t\t\t<\/div>\n\t\t\t\t\t\t\t\t\t\t\t\t\t\t\t\t\t\t\t\t\t\n\t\t\t\t\t\t\t\t\t<\/div>\n\t\t\t\t\t\t\t\t\t\t\t\t\t\t\t\t\t\t\t<div class=\"slide-content\">\n\t\t\t\t\t\t\t\t\t\t\t\t\t\t\t\t\t\t\t\t\t\t\t<div class=\"slide-content__body\"><p><strong>\u2605\u2605\u2605\u2605\u2605<br \/>\nRomuald<\/strong><\/p>\n<p>\u00ab Le Dr Balwi a \u00e9t\u00e9 tr\u00e8s gentil et accueillant. Il m\u2019a mis \u00e0 l\u2019aise et je suis tr\u00e8s heureux d\u2019avoir fait cette greffe de cheveux. \u00bb<\/p>\n<\/div>\n\t\t\t\t\t\t\t\t\t\t\t\t\t\t\t\t\t\t\t\t\t\t\t\t\t\t\t\t\t\t\t\t<\/div>\n\t\t\t\t\t\t\t\t\t\t\t\t\t\t\t\t\t<\/div>\n\t\t\t\t\t\t\t<\/div>\n\t\t\t\t\t\t\t\t\t\t\t\t\t<\/div>\n\t\t\t\t\t<\/div>\n\t\t\t\t\t\t\t\t\t\t\t\t\t\t<div class=\"embla__dots\"><\/div>\n\t\t\t\t\t\t\t\t\t\t\t\t\t\t<\/div>\n\t\t\t<\/div>\n\t\t\n\t\t\t<\/div>\n<\/section>\n","protected":false},"excerpt":{"rendered":"","protected":false},"author":1,"featured_media":0,"parent":11,"menu_order":0,"comment_status":"closed","ping_status":"closed","template":"","meta":{"_acf_changed":false,"_yoast_wpseo_focuskw":"","_yoast_wpseo_title":"Les \u00c9tudes Elithair - Les faits cr\u00e9ent la confiance","_yoast_wpseo_metadesc":"Nos sp\u00e9cialistes r\u00e9alisent r\u00e9guli\u00e8rement des \u00e9tudes Elithair pour se d\u00e9velopper continuellement. Lisez tous les r\u00e9sultats ici !","_yoast_wpseo_meta-robots-noindex":"","_yoast_wpseo_meta-robots-nofollow":"","_yoast_wpseo_meta-robots-adv":"","_yoast_wpseo_canonical":"https:\/\/elithair.com\/fr\/informations\/etudes\/","_yoast_wpseo_opengraph-title":"Les \u00c9tudes Elithair - Les faits cr\u00e9ent la confiance","_yoast_wpseo_opengraph-description":"Nos sp\u00e9cialistes r\u00e9alisent r\u00e9guli\u00e8rement des \u00e9tudes Elithair pour se d\u00e9velopper continuellement. Lisez tous les r\u00e9sultats ici !","_yoast_wpseo_opengraph-image":"https:\/\/elithair.com\/fr\/wp-content\/uploads\/sites\/9\/2026\/05\/etudes.png","_yoast_wpseo_twitter-title":"Les \u00c9tudes Elithair - Les faits cr\u00e9ent la confiance","_yoast_wpseo_twitter-description":"Nos sp\u00e9cialistes r\u00e9alisent r\u00e9guli\u00e8rement des \u00e9tudes Elithair pour se d\u00e9velopper continuellement. Lisez tous les r\u00e9sultats ici !","_yoast_wpseo_twitter-image":"https:\/\/elithair.com\/fr\/wp-content\/uploads\/sites\/9\/2026\/05\/etudes.png","_hm_hreflang_map":{"en":93329,"de":55,"uk":705,"es":89233,"it":16,"fr":35,"x_default":93329},"_hm_language_code":"fr","footnotes":""},"class_list":["post-35","page","type-page","status-publish","hentry"],"acf":[],"yoast_head":"<!-- This site is optimized with the Yoast SEO Premium plugin v27.5 (Yoast SEO v27.5) - https:\/\/yoast.com\/product\/yoast-seo-premium-wordpress\/ -->\n<title>Les \u00c9tudes Elithair - Les faits cr\u00e9ent la confiance<\/title>\n<meta name=\"description\" content=\"Nos sp\u00e9cialistes r\u00e9alisent r\u00e9guli\u00e8rement des \u00e9tudes Elithair pour se d\u00e9velopper continuellement. Lisez tous les r\u00e9sultats ici !\" \/>\n<meta name=\"robots\" content=\"index, follow, max-snippet:-1, max-image-preview:large, max-video-preview:-1\" \/>\n<link rel=\"canonical\" href=\"https:\/\/elithair.com\/fr\/informations\/etudes\/\" \/>\n<meta property=\"og:locale\" content=\"fr_FR\" \/>\n<meta property=\"og:type\" content=\"article\" \/>\n<meta property=\"og:title\" content=\"Les \u00c9tudes Elithair - Les faits cr\u00e9ent la confiance\" \/>\n<meta property=\"og:description\" content=\"Nos sp\u00e9cialistes r\u00e9alisent r\u00e9guli\u00e8rement des \u00e9tudes Elithair pour se d\u00e9velopper continuellement. Lisez tous les r\u00e9sultats ici !\" \/>\n<meta property=\"og:url\" content=\"https:\/\/elithair.com\/fr\/informations\/etudes\/\" \/>\n<meta property=\"og:site_name\" content=\"Elithair\" \/>\n<meta property=\"article:modified_time\" content=\"2026-05-03T11:47:40+00:00\" \/>\n<meta property=\"og:image\" content=\"https:\/\/elithair.com\/fr\/wp-content\/uploads\/sites\/9\/2026\/05\/etudes.png\" \/>\n<meta name=\"twitter:card\" content=\"summary_large_image\" \/>\n<meta name=\"twitter:title\" content=\"Les \u00c9tudes Elithair - Les faits cr\u00e9ent la confiance\" \/>\n<meta name=\"twitter:description\" content=\"Nos sp\u00e9cialistes r\u00e9alisent r\u00e9guli\u00e8rement des \u00e9tudes Elithair pour se d\u00e9velopper continuellement. Lisez tous les r\u00e9sultats ici !\" \/>\n<meta name=\"twitter:image\" content=\"https:\/\/elithair.com\/fr\/wp-content\/uploads\/sites\/9\/2026\/05\/etudes.png\" \/>\n<script type=\"application\/ld+json\" class=\"yoast-schema-graph\">{\"@context\":\"https:\\\/\\\/schema.org\",\"@graph\":[{\"@type\":\"WebPage\",\"@id\":\"https:\\\/\\\/elithair.com\\\/fr\\\/informations\\\/etudes\\\/\",\"url\":\"https:\\\/\\\/elithair.com\\\/fr\\\/informations\\\/etudes\\\/\",\"name\":\"Les \u00c9tudes Elithair - Les faits cr\u00e9ent la confiance\",\"isPartOf\":{\"@id\":\"https:\\\/\\\/elithair.com\\\/fr\\\/#website\"},\"datePublished\":\"2026-04-11T14:48:44+00:00\",\"dateModified\":\"2026-05-03T11:47:40+00:00\",\"description\":\"Nos sp\u00e9cialistes r\u00e9alisent r\u00e9guli\u00e8rement des \u00e9tudes Elithair pour se d\u00e9velopper continuellement. Lisez tous les r\u00e9sultats ici !\",\"breadcrumb\":{\"@id\":\"https:\\\/\\\/elithair.com\\\/fr\\\/informations\\\/etudes\\\/#breadcrumb\"},\"inLanguage\":\"fr-FR\",\"potentialAction\":[{\"@type\":\"ReadAction\",\"target\":[\"https:\\\/\\\/elithair.com\\\/fr\\\/informations\\\/etudes\\\/\"]}]},{\"@type\":\"BreadcrumbList\",\"@id\":\"https:\\\/\\\/elithair.com\\\/fr\\\/informations\\\/etudes\\\/#breadcrumb\",\"itemListElement\":[{\"@type\":\"ListItem\",\"position\":1,\"name\":\"Home\",\"item\":\"https:\\\/\\\/elithair.com\\\/fr\\\/\"},{\"@type\":\"ListItem\",\"position\":2,\"name\":\"Informations Elithair\",\"item\":\"https:\\\/\\\/elithair.com\\\/fr\\\/informations\\\/\"},{\"@type\":\"ListItem\",\"position\":3,\"name\":\"Les \u00e9tudes d\u2019Elithair\"}]},{\"@type\":\"WebSite\",\"@id\":\"https:\\\/\\\/elithair.com\\\/fr\\\/#website\",\"url\":\"https:\\\/\\\/elithair.com\\\/fr\\\/\",\"name\":\"Elithair\",\"description\":\"Greffe de cheveux en Turquie : retrouvez votre confiance\",\"alternateName\":\"Greffe de cheveux en Turquie : retrouvez votre confiance\",\"potentialAction\":[{\"@type\":\"SearchAction\",\"target\":{\"@type\":\"EntryPoint\",\"urlTemplate\":\"https:\\\/\\\/elithair.com\\\/fr\\\/?s={search_term_string}\"},\"query-input\":{\"@type\":\"PropertyValueSpecification\",\"valueRequired\":true,\"valueName\":\"search_term_string\"}}],\"inLanguage\":\"fr-FR\"}]}<\/script>\n<!-- \/ Yoast SEO Premium plugin. -->","yoast_head_json":{"title":"Les \u00c9tudes Elithair - Les faits cr\u00e9ent la confiance","description":"Nos sp\u00e9cialistes r\u00e9alisent r\u00e9guli\u00e8rement des \u00e9tudes Elithair pour se d\u00e9velopper continuellement. Lisez tous les r\u00e9sultats ici !","robots":{"index":"index","follow":"follow","max-snippet":"max-snippet:-1","max-image-preview":"max-image-preview:large","max-video-preview":"max-video-preview:-1"},"canonical":"https:\/\/elithair.com\/fr\/informations\/etudes\/","og_locale":"fr_FR","og_type":"article","og_title":"Les \u00c9tudes Elithair - Les faits cr\u00e9ent la confiance","og_description":"Nos sp\u00e9cialistes r\u00e9alisent r\u00e9guli\u00e8rement des \u00e9tudes Elithair pour se d\u00e9velopper continuellement. Lisez tous les r\u00e9sultats ici !","og_url":"https:\/\/elithair.com\/fr\/informations\/etudes\/","og_site_name":"Elithair","article_modified_time":"2026-05-03T11:47:40+00:00","og_image":[{"url":"https:\/\/elithair.com\/fr\/wp-content\/uploads\/sites\/9\/2026\/05\/etudes.png","type":"","width":"","height":""}],"twitter_card":"summary_large_image","twitter_title":"Les \u00c9tudes Elithair - Les faits cr\u00e9ent la confiance","twitter_description":"Nos sp\u00e9cialistes r\u00e9alisent r\u00e9guli\u00e8rement des \u00e9tudes Elithair pour se d\u00e9velopper continuellement. Lisez tous les r\u00e9sultats ici !","twitter_image":"https:\/\/elithair.com\/fr\/wp-content\/uploads\/sites\/9\/2026\/05\/etudes.png","schema":{"@context":"https:\/\/schema.org","@graph":[{"@type":"WebPage","@id":"https:\/\/elithair.com\/fr\/informations\/etudes\/","url":"https:\/\/elithair.com\/fr\/informations\/etudes\/","name":"Les \u00c9tudes Elithair - Les faits cr\u00e9ent la confiance","isPartOf":{"@id":"https:\/\/elithair.com\/fr\/#website"},"datePublished":"2026-04-11T14:48:44+00:00","dateModified":"2026-05-03T11:47:40+00:00","description":"Nos sp\u00e9cialistes r\u00e9alisent r\u00e9guli\u00e8rement des \u00e9tudes Elithair pour se d\u00e9velopper continuellement. Lisez tous les r\u00e9sultats ici !","breadcrumb":{"@id":"https:\/\/elithair.com\/fr\/informations\/etudes\/#breadcrumb"},"inLanguage":"fr-FR","potentialAction":[{"@type":"ReadAction","target":["https:\/\/elithair.com\/fr\/informations\/etudes\/"]}]},{"@type":"BreadcrumbList","@id":"https:\/\/elithair.com\/fr\/informations\/etudes\/#breadcrumb","itemListElement":[{"@type":"ListItem","position":1,"name":"Home","item":"https:\/\/elithair.com\/fr\/"},{"@type":"ListItem","position":2,"name":"Informations Elithair","item":"https:\/\/elithair.com\/fr\/informations\/"},{"@type":"ListItem","position":3,"name":"Les \u00e9tudes d\u2019Elithair"}]},{"@type":"WebSite","@id":"https:\/\/elithair.com\/fr\/#website","url":"https:\/\/elithair.com\/fr\/","name":"Elithair","description":"Greffe de cheveux en Turquie : retrouvez votre confiance","alternateName":"Greffe de cheveux en Turquie : retrouvez votre confiance","potentialAction":[{"@type":"SearchAction","target":{"@type":"EntryPoint","urlTemplate":"https:\/\/elithair.com\/fr\/?s={search_term_string}"},"query-input":{"@type":"PropertyValueSpecification","valueRequired":true,"valueName":"search_term_string"}}],"inLanguage":"fr-FR"}]}},"jetpack_sharing_enabled":true,"_links":{"self":[{"href":"https:\/\/elithair.com\/fr\/wp-json\/wp\/v2\/pages\/35","targetHints":{"allow":["GET"]}}],"collection":[{"href":"https:\/\/elithair.com\/fr\/wp-json\/wp\/v2\/pages"}],"about":[{"href":"https:\/\/elithair.com\/fr\/wp-json\/wp\/v2\/types\/page"}],"author":[{"embeddable":true,"href":"https:\/\/elithair.com\/fr\/wp-json\/wp\/v2\/users\/1"}],"replies":[{"embeddable":true,"href":"https:\/\/elithair.com\/fr\/wp-json\/wp\/v2\/comments?post=35"}],"version-history":[{"count":11,"href":"https:\/\/elithair.com\/fr\/wp-json\/wp\/v2\/pages\/35\/revisions"}],"predecessor-version":[{"id":100370,"href":"https:\/\/elithair.com\/fr\/wp-json\/wp\/v2\/pages\/35\/revisions\/100370"}],"up":[{"embeddable":true,"href":"https:\/\/elithair.com\/fr\/wp-json\/wp\/v2\/pages\/11"}],"wp:attachment":[{"href":"https:\/\/elithair.com\/fr\/wp-json\/wp\/v2\/media?parent=35"}],"curies":[{"name":"wp","href":"https:\/\/api.w.org\/{rel}","templated":true}]}}