{"id":31,"date":"2026-04-11T14:48:42","date_gmt":"2026-04-11T14:48:42","guid":{"rendered":"https:\/\/unified.elitexperiments.com\/fr\/recherche-et-developpement\/"},"modified":"2026-05-03T11:47:31","modified_gmt":"2026-05-03T11:47:31","slug":"recherche-et-developpement","status":"publish","type":"page","link":"https:\/\/elithair.com\/fr\/informations\/recherche-et-developpement\/","title":{"rendered":"Elithair Recherche"},"content":{"rendered":"<section class=\"wp-block-elh-main-hero main-hero dark-layout has-top-right-circle\">\n\t<div class=\"main-hero__container container\">\n\t\t\t\t\t<header class=\"main-hero__header\">\t\t\t\t\n\t\t\t\t<h1>\t\t\t\t\tRecherche et D\u00e9veloppement\t\t\t\t<\/h1>\t\t\t<\/header>\n\t\t\n\t\t\t\t\t<div class=\"main-hero__content\">\n\t\t\t\t<p>Chez Elithair, nous accordons une grande importance aux innovations. C\u2019est pourquoi notre propre \u00e9quipe de recherche travaille en permanence \u00e0 r\u00e9volutionner le monde de la greffe de cheveux avec des innovations exclusives.<\/p>\n<p>Sur cette page, vous trouverez un aper\u00e7u complet des innovations dont vous b\u00e9n\u00e9ficiez en tant que patient d\u2019Elithair, ainsi qu\u2019une multitude d\u2019avantages qui ne sont propos\u00e9s que par Elithair et qui vous permettront d\u2019obtenir un r\u00e9sultat parfait. D\u00e9couvrez par vous-m\u00eame!<\/p>\n\t\t\t<\/div>\n\t\t\n\t\t\t\t\t<div class=\"main-hero__media\">\n\t\t\t\t<img decoding=\"async\" width=\"750\" height=\"564\" src=\"https:\/\/elithair.com\/fr\/wp-content\/uploads\/sites\/9\/2026\/04\/medecin-elithair.webp\" class=\"hero-image\" alt=\"M\u00e9decin sp\u00e9cialiste d&#039;Elithair\" loading=\"eager\" fetchpriority=\"high\" sizes=\"(max-width: 767px) 40vw, (max-width: 1023px) 23vw, 25vw\" srcset=\"https:\/\/elithair.com\/fr\/wp-content\/uploads\/sites\/9\/2026\/04\/medecin-elithair.webp 750w, https:\/\/elithair.com\/fr\/wp-content\/uploads\/sites\/9\/2026\/04\/medecin-elithair-300x226.webp 300w\" \/>\t\t\t<\/div>\n\t\t\t\t\t<\/div>\n\t\t\n\t<\/section>\n\n\n<section class=\"wp-block-elh-cards-list cards-list layout-02 three-columns bg-grey\">\n\t<div class=\"cards-list__container container is-flex flex-column gap-default\">\n\t\t\t\t\t<header class=\"cards-list__header text-center\">\n\t\t\t\t<h2>\t\t\t\t\tNos Innovations\t\t\t\t<\/h2>\t\t\t<\/header>\n\t\t\n\t\t\n\t\t\t\t\t<div class=\"cards-list__cards\">\n\t\t\t\t\t\t\t\t\t<div class=\"cards-list__card\">\n\t\t\t\t\t\t\t\t\t\t\t\t\t<header class=\"cards-list__card-header\">\n\t\t\t\t\t\t\t\t<h3>Le syst\u00e8me Elithair Pre-Test<\/h3>\n\t\t\t\t\t\t\t\t<img decoding=\"async\" src=\"https:\/\/elithair.com\/fr\/wp-content\/uploads\/sites\/9\/2026\/04\/icone-elithair-pre-test-system.svg\" class=\"cards-list__card-header-icon\" alt=\"Illustration du syst\u00e8me Elithair Pre test\" loading=\"lazy\" \/>\t\t\t\t\t\t\t\t\n\t\t\t\t\t\t\t<\/header>\n\t\t\t\t\t\t\t\t\t\t\t\t<div class=\"cards-list__card-content is-flex flex-column\">\n\t\t\t\t\t\t\t\t\t\t\t\t\t\t\t<div class=\"cards-list__card-content-inner\">\n\t\t\t\t\t\t\t\t\t<p>Le syst\u00e8me Elithair Pre-Test garantit un r\u00e9sultat optimal de votre greffe capillaire gr\u00e2ce \u00e0 6 analyses d\u00e9taill\u00e9es avant votre traitement. Le Dr Balwi et son \u00e9quipe de recherche ont con\u00e7u les diff\u00e9rentes \u00e9tapes du syst\u00e8me de pr\u00e9-test de mani\u00e8re \u00e0 vous garantir le meilleur r\u00e9sultat possible pour le patient.<\/p>\n\t\t\t\t\t\t\t\t<\/div>\n\t\t\t\t\t\t\t\t\t\t\t\t\t\t\t\t\t\t\t\t\t\t<div class=\"cards-list__btn-list btn-list\">\n\t\t\t\t\t\t\t\t\t<div class=\"btn-item\">\n\t\t\t\t\t\t\t\t\t\t<a\n\t\t\t\t\t\t\t\t\t\t\tclass=\"btn\"\n\t\t\t\t\t\t\t\t\t\t\thref=\"\/fr\/informations\/systeme-pre-test\/\" target=\"_blank\" rel=\"noopener noreferrer\"\t\t\t\t\t\t\t\t\t\t>\n\t\t\t\t\t\t\t\t\t\t\tPlus d\u2019informations\t\t\t\t\t\t\t\t\t\t<\/a>\n\t\t\t\t\t\t\t\t\t<\/div>\n\t\t\t\t\t\t\t\t<\/div>\n\t\t\t\t\t\t\t\t\t\t\t\t\t<\/div>\n\t\t\t\t\t<\/div>\n\t\t\t\t\t\t\t\t\t\t<div class=\"cards-list__card\">\n\t\t\t\t\t\t\t\t\t\t\t\t\t<header class=\"cards-list__card-header\">\n\t\t\t\t\t\t\t\t<h3>La m\u00e9thode Sleep-Deep<\/h3>\n\t\t\t\t\t\t\t\t<img decoding=\"async\" src=\"https:\/\/elithair.com\/fr\/wp-content\/uploads\/sites\/9\/2026\/04\/icone-methode-sleep-deep.svg\" class=\"cards-list__card-header-icon\" alt=\"Illustration de la m\u00e9thode Sleep Deep Elithair\" loading=\"lazy\" \/>\t\t\t\t\t\t\t\t\n\t\t\t\t\t\t\t<\/header>\n\t\t\t\t\t\t\t\t\t\t\t\t<div class=\"cards-list__card-content is-flex flex-column\">\n\t\t\t\t\t\t\t\t\t\t\t\t\t\t\t<div class=\"cards-list__card-content-inner\">\n\t\t\t\t\t\t\t\t\t<p>Dans la plus grande clinique capillaire du monde, nous appliquons la m\u00e9thode de s\u00e9dation innovante dite \u00ab\u00a0Sleep-Deep Method\u00a0\u00bb. Avant votre anesth\u00e9sie locale, vous \u00eates plong\u00e9(e) dans un sommeil profond de 15 minutes afin que vous ressentiez ensuite 0\u2009% de douleur lors de votre transplantation capillaire.<\/p>\n\t\t\t\t\t\t\t\t<\/div>\n\t\t\t\t\t\t\t\t\t\t\t\t\t\t\t\t\t\t\t\t\t\t<div class=\"cards-list__btn-list btn-list\">\n\t\t\t\t\t\t\t\t\t<div class=\"btn-item\">\n\t\t\t\t\t\t\t\t\t\t<a\n\t\t\t\t\t\t\t\t\t\t\tclass=\"btn\"\n\t\t\t\t\t\t\t\t\t\t\thref=\"\/fr\/technique\/implant-capillaire-douleur\/\"\t\t\t\t\t\t\t\t\t\t>\n\t\t\t\t\t\t\t\t\t\t\tPlus d\u2019informations\t\t\t\t\t\t\t\t\t\t<\/a>\n\t\t\t\t\t\t\t\t\t<\/div>\n\t\t\t\t\t\t\t\t<\/div>\n\t\t\t\t\t\t\t\t\t\t\t\t\t<\/div>\n\t\t\t\t\t<\/div>\n\t\t\t\t\t\t\t\t\t\t<div class=\"cards-list__card\">\n\t\t\t\t\t\t\t\t\t\t\t\t\t<header class=\"cards-list__card-header\">\n\t\t\t\t\t\t\t\t<h3>NEO FUE<\/h3>\n\t\t\t\t\t\t\t\t<img decoding=\"async\" src=\"https:\/\/elithair.com\/fr\/wp-content\/uploads\/sites\/9\/2026\/04\/Icone-neo-fue-technique.svg\" class=\"cards-list__card-header-icon\" alt=\"Logo NEO FUE par Elithair\" loading=\"lazy\" \/>\t\t\t\t\t\t\t\t\n\t\t\t\t\t\t\t<\/header>\n\t\t\t\t\t\t\t\t\t\t\t\t<div class=\"cards-list__card-content is-flex flex-column\">\n\t\t\t\t\t\t\t\t\t\t\t\t\t\t\t<div class=\"cards-list__card-content-inner\">\n\t\t\t\t\t\t\t\t\t<p>La nouveaut\u00e9 mondiale de la m\u00e9thode NEO FUE a \u00e9galement \u00e9t\u00e9 d\u00e9velopp\u00e9e par le Dr Balwi et ses sp\u00e9cialistes. Gr\u00e2ce \u00e0 un s\u00e9rum unique et vitalisant, le kit NEO FUE assure une pr\u00e9paration parfaite pour votre greffe de cheveux. Jusqu\u2019\u00e0 98\u2009% de croissance des cheveux peuvent \u00eatre observ\u00e9s.<\/p>\n\t\t\t\t\t\t\t\t<\/div>\n\t\t\t\t\t\t\t\t\t\t\t\t\t\t\t\t\t\t\t\t\t\t<div class=\"cards-list__btn-list btn-list\">\n\t\t\t\t\t\t\t\t\t<div class=\"btn-item\">\n\t\t\t\t\t\t\t\t\t\t<a\n\t\t\t\t\t\t\t\t\t\t\tclass=\"btn\"\n\t\t\t\t\t\t\t\t\t\t\thref=\"\/fr\/technique\/neo-fue\/\" target=\"_blank\" rel=\"noopener noreferrer\"\t\t\t\t\t\t\t\t\t\t>\n\t\t\t\t\t\t\t\t\t\t\tPlus d\u2019informations\t\t\t\t\t\t\t\t\t\t<\/a>\n\t\t\t\t\t\t\t\t\t<\/div>\n\t\t\t\t\t\t\t\t<\/div>\n\t\t\t\t\t\t\t\t\t\t\t\t\t<\/div>\n\t\t\t\t\t<\/div>\n\t\t\t\t\t\t\t\t\t\t<div class=\"cards-list__card\">\n\t\t\t\t\t\t\t\t\t\t\t\t\t<header class=\"cards-list__card-header\">\n\t\t\t\t\t\t\t\t<h3>Elithair Shop<\/h3>\n\t\t\t\t\t\t\t\t<img decoding=\"async\" src=\"https:\/\/elithair.com\/fr\/wp-content\/uploads\/sites\/9\/2026\/04\/icone-elithair-shop.svg\" class=\"cards-list__card-header-icon\" alt=\"Illustration d&#039;Elithair Shop\" loading=\"lazy\" \/>\t\t\t\t\t\t\t\t\n\t\t\t\t\t\t\t<\/header>\n\t\t\t\t\t\t\t\t\t\t\t\t<div class=\"cards-list__card-content is-flex flex-column\">\n\t\t\t\t\t\t\t\t\t\t\t\t\t\t\t<div class=\"cards-list__card-content-inner\">\n\t\t\t\t\t\t\t\t\t<p>En plus de la vari\u00e9t\u00e9 de traitements pour la greffe capillaire, Elithair dispose \u00e9galement de sa propre boutique en ligne. Vous y trouverez des produits efficaces vous offrant une aide parfaite pour la pousse de vos cheveux, aussi bien avant qu\u2019apr\u00e8s votre traitement \u2013 tous exclusivement \u00e9labor\u00e9s par le Dr Balwi.<\/p>\n\t\t\t\t\t\t\t\t<\/div>\n\t\t\t\t\t\t\t\t\t\t\t\t\t\t\t\t\t\t\t\t\t\t<div class=\"cards-list__btn-list btn-list\">\n\t\t\t\t\t\t\t\t\t<div class=\"btn-item\">\n\t\t\t\t\t\t\t\t\t\t<a\n\t\t\t\t\t\t\t\t\t\t\tclass=\"btn\"\n\t\t\t\t\t\t\t\t\t\t\thref=\"https:\/\/elithair-shop.com\/fr\/\" target=\"_blank\" rel=\"noopener noreferrer\"\t\t\t\t\t\t\t\t\t\t>\n\t\t\t\t\t\t\t\t\t\t\tPlus d\u2019informations\t\t\t\t\t\t\t\t\t\t<\/a>\n\t\t\t\t\t\t\t\t\t<\/div>\n\t\t\t\t\t\t\t\t<\/div>\n\t\t\t\t\t\t\t\t\t\t\t\t\t<\/div>\n\t\t\t\t\t<\/div>\n\t\t\t\t\t\t\t\t\t\t<div class=\"cards-list__card\">\n\t\t\t\t\t\t\t\t\t\t\t\t\t<header class=\"cards-list__card-header\">\n\t\t\t\t\t\t\t\t<h3>Elithair App<\/h3>\n\t\t\t\t\t\t\t\t<img decoding=\"async\" src=\"https:\/\/elithair.com\/fr\/wp-content\/uploads\/sites\/9\/2026\/04\/icone-elithair-app.svg\" class=\"cards-list__card-header-icon\" alt=\"Illustration d&#039;Elithair App\" loading=\"lazy\" \/>\t\t\t\t\t\t\t\t\n\t\t\t\t\t\t\t<\/header>\n\t\t\t\t\t\t\t\t\t\t\t\t<div class=\"cards-list__card-content is-flex flex-column\">\n\t\t\t\t\t\t\t\t\t\t\t\t\t\t\t<div class=\"cards-list__card-content-inner\">\n\t\t\t\t\t\t\t\t\t<p>Avec l\u2019application Elithair, vous b\u00e9n\u00e9ficiez d\u2019une assistance compl\u00e8te. Que ce soit lors de la phase de planification ou de suivi de votre greffe de cheveux, l\u2019application Elithair vous permet de consulter \u00e0 tout moment les conseils d\u2019un expert en un seul clic.<\/p>\n\t\t\t\t\t\t\t\t<\/div>\n\t\t\t\t\t\t\t\t\t\t\t\t\t\t\t\t\t\t\t\t\t\t<div class=\"cards-list__btn-list btn-list\">\n\t\t\t\t\t\t\t\t\t<div class=\"btn-item\">\n\t\t\t\t\t\t\t\t\t\t<a\n\t\t\t\t\t\t\t\t\t\t\tclass=\"btn\"\n\t\t\t\t\t\t\t\t\t\t\thref=\"\/fr\/informations\/elithair-app\/\" target=\"_blank\" rel=\"noopener noreferrer\"\t\t\t\t\t\t\t\t\t\t>\n\t\t\t\t\t\t\t\t\t\t\tPlus d\u2019informations\t\t\t\t\t\t\t\t\t\t<\/a>\n\t\t\t\t\t\t\t\t\t<\/div>\n\t\t\t\t\t\t\t\t<\/div>\n\t\t\t\t\t\t\t\t\t\t\t\t\t<\/div>\n\t\t\t\t\t<\/div>\n\t\t\t\t\t\t\t\t\t\t<div class=\"cards-list__card\">\n\t\t\t\t\t\t\t\t\t\t\t\t\t<header class=\"cards-list__card-header\">\n\t\t\t\t\t\t\t\t<h3>Les \u00e9tudes d\u2019Elithair<\/h3>\n\t\t\t\t\t\t\t\t<img decoding=\"async\" src=\"https:\/\/elithair.com\/fr\/wp-content\/uploads\/sites\/9\/2026\/04\/icone-elithair-etudes.svg\" class=\"cards-list__card-header-icon\" alt=\"Ic\u00f4ne Les \u00e9tudes Elithair\" loading=\"lazy\" \/>\t\t\t\t\t\t\t\t\n\t\t\t\t\t\t\t<\/header>\n\t\t\t\t\t\t\t\t\t\t\t\t<div class=\"cards-list__card-content is-flex flex-column\">\n\t\t\t\t\t\t\t\t\t\t\t\t\t\t\t<div class=\"cards-list__card-content-inner\">\n\t\t\t\t\t\t\t\t\t<p>La stagnation est un mot \u00e9tranger pour nous. C\u2019est pourquoi nous menons r\u00e9guli\u00e8rement des \u00e9tudes afin d\u2019\u00e9tablir d\u2019innovations et des nouveaut\u00e9s mondiales. Dans ce contexte, ce ne sont bien s\u00fbr pas seulement les acquis techniques qui sont au premier plan, mais certainement aussi votre satisfaction en tant que patient.<\/p>\n\t\t\t\t\t\t\t\t<\/div>\n\t\t\t\t\t\t\t\t\t\t\t\t\t\t\t\t\t\t\t\t\t\t<div class=\"cards-list__btn-list btn-list\">\n\t\t\t\t\t\t\t\t\t<div class=\"btn-item\">\n\t\t\t\t\t\t\t\t\t\t<a\n\t\t\t\t\t\t\t\t\t\t\tclass=\"btn\"\n\t\t\t\t\t\t\t\t\t\t\thref=\"\/fr\/informations\/etudes\/\" target=\"_blank\" rel=\"noopener noreferrer\"\t\t\t\t\t\t\t\t\t\t>\n\t\t\t\t\t\t\t\t\t\t\tPlus d\u2019informations\t\t\t\t\t\t\t\t\t\t<\/a>\n\t\t\t\t\t\t\t\t\t<\/div>\n\t\t\t\t\t\t\t\t<\/div>\n\t\t\t\t\t\t\t\t\t\t\t\t\t<\/div>\n\t\t\t\t\t<\/div>\n\t\t\t\t\t\t\t\t<\/div>\n\t\t\t\n\t\t\t<\/div>\n<\/section>\n","protected":false},"excerpt":{"rendered":"","protected":false},"author":1,"featured_media":0,"parent":11,"menu_order":0,"comment_status":"closed","ping_status":"closed","template":"","meta":{"_acf_changed":false,"_yoast_wpseo_focuskw":"","_yoast_wpseo_title":"Recherche et D\u00e9veloppement l Elithair","_yoast_wpseo_metadesc":"Elithair, pionnier dans les \u00e9tudes dans le domaine de la greffe de cheveux. Aper\u00e7u de nos innovations et nos r\u00e9sultats. En savoir plus","_yoast_wpseo_meta-robots-noindex":"","_yoast_wpseo_meta-robots-nofollow":"","_yoast_wpseo_meta-robots-adv":"","_yoast_wpseo_canonical":"https:\/\/elithair.com\/fr\/informations\/recherche-et-developpement\/","_yoast_wpseo_opengraph-title":"Recherche et D\u00e9veloppement l Elithair","_yoast_wpseo_opengraph-description":"Elithair, pionnier dans les \u00e9tudes dans le domaine de la greffe de cheveux. Aper\u00e7u de nos innovations et nos r\u00e9sultats. En savoir plus","_yoast_wpseo_opengraph-image":"https:\/\/elithair.com\/fr\/wp-content\/uploads\/sites\/9\/2026\/05\/recherche-et-developpement.png","_yoast_wpseo_twitter-title":"Recherche et D\u00e9veloppement l Elithair","_yoast_wpseo_twitter-description":"Elithair, pionnier dans les \u00e9tudes dans le domaine de la greffe de cheveux. Aper\u00e7u de nos innovations et nos r\u00e9sultats. En savoir plus","_yoast_wpseo_twitter-image":"https:\/\/elithair.com\/fr\/wp-content\/uploads\/sites\/9\/2026\/05\/recherche-et-developpement.png","_hm_hreflang_map":{"de":53,"uk":707,"es":89235,"it":15,"pt":24,"fr":31,"x_default":53},"_hm_language_code":"fr","footnotes":""},"class_list":["post-31","page","type-page","status-publish","hentry"],"acf":[],"yoast_head":"<!-- This site is optimized with the Yoast SEO Premium plugin v27.5 (Yoast SEO v27.5) - https:\/\/yoast.com\/product\/yoast-seo-premium-wordpress\/ -->\n<title>Recherche et D\u00e9veloppement l Elithair<\/title>\n<meta name=\"description\" content=\"Elithair, pionnier dans les \u00e9tudes dans le domaine de la greffe de cheveux. Aper\u00e7u de nos innovations et nos r\u00e9sultats. En savoir plus\" \/>\n<meta name=\"robots\" content=\"index, follow, max-snippet:-1, max-image-preview:large, max-video-preview:-1\" \/>\n<link rel=\"canonical\" href=\"https:\/\/elithair.com\/fr\/informations\/recherche-et-developpement\/\" \/>\n<meta property=\"og:locale\" content=\"fr_FR\" \/>\n<meta property=\"og:type\" content=\"article\" \/>\n<meta property=\"og:title\" content=\"Recherche et D\u00e9veloppement l Elithair\" \/>\n<meta property=\"og:description\" content=\"Elithair, pionnier dans les \u00e9tudes dans le domaine de la greffe de cheveux. Aper\u00e7u de nos innovations et nos r\u00e9sultats. En savoir plus\" \/>\n<meta property=\"og:url\" content=\"https:\/\/elithair.com\/fr\/informations\/recherche-et-developpement\/\" \/>\n<meta property=\"og:site_name\" content=\"Elithair\" \/>\n<meta property=\"article:modified_time\" content=\"2026-05-03T11:47:31+00:00\" \/>\n<meta property=\"og:image\" content=\"https:\/\/elithair.com\/fr\/wp-content\/uploads\/sites\/9\/2026\/05\/recherche-et-developpement.png\" \/>\n<meta name=\"twitter:card\" content=\"summary_large_image\" \/>\n<meta name=\"twitter:title\" content=\"Recherche et D\u00e9veloppement l Elithair\" \/>\n<meta name=\"twitter:description\" content=\"Elithair, pionnier dans les \u00e9tudes dans le domaine de la greffe de cheveux. Aper\u00e7u de nos innovations et nos r\u00e9sultats. En savoir plus\" \/>\n<meta name=\"twitter:image\" content=\"https:\/\/elithair.com\/fr\/wp-content\/uploads\/sites\/9\/2026\/05\/recherche-et-developpement.png\" \/>\n<script type=\"application\/ld+json\" class=\"yoast-schema-graph\">{\"@context\":\"https:\\\/\\\/schema.org\",\"@graph\":[{\"@type\":\"WebPage\",\"@id\":\"https:\\\/\\\/elithair.com\\\/fr\\\/informations\\\/recherche-et-developpement\\\/\",\"url\":\"https:\\\/\\\/elithair.com\\\/fr\\\/informations\\\/recherche-et-developpement\\\/\",\"name\":\"Recherche et D\u00e9veloppement l Elithair\",\"isPartOf\":{\"@id\":\"https:\\\/\\\/elithair.com\\\/fr\\\/#website\"},\"datePublished\":\"2026-04-11T14:48:42+00:00\",\"dateModified\":\"2026-05-03T11:47:31+00:00\",\"description\":\"Elithair, pionnier dans les \u00e9tudes dans le domaine de la greffe de cheveux. Aper\u00e7u de nos innovations et nos r\u00e9sultats. En savoir plus\",\"breadcrumb\":{\"@id\":\"https:\\\/\\\/elithair.com\\\/fr\\\/informations\\\/recherche-et-developpement\\\/#breadcrumb\"},\"inLanguage\":\"fr-FR\",\"potentialAction\":[{\"@type\":\"ReadAction\",\"target\":[\"https:\\\/\\\/elithair.com\\\/fr\\\/informations\\\/recherche-et-developpement\\\/\"]}]},{\"@type\":\"BreadcrumbList\",\"@id\":\"https:\\\/\\\/elithair.com\\\/fr\\\/informations\\\/recherche-et-developpement\\\/#breadcrumb\",\"itemListElement\":[{\"@type\":\"ListItem\",\"position\":1,\"name\":\"Home\",\"item\":\"https:\\\/\\\/elithair.com\\\/fr\\\/\"},{\"@type\":\"ListItem\",\"position\":2,\"name\":\"Informations Elithair\",\"item\":\"https:\\\/\\\/elithair.com\\\/fr\\\/informations\\\/\"},{\"@type\":\"ListItem\",\"position\":3,\"name\":\"Elithair Recherche\"}]},{\"@type\":\"WebSite\",\"@id\":\"https:\\\/\\\/elithair.com\\\/fr\\\/#website\",\"url\":\"https:\\\/\\\/elithair.com\\\/fr\\\/\",\"name\":\"Elithair\",\"description\":\"Greffe de cheveux en Turquie : retrouvez votre confiance\",\"alternateName\":\"Greffe de cheveux en Turquie : retrouvez votre confiance\",\"potentialAction\":[{\"@type\":\"SearchAction\",\"target\":{\"@type\":\"EntryPoint\",\"urlTemplate\":\"https:\\\/\\\/elithair.com\\\/fr\\\/?s={search_term_string}\"},\"query-input\":{\"@type\":\"PropertyValueSpecification\",\"valueRequired\":true,\"valueName\":\"search_term_string\"}}],\"inLanguage\":\"fr-FR\"}]}<\/script>\n<!-- \/ Yoast SEO Premium plugin. -->","yoast_head_json":{"title":"Recherche et D\u00e9veloppement l Elithair","description":"Elithair, pionnier dans les \u00e9tudes dans le domaine de la greffe de cheveux. Aper\u00e7u de nos innovations et nos r\u00e9sultats. En savoir plus","robots":{"index":"index","follow":"follow","max-snippet":"max-snippet:-1","max-image-preview":"max-image-preview:large","max-video-preview":"max-video-preview:-1"},"canonical":"https:\/\/elithair.com\/fr\/informations\/recherche-et-developpement\/","og_locale":"fr_FR","og_type":"article","og_title":"Recherche et D\u00e9veloppement l Elithair","og_description":"Elithair, pionnier dans les \u00e9tudes dans le domaine de la greffe de cheveux. Aper\u00e7u de nos innovations et nos r\u00e9sultats. En savoir plus","og_url":"https:\/\/elithair.com\/fr\/informations\/recherche-et-developpement\/","og_site_name":"Elithair","article_modified_time":"2026-05-03T11:47:31+00:00","og_image":[{"url":"https:\/\/elithair.com\/fr\/wp-content\/uploads\/sites\/9\/2026\/05\/recherche-et-developpement.png","type":"","width":"","height":""}],"twitter_card":"summary_large_image","twitter_title":"Recherche et D\u00e9veloppement l Elithair","twitter_description":"Elithair, pionnier dans les \u00e9tudes dans le domaine de la greffe de cheveux. Aper\u00e7u de nos innovations et nos r\u00e9sultats. En savoir plus","twitter_image":"https:\/\/elithair.com\/fr\/wp-content\/uploads\/sites\/9\/2026\/05\/recherche-et-developpement.png","schema":{"@context":"https:\/\/schema.org","@graph":[{"@type":"WebPage","@id":"https:\/\/elithair.com\/fr\/informations\/recherche-et-developpement\/","url":"https:\/\/elithair.com\/fr\/informations\/recherche-et-developpement\/","name":"Recherche et D\u00e9veloppement l Elithair","isPartOf":{"@id":"https:\/\/elithair.com\/fr\/#website"},"datePublished":"2026-04-11T14:48:42+00:00","dateModified":"2026-05-03T11:47:31+00:00","description":"Elithair, pionnier dans les \u00e9tudes dans le domaine de la greffe de cheveux. Aper\u00e7u de nos innovations et nos r\u00e9sultats. En savoir plus","breadcrumb":{"@id":"https:\/\/elithair.com\/fr\/informations\/recherche-et-developpement\/#breadcrumb"},"inLanguage":"fr-FR","potentialAction":[{"@type":"ReadAction","target":["https:\/\/elithair.com\/fr\/informations\/recherche-et-developpement\/"]}]},{"@type":"BreadcrumbList","@id":"https:\/\/elithair.com\/fr\/informations\/recherche-et-developpement\/#breadcrumb","itemListElement":[{"@type":"ListItem","position":1,"name":"Home","item":"https:\/\/elithair.com\/fr\/"},{"@type":"ListItem","position":2,"name":"Informations Elithair","item":"https:\/\/elithair.com\/fr\/informations\/"},{"@type":"ListItem","position":3,"name":"Elithair Recherche"}]},{"@type":"WebSite","@id":"https:\/\/elithair.com\/fr\/#website","url":"https:\/\/elithair.com\/fr\/","name":"Elithair","description":"Greffe de cheveux en Turquie : retrouvez votre confiance","alternateName":"Greffe de cheveux en Turquie : retrouvez votre confiance","potentialAction":[{"@type":"SearchAction","target":{"@type":"EntryPoint","urlTemplate":"https:\/\/elithair.com\/fr\/?s={search_term_string}"},"query-input":{"@type":"PropertyValueSpecification","valueRequired":true,"valueName":"search_term_string"}}],"inLanguage":"fr-FR"}]}},"jetpack_sharing_enabled":true,"_links":{"self":[{"href":"https:\/\/elithair.com\/fr\/wp-json\/wp\/v2\/pages\/31","targetHints":{"allow":["GET"]}}],"collection":[{"href":"https:\/\/elithair.com\/fr\/wp-json\/wp\/v2\/pages"}],"about":[{"href":"https:\/\/elithair.com\/fr\/wp-json\/wp\/v2\/types\/page"}],"author":[{"embeddable":true,"href":"https:\/\/elithair.com\/fr\/wp-json\/wp\/v2\/users\/1"}],"replies":[{"embeddable":true,"href":"https:\/\/elithair.com\/fr\/wp-json\/wp\/v2\/comments?post=31"}],"version-history":[{"count":9,"href":"https:\/\/elithair.com\/fr\/wp-json\/wp\/v2\/pages\/31\/revisions"}],"predecessor-version":[{"id":100329,"href":"https:\/\/elithair.com\/fr\/wp-json\/wp\/v2\/pages\/31\/revisions\/100329"}],"up":[{"embeddable":true,"href":"https:\/\/elithair.com\/fr\/wp-json\/wp\/v2\/pages\/11"}],"wp:attachment":[{"href":"https:\/\/elithair.com\/fr\/wp-json\/wp\/v2\/media?parent=31"}],"curies":[{"name":"wp","href":"https:\/\/api.w.org\/{rel}","templated":true}]}}