{"id":27,"date":"2026-04-11T14:48:40","date_gmt":"2026-04-11T14:48:40","guid":{"rendered":"https:\/\/unified.elitexperiments.com\/fr\/faq\/"},"modified":"2026-05-03T11:48:05","modified_gmt":"2026-05-03T11:48:05","slug":"faq","status":"publish","type":"page","link":"https:\/\/elithair.com\/fr\/informations\/faq\/","title":{"rendered":"FAQ"},"content":{"rendered":"<section class=\"wp-block-elh-main-hero main-hero dark-layout has-top-right-circle\">\n\t<div class=\"main-hero__container container\">\n\t\t\t\t\t<header class=\"main-hero__header\">\t\t\t\t\n\t\t\t\t<h1>\t\t\t\t\tFAQ \u2013 Les questions les plus fr\u00e9quentes sur la transplantation capillaire\t\t\t\t<\/h1>\t\t\t<\/header>\n\t\t\n\t\t\t\t\t<div class=\"main-hero__content\">\n\t\t\t\t<p>La greffe de cheveux est-elle douloureuse ? Que dois-je prendre en consid\u00e9ration avant une greffe de cheveux ? Les cheveux transplant\u00e9s peuvent-ils retomber ? Vous trouverez ici toutes les r\u00e9ponses aux questions les plus fr\u00e9quemment pos\u00e9es sur la transplantation capillaire.<\/p>\n\t\t\t<\/div>\n\t\t\n\t\t\t\t\t<div class=\"main-hero__media\">\n\t\t\t\t<img decoding=\"async\" width=\"600\" height=\"600\" src=\"https:\/\/elithair.com\/fr\/wp-content\/uploads\/sites\/9\/2026\/04\/haartransplantation-faq-experten-team.webp\" class=\"hero-image\" alt=\"Une \u00e9quipe d&#039;experts sympathiques est \u00e0 votre disposition pour r\u00e9pondre \u00e0 vos questions concernant votre traitement.\" loading=\"eager\" fetchpriority=\"high\" sizes=\"(max-width: 767px) 40vw, (max-width: 1023px) 23vw, 25vw\" srcset=\"https:\/\/elithair.com\/fr\/wp-content\/uploads\/sites\/9\/2026\/04\/haartransplantation-faq-experten-team.webp 600w, https:\/\/elithair.com\/fr\/wp-content\/uploads\/sites\/9\/2026\/04\/haartransplantation-faq-experten-team-300x300.webp 300w, https:\/\/elithair.com\/fr\/wp-content\/uploads\/sites\/9\/2026\/04\/haartransplantation-faq-experten-team-150x150.webp 150w\" \/>\t\t\t<\/div>\n\t\t\t\t\t\t\t<div class=\"main-hero__btn-list btn-list\">\n\t\t\t\t\t\t\t\t<div class=\"btn-item\">\n\t\t\t\t\t<a\n\t\t\t\t\t\thref=\"https:\/\/elithair.com\/fr\/analyse-capillaire\/\"\t\t\t\t\t\tclass=\"btn\"\n\t\t\t\t\t>\n\t\t\t\t\t\tMon analyse capillaire\t\t\t\t\t<\/a>\n\t\t\t\t<\/div>\n\t\t\t\t\t\t\t\t\t\t\t<\/div>\n\t\t\t<\/div>\n\t\t\n\t<\/section>\n\n\n<section class=\"wp-block-elh-faq-list faq-list bg-white\">\n\t<div class=\"faq-list__container container\">\n\t\t\t\t\t<header class=\"faq-list__header\">\n\t\t\t\t<h2>FAQ<\/h2>\n\t\t\t<\/header>\n\t\t\n\t\t\t\t\t<div class=\"faq-list__items\">\n\t\t\t\t\t\t\t\t\t<div class=\"faq\">\n\t\t\t\t\t\t\t\t\t\t\t\t\t<h3>Questions concernant la COVID<\/h3>\n\t\t\t\t\t\t\t\t\t\t\t\t\t\t\t\t\t\t\t\t\t\t\t\t\t\t\t<details>\n\t\t\t\t\t\t\t\t\t<summary>Puis-je faire une greffe de cheveux en Turquie malgr\u00e9 la pand\u00e9mie ?<\/summary>\n\t\t\t\t\t\t\t\t\t<p>La COVID-19 a tenu notre soci\u00e9t\u00e9 en haleine pendant des mois. Notre vie quotidienne n\u2019est plus ce qu\u2019elle \u00e9tait et m\u00eame les petites choses sont strictement r\u00e9glement\u00e9es. Il n\u2019est donc pas surprenant que les patients souffrant de perte de cheveux ne soient pas certains de devoir subir une greffe de cheveux en Turquie.<\/p>\n<p>Depuis l\u2019apparition de la\u00a0 COVID-19, le gouvernement turc a adopt\u00e9 une s\u00e9rie de r\u00e8glements et de mesures visant \u00e0 contenir le virus. Elithairtransplant respecte aussi strictement ces pr\u00e9cautions. Par exemple, 12 heures avant la proc\u00e9dure de transplantation de cheveux en Turquie, \u00e0 Corona times, toutes les salles de traitement sont d\u00e9sinfect\u00e9es par un personnel de nettoyage qualifi\u00e9. Ici, un soin particulier est apport\u00e9 pour que tout soit hygi\u00e9nique et que le patient soit confortable.<\/p>\n<p>Veuillez v\u00e9rifier les directives actuelles sur\u00a0<a href=\"https:\/\/www.diplomatie.gouv.fr\/fr\/conseils-aux-voyageurs\/conseils-par-pays-destination\/turquie\/#derniere_nopush\">le site du minist\u00e8re de l\u2019Europe et des affaires \u00e9trang\u00e8res<\/a>.<\/p>\n\t\t\t\t\t\t\t\t<\/details>\n\t\t\t\t\t\t\t\t\t\t\t\t\t\t\t\t\t\t<\/div>\n\t\t\t\t\t\t\t\t\t<div class=\"faq\">\n\t\t\t\t\t\t\t\t\t\t\t\t\t<h3>Greffe de cheveux, informations sur les d\u00e9marches<\/h3>\n\t\t\t\t\t\t\t\t\t\t\t\t\t\t\t\t\t\t\t\t\t\t\t\t\t\t\t<details>\n\t\t\t\t\t\t\t\t\t<summary>Y a-t-il une consultation avant la proc\u00e9dure? O\u00f9 se d\u00e9roule la consultation? Vos conseils sont-ils factur\u00e9s ?<\/summary>\n\t\t\t\t\t\t\t\t\t<p>Une consultation gratuite \u00e0 distance a lieu avant de prendre votre rendez-vous. Un examen sera effectu\u00e9 avant le traitement dans la clinique d\u2019Istanbul.<\/p>\n\t\t\t\t\t\t\t\t<\/details>\n\t\t\t\t\t\t\t\t\t\t\t\t\t\t\t<details>\n\t\t\t\t\t\t\t\t\t<summary>Comment savoir quelle proc\u00e9dure me convient le mieux?<\/summary>\n\t\t\t\t\t\t\t\t\t<p>Si vous nous envoyez des photos des zones \u00e0 traiter et d\u00e9crivez votre situation ou vos souhaits, nous vous conseillerons sur vos options et nous travaillerons ensemble pour vous trouver le meilleur traitement.<\/p>\n\t\t\t\t\t\t\t\t<\/details>\n\t\t\t\t\t\t\t\t\t\t\t\t\t\t\t<details>\n\t\t\t\t\t\t\t\t\t<summary>Combien de temps dure la proc\u00e9dure?<\/summary>\n\t\t\t\t\t\t\t\t\t<p>La proc\u00e9dure, en fonction du type de traitement et de son \u00e9tendue, dure en moyenne cinq heures. Cela sera discut\u00e9 avant le traitement et avant le rendez-vous.<\/p>\n\t\t\t\t\t\t\t\t<\/details>\n\t\t\t\t\t\t\t\t\t\t\t\t\t\t\t\t\t\t<\/div>\n\t\t\t\t\t\t\t\t\t<div class=\"faq\">\n\t\t\t\t\t\t\t\t\t\t\t\t\t<h3>Ce qu\u2019il faut consid\u00e9rer avant de faire une greffe de cheveux<\/h3>\n\t\t\t\t\t\t\t\t\t\t\t\t\t\t\t\t\t\t\t\t\t\t\t\t\t\t\t<details>\n\t\t\t\t\t\t\t\t\t<summary>Une greffe de cheveux en Turquie est-elle fiable?<\/summary>\n\t\t\t\t\t\t\t\t\t<p>Faire une greffe de cheveux en Turquie poss\u00e8de plusieurs avantages. Vous pouvez \u00e9conomiser plus de la moiti\u00e9 du tarif par rapport \u00e0 une prestation similaire en France. Les m\u00e9decins en Turquie poss\u00e8dent une grande exp\u00e9rience dans la chirurgie capillaire et utilisent des m\u00e9thodes de transplantation modernes.<\/p>\n\t\t\t\t\t\t\t\t<\/details>\n\t\t\t\t\t\t\t\t\t\t\t\t\t\t\t\t\t\t<\/div>\n\t\t\t\t\t\t\t\t\t<div class=\"faq\">\n\t\t\t\t\t\t\t\t\t\t\t\t\t<h3>Questions g\u00e9n\u00e9rales sur la greffe de cheveux<\/h3>\n\t\t\t\t\t\t\t\t\t\t\t\t\t\t\t\t\t\t\t\t\t\t\t\t\t\t\t<details>\n\t\t\t\t\t\t\t\t\t<summary>Quels examens sont n\u00e9cessaires avant une greffe de cheveux?<\/summary>\n\t\t\t\t\t\t\t\t\t<p>Avant une chirurgie capillaire, une consultation avec le m\u00e9decin est effectu\u00e9e. Il vous posera des questions sur vos habitudes, les maladies connues, les allergies et la prise de m\u00e9dicaments. Le m\u00e9decin examinera votre cuir chevelu avec un dermatoscope. Pour d\u00e9terminer le type de calvitie l\u2019\u00e9tat de vos cheveux, il peut enlever et examiner certains cheveux. Avant la greffe de cheveux, le m\u00e9decin effectue un test sanguin. Il peut d\u00e9tecter divers sympt\u00f4mes comme les carences, mais aussi des maladies. Sur la base de ces examens, le m\u00e9decin d\u00e9cide si la greffe de cheveux peut \u00eatre effectu\u00e9e.<\/p>\n\t\t\t\t\t\t\t\t<\/details>\n\t\t\t\t\t\t\t\t\t\t\t\t\t\t\t<details>\n\t\t\t\t\t\t\t\t\t<summary>Combien de greffons sont n\u00e9cessaires pour une greffe de cheveux?<\/summary>\n\t\t\t\t\t\t\t\t\t<p>Le nombre de greffons n\u00e9cessaires d\u00e9pend de la taille des zones chauves \u00e0 combler. Lorsque seules des petites zones doivent transplant\u00e9s, une session d\u2019implants capillaires de 2 000 greffons suffisent. Pour remplir de plus grandes surfaces, il faut parfois plus de 4 000 greffons. Une greffe de cheveux peut se faire dans de grandes zones chauves avec plusieurs interventions chirurgicales.<\/p>\n\t\t\t\t\t\t\t\t<\/details>\n\t\t\t\t\t\t\t\t\t\t\t\t\t\t\t<details>\n\t\t\t\t\t\t\t\t\t<summary>Combien de temps dure une greffe de cheveux?<\/summary>\n\t\t\t\t\t\t\t\t\t<p>La dur\u00e9e d\u2019une session d\u2019implants capillaires en Turquie d\u00e9pend de la superficie des zones chauves. Si seulement quelques greffons doivent \u00eatre greff\u00e9s, la greffe de cheveux prend environ 4 heures. L\u2019intervention peut \u00e9galement durer jusqu\u2019\u00e0 8 heures si plusieurs greffes sont n\u00e9cessaires. Si la transplantation prend plus de temps, une pause repas et une courte r\u00e9cup\u00e9ration sont souvent pr\u00e9vues.<\/p>\n\t\t\t\t\t\t\t\t<\/details>\n\t\t\t\t\t\t\t\t\t\t\t\t\t\t\t<details>\n\t\t\t\t\t\t\t\t\t<summary>Comment se passe l\u2019anesth\u00e9sie lors d\u2019une greffe de cheveux?<\/summary>\n\t\t\t\t\t\t\t\t\t<p>La greffe de cheveux est r\u00e9alis\u00e9e sous anesth\u00e9sie locale. La zone d\u2019\u00e9chantillonnage et la zone de transplantation sont anesth\u00e9si\u00e9es localement. Les seringues vous injectent l\u2019anesth\u00e9sique. Si vous appr\u00e9hendez la douleur vous pouvez opter pour notre technique brevet\u00e9e sans aiguilles Comfort In, gr\u00e2ce auquel l\u2019anesth\u00e9sique est press\u00e9 sous pression dans le cuir chevelu.<\/p>\n\t\t\t\t\t\t\t\t<\/details>\n\t\t\t\t\t\t\t\t\t\t\t\t\t\t\t<details>\n\t\t\t\t\t\t\t\t\t<summary>Que faire si vous avez des douleurs apr\u00e8s une greffe de cheveux?<\/summary>\n\t\t\t\t\t\t\t\t\t<p>Si vous ressentez de la douleur apr\u00e8s une greffe, cela d\u00e9pend de votre sens de la douleur et du d\u00e9roulement de l\u2019op\u00e9ration. Avec les nouvelles m\u00e9thodes d\u2019implants capillaires, les m\u00e9decins s\u2019efforcent de rendre votre convalescence post-op\u00e9ratoire aussi indolore que possible. Si vous ressentez des douleurs dans les premiers jours suivant votre greffe de cheveux en Turquie, vous pouvez utiliser un m\u00e9dicament anti-inflammatoire. Le cuir chevelu est toujours sensible pendant les premiers jours suivant la chirurgie capillaire. La peau peut devenir rouge, ce qui est tout \u00e0 fait normal.<\/p>\n\t\t\t\t\t\t\t\t<\/details>\n\t\t\t\t\t\t\t\t\t\t\t\t\t\t\t<details>\n\t\t\t\t\t\t\t\t\t<summary>Les cheveux doivent-ils \u00eatre ras\u00e9s avant une greffe de cheveux?<\/summary>\n\t\t\t\t\t\t\t\t\t<p>Un rasage est toujours n\u00e9cessaire lors de vos implants capillaires. Toutes les m\u00e9thodes ne n\u00e9cessitent pas un rasage complet de la t\u00eate. Si l\u2019extraction des follicules pileux n\u2019est effectu\u00e9e que sur l\u2019arri\u00e8re du cr\u00e2ne, il suffit d\u2019uniquement raser la zone \u00e0 \u00e9piler. La zone receveuse peut ensuite recevoir les follicules pileux devant \u00eatre transplant\u00e9s.<\/p>\n\t\t\t\t\t\t\t\t<\/details>\n\t\t\t\t\t\t\t\t\t\t\t\t\t\t\t<details>\n\t\t\t\t\t\t\t\t\t<summary>Quand puis-je retourner au travail apr\u00e8s la greffe de cheveux?<\/summary>\n\t\t\t\t\t\t\t\t\t<p>Si vous n\u2019avez pas \u00e0 faire de travail purement physique, vous pouvez reprendre celui-ci les jours suivant votre greffe de cheveux en Turquie. Si votre travail est physique, vous ne pouvez reprendre vos activit\u00e9s qu\u2019\u00e0 partir de 14 jours apr\u00e8s vos implants capillaires. Si c\u2019est votre cas nous vous conseillons de planifier des vacances pour vos implants capillaires en cons\u00e9quence. Ce conseil est \u00e9galement utile si vous pouvez travailler mais que vous ne voulez pas vous montrer en public \u00e0 cause de rougeurs, gonflements ou cro\u00fbtes.<\/p>\n\t\t\t\t\t\t\t\t<\/details>\n\t\t\t\t\t\t\t\t\t\t\t\t\t\t\t<details>\n\t\t\t\t\t\t\t\t\t<summary>Peut-on faire l\u2019amour apr\u00e8s une greffe de cheveux?<\/summary>\n\t\t\t\t\t\t\t\t\t<p>Il est important de limiter toute activit\u00e9 physique intensive, telle que la musculation, pendant au moins 14 jours. Ce d\u00e9lais correspond au temps de cicatrisation de vos greffons nouvellement implant\u00e9s. Une transpiration excessive peut alt\u00e9rer ce processus et il est important que que votre peau se repose apr\u00e8s l\u2019op\u00e9ration.<\/p>\n\t\t\t\t\t\t\t\t<\/details>\n\t\t\t\t\t\t\t\t\t\t\t\t\t\t\t\t\t\t<\/div>\n\t\t\t\t\t\t\t\t\t<div class=\"faq\">\n\t\t\t\t\t\t\t\t\t\t\t\t\t<h3>Greffe de cheveux : les m\u00e9thodes utilis\u00e9es<\/h3>\n\t\t\t\t\t\t\t\t\t\t\t\t\t\t\t\t\t\t\t\t\t\t\t\t\t\t\t<details>\n\t\t\t\t\t\t\t\t\t<summary>Comment se fait la greffe de cheveux \u00e0 Istanbul avec la m\u00e9thode DHI?<\/summary>\n\t\t\t\t\t\t\t\t\t<p>La m\u00e9thode DHI est l\u2019une des m\u00e9thodes les plus modernes de greffe de cheveux en Turquie. DHI est l\u2019abr\u00e9viation de Direct Hair Implantation. Les follicules pileux sont retir\u00e9s de l\u2019arri\u00e8re de la t\u00eate. Les cheveux doivent \u00eatre ras\u00e9s avec cette m\u00e9thode uniquement dans la zone de retrait. Les cheveux sont enlev\u00e9s avec une aiguille creuse tr\u00e8s fine. Les sites donneurs sont tr\u00e8s fins et ne gu\u00e9rissent pas de cicatrice. Les follicules pileux extraits sont plac\u00e9s dans une solution nutritive. Il n\u2019y a pas de perforations dans la zone de transplantation. Les cheveux sont utilis\u00e9s avec un stylo Choi sous haute pression dans la zone de greffe. Cette m\u00e9thode de greffe de cheveux a l\u2019avantage de ne pas laisser de cicatrices et que la gu\u00e9rison a lieu dans les dix jours. Comme les cheveux sont utilis\u00e9s dans le sens de la croissance et sans coupures, un r\u00e9sultat naturel et une densit\u00e9 de cheveux \u00e9lev\u00e9e sont garantis.<\/p>\n\t\t\t\t\t\t\t\t<\/details>\n\t\t\t\t\t\t\t\t\t\t\t\t\t\t\t<details>\n\t\t\t\t\t\t\t\t\t<summary>Comment s\u2019effectue la greffe de cheveux avec la m\u00e9thode FUE?<\/summary>\n\t\t\t\t\t\t\t\t\t<p>La m\u00e9thode de greffe de cheveux FUE (Follicular Unit Extraction) est celle que nous utilisons couramment. Cette technique n\u00e9cessite le rasage de la t\u00eate. Les greffons sont pr\u00e9lev\u00e9es \u00e0 partir de la zone donneuse, en particulier de l\u2019arri\u00e8re de la t\u00eate mais aussi des c\u00f4t\u00e9s, avec une aiguille creuse. Ces greffons consistent en un ou plusieurs follicules pileux. Avant leur implantation, les follicules pileux doivent \u00eatre stock\u00e9s dans une solution nutritive. Dans la zone de transplantation, les canaux radiculaires des cheveux doivent \u00eatre \u00e9largis pour accueillir les greffes. Il n\u2019y a pas de cicatrices dans la zone donneuse car les points de retrait sont tr\u00e8s petits et n\u2019ont par cons\u00e9quent pas \u00e0 \u00eatre sutur\u00e9s.<\/p>\n\t\t\t\t\t\t\t\t<\/details>\n\t\t\t\t\t\t\t\t\t\t\t\t\t\t\t\t\t\t<\/div>\n\t\t\t\t\t\t\t<\/div>\n\t\t\n\t\t\t<\/div>\n<\/section>\n\n","protected":false},"excerpt":{"rendered":"","protected":false},"author":1,"featured_media":0,"parent":11,"menu_order":0,"comment_status":"closed","ping_status":"closed","template":"","meta":{"_acf_changed":false,"_yoast_wpseo_focuskw":"","_yoast_wpseo_title":"FAQ | Les questions sur la greffe de cheveux | Elithair","_yoast_wpseo_metadesc":"Consultez toutes les questions et r\u00e9ponses sur la greffe de cheveux. Celles-ci sont recueillies aupr\u00e8s de nos patients.","_yoast_wpseo_meta-robots-noindex":"","_yoast_wpseo_meta-robots-nofollow":"","_yoast_wpseo_meta-robots-adv":"","_yoast_wpseo_canonical":"https:\/\/elithair.com\/fr\/informations\/faq\/","_yoast_wpseo_opengraph-title":"FAQ - Les questions sur la greffe de cheveux | Elithair","_yoast_wpseo_opengraph-description":"Consultez toutes les questions et r\u00e9ponses sur la greffe de cheveux. Celles-ci sont recueillies aupr\u00e8s de nos patients.","_yoast_wpseo_opengraph-image":"https:\/\/elithair.com\/fr\/wp-content\/uploads\/sites\/9\/2026\/05\/faq.png","_yoast_wpseo_twitter-title":"FAQ","_yoast_wpseo_twitter-description":"","_yoast_wpseo_twitter-image":"https:\/\/elithair.com\/fr\/wp-content\/uploads\/sites\/9\/2026\/05\/faq.png","_hm_hreflang_map":{"en":94974,"de":61,"uk":741,"es":89300,"it":20,"pt":22,"fr":27,"x_default":94974},"_hm_language_code":"fr","footnotes":""},"class_list":["post-27","page","type-page","status-publish","hentry"],"acf":[],"yoast_head":"<!-- This site is optimized with the Yoast SEO Premium plugin v27.5 (Yoast SEO v27.5) - https:\/\/yoast.com\/product\/yoast-seo-premium-wordpress\/ -->\n<title>FAQ | Les questions sur la greffe de cheveux | Elithair<\/title>\n<meta name=\"description\" content=\"Consultez toutes les questions et r\u00e9ponses sur la greffe de cheveux. Celles-ci sont recueillies aupr\u00e8s de nos patients.\" \/>\n<meta name=\"robots\" content=\"index, follow, max-snippet:-1, max-image-preview:large, max-video-preview:-1\" \/>\n<link rel=\"canonical\" href=\"https:\/\/elithair.com\/fr\/informations\/faq\/\" \/>\n<meta property=\"og:locale\" content=\"fr_FR\" \/>\n<meta property=\"og:type\" content=\"article\" \/>\n<meta property=\"og:title\" content=\"FAQ - Les questions sur la greffe de cheveux | Elithair\" \/>\n<meta property=\"og:description\" content=\"Consultez toutes les questions et r\u00e9ponses sur la greffe de cheveux. Celles-ci sont recueillies aupr\u00e8s de nos patients.\" \/>\n<meta property=\"og:url\" content=\"https:\/\/elithair.com\/fr\/informations\/faq\/\" \/>\n<meta property=\"og:site_name\" content=\"Elithair\" \/>\n<meta property=\"article:modified_time\" content=\"2026-05-03T11:48:05+00:00\" \/>\n<meta property=\"og:image\" content=\"https:\/\/elithair.com\/fr\/wp-content\/uploads\/sites\/9\/2026\/05\/faq.png\" \/>\n<meta name=\"twitter:card\" content=\"summary_large_image\" \/>\n<meta name=\"twitter:title\" content=\"FAQ\" \/>\n<meta name=\"twitter:image\" content=\"https:\/\/elithair.com\/fr\/wp-content\/uploads\/sites\/9\/2026\/05\/faq.png\" \/>\n<script type=\"application\/ld+json\" class=\"yoast-schema-graph\">{\"@context\":\"https:\\\/\\\/schema.org\",\"@graph\":[{\"@type\":\"WebPage\",\"@id\":\"https:\\\/\\\/elithair.com\\\/fr\\\/informations\\\/faq\\\/\",\"url\":\"https:\\\/\\\/elithair.com\\\/fr\\\/informations\\\/faq\\\/\",\"name\":\"FAQ | Les questions sur la greffe de cheveux | Elithair\",\"isPartOf\":{\"@id\":\"https:\\\/\\\/elithair.com\\\/fr\\\/#website\"},\"datePublished\":\"2026-04-11T14:48:40+00:00\",\"dateModified\":\"2026-05-03T11:48:05+00:00\",\"description\":\"Consultez toutes les questions et r\u00e9ponses sur la greffe de cheveux. Celles-ci sont recueillies aupr\u00e8s de nos patients.\",\"breadcrumb\":{\"@id\":\"https:\\\/\\\/elithair.com\\\/fr\\\/informations\\\/faq\\\/#breadcrumb\"},\"inLanguage\":\"fr-FR\",\"potentialAction\":[{\"@type\":\"ReadAction\",\"target\":[\"https:\\\/\\\/elithair.com\\\/fr\\\/informations\\\/faq\\\/\"]}]},{\"@type\":\"BreadcrumbList\",\"@id\":\"https:\\\/\\\/elithair.com\\\/fr\\\/informations\\\/faq\\\/#breadcrumb\",\"itemListElement\":[{\"@type\":\"ListItem\",\"position\":1,\"name\":\"Home\",\"item\":\"https:\\\/\\\/elithair.com\\\/fr\\\/\"},{\"@type\":\"ListItem\",\"position\":2,\"name\":\"Informations Elithair\",\"item\":\"https:\\\/\\\/elithair.com\\\/fr\\\/informations\\\/\"},{\"@type\":\"ListItem\",\"position\":3,\"name\":\"FAQ\"}]},{\"@type\":\"WebSite\",\"@id\":\"https:\\\/\\\/elithair.com\\\/fr\\\/#website\",\"url\":\"https:\\\/\\\/elithair.com\\\/fr\\\/\",\"name\":\"Elithair\",\"description\":\"Greffe de cheveux en Turquie : retrouvez votre confiance\",\"alternateName\":\"Greffe de cheveux en Turquie : retrouvez votre confiance\",\"potentialAction\":[{\"@type\":\"SearchAction\",\"target\":{\"@type\":\"EntryPoint\",\"urlTemplate\":\"https:\\\/\\\/elithair.com\\\/fr\\\/?s={search_term_string}\"},\"query-input\":{\"@type\":\"PropertyValueSpecification\",\"valueRequired\":true,\"valueName\":\"search_term_string\"}}],\"inLanguage\":\"fr-FR\"}]}<\/script>\n<!-- \/ Yoast SEO Premium plugin. -->","yoast_head_json":{"title":"FAQ | Les questions sur la greffe de cheveux | Elithair","description":"Consultez toutes les questions et r\u00e9ponses sur la greffe de cheveux. Celles-ci sont recueillies aupr\u00e8s de nos patients.","robots":{"index":"index","follow":"follow","max-snippet":"max-snippet:-1","max-image-preview":"max-image-preview:large","max-video-preview":"max-video-preview:-1"},"canonical":"https:\/\/elithair.com\/fr\/informations\/faq\/","og_locale":"fr_FR","og_type":"article","og_title":"FAQ - Les questions sur la greffe de cheveux | Elithair","og_description":"Consultez toutes les questions et r\u00e9ponses sur la greffe de cheveux. Celles-ci sont recueillies aupr\u00e8s de nos patients.","og_url":"https:\/\/elithair.com\/fr\/informations\/faq\/","og_site_name":"Elithair","article_modified_time":"2026-05-03T11:48:05+00:00","og_image":[{"url":"https:\/\/elithair.com\/fr\/wp-content\/uploads\/sites\/9\/2026\/05\/faq.png","type":"","width":"","height":""}],"twitter_card":"summary_large_image","twitter_title":"FAQ","twitter_image":"https:\/\/elithair.com\/fr\/wp-content\/uploads\/sites\/9\/2026\/05\/faq.png","schema":{"@context":"https:\/\/schema.org","@graph":[{"@type":"WebPage","@id":"https:\/\/elithair.com\/fr\/informations\/faq\/","url":"https:\/\/elithair.com\/fr\/informations\/faq\/","name":"FAQ | Les questions sur la greffe de cheveux | Elithair","isPartOf":{"@id":"https:\/\/elithair.com\/fr\/#website"},"datePublished":"2026-04-11T14:48:40+00:00","dateModified":"2026-05-03T11:48:05+00:00","description":"Consultez toutes les questions et r\u00e9ponses sur la greffe de cheveux. Celles-ci sont recueillies aupr\u00e8s de nos patients.","breadcrumb":{"@id":"https:\/\/elithair.com\/fr\/informations\/faq\/#breadcrumb"},"inLanguage":"fr-FR","potentialAction":[{"@type":"ReadAction","target":["https:\/\/elithair.com\/fr\/informations\/faq\/"]}]},{"@type":"BreadcrumbList","@id":"https:\/\/elithair.com\/fr\/informations\/faq\/#breadcrumb","itemListElement":[{"@type":"ListItem","position":1,"name":"Home","item":"https:\/\/elithair.com\/fr\/"},{"@type":"ListItem","position":2,"name":"Informations Elithair","item":"https:\/\/elithair.com\/fr\/informations\/"},{"@type":"ListItem","position":3,"name":"FAQ"}]},{"@type":"WebSite","@id":"https:\/\/elithair.com\/fr\/#website","url":"https:\/\/elithair.com\/fr\/","name":"Elithair","description":"Greffe de cheveux en Turquie : retrouvez votre confiance","alternateName":"Greffe de cheveux en Turquie : retrouvez votre confiance","potentialAction":[{"@type":"SearchAction","target":{"@type":"EntryPoint","urlTemplate":"https:\/\/elithair.com\/fr\/?s={search_term_string}"},"query-input":{"@type":"PropertyValueSpecification","valueRequired":true,"valueName":"search_term_string"}}],"inLanguage":"fr-FR"}]}},"jetpack_sharing_enabled":true,"_links":{"self":[{"href":"https:\/\/elithair.com\/fr\/wp-json\/wp\/v2\/pages\/27","targetHints":{"allow":["GET"]}}],"collection":[{"href":"https:\/\/elithair.com\/fr\/wp-json\/wp\/v2\/pages"}],"about":[{"href":"https:\/\/elithair.com\/fr\/wp-json\/wp\/v2\/types\/page"}],"author":[{"embeddable":true,"href":"https:\/\/elithair.com\/fr\/wp-json\/wp\/v2\/users\/1"}],"replies":[{"embeddable":true,"href":"https:\/\/elithair.com\/fr\/wp-json\/wp\/v2\/comments?post=27"}],"version-history":[{"count":8,"href":"https:\/\/elithair.com\/fr\/wp-json\/wp\/v2\/pages\/27\/revisions"}],"predecessor-version":[{"id":100375,"href":"https:\/\/elithair.com\/fr\/wp-json\/wp\/v2\/pages\/27\/revisions\/100375"}],"up":[{"embeddable":true,"href":"https:\/\/elithair.com\/fr\/wp-json\/wp\/v2\/pages\/11"}],"wp:attachment":[{"href":"https:\/\/elithair.com\/fr\/wp-json\/wp\/v2\/media?parent=27"}],"curies":[{"name":"wp","href":"https:\/\/api.w.org\/{rel}","templated":true}]}}