{"id":20,"date":"2026-04-11T14:48:37","date_gmt":"2026-04-11T14:48:37","guid":{"rendered":"https:\/\/unified.elitexperiments.com\/fr\/le-traitement-prp\/"},"modified":"2026-05-03T11:45:09","modified_gmt":"2026-05-03T11:45:09","slug":"le-traitement-prp","status":"publish","type":"page","link":"https:\/\/elithair.com\/fr\/traitement\/le-traitement-prp\/","title":{"rendered":"Le Traitement PRP"},"content":{"rendered":"<section class=\"wp-block-elh-main-hero main-hero dark-layout has-top-right-circle\">\n\t<div class=\"main-hero__container container\">\n\t\t\t\t\t<header class=\"main-hero__header\">\t\t\t\t\n\t\t\t\t<h1>\t\t\t\t\tLe traitement PRP\t\t\t\t<\/h1>\t\t\t<\/header>\n\t\t\n\t\t\t\t\t<div class=\"main-hero__content\">\n\t\t\t\t<p>Un traitement PRP (plasma riche en plaquettes) soutien et acc\u00e9l\u00e8re la phase de gu\u00e9rison apr\u00e8s une greffe de cheveux.<\/p>\n<p>Une technique si efficace qu\u2019elle est aussi utilis\u00e9e dans les domaines de la chirurgie plastique, dentaire et orthop\u00e9dique, et m\u00eame pour le traitement des plaies et des br\u00fblures.<\/p>\n<p>Dans le cadre d\u2019une greffe de cheveux, Elithair vous en offre une injection.<\/p>\n\t\t\t<\/div>\n\t\t\n\t\t\t\t\t<div class=\"main-hero__media\">\n\t\t\t\t<img decoding=\"async\" width=\"950\" height=\"749\" src=\"https:\/\/elithair.com\/fr\/wp-content\/uploads\/sites\/9\/2026\/04\/Dr-Balwi-Specialiste-en-Transplantation-Capillaire.webp\" class=\"hero-image\" alt=\"Dr. Balwi \u2013 Sp\u00e9cialiste en transplantation capillaire chez Elithair\" loading=\"eager\" fetchpriority=\"high\" sizes=\"(max-width: 767px) 40vw, (max-width: 1023px) 23vw, 25vw\" srcset=\"https:\/\/elithair.com\/fr\/wp-content\/uploads\/sites\/9\/2026\/04\/Dr-Balwi-Specialiste-en-Transplantation-Capillaire.webp 950w, https:\/\/elithair.com\/fr\/wp-content\/uploads\/sites\/9\/2026\/04\/Dr-Balwi-Specialiste-en-Transplantation-Capillaire-300x237.webp 300w, https:\/\/elithair.com\/fr\/wp-content\/uploads\/sites\/9\/2026\/04\/Dr-Balwi-Specialiste-en-Transplantation-Capillaire-768x606.webp 768w\" \/>\t\t\t<\/div>\n\t\t\t\t\t\t\t<div class=\"main-hero__btn-list btn-list\">\n\t\t\t\t\t\t\t\t<div class=\"btn-item\">\n\t\t\t\t\t<a\n\t\t\t\t\t\thref=\"https:\/\/elithair.com\/fr\/analyse-capillaire\/\"\t\t\t\t\t\tclass=\"btn\"\n\t\t\t\t\t>\n\t\t\t\t\t\t Mon analyse capillaire gratuite\t\t\t\t\t<\/a>\n\t\t\t\t<\/div>\n\t\t\t\t\t\t\t\t\t\t\t<\/div>\n\t\t\t<\/div>\n\t\t\n\t<\/section>\n\n\n<section class=\"wp-block-elh-content-media content-media layout-simple styled-ul custom-icon none bg-grey\">\n\t<div class=\"content-media__container container\">\n\t\t\t\t\t<header class=\"content-media__header\">\n\t\t\t\t\t\t\t\t\t<h2>\t\t\t\t\t\tEn quoi consiste un traitement PRP ?\t\t\t\t\t<\/h2>\t\t\t\t\t\t\t\t\t\t\t<\/header>\n\t\t\n\t\t\t\t\t<div class=\"content-media__media hide-shadow\">\n\t\t\t\t<figure class=\"fig-deep-blue-bg full-width-figure\"><img decoding=\"async\" width=\"1\" height=\"1\" src=\"https:\/\/elithair.com\/fr\/wp-content\/uploads\/sites\/9\/2026\/04\/schema-processus-du-traitement-prp-apres-greffe-de-cheveux.svg\" class=\"attachment-large size-large\" alt=\"schema-processus-du -traitement-prp-apres-greffe-de-cheveux\" loading=\"lazy\" \/><\/figure>\t\t\t<\/div>\n\t\t\t\t\t\t<div class=\"content-media__content\">\n\t\t\t<p>Notre organisme regorge de facteurs de croissance permettant la r\u00e9g\u00e9n\u00e9ration cellulaire et la cicatrisation. Pour les cheveux, un traitement PRP consiste \u00e0 isoler les agents actifs souhait\u00e9s et \u00e0 les r\u00e9injecter dans le cuir chevelu. Cela facilite la cicatrisation post chirurgie capillaire et stimule la repousse des cheveux.<\/p>\n<p>Dans le cadre de cette th\u00e9rapie, nous vous pr\u00e9levons du sang. Celui-ci est ensuite pass\u00e9 dans une centrifugeuse pour en isoler le plasma. C\u2019est ce concentr\u00e9 de plaquettes qui est ensuite introduit dans votre cuir chevelu.<\/p>\n<p>Ce sont donc des \u00e9l\u00e9ments pr\u00e9sents naturellement dans votre corps qui am\u00e9liorent les r\u00e9sultats de votre greffe !<\/p>\n\t\t<\/div>\n\t\t\n\t\t\n\t\t\t\t\t<div class=\"content-media__btn-list btn-list\">\n\t\t\t\t<div class=\"btn-item\">\n\t\t\t\t\t<a\n\t\t\t\t\t\tclass=\"btn\"\n\t\t\t\t\t\thref=\"https:\/\/elithair.com\/fr\/analyse-capillaire\/\"\t\t\t\t\t>Mon analyse capillaire<\/a>\n\t\t\t\t<\/div>\n\t\t\t<\/div>\n\t\t\t<\/div>\n<\/section>\n\n\n<section class=\"wp-block-elh-content-media content-media layout-simple right-media styled-ul custom-icon none bg-secondary dark-layout\" style=\"--custom-icon: url(&#039;https:\/\/elithair.com\/fr\/wp-content\/uploads\/sites\/9\/2026\/04\/blue-check.svg&#039;)\">\n\t<div class=\"content-media__container container\">\n\t\t\t\t\t<header class=\"content-media__header\">\n\t\t\t\t\t\t\t\t\t<h2>\t\t\t\t\t\tLes avantages du traitement PRP\t\t\t\t\t<\/h2>\t\t\t\t\t\t\t\t\t\t\t<\/header>\n\t\t\n\t\t\t\t\t<div class=\"content-media__media hide-shadow\">\n\t\t\t\t<figure><img decoding=\"async\" width=\"600\" height=\"524\" src=\"https:\/\/elithair.com\/fr\/wp-content\/uploads\/sites\/9\/2026\/04\/Un-patient-recoit-une-injection-de-plasma-riche-en-plaquettes-ou-traitement-PRP-a-la-clinique-Elithair-3.jpg\" class=\"attachment-large size-large\" alt=\"Un patient recoit une injection de plasma riche en plaquettes ou traitement PRP \u00e0 la clinique Elithair\" loading=\"lazy\" srcset=\"https:\/\/elithair.com\/fr\/wp-content\/uploads\/sites\/9\/2026\/04\/Un-patient-recoit-une-injection-de-plasma-riche-en-plaquettes-ou-traitement-PRP-a-la-clinique-Elithair-3.jpg 600w, https:\/\/elithair.com\/fr\/wp-content\/uploads\/sites\/9\/2026\/04\/Un-patient-recoit-une-injection-de-plasma-riche-en-plaquettes-ou-traitement-PRP-a-la-clinique-Elithair-3-300x262.jpg 300w\" sizes=\"auto, (max-width: 600px) 100vw, 600px\" \/><\/figure>\t\t\t<\/div>\n\t\t\t\t\t\t<div class=\"content-media__content\">\n\t\t\t<ul>\n<li>Une augmentation de la viabilit\u00e9 des greffons<\/li>\n<li>Une cicatrisation plus rapide<\/li>\n<li>Une stimulation des follicules pileux<\/li>\n<\/ul>\n\t\t<\/div>\n\t\t\n\t\t\n\t\t\t\t\t<div class=\"content-media__btn-list btn-list\">\n\t\t\t\t<div class=\"btn-item\">\n\t\t\t\t\t<a\n\t\t\t\t\t\tclass=\"btn\"\n\t\t\t\t\t\thref=\"https:\/\/elithair.com\/fr\/analyse-capillaire\/\"\t\t\t\t\t>Mon diagnostic capillaire<\/a>\n\t\t\t\t<\/div>\n\t\t\t<\/div>\n\t\t\t<\/div>\n<\/section>\n\n\n<section class=\"wp-block-elh-content-media content-media layout-simple styled-ul ul-default ul-default-box bg-grey\">\n\t<div class=\"content-media__container container\">\n\t\t\t\t\t<header class=\"content-media__header\">\n\t\t\t\t\t\t\t\t\t<h2>\t\t\t\t\t\tCicatrisation et croissance acc\u00e9l\u00e9r\u00e9es\t\t\t\t\t<\/h2>\t\t\t\t\t\t\t\t\t\t\t<\/header>\n\t\t\n\t\t\t\t\t<div class=\"content-media__media hide-shadow\">\n\t\t\t\t<figure><img decoding=\"async\" width=\"925\" height=\"617\" src=\"https:\/\/elithair.com\/fr\/wp-content\/uploads\/sites\/9\/2026\/04\/Un-patient-pendant-une-injection-de-plasma-riche-en-plaquettes-ou-un-traitement-PRP-chez-Elithair-3.jpg\" class=\"attachment-large size-large\" alt=\"Un patient pendant une injection de plasma riche en plaquettes ou un traitement PRP chez Elithair\" loading=\"lazy\" srcset=\"https:\/\/elithair.com\/fr\/wp-content\/uploads\/sites\/9\/2026\/04\/Un-patient-pendant-une-injection-de-plasma-riche-en-plaquettes-ou-un-traitement-PRP-chez-Elithair-3.jpg 925w, https:\/\/elithair.com\/fr\/wp-content\/uploads\/sites\/9\/2026\/04\/Un-patient-pendant-une-injection-de-plasma-riche-en-plaquettes-ou-un-traitement-PRP-chez-Elithair-3-300x200.jpg 300w, https:\/\/elithair.com\/fr\/wp-content\/uploads\/sites\/9\/2026\/04\/Un-patient-pendant-une-injection-de-plasma-riche-en-plaquettes-ou-un-traitement-PRP-chez-Elithair-3-768x512.jpg 768w\" sizes=\"auto, (max-width: 925px) 100vw, 925px\" \/><\/figure>\t\t\t<\/div>\n\t\t\t\t\t\t<div class=\"content-media__content\">\n\t\t\t<p>Mise au point dans les ann\u00e9es 1970, la m\u00e9thode PRP est souvent surnomm\u00e9e \u201cVampire Lift\u201d.<\/p>\n<p>Des \u00e9tudes scientifiques ont rapidement confirm\u00e9 qu\u2019elle contribuait \u00e0 une acc\u00e9l\u00e9ration significative de la cicatrisation.<\/p>\n<p>Dans le cas d\u2019une greffe de cheveux, cela signifie la gu\u00e9rison des plaies au bout de quelques jours.<\/p>\n<p>Qui plus est, mieux nourris gr\u00e2ce aux facteurs de croissance contenus dans le plasma sanguin, les follicules pileux produisent de nouveaux cheveux plus rapidement.<\/p>\n\t\t<\/div>\n\t\t\n\t\t\n\t\t\t<\/div>\n<\/section>\n\n\n<section class=\"wp-block-elh-content-media content-media layout-simple right-media styled-ul custom-icon none bg-radial-dark dark-layout\">\n\t<div class=\"content-media__container container\">\n\t\t\t\t\t<header class=\"content-media__header\">\n\t\t\t\t\t\t\t\t\t<h2>\t\t\t\t\t\tPRP cheveux, un traitement sans effets secondaires\t\t\t\t\t<\/h2>\t\t\t\t\t\t\t\t\t\t\t<\/header>\n\t\t\n\t\t\t\t\t<div class=\"content-media__media hide-shadow\">\n\t\t\t\t<figure class=\"full-width-figure has-mw\" style=\"--figure-mw:450px\"><img decoding=\"async\" width=\"549\" height=\"774\" src=\"https:\/\/elithair.com\/fr\/wp-content\/uploads\/sites\/9\/2026\/04\/Un-medecin-specialiste-injecte-du-plasma-riche-en-plaquettes-ou-traitement-PRP-a-la-clinique-Elithair-2.jpg\" class=\"attachment-large size-large\" alt=\"Un m\u00e9decin sp\u00e9cialiste injecte du plasma riche en plaquettes ou traitement PRP \u00e0 la clinique Elithair\" loading=\"lazy\" srcset=\"https:\/\/elithair.com\/fr\/wp-content\/uploads\/sites\/9\/2026\/04\/Un-medecin-specialiste-injecte-du-plasma-riche-en-plaquettes-ou-traitement-PRP-a-la-clinique-Elithair-2.jpg 549w, https:\/\/elithair.com\/fr\/wp-content\/uploads\/sites\/9\/2026\/04\/Un-medecin-specialiste-injecte-du-plasma-riche-en-plaquettes-ou-traitement-PRP-a-la-clinique-Elithair-2-213x300.jpg 213w\" sizes=\"auto, (max-width: 549px) 100vw, 549px\" \/><\/figure>\t\t\t<\/div>\n\t\t\t\t\t\t<div class=\"content-media__content\">\n\t\t\t<p>Le plasma est extrait du sang du patient et est parfaitement reconnu par l\u2019organisme, \u00e9liminant ainsi les risques de rejets.<\/p>\n<p>En plus, contrairement aux m\u00e9dicaments classiques, il n\u2019y a pas de r\u00e9actions allergiques ou d\u2019autres complications avec le PRP cheveux.<\/p>\n<p>Vous souhaitez en savoir plus ? Profitez de notre bilan capillaire sans engagement. Vous serez contact\u00e9 par un conseiller qui se fera un plaisir de r\u00e9pondre \u00e0 toutes vos questions.<\/p>\n\t\t<\/div>\n\t\t\n\t\t\n\t\t\t\t\t<div class=\"content-media__btn-list btn-list\">\n\t\t\t\t<div class=\"btn-item\">\n\t\t\t\t\t<a\n\t\t\t\t\t\tclass=\"btn\"\n\t\t\t\t\t\thref=\"https:\/\/elithair.com\/fr\/analyse-capillaire\/\"\t\t\t\t\t>Commencer mon diagnostic capillaire<\/a>\n\t\t\t\t<\/div>\n\t\t\t<\/div>\n\t\t\t<\/div>\n<\/section>\n","protected":false},"excerpt":{"rendered":"","protected":false},"author":1,"featured_media":0,"parent":13,"menu_order":0,"comment_status":"closed","ping_status":"closed","template":"","meta":{"_acf_changed":false,"_yoast_wpseo_focuskw":"","_yoast_wpseo_title":"Traitement PRP | Le boost id\u00e9al pour vos cheveux | Elithair","_yoast_wpseo_metadesc":"Le traitement PRP renforce vos cheveux et permet une cicatrisation post greffe acc\u00e9l\u00e9r\u00e9e pour une chevelure pleine de vitalit\u00e9.","_yoast_wpseo_meta-robots-noindex":"","_yoast_wpseo_meta-robots-nofollow":"","_yoast_wpseo_meta-robots-adv":"","_yoast_wpseo_canonical":"https:\/\/elithair.com\/fr\/traitement\/le-traitement-prp\/","_yoast_wpseo_opengraph-title":"Traitement PRP | Le boost id\u00e9al pour vos cheveux | Elithair","_yoast_wpseo_opengraph-description":"Le traitement PRP renforce vos cheveux et permet une cicatrisation post greffe acc\u00e9l\u00e9r\u00e9e pour une chevelure pleine de vitalit\u00e9.","_yoast_wpseo_opengraph-image":"https:\/\/elithair.com\/fr\/wp-content\/uploads\/sites\/9\/2026\/05\/le-traitement-prp.png","_yoast_wpseo_twitter-title":"Le Traitement PRP","_yoast_wpseo_twitter-description":"","_yoast_wpseo_twitter-image":"https:\/\/elithair.com\/fr\/wp-content\/uploads\/sites\/9\/2026\/05\/le-traitement-prp.png","_hm_hreflang_map":{"uk":752,"es":89290,"it":29,"pt":12,"fr":20,"x_default":752},"_hm_language_code":"fr","footnotes":""},"class_list":["post-20","page","type-page","status-publish","hentry"],"acf":[],"yoast_head":"<!-- This site is optimized with the Yoast SEO Premium plugin v27.5 (Yoast SEO v27.5) - https:\/\/yoast.com\/product\/yoast-seo-premium-wordpress\/ -->\n<title>Traitement PRP | Le boost id\u00e9al pour vos cheveux | Elithair<\/title>\n<meta name=\"description\" content=\"Le traitement PRP renforce vos cheveux et permet une cicatrisation post greffe acc\u00e9l\u00e9r\u00e9e pour une chevelure pleine de vitalit\u00e9.\" \/>\n<meta name=\"robots\" content=\"index, follow, max-snippet:-1, max-image-preview:large, max-video-preview:-1\" \/>\n<link rel=\"canonical\" href=\"https:\/\/elithair.com\/fr\/traitement\/le-traitement-prp\/\" \/>\n<meta property=\"og:locale\" content=\"fr_FR\" \/>\n<meta property=\"og:type\" content=\"article\" \/>\n<meta property=\"og:title\" content=\"Traitement PRP | Le boost id\u00e9al pour vos cheveux | Elithair\" \/>\n<meta property=\"og:description\" content=\"Le traitement PRP renforce vos cheveux et permet une cicatrisation post greffe acc\u00e9l\u00e9r\u00e9e pour une chevelure pleine de vitalit\u00e9.\" \/>\n<meta property=\"og:url\" content=\"https:\/\/elithair.com\/fr\/traitement\/le-traitement-prp\/\" \/>\n<meta property=\"og:site_name\" content=\"Elithair\" \/>\n<meta property=\"article:modified_time\" content=\"2026-05-03T11:45:09+00:00\" \/>\n<meta property=\"og:image\" content=\"https:\/\/elithair.com\/fr\/wp-content\/uploads\/sites\/9\/2026\/05\/le-traitement-prp.png\" \/>\n<meta name=\"twitter:card\" content=\"summary_large_image\" \/>\n<meta name=\"twitter:title\" content=\"Le Traitement PRP\" \/>\n<meta name=\"twitter:image\" content=\"https:\/\/elithair.com\/fr\/wp-content\/uploads\/sites\/9\/2026\/05\/le-traitement-prp.png\" \/>\n<script type=\"application\/ld+json\" class=\"yoast-schema-graph\">{\"@context\":\"https:\\\/\\\/schema.org\",\"@graph\":[{\"@type\":\"WebPage\",\"@id\":\"https:\\\/\\\/elithair.com\\\/fr\\\/traitement\\\/le-traitement-prp\\\/\",\"url\":\"https:\\\/\\\/elithair.com\\\/fr\\\/traitement\\\/le-traitement-prp\\\/\",\"name\":\"Traitement PRP | Le boost id\u00e9al pour vos cheveux | Elithair\",\"isPartOf\":{\"@id\":\"https:\\\/\\\/elithair.com\\\/fr\\\/#website\"},\"datePublished\":\"2026-04-11T14:48:37+00:00\",\"dateModified\":\"2026-05-03T11:45:09+00:00\",\"description\":\"Le traitement PRP renforce vos cheveux et permet une cicatrisation post greffe acc\u00e9l\u00e9r\u00e9e pour une chevelure pleine de vitalit\u00e9.\",\"breadcrumb\":{\"@id\":\"https:\\\/\\\/elithair.com\\\/fr\\\/traitement\\\/le-traitement-prp\\\/#breadcrumb\"},\"inLanguage\":\"fr-FR\",\"potentialAction\":[{\"@type\":\"ReadAction\",\"target\":[\"https:\\\/\\\/elithair.com\\\/fr\\\/traitement\\\/le-traitement-prp\\\/\"]}]},{\"@type\":\"BreadcrumbList\",\"@id\":\"https:\\\/\\\/elithair.com\\\/fr\\\/traitement\\\/le-traitement-prp\\\/#breadcrumb\",\"itemListElement\":[{\"@type\":\"ListItem\",\"position\":1,\"name\":\"Home\",\"item\":\"https:\\\/\\\/elithair.com\\\/fr\\\/\"},{\"@type\":\"ListItem\",\"position\":2,\"name\":\"Traitements capillaires pour votre chevelure\",\"item\":\"https:\\\/\\\/elithair.com\\\/fr\\\/traitement\\\/\"},{\"@type\":\"ListItem\",\"position\":3,\"name\":\"Le Traitement PRP\"}]},{\"@type\":\"WebSite\",\"@id\":\"https:\\\/\\\/elithair.com\\\/fr\\\/#website\",\"url\":\"https:\\\/\\\/elithair.com\\\/fr\\\/\",\"name\":\"Elithair\",\"description\":\"Greffe de cheveux en Turquie : retrouvez votre confiance\",\"alternateName\":\"Greffe de cheveux en Turquie : retrouvez votre confiance\",\"potentialAction\":[{\"@type\":\"SearchAction\",\"target\":{\"@type\":\"EntryPoint\",\"urlTemplate\":\"https:\\\/\\\/elithair.com\\\/fr\\\/?s={search_term_string}\"},\"query-input\":{\"@type\":\"PropertyValueSpecification\",\"valueRequired\":true,\"valueName\":\"search_term_string\"}}],\"inLanguage\":\"fr-FR\"}]}<\/script>\n<!-- \/ Yoast SEO Premium plugin. -->","yoast_head_json":{"title":"Traitement PRP | Le boost id\u00e9al pour vos cheveux | Elithair","description":"Le traitement PRP renforce vos cheveux et permet une cicatrisation post greffe acc\u00e9l\u00e9r\u00e9e pour une chevelure pleine de vitalit\u00e9.","robots":{"index":"index","follow":"follow","max-snippet":"max-snippet:-1","max-image-preview":"max-image-preview:large","max-video-preview":"max-video-preview:-1"},"canonical":"https:\/\/elithair.com\/fr\/traitement\/le-traitement-prp\/","og_locale":"fr_FR","og_type":"article","og_title":"Traitement PRP | Le boost id\u00e9al pour vos cheveux | Elithair","og_description":"Le traitement PRP renforce vos cheveux et permet une cicatrisation post greffe acc\u00e9l\u00e9r\u00e9e pour une chevelure pleine de vitalit\u00e9.","og_url":"https:\/\/elithair.com\/fr\/traitement\/le-traitement-prp\/","og_site_name":"Elithair","article_modified_time":"2026-05-03T11:45:09+00:00","og_image":[{"url":"https:\/\/elithair.com\/fr\/wp-content\/uploads\/sites\/9\/2026\/05\/le-traitement-prp.png","type":"","width":"","height":""}],"twitter_card":"summary_large_image","twitter_title":"Le Traitement PRP","twitter_image":"https:\/\/elithair.com\/fr\/wp-content\/uploads\/sites\/9\/2026\/05\/le-traitement-prp.png","schema":{"@context":"https:\/\/schema.org","@graph":[{"@type":"WebPage","@id":"https:\/\/elithair.com\/fr\/traitement\/le-traitement-prp\/","url":"https:\/\/elithair.com\/fr\/traitement\/le-traitement-prp\/","name":"Traitement PRP | Le boost id\u00e9al pour vos cheveux | Elithair","isPartOf":{"@id":"https:\/\/elithair.com\/fr\/#website"},"datePublished":"2026-04-11T14:48:37+00:00","dateModified":"2026-05-03T11:45:09+00:00","description":"Le traitement PRP renforce vos cheveux et permet une cicatrisation post greffe acc\u00e9l\u00e9r\u00e9e pour une chevelure pleine de vitalit\u00e9.","breadcrumb":{"@id":"https:\/\/elithair.com\/fr\/traitement\/le-traitement-prp\/#breadcrumb"},"inLanguage":"fr-FR","potentialAction":[{"@type":"ReadAction","target":["https:\/\/elithair.com\/fr\/traitement\/le-traitement-prp\/"]}]},{"@type":"BreadcrumbList","@id":"https:\/\/elithair.com\/fr\/traitement\/le-traitement-prp\/#breadcrumb","itemListElement":[{"@type":"ListItem","position":1,"name":"Home","item":"https:\/\/elithair.com\/fr\/"},{"@type":"ListItem","position":2,"name":"Traitements capillaires pour votre chevelure","item":"https:\/\/elithair.com\/fr\/traitement\/"},{"@type":"ListItem","position":3,"name":"Le Traitement PRP"}]},{"@type":"WebSite","@id":"https:\/\/elithair.com\/fr\/#website","url":"https:\/\/elithair.com\/fr\/","name":"Elithair","description":"Greffe de cheveux en Turquie : retrouvez votre confiance","alternateName":"Greffe de cheveux en Turquie : retrouvez votre confiance","potentialAction":[{"@type":"SearchAction","target":{"@type":"EntryPoint","urlTemplate":"https:\/\/elithair.com\/fr\/?s={search_term_string}"},"query-input":{"@type":"PropertyValueSpecification","valueRequired":true,"valueName":"search_term_string"}}],"inLanguage":"fr-FR"}]}},"jetpack_sharing_enabled":true,"_links":{"self":[{"href":"https:\/\/elithair.com\/fr\/wp-json\/wp\/v2\/pages\/20","targetHints":{"allow":["GET"]}}],"collection":[{"href":"https:\/\/elithair.com\/fr\/wp-json\/wp\/v2\/pages"}],"about":[{"href":"https:\/\/elithair.com\/fr\/wp-json\/wp\/v2\/types\/page"}],"author":[{"embeddable":true,"href":"https:\/\/elithair.com\/fr\/wp-json\/wp\/v2\/users\/1"}],"replies":[{"embeddable":true,"href":"https:\/\/elithair.com\/fr\/wp-json\/wp\/v2\/comments?post=20"}],"version-history":[{"count":12,"href":"https:\/\/elithair.com\/fr\/wp-json\/wp\/v2\/pages\/20\/revisions"}],"predecessor-version":[{"id":100342,"href":"https:\/\/elithair.com\/fr\/wp-json\/wp\/v2\/pages\/20\/revisions\/100342"}],"up":[{"embeddable":true,"href":"https:\/\/elithair.com\/fr\/wp-json\/wp\/v2\/pages\/13"}],"wp:attachment":[{"href":"https:\/\/elithair.com\/fr\/wp-json\/wp\/v2\/media?parent=20"}],"curies":[{"name":"wp","href":"https:\/\/api.w.org\/{rel}","templated":true}]}}