{"id":14,"date":"2026-04-11T14:48:34","date_gmt":"2026-04-11T14:48:34","guid":{"rendered":"https:\/\/unified.elitexperiments.com\/fr\/greffe-de-cheveux-blog\/"},"modified":"2026-05-03T11:48:13","modified_gmt":"2026-05-03T11:48:13","slug":"greffe-de-cheveux-blog","status":"publish","type":"page","link":"https:\/\/elithair.com\/fr\/greffe-de-cheveux-blog\/","title":{"rendered":"Greffe de Cheveux Blog"},"content":{"rendered":"<section class=\"wp-block-elh-main-hero main-hero dark-layout has-search has-extra-row has-top-right-circle\">\n\t<div class=\"main-hero__container container\">\n\t\t\t\t\t<header class=\"main-hero__header\">\t\t\t\t\n\t\t\t\t<h1>\t\t\t\t\tGreffe de cheveux : <strong>le blog Elithair<\/strong>\t\t\t\t<\/h1>\t\t\t<\/header>\n\t\t\n\t\t\t\t\t<div class=\"main-hero__content\">\n\t\t\t\t<p><strong>Elithair est un leader du domaine de la greffe de cheveux.<\/strong><\/p>\n<p>Consultez sur notre blog, l\u2019actualit\u00e9, informations et conseils sur les th\u00e8mes calvitie, perte de cheveux et greffe capillaire.<\/p>\n\t\t\t<\/div>\n\t\t\n\t\t\t\t\t<div class=\"main-hero__media\">\n\t\t\t\t<img decoding=\"async\" width=\"950\" height=\"749\" src=\"https:\/\/elithair.com\/fr\/wp-content\/uploads\/sites\/9\/2026\/04\/Dr-Balwi-Specialiste-en-Transplantation-Capillaire.webp\" class=\"hero-image\" alt=\"Dr. Balwi \u2013 Sp\u00e9cialiste en transplantation capillaire chez Elithair\" loading=\"eager\" fetchpriority=\"high\" sizes=\"(max-width: 767px) 40vw, (max-width: 1023px) 23vw, 25vw\" srcset=\"https:\/\/elithair.com\/fr\/wp-content\/uploads\/sites\/9\/2026\/04\/Dr-Balwi-Specialiste-en-Transplantation-Capillaire.webp 950w, https:\/\/elithair.com\/fr\/wp-content\/uploads\/sites\/9\/2026\/04\/Dr-Balwi-Specialiste-en-Transplantation-Capillaire-300x237.webp 300w, https:\/\/elithair.com\/fr\/wp-content\/uploads\/sites\/9\/2026\/04\/Dr-Balwi-Specialiste-en-Transplantation-Capillaire-768x606.webp 768w\" \/>\t\t\t<\/div>\n\t\t\t\t\t<\/div>\n\t\t<form role=\"search\" method=\"get\" action=\"https:\/\/elithair.com\/fr\" class=\"main-hero__search container\">\t\t\t\t \n\t\t\t<input class=\"main-hero__search-input\"  placeholder=\"Rechercher\u2026\" value=\"\" type=\"search\" name=\"s\" required=\"\">\n\t\t\t<button aria-label=\"Rechercher\" class=\"main-hero__search-btn\" type=\"submit\">Rechercher\t\t<\/button> \n\t<\/form>\n\t\t\n\t<\/section>\n\n\n\n<div class=\"container archive-container\">\n            <h2>Cat\u00e9gories<\/h2>\n        <div class=\"archive-filter\" data-current-cat=\"0\">\n        <label><input type=\"radio\" name=\"cat\" value=\"0\" checked=\"checked\">Tous<\/label><label><input type=\"radio\" name=\"cat\" value=\"10\">Actualit\u00e9s, innovations<\/label><label><input type=\"radio\" name=\"cat\" value=\"4\">Chirurgie capillaire<\/label><label><input type=\"radio\" name=\"cat\" value=\"6\">Chute de cheveux femme<\/label><label><input type=\"radio\" name=\"cat\" value=\"7\">Perte de cheveux<\/label><label><input type=\"radio\" name=\"cat\" value=\"5\">Soin des cheveux<\/label><\/div>    <div class=\"scroll-trigger-top\"><\/div>\n    <div class=\"archive-grid\">\n                                    <article class=\"post-card\" data-page=\"1\" data-page-anchor=\"true\">\n                    <a href=\"https:\/\/elithair.com\/fr\/greffe-de-cheveux-blog\/capteurs-du-cuir-chevelu-electroniques-pour-suivre-la-croissance-des-cheveux-lavenir-de-lanalyse-capillaire\/\">\n                        <div class=\"post-thumb\">\n                            <img decoding=\"async\" width=\"300\" height=\"200\" src=\"https:\/\/elithair.com\/fr\/wp-content\/uploads\/sites\/9\/2026\/04\/analyse-capillaire-moderne-300x200.webp\" class=\"attachment-medium size-medium wp-post-image\" alt=\"analyse avanc\u00e9e du cuir chevelu \u00e0 l\u2019aide de technologies modernes pour \u00e9valuer la sant\u00e9 capillaire\" loading=\"eager\" srcset=\"https:\/\/elithair.com\/fr\/wp-content\/uploads\/sites\/9\/2026\/04\/analyse-capillaire-moderne-300x200.webp 300w, https:\/\/elithair.com\/fr\/wp-content\/uploads\/sites\/9\/2026\/04\/analyse-capillaire-moderne.webp 750w\" sizes=\"(max-width: 300px) 100vw, 300px\" \/>                        <\/div>\n                        <p>Capteurs du cuir chevelu \u00e9lectroniques pour suivre la croissance des cheveux : l\u2019avenir de l\u2019analyse capillaire ?<\/p>\n                       <\/a>\n                <\/article>\n                            <article class=\"post-card\" data-page=\"1\" >\n                    <a href=\"https:\/\/elithair.com\/fr\/greffe-de-cheveux-blog\/greffe-de-cheveux-a-lere-de-la-surcharge-decisionnelle-comment-faire-le-bon-choix\/\">\n                        <div class=\"post-thumb\">\n                            <img decoding=\"async\" width=\"300\" height=\"169\" src=\"https:\/\/elithair.com\/fr\/wp-content\/uploads\/sites\/9\/2026\/03\/homme-submerge-main-sur-la-tete-stresse-300x169.webp\" class=\"attachment-medium size-medium wp-post-image\" alt=\"Homme stress\u00e9 submerg\u00e9 tenant sa t\u00eate avec la main\" loading=\"eager\" srcset=\"https:\/\/elithair.com\/fr\/wp-content\/uploads\/sites\/9\/2026\/03\/homme-submerge-main-sur-la-tete-stresse-300x169.webp 300w, https:\/\/elithair.com\/fr\/wp-content\/uploads\/sites\/9\/2026\/03\/homme-submerge-main-sur-la-tete-stresse-768x432.webp 768w, https:\/\/elithair.com\/fr\/wp-content\/uploads\/sites\/9\/2026\/03\/homme-submerge-main-sur-la-tete-stresse.webp 950w\" sizes=\"(max-width: 300px) 100vw, 300px\" \/>                        <\/div>\n                        <p>Greffe de cheveux \u00e0 l\u2019\u00e8re de la surcharge d\u00e9cisionnelle : comment faire le bon choix<\/p>\n                       <\/a>\n                <\/article>\n                            <article class=\"post-card\" data-page=\"1\" >\n                    <a href=\"https:\/\/elithair.com\/fr\/greffe-de-cheveux-blog\/des-follicules-pileux-crees-en-laboratoire-vers-une-revolution-contre-la-calvitie\/\">\n                        <div class=\"post-thumb\">\n                            <img decoding=\"async\" width=\"300\" height=\"169\" src=\"https:\/\/elithair.com\/fr\/wp-content\/uploads\/sites\/9\/2026\/03\/groupe-jeunes-personnes-rires-300x169.webp\" class=\"attachment-medium size-medium wp-post-image\" alt=\"groupe de jeunes personnes qui rient ensemble dans une ambiance conviviale\" loading=\"eager\" srcset=\"https:\/\/elithair.com\/fr\/wp-content\/uploads\/sites\/9\/2026\/03\/groupe-jeunes-personnes-rires-300x169.webp 300w, https:\/\/elithair.com\/fr\/wp-content\/uploads\/sites\/9\/2026\/03\/groupe-jeunes-personnes-rires-768x432.webp 768w, https:\/\/elithair.com\/fr\/wp-content\/uploads\/sites\/9\/2026\/03\/groupe-jeunes-personnes-rires.webp 950w\" sizes=\"(max-width: 300px) 100vw, 300px\" \/>                        <\/div>\n                        <p>Greffe de cheveux chez les personnes transgenres : lorsque le reflet correspond \u00e0 l\u2019identit\u00e9<\/p>\n                       <\/a>\n                <\/article>\n                            <article class=\"post-card\" data-page=\"1\" >\n                    <a href=\"https:\/\/elithair.com\/fr\/greffe-de-cheveux-blog\/greffe-de-cheveux-a-lere-de-la-longevite-et-de-lanti-age-la-durabilite-biologique-plutot-que-lillusion-cosmetique\/\">\n                        <div class=\"post-thumb\">\n                            <img decoding=\"async\" width=\"300\" height=\"169\" src=\"https:\/\/elithair.com\/fr\/wp-content\/uploads\/sites\/9\/2026\/03\/jeune-homme-et-homme-age-souriants-cote-a-cote-300x169.webp\" class=\"attachment-medium size-medium wp-post-image\" alt=\"Jeune homme et homme \u00e2g\u00e9 souriant c\u00f4te \u00e0 c\u00f4te illustrant le vieillissement et la vitalit\u00e9\" loading=\"eager\" srcset=\"https:\/\/elithair.com\/fr\/wp-content\/uploads\/sites\/9\/2026\/03\/jeune-homme-et-homme-age-souriants-cote-a-cote-300x169.webp 300w, https:\/\/elithair.com\/fr\/wp-content\/uploads\/sites\/9\/2026\/03\/jeune-homme-et-homme-age-souriants-cote-a-cote-768x432.webp 768w, https:\/\/elithair.com\/fr\/wp-content\/uploads\/sites\/9\/2026\/03\/jeune-homme-et-homme-age-souriants-cote-a-cote.webp 950w\" sizes=\"(max-width: 300px) 100vw, 300px\" \/>                        <\/div>\n                        <p>Greffe de cheveux \u00e0 l\u2019\u00e8re de la long\u00e9vit\u00e9 et de l\u2019anti-\u00e2ge : la durabilit\u00e9 biologique plut\u00f4t que l\u2019illusion cosm\u00e9tique<\/p>\n                       <\/a>\n                <\/article>\n                            <article class=\"post-card\" data-page=\"1\" >\n                    <a href=\"https:\/\/elithair.com\/fr\/greffe-de-cheveux-blog\/inflammation-apres-une-greffe-de-cheveux-faut-il-sinquieter\/\">\n                        <div class=\"post-thumb\">\n                            <img decoding=\"async\" width=\"300\" height=\"169\" src=\"https:\/\/elithair.com\/fr\/wp-content\/uploads\/sites\/9\/2026\/03\/homme-verifie-ligne-capillaire-miroir-300x169.webp\" class=\"attachment-medium size-medium wp-post-image\" alt=\"Homme observant sa ligne capillaire dans un miroir pour v\u00e9rifier sa densit\u00e9 de cheveux\" loading=\"eager\" srcset=\"https:\/\/elithair.com\/fr\/wp-content\/uploads\/sites\/9\/2026\/03\/homme-verifie-ligne-capillaire-miroir-300x169.webp 300w, https:\/\/elithair.com\/fr\/wp-content\/uploads\/sites\/9\/2026\/03\/homme-verifie-ligne-capillaire-miroir-768x432.webp 768w, https:\/\/elithair.com\/fr\/wp-content\/uploads\/sites\/9\/2026\/03\/homme-verifie-ligne-capillaire-miroir.webp 950w\" sizes=\"(max-width: 300px) 100vw, 300px\" \/>                        <\/div>\n                        <p>Inflammation apr\u00e8s une greffe de cheveux : faut-il s\u2019inqui\u00e9ter ?<\/p>\n                       <\/a>\n                <\/article>\n                            <article class=\"post-card\" data-page=\"1\" >\n                    <a href=\"https:\/\/elithair.com\/fr\/greffe-de-cheveux-blog\/les-remedes-maison-pour-les-cheveux-sont-ils-vraiment-efficaces-ou-juste-une-tendance-des-reseaux-sociaux\/\">\n                        <div class=\"post-thumb\">\n                            <img decoding=\"async\" width=\"300\" height=\"231\" src=\"https:\/\/elithair.com\/fr\/wp-content\/uploads\/sites\/9\/2026\/03\/main-en-train-preparer-recette-scaled-1-300x231.webp\" class=\"attachment-medium size-medium wp-post-image\" alt=\"Pr\u00e9paration d&#039;une recette maison pour appliquer des soins naturels sur les cheveux\" loading=\"eager\" srcset=\"https:\/\/elithair.com\/fr\/wp-content\/uploads\/sites\/9\/2026\/03\/main-en-train-preparer-recette-scaled-1-300x231.webp 300w, https:\/\/elithair.com\/fr\/wp-content\/uploads\/sites\/9\/2026\/03\/main-en-train-preparer-recette-scaled-1-1024x789.webp 1024w, https:\/\/elithair.com\/fr\/wp-content\/uploads\/sites\/9\/2026\/03\/main-en-train-preparer-recette-scaled-1-768x592.webp 768w, https:\/\/elithair.com\/fr\/wp-content\/uploads\/sites\/9\/2026\/03\/main-en-train-preparer-recette-scaled-1-1536x1184.webp 1536w, https:\/\/elithair.com\/fr\/wp-content\/uploads\/sites\/9\/2026\/03\/main-en-train-preparer-recette-scaled-1-2048x1578.webp 2048w\" sizes=\"(max-width: 300px) 100vw, 300px\" \/>                        <\/div>\n                        <p>Les rem\u00e8des maison pour les cheveux sont-ils vraiment efficaces\u2026 ou juste une tendance des r\u00e9seaux sociaux?<\/p>\n                       <\/a>\n                <\/article>\n                            <article class=\"post-card\" data-page=\"1\" >\n                    <a href=\"https:\/\/elithair.com\/fr\/greffe-de-cheveux-blog\/peut-on-mesurer-les-etats-psychiques-via-le-cuir-chevelu-les-nouvelles-technologies-expliquees\/\">\n                        <div class=\"post-thumb\">\n                            <img decoding=\"async\" width=\"300\" height=\"200\" src=\"https:\/\/elithair.com\/fr\/wp-content\/uploads\/sites\/9\/2026\/03\/tete-humaine-en-verre-300x200.webp\" class=\"attachment-medium size-medium wp-post-image\" alt=\"T\u00eate humaine en verre symbolisant la transparence mentale et la mesure des \u00e9tats psychiques\" loading=\"eager\" srcset=\"https:\/\/elithair.com\/fr\/wp-content\/uploads\/sites\/9\/2026\/03\/tete-humaine-en-verre-300x200.webp 300w, https:\/\/elithair.com\/fr\/wp-content\/uploads\/sites\/9\/2026\/03\/tete-humaine-en-verre.webp 750w\" sizes=\"(max-width: 300px) 100vw, 300px\" \/>                        <\/div>\n                        <p>Peut-on mesurer les \u00e9tats psychiques via le cuir chevelu ? Les nouvelles technologies expliqu\u00e9es<\/p>\n                       <\/a>\n                <\/article>\n                            <article class=\"post-card\" data-page=\"1\" >\n                    <a href=\"https:\/\/elithair.com\/fr\/greffe-de-cheveux-blog\/transhumanisme-et-cheveux-pourrons-nous-bientot-upgrader-nimporte-quel-look-a-volonte\/\">\n                        <div class=\"post-thumb\">\n                            <img decoding=\"async\" width=\"300\" height=\"200\" src=\"https:\/\/elithair.com\/fr\/wp-content\/uploads\/sites\/9\/2026\/02\/tete-humaine-se-dissout-en-numerique-300x200.webp\" class=\"attachment-medium size-medium wp-post-image\" alt=\"T\u00eate humaine se dissolvant progressivement en particules num\u00e9riques symbolisant la fusion entre biologie et technologie\" loading=\"eager\" srcset=\"https:\/\/elithair.com\/fr\/wp-content\/uploads\/sites\/9\/2026\/02\/tete-humaine-se-dissout-en-numerique-300x200.webp 300w, https:\/\/elithair.com\/fr\/wp-content\/uploads\/sites\/9\/2026\/02\/tete-humaine-se-dissout-en-numerique.webp 750w\" sizes=\"(max-width: 300px) 100vw, 300px\" \/>                        <\/div>\n                        <p>Transhumanisme et cheveux \u2013 pourrons-nous bient\u00f4t \u00ab upgrader \u00bb n\u2019importe quel look \u00e0 volont\u00e9 ?<\/p>\n                       <\/a>\n                <\/article>\n                            <article class=\"post-card\" data-page=\"1\" >\n                    <a href=\"https:\/\/elithair.com\/fr\/greffe-de-cheveux-blog\/recherche-sur-la-senescence-comment-les-cellules-zombies-peuvent-influencer-les-resultats-dune-greffe-de-cheveux\/\">\n                        <div class=\"post-thumb\">\n                            <img decoding=\"async\" width=\"300\" height=\"169\" src=\"https:\/\/elithair.com\/fr\/wp-content\/uploads\/sites\/9\/2026\/02\/homme-cheveux-gris-pensif-300x169.webp\" class=\"attachment-medium size-medium wp-post-image\" alt=\"Homme aux cheveux gris avec une expression pensive regardant vers le bas\" loading=\"eager\" srcset=\"https:\/\/elithair.com\/fr\/wp-content\/uploads\/sites\/9\/2026\/02\/homme-cheveux-gris-pensif-300x169.webp 300w, https:\/\/elithair.com\/fr\/wp-content\/uploads\/sites\/9\/2026\/02\/homme-cheveux-gris-pensif-768x432.webp 768w, https:\/\/elithair.com\/fr\/wp-content\/uploads\/sites\/9\/2026\/02\/homme-cheveux-gris-pensif.webp 950w\" sizes=\"(max-width: 300px) 100vw, 300px\" \/>                        <\/div>\n                        <p>Recherche sur la s\u00e9nescence : comment les \u00ab cellules zombies \u00bb peuvent influencer les r\u00e9sultats d\u2019une greffe de cheveux<\/p>\n                       <\/a>\n                <\/article>\n                            <article class=\"post-card\" data-page=\"1\" >\n                    <a href=\"https:\/\/elithair.com\/fr\/greffe-de-cheveux-blog\/cheveux-types-de-cheveux-et-cycle-capillaire-tout-ce-que-vous-devez-savoir\/\">\n                        <div class=\"post-thumb\">\n                            <img decoding=\"async\" width=\"300\" height=\"200\" src=\"https:\/\/elithair.com\/fr\/wp-content\/uploads\/sites\/9\/2026\/02\/personnes-differentes-structures-capillaires-variees-300x200.webp\" class=\"attachment-medium size-medium wp-post-image\" alt=\"Groupe de personnes pr\u00e9sentant plusieurs types de cheveux illustrant la diversit\u00e9 capillaire.\" loading=\"eager\" srcset=\"https:\/\/elithair.com\/fr\/wp-content\/uploads\/sites\/9\/2026\/02\/personnes-differentes-structures-capillaires-variees-300x200.webp 300w, https:\/\/elithair.com\/fr\/wp-content\/uploads\/sites\/9\/2026\/02\/personnes-differentes-structures-capillaires-variees.webp 750w\" sizes=\"(max-width: 300px) 100vw, 300px\" \/>                        <\/div>\n                        <p>Cheveux, types de cheveux et cycle capillaire : tout ce que vous devez savoir<\/p>\n                       <\/a>\n                <\/article>\n                         <\/div>\n     <div class=\"scroll-trigger-bottom\"><\/div>\n    <div class=\"pagination\"><\/div>\n<\/div>\n\n","protected":false},"excerpt":{"rendered":"","protected":false},"author":1,"featured_media":0,"parent":0,"menu_order":0,"comment_status":"closed","ping_status":"closed","template":"","meta":{"_acf_changed":false,"_yoast_wpseo_focuskw":"","_yoast_wpseo_title":"Blog greffe de cheveux \u2013 Conseils, techniques et r\u00e9sultats | Elithair","_yoast_wpseo_metadesc":"Le blog Elithair : analyses d\u2019experts, conseils m\u00e9dicaux, comparatifs de techniques et r\u00e9sultats r\u00e9els pour vous aider contre la calvitie","_yoast_wpseo_meta-robots-noindex":"","_yoast_wpseo_meta-robots-nofollow":"","_yoast_wpseo_meta-robots-adv":"","_yoast_wpseo_canonical":"https:\/\/elithair.com\/fr\/greffe-de-cheveux-blog\/","_yoast_wpseo_opengraph-title":"Blog greffe de cheveux \u2013 Conseils, techniques et r\u00e9sultats | Elithair","_yoast_wpseo_opengraph-description":"Le blog Elithair : analyses d\u2019experts, conseils m\u00e9dicaux, comparatifs de techniques et r\u00e9sultats r\u00e9els pour vous aider contre la calvitie","_yoast_wpseo_opengraph-image":"https:\/\/elithair.com\/fr\/wp-content\/uploads\/sites\/9\/2026\/05\/greffe-de-cheveux-blog.png","_yoast_wpseo_twitter-title":"Blog greffe de cheveux \u2013 Conseils, techniques et r\u00e9sultats | Elithair","_yoast_wpseo_twitter-description":"Le blog Elithair : analyses d\u2019experts, conseils m\u00e9dicaux, comparatifs de techniques et r\u00e9sultats r\u00e9els pour vous aider contre la calvitie","_yoast_wpseo_twitter-image":"https:\/\/elithair.com\/fr\/wp-content\/uploads\/sites\/9\/2026\/05\/greffe-de-cheveux-blog.png","_hm_hreflang_map":{"en":95044,"de":86,"uk":739,"es":89279,"it":10,"pt":9,"fr":14,"x_default":95044},"_hm_language_code":"fr","footnotes":""},"class_list":["post-14","page","type-page","status-publish","hentry"],"acf":[],"yoast_head":"<!-- This site is optimized with the Yoast SEO Premium plugin v27.5 (Yoast SEO v27.5) - https:\/\/yoast.com\/product\/yoast-seo-premium-wordpress\/ -->\n<title>Blog greffe de cheveux \u2013 Conseils, techniques et r\u00e9sultats | Elithair<\/title>\n<meta name=\"description\" content=\"Le blog Elithair : analyses d\u2019experts, conseils m\u00e9dicaux, comparatifs de techniques et r\u00e9sultats r\u00e9els pour vous aider contre la calvitie\" \/>\n<meta name=\"robots\" content=\"index, follow, max-snippet:-1, max-image-preview:large, max-video-preview:-1\" \/>\n<link rel=\"canonical\" href=\"https:\/\/elithair.com\/fr\/greffe-de-cheveux-blog\/\" \/>\n<meta property=\"og:locale\" content=\"fr_FR\" \/>\n<meta property=\"og:type\" content=\"article\" \/>\n<meta property=\"og:title\" content=\"Blog greffe de cheveux \u2013 Conseils, techniques et r\u00e9sultats | Elithair\" \/>\n<meta property=\"og:description\" content=\"Le blog Elithair : analyses d\u2019experts, conseils m\u00e9dicaux, comparatifs de techniques et r\u00e9sultats r\u00e9els pour vous aider contre la calvitie\" \/>\n<meta property=\"og:url\" content=\"https:\/\/elithair.com\/fr\/greffe-de-cheveux-blog\/\" \/>\n<meta property=\"og:site_name\" content=\"Elithair\" \/>\n<meta property=\"article:modified_time\" content=\"2026-05-03T11:48:13+00:00\" \/>\n<meta property=\"og:image\" content=\"https:\/\/elithair.com\/fr\/wp-content\/uploads\/sites\/9\/2026\/05\/greffe-de-cheveux-blog.png\" \/>\n<meta name=\"twitter:card\" content=\"summary_large_image\" \/>\n<meta name=\"twitter:title\" content=\"Blog greffe de cheveux \u2013 Conseils, techniques et r\u00e9sultats | Elithair\" \/>\n<meta name=\"twitter:description\" content=\"Le blog Elithair : analyses d\u2019experts, conseils m\u00e9dicaux, comparatifs de techniques et r\u00e9sultats r\u00e9els pour vous aider contre la calvitie\" \/>\n<meta name=\"twitter:image\" content=\"https:\/\/elithair.com\/fr\/wp-content\/uploads\/sites\/9\/2026\/05\/greffe-de-cheveux-blog.png\" \/>\n<script type=\"application\/ld+json\" class=\"yoast-schema-graph\">{\"@context\":\"https:\\\/\\\/schema.org\",\"@graph\":[{\"@type\":\"WebPage\",\"@id\":\"https:\\\/\\\/elithair.com\\\/fr\\\/greffe-de-cheveux-blog\\\/\",\"url\":\"https:\\\/\\\/elithair.com\\\/fr\\\/greffe-de-cheveux-blog\\\/\",\"name\":\"Blog greffe de cheveux \u2013 Conseils, techniques et r\u00e9sultats | Elithair\",\"isPartOf\":{\"@id\":\"https:\\\/\\\/elithair.com\\\/fr\\\/#website\"},\"datePublished\":\"2026-04-11T14:48:34+00:00\",\"dateModified\":\"2026-05-03T11:48:13+00:00\",\"description\":\"Le blog Elithair : analyses d\u2019experts, conseils m\u00e9dicaux, comparatifs de techniques et r\u00e9sultats r\u00e9els pour vous aider contre la calvitie\",\"breadcrumb\":{\"@id\":\"https:\\\/\\\/elithair.com\\\/fr\\\/greffe-de-cheveux-blog\\\/#breadcrumb\"},\"inLanguage\":\"fr-FR\",\"potentialAction\":[{\"@type\":\"ReadAction\",\"target\":[\"https:\\\/\\\/elithair.com\\\/fr\\\/greffe-de-cheveux-blog\\\/\"]}]},{\"@type\":\"BreadcrumbList\",\"@id\":\"https:\\\/\\\/elithair.com\\\/fr\\\/greffe-de-cheveux-blog\\\/#breadcrumb\",\"itemListElement\":[{\"@type\":\"ListItem\",\"position\":1,\"name\":\"Home\",\"item\":\"https:\\\/\\\/elithair.com\\\/fr\\\/\"},{\"@type\":\"ListItem\",\"position\":2,\"name\":\"Greffe de Cheveux Blog\"}]},{\"@type\":\"WebSite\",\"@id\":\"https:\\\/\\\/elithair.com\\\/fr\\\/#website\",\"url\":\"https:\\\/\\\/elithair.com\\\/fr\\\/\",\"name\":\"Elithair\",\"description\":\"Greffe de cheveux en Turquie : retrouvez votre confiance\",\"alternateName\":\"Greffe de cheveux en Turquie : retrouvez votre confiance\",\"potentialAction\":[{\"@type\":\"SearchAction\",\"target\":{\"@type\":\"EntryPoint\",\"urlTemplate\":\"https:\\\/\\\/elithair.com\\\/fr\\\/?s={search_term_string}\"},\"query-input\":{\"@type\":\"PropertyValueSpecification\",\"valueRequired\":true,\"valueName\":\"search_term_string\"}}],\"inLanguage\":\"fr-FR\"}]}<\/script>\n<!-- \/ Yoast SEO Premium plugin. -->","yoast_head_json":{"title":"Blog greffe de cheveux \u2013 Conseils, techniques et r\u00e9sultats | Elithair","description":"Le blog Elithair : analyses d\u2019experts, conseils m\u00e9dicaux, comparatifs de techniques et r\u00e9sultats r\u00e9els pour vous aider contre la calvitie","robots":{"index":"index","follow":"follow","max-snippet":"max-snippet:-1","max-image-preview":"max-image-preview:large","max-video-preview":"max-video-preview:-1"},"canonical":"https:\/\/elithair.com\/fr\/greffe-de-cheveux-blog\/","og_locale":"fr_FR","og_type":"article","og_title":"Blog greffe de cheveux \u2013 Conseils, techniques et r\u00e9sultats | Elithair","og_description":"Le blog Elithair : analyses d\u2019experts, conseils m\u00e9dicaux, comparatifs de techniques et r\u00e9sultats r\u00e9els pour vous aider contre la calvitie","og_url":"https:\/\/elithair.com\/fr\/greffe-de-cheveux-blog\/","og_site_name":"Elithair","article_modified_time":"2026-05-03T11:48:13+00:00","og_image":[{"url":"https:\/\/elithair.com\/fr\/wp-content\/uploads\/sites\/9\/2026\/05\/greffe-de-cheveux-blog.png","type":"","width":"","height":""}],"twitter_card":"summary_large_image","twitter_title":"Blog greffe de cheveux \u2013 Conseils, techniques et r\u00e9sultats | Elithair","twitter_description":"Le blog Elithair : analyses d\u2019experts, conseils m\u00e9dicaux, comparatifs de techniques et r\u00e9sultats r\u00e9els pour vous aider contre la calvitie","twitter_image":"https:\/\/elithair.com\/fr\/wp-content\/uploads\/sites\/9\/2026\/05\/greffe-de-cheveux-blog.png","schema":{"@context":"https:\/\/schema.org","@graph":[{"@type":"WebPage","@id":"https:\/\/elithair.com\/fr\/greffe-de-cheveux-blog\/","url":"https:\/\/elithair.com\/fr\/greffe-de-cheveux-blog\/","name":"Blog greffe de cheveux \u2013 Conseils, techniques et r\u00e9sultats | Elithair","isPartOf":{"@id":"https:\/\/elithair.com\/fr\/#website"},"datePublished":"2026-04-11T14:48:34+00:00","dateModified":"2026-05-03T11:48:13+00:00","description":"Le blog Elithair : analyses d\u2019experts, conseils m\u00e9dicaux, comparatifs de techniques et r\u00e9sultats r\u00e9els pour vous aider contre la calvitie","breadcrumb":{"@id":"https:\/\/elithair.com\/fr\/greffe-de-cheveux-blog\/#breadcrumb"},"inLanguage":"fr-FR","potentialAction":[{"@type":"ReadAction","target":["https:\/\/elithair.com\/fr\/greffe-de-cheveux-blog\/"]}]},{"@type":"BreadcrumbList","@id":"https:\/\/elithair.com\/fr\/greffe-de-cheveux-blog\/#breadcrumb","itemListElement":[{"@type":"ListItem","position":1,"name":"Home","item":"https:\/\/elithair.com\/fr\/"},{"@type":"ListItem","position":2,"name":"Greffe de Cheveux Blog"}]},{"@type":"WebSite","@id":"https:\/\/elithair.com\/fr\/#website","url":"https:\/\/elithair.com\/fr\/","name":"Elithair","description":"Greffe de cheveux en Turquie : retrouvez votre confiance","alternateName":"Greffe de cheveux en Turquie : retrouvez votre confiance","potentialAction":[{"@type":"SearchAction","target":{"@type":"EntryPoint","urlTemplate":"https:\/\/elithair.com\/fr\/?s={search_term_string}"},"query-input":{"@type":"PropertyValueSpecification","valueRequired":true,"valueName":"search_term_string"}}],"inLanguage":"fr-FR"}]}},"jetpack_sharing_enabled":true,"_links":{"self":[{"href":"https:\/\/elithair.com\/fr\/wp-json\/wp\/v2\/pages\/14","targetHints":{"allow":["GET"]}}],"collection":[{"href":"https:\/\/elithair.com\/fr\/wp-json\/wp\/v2\/pages"}],"about":[{"href":"https:\/\/elithair.com\/fr\/wp-json\/wp\/v2\/types\/page"}],"author":[{"embeddable":true,"href":"https:\/\/elithair.com\/fr\/wp-json\/wp\/v2\/users\/1"}],"replies":[{"embeddable":true,"href":"https:\/\/elithair.com\/fr\/wp-json\/wp\/v2\/comments?post=14"}],"version-history":[{"count":3,"href":"https:\/\/elithair.com\/fr\/wp-json\/wp\/v2\/pages\/14\/revisions"}],"predecessor-version":[{"id":100333,"href":"https:\/\/elithair.com\/fr\/wp-json\/wp\/v2\/pages\/14\/revisions\/100333"}],"wp:attachment":[{"href":"https:\/\/elithair.com\/fr\/wp-json\/wp\/v2\/media?parent=14"}],"curies":[{"name":"wp","href":"https:\/\/api.w.org\/{rel}","templated":true}]}}