{"id":13,"date":"2026-04-11T14:48:33","date_gmt":"2026-04-11T14:48:33","guid":{"rendered":"https:\/\/unified.elitexperiments.com\/fr\/traitement\/"},"modified":"2026-05-03T11:44:37","modified_gmt":"2026-05-03T11:44:37","slug":"traitement","status":"publish","type":"page","link":"https:\/\/elithair.com\/fr\/traitement\/","title":{"rendered":"Traitements capillaires pour votre chevelure"},"content":{"rendered":"<section class=\"wp-block-elh-main-hero main-hero dark-layout has-top-right-circle\">\n\t<div class=\"main-hero__container container\">\n\t\t\t\t\t<header class=\"main-hero__header\">\t\t\t\t\n\t\t\t\t<h1>\t\t\t\t\tNos meilleurs traitements pour densifier votre chevelure\t\t\t\t<\/h1>\t\t\t<\/header>\n\t\t\n\t\t\t\t\t<div class=\"main-hero__content\">\n\t\t\t\t<p>Chaque type perte de cheveux est personnel, et chez Elithair, nous l\u2019avons bien compris. Nos traitements cibl\u00e9s vous aident \u00e0 retrouver une chevelure naturelle, tout en am\u00e9liorant votre bien-\u00eatre au quotidien. Ensemble, trouvons la solution adapt\u00e9e pour stimuler votre repousse\u2026 et votre confiance !<\/p>\n\t\t\t<\/div>\n\t\t\n\t\t\t\t\t<div class=\"main-hero__media\">\n\t\t\t\t<img decoding=\"async\" width=\"600\" height=\"600\" src=\"https:\/\/elithair.com\/fr\/wp-content\/uploads\/sites\/9\/2026\/04\/elit-klinik-behandlungen-flur.webp\" class=\"hero-image\" alt=\"Personnel m\u00e9dical dans le couloir d&#039;une clinique de greffe de cheveux moderne\" loading=\"eager\" fetchpriority=\"high\" sizes=\"(max-width: 767px) 40vw, (max-width: 1023px) 23vw, 25vw\" srcset=\"https:\/\/elithair.com\/fr\/wp-content\/uploads\/sites\/9\/2026\/04\/elit-klinik-behandlungen-flur.webp 600w, https:\/\/elithair.com\/fr\/wp-content\/uploads\/sites\/9\/2026\/04\/elit-klinik-behandlungen-flur-300x300.webp 300w, https:\/\/elithair.com\/fr\/wp-content\/uploads\/sites\/9\/2026\/04\/elit-klinik-behandlungen-flur-150x150.webp 150w\" \/>\t\t\t<\/div>\n\t\t\t\t\t<\/div>\n\t\t\n\t<\/section>\n\n\n<section class=\"wp-block-elh-cards-list cards-list bg-grey\">\n\t<div class=\"cards-list__container container is-flex flex-column gap-default\">\n\t\t\t\t\t<header class=\"cards-list__header text-center\">\n\t\t\t\t<h2>\t\t\t\t\tNos traitements en un coup d&rsquo;\u0153il\t\t\t\t<\/h2>\t\t\t<\/header>\n\t\t\n\t\t\n\t\t\t\t\t<div class=\"cards-list__cards\">\n\t\t\t\t\t\t\t\t<div class=\"cards-list__card\">\n\t\t\t\t\t\t\t\t\t\t\t<img decoding=\"async\" width=\"650\" height=\"446\" src=\"https:\/\/elithair.com\/fr\/wp-content\/uploads\/sites\/9\/2026\/04\/avant-apres-greffe-de-cheveux-saphir-rawderson.webp\" class=\"attachment-large size-large\" alt=\"R\u00e9sultats avant-apr\u00e8s greffe de cheveux saphir \u2013 Rawderson\" loading=\"lazy\" srcset=\"https:\/\/elithair.com\/fr\/wp-content\/uploads\/sites\/9\/2026\/04\/avant-apres-greffe-de-cheveux-saphir-rawderson.webp 650w, https:\/\/elithair.com\/fr\/wp-content\/uploads\/sites\/9\/2026\/04\/avant-apres-greffe-de-cheveux-saphir-rawderson-300x206.webp 300w\" sizes=\"auto, (max-width: 650px) 100vw, 650px\" \/>\t\t\t\t\t\t\t\t\t\t\t\t\t\t\t\t<div class=\"cards-list__card-content is-flex flex-column\">\n\t\t\t\t\t\t\t\t\t\t\t\t\t\t\t<h3>Greffe de cheveux<\/h3>\n\t\t\t\t\t\t\t\t\t\t\t\t\t\t\t\t\t\t\t\t\t\t<p>La m\u00e9thode efficace et durable pour relancer la pousse naturelle des cheveux.<\/p>\n\t\t\t\t\t\t\t\t\t\t\t\t\t\t\t\t\t\t\t\t\t\t<div class=\"cards-list__btn-list btn-list align-center\">\n\t\t\t\t\t\t\t\t\t<div class=\"btn-item\">\n\t\t\t\t\t\t\t\t\t\t<a\n\t\t\t\t\t\t\t\t\t\t\tclass=\"btn\"\n\t\t\t\t\t\t\t\t\t\t\thref=\"https:\/\/elithair.com\/fr\/traitement\/greffe-de-cheveux\/\"\t\t\t\t\t\t\t\t\t\t>\n\t\t\t\t\t\t\t\t\t\t\tGreffe de cheveux\t\t\t\t\t\t\t\t\t\t<\/a>\n\t\t\t\t\t\t\t\t\t<\/div>\n\t\t\t\t\t\t\t\t<\/div>\n\t\t\t\t\t\t\t\t\t\t\t\t\t<\/div>\n\t\t\t\t\t\t\t\t\t<\/div>\n\t\t\t\t\t\t\t\t\t<div class=\"cards-list__card\">\n\t\t\t\t\t\t\t\t\t\t\t<img decoding=\"async\" width=\"650\" height=\"446\" src=\"https:\/\/elithair.com\/fr\/wp-content\/uploads\/sites\/9\/2026\/04\/avant-apres-greffe-de-barbe-saphir-3700-greffons-felix.webp\" class=\"attachment-large size-large\" alt=\"Avant-apr\u00e8s greffe de barbe saphir 3700 greffons \u2013 Felix\" loading=\"lazy\" srcset=\"https:\/\/elithair.com\/fr\/wp-content\/uploads\/sites\/9\/2026\/04\/avant-apres-greffe-de-barbe-saphir-3700-greffons-felix.webp 650w, https:\/\/elithair.com\/fr\/wp-content\/uploads\/sites\/9\/2026\/04\/avant-apres-greffe-de-barbe-saphir-3700-greffons-felix-300x206.webp 300w\" sizes=\"auto, (max-width: 650px) 100vw, 650px\" \/>\t\t\t\t\t\t\t\t\t\t\t\t\t\t\t\t<div class=\"cards-list__card-content is-flex flex-column\">\n\t\t\t\t\t\t\t\t\t\t\t\t\t\t\t<h3>Greffe de barbe<\/h3>\n\t\t\t\t\t\t\t\t\t\t\t\t\t\t\t\t\t\t\t\t\t\t<p>Pour une barbe dense et fournie, \u00e0 votre image.<\/p>\n\t\t\t\t\t\t\t\t\t\t\t\t\t\t\t\t\t\t\t\t\t\t<div class=\"cards-list__btn-list btn-list align-center\">\n\t\t\t\t\t\t\t\t\t<div class=\"btn-item\">\n\t\t\t\t\t\t\t\t\t\t<a\n\t\t\t\t\t\t\t\t\t\t\tclass=\"btn\"\n\t\t\t\t\t\t\t\t\t\t\thref=\"https:\/\/elithair.com\/fr\/traitement\/greffe-de-barbe\/\"\t\t\t\t\t\t\t\t\t\t>\n\t\t\t\t\t\t\t\t\t\t\tGreffe de barbe\t\t\t\t\t\t\t\t\t\t<\/a>\n\t\t\t\t\t\t\t\t\t<\/div>\n\t\t\t\t\t\t\t\t<\/div>\n\t\t\t\t\t\t\t\t\t\t\t\t\t<\/div>\n\t\t\t\t\t\t\t\t\t<\/div>\n\t\t\t\t\t\t\t\t\t<div class=\"cards-list__card\">\n\t\t\t\t\t\t\t\t\t\t\t<img decoding=\"async\" width=\"650\" height=\"446\" src=\"https:\/\/elithair.com\/fr\/wp-content\/uploads\/sites\/9\/2026\/04\/avant-apres-greffe-de-cheveux-femmes.webp\" class=\"attachment-large size-large\" alt=\"R\u00e9sultats avant-apr\u00e8s greffe de cheveux chez la femme\" loading=\"lazy\" srcset=\"https:\/\/elithair.com\/fr\/wp-content\/uploads\/sites\/9\/2026\/04\/avant-apres-greffe-de-cheveux-femmes.webp 650w, https:\/\/elithair.com\/fr\/wp-content\/uploads\/sites\/9\/2026\/04\/avant-apres-greffe-de-cheveux-femmes-300x206.webp 300w\" sizes=\"auto, (max-width: 650px) 100vw, 650px\" \/>\t\t\t\t\t\t\t\t\t\t\t\t\t\t\t\t<div class=\"cards-list__card-content is-flex flex-column\">\n\t\t\t\t\t\t\t\t\t\t\t\t\t\t\t<h3>Greffe de cheveux femme<\/h3>\n\t\t\t\t\t\t\t\t\t\t\t\t\t\t\t\t\t\t\t\t\t\t<p>Soins experts pour restaurer le volume et la densit\u00e9 des cheveux f\u00e9minins.<\/p>\n\t\t\t\t\t\t\t\t\t\t\t\t\t\t\t\t\t\t\t\t\t\t<div class=\"cards-list__btn-list btn-list align-center\">\n\t\t\t\t\t\t\t\t\t<div class=\"btn-item\">\n\t\t\t\t\t\t\t\t\t\t<a\n\t\t\t\t\t\t\t\t\t\t\tclass=\"btn\"\n\t\t\t\t\t\t\t\t\t\t\thref=\"https:\/\/elithair.com\/fr\/traitement\/greffe-de-cheveux-femme\/\"\t\t\t\t\t\t\t\t\t\t>\n\t\t\t\t\t\t\t\t\t\t\tPour les femmes\t\t\t\t\t\t\t\t\t\t<\/a>\n\t\t\t\t\t\t\t\t\t<\/div>\n\t\t\t\t\t\t\t\t<\/div>\n\t\t\t\t\t\t\t\t\t\t\t\t\t<\/div>\n\t\t\t\t\t\t\t\t\t<\/div>\n\t\t\t\t\t\t\t\t\t<div class=\"cards-list__card\">\n\t\t\t\t\t\t\t\t\t\t\t<img decoding=\"async\" width=\"650\" height=\"446\" src=\"https:\/\/elithair.com\/fr\/wp-content\/uploads\/sites\/9\/2026\/04\/patient-avant-apres-traitement-prp-elithair.webp\" class=\"attachment-large size-large\" alt=\"Patient avant-apr\u00e8s traitement PRP chez Elithair\" loading=\"lazy\" srcset=\"https:\/\/elithair.com\/fr\/wp-content\/uploads\/sites\/9\/2026\/04\/patient-avant-apres-traitement-prp-elithair.webp 650w, https:\/\/elithair.com\/fr\/wp-content\/uploads\/sites\/9\/2026\/04\/patient-avant-apres-traitement-prp-elithair-300x206.webp 300w\" sizes=\"auto, (max-width: 650px) 100vw, 650px\" \/>\t\t\t\t\t\t\t\t\t\t\t\t\t\t\t\t<div class=\"cards-list__card-content is-flex flex-column\">\n\t\t\t\t\t\t\t\t\t\t\t\t\t\t\t<h3>Traitement PRP<\/h3>\n\t\t\t\t\t\t\t\t\t\t\t\t\t\t\t\t\t\t\t\t\t\t<p>Traitement r\u00e9g\u00e9n\u00e9ratif destin\u00e9 \u00e0 revitaliser les follicules et \u00e0 stimuler le d\u00e9veloppement du cheveu.<\/p>\n\t\t\t\t\t\t\t\t\t\t\t\t\t\t\t\t\t\t\t\t\t\t<div class=\"cards-list__btn-list btn-list align-center\">\n\t\t\t\t\t\t\t\t\t<div class=\"btn-item\">\n\t\t\t\t\t\t\t\t\t\t<a\n\t\t\t\t\t\t\t\t\t\t\tclass=\"btn\"\n\t\t\t\t\t\t\t\t\t\t\thref=\"https:\/\/elithair.com\/fr\/traitement\/le-traitement-prp\/\"\t\t\t\t\t\t\t\t\t\t>\n\t\t\t\t\t\t\t\t\t\t\tTraitement PRP\t\t\t\t\t\t\t\t\t\t<\/a>\n\t\t\t\t\t\t\t\t\t<\/div>\n\t\t\t\t\t\t\t\t<\/div>\n\t\t\t\t\t\t\t\t\t\t\t\t\t<\/div>\n\t\t\t\t\t\t\t\t\t<\/div>\n\t\t\t\t\t\t\t\t<\/div>\n\t\t\t\n\t\t\t<\/div>\n<\/section>\n\n\n<section class=\"wp-block-elh-content-media content-media layout-simple top-title-layout one-column styled-ul ul-default ul-default-box bg-dark-gradient dark-layout\">\n\t<div class=\"content-media__container container\">\n\t\t\t\t\t<header class=\"content-media__header has-mw\" style=\"--MW:700px\">\n\t\t\t\t\t\t\t\t\t<h2>\t\t\t\t\t\tNos experts se tiennent \u00e0 votre \u00e9coute !\t\t\t\t\t<\/h2>\t\t\t\t\t\t\t\t\t\t\t<\/header>\n\t\t\n\t\t\t\t\t\t<div class=\"content-media__content has-mw\" style=\"--MW:700px\">\n\t\t\t<p>Choisissez le traitement le plus adapt\u00e9 \u00e0 vos besoins et retrouvez tous les d\u00e9tails sur nos pages d\u00e9di\u00e9es.<\/p>\n<p><em>Gratuit et sans engagement<\/em><\/p>\n\t\t<\/div>\n\t\t\n\t\t\n\t\t\t\t\t<div class=\"content-media__btn-list btn-list align-center\">\n\t\t\t\t<div class=\"btn-item\">\n\t\t\t\t\t<a\n\t\t\t\t\t\tclass=\"btn\"\n\t\t\t\t\t\thref=\"https:\/\/elithair.com\/fr\/analyse-capillaire\/\"\t\t\t\t\t>Mon analyse capillaire<\/a>\n\t\t\t\t<\/div>\n\t\t\t<\/div>\n\t\t\t<\/div>\n<\/section>\n","protected":false},"excerpt":{"rendered":"","protected":false},"author":1,"featured_media":0,"parent":0,"menu_order":0,"comment_status":"closed","ping_status":"closed","template":"","meta":{"_acf_changed":false,"_yoast_wpseo_focuskw":"","_yoast_wpseo_title":"Traitements capillaires Elithair : expertise m\u00e9dicale | Elithair","_yoast_wpseo_metadesc":"D\u00e9couvrez les traitements capillaires d\u2019Elithair, fond\u00e9s sur l\u2019innovation m\u00e9dicale et des protocoles \u00e9prouv\u00e9s. B\u00e9n\u00e9ficiez d\u2019une prise en charge personnalis\u00e9e pour renforcer, prot\u00e9ger et revitaliser vos cheveux.","_yoast_wpseo_meta-robots-noindex":"","_yoast_wpseo_meta-robots-nofollow":"","_yoast_wpseo_meta-robots-adv":"","_yoast_wpseo_canonical":"https:\/\/elithair.com\/fr\/traitement\/","_yoast_wpseo_opengraph-title":"Traitements capillaires Elithair : expertise m\u00e9dicale | Elithair","_yoast_wpseo_opengraph-description":"D\u00e9couvrez les traitements capillaires d\u2019Elithair, fond\u00e9s sur l\u2019innovation m\u00e9dicale et des protocoles \u00e9prouv\u00e9s. B\u00e9n\u00e9ficiez d\u2019une prise en charge personnalis\u00e9e pour renforcer, prot\u00e9ger et revitaliser vos cheveux.","_yoast_wpseo_opengraph-image":"https:\/\/elithair.com\/fr\/wp-content\/uploads\/sites\/9\/2026\/05\/traitement.png","_yoast_wpseo_twitter-title":"Traitements capillaires Elithair : expertise m\u00e9dicale | Elithair","_yoast_wpseo_twitter-description":"D\u00e9couvrez les traitements capillaires d\u2019Elithair, fond\u00e9s sur l\u2019innovation m\u00e9dicale et des protocoles \u00e9prouv\u00e9s. B\u00e9n\u00e9ficiez d\u2019une prise en charge personnalis\u00e9e pour renforcer, prot\u00e9ger et revitaliser vos cheveux.","_yoast_wpseo_twitter-image":"https:\/\/elithair.com\/fr\/wp-content\/uploads\/sites\/9\/2026\/05\/traitement.png","_hm_hreflang_map":{"en":93336,"de":11,"uk":686,"fr":13,"x_default":93336},"_hm_language_code":"fr","footnotes":""},"class_list":["post-13","page","type-page","status-publish","hentry"],"acf":[],"yoast_head":"<!-- This site is optimized with the Yoast SEO Premium plugin v27.5 (Yoast SEO v27.5) - https:\/\/yoast.com\/product\/yoast-seo-premium-wordpress\/ -->\n<title>Traitements capillaires Elithair : expertise m\u00e9dicale | Elithair<\/title>\n<meta name=\"description\" content=\"D\u00e9couvrez les traitements capillaires d\u2019Elithair, fond\u00e9s sur l\u2019innovation m\u00e9dicale et des protocoles \u00e9prouv\u00e9s. B\u00e9n\u00e9ficiez d\u2019une prise en charge personnalis\u00e9e pour renforcer, prot\u00e9ger et revitaliser vos cheveux.\" \/>\n<meta name=\"robots\" content=\"index, follow, max-snippet:-1, max-image-preview:large, max-video-preview:-1\" \/>\n<link rel=\"canonical\" href=\"https:\/\/elithair.com\/fr\/traitement\/\" \/>\n<meta property=\"og:locale\" content=\"fr_FR\" \/>\n<meta property=\"og:type\" content=\"article\" \/>\n<meta property=\"og:title\" content=\"Traitements capillaires Elithair : expertise m\u00e9dicale | Elithair\" \/>\n<meta property=\"og:description\" content=\"D\u00e9couvrez les traitements capillaires d\u2019Elithair, fond\u00e9s sur l\u2019innovation m\u00e9dicale et des protocoles \u00e9prouv\u00e9s. B\u00e9n\u00e9ficiez d\u2019une prise en charge personnalis\u00e9e pour renforcer, prot\u00e9ger et revitaliser vos cheveux.\" \/>\n<meta property=\"og:url\" content=\"https:\/\/elithair.com\/fr\/traitement\/\" \/>\n<meta property=\"og:site_name\" content=\"Elithair\" \/>\n<meta property=\"article:modified_time\" content=\"2026-05-03T11:44:37+00:00\" \/>\n<meta property=\"og:image\" content=\"https:\/\/elithair.com\/fr\/wp-content\/uploads\/sites\/9\/2026\/05\/traitement.png\" \/>\n<meta name=\"twitter:card\" content=\"summary_large_image\" \/>\n<meta name=\"twitter:title\" content=\"Traitements capillaires Elithair : expertise m\u00e9dicale | Elithair\" \/>\n<meta name=\"twitter:description\" content=\"D\u00e9couvrez les traitements capillaires d\u2019Elithair, fond\u00e9s sur l\u2019innovation m\u00e9dicale et des protocoles \u00e9prouv\u00e9s. B\u00e9n\u00e9ficiez d\u2019une prise en charge personnalis\u00e9e pour renforcer, prot\u00e9ger et revitaliser vos cheveux.\" \/>\n<meta name=\"twitter:image\" content=\"https:\/\/elithair.com\/fr\/wp-content\/uploads\/sites\/9\/2026\/05\/traitement.png\" \/>\n<script type=\"application\/ld+json\" class=\"yoast-schema-graph\">{\"@context\":\"https:\\\/\\\/schema.org\",\"@graph\":[{\"@type\":\"WebPage\",\"@id\":\"https:\\\/\\\/elithair.com\\\/fr\\\/traitement\\\/\",\"url\":\"https:\\\/\\\/elithair.com\\\/fr\\\/traitement\\\/\",\"name\":\"Traitements capillaires Elithair : expertise m\u00e9dicale | Elithair\",\"isPartOf\":{\"@id\":\"https:\\\/\\\/elithair.com\\\/fr\\\/#website\"},\"datePublished\":\"2026-04-11T14:48:33+00:00\",\"dateModified\":\"2026-05-03T11:44:37+00:00\",\"description\":\"D\u00e9couvrez les traitements capillaires d\u2019Elithair, fond\u00e9s sur l\u2019innovation m\u00e9dicale et des protocoles \u00e9prouv\u00e9s. B\u00e9n\u00e9ficiez d\u2019une prise en charge personnalis\u00e9e pour renforcer, prot\u00e9ger et revitaliser vos cheveux.\",\"breadcrumb\":{\"@id\":\"https:\\\/\\\/elithair.com\\\/fr\\\/traitement\\\/#breadcrumb\"},\"inLanguage\":\"fr-FR\",\"potentialAction\":[{\"@type\":\"ReadAction\",\"target\":[\"https:\\\/\\\/elithair.com\\\/fr\\\/traitement\\\/\"]}]},{\"@type\":\"BreadcrumbList\",\"@id\":\"https:\\\/\\\/elithair.com\\\/fr\\\/traitement\\\/#breadcrumb\",\"itemListElement\":[{\"@type\":\"ListItem\",\"position\":1,\"name\":\"Home\",\"item\":\"https:\\\/\\\/elithair.com\\\/fr\\\/\"},{\"@type\":\"ListItem\",\"position\":2,\"name\":\"Traitements capillaires pour votre chevelure\"}]},{\"@type\":\"WebSite\",\"@id\":\"https:\\\/\\\/elithair.com\\\/fr\\\/#website\",\"url\":\"https:\\\/\\\/elithair.com\\\/fr\\\/\",\"name\":\"Elithair\",\"description\":\"Greffe de cheveux en Turquie : retrouvez votre confiance\",\"alternateName\":\"Greffe de cheveux en Turquie : retrouvez votre confiance\",\"potentialAction\":[{\"@type\":\"SearchAction\",\"target\":{\"@type\":\"EntryPoint\",\"urlTemplate\":\"https:\\\/\\\/elithair.com\\\/fr\\\/?s={search_term_string}\"},\"query-input\":{\"@type\":\"PropertyValueSpecification\",\"valueRequired\":true,\"valueName\":\"search_term_string\"}}],\"inLanguage\":\"fr-FR\"}]}<\/script>\n<!-- \/ Yoast SEO Premium plugin. -->","yoast_head_json":{"title":"Traitements capillaires Elithair : expertise m\u00e9dicale | Elithair","description":"D\u00e9couvrez les traitements capillaires d\u2019Elithair, fond\u00e9s sur l\u2019innovation m\u00e9dicale et des protocoles \u00e9prouv\u00e9s. B\u00e9n\u00e9ficiez d\u2019une prise en charge personnalis\u00e9e pour renforcer, prot\u00e9ger et revitaliser vos cheveux.","robots":{"index":"index","follow":"follow","max-snippet":"max-snippet:-1","max-image-preview":"max-image-preview:large","max-video-preview":"max-video-preview:-1"},"canonical":"https:\/\/elithair.com\/fr\/traitement\/","og_locale":"fr_FR","og_type":"article","og_title":"Traitements capillaires Elithair : expertise m\u00e9dicale | Elithair","og_description":"D\u00e9couvrez les traitements capillaires d\u2019Elithair, fond\u00e9s sur l\u2019innovation m\u00e9dicale et des protocoles \u00e9prouv\u00e9s. B\u00e9n\u00e9ficiez d\u2019une prise en charge personnalis\u00e9e pour renforcer, prot\u00e9ger et revitaliser vos cheveux.","og_url":"https:\/\/elithair.com\/fr\/traitement\/","og_site_name":"Elithair","article_modified_time":"2026-05-03T11:44:37+00:00","og_image":[{"url":"https:\/\/elithair.com\/fr\/wp-content\/uploads\/sites\/9\/2026\/05\/traitement.png","type":"","width":"","height":""}],"twitter_card":"summary_large_image","twitter_title":"Traitements capillaires Elithair : expertise m\u00e9dicale | Elithair","twitter_description":"D\u00e9couvrez les traitements capillaires d\u2019Elithair, fond\u00e9s sur l\u2019innovation m\u00e9dicale et des protocoles \u00e9prouv\u00e9s. B\u00e9n\u00e9ficiez d\u2019une prise en charge personnalis\u00e9e pour renforcer, prot\u00e9ger et revitaliser vos cheveux.","twitter_image":"https:\/\/elithair.com\/fr\/wp-content\/uploads\/sites\/9\/2026\/05\/traitement.png","schema":{"@context":"https:\/\/schema.org","@graph":[{"@type":"WebPage","@id":"https:\/\/elithair.com\/fr\/traitement\/","url":"https:\/\/elithair.com\/fr\/traitement\/","name":"Traitements capillaires Elithair : expertise m\u00e9dicale | Elithair","isPartOf":{"@id":"https:\/\/elithair.com\/fr\/#website"},"datePublished":"2026-04-11T14:48:33+00:00","dateModified":"2026-05-03T11:44:37+00:00","description":"D\u00e9couvrez les traitements capillaires d\u2019Elithair, fond\u00e9s sur l\u2019innovation m\u00e9dicale et des protocoles \u00e9prouv\u00e9s. B\u00e9n\u00e9ficiez d\u2019une prise en charge personnalis\u00e9e pour renforcer, prot\u00e9ger et revitaliser vos cheveux.","breadcrumb":{"@id":"https:\/\/elithair.com\/fr\/traitement\/#breadcrumb"},"inLanguage":"fr-FR","potentialAction":[{"@type":"ReadAction","target":["https:\/\/elithair.com\/fr\/traitement\/"]}]},{"@type":"BreadcrumbList","@id":"https:\/\/elithair.com\/fr\/traitement\/#breadcrumb","itemListElement":[{"@type":"ListItem","position":1,"name":"Home","item":"https:\/\/elithair.com\/fr\/"},{"@type":"ListItem","position":2,"name":"Traitements capillaires pour votre chevelure"}]},{"@type":"WebSite","@id":"https:\/\/elithair.com\/fr\/#website","url":"https:\/\/elithair.com\/fr\/","name":"Elithair","description":"Greffe de cheveux en Turquie : retrouvez votre confiance","alternateName":"Greffe de cheveux en Turquie : retrouvez votre confiance","potentialAction":[{"@type":"SearchAction","target":{"@type":"EntryPoint","urlTemplate":"https:\/\/elithair.com\/fr\/?s={search_term_string}"},"query-input":{"@type":"PropertyValueSpecification","valueRequired":true,"valueName":"search_term_string"}}],"inLanguage":"fr-FR"}]}},"jetpack_sharing_enabled":true,"_links":{"self":[{"href":"https:\/\/elithair.com\/fr\/wp-json\/wp\/v2\/pages\/13","targetHints":{"allow":["GET"]}}],"collection":[{"href":"https:\/\/elithair.com\/fr\/wp-json\/wp\/v2\/pages"}],"about":[{"href":"https:\/\/elithair.com\/fr\/wp-json\/wp\/v2\/types\/page"}],"author":[{"embeddable":true,"href":"https:\/\/elithair.com\/fr\/wp-json\/wp\/v2\/users\/1"}],"replies":[{"embeddable":true,"href":"https:\/\/elithair.com\/fr\/wp-json\/wp\/v2\/comments?post=13"}],"version-history":[{"count":7,"href":"https:\/\/elithair.com\/fr\/wp-json\/wp\/v2\/pages\/13\/revisions"}],"predecessor-version":[{"id":100353,"href":"https:\/\/elithair.com\/fr\/wp-json\/wp\/v2\/pages\/13\/revisions\/100353"}],"wp:attachment":[{"href":"https:\/\/elithair.com\/fr\/wp-json\/wp\/v2\/media?parent=13"}],"curies":[{"name":"wp","href":"https:\/\/api.w.org\/{rel}","templated":true}]}}