{"id":12,"date":"2026-04-11T14:48:33","date_gmt":"2026-04-11T14:48:33","guid":{"rendered":"https:\/\/unified.elitexperiments.com\/fr\/technique\/"},"modified":"2026-05-03T11:45:43","modified_gmt":"2026-05-03T11:45:43","slug":"technique","status":"publish","type":"page","link":"https:\/\/elithair.com\/fr\/technique\/","title":{"rendered":"Nos techniques avanc\u00e9es pour une greffe capillaire r\u00e9ussie"},"content":{"rendered":"<section class=\"wp-block-elh-main-hero main-hero dark-layout has-top-right-circle\">\n\t<div class=\"main-hero__container container\">\n\t\t\t\t\t<header class=\"main-hero__header\">\t\t\t\t\n\t\t\t\t<h1>\t\t\t\t\tNos techniques de greffes capillaires de pointe\t\t\t\t<\/h1>\t\t\t<\/header>\n\t\t\n\t\t\t\t\t<div class=\"main-hero__content\">\n\t\t\t\t<p>Chez Elithair, nous pla\u00e7ons l\u2019excellence au c\u0153ur de votre exp\u00e9rience. Nos technologies avanc\u00e9es et notre anesth\u00e9sie douce garantissent une prise en charge sur-mesure, pour un r\u00e9sultat capillaire naturel et durable. Voici pourquoi nos m\u00e9thodes sont uniques.<\/p>\n\t\t\t<\/div>\n\t\t\n\t\t\t\t\t<div class=\"main-hero__media\">\n\t\t\t\t<img decoding=\"async\" width=\"600\" height=\"600\" src=\"https:\/\/elithair.com\/fr\/wp-content\/uploads\/sites\/9\/2026\/04\/haartransplantation-techniken-fue-dhi.webp\" class=\"hero-image\" alt=\"Techniques modernes de transplantation capillaire\u00a0: m\u00e9thodes FUE et DHI\" loading=\"eager\" fetchpriority=\"high\" sizes=\"(max-width: 767px) 40vw, (max-width: 1023px) 23vw, 25vw\" srcset=\"https:\/\/elithair.com\/fr\/wp-content\/uploads\/sites\/9\/2026\/04\/haartransplantation-techniken-fue-dhi.webp 600w, https:\/\/elithair.com\/fr\/wp-content\/uploads\/sites\/9\/2026\/04\/haartransplantation-techniken-fue-dhi-300x300.webp 300w, https:\/\/elithair.com\/fr\/wp-content\/uploads\/sites\/9\/2026\/04\/haartransplantation-techniken-fue-dhi-150x150.webp 150w\" \/>\t\t\t<\/div>\n\t\t\t\t\t<\/div>\n\t\t\n\t<\/section>\n\n\n<section class=\"wp-block-elh-cards-list cards-list bg-grey\">\n\t<div class=\"cards-list__container container is-flex flex-column gap-default\">\n\t\t\t\t\t<header class=\"cards-list__header text-center\">\n\t\t\t\t<h2>\t\t\t\t\tNos m\u00e9thodes en un coup d&rsquo;\u0153il\t\t\t\t<\/h2>\t\t\t<\/header>\n\t\t\n\t\t\n\t\t\t\t\t<div class=\"cards-list__cards\">\n\t\t\t\t\t\t\t\t<div class=\"cards-list__card\">\n\t\t\t\t\t\t\t\t\t\t\t<img decoding=\"async\" width=\"650\" height=\"446\" src=\"https:\/\/elithair.com\/fr\/wp-content\/uploads\/sites\/9\/2026\/04\/extraction-motorisee-sur-le-cuir-chevelu-technique-fue.webp\" class=\"attachment-large size-large\" alt=\"Extraction motoris\u00e9e sur le cuir chevelu \u2013 Technique FUE\" loading=\"lazy\" srcset=\"https:\/\/elithair.com\/fr\/wp-content\/uploads\/sites\/9\/2026\/04\/extraction-motorisee-sur-le-cuir-chevelu-technique-fue.webp 650w, https:\/\/elithair.com\/fr\/wp-content\/uploads\/sites\/9\/2026\/04\/extraction-motorisee-sur-le-cuir-chevelu-technique-fue-300x206.webp 300w\" sizes=\"auto, (max-width: 650px) 100vw, 650px\" \/>\t\t\t\t\t\t\t\t\t\t\t\t\t\t\t\t<div class=\"cards-list__card-content is-flex flex-column\">\n\t\t\t\t\t\t\t\t\t\t\t\t\t\t\t<h3>FUE (Follicular Unit Extraction)<\/h3>\n\t\t\t\t\t\t\t\t\t\t\t\t\t\t\t\t\t\t\t\t\t\t<p>La m\u00e9thode la plus moderne pour l\u2019extraction cibl\u00e9e des greffons \u00e0 partir de votre zone donneuse.<\/p>\n\t\t\t\t\t\t\t\t\t\t\t\t\t\t\t\t\t\t\t\t\t\t<div class=\"cards-list__btn-list btn-list\">\n\t\t\t\t\t\t\t\t\t<div class=\"btn-item\">\n\t\t\t\t\t\t\t\t\t\t<a\n\t\t\t\t\t\t\t\t\t\t\tclass=\"btn\"\n\t\t\t\t\t\t\t\t\t\t\thref=\"https:\/\/elithair.com\/fr\/technique\/greffe-de-cheveux-fue\/\"\t\t\t\t\t\t\t\t\t\t>\n\t\t\t\t\t\t\t\t\t\t\tM\u00e9thode FUE\t\t\t\t\t\t\t\t\t\t<\/a>\n\t\t\t\t\t\t\t\t\t<\/div>\n\t\t\t\t\t\t\t\t<\/div>\n\t\t\t\t\t\t\t\t\t\t\t\t\t<\/div>\n\t\t\t\t\t\t\t\t\t<\/div>\n\t\t\t\t\t\t\t\t\t<div class=\"cards-list__card\">\n\t\t\t\t\t\t\t\t\t\t\t<img decoding=\"async\" width=\"650\" height=\"446\" src=\"https:\/\/elithair.com\/fr\/wp-content\/uploads\/sites\/9\/2026\/04\/stylo-choi-implant-patiente-technique-dhi.webp\" class=\"attachment-large size-large\" alt=\"Implantation avec stylo Choi \u2013 Patiente technique DHI\" loading=\"lazy\" srcset=\"https:\/\/elithair.com\/fr\/wp-content\/uploads\/sites\/9\/2026\/04\/stylo-choi-implant-patiente-technique-dhi.webp 650w, https:\/\/elithair.com\/fr\/wp-content\/uploads\/sites\/9\/2026\/04\/stylo-choi-implant-patiente-technique-dhi-300x206.webp 300w\" sizes=\"auto, (max-width: 650px) 100vw, 650px\" \/>\t\t\t\t\t\t\t\t\t\t\t\t\t\t\t\t<div class=\"cards-list__card-content is-flex flex-column\">\n\t\t\t\t\t\t\t\t\t\t\t\t\t\t\t<h3>DHI (Direct Hair Implantation)<\/h3>\n\t\t\t\t\t\t\t\t\t\t\t\t\t\t\t\t\t\t\t\t\t\t<p>Implantation pr\u00e9cise pour une densit\u00e9 \u00e9lev\u00e9e et une direction de croissance naturelle, sans ouverture s\u00e9par\u00e9e du canal.<\/p>\n\t\t\t\t\t\t\t\t\t\t\t\t\t\t\t\t\t\t\t\t\t\t<div class=\"cards-list__btn-list btn-list\">\n\t\t\t\t\t\t\t\t\t<div class=\"btn-item\">\n\t\t\t\t\t\t\t\t\t\t<a\n\t\t\t\t\t\t\t\t\t\t\tclass=\"btn\"\n\t\t\t\t\t\t\t\t\t\t\thref=\"https:\/\/elithair.com\/fr\/technique\/greffe-de-cheveux-dhi\/\"\t\t\t\t\t\t\t\t\t\t>\n\t\t\t\t\t\t\t\t\t\t\tTechnique DHI\t\t\t\t\t\t\t\t\t\t<\/a>\n\t\t\t\t\t\t\t\t\t<\/div>\n\t\t\t\t\t\t\t\t<\/div>\n\t\t\t\t\t\t\t\t\t\t\t\t\t<\/div>\n\t\t\t\t\t\t\t\t\t<\/div>\n\t\t\t\t\t\t\t\t\t<div class=\"cards-list__card\">\n\t\t\t\t\t\t\t\t\t\t\t<img decoding=\"async\" width=\"650\" height=\"446\" src=\"https:\/\/elithair.com\/fr\/wp-content\/uploads\/sites\/9\/2026\/04\/flacon-de-serum-neo-fue-preparation-greffe-de-cheveux-elithair.webp\" class=\"attachment-large size-large\" alt=\"Flacon de s\u00e9rum Neo FUE \u2013 Pr\u00e9paration greffe de cheveux Elithair\" loading=\"lazy\" srcset=\"https:\/\/elithair.com\/fr\/wp-content\/uploads\/sites\/9\/2026\/04\/flacon-de-serum-neo-fue-preparation-greffe-de-cheveux-elithair.webp 650w, https:\/\/elithair.com\/fr\/wp-content\/uploads\/sites\/9\/2026\/04\/flacon-de-serum-neo-fue-preparation-greffe-de-cheveux-elithair-300x206.webp 300w\" sizes=\"auto, (max-width: 650px) 100vw, 650px\" \/>\t\t\t\t\t\t\t\t\t\t\t\t\t\t\t\t<div class=\"cards-list__card-content is-flex flex-column\">\n\t\t\t\t\t\t\t\t\t\t\t\t\t\t\t<h3>NEO FUE<\/h3>\n\t\t\t\t\t\t\t\t\t\t\t\t\t\t\t\t\t\t\t\t\t\t<p>D\u00e9velopp\u00e9e par le Dr Balwi : notre technique exclusive NEO FUE pour une pr\u00e9paration parfaite des greffons avant l\u2019op\u00e9ration.<\/p>\n\t\t\t\t\t\t\t\t\t\t\t\t\t\t\t\t\t\t\t\t\t\t<div class=\"cards-list__btn-list btn-list\">\n\t\t\t\t\t\t\t\t\t<div class=\"btn-item\">\n\t\t\t\t\t\t\t\t\t\t<a\n\t\t\t\t\t\t\t\t\t\t\tclass=\"btn\"\n\t\t\t\t\t\t\t\t\t\t\thref=\"https:\/\/elithair.com\/fr\/technique\/neo-fue\/\"\t\t\t\t\t\t\t\t\t\t>\n\t\t\t\t\t\t\t\t\t\t\tTout sur la NEO-FUE\t\t\t\t\t\t\t\t\t\t<\/a>\n\t\t\t\t\t\t\t\t\t<\/div>\n\t\t\t\t\t\t\t\t<\/div>\n\t\t\t\t\t\t\t\t\t\t\t\t\t<\/div>\n\t\t\t\t\t\t\t\t\t<\/div>\n\t\t\t\t\t\t\t\t\t<div class=\"cards-list__card\">\n\t\t\t\t\t\t\t\t\t\t\t<img decoding=\"async\" width=\"650\" height=\"446\" src=\"https:\/\/elithair.com\/fr\/wp-content\/uploads\/sites\/9\/2026\/04\/aiguille-preparation-anesthesie-cheveux-procedure-elithair.webp\" class=\"attachment-large size-large\" alt=\"Aiguille de pr\u00e9paration pour anesth\u00e9sie capillaire \u2013 Proc\u00e9dure Elithair\" loading=\"lazy\" srcset=\"https:\/\/elithair.com\/fr\/wp-content\/uploads\/sites\/9\/2026\/04\/aiguille-preparation-anesthesie-cheveux-procedure-elithair.webp 650w, https:\/\/elithair.com\/fr\/wp-content\/uploads\/sites\/9\/2026\/04\/aiguille-preparation-anesthesie-cheveux-procedure-elithair-300x206.webp 300w\" sizes=\"auto, (max-width: 650px) 100vw, 650px\" \/>\t\t\t\t\t\t\t\t\t\t\t\t\t\t\t\t<div class=\"cards-list__card-content is-flex flex-column\">\n\t\t\t\t\t\t\t\t\t\t\t\t\t\t\t<h3>Anesth\u00e9sie pour greffe capillaire<\/h3>\n\t\t\t\t\t\t\t\t\t\t\t\t\t\t\t\t\t\t\t\t\t\t<p>Informations sur nos m\u00e9thodes d\u2019anesth\u00e9sie modernes et exclusives pour un traitement indolore.<\/p>\n\t\t\t\t\t\t\t\t\t\t\t\t\t\t\t\t\t\t\t\t\t\t<div class=\"cards-list__btn-list btn-list\">\n\t\t\t\t\t\t\t\t\t<div class=\"btn-item\">\n\t\t\t\t\t\t\t\t\t\t<a\n\t\t\t\t\t\t\t\t\t\t\tclass=\"btn\"\n\t\t\t\t\t\t\t\t\t\t\thref=\"https:\/\/elithair.com\/fr\/technique\/implant-capillaire-douleur\/\"\t\t\t\t\t\t\t\t\t\t>\n\t\t\t\t\t\t\t\t\t\t\tTout sur l\u2019anesth\u00e9sie\t\t\t\t\t\t\t\t\t\t<\/a>\n\t\t\t\t\t\t\t\t\t<\/div>\n\t\t\t\t\t\t\t\t<\/div>\n\t\t\t\t\t\t\t\t\t\t\t\t\t<\/div>\n\t\t\t\t\t\t\t\t\t<\/div>\n\t\t\t\t\t\t\t\t<\/div>\n\t\t\t\n\t\t\t<\/div>\n<\/section>\n\n\n<div class=\"wp-block-elh-content-media content-media layout-simple top-title-layout one-column styled-ul ul-default ul-default-box bg-radial-dark dark-layout\">\n\t<div class=\"content-media__container container\">\n\t\t\n\t\t\t\t\t\t<div class=\"content-media__content has-mw\" style=\"--MW:700px\">\n\t\t\t<p>Le choix de la m\u00e9thode la plus adapt\u00e9e est d\u00e9terminant pour atteindre un r\u00e9sultat optimal. Nos sp\u00e9cialistes s\u2019assurent que vous b\u00e9n\u00e9ficiez de la technique la plus avanc\u00e9e et la plus appropri\u00e9e \u00e0 votre situation clinique. Commencez d\u00e8s maintenant votre analyse capillaire gratuite et sans engagement \u2013 nous d\u00e9finirons ensemble l\u2019approche th\u00e9rapeutique la plus pertinente pour vous.<\/p>\n<p><em>Gratuit et sans engagement<\/em><\/p>\n\t\t<\/div>\n\t\t\n\t\t\n\t\t\t\t\t<div class=\"content-media__btn-list btn-list align-center\">\n\t\t\t\t<div class=\"btn-item\">\n\t\t\t\t\t<a\n\t\t\t\t\t\tclass=\"btn\"\n\t\t\t\t\t\thref=\"https:\/\/elithair.com\/fr\/analyse-capillaire\/\"\t\t\t\t\t>Diagnostic capillaire<\/a>\n\t\t\t\t<\/div>\n\t\t\t<\/div>\n\t\t\t<\/div>\n<\/div>\n","protected":false},"excerpt":{"rendered":"","protected":false},"author":1,"featured_media":0,"parent":0,"menu_order":0,"comment_status":"closed","ping_status":"closed","template":"","meta":{"_acf_changed":false,"_yoast_wpseo_focuskw":"","_yoast_wpseo_title":"Techniques de greffes capillaires : notre expertise | Elithair","_yoast_wpseo_metadesc":"D\u00e9couvrez les techniques de greffes capillaires les plus avanc\u00e9es, utilis\u00e9es par nos sp\u00e9cialistes pour garantir des r\u00e9sultats naturels, durables et parfaitement adapt\u00e9s \u00e0 vos besoins.","_yoast_wpseo_meta-robots-noindex":"","_yoast_wpseo_meta-robots-nofollow":"","_yoast_wpseo_meta-robots-adv":"","_yoast_wpseo_canonical":"https:\/\/elithair.com\/fr\/technique\/","_yoast_wpseo_opengraph-title":"Techniques de greffes capillaires : notre expertise | Elithair","_yoast_wpseo_opengraph-description":"D\u00e9couvrez les techniques de greffes capillaires les plus avanc\u00e9es, utilis\u00e9es par nos sp\u00e9cialistes pour garantir des r\u00e9sultats naturels, durables et parfaitement adapt\u00e9s \u00e0 vos besoins.","_yoast_wpseo_opengraph-image":"https:\/\/elithair.com\/fr\/wp-content\/uploads\/sites\/9\/2026\/05\/technique.png","_yoast_wpseo_twitter-title":"Techniques de greffes capillaires : notre expertise | Elithair","_yoast_wpseo_twitter-description":"D\u00e9couvrez les techniques de greffes capillaires les plus avanc\u00e9es, utilis\u00e9es par nos sp\u00e9cialistes pour garantir des r\u00e9sultats naturels, durables et parfaitement adapt\u00e9s \u00e0 vos besoins.","_yoast_wpseo_twitter-image":"https:\/\/elithair.com\/fr\/wp-content\/uploads\/sites\/9\/2026\/05\/technique.png","_hm_hreflang_map":{"en":94966,"de":25,"uk":685,"fr":12,"x_default":94966},"_hm_language_code":"fr","footnotes":""},"class_list":["post-12","page","type-page","status-publish","hentry"],"acf":[],"yoast_head":"<!-- This site is optimized with the Yoast SEO Premium plugin v27.5 (Yoast SEO v27.5) - https:\/\/yoast.com\/product\/yoast-seo-premium-wordpress\/ -->\n<title>Techniques de greffes capillaires : notre expertise | Elithair<\/title>\n<meta name=\"description\" content=\"D\u00e9couvrez les techniques de greffes capillaires les plus avanc\u00e9es, utilis\u00e9es par nos sp\u00e9cialistes pour garantir des r\u00e9sultats naturels, durables et parfaitement adapt\u00e9s \u00e0 vos besoins.\" \/>\n<meta name=\"robots\" content=\"index, follow, max-snippet:-1, max-image-preview:large, max-video-preview:-1\" \/>\n<link rel=\"canonical\" href=\"https:\/\/elithair.com\/fr\/technique\/\" \/>\n<meta property=\"og:locale\" content=\"fr_FR\" \/>\n<meta property=\"og:type\" content=\"article\" \/>\n<meta property=\"og:title\" content=\"Techniques de greffes capillaires : notre expertise | Elithair\" \/>\n<meta property=\"og:description\" content=\"D\u00e9couvrez les techniques de greffes capillaires les plus avanc\u00e9es, utilis\u00e9es par nos sp\u00e9cialistes pour garantir des r\u00e9sultats naturels, durables et parfaitement adapt\u00e9s \u00e0 vos besoins.\" \/>\n<meta property=\"og:url\" content=\"https:\/\/elithair.com\/fr\/technique\/\" \/>\n<meta property=\"og:site_name\" content=\"Elithair\" \/>\n<meta property=\"article:modified_time\" content=\"2026-05-03T11:45:43+00:00\" \/>\n<meta property=\"og:image\" content=\"https:\/\/elithair.com\/fr\/wp-content\/uploads\/sites\/9\/2026\/05\/technique.png\" \/>\n<meta name=\"twitter:card\" content=\"summary_large_image\" \/>\n<meta name=\"twitter:title\" content=\"Techniques de greffes capillaires : notre expertise | Elithair\" \/>\n<meta name=\"twitter:description\" content=\"D\u00e9couvrez les techniques de greffes capillaires les plus avanc\u00e9es, utilis\u00e9es par nos sp\u00e9cialistes pour garantir des r\u00e9sultats naturels, durables et parfaitement adapt\u00e9s \u00e0 vos besoins.\" \/>\n<meta name=\"twitter:image\" content=\"https:\/\/elithair.com\/fr\/wp-content\/uploads\/sites\/9\/2026\/05\/technique.png\" \/>\n<script type=\"application\/ld+json\" class=\"yoast-schema-graph\">{\"@context\":\"https:\\\/\\\/schema.org\",\"@graph\":[{\"@type\":\"WebPage\",\"@id\":\"https:\\\/\\\/elithair.com\\\/fr\\\/technique\\\/\",\"url\":\"https:\\\/\\\/elithair.com\\\/fr\\\/technique\\\/\",\"name\":\"Techniques de greffes capillaires : notre expertise | Elithair\",\"isPartOf\":{\"@id\":\"https:\\\/\\\/elithair.com\\\/fr\\\/#website\"},\"datePublished\":\"2026-04-11T14:48:33+00:00\",\"dateModified\":\"2026-05-03T11:45:43+00:00\",\"description\":\"D\u00e9couvrez les techniques de greffes capillaires les plus avanc\u00e9es, utilis\u00e9es par nos sp\u00e9cialistes pour garantir des r\u00e9sultats naturels, durables et parfaitement adapt\u00e9s \u00e0 vos besoins.\",\"breadcrumb\":{\"@id\":\"https:\\\/\\\/elithair.com\\\/fr\\\/technique\\\/#breadcrumb\"},\"inLanguage\":\"fr-FR\",\"potentialAction\":[{\"@type\":\"ReadAction\",\"target\":[\"https:\\\/\\\/elithair.com\\\/fr\\\/technique\\\/\"]}]},{\"@type\":\"BreadcrumbList\",\"@id\":\"https:\\\/\\\/elithair.com\\\/fr\\\/technique\\\/#breadcrumb\",\"itemListElement\":[{\"@type\":\"ListItem\",\"position\":1,\"name\":\"Home\",\"item\":\"https:\\\/\\\/elithair.com\\\/fr\\\/\"},{\"@type\":\"ListItem\",\"position\":2,\"name\":\"Nos techniques avanc\u00e9es pour une greffe capillaire r\u00e9ussie\"}]},{\"@type\":\"WebSite\",\"@id\":\"https:\\\/\\\/elithair.com\\\/fr\\\/#website\",\"url\":\"https:\\\/\\\/elithair.com\\\/fr\\\/\",\"name\":\"Elithair\",\"description\":\"Greffe de cheveux en Turquie : retrouvez votre confiance\",\"alternateName\":\"Greffe de cheveux en Turquie : retrouvez votre confiance\",\"potentialAction\":[{\"@type\":\"SearchAction\",\"target\":{\"@type\":\"EntryPoint\",\"urlTemplate\":\"https:\\\/\\\/elithair.com\\\/fr\\\/?s={search_term_string}\"},\"query-input\":{\"@type\":\"PropertyValueSpecification\",\"valueRequired\":true,\"valueName\":\"search_term_string\"}}],\"inLanguage\":\"fr-FR\"}]}<\/script>\n<!-- \/ Yoast SEO Premium plugin. -->","yoast_head_json":{"title":"Techniques de greffes capillaires : notre expertise | Elithair","description":"D\u00e9couvrez les techniques de greffes capillaires les plus avanc\u00e9es, utilis\u00e9es par nos sp\u00e9cialistes pour garantir des r\u00e9sultats naturels, durables et parfaitement adapt\u00e9s \u00e0 vos besoins.","robots":{"index":"index","follow":"follow","max-snippet":"max-snippet:-1","max-image-preview":"max-image-preview:large","max-video-preview":"max-video-preview:-1"},"canonical":"https:\/\/elithair.com\/fr\/technique\/","og_locale":"fr_FR","og_type":"article","og_title":"Techniques de greffes capillaires : notre expertise | Elithair","og_description":"D\u00e9couvrez les techniques de greffes capillaires les plus avanc\u00e9es, utilis\u00e9es par nos sp\u00e9cialistes pour garantir des r\u00e9sultats naturels, durables et parfaitement adapt\u00e9s \u00e0 vos besoins.","og_url":"https:\/\/elithair.com\/fr\/technique\/","og_site_name":"Elithair","article_modified_time":"2026-05-03T11:45:43+00:00","og_image":[{"url":"https:\/\/elithair.com\/fr\/wp-content\/uploads\/sites\/9\/2026\/05\/technique.png","type":"","width":"","height":""}],"twitter_card":"summary_large_image","twitter_title":"Techniques de greffes capillaires : notre expertise | Elithair","twitter_description":"D\u00e9couvrez les techniques de greffes capillaires les plus avanc\u00e9es, utilis\u00e9es par nos sp\u00e9cialistes pour garantir des r\u00e9sultats naturels, durables et parfaitement adapt\u00e9s \u00e0 vos besoins.","twitter_image":"https:\/\/elithair.com\/fr\/wp-content\/uploads\/sites\/9\/2026\/05\/technique.png","schema":{"@context":"https:\/\/schema.org","@graph":[{"@type":"WebPage","@id":"https:\/\/elithair.com\/fr\/technique\/","url":"https:\/\/elithair.com\/fr\/technique\/","name":"Techniques de greffes capillaires : notre expertise | Elithair","isPartOf":{"@id":"https:\/\/elithair.com\/fr\/#website"},"datePublished":"2026-04-11T14:48:33+00:00","dateModified":"2026-05-03T11:45:43+00:00","description":"D\u00e9couvrez les techniques de greffes capillaires les plus avanc\u00e9es, utilis\u00e9es par nos sp\u00e9cialistes pour garantir des r\u00e9sultats naturels, durables et parfaitement adapt\u00e9s \u00e0 vos besoins.","breadcrumb":{"@id":"https:\/\/elithair.com\/fr\/technique\/#breadcrumb"},"inLanguage":"fr-FR","potentialAction":[{"@type":"ReadAction","target":["https:\/\/elithair.com\/fr\/technique\/"]}]},{"@type":"BreadcrumbList","@id":"https:\/\/elithair.com\/fr\/technique\/#breadcrumb","itemListElement":[{"@type":"ListItem","position":1,"name":"Home","item":"https:\/\/elithair.com\/fr\/"},{"@type":"ListItem","position":2,"name":"Nos techniques avanc\u00e9es pour une greffe capillaire r\u00e9ussie"}]},{"@type":"WebSite","@id":"https:\/\/elithair.com\/fr\/#website","url":"https:\/\/elithair.com\/fr\/","name":"Elithair","description":"Greffe de cheveux en Turquie : retrouvez votre confiance","alternateName":"Greffe de cheveux en Turquie : retrouvez votre confiance","potentialAction":[{"@type":"SearchAction","target":{"@type":"EntryPoint","urlTemplate":"https:\/\/elithair.com\/fr\/?s={search_term_string}"},"query-input":{"@type":"PropertyValueSpecification","valueRequired":true,"valueName":"search_term_string"}}],"inLanguage":"fr-FR"}]}},"jetpack_sharing_enabled":true,"_links":{"self":[{"href":"https:\/\/elithair.com\/fr\/wp-json\/wp\/v2\/pages\/12","targetHints":{"allow":["GET"]}}],"collection":[{"href":"https:\/\/elithair.com\/fr\/wp-json\/wp\/v2\/pages"}],"about":[{"href":"https:\/\/elithair.com\/fr\/wp-json\/wp\/v2\/types\/page"}],"author":[{"embeddable":true,"href":"https:\/\/elithair.com\/fr\/wp-json\/wp\/v2\/users\/1"}],"replies":[{"embeddable":true,"href":"https:\/\/elithair.com\/fr\/wp-json\/wp\/v2\/comments?post=12"}],"version-history":[{"count":8,"href":"https:\/\/elithair.com\/fr\/wp-json\/wp\/v2\/pages\/12\/revisions"}],"predecessor-version":[{"id":100355,"href":"https:\/\/elithair.com\/fr\/wp-json\/wp\/v2\/pages\/12\/revisions\/100355"}],"wp:attachment":[{"href":"https:\/\/elithair.com\/fr\/wp-json\/wp\/v2\/media?parent=12"}],"curies":[{"name":"wp","href":"https:\/\/api.w.org\/{rel}","templated":true}]}}