{"id":89300,"date":"2026-04-18T14:10:09","date_gmt":"2026-04-18T14:10:09","guid":{"rendered":"https:\/\/unified.elitexperiments.com\/es\/trasplantecapilar-preguntas\/"},"modified":"2026-05-03T13:55:03","modified_gmt":"2026-05-03T11:55:03","slug":"trasplantecapilar-preguntas","status":"publish","type":"page","link":"https:\/\/elithair.com\/es\/trasplantecapilar-preguntas\/","title":{"rendered":"Preguntas m\u00e1s frecuentes"},"content":{"rendered":"<section class=\"wp-block-elh-main-hero main-hero dark-layout has-top-right-circle\">\n\t<div class=\"main-hero__container container\">\n\t\t\t\t\t<header class=\"main-hero__header\">\t\t\t\t\n\t\t\t\t<h1>\t\t\t\t\tPreguntas frecuentes sobre el injerto capilar\t\t\t\t<\/h1>\t\t\t<\/header>\n\t\t\n\t\t\t\t\t<div class=\"main-hero__content\">\n\t\t\t\t<p>\u00bfDuele un injerto capilar? \u00bfQu\u00e9 debo tener en cuenta antes de someterme a un trasplante capilar? \u00bfSe puede volver a caer el pelo trasplantado? Aqu\u00ed, encontrar\u00e1s todas las respuestas a las preguntas m\u00e1s frecuentes sobre el injerto capilar.<\/p>\n\t\t\t<\/div>\n\t\t\n\t\t\t\t\t<div class=\"main-hero__media\">\n\t\t\t\t<img decoding=\"async\" width=\"600\" height=\"600\" src=\"https:\/\/elithair.com\/es\/wp-content\/uploads\/sites\/5\/2026\/04\/haartransplantation-faq-experten-team.webp\" class=\"hero-image\" alt=\"Un equipo de expertos amables est\u00e1 disponible para responder a sus preguntas sobre el tratamiento.\" loading=\"eager\" fetchpriority=\"high\" sizes=\"(max-width: 767px) 40vw, (max-width: 1023px) 23vw, 25vw\" srcset=\"https:\/\/elithair.com\/es\/wp-content\/uploads\/sites\/5\/2026\/04\/haartransplantation-faq-experten-team.webp 600w, https:\/\/elithair.com\/es\/wp-content\/uploads\/sites\/5\/2026\/04\/haartransplantation-faq-experten-team-300x300.webp 300w, https:\/\/elithair.com\/es\/wp-content\/uploads\/sites\/5\/2026\/04\/haartransplantation-faq-experten-team-150x150.webp 150w\" \/>\t\t\t<\/div>\n\t\t\t\t\t\t\t<div class=\"main-hero__btn-list btn-list\">\n\t\t\t\t\t\t\t\t<div class=\"btn-item\">\n\t\t\t\t\t<a\n\t\t\t\t\t\thref=\"https:\/\/elithair.com\/es\/analisis-capilar\/\"\t\t\t\t\t\tclass=\"btn\"\n\t\t\t\t\t>\n\t\t\t\t\t\tAn\u00e1lisis capilar gratuito\t\t\t\t\t<\/a>\n\t\t\t\t<\/div>\n\t\t\t\t\t\t\t\t\t\t\t<\/div>\n\t\t\t<\/div>\n\t\t\n\t<\/section>\n\n\n<section class=\"wp-block-elh-faq-list faq-list bg-white\">\n\t<div class=\"faq-list__container container\">\n\t\t\t\t\t<header class=\"faq-list__header\">\n\t\t\t\t<h2>Preguntas m\u00e1s frecuentes<\/h2>\n\t\t\t<\/header>\n\t\t\n\t\t\t\t\t<div class=\"faq-list__items\">\n\t\t\t\t\t\t\t\t\t<div class=\"faq\">\n\t\t\t\t\t\t\t\t\t\t\t\t\t<h3>COVID<\/h3>\n\t\t\t\t\t\t\t\t\t\t\t\t\t\t\t\t\t\t\t\t\t\t\t\t\t\t\t<details>\n\t\t\t\t\t\t\t\t\t<summary>\u00bfPuedo someterme a un injerto capilar en Turqu\u00eda a pesar de la COVID19?<\/summary>\n\t\t\t\t\t\t\t\t\t<p>La COVID-19 ha mantenido en vilo a nuestra sociedad durante meses. Nuestra vida cotidiana ya no es como antes y hasta las cosas m\u00e1s peque\u00f1as est\u00e1n estrictamente reguladas. Por lo tanto, no es de extra\u00f1ar que los pacientes con p\u00e9rdida de cabello est\u00e9n confundidos sobre si deben someterse a una cirug\u00eda de trasplante capilar en Turqu\u00eda.<\/p>\n<p>Desde el brote de la COVID-19, el gobierno turco ha adoptado una serie de normas y medidas destinadas a contener el virus. Elithair tambi\u00e9n respeta estrictamente esas precauciones. Por ejemplo, 12 horas antes del procedimiento de injerto capilar en Turqu\u00eda en tiempo de la COVID19, todas las salas de tratamiento son desinfectadas por personal de limpieza capacitado. Cuidamos con esmero que todo sea higi\u00e9nico y que el paciente est\u00e9 c\u00f3modo.<\/p>\n<p>Selina vol\u00f3 a Estambul en julio de 2020 como observadora neutral para hacerse una idea de c\u00f3mo se realizan los injertos capilares en Turqu\u00eda en tiempos de COVID19 y comparte su experiencia en este post.<\/p>\n\t\t\t\t\t\t\t\t<\/details>\n\t\t\t\t\t\t\t\t\t\t\t\t\t\t\t\t\t\t<\/div>\n\t\t\t\t\t\t\t\t\t<div class=\"faq\">\n\t\t\t\t\t\t\t\t\t\t\t\t\t<h3>General<\/h3>\n\t\t\t\t\t\t\t\t\t\t\t\t\t\t\t\t\t\t\t\t\t\t\t\t\t\t\t<details>\n\t\t\t\t\t\t\t\t\t<summary>\u00bfQu\u00e9 utilidad tiene el injerto capilar?<\/summary>\n\t\t\t\t\t\t\t\t\t<p>Un injerto capilar puede ser la soluci\u00f3n a su p\u00e9rdida de cabello. Solo una consulta personal puede aclarar si un trasplante capilar tiene sentido en su caso. Nuestros expertos analizar\u00e1n de cerca el progreso de su p\u00e9rdida de cabello y diagnosticar\u00e1n la causa de la misma.<\/p>\n<p>Ofrecemos una variedad de opciones de tratamiento, incluidos los tratamientos PRP y la pigmentaci\u00f3n del cabello.<\/p>\n\t\t\t\t\t\t\t\t<\/details>\n\t\t\t\t\t\t\t\t\t\t\t\t\t\t\t<details>\n\t\t\t\t\t\t\t\t\t<summary>\u00bfQu\u00e9 tasa de \u00e9xito puedo esperar de un injerto capilar?<\/summary>\n\t\t\t\t\t\t\t\t\t<p>En Elithair, siempre nos esforzamos por obtener resultados perfectos. Las expectativas correctas son tan importantes como una preparaci\u00f3n \u00f3ptima. Por ello, nuestros pacientes tienen acceso exclusivo al nuevo e innovador m\u00e9todo NEO FUE, que est\u00e1 incluido en el precio del injerto capilar. Puede utilizarlo en la comodidad de su casa para preparar los fol\u00edculos pilosos de la zona donante para el procedimiento.<\/p>\n<p>Nuestros estudios han demostrado que el resultado del injerto capilar es hasta un 30% mejor.<\/p>\n\t\t\t\t\t\t\t\t<\/details>\n\t\t\t\t\t\t\t\t\t\t\t\t\t\t\t<details>\n\t\t\t\t\t\t\t\t\t<summary>\u00bfCon qu\u00e9 frecuencia puedo hacerme un injerto capilar?<\/summary>\n\t\t\t\t\t\t\t\t\t<p>Dependiendo de la extensi\u00f3n de las zonas afectadas y del n\u00famero de injertos que haya que trasplantar, el resultado \u00f3ptimo se consigue ya con una sola intervenci\u00f3n. Si la p\u00e9rdida de cabello es extensa, puede ser necesario un segundo trasplante para recuperar su cabello natural.<\/p>\n\t\t\t\t\t\t\t\t<\/details>\n\t\t\t\t\t\t\t\t\t\t\t\t\t\t\t<details>\n\t\t\t\t\t\t\t\t\t<summary>\u00bfCu\u00e1nto tiempo dura la cirug\u00eda?<\/summary>\n\t\t\t\t\t\t\t\t\t<p>La duraci\u00f3n de la intervenci\u00f3n depende del n\u00famero de injertos a trasplantar. En la mayor\u00eda de los casos, puede estimar un plazo de 4 a 8 horas.<\/p>\n\t\t\t\t\t\t\t\t<\/details>\n\t\t\t\t\t\t\t\t\t\t\t\t\t\t\t<details>\n\t\t\t\t\t\t\t\t\t<summary>\u00bfSe puede trasplantar tambi\u00e9n cabello artificial?<\/summary>\n\t\t\t\t\t\t\t\t\t<p>En principio, el injerto capilar con pelo artificial es posible. Sin embargo, es importante tener en cuenta que solo se pueden rellenar las calvas peque\u00f1as con fibras capilares sint\u00e9ticas, ya que el cuerpo las rechaza m\u00e1s f\u00e1cilmente que el cabello natural.<\/p>\n<p>Puede informarse sobre sus opciones concertando una cita con nuestro equipo de expertos en su propio idioma. Esto aclarar\u00e1 hasta qu\u00e9 punto ha progresado su p\u00e9rdida de cabello y qu\u00e9 opciones de tratamiento hay disponibles para usted.<\/p>\n\t\t\t\t\t\t\t\t<\/details>\n\t\t\t\t\t\t\t\t\t\t\t\t\t\t\t<details>\n\t\t\t\t\t\t\t\t\t<summary>\u00bfPuede volver a crecer el pelo en una cabeza totalmente calva?<\/summary>\n\t\t\t\t\t\t\t\t\t<p>Gracias a un injerto capilar, el pelo tambi\u00e9n puede volver a crecer en las personas con calvicie. La zona del pecho o la barba pueden servir como zona donante, ya que el pelo adapta su crecimiento en longitud a su entorno y no existe ning\u00fan impedimento gen\u00e9tico para ello. Puede obtener m\u00e1s informaci\u00f3n sobre este tema en nuestro blog.<\/p>\n\t\t\t\t\t\t\t\t<\/details>\n\t\t\t\t\t\t\t\t\t\t\t\t\t\t\t<details>\n\t\t\t\t\t\t\t\t\t<summary>\u00bfCu\u00e1nto tiempo dura un injerto capilar?<\/summary>\n\t\t\t\t\t\t\t\t\t<p>Si los injertos proceden de la parte posterior de la cabeza, cabe suponer que permanecer\u00e1n en el cuero cabelludo durante toda la vida. Esto se debe a que para el tratamiento se utilizan cabellos que no est\u00e1n afectados por la ca\u00edda hereditaria del cabello y que, por tanto, no pueden caerse.<\/p>\n\t\t\t\t\t\t\t\t<\/details>\n\t\t\t\t\t\t\t\t\t\t\t\t\t\t\t<details>\n\t\t\t\t\t\t\t\t\t<summary>\u00bfCu\u00e1l es el proceso de curaci\u00f3n despu\u00e9s del injerto capilar?<\/summary>\n\t\t\t\t\t\t\t\t\t<p>La mayor\u00eda de los pacientes experimentan alg\u00fan tipo de picor despu\u00e9s de su injerto capilar. Esto es bastante normal para el proceso de curaci\u00f3n y no es motivo de alarma. Debe reprimir cualquier impulso y no rascarse.<\/p>\n\t\t\t\t\t\t\t\t<\/details>\n\t\t\t\t\t\t\t\t\t\t\t\t\t\t\t<details>\n\t\t\t\t\t\t\t\t\t<summary>\u00bfA qu\u00e9 profundidad se implantan los injertos?<\/summary>\n\t\t\t\t\t\t\t\t\t<p>Al igual que un tatuaje, los injertos se implantan a 1 \u00f3 2 mil\u00edmetros de profundidad en la piel para que crezcan de forma permanente. En Elithair, solo utilizamos los procedimientos m\u00e1s modernos para implantar los fol\u00edculos pilosos. Hemos conseguido los mejores resultados con la t\u00e9cnica DHI, que utiliza un \u201cCHOI-PEN\u201c para introducir los injertos extra\u00eddos individualmente en las puntas de las agujas y luego se trasplantan en las zonas calvas mediante un mecanismo de presi\u00f3n.<\/p>\n\t\t\t\t\t\t\t\t<\/details>\n\t\t\t\t\t\t\t\t\t\t\t\t\t\t\t<details>\n\t\t\t\t\t\t\t\t\t<summary>\u00bfQu\u00e9 debo tener en cuenta antes del trasplante capilar?<\/summary>\n\t\t\t\t\t\t\t\t\t<p>Antes del procedimiento, siga las recomendaciones del m\u00e9dico. Beba mucha agua y lleve una dieta nutritiva. El Dr. Balwi proporciona exclusivamente a todos sus pacientes el tratamiento NEO FUE antes de la cirug\u00eda, lo que preparar\u00e1 sus ra\u00edces capilares para el trasplante de cabello de la mejor manera posible.<\/p>\n<p>Antes de cada injerto capilar, se realiza una amplia consulta inicial con uno de nuestros expertos. Durante esta consulta, se aclaran las preguntas sobre su medicaci\u00f3n diaria y sus expectativas respecto al resultado del procedimiento.<\/p>\n\t\t\t\t\t\t\t\t<\/details>\n\t\t\t\t\t\t\t\t\t\t\t\t\t\t\t<details>\n\t\t\t\t\t\t\t\t\t<summary>\u00bfCu\u00e1nto tiempo tarda en salir el pelo?<\/summary>\n\t\t\t\t\t\t\t\t\t<p>El resultado del injerto capilar no puede percibirse de inmediato. Tras la operaci\u00f3n, la zona donante queda cubierta con peque\u00f1os puntitos de color rojo all\u00e1 donde se extrajeron los fol\u00edculos. Superada esta fase la mayor\u00eda de pacientes entra en lo que se conoce como shock loss, una p\u00e9rdida temporal del cabello debida al estr\u00e9s sufrido por los fol\u00edculos en la intervenci\u00f3n.<\/p>\n<p>Es aproximadamente a partir del sexto mes que el paciente comienza a notar cambios visibles en las zonas trasplantadas. El cabello comienza a crecer siguiendo el ritmo natural del resto de la melena.<\/p>\n<p>Los resultados definitivos se ven al cabo del a\u00f1o.<\/p>\n\t\t\t\t\t\t\t\t<\/details>\n\t\t\t\t\t\t\t\t\t\t\t\t\t\t\t\t\t\t<\/div>\n\t\t\t\t\t\t\t\t\t<div class=\"faq\">\n\t\t\t\t\t\t\t\t\t\t\t\t\t<h3>Postoperatorio<\/h3>\n\t\t\t\t\t\t\t\t\t\t\t\t\t\t\t\t\t\t\t\t\t\t\t\t\t\t\t<details>\n\t\t\t\t\t\t\t\t\t<summary>\u00bfQu\u00e9 tengo que cuidar despu\u00e9s del trasplante capilar?<\/summary>\n\t\t\t\t\t\t\t\t\t<p>Durante las primeras cinco noches deber\u00e1 dormir con una almohada cervical que Elithair le proporcionar\u00e1 una de forma gratuita. Adem\u00e1s deber\u00e1 acostarse boca arriba durante las primeras noches.<\/p>\n<p>Durante los primeros 15 d\u00edas, debe evitar el alcohol, evitar realizar esfuerzos f\u00edsicos as\u00ed como abstenerse de hacer deporte y mantener relaciones sexuales. La exposici\u00f3n intensa al sol durante el primer mes. Aqu\u00ed encontrar\u00e1 m\u00e1s informaci\u00f3n sobre el postoperatorio<\/p>\n\t\t\t\t\t\t\t\t<\/details>\n\t\t\t\t\t\t\t\t\t\t\t\t\t\t\t<details>\n\t\t\t\t\t\t\t\t\t<summary>\u00bfTengo que tomar medicaci\u00f3n despu\u00e9s del tratamiento?<\/summary>\n\t\t\t\t\t\t\t\t\t<p>Despu\u00e9s de un injerto capilar se administran antibi\u00f3ticos, analg\u00e9sicos y antiinflamatorios.<\/p>\n\t\t\t\t\t\t\t\t<\/details>\n\t\t\t\t\t\t\t\t\t\t\t\t\t\t\t<details>\n\t\t\t\t\t\t\t\t\t<summary>\u00bfCu\u00e1nto tiempo tardan los injertos en crecer?<\/summary>\n\t\t\t\t\t\t\t\t\t<p>Las ra\u00edces del pelo trasplantado tienen que crecer adecuadamente en los nuevos lugares. Esto puede llevar hasta cinco meses, ya que las ra\u00edces tienen que regenerarse completamente. Durante este tiempo, el pelo existente se caer\u00e1 y luego volver\u00e1 a crecer.<\/p>\n\t\t\t\t\t\t\t\t<\/details>\n\t\t\t\t\t\t\t\t\t\t\t\t\t\t\t<details>\n\t\t\t\t\t\t\t\t\t<summary>\u00bfEs normal que se caigan los injertos?<\/summary>\n\t\t\t\t\t\t\t\t\t<p>Es perfectamente normal que el pelo trasplantado se caiga al principio. La ra\u00edz del cabello pasa por diferentes etapas, que duran distintos periodos de tiempo. El ciclo completo dura unos seis meses. Por esta raz\u00f3n, es bastante natural que el cabello vuelva a caerse entre dos y seis semanas despu\u00e9s del trasplante.<\/p>\n\t\t\t\t\t\t\t\t<\/details>\n\t\t\t\t\t\t\t\t\t\t\t\t\t\t\t<details>\n\t\t\t\t\t\t\t\t\t<summary>\u00bfQu\u00e9 champ\u00fa debo utilizar despu\u00e9s del injerto capilar?<\/summary>\n\t\t\t\t\t\t\t\t\t<p>Despu\u00e9s de un trasplante de cabello con pelo natural, utilice solo productos suaves para lavar su cabello y sea delicado al hacerlo. Los pacientes de Elithair reciben exclusivamente el set de refuerzo capilar del Dr. Balwi de forma gratuita con su procedimiento para cuidar de forma \u00f3ptima su cabello.<\/p>\n\t\t\t\t\t\t\t\t<\/details>\n\t\t\t\t\t\t\t\t\t\t\t\t\t\t\t\t\t\t<\/div>\n\t\t\t\t\t\t\t\t\t<div class=\"faq\">\n\t\t\t\t\t\t\t\t\t\t\t\t\t<h3>Procedimiento<\/h3>\n\t\t\t\t\t\t\t\t\t\t\t\t\t\t\t\t\t\t\t\t\t\t\t\t\t\t\t<details>\n\t\t\t\t\t\t\t\t\t<summary>\u00bfEs posible trasplantar el pelo de la barba a la parte posterior de la cabeza?<\/summary>\n\t\t\t\t\t\t\t\t\t<p>Las ra\u00edces del cabello se adaptan a su entorno en longitud y crecimiento. No hay ning\u00fan impedimento gen\u00e9tico para llevarlo a cabo. Por lo tanto, el pelo del pecho o de la barba tambi\u00e9n puede injertar en la cabeza si la zona donante de la parte posterior de la cabeza no es una opci\u00f3n.<\/p>\n<p>Puede obtener informaci\u00f3n m\u00e1s detallada sobre su situaci\u00f3n personal en una consulta personal en castellano con nuestros expertos. Aqu\u00ed se llevar\u00e1 a cabo un an\u00e1lisis capilar detallado, que proporcionar\u00e1 informaci\u00f3n sobre qu\u00e9 tipo de procedimiento es el m\u00e1s adecuado para sus necesidades.<\/p>\n\t\t\t\t\t\t\t\t<\/details>\n\t\t\t\t\t\t\t\t\t\t\t\t\t\t\t<details>\n\t\t\t\t\t\t\t\t\t<summary>\u00bfCu\u00e1l es exactamente el procedimiento de un injerto capilar?<\/summary>\n\t\t\t\t\t\t\t\t\t<p>En pocas palabras, primero se eval\u00faa el patr\u00f3n capilar y se determina el n\u00famero de injertos necesarios. A continuaci\u00f3n, se extrae el pelo de la parte posterior de la cabeza y se implanta en las zonas calvas, como la l\u00ednea de nacimiento del cabello. Se le proporcionar\u00e1 una descripci\u00f3n detallada del programa del procedimiento durante su consulta inicial gratuita. Puede ver en detalle el proceso completo haciendo.<\/p>\n\t\t\t\t\t\t\t\t<\/details>\n\t\t\t\t\t\t\t\t\t\t\t\t\t\t\t<details>\n\t\t\t\t\t\t\t\t\t<summary>\u00bfQu\u00e9 m\u00e9todos son los m\u00e1s habituales de injerto capilar?<\/summary>\n\t\t\t\t\t\t\t\t\t<p>En la actualidad, se practican tres t\u00e9cnicas diferentes para trasplantar el propio cabello, habi\u00e9ndose sustituido en gran medida el m\u00e9todo FUT por el moderno y menos invasivo m\u00e9todo FUE. Descubra por qu\u00e9 aqu\u00ed. Adem\u00e1s, el cabello natural tambi\u00e9n se injerta con la t\u00e9cnica DHI.<\/p>\n\t\t\t\t\t\t\t\t<\/details>\n\t\t\t\t\t\t\t\t\t\t\t\t\t\t\t\t\t\t<\/div>\n\t\t\t\t\t\t\t\t\t<div class=\"faq\">\n\t\t\t\t\t\t\t\t\t\t\t\t\t<h3>Viaje<\/h3>\n\t\t\t\t\t\t\t\t\t\t\t\t\t\t\t\t\t\t\t\t\t\t\t\t\t\t\t<details>\n\t\t\t\t\t\t\t\t\t<summary>\u00bfCu\u00e1l es la duraci\u00f3n de la estancia en Turqu\u00eda?<\/summary>\n\t\t\t\t\t\t\t\t\t<p>La estancia para un injerto capilar en Turqu\u00eda es de al menos tres d\u00edas, por lo que el d\u00eda 1 sirve para la llegada y ya puede volver a casa al tercer d\u00eda. Puede encontrar el paso a paso de un injerto capilar aqu\u00ed.<\/p>\n<p>Si le gustar\u00eda combinar su estancia en la metr\u00f3poli de Estambul con unas vacaciones, le recomendamos que lo haga antes de la operaci\u00f3n, ya que los tres primeros d\u00edas despu\u00e9s de la operaci\u00f3n deben utilizarse para la regeneraci\u00f3n capilar.<\/p>\n\t\t\t\t\t\t\t\t<\/details>\n\t\t\t\t\t\t\t\t\t\t\t\t\t\t\t\t\t\t<\/div>\n\t\t\t\t\t\t\t<\/div>\n\t\t\n\t\t\t<\/div>\n<\/section>\n\n","protected":false},"excerpt":{"rendered":"","protected":false},"author":1,"featured_media":0,"parent":0,"menu_order":0,"comment_status":"closed","ping_status":"closed","template":"","meta":{"_acf_changed":false,"_yoast_wpseo_focuskw":"","_yoast_wpseo_title":"Trasplante capilar en Turqu\u00eda: preguntas frecuentes | Elithair","_yoast_wpseo_metadesc":"Consulta estas preguntas frecuentes sobre el trasplante capilar antes de recuperar tu pelo en Turqu\u00eda. \u00a1Aclara tus dudas aqu\u00ed!","_yoast_wpseo_meta-robots-noindex":"","_yoast_wpseo_meta-robots-nofollow":"","_yoast_wpseo_meta-robots-adv":"","_yoast_wpseo_canonical":"https:\/\/elithair.es\/trasplantecapilar-preguntas\/","_yoast_wpseo_opengraph-title":"Trasplante capilar en Turqu\u00eda: preguntas frecuentes | Elithair","_yoast_wpseo_opengraph-description":"Consulta estas preguntas frecuentes sobre el trasplante capilar antes de recuperar tu pelo en Turqu\u00eda. \u00a1Aclara tus dudas aqu\u00ed!","_yoast_wpseo_opengraph-image":"https:\/\/elithair.com\/es\/wp-content\/uploads\/sites\/5\/2026\/05\/trasplantecapilar-preguntas.png","_yoast_wpseo_twitter-title":"","_yoast_wpseo_twitter-description":"","_yoast_wpseo_twitter-image":"https:\/\/elithair.com\/es\/wp-content\/uploads\/sites\/5\/2026\/05\/trasplantecapilar-preguntas.png","_hm_hreflang_map":{"en":94974,"de":61,"uk":741,"es":89300,"it":20,"pt":22,"fr":27,"x_default":94974},"_hm_language_code":"es","footnotes":""},"class_list":["post-89300","page","type-page","status-publish","hentry"],"acf":[],"yoast_head":"<!-- This site is optimized with the Yoast SEO Premium plugin v27.5 (Yoast SEO v27.5) - https:\/\/yoast.com\/product\/yoast-seo-premium-wordpress\/ -->\n<title>Trasplante capilar en Turqu\u00eda: preguntas frecuentes | Elithair<\/title>\n<meta name=\"description\" content=\"Consulta estas preguntas frecuentes sobre el trasplante capilar antes de recuperar tu pelo en Turqu\u00eda. \u00a1Aclara tus dudas aqu\u00ed!\" \/>\n<meta name=\"robots\" content=\"index, follow, max-snippet:-1, max-image-preview:large, max-video-preview:-1\" \/>\n<link rel=\"canonical\" href=\"https:\/\/elithair.es\/trasplantecapilar-preguntas\/\" \/>\n<meta property=\"og:locale\" content=\"es_ES\" \/>\n<meta property=\"og:type\" content=\"article\" \/>\n<meta property=\"og:title\" content=\"Trasplante capilar en Turqu\u00eda: preguntas frecuentes | Elithair\" \/>\n<meta property=\"og:description\" content=\"Consulta estas preguntas frecuentes sobre el trasplante capilar antes de recuperar tu pelo en Turqu\u00eda. \u00a1Aclara tus dudas aqu\u00ed!\" \/>\n<meta property=\"og:url\" content=\"https:\/\/elithair.es\/trasplantecapilar-preguntas\/\" \/>\n<meta property=\"og:site_name\" content=\"Elithair\" \/>\n<meta property=\"article:modified_time\" content=\"2026-05-03T11:55:03+00:00\" \/>\n<meta property=\"og:image\" content=\"https:\/\/elithair.com\/es\/wp-content\/uploads\/sites\/5\/2026\/05\/trasplantecapilar-preguntas.png\" \/>\n<meta name=\"twitter:card\" content=\"summary_large_image\" \/>\n<meta name=\"twitter:title\" content=\"Preguntas m\u00e1s frecuentes\" \/>\n<meta name=\"twitter:image\" content=\"https:\/\/elithair.com\/es\/wp-content\/uploads\/sites\/5\/2026\/05\/trasplantecapilar-preguntas.png\" \/>\n<script type=\"application\/ld+json\" class=\"yoast-schema-graph\">{\"@context\":\"https:\\\/\\\/schema.org\",\"@graph\":[{\"@type\":\"WebPage\",\"@id\":\"https:\\\/\\\/elithair.com\\\/es\\\/trasplantecapilar-preguntas\\\/\",\"url\":\"https:\\\/\\\/elithair.es\\\/trasplantecapilar-preguntas\\\/\",\"name\":\"Trasplante capilar en Turqu\u00eda: preguntas frecuentes | Elithair\",\"isPartOf\":{\"@id\":\"https:\\\/\\\/elithair.com\\\/es\\\/#website\"},\"datePublished\":\"2026-04-18T14:10:09+00:00\",\"dateModified\":\"2026-05-03T11:55:03+00:00\",\"description\":\"Consulta estas preguntas frecuentes sobre el trasplante capilar antes de recuperar tu pelo en Turqu\u00eda. \u00a1Aclara tus dudas aqu\u00ed!\",\"breadcrumb\":{\"@id\":\"https:\\\/\\\/elithair.es\\\/trasplantecapilar-preguntas\\\/#breadcrumb\"},\"inLanguage\":\"es\",\"potentialAction\":[{\"@type\":\"ReadAction\",\"target\":[\"https:\\\/\\\/elithair.es\\\/trasplantecapilar-preguntas\\\/\"]}]},{\"@type\":\"BreadcrumbList\",\"@id\":\"https:\\\/\\\/elithair.es\\\/trasplantecapilar-preguntas\\\/#breadcrumb\",\"itemListElement\":[{\"@type\":\"ListItem\",\"position\":1,\"name\":\"Home\",\"item\":\"https:\\\/\\\/elithair.com\\\/es\\\/\"},{\"@type\":\"ListItem\",\"position\":2,\"name\":\"Preguntas m\u00e1s frecuentes\"}]},{\"@type\":\"WebSite\",\"@id\":\"https:\\\/\\\/elithair.com\\\/es\\\/#website\",\"url\":\"https:\\\/\\\/elithair.com\\\/es\\\/\",\"name\":\"Elithair\",\"description\":\"La mayor cl\u00ednica de Injerto Capilar en Turqu\u00eda\",\"alternateName\":\"la mejor cl\u00ednica de trasplante capilar en Turqu\u00eda\",\"potentialAction\":[{\"@type\":\"SearchAction\",\"target\":{\"@type\":\"EntryPoint\",\"urlTemplate\":\"https:\\\/\\\/elithair.com\\\/es\\\/?s={search_term_string}\"},\"query-input\":{\"@type\":\"PropertyValueSpecification\",\"valueRequired\":true,\"valueName\":\"search_term_string\"}}],\"inLanguage\":\"es\"}]}<\/script>\n<!-- \/ Yoast SEO Premium plugin. -->","yoast_head_json":{"title":"Trasplante capilar en Turqu\u00eda: preguntas frecuentes | Elithair","description":"Consulta estas preguntas frecuentes sobre el trasplante capilar antes de recuperar tu pelo en Turqu\u00eda. \u00a1Aclara tus dudas aqu\u00ed!","robots":{"index":"index","follow":"follow","max-snippet":"max-snippet:-1","max-image-preview":"max-image-preview:large","max-video-preview":"max-video-preview:-1"},"canonical":"https:\/\/elithair.es\/trasplantecapilar-preguntas\/","og_locale":"es_ES","og_type":"article","og_title":"Trasplante capilar en Turqu\u00eda: preguntas frecuentes | Elithair","og_description":"Consulta estas preguntas frecuentes sobre el trasplante capilar antes de recuperar tu pelo en Turqu\u00eda. \u00a1Aclara tus dudas aqu\u00ed!","og_url":"https:\/\/elithair.es\/trasplantecapilar-preguntas\/","og_site_name":"Elithair","article_modified_time":"2026-05-03T11:55:03+00:00","og_image":[{"url":"https:\/\/elithair.com\/es\/wp-content\/uploads\/sites\/5\/2026\/05\/trasplantecapilar-preguntas.png","type":"","width":"","height":""}],"twitter_card":"summary_large_image","twitter_title":"Preguntas m\u00e1s frecuentes","twitter_image":"https:\/\/elithair.com\/es\/wp-content\/uploads\/sites\/5\/2026\/05\/trasplantecapilar-preguntas.png","schema":{"@context":"https:\/\/schema.org","@graph":[{"@type":"WebPage","@id":"https:\/\/elithair.com\/es\/trasplantecapilar-preguntas\/","url":"https:\/\/elithair.es\/trasplantecapilar-preguntas\/","name":"Trasplante capilar en Turqu\u00eda: preguntas frecuentes | Elithair","isPartOf":{"@id":"https:\/\/elithair.com\/es\/#website"},"datePublished":"2026-04-18T14:10:09+00:00","dateModified":"2026-05-03T11:55:03+00:00","description":"Consulta estas preguntas frecuentes sobre el trasplante capilar antes de recuperar tu pelo en Turqu\u00eda. \u00a1Aclara tus dudas aqu\u00ed!","breadcrumb":{"@id":"https:\/\/elithair.es\/trasplantecapilar-preguntas\/#breadcrumb"},"inLanguage":"es","potentialAction":[{"@type":"ReadAction","target":["https:\/\/elithair.es\/trasplantecapilar-preguntas\/"]}]},{"@type":"BreadcrumbList","@id":"https:\/\/elithair.es\/trasplantecapilar-preguntas\/#breadcrumb","itemListElement":[{"@type":"ListItem","position":1,"name":"Home","item":"https:\/\/elithair.com\/es\/"},{"@type":"ListItem","position":2,"name":"Preguntas m\u00e1s frecuentes"}]},{"@type":"WebSite","@id":"https:\/\/elithair.com\/es\/#website","url":"https:\/\/elithair.com\/es\/","name":"Elithair","description":"La mayor cl\u00ednica de Injerto Capilar en Turqu\u00eda","alternateName":"la mejor cl\u00ednica de trasplante capilar en Turqu\u00eda","potentialAction":[{"@type":"SearchAction","target":{"@type":"EntryPoint","urlTemplate":"https:\/\/elithair.com\/es\/?s={search_term_string}"},"query-input":{"@type":"PropertyValueSpecification","valueRequired":true,"valueName":"search_term_string"}}],"inLanguage":"es"}]}},"jetpack_sharing_enabled":true,"_links":{"self":[{"href":"https:\/\/elithair.com\/es\/wp-json\/wp\/v2\/pages\/89300","targetHints":{"allow":["GET"]}}],"collection":[{"href":"https:\/\/elithair.com\/es\/wp-json\/wp\/v2\/pages"}],"about":[{"href":"https:\/\/elithair.com\/es\/wp-json\/wp\/v2\/types\/page"}],"author":[{"embeddable":true,"href":"https:\/\/elithair.com\/es\/wp-json\/wp\/v2\/users\/1"}],"replies":[{"embeddable":true,"href":"https:\/\/elithair.com\/es\/wp-json\/wp\/v2\/comments?post=89300"}],"version-history":[{"count":6,"href":"https:\/\/elithair.com\/es\/wp-json\/wp\/v2\/pages\/89300\/revisions"}],"predecessor-version":[{"id":91143,"href":"https:\/\/elithair.com\/es\/wp-json\/wp\/v2\/pages\/89300\/revisions\/91143"}],"wp:attachment":[{"href":"https:\/\/elithair.com\/es\/wp-json\/wp\/v2\/media?parent=89300"}],"curies":[{"name":"wp","href":"https:\/\/api.w.org\/{rel}","templated":true}]}}