{"id":89296,"date":"2026-04-18T14:10:07","date_gmt":"2026-04-18T14:10:07","guid":{"rendered":"https:\/\/unified.elitexperiments.com\/es\/responsabilidad-legal\/"},"modified":"2026-04-25T19:04:34","modified_gmt":"2026-04-25T19:04:34","slug":"responsabilidad-legal","status":"publish","type":"page","link":"https:\/\/elithair.com\/es\/responsabilidad-legal\/","title":{"rendered":"Aviso legal"},"content":{"rendered":"<section class=\"wp-block-elh-custom-full-content custom-full-content bg-linear-dark dark-layout\">\n\t\t<div class=\"custom-full-content__container container is-flex flex-column gap-default\">\n\t\t\t\t\t<header class=\"custom-full-content__header\">\n\t\t\t\t<h2>\t\t\t\t\tAviso legal\t\t\t\t<\/h2>\t\t\t<\/header>\n\t\t\n\t\t\t\t\t<div class=\"custom-full-content__body\">\n\t\t\t\t<p><strong>GLOBAL HEALTH CARE SAGLIK HIZMETLERI ANONIM SIRKETI<\/strong><br \/>\nHamidiye, Cendere Cad. no: 103\/1\/2. 34408 K\u00e2\u011f\u0131thane\/Istanbul<br \/>\nIkitelli V.D. 8920328550<br \/>\nTic.Sic.No. 55011-5<br \/>\nMersis No. 0892032855000013<\/p>\n<hr \/>\n<p>GLOBAL HEALTH CARE SAGLIK HIZMETLERI ANONIM SIRKETI<br \/>\nRegistro Mercantil de Estambul: Ikitelli V.D. 8920328550<br \/>\nInscrito en: 08920328550 00013<br \/>\nN\u00famero de identificaci\u00f3n fiscal: 55011-5<\/p>\n<p>Contacto<br \/>\nDirector general: Murat H\u00fcseyinoglu<br \/>\nDirecci\u00f3n:\u00a0Hamidiye, Cendere Cad. no: 103\/1\/2. 34408 K\u00e2\u011f\u0131thane\/Estambul<br \/>\nTel\u00e9fono: 00800 100 200 70<br \/>\nE-Mail:\u00a0<a href=\"mailto:info@elithairtransplant.com\">info@elithairtransplant.com<\/a><\/p>\n<hr \/>\n<h3><strong>Im\u00e1genes:<\/strong><\/h3>\n<p>\u00a9 Photo Gallery by Stephan Zwickirsch, karoshiphoto.<\/p>\n<p>\u00a9 2009-2014 Depositphotos Inc.<\/p>\n<p>\u00a9 2021 Elithair.<\/p>\n<hr \/>\n<h3>Informaci\u00f3n legal<\/h3>\n<p><strong>\u00a7 1 Advertencia sobre el contenido<\/strong><br \/>\nEl contenido gratuito y de libre acceso de este sitio web se ha creado con el mayor cuidado posible. Sin embargo, el proveedor de este sitio web no asume ninguna responsabilidad por la exactitud y actualidad de las gu\u00edas y noticias period\u00edsticas gratuitas y de libre acceso proporcionadas. Las contribuciones marcadas con un nombre reflejan la opini\u00f3n del autor respectivo y no siempre la opini\u00f3n del proveedor. Por el mero hecho de consultar el contenido gratuito y de libre acceso no se concluye ninguna relaci\u00f3n contractual entre el usuario y el proveedor, en la medida en que carece de la voluntad jur\u00eddica vinculante del proveedor.<\/p>\n<p><strong>\u00a7 2 Enlaces externos<\/strong><br \/>\nEste sitio web contiene enlaces a sitios web de terceros (\u00abenlaces externos\u00bb). Estos sitios web son responsabilidad de sus respectivos operadores. El proveedor ha comprobado el contenido de terceros al enlazar por primera vez enlaces externos para determinar si existe alguna infracci\u00f3n legal. En ese momento, no se constat\u00f3 ninguna infracci\u00f3n. El proveedor no tiene ninguna influencia sobre el dise\u00f1o y los contenidos actuales y futuros de las p\u00e1ginas enlazadas. El establecimiento de enlaces externos no significa que el proveedor acepte el contenido detr\u00e1s de la referencia o enlace. Un control constante de los enlaces externos no es razonable para el proveedor sin pruebas concretas de infracciones legales. No obstante, si se tiene conocimiento de infracciones legales, dichos enlaces externos se eliminar\u00e1n inmediatamente.<\/p>\n<p><strong>\u00a7 3 Derechos de autor y derechos afines<\/strong><br \/>\nEl contenido publicado en este sitio web est\u00e1 sujeto a la legislaci\u00f3n alemana sobre derechos de autor y derechos afines. Cualquier uso no permitido por la legislaci\u00f3n alemana sobre derechos de autor y derechos afines requiere el consentimiento previo por escrito del proveedor o del respectivo titular de los derechos de autor. Esto se aplica en particular a la duplicaci\u00f3n, procesamiento, traducci\u00f3n, almacenamiento, procesamiento o reproducci\u00f3n de contenidos en bases de datos u otros medios y sistemas electr\u00f3nicos. El contenido y los derechos de terceros est\u00e1n marcados como tales. La reproducci\u00f3n o distribuci\u00f3n no autorizada de contenidos individuales o p\u00e1ginas completas no est\u00e1 permitida y est\u00e1 penada por la ley. Solo se permite la producci\u00f3n de copias y descargas para uso personal, privado y no comercial. La presentaci\u00f3n de este sitio web en marcos externos solo est\u00e1 permitida con autorizaci\u00f3n por escrito.<\/p>\n<p><strong>\u00a7 4 Condiciones de uso especiales<\/strong><br \/>\nEn la medida en que las condiciones especiales para usos individuales de este sitio web se desv\u00eden de los p\u00e1rrafos anteriores, esto se indicar\u00e1 expresamente en el punto correspondiente. En tal caso, se aplicar\u00e1n las condiciones especiales de uso en cada caso concreto.<\/p>\n<p><strong>\u00a7 5 Nota sobre el Reglamento sobre resoluci\u00f3n de litigios en l\u00ednea<\/strong><br \/>\nEn virtud de la legislaci\u00f3n aplicable, estamos obligados a informar a los consumidores de la existencia de la Plataforma Europea de Resoluci\u00f3n de Litigios en L\u00ednea, que puede utilizarse para resolver litigios sin necesidad de recurrir a un tribunal. La Comisi\u00f3n Europea es responsable de la creaci\u00f3n de la plataforma. La Plataforma Europea de Resoluci\u00f3n de Litigios en L\u00ednea puede consultarse aqu\u00ed: http:\/\/ec.europa.eu\/odr. Nuestro correo electr\u00f3nico es: spain@elithairtransplant.com.<\/p>\n<p><strong>\u00a7 6 Nota sobre la Ley de resoluci\u00f3n de litigios en materia de consumo (VSBG)<\/strong><br \/>\nNo estamos dispuestos ni obligados a participar en procedimientos de resoluci\u00f3n de litigios ante una junta arbitral de consumo.<\/p>\n\t\t\t<\/div>\n\t\t\n\t\t\t<\/div>\n<\/section>\n","protected":false},"excerpt":{"rendered":"","protected":false},"author":1,"featured_media":0,"parent":0,"menu_order":0,"comment_status":"closed","ping_status":"closed","template":"","meta":{"_acf_changed":false,"_yoast_wpseo_focuskw":"","_yoast_wpseo_title":"Aviso legal | Elithair","_yoast_wpseo_metadesc":"Esta p\u00e1gina proporciona informaci\u00f3n legal relacionada con la responsabilidad de Elithair, el propietario de este sitio web, y del usuario.","_yoast_wpseo_meta-robots-noindex":"1","_yoast_wpseo_meta-robots-nofollow":"1","_yoast_wpseo_meta-robots-adv":"","_yoast_wpseo_canonical":"","_yoast_wpseo_opengraph-title":"Aviso legal | Elithair","_yoast_wpseo_opengraph-description":"Esta p\u00e1gina proporciona informaci\u00f3n legal relacionada con la responsabilidad del usuario y de Elithair, el propietario de este sitio web.","_yoast_wpseo_opengraph-image":"https:\/\/elithair.es\/wp-content\/uploads\/2024\/03\/elithair-logo-secondary.png","_yoast_wpseo_twitter-title":"","_yoast_wpseo_twitter-description":"","_yoast_wpseo_twitter-image":"","_hm_hreflang_map":[],"_hm_language_code":"","footnotes":""},"class_list":["post-89296","page","type-page","status-publish","hentry"],"acf":[],"yoast_head":"<!-- This site is optimized with the Yoast SEO Premium plugin v27.5 (Yoast SEO v27.5) - https:\/\/yoast.com\/product\/yoast-seo-premium-wordpress\/ -->\n<title>Aviso legal | Elithair<\/title>\n<meta name=\"description\" content=\"Esta p\u00e1gina proporciona informaci\u00f3n legal relacionada con la responsabilidad de Elithair, el propietario de este sitio web, y del usuario.\" \/>\n<meta name=\"robots\" content=\"noindex, nofollow\" \/>\n<meta property=\"og:locale\" content=\"es_ES\" \/>\n<meta property=\"og:type\" content=\"article\" \/>\n<meta property=\"og:title\" content=\"Aviso legal | Elithair\" \/>\n<meta property=\"og:description\" content=\"Esta p\u00e1gina proporciona informaci\u00f3n legal relacionada con la responsabilidad del usuario y de Elithair, el propietario de este sitio web.\" \/>\n<meta property=\"og:url\" content=\"https:\/\/elithair.com\/es\/responsabilidad-legal\/\" \/>\n<meta property=\"og:site_name\" content=\"Elithair\" \/>\n<meta property=\"article:modified_time\" content=\"2026-04-25T19:04:34+00:00\" \/>\n<meta property=\"og:image\" content=\"https:\/\/elithair.es\/wp-content\/uploads\/2024\/03\/elithair-logo-secondary.png\" \/>\n<meta name=\"twitter:card\" content=\"summary_large_image\" \/>\n<meta name=\"twitter:title\" content=\"Aviso legal\" \/>\n<script type=\"application\/ld+json\" class=\"yoast-schema-graph\">{\"@context\":\"https:\\\/\\\/schema.org\",\"@graph\":[{\"@type\":\"WebPage\",\"@id\":\"https:\\\/\\\/elithair.com\\\/es\\\/responsabilidad-legal\\\/\",\"url\":\"https:\\\/\\\/elithair.com\\\/es\\\/responsabilidad-legal\\\/\",\"name\":\"Aviso legal | Elithair\",\"isPartOf\":{\"@id\":\"https:\\\/\\\/elithair.com\\\/es\\\/#website\"},\"datePublished\":\"2026-04-18T14:10:07+00:00\",\"dateModified\":\"2026-04-25T19:04:34+00:00\",\"description\":\"Esta p\u00e1gina proporciona informaci\u00f3n legal relacionada con la responsabilidad de Elithair, el propietario de este sitio web, y del usuario.\",\"breadcrumb\":{\"@id\":\"https:\\\/\\\/elithair.com\\\/es\\\/responsabilidad-legal\\\/#breadcrumb\"},\"inLanguage\":\"es\",\"potentialAction\":[{\"@type\":\"ReadAction\",\"target\":[\"https:\\\/\\\/elithair.com\\\/es\\\/responsabilidad-legal\\\/\"]}]},{\"@type\":\"BreadcrumbList\",\"@id\":\"https:\\\/\\\/elithair.com\\\/es\\\/responsabilidad-legal\\\/#breadcrumb\",\"itemListElement\":[{\"@type\":\"ListItem\",\"position\":1,\"name\":\"Home\",\"item\":\"https:\\\/\\\/elithair.com\\\/es\\\/\"},{\"@type\":\"ListItem\",\"position\":2,\"name\":\"Aviso legal\"}]},{\"@type\":\"WebSite\",\"@id\":\"https:\\\/\\\/elithair.com\\\/es\\\/#website\",\"url\":\"https:\\\/\\\/elithair.com\\\/es\\\/\",\"name\":\"Elithair\",\"description\":\"La mayor cl\u00ednica de Injerto Capilar en Turqu\u00eda\",\"alternateName\":\"la mejor cl\u00ednica de trasplante capilar en Turqu\u00eda\",\"potentialAction\":[{\"@type\":\"SearchAction\",\"target\":{\"@type\":\"EntryPoint\",\"urlTemplate\":\"https:\\\/\\\/elithair.com\\\/es\\\/?s={search_term_string}\"},\"query-input\":{\"@type\":\"PropertyValueSpecification\",\"valueRequired\":true,\"valueName\":\"search_term_string\"}}],\"inLanguage\":\"es\"}]}<\/script>\n<!-- \/ Yoast SEO Premium plugin. -->","yoast_head_json":{"title":"Aviso legal | Elithair","description":"Esta p\u00e1gina proporciona informaci\u00f3n legal relacionada con la responsabilidad de Elithair, el propietario de este sitio web, y del usuario.","robots":{"index":"noindex","follow":"nofollow"},"og_locale":"es_ES","og_type":"article","og_title":"Aviso legal | Elithair","og_description":"Esta p\u00e1gina proporciona informaci\u00f3n legal relacionada con la responsabilidad del usuario y de Elithair, el propietario de este sitio web.","og_url":"https:\/\/elithair.com\/es\/responsabilidad-legal\/","og_site_name":"Elithair","article_modified_time":"2026-04-25T19:04:34+00:00","og_image":[{"url":"https:\/\/elithair.es\/wp-content\/uploads\/2024\/03\/elithair-logo-secondary.png","type":"","width":"","height":""}],"twitter_card":"summary_large_image","twitter_title":"Aviso legal","schema":{"@context":"https:\/\/schema.org","@graph":[{"@type":"WebPage","@id":"https:\/\/elithair.com\/es\/responsabilidad-legal\/","url":"https:\/\/elithair.com\/es\/responsabilidad-legal\/","name":"Aviso legal | Elithair","isPartOf":{"@id":"https:\/\/elithair.com\/es\/#website"},"datePublished":"2026-04-18T14:10:07+00:00","dateModified":"2026-04-25T19:04:34+00:00","description":"Esta p\u00e1gina proporciona informaci\u00f3n legal relacionada con la responsabilidad de Elithair, el propietario de este sitio web, y del usuario.","breadcrumb":{"@id":"https:\/\/elithair.com\/es\/responsabilidad-legal\/#breadcrumb"},"inLanguage":"es","potentialAction":[{"@type":"ReadAction","target":["https:\/\/elithair.com\/es\/responsabilidad-legal\/"]}]},{"@type":"BreadcrumbList","@id":"https:\/\/elithair.com\/es\/responsabilidad-legal\/#breadcrumb","itemListElement":[{"@type":"ListItem","position":1,"name":"Home","item":"https:\/\/elithair.com\/es\/"},{"@type":"ListItem","position":2,"name":"Aviso legal"}]},{"@type":"WebSite","@id":"https:\/\/elithair.com\/es\/#website","url":"https:\/\/elithair.com\/es\/","name":"Elithair","description":"La mayor cl\u00ednica de Injerto Capilar en Turqu\u00eda","alternateName":"la mejor cl\u00ednica de trasplante capilar en Turqu\u00eda","potentialAction":[{"@type":"SearchAction","target":{"@type":"EntryPoint","urlTemplate":"https:\/\/elithair.com\/es\/?s={search_term_string}"},"query-input":{"@type":"PropertyValueSpecification","valueRequired":true,"valueName":"search_term_string"}}],"inLanguage":"es"}]}},"jetpack_sharing_enabled":true,"_links":{"self":[{"href":"https:\/\/elithair.com\/es\/wp-json\/wp\/v2\/pages\/89296","targetHints":{"allow":["GET"]}}],"collection":[{"href":"https:\/\/elithair.com\/es\/wp-json\/wp\/v2\/pages"}],"about":[{"href":"https:\/\/elithair.com\/es\/wp-json\/wp\/v2\/types\/page"}],"author":[{"embeddable":true,"href":"https:\/\/elithair.com\/es\/wp-json\/wp\/v2\/users\/1"}],"replies":[{"embeddable":true,"href":"https:\/\/elithair.com\/es\/wp-json\/wp\/v2\/comments?post=89296"}],"version-history":[{"count":1,"href":"https:\/\/elithair.com\/es\/wp-json\/wp\/v2\/pages\/89296\/revisions"}],"predecessor-version":[{"id":90104,"href":"https:\/\/elithair.com\/es\/wp-json\/wp\/v2\/pages\/89296\/revisions\/90104"}],"wp:attachment":[{"href":"https:\/\/elithair.com\/es\/wp-json\/wp\/v2\/media?parent=89296"}],"curies":[{"name":"wp","href":"https:\/\/api.w.org\/{rel}","templated":true}]}}