{"id":89290,"date":"2026-04-18T14:10:03","date_gmt":"2026-04-18T14:10:03","guid":{"rendered":"https:\/\/unified.elitexperiments.com\/es\/tratamiento-prp\/"},"modified":"2026-05-03T13:52:43","modified_gmt":"2026-05-03T11:52:43","slug":"tratamiento-prp","status":"publish","type":"page","link":"https:\/\/elithair.com\/es\/tratamiento-prp\/","title":{"rendered":"Tratamiento PRP"},"content":{"rendered":"<section class=\"wp-block-elh-main-hero main-hero dark-layout has-top-right-circle\">\n\t<div class=\"main-hero__container container\">\n\t\t\t\t\t<header class=\"main-hero__header\">\t\t\t\t\n\t\t\t\t<h1>\t\t\t\t\tTratamiento <strong>PRP<\/strong> capilar\t\t\t\t<\/h1>\t\t\t<\/header>\n\t\t\n\t\t\t\t\t<div class=\"main-hero__content\">\n\t\t\t\t<p><strong>(Plasma rico en plaquetas)<\/strong><\/p>\n<p>El tratamiento PRP es una terapia complementaria ideal para tu injerto capilar.<\/p>\n<p>La bioestimulaci\u00f3n con plasma enriquecido en plaquetas promueve el crecimiento del pelo y estimula la ra\u00edz.<\/p>\n\t\t\t<\/div>\n\t\t\n\t\t\t\t\t<div class=\"main-hero__media\">\n\t\t\t\t<img decoding=\"async\" width=\"670\" height=\"540\" src=\"https:\/\/elithair.com\/es\/wp-content\/uploads\/sites\/5\/2026\/04\/paciente-feliz-con-una-cabellera-abundante.webp\" class=\"hero-image\" alt=\"Paciente feliz despu\u00e9s del tratamiento con PRP\" loading=\"eager\" fetchpriority=\"high\" sizes=\"(max-width: 767px) 40vw, (max-width: 1023px) 23vw, 25vw\" srcset=\"https:\/\/elithair.com\/es\/wp-content\/uploads\/sites\/5\/2026\/04\/paciente-feliz-con-una-cabellera-abundante.webp 670w, https:\/\/elithair.com\/es\/wp-content\/uploads\/sites\/5\/2026\/04\/paciente-feliz-con-una-cabellera-abundante-300x242.webp 300w\" \/>\t\t\t<\/div>\n\t\t\t\t\t\t\t<div class=\"main-hero__btn-list btn-list\">\n\t\t\t\t\t\t\t\t<div class=\"btn-item\">\n\t\t\t\t\t<a\n\t\t\t\t\t\thref=\"https:\/\/elithair.com\/es\/analisis-capilar\/\"\t\t\t\t\t\tclass=\"btn\"\n\t\t\t\t\t>\n\t\t\t\t\t\tIniciar an\u00e1lisis capilar \t\t\t\t\t<\/a>\n\t\t\t\t<\/div>\n\t\t\t\t\t\t\t\t\t\t\t<\/div>\n\t\t\t<\/div>\n\t\t\n\t<\/section>\n\n\n<section class=\"wp-block-elh-content-media content-media layout-simple styled-ul ul-default ul-default-box bg-grey\">\n\t<div class=\"content-media__container container\">\n\t\t\t\t\t<header class=\"content-media__header\">\n\t\t\t\t\t\t\t\t\t<h2>\t\t\t\t\t\t\u00bfEn qu\u00e9 consiste el tratamiento PRP?\t\t\t\t\t<\/h2>\t\t\t\t\t\t\t\t\t\t\t<\/header>\n\t\t\n\t\t\t\t\t<div class=\"content-media__media hide-shadow\">\n\t\t\t\t<figure class=\"fig-deep-blue-bg full-width-figure\"><img decoding=\"async\" width=\"1\" height=\"1\" src=\"https:\/\/elithair.com\/es\/wp-content\/uploads\/sites\/5\/2026\/04\/grafico-tratamiento-prp-elithair.svg\" class=\"attachment-large size-large\" alt=\"Infograf\u00eda con el tratamiento PRP de Elithair.\" loading=\"lazy\" \/><\/figure>\t\t\t<\/div>\n\t\t\t\t\t\t<div class=\"content-media__content\">\n\t\t\t<p>El plasma rico en plaquetas utiliza componentes naturales presentes en el organismo que ayudan a mejorar el resultado de un injerto capilar. Este tratamiento no es exclusivo de la cirug\u00eda capilar sino que se emplea tambi\u00e9n para activar la regeneraci\u00f3n celular y frenar los primeros signos de envejecimiento.<\/p>\n<p>El PRP capilar extrae sangre del paciente y la centrifuga con el objetivo de separar el plasma para concentrar la mayor cantidad posible de plaquetas. Estas contienen una importante cantidad de factores de crecimiento, que cumplen la funci\u00f3n de regenerar y reparar tejidos.<\/p>\n<p>Una vez centrifugado, el plasma se administra en la zona con baja densidad capilar mediante microinyecciones para estimular el crecimiento del pelo. Al ser un material biol\u00f3gico aut\u00f3logo, no existe riesgo de rechazo por el organismo.<\/p>\n\t\t<\/div>\n\t\t\n\t\t\n\t\t\t<\/div>\n<\/section>\n\n\n<section class=\"wp-block-elh-content-media content-media layout-simple right-media styled-ul custom-icon ul-default-box bg-secondary dark-layout\" style=\"--custom-icon: url(&#039;https:\/\/elithair.com\/es\/wp-content\/uploads\/sites\/5\/2026\/04\/blue-check.svg&#039;)\">\n\t<div class=\"content-media__container container\">\n\t\t\t\t\t<header class=\"content-media__header\">\n\t\t\t\t\t\t\t\t\t<h2>\t\t\t\t\t\tVentajas del tratamiento PRP\t\t\t\t\t<\/h2>\t\t\t\t\t\t\t\t\t\t\t<\/header>\n\t\t\n\t\t\t\t\t<div class=\"content-media__media hide-shadow\">\n\t\t\t\t<figure><img decoding=\"async\" width=\"600\" height=\"524\" src=\"https:\/\/elithair.com\/es\/wp-content\/uploads\/sites\/5\/2026\/04\/ventajas-del-tratamiento-PRP-2.webp\" class=\"attachment-large size-large\" alt=\"Un paciente recibe la inyecci\u00f3n de Plasma Rico en Plaquetas o tratamiento PRP en la cl\u00ednica Elithair\" loading=\"lazy\" srcset=\"https:\/\/elithair.com\/es\/wp-content\/uploads\/sites\/5\/2026\/04\/ventajas-del-tratamiento-PRP-2.webp 600w, https:\/\/elithair.com\/es\/wp-content\/uploads\/sites\/5\/2026\/04\/ventajas-del-tratamiento-PRP-2-300x262.webp 300w\" sizes=\"auto, (max-width: 600px) 100vw, 600px\" \/><\/figure>\t\t\t<\/div>\n\t\t\t\t\t\t<div class=\"content-media__content\">\n\t\t\t<p>Durante la intervenci\u00f3n capilar, es necesario mantener la viabilidad de las unidades foliculares desde que son extra\u00eddas de la zona donante hasta que se implanten en la zona receptora. El tratamiento PRP tiene un efecto positivo sobre la viabilidad de los injertos trasplantados, acelerando la curaci\u00f3n de las heridas y estimulando su crecimiento tras el injerto capilar.<\/p>\n<p>El plasma rico en plaquetas cuenta con numerosas ventajas para el pelo:<\/p>\n<ul>\n<li>Estimulaci\u00f3n celular de los fol\u00edculos y aumento de su supervivencia<\/li>\n<li>Fortalece el cabello existente y ralentiza la ca\u00edda<\/li>\n<li>No tiene efectos secundarios ni presenta riesgos para el paciente<\/li>\n<li>El paciente puede retomar su rutina de forma inmediata<\/li>\n<\/ul>\n<p>El plasma rico en plaquetas puede utilizarse como tratamiento en personas con alopecia androgen\u00e9tica o con muy baja densidad capilar. Est\u00e1 especialmente\u00a0<a href=\"https:\/\/elithair.es\/injerto-capilar-para-mujeres\/\">recomendado para mujeres<\/a>\u00a0que presentan un patr\u00f3n de ca\u00edda de tipo masculino.<\/p>\n\t\t<\/div>\n\t\t\n\t\t\n\t\t\t<\/div>\n<\/section>\n\n\n<section class=\"wp-block-elh-content-media content-media layout-simple styled-ul ul-default ul-default-box bg-grey\">\n\t<div class=\"content-media__container container\">\n\t\t\t\t\t<header class=\"content-media__header\">\n\t\t\t\t\t\t\t\t\t<h2>\t\t\t\t\t\tPRP como complemento perfecto a tu injerto capilar\t\t\t\t\t<\/h2>\t\t\t\t\t\t\t\t\t\t\t<\/header>\n\t\t\n\t\t\t\t\t<div class=\"content-media__media hide-shadow\">\n\t\t\t\t<figure><img decoding=\"async\" width=\"925\" height=\"617\" src=\"https:\/\/elithair.com\/es\/wp-content\/uploads\/sites\/5\/2026\/04\/prp-2.webp\" class=\"attachment-large size-large\" alt=\"Un paciente durante la inyecci\u00f3n de Plasma Rico en Plaquetas o tratamiento PRP en Elithair\" loading=\"lazy\" srcset=\"https:\/\/elithair.com\/es\/wp-content\/uploads\/sites\/5\/2026\/04\/prp-2.webp 925w, https:\/\/elithair.com\/es\/wp-content\/uploads\/sites\/5\/2026\/04\/prp-2-300x200.webp 300w, https:\/\/elithair.com\/es\/wp-content\/uploads\/sites\/5\/2026\/04\/prp-2-768x512.webp 768w\" sizes=\"auto, (max-width: 925px) 100vw, 925px\" \/><\/figure>\t\t\t<\/div>\n\t\t\t\t\t\t<div class=\"content-media__content\">\n\t\t\t<p>En Elithair recomendamos el uso del tratamiento PRP despu\u00e9s del injerto capilar, a fin de maximizar los recursos del propio organismo para conseguir mejores resultados a largo plazo. De hecho, incluimos una sesi\u00f3n gratuita de PRP en el\u00a0<a href=\"https:\/\/elithair.es\/trasplante-capilar-precio\/\">precio de tu injerto capilar<\/a>\u00a0en Turqu\u00eda.<\/p>\n<p>Las plaquetas, y m\u00e1s en concreto sus factores de crecimiento, ayudan a reducir dr\u00e1sticamente la ca\u00edda del pelo, al mismo tiempo que aumentan la calidad y fuerza del cabello reci\u00e9n implantado.<\/p>\n<p>La renovaci\u00f3n de los tejidos de la ra\u00edz tambi\u00e9n incrementa exponencialmente, acelerando el proceso de cicatrizaci\u00f3n de las heridas y el postoperatorio del tratamiento.<\/p>\n\t\t<\/div>\n\t\t\n\t\t\n\t\t\t\t\t<div class=\"content-media__btn-list btn-list\">\n\t\t\t\t<div class=\"btn-item\">\n\t\t\t\t\t<a\n\t\t\t\t\t\tclass=\"btn\"\n\t\t\t\t\t\thref=\"https:\/\/elithair.com\/es\/analisis-capilar\/\"\t\t\t\t\t>Iniciar an\u00e1lisis capilar<\/a>\n\t\t\t\t<\/div>\n\t\t\t<\/div>\n\t\t\t<\/div>\n<\/section>\n\n\n<section class=\"wp-block-elh-content-media content-media layout-simple right-media styled-ul custom-icon ul-default-box bg-secondary dark-layout\" style=\"--custom-icon: url(&#039;https:\/\/elithair.com\/es\/wp-content\/uploads\/sites\/5\/2026\/04\/blue-check.svg&#039;)\">\n\t<div class=\"content-media__container container\">\n\t\t\t\t\t<header class=\"content-media__header\">\n\t\t\t\t\t\t\t\t\t<h2>\t\t\t\t\t\tQu\u00e9 hacer antes y despu\u00e9s del PRP capilar\t\t\t\t\t<\/h2>\t\t\t\t\t\t\t\t\t\t\t<\/header>\n\t\t\n\t\t\t\t\t<div class=\"content-media__media hide-shadow\">\n\t\t\t\t<figure><img decoding=\"async\" width=\"549\" height=\"774\" src=\"https:\/\/elithair.com\/es\/wp-content\/uploads\/sites\/5\/2026\/04\/prp-therapie.webp\" class=\"attachment-large size-large\" alt=\"alt=&quot;Un m\u00e9dico especialista inyectando Plasma Rico en Plaquetas o tratamiento PRP en la cl\u00ednica Elithair&quot;\" loading=\"lazy\" srcset=\"https:\/\/elithair.com\/es\/wp-content\/uploads\/sites\/5\/2026\/04\/prp-therapie.webp 549w, https:\/\/elithair.com\/es\/wp-content\/uploads\/sites\/5\/2026\/04\/prp-therapie-213x300.webp 213w\" sizes=\"auto, (max-width: 549px) 100vw, 549px\" \/><\/figure>\t\t\t<\/div>\n\t\t\t\t\t\t<div class=\"content-media__content\">\n\t\t\t<p>Como con todo procedimiento m\u00e9dico, es importante tener en cuenta algunas consideraciones antes y despu\u00e9s del tratamiento de plasma rico en plaquetas.<\/p>\n<p><strong>Antes del PRP<\/strong><\/p>\n<ul>\n<li>\nNo consumir anticoagulantes o alcohol al menos 3 d\u00edas antes del tratamiento<\/li>\n<li>El d\u00eda anterior al procedimiento evitar la nicotina y la cafe\u00edna<\/li>\n<li>Hay que comer y beber lo suficiente el d\u00eda del tratamiento<\/li>\n<\/ul>\n<p>En caso de presentar una enfermedad autoinmune, tumores o embarazo, informe al especialista inmediatamente.<\/p>\n<p>Despu\u00e9s del PRP<\/p>\n<ul>\n<li>\nNo practicar deportes extremos, nadar o acudir a una sauna durante 2 d\u00edas<\/li>\n<\/ul>\n<p>Para cualquier consulta adicional sobre este tratamiento o sobre el procedimiento de trasplante capilar, ponte en contacto con el equipo de Elithair.<\/p>\n\t\t<\/div>\n\t\t\n\t\t\n\t\t\t<\/div>\n<\/section>\n","protected":false},"excerpt":{"rendered":"","protected":false},"author":1,"featured_media":0,"parent":0,"menu_order":0,"comment_status":"closed","ping_status":"closed","template":"","meta":{"_acf_changed":false,"_yoast_wpseo_focuskw":"","_yoast_wpseo_title":"Todo sobre el tratamiento PRP para el cabello | Elithair","_yoast_wpseo_metadesc":"Descubre todo lo que tienes que saber sobre el tratamiento PRP o plasma rico en plaquetas para estimular el crecimiento del cabello.","_yoast_wpseo_meta-robots-noindex":"","_yoast_wpseo_meta-robots-nofollow":"","_yoast_wpseo_meta-robots-adv":"","_yoast_wpseo_canonical":"https:\/\/elithair.es\/tratamiento-prp\/","_yoast_wpseo_opengraph-title":"Todo sobre el tratamiento PRP para el cabello | Elithair","_yoast_wpseo_opengraph-description":"Descubre todo lo que tienes que saber sobre el tratamiento PRP o plasma rico en plaquetas para estimular el crecimiento del cabello.","_yoast_wpseo_opengraph-image":"https:\/\/elithair.com\/es\/wp-content\/uploads\/sites\/5\/2026\/05\/tratamiento-prp.png","_yoast_wpseo_twitter-title":"","_yoast_wpseo_twitter-description":"","_yoast_wpseo_twitter-image":"https:\/\/elithair.com\/es\/wp-content\/uploads\/sites\/5\/2026\/05\/tratamiento-prp.png","_hm_hreflang_map":{"uk":752,"es":89290,"it":29,"pt":12,"fr":20,"x_default":752},"_hm_language_code":"es","footnotes":""},"class_list":["post-89290","page","type-page","status-publish","hentry"],"acf":[],"yoast_head":"<!-- This site is optimized with the Yoast SEO Premium plugin v27.5 (Yoast SEO v27.5) - https:\/\/yoast.com\/product\/yoast-seo-premium-wordpress\/ -->\n<title>Todo sobre el tratamiento PRP para el cabello | Elithair<\/title>\n<meta name=\"description\" content=\"Descubre todo lo que tienes que saber sobre el tratamiento PRP o plasma rico en plaquetas para estimular el crecimiento del cabello.\" \/>\n<meta name=\"robots\" content=\"index, follow, max-snippet:-1, max-image-preview:large, max-video-preview:-1\" \/>\n<link rel=\"canonical\" href=\"https:\/\/elithair.es\/tratamiento-prp\/\" \/>\n<meta property=\"og:locale\" content=\"es_ES\" \/>\n<meta property=\"og:type\" content=\"article\" \/>\n<meta property=\"og:title\" content=\"Todo sobre el tratamiento PRP para el cabello | Elithair\" \/>\n<meta property=\"og:description\" content=\"Descubre todo lo que tienes que saber sobre el tratamiento PRP o plasma rico en plaquetas para estimular el crecimiento del cabello.\" \/>\n<meta property=\"og:url\" content=\"https:\/\/elithair.es\/tratamiento-prp\/\" \/>\n<meta property=\"og:site_name\" content=\"Elithair\" \/>\n<meta property=\"article:modified_time\" content=\"2026-05-03T11:52:43+00:00\" \/>\n<meta property=\"og:image\" content=\"https:\/\/elithair.com\/es\/wp-content\/uploads\/sites\/5\/2026\/05\/tratamiento-prp.png\" \/>\n<meta name=\"twitter:card\" content=\"summary_large_image\" \/>\n<meta name=\"twitter:title\" content=\"Tratamiento PRP\" \/>\n<meta name=\"twitter:image\" content=\"https:\/\/elithair.com\/es\/wp-content\/uploads\/sites\/5\/2026\/05\/tratamiento-prp.png\" \/>\n<script type=\"application\/ld+json\" class=\"yoast-schema-graph\">{\"@context\":\"https:\\\/\\\/schema.org\",\"@graph\":[{\"@type\":\"WebPage\",\"@id\":\"https:\\\/\\\/elithair.com\\\/es\\\/tratamiento-prp\\\/\",\"url\":\"https:\\\/\\\/elithair.es\\\/tratamiento-prp\\\/\",\"name\":\"Todo sobre el tratamiento PRP para el cabello | Elithair\",\"isPartOf\":{\"@id\":\"https:\\\/\\\/elithair.com\\\/es\\\/#website\"},\"datePublished\":\"2026-04-18T14:10:03+00:00\",\"dateModified\":\"2026-05-03T11:52:43+00:00\",\"description\":\"Descubre todo lo que tienes que saber sobre el tratamiento PRP o plasma rico en plaquetas para estimular el crecimiento del cabello.\",\"breadcrumb\":{\"@id\":\"https:\\\/\\\/elithair.es\\\/tratamiento-prp\\\/#breadcrumb\"},\"inLanguage\":\"es\",\"potentialAction\":[{\"@type\":\"ReadAction\",\"target\":[\"https:\\\/\\\/elithair.es\\\/tratamiento-prp\\\/\"]}]},{\"@type\":\"BreadcrumbList\",\"@id\":\"https:\\\/\\\/elithair.es\\\/tratamiento-prp\\\/#breadcrumb\",\"itemListElement\":[{\"@type\":\"ListItem\",\"position\":1,\"name\":\"Home\",\"item\":\"https:\\\/\\\/elithair.com\\\/es\\\/\"},{\"@type\":\"ListItem\",\"position\":2,\"name\":\"Tratamiento PRP\"}]},{\"@type\":\"WebSite\",\"@id\":\"https:\\\/\\\/elithair.com\\\/es\\\/#website\",\"url\":\"https:\\\/\\\/elithair.com\\\/es\\\/\",\"name\":\"Elithair\",\"description\":\"La mayor cl\u00ednica de Injerto Capilar en Turqu\u00eda\",\"alternateName\":\"la mejor cl\u00ednica de trasplante capilar en Turqu\u00eda\",\"potentialAction\":[{\"@type\":\"SearchAction\",\"target\":{\"@type\":\"EntryPoint\",\"urlTemplate\":\"https:\\\/\\\/elithair.com\\\/es\\\/?s={search_term_string}\"},\"query-input\":{\"@type\":\"PropertyValueSpecification\",\"valueRequired\":true,\"valueName\":\"search_term_string\"}}],\"inLanguage\":\"es\"}]}<\/script>\n<!-- \/ Yoast SEO Premium plugin. -->","yoast_head_json":{"title":"Todo sobre el tratamiento PRP para el cabello | Elithair","description":"Descubre todo lo que tienes que saber sobre el tratamiento PRP o plasma rico en plaquetas para estimular el crecimiento del cabello.","robots":{"index":"index","follow":"follow","max-snippet":"max-snippet:-1","max-image-preview":"max-image-preview:large","max-video-preview":"max-video-preview:-1"},"canonical":"https:\/\/elithair.es\/tratamiento-prp\/","og_locale":"es_ES","og_type":"article","og_title":"Todo sobre el tratamiento PRP para el cabello | Elithair","og_description":"Descubre todo lo que tienes que saber sobre el tratamiento PRP o plasma rico en plaquetas para estimular el crecimiento del cabello.","og_url":"https:\/\/elithair.es\/tratamiento-prp\/","og_site_name":"Elithair","article_modified_time":"2026-05-03T11:52:43+00:00","og_image":[{"url":"https:\/\/elithair.com\/es\/wp-content\/uploads\/sites\/5\/2026\/05\/tratamiento-prp.png","type":"","width":"","height":""}],"twitter_card":"summary_large_image","twitter_title":"Tratamiento PRP","twitter_image":"https:\/\/elithair.com\/es\/wp-content\/uploads\/sites\/5\/2026\/05\/tratamiento-prp.png","schema":{"@context":"https:\/\/schema.org","@graph":[{"@type":"WebPage","@id":"https:\/\/elithair.com\/es\/tratamiento-prp\/","url":"https:\/\/elithair.es\/tratamiento-prp\/","name":"Todo sobre el tratamiento PRP para el cabello | Elithair","isPartOf":{"@id":"https:\/\/elithair.com\/es\/#website"},"datePublished":"2026-04-18T14:10:03+00:00","dateModified":"2026-05-03T11:52:43+00:00","description":"Descubre todo lo que tienes que saber sobre el tratamiento PRP o plasma rico en plaquetas para estimular el crecimiento del cabello.","breadcrumb":{"@id":"https:\/\/elithair.es\/tratamiento-prp\/#breadcrumb"},"inLanguage":"es","potentialAction":[{"@type":"ReadAction","target":["https:\/\/elithair.es\/tratamiento-prp\/"]}]},{"@type":"BreadcrumbList","@id":"https:\/\/elithair.es\/tratamiento-prp\/#breadcrumb","itemListElement":[{"@type":"ListItem","position":1,"name":"Home","item":"https:\/\/elithair.com\/es\/"},{"@type":"ListItem","position":2,"name":"Tratamiento PRP"}]},{"@type":"WebSite","@id":"https:\/\/elithair.com\/es\/#website","url":"https:\/\/elithair.com\/es\/","name":"Elithair","description":"La mayor cl\u00ednica de Injerto Capilar en Turqu\u00eda","alternateName":"la mejor cl\u00ednica de trasplante capilar en Turqu\u00eda","potentialAction":[{"@type":"SearchAction","target":{"@type":"EntryPoint","urlTemplate":"https:\/\/elithair.com\/es\/?s={search_term_string}"},"query-input":{"@type":"PropertyValueSpecification","valueRequired":true,"valueName":"search_term_string"}}],"inLanguage":"es"}]}},"jetpack_sharing_enabled":true,"_links":{"self":[{"href":"https:\/\/elithair.com\/es\/wp-json\/wp\/v2\/pages\/89290","targetHints":{"allow":["GET"]}}],"collection":[{"href":"https:\/\/elithair.com\/es\/wp-json\/wp\/v2\/pages"}],"about":[{"href":"https:\/\/elithair.com\/es\/wp-json\/wp\/v2\/types\/page"}],"author":[{"embeddable":true,"href":"https:\/\/elithair.com\/es\/wp-json\/wp\/v2\/users\/1"}],"replies":[{"embeddable":true,"href":"https:\/\/elithair.com\/es\/wp-json\/wp\/v2\/comments?post=89290"}],"version-history":[{"count":10,"href":"https:\/\/elithair.com\/es\/wp-json\/wp\/v2\/pages\/89290\/revisions"}],"predecessor-version":[{"id":91058,"href":"https:\/\/elithair.com\/es\/wp-json\/wp\/v2\/pages\/89290\/revisions\/91058"}],"wp:attachment":[{"href":"https:\/\/elithair.com\/es\/wp-json\/wp\/v2\/media?parent=89290"}],"curies":[{"name":"wp","href":"https:\/\/api.w.org\/{rel}","templated":true}]}}