{"id":89280,"date":"2026-04-18T14:09:57","date_gmt":"2026-04-18T14:09:57","guid":{"rendered":"https:\/\/unified.elitexperiments.com\/es\/antes-despues\/"},"modified":"2026-05-03T13:53:37","modified_gmt":"2026-05-03T11:53:37","slug":"antes-despues","status":"publish","type":"page","link":"https:\/\/elithair.com\/es\/antes-despues\/","title":{"rendered":"Antes y Despu\u00e9s"},"content":{"rendered":"","protected":false},"excerpt":{"rendered":"","protected":false},"author":1,"featured_media":0,"parent":0,"menu_order":0,"comment_status":"closed","ping_status":"closed","template":"template-archive-patienten.php","meta":{"_acf_changed":false,"_yoast_wpseo_focuskw":"","_yoast_wpseo_title":"Antes y despu\u00e9s de un injerto capilar en Turqu\u00eda | Elithair","_yoast_wpseo_metadesc":"Descubre las im\u00e1genes reales de nuestros pacientes antes y despu\u00e9s de someterse a un injerto capilar en Turqu\u00eda.","_yoast_wpseo_meta-robots-noindex":"","_yoast_wpseo_meta-robots-nofollow":"","_yoast_wpseo_meta-robots-adv":"","_yoast_wpseo_canonical":"https:\/\/elithair.es\/antes-despues\/","_yoast_wpseo_opengraph-title":"Antes y despu\u00e9s de un injerto capilar en Turqu\u00eda | Elithair","_yoast_wpseo_opengraph-description":"Descubre las im\u00e1genes reales de nuestros pacientes antes y despu\u00e9s de someterse a un injerto capilar en Turqu\u00eda.","_yoast_wpseo_opengraph-image":"https:\/\/elithair.com\/es\/wp-content\/uploads\/sites\/5\/2026\/05\/antes-despues.png","_yoast_wpseo_twitter-title":"","_yoast_wpseo_twitter-description":"","_yoast_wpseo_twitter-image":"https:\/\/elithair.com\/es\/wp-content\/uploads\/sites\/5\/2026\/05\/antes-despues.png","_hm_hreflang_map":{"en":95045,"de":35,"uk":740,"es":89280,"it":7,"pt":19,"fr":15,"x_default":95045},"_hm_language_code":"es","footnotes":""},"class_list":["post-89280","page","type-page","status-publish","hentry"],"acf":[],"yoast_head":"<!-- This site is optimized with the Yoast SEO Premium plugin v27.5 (Yoast SEO v27.5) - https:\/\/yoast.com\/product\/yoast-seo-premium-wordpress\/ -->\n<title>Antes y despu\u00e9s de un injerto capilar en Turqu\u00eda | Elithair<\/title>\n<meta name=\"description\" content=\"Descubre las im\u00e1genes reales de nuestros pacientes antes y despu\u00e9s de someterse a un injerto capilar en Turqu\u00eda.\" \/>\n<meta name=\"robots\" content=\"index, follow, max-snippet:-1, max-image-preview:large, max-video-preview:-1\" \/>\n<link rel=\"canonical\" href=\"https:\/\/elithair.es\/antes-despues\/\" \/>\n<meta property=\"og:locale\" content=\"es_ES\" \/>\n<meta property=\"og:type\" content=\"article\" \/>\n<meta property=\"og:title\" content=\"Antes y despu\u00e9s de un injerto capilar en Turqu\u00eda | Elithair\" \/>\n<meta property=\"og:description\" content=\"Descubre las im\u00e1genes reales de nuestros pacientes antes y despu\u00e9s de someterse a un injerto capilar en Turqu\u00eda.\" \/>\n<meta property=\"og:url\" content=\"https:\/\/elithair.es\/antes-despues\/\" \/>\n<meta property=\"og:site_name\" content=\"Elithair\" \/>\n<meta property=\"article:modified_time\" content=\"2026-05-03T11:53:37+00:00\" \/>\n<meta property=\"og:image\" content=\"https:\/\/elithair.com\/es\/wp-content\/uploads\/sites\/5\/2026\/05\/antes-despues.png\" \/>\n<meta name=\"twitter:card\" content=\"summary_large_image\" \/>\n<meta name=\"twitter:title\" content=\"Antes y Despu\u00e9s\" \/>\n<meta name=\"twitter:image\" content=\"https:\/\/elithair.com\/es\/wp-content\/uploads\/sites\/5\/2026\/05\/antes-despues.png\" \/>\n<script type=\"application\/ld+json\" class=\"yoast-schema-graph\">{\"@context\":\"https:\\\/\\\/schema.org\",\"@graph\":[{\"@type\":\"WebPage\",\"@id\":\"https:\\\/\\\/elithair.com\\\/es\\\/antes-despues\\\/\",\"url\":\"https:\\\/\\\/elithair.es\\\/antes-despues\\\/\",\"name\":\"Antes y despu\u00e9s de un injerto capilar en Turqu\u00eda | Elithair\",\"isPartOf\":{\"@id\":\"https:\\\/\\\/elithair.com\\\/es\\\/#website\"},\"datePublished\":\"2026-04-18T14:09:57+00:00\",\"dateModified\":\"2026-05-03T11:53:37+00:00\",\"description\":\"Descubre las im\u00e1genes reales de nuestros pacientes antes y despu\u00e9s de someterse a un injerto capilar en Turqu\u00eda.\",\"breadcrumb\":{\"@id\":\"https:\\\/\\\/elithair.es\\\/antes-despues\\\/#breadcrumb\"},\"inLanguage\":\"es\",\"potentialAction\":[{\"@type\":\"ReadAction\",\"target\":[\"https:\\\/\\\/elithair.es\\\/antes-despues\\\/\"]}]},{\"@type\":\"BreadcrumbList\",\"@id\":\"https:\\\/\\\/elithair.es\\\/antes-despues\\\/#breadcrumb\",\"itemListElement\":[{\"@type\":\"ListItem\",\"position\":1,\"name\":\"Home\",\"item\":\"https:\\\/\\\/elithair.com\\\/es\\\/\"},{\"@type\":\"ListItem\",\"position\":2,\"name\":\"Antes y Despu\u00e9s\"}]},{\"@type\":\"WebSite\",\"@id\":\"https:\\\/\\\/elithair.com\\\/es\\\/#website\",\"url\":\"https:\\\/\\\/elithair.com\\\/es\\\/\",\"name\":\"Elithair\",\"description\":\"La mayor cl\u00ednica de Injerto Capilar en Turqu\u00eda\",\"alternateName\":\"la mejor cl\u00ednica de trasplante capilar en Turqu\u00eda\",\"potentialAction\":[{\"@type\":\"SearchAction\",\"target\":{\"@type\":\"EntryPoint\",\"urlTemplate\":\"https:\\\/\\\/elithair.com\\\/es\\\/?s={search_term_string}\"},\"query-input\":{\"@type\":\"PropertyValueSpecification\",\"valueRequired\":true,\"valueName\":\"search_term_string\"}}],\"inLanguage\":\"es\"}]}<\/script>\n<!-- \/ Yoast SEO Premium plugin. -->","yoast_head_json":{"title":"Antes y despu\u00e9s de un injerto capilar en Turqu\u00eda | Elithair","description":"Descubre las im\u00e1genes reales de nuestros pacientes antes y despu\u00e9s de someterse a un injerto capilar en Turqu\u00eda.","robots":{"index":"index","follow":"follow","max-snippet":"max-snippet:-1","max-image-preview":"max-image-preview:large","max-video-preview":"max-video-preview:-1"},"canonical":"https:\/\/elithair.es\/antes-despues\/","og_locale":"es_ES","og_type":"article","og_title":"Antes y despu\u00e9s de un injerto capilar en Turqu\u00eda | Elithair","og_description":"Descubre las im\u00e1genes reales de nuestros pacientes antes y despu\u00e9s de someterse a un injerto capilar en Turqu\u00eda.","og_url":"https:\/\/elithair.es\/antes-despues\/","og_site_name":"Elithair","article_modified_time":"2026-05-03T11:53:37+00:00","og_image":[{"url":"https:\/\/elithair.com\/es\/wp-content\/uploads\/sites\/5\/2026\/05\/antes-despues.png","type":"","width":"","height":""}],"twitter_card":"summary_large_image","twitter_title":"Antes y Despu\u00e9s","twitter_image":"https:\/\/elithair.com\/es\/wp-content\/uploads\/sites\/5\/2026\/05\/antes-despues.png","schema":{"@context":"https:\/\/schema.org","@graph":[{"@type":"WebPage","@id":"https:\/\/elithair.com\/es\/antes-despues\/","url":"https:\/\/elithair.es\/antes-despues\/","name":"Antes y despu\u00e9s de un injerto capilar en Turqu\u00eda | Elithair","isPartOf":{"@id":"https:\/\/elithair.com\/es\/#website"},"datePublished":"2026-04-18T14:09:57+00:00","dateModified":"2026-05-03T11:53:37+00:00","description":"Descubre las im\u00e1genes reales de nuestros pacientes antes y despu\u00e9s de someterse a un injerto capilar en Turqu\u00eda.","breadcrumb":{"@id":"https:\/\/elithair.es\/antes-despues\/#breadcrumb"},"inLanguage":"es","potentialAction":[{"@type":"ReadAction","target":["https:\/\/elithair.es\/antes-despues\/"]}]},{"@type":"BreadcrumbList","@id":"https:\/\/elithair.es\/antes-despues\/#breadcrumb","itemListElement":[{"@type":"ListItem","position":1,"name":"Home","item":"https:\/\/elithair.com\/es\/"},{"@type":"ListItem","position":2,"name":"Antes y Despu\u00e9s"}]},{"@type":"WebSite","@id":"https:\/\/elithair.com\/es\/#website","url":"https:\/\/elithair.com\/es\/","name":"Elithair","description":"La mayor cl\u00ednica de Injerto Capilar en Turqu\u00eda","alternateName":"la mejor cl\u00ednica de trasplante capilar en Turqu\u00eda","potentialAction":[{"@type":"SearchAction","target":{"@type":"EntryPoint","urlTemplate":"https:\/\/elithair.com\/es\/?s={search_term_string}"},"query-input":{"@type":"PropertyValueSpecification","valueRequired":true,"valueName":"search_term_string"}}],"inLanguage":"es"}]}},"jetpack_sharing_enabled":true,"_links":{"self":[{"href":"https:\/\/elithair.com\/es\/wp-json\/wp\/v2\/pages\/89280","targetHints":{"allow":["GET"]}}],"collection":[{"href":"https:\/\/elithair.com\/es\/wp-json\/wp\/v2\/pages"}],"about":[{"href":"https:\/\/elithair.com\/es\/wp-json\/wp\/v2\/types\/page"}],"author":[{"embeddable":true,"href":"https:\/\/elithair.com\/es\/wp-json\/wp\/v2\/users\/1"}],"replies":[{"embeddable":true,"href":"https:\/\/elithair.com\/es\/wp-json\/wp\/v2\/comments?post=89280"}],"version-history":[{"count":3,"href":"https:\/\/elithair.com\/es\/wp-json\/wp\/v2\/pages\/89280\/revisions"}],"predecessor-version":[{"id":91038,"href":"https:\/\/elithair.com\/es\/wp-json\/wp\/v2\/pages\/89280\/revisions\/91038"}],"wp:attachment":[{"href":"https:\/\/elithair.com\/es\/wp-json\/wp\/v2\/media?parent=89280"}],"curies":[{"name":"wp","href":"https:\/\/api.w.org\/{rel}","templated":true}]}}