{"id":89252,"date":"2026-04-18T14:09:48","date_gmt":"2026-04-18T14:09:48","guid":{"rendered":"https:\/\/unified.elitexperiments.com\/es\/prensa\/"},"modified":"2026-04-30T15:26:23","modified_gmt":"2026-04-30T13:26:23","slug":"prensa","status":"publish","type":"page","link":"https:\/\/elithair.com\/es\/prensa\/","title":{"rendered":"Art\u00edculos y publicaciones"},"content":{"rendered":"<section class=\"wp-block-elh-main-hero main-hero dark-layout has-top-right-circle\">\n\t<div class=\"main-hero__container container\">\n\t\t\t\t\t<header class=\"main-hero__header\">\t\t\t\t\n\t\t\t\t<h1>\t\t\t\t\tArt\u00edculos y publicaciones\t\t\t\t<\/h1>\t\t\t<\/header>\n\t\t\n\t\t\t\t\t<div class=\"main-hero__content\">\n\t\t\t\t<p>El extraordinario trabajo realizado a lo largo de los a\u00f1os por el Dr. Balwi y su equipo ha recibido la atenci\u00f3n de diversos medios internacionales. Elithair recibe con mucho gusto a todos los medios de comunicaci\u00f3n reconocidos a nivel mundial. Aqu\u00ed te presentamos algunos de los medios que han publicado art\u00edculos y reportajes sobre nosotros en Espa\u00f1a:<\/p>\n\t\t\t<\/div>\n\t\t\n\t\t\t\t\t<div class=\"main-hero__media\">\n\t\t\t\t<img decoding=\"async\" width=\"950\" height=\"749\" src=\"https:\/\/elithair.com\/es\/wp-content\/uploads\/sites\/5\/2026\/04\/especialista-en-trasplante-capilar-dr-balwi.webp\" class=\"hero-image\" alt=\"Especialista en trasplante capilar, Dr. Balwi\" loading=\"eager\" fetchpriority=\"high\" sizes=\"(max-width: 767px) 40vw, (max-width: 1023px) 23vw, 25vw\" srcset=\"https:\/\/elithair.com\/es\/wp-content\/uploads\/sites\/5\/2026\/04\/especialista-en-trasplante-capilar-dr-balwi.webp 950w, https:\/\/elithair.com\/es\/wp-content\/uploads\/sites\/5\/2026\/04\/especialista-en-trasplante-capilar-dr-balwi-300x237.webp 300w, https:\/\/elithair.com\/es\/wp-content\/uploads\/sites\/5\/2026\/04\/especialista-en-trasplante-capilar-dr-balwi-768x606.webp 768w\" \/>\t\t\t<\/div>\n\t\t\t\t\t\t\t<div class=\"main-hero__btn-list btn-list\">\n\t\t\t\t\t\t\t\t<div class=\"btn-item\">\n\t\t\t\t\t<a\n\t\t\t\t\t\thref=\"https:\/\/elithair.com\/es\/analisis-capilar\/\"\t\t\t\t\t\tclass=\"btn\"\n\t\t\t\t\t>\n\t\t\t\t\t\t Haaranalyse starten\t\t\t\t\t<\/a>\n\t\t\t\t<\/div>\n\t\t\t\t\t\t\t\t\t\t\t<\/div>\n\t\t\t<\/div>\n\t\t\n\t<\/section>\n\n\n<section class=\"wp-block-elh-content-media content-media layout-simple top-title-layout one-column styled-ul ul-default ul-default-box bg-grey\">\n\t<div class=\"content-media__container container\">\n\t\t\t\t\t<header class=\"content-media__header has-mw\" style=\"--MW:700px\">\n\t\t\t\t\t\t\t\t\t<h2>\t\t\t\t\t\tEmisiones en televisi\u00f3n\t\t\t\t\t<\/h2>\t\t\t\t\t\t\t\t\t\t\t<\/header>\n\t\t\n\t\t\t\t\t\t<div class=\"content-media__content has-mw\" style=\"--MW:700px\">\n\t\t\t<p><a href=\"https:\/\/www.antena3.com\/noticias\/mundo\/miles-de-extranjeros-viajan-cada-ano-a-turquia-para-acabar-con-su-calvicie_2017102259ed15b30cf28f8922ee78fb.html?fbclid=IwAR3becbatTMgdm-Fh5pacrzI-9l85A7zouG_OMmDKZOcqo8NBYorTFESNKk\" target=\"_blank\" rel=\"noopener\"><img loading=\"lazy\" decoding=\"async\" class=\"alignnone\" style=\"display: inline-block; margin-bottom: 2rem;\" src=\"https:\/\/elithair.com\/es\/wp-content\/uploads\/sites\/5\/2026\/04\/antena-3.webp\" width=\"1067\" height=\"596\" alt=\"arena\" \/><\/a><\/p>\n\t\t<\/div>\n\t\t\n\t\t\n\t\t\t\t\t<div class=\"content-media__btn-list btn-list align-center\">\n\t\t\t\t<div class=\"btn-item\">\n\t\t\t\t\t<a\n\t\t\t\t\t\tclass=\"btn\"\n\t\t\t\t\t\thref=\"https:\/\/www.antena3.com\/noticias\/mundo\/miles-de-extranjeros-viajan-cada-ano-a-turquia-para-acabar-con-su-calvicie_2017102259ed15b30cf28f8922ee78fb.html?fbclid=IwAR3becbatTMgdm-Fh5pacrzI-9l85A7zouG_OMmDKZOcqo8NBYorTFESNKk\" target=\"_blank\" rel=\"noopener noreferrer\"\t\t\t\t\t>Antena 3<\/a>\n\t\t\t\t<\/div>\n\t\t\t<\/div>\n\t\t\t<\/div>\n<\/section>\n\n\n<section class=\"wp-block-elh-cards-list cards-list layout-02 three-columns bg-radial-dark dark-layout\">\n\t<div class=\"cards-list__container container is-flex flex-column gap-default\">\n\t\t\t\t\t<header class=\"cards-list__header text-center\">\n\t\t\t\t<h2>\t\t\t\t\tArt\u00edculos en prensa\t\t\t\t<\/h2>\t\t\t<\/header>\n\t\t\n\t\t\n\t\t\t\t\t<div class=\"cards-list__cards\">\n\t\t\t\t\t\t\t\t\t<div class=\"cards-list__card\">\n\t\t\t\t\t\t\t\t\t\t\t\t\t<header class=\"cards-list__card-header\">\n\t\t\t\t\t\t\t\t<h3>El Pa\u00eds<\/h3>\n\t\t\t\t\t\t\t\t\t\t\t\t\t\t\t\t\n\t\t\t\t\t\t\t<\/header>\n\t\t\t\t\t\t\t\t\t\t\t\t<div class=\"cards-list__card-content is-flex flex-column\">\n\t\t\t\t\t\t\t\t\t\t\t\t\t\t\t<div class=\"cards-list__card-content-inner\">\n\t\t\t\t\t\t\t\t\t<p>\u00ab\u2026Turqu\u00eda se ha convertido en la meca del turismo sanitario. Pioneros en trasplantes capilares, sus injertos de pelo empiezan a ser tan conocidos como sus ba\u00f1os termales. El secreto de los expertos capilares turcos\u2026\u00bb<\/p>\n\t\t\t\t\t\t\t\t<\/div>\n\t\t\t\t\t\t\t\t\t\t\t\t\t\t\t\t\t\t\t\t\t\t<div class=\"cards-list__btn-list btn-list\">\n\t\t\t\t\t\t\t\t\t<div class=\"btn-item\">\n\t\t\t\t\t\t\t\t\t\t<a\n\t\t\t\t\t\t\t\t\t\t\tclass=\"btn\"\n\t\t\t\t\t\t\t\t\t\t\thref=\"https:\/\/elpais.com\/elpais\/2019\/02\/25\/icon\/1551113566_117890.html\" target=\"_blank\" rel=\"noopener noreferrer\"\t\t\t\t\t\t\t\t\t\t>\n\t\t\t\t\t\t\t\t\t\t\tSeguir leyendo\t\t\t\t\t\t\t\t\t\t<\/a>\n\t\t\t\t\t\t\t\t\t<\/div>\n\t\t\t\t\t\t\t\t<\/div>\n\t\t\t\t\t\t\t\t\t\t\t\t\t<\/div>\n\t\t\t\t\t<\/div>\n\t\t\t\t\t\t\t\t\t\t<div class=\"cards-list__card\">\n\t\t\t\t\t\t\t\t\t\t\t\t\t<header class=\"cards-list__card-header\">\n\t\t\t\t\t\t\t\t<h3>La Vanguardia<\/h3>\n\t\t\t\t\t\t\t\t\t\t\t\t\t\t\t\t\n\t\t\t\t\t\t\t<\/header>\n\t\t\t\t\t\t\t\t\t\t\t\t<div class=\"cards-list__card-content is-flex flex-column\">\n\t\t\t\t\t\t\t\t\t\t\t\t\t\t\t<div class=\"cards-list__card-content-inner\">\n\t\t\t\t\t\t\t\t\t<p>\u00ab\u2026Gracias a la t\u00e9cnica percut\u00e1nea, podemos controlar en qu\u00e9 direcci\u00f3n los fol\u00edculos implantados crecen. Por eso, una apariencia m\u00e1s natural y casi sin cicatrices est\u00e1 garantizada. Otra ventaja de la t\u00e9cnica FUE es\u2026\u00bb<\/p>\n\t\t\t\t\t\t\t\t<\/div>\n\t\t\t\t\t\t\t\t\t\t\t\t\t\t\t\t\t\t\t\t\t\t<div class=\"cards-list__btn-list btn-list\">\n\t\t\t\t\t\t\t\t\t<div class=\"btn-item\">\n\t\t\t\t\t\t\t\t\t\t<a\n\t\t\t\t\t\t\t\t\t\t\tclass=\"btn\"\n\t\t\t\t\t\t\t\t\t\t\thref=\"https:\/\/www.lavanguardia.com\/monograficos\/belleza-sin-quirofano\/elithairtransplant-le-ofrece-el-trasplante-capilar-de-manos-del\" target=\"_blank\" rel=\"noopener noreferrer\"\t\t\t\t\t\t\t\t\t\t>\n\t\t\t\t\t\t\t\t\t\t\tSeguir leyendo\t\t\t\t\t\t\t\t\t\t<\/a>\n\t\t\t\t\t\t\t\t\t<\/div>\n\t\t\t\t\t\t\t\t<\/div>\n\t\t\t\t\t\t\t\t\t\t\t\t\t<\/div>\n\t\t\t\t\t<\/div>\n\t\t\t\t\t\t\t\t\t\t<div class=\"cards-list__card\">\n\t\t\t\t\t\t\t\t\t\t\t\t\t<header class=\"cards-list__card-header\">\n\t\t\t\t\t\t\t\t<h3>La voz de Galicia<\/h3>\n\t\t\t\t\t\t\t\t\t\t\t\t\t\t\t\t\n\t\t\t\t\t\t\t<\/header>\n\t\t\t\t\t\t\t\t\t\t\t\t<div class=\"cards-list__card-content is-flex flex-column\">\n\t\t\t\t\t\t\t\t\t\t\t\t\t\t\t<div class=\"cards-list__card-content-inner\">\n\t\t\t\t\t\t\t\t\t<p>\u00abDr. Balwi aconsej\u00f3 a Quaresma el tratamiento de micropigmentaci\u00f3n, ya que aunque la idea inicial del jugador era la de hacerse un trasplante capilar, el facultativo le recomend\u00f3 \u2013 en base a \u2026\u00bb<\/p>\n\t\t\t\t\t\t\t\t<\/div>\n\t\t\t\t\t\t\t\t\t\t\t\t\t\t\t\t\t\t\t\t\t\t<div class=\"cards-list__btn-list btn-list\">\n\t\t\t\t\t\t\t\t\t<div class=\"btn-item\">\n\t\t\t\t\t\t\t\t\t\t<a\n\t\t\t\t\t\t\t\t\t\t\tclass=\"btn\"\n\t\t\t\t\t\t\t\t\t\t\thref=\"https:\/\/www.lavozdegalicia.es\/noticia\/contenidos-patrocinados\/2019\/01\/14\/tanta-gente-recurre-injerto-capilar-turquia\/00031547454186105183519.htm\" target=\"_blank\" rel=\"noopener noreferrer\"\t\t\t\t\t\t\t\t\t\t>\n\t\t\t\t\t\t\t\t\t\t\tSeguir leyendo\t\t\t\t\t\t\t\t\t\t<\/a>\n\t\t\t\t\t\t\t\t\t<\/div>\n\t\t\t\t\t\t\t\t<\/div>\n\t\t\t\t\t\t\t\t\t\t\t\t\t<\/div>\n\t\t\t\t\t<\/div>\n\t\t\t\t\t\t\t\t\t\t<div class=\"cards-list__card\">\n\t\t\t\t\t\t\t\t\t\t\t\t\t<header class=\"cards-list__card-header\">\n\t\t\t\t\t\t\t\t<h3>El Peri\u00f3dico<\/h3>\n\t\t\t\t\t\t\t\t\t\t\t\t\t\t\t\t\n\t\t\t\t\t\t\t<\/header>\n\t\t\t\t\t\t\t\t\t\t\t\t<div class=\"cards-list__card-content is-flex flex-column\">\n\t\t\t\t\t\t\t\t\t\t\t\t\t\t\t<div class=\"cards-list__card-content-inner\">\n\t\t\t\t\t\t\t\t\t<p>\u00ab\u2026injerto capilar en Turqu\u00eda se lleva a cabo exclusivamente en el Istinye \u00dcniversitesi Hastanesi, siendo \u00e9sta una de las cl\u00ednicas m\u00e1s\u2026\u00bb<\/p>\n\t\t\t\t\t\t\t\t<\/div>\n\t\t\t\t\t\t\t\t\t\t\t\t\t\t\t\t\t\t\t\t\t\t<div class=\"cards-list__btn-list btn-list\">\n\t\t\t\t\t\t\t\t\t<div class=\"btn-item\">\n\t\t\t\t\t\t\t\t\t\t<a\n\t\t\t\t\t\t\t\t\t\t\tclass=\"btn\"\n\t\t\t\t\t\t\t\t\t\t\thref=\"https:\/\/www.elperiodico.com\/es\/bienestar\/20190116\/r-quaresma-el-campeon-de-europa-en-la-clinica-elite-de-europa-7244884\" target=\"_blank\" rel=\"noopener noreferrer\"\t\t\t\t\t\t\t\t\t\t>\n\t\t\t\t\t\t\t\t\t\t\tSeguir leyendo\t\t\t\t\t\t\t\t\t\t<\/a>\n\t\t\t\t\t\t\t\t\t<\/div>\n\t\t\t\t\t\t\t\t<\/div>\n\t\t\t\t\t\t\t\t\t\t\t\t\t<\/div>\n\t\t\t\t\t<\/div>\n\t\t\t\t\t\t\t\t\t\t<div class=\"cards-list__card\">\n\t\t\t\t\t\t\t\t\t\t\t\t\t<header class=\"cards-list__card-header\">\n\t\t\t\t\t\t\t\t<h3>P\u00fablico<\/h3>\n\t\t\t\t\t\t\t\t\t\t\t\t\t\t\t\t\n\t\t\t\t\t\t\t<\/header>\n\t\t\t\t\t\t\t\t\t\t\t\t<div class=\"cards-list__card-content is-flex flex-column\">\n\t\t\t\t\t\t\t\t\t\t\t\t\t\t\t<div class=\"cards-list__card-content-inner\">\n\t\t\t\t\t\t\t\t\t<p>\u00ab\u2026resultados del injerto capilar son realmente beneficiosos, porque cada cliente recibe un tratamiento integral\u2026, con la utilizaci\u00f3n de avanzada tecnolog\u00eda para el\u2026\u00bb<\/p>\n\t\t\t\t\t\t\t\t<\/div>\n\t\t\t\t\t\t\t\t\t\t\t\t\t\t\t\t\t\t\t\t\t\t<div class=\"cards-list__btn-list btn-list\">\n\t\t\t\t\t\t\t\t\t<div class=\"btn-item\">\n\t\t\t\t\t\t\t\t\t\t<a\n\t\t\t\t\t\t\t\t\t\t\tclass=\"btn\"\n\t\t\t\t\t\t\t\t\t\t\thref=\"https:\/\/nuevatribuna.publico.es\/articulo\/varios\/trasplante-capilar-turquia-nueva-apariencia-resultados-excelentes\/20191126115122168542.html\" target=\"_blank\" rel=\"noopener noreferrer\"\t\t\t\t\t\t\t\t\t\t>\n\t\t\t\t\t\t\t\t\t\t\tSeguir leyendo\t\t\t\t\t\t\t\t\t\t<\/a>\n\t\t\t\t\t\t\t\t\t<\/div>\n\t\t\t\t\t\t\t\t<\/div>\n\t\t\t\t\t\t\t\t\t\t\t\t\t<\/div>\n\t\t\t\t\t<\/div>\n\t\t\t\t\t\t\t\t\t\t<div class=\"cards-list__card\">\n\t\t\t\t\t\t\t\t\t\t\t\t\t<header class=\"cards-list__card-header\">\n\t\t\t\t\t\t\t\t<h3>El Desmarque<\/h3>\n\t\t\t\t\t\t\t\t\t\t\t\t\t\t\t\t\n\t\t\t\t\t\t\t<\/header>\n\t\t\t\t\t\t\t\t\t\t\t\t<div class=\"cards-list__card-content is-flex flex-column\">\n\t\t\t\t\t\t\t\t\t\t\t\t\t\t\t<div class=\"cards-list__card-content-inner\">\n\t\t\t\t\t\t\t\t\t<p>\u00ab\u2026 el doctor Balwi\u2026 aconsej\u00f3 a Ricardo Quaresma, estudi\u00f3 su caso y decret\u00f3 que el delantero deb\u00eda someterse a\u2026\u00bb<\/p>\n\t\t\t\t\t\t\t\t<\/div>\n\t\t\t\t\t\t\t\t\t\t\t\t\t\t\t\t\t\t\t\t\t\t<div class=\"cards-list__btn-list btn-list\">\n\t\t\t\t\t\t\t\t\t<div class=\"btn-item\">\n\t\t\t\t\t\t\t\t\t\t<a\n\t\t\t\t\t\t\t\t\t\t\tclass=\"btn\"\n\t\t\t\t\t\t\t\t\t\t\thref=\"https:\/\/eldesmarque.com\/actualidad\/promociones\/1276772-el-secreto-mejor-guardado-de-ricardo-quaresma\" target=\"_blank\" rel=\"noopener noreferrer\"\t\t\t\t\t\t\t\t\t\t>\n\t\t\t\t\t\t\t\t\t\t\tSeguir leyendo\t\t\t\t\t\t\t\t\t\t<\/a>\n\t\t\t\t\t\t\t\t\t<\/div>\n\t\t\t\t\t\t\t\t<\/div>\n\t\t\t\t\t\t\t\t\t\t\t\t\t<\/div>\n\t\t\t\t\t<\/div>\n\t\t\t\t\t\t\t\t\t\t<div class=\"cards-list__card\">\n\t\t\t\t\t\t\t\t\t\t\t\t\t<header class=\"cards-list__card-header\">\n\t\t\t\t\t\t\t\t<h3>El Confidencial Digital<\/h3>\n\t\t\t\t\t\t\t\t\t\t\t\t\t\t\t\t\n\t\t\t\t\t\t\t<\/header>\n\t\t\t\t\t\t\t\t\t\t\t\t<div class=\"cards-list__card-content is-flex flex-column\">\n\t\t\t\t\t\t\t\t\t\t\t\t\t\t\t<div class=\"cards-list__card-content-inner\">\n\t\t\t\t\t\t\t\t\t<p>\u00ab\u2026las ventajas del injerto capilar en Turqu\u00eda: si el paciente es id\u00f3neo para un trasplante capilar (se le realiza previamente un estudio detallado) y ofrecen un plan individualizado y personal que incluyen\u2026\u00bb<\/p>\n\t\t\t\t\t\t\t\t<\/div>\n\t\t\t\t\t\t\t\t\t\t\t\t\t\t\t\t\t\t\t\t\t\t<div class=\"cards-list__btn-list btn-list\">\n\t\t\t\t\t\t\t\t\t<div class=\"btn-item\">\n\t\t\t\t\t\t\t\t\t\t<a\n\t\t\t\t\t\t\t\t\t\t\tclass=\"btn\"\n\t\t\t\t\t\t\t\t\t\t\thref=\"https:\/\/www.elconfidencialdigital.com\/articulo\/cuidate\/trasplante-capilar-turquia-es-opciones-mas-demandadas-finalizar-alopecia\/20190129161515120962.html\" target=\"_blank\" rel=\"noopener noreferrer\"\t\t\t\t\t\t\t\t\t\t>\n\t\t\t\t\t\t\t\t\t\t\tSeguir leyendo\t\t\t\t\t\t\t\t\t\t<\/a>\n\t\t\t\t\t\t\t\t\t<\/div>\n\t\t\t\t\t\t\t\t<\/div>\n\t\t\t\t\t\t\t\t\t\t\t\t\t<\/div>\n\t\t\t\t\t<\/div>\n\t\t\t\t\t\t\t\t\t\t<div class=\"cards-list__card\">\n\t\t\t\t\t\t\t\t\t\t\t\t\t<header class=\"cards-list__card-header\">\n\t\t\t\t\t\t\t\t<h3>Diario de Sevilla<\/h3>\n\t\t\t\t\t\t\t\t\t\t\t\t\t\t\t\t\n\t\t\t\t\t\t\t<\/header>\n\t\t\t\t\t\t\t\t\t\t\t\t<div class=\"cards-list__card-content is-flex flex-column\">\n\t\t\t\t\t\t\t\t\t\t\t\t\t\t\t<div class=\"cards-list__card-content-inner\">\n\t\t\t\t\t\t\t\t\t<p>\u00ab\u2026la m\u00e1xima calidad en esta intervenci\u00f3n, sino tambi\u00e9n un precio econ\u00f3mico, adaptado a sus necesidades\u00bb\u2026\u00bbse ha convertido en un lugar muy popular especializado en trasplantes capilares; podemos encontrar\u2026\u00bb<\/p>\n\t\t\t\t\t\t\t\t<\/div>\n\t\t\t\t\t\t\t\t\t\t\t\t\t\t\t\t\t\t\t\t\t\t<div class=\"cards-list__btn-list btn-list\">\n\t\t\t\t\t\t\t\t\t<div class=\"btn-item\">\n\t\t\t\t\t\t\t\t\t\t<a\n\t\t\t\t\t\t\t\t\t\t\tclass=\"btn\"\n\t\t\t\t\t\t\t\t\t\t\thref=\"https:\/\/www.diariodesevilla.es\/sevilla\/ir-Turquia-realizar-trasplante-capilar_0_1333666760.html\" target=\"_blank\" rel=\"noopener noreferrer\"\t\t\t\t\t\t\t\t\t\t>\n\t\t\t\t\t\t\t\t\t\t\tSeguir leyendo\t\t\t\t\t\t\t\t\t\t<\/a>\n\t\t\t\t\t\t\t\t\t<\/div>\n\t\t\t\t\t\t\t\t<\/div>\n\t\t\t\t\t\t\t\t\t\t\t\t\t<\/div>\n\t\t\t\t\t<\/div>\n\t\t\t\t\t\t\t\t\t\t<div class=\"cards-list__card\">\n\t\t\t\t\t\t\t\t\t\t\t\t\t<header class=\"cards-list__card-header\">\n\t\t\t\t\t\t\t\t<h3>El Peri\u00f3dico de Arag\u00f3n<\/h3>\n\t\t\t\t\t\t\t\t\t\t\t\t\t\t\t\t\n\t\t\t\t\t\t\t<\/header>\n\t\t\t\t\t\t\t\t\t\t\t\t<div class=\"cards-list__card-content is-flex flex-column\">\n\t\t\t\t\t\t\t\t\t\t\t\t\t\t\t<div class=\"cards-list__card-content-inner\">\n\t\t\t\t\t\t\t\t\t<p>\u00abreconocimiento radica en las eficaces t\u00e9cnicas utilizadas por Elithair, formado por las manos expertas de un nutrido grupo de profesionales dirigidos por el Dr. Balwi\u2026\u00bb<\/p>\n\t\t\t\t\t\t\t\t<\/div>\n\t\t\t\t\t\t\t\t\t\t\t\t\t\t\t\t\t\t\t\t\t\t<div class=\"cards-list__btn-list btn-list\">\n\t\t\t\t\t\t\t\t\t<div class=\"btn-item\">\n\t\t\t\t\t\t\t\t\t\t<a\n\t\t\t\t\t\t\t\t\t\t\tclass=\"btn\"\n\t\t\t\t\t\t\t\t\t\t\thref=\"https:\/\/www.elperiodicodearagon.com\/el-mostrador\/2019\/03\/09\/elithairtransplant-solucion-idonea-trasplante-capilar-46672375.html\" target=\"_blank\" rel=\"noopener noreferrer\"\t\t\t\t\t\t\t\t\t\t>\n\t\t\t\t\t\t\t\t\t\t\tSeguir leyendo\t\t\t\t\t\t\t\t\t\t<\/a>\n\t\t\t\t\t\t\t\t\t<\/div>\n\t\t\t\t\t\t\t\t<\/div>\n\t\t\t\t\t\t\t\t\t\t\t\t\t<\/div>\n\t\t\t\t\t<\/div>\n\t\t\t\t\t\t\t\t<\/div>\n\t\t\t\n\t\t\t<\/div>\n<\/section>\n","protected":false},"excerpt":{"rendered":"","protected":false},"author":1,"featured_media":0,"parent":0,"menu_order":0,"comment_status":"closed","ping_status":"closed","template":"","meta":{"_acf_changed":false,"_yoast_wpseo_focuskw":"","_yoast_wpseo_title":"Art\u00edculos y publicaciones en medios | Elithair","_yoast_wpseo_metadesc":"Ser el n\u00famero 1 de Europa no es algo dicho al azar, son muchos los medios que hablan de nosotros. Descubre ahora qu\u00e9 dicen de Elithair.","_yoast_wpseo_meta-robots-noindex":"1","_yoast_wpseo_meta-robots-nofollow":"1","_yoast_wpseo_meta-robots-adv":"","_yoast_wpseo_canonical":"","_yoast_wpseo_opengraph-title":"Art\u00edculos y publicaciones en medios | Elithair","_yoast_wpseo_opengraph-description":"Ser el n\u00famero 1 de Europa no es algo dicho al azar, son muchos los medios que hablan de nosotros. Descubre ahora qu\u00e9 dicen de Elithair.","_yoast_wpseo_opengraph-image":"https:\/\/elithair.es\/wp-content\/uploads\/2021\/05\/prensa-grafica.jpg","_yoast_wpseo_twitter-title":"","_yoast_wpseo_twitter-description":"","_yoast_wpseo_twitter-image":"","_hm_hreflang_map":[],"_hm_language_code":"","footnotes":""},"class_list":["post-89252","page","type-page","status-publish","hentry"],"acf":[],"yoast_head":"<!-- This site is optimized with the Yoast SEO Premium plugin v27.5 (Yoast SEO v27.5) - https:\/\/yoast.com\/product\/yoast-seo-premium-wordpress\/ -->\n<title>Art\u00edculos y publicaciones en medios | Elithair<\/title>\n<meta name=\"description\" content=\"Ser el n\u00famero 1 de Europa no es algo dicho al azar, son muchos los medios que hablan de nosotros. Descubre ahora qu\u00e9 dicen de Elithair.\" \/>\n<meta name=\"robots\" content=\"noindex, nofollow\" \/>\n<meta property=\"og:locale\" content=\"es_ES\" \/>\n<meta property=\"og:type\" content=\"article\" \/>\n<meta property=\"og:title\" content=\"Art\u00edculos y publicaciones en medios | Elithair\" \/>\n<meta property=\"og:description\" content=\"Ser el n\u00famero 1 de Europa no es algo dicho al azar, son muchos los medios que hablan de nosotros. Descubre ahora qu\u00e9 dicen de Elithair.\" \/>\n<meta property=\"og:url\" content=\"https:\/\/elithair.com\/es\/prensa\/\" \/>\n<meta property=\"og:site_name\" content=\"Elithair\" \/>\n<meta property=\"article:modified_time\" content=\"2026-04-30T13:26:23+00:00\" \/>\n<meta property=\"og:image\" content=\"https:\/\/elithair.es\/wp-content\/uploads\/2021\/05\/prensa-grafica.jpg\" \/>\n<meta name=\"twitter:card\" content=\"summary_large_image\" \/>\n<meta name=\"twitter:title\" content=\"Art\u00edculos y publicaciones\" \/>\n<script type=\"application\/ld+json\" class=\"yoast-schema-graph\">{\"@context\":\"https:\\\/\\\/schema.org\",\"@graph\":[{\"@type\":\"WebPage\",\"@id\":\"https:\\\/\\\/elithair.com\\\/es\\\/prensa\\\/\",\"url\":\"https:\\\/\\\/elithair.com\\\/es\\\/prensa\\\/\",\"name\":\"Art\u00edculos y publicaciones en medios | Elithair\",\"isPartOf\":{\"@id\":\"https:\\\/\\\/elithair.com\\\/es\\\/#website\"},\"datePublished\":\"2026-04-18T14:09:48+00:00\",\"dateModified\":\"2026-04-30T13:26:23+00:00\",\"description\":\"Ser el n\u00famero 1 de Europa no es algo dicho al azar, son muchos los medios que hablan de nosotros. Descubre ahora qu\u00e9 dicen de Elithair.\",\"breadcrumb\":{\"@id\":\"https:\\\/\\\/elithair.com\\\/es\\\/prensa\\\/#breadcrumb\"},\"inLanguage\":\"es\",\"potentialAction\":[{\"@type\":\"ReadAction\",\"target\":[\"https:\\\/\\\/elithair.com\\\/es\\\/prensa\\\/\"]}]},{\"@type\":\"BreadcrumbList\",\"@id\":\"https:\\\/\\\/elithair.com\\\/es\\\/prensa\\\/#breadcrumb\",\"itemListElement\":[{\"@type\":\"ListItem\",\"position\":1,\"name\":\"Home\",\"item\":\"https:\\\/\\\/elithair.com\\\/es\\\/\"},{\"@type\":\"ListItem\",\"position\":2,\"name\":\"Art\u00edculos y publicaciones\"}]},{\"@type\":\"WebSite\",\"@id\":\"https:\\\/\\\/elithair.com\\\/es\\\/#website\",\"url\":\"https:\\\/\\\/elithair.com\\\/es\\\/\",\"name\":\"Elithair\",\"description\":\"La mayor cl\u00ednica de Injerto Capilar en Turqu\u00eda\",\"alternateName\":\"la mejor cl\u00ednica de trasplante capilar en Turqu\u00eda\",\"potentialAction\":[{\"@type\":\"SearchAction\",\"target\":{\"@type\":\"EntryPoint\",\"urlTemplate\":\"https:\\\/\\\/elithair.com\\\/es\\\/?s={search_term_string}\"},\"query-input\":{\"@type\":\"PropertyValueSpecification\",\"valueRequired\":true,\"valueName\":\"search_term_string\"}}],\"inLanguage\":\"es\"}]}<\/script>\n<!-- \/ Yoast SEO Premium plugin. -->","yoast_head_json":{"title":"Art\u00edculos y publicaciones en medios | Elithair","description":"Ser el n\u00famero 1 de Europa no es algo dicho al azar, son muchos los medios que hablan de nosotros. Descubre ahora qu\u00e9 dicen de Elithair.","robots":{"index":"noindex","follow":"nofollow"},"og_locale":"es_ES","og_type":"article","og_title":"Art\u00edculos y publicaciones en medios | Elithair","og_description":"Ser el n\u00famero 1 de Europa no es algo dicho al azar, son muchos los medios que hablan de nosotros. Descubre ahora qu\u00e9 dicen de Elithair.","og_url":"https:\/\/elithair.com\/es\/prensa\/","og_site_name":"Elithair","article_modified_time":"2026-04-30T13:26:23+00:00","og_image":[{"url":"https:\/\/elithair.es\/wp-content\/uploads\/2021\/05\/prensa-grafica.jpg","type":"","width":"","height":""}],"twitter_card":"summary_large_image","twitter_title":"Art\u00edculos y publicaciones","schema":{"@context":"https:\/\/schema.org","@graph":[{"@type":"WebPage","@id":"https:\/\/elithair.com\/es\/prensa\/","url":"https:\/\/elithair.com\/es\/prensa\/","name":"Art\u00edculos y publicaciones en medios | Elithair","isPartOf":{"@id":"https:\/\/elithair.com\/es\/#website"},"datePublished":"2026-04-18T14:09:48+00:00","dateModified":"2026-04-30T13:26:23+00:00","description":"Ser el n\u00famero 1 de Europa no es algo dicho al azar, son muchos los medios que hablan de nosotros. Descubre ahora qu\u00e9 dicen de Elithair.","breadcrumb":{"@id":"https:\/\/elithair.com\/es\/prensa\/#breadcrumb"},"inLanguage":"es","potentialAction":[{"@type":"ReadAction","target":["https:\/\/elithair.com\/es\/prensa\/"]}]},{"@type":"BreadcrumbList","@id":"https:\/\/elithair.com\/es\/prensa\/#breadcrumb","itemListElement":[{"@type":"ListItem","position":1,"name":"Home","item":"https:\/\/elithair.com\/es\/"},{"@type":"ListItem","position":2,"name":"Art\u00edculos y publicaciones"}]},{"@type":"WebSite","@id":"https:\/\/elithair.com\/es\/#website","url":"https:\/\/elithair.com\/es\/","name":"Elithair","description":"La mayor cl\u00ednica de Injerto Capilar en Turqu\u00eda","alternateName":"la mejor cl\u00ednica de trasplante capilar en Turqu\u00eda","potentialAction":[{"@type":"SearchAction","target":{"@type":"EntryPoint","urlTemplate":"https:\/\/elithair.com\/es\/?s={search_term_string}"},"query-input":{"@type":"PropertyValueSpecification","valueRequired":true,"valueName":"search_term_string"}}],"inLanguage":"es"}]}},"jetpack_sharing_enabled":true,"_links":{"self":[{"href":"https:\/\/elithair.com\/es\/wp-json\/wp\/v2\/pages\/89252","targetHints":{"allow":["GET"]}}],"collection":[{"href":"https:\/\/elithair.com\/es\/wp-json\/wp\/v2\/pages"}],"about":[{"href":"https:\/\/elithair.com\/es\/wp-json\/wp\/v2\/types\/page"}],"author":[{"embeddable":true,"href":"https:\/\/elithair.com\/es\/wp-json\/wp\/v2\/users\/1"}],"replies":[{"embeddable":true,"href":"https:\/\/elithair.com\/es\/wp-json\/wp\/v2\/comments?post=89252"}],"version-history":[{"count":8,"href":"https:\/\/elithair.com\/es\/wp-json\/wp\/v2\/pages\/89252\/revisions"}],"predecessor-version":[{"id":91123,"href":"https:\/\/elithair.com\/es\/wp-json\/wp\/v2\/pages\/89252\/revisions\/91123"}],"wp:attachment":[{"href":"https:\/\/elithair.com\/es\/wp-json\/wp\/v2\/media?parent=89252"}],"curies":[{"name":"wp","href":"https:\/\/api.w.org\/{rel}","templated":true}]}}