{"id":89235,"date":"2026-04-18T14:09:45","date_gmt":"2026-04-18T14:09:45","guid":{"rendered":"https:\/\/unified.elitexperiments.com\/es\/investigacion-y-desarrollo\/"},"modified":"2026-05-03T13:54:33","modified_gmt":"2026-05-03T11:54:33","slug":"investigacion-y-desarrollo","status":"publish","type":"page","link":"https:\/\/elithair.com\/es\/investigacion-y-desarrollo\/","title":{"rendered":"Investigacion y desarrollo"},"content":{"rendered":"<section class=\"wp-block-elh-main-hero main-hero dark-layout has-top-right-circle\">\n\t<div class=\"main-hero__container container\">\n\t\t\t\t\t<header class=\"main-hero__header\">\t\t\t\t\n\t\t\t\t<h1>\t\t\t\t\tProyectos de investigaci\u00f3n, desarrollo e innovaci\u00f3n\t\t\t\t<\/h1>\t\t\t<\/header>\n\t\t\n\t\t\t\t\t<div class=\"main-hero__content\">\n\t\t\t\t<p>En Elithair tenemos como objetivo alcanzar nuevas metas. Por eso, nuestro propio equipo de investigaci\u00f3n trabaja continuamente para revolucionar el mundo del trasplante capilar con innovaciones exclusivas.<\/p>\n<p>A continuaci\u00f3n, te mostramos un resumen completo de las innovaciones que podr\u00e1s disfrutar en nuestra cl\u00ednica. Puedes esperar una amplia variedad de beneficios, los cuales te permitir\u00e1n recuperar el cabello y la confianza. Compru\u00e9balo t\u00fa mismo y aseg\u00farate un resultado perfecto con Elithair.<\/p>\n\t\t\t<\/div>\n\t\t\n\t\t\t\t\t<div class=\"main-hero__media\">\n\t\t\t\t<img decoding=\"async\" width=\"750\" height=\"564\" src=\"https:\/\/elithair.com\/es\/wp-content\/uploads\/sites\/5\/2026\/04\/medica-de-Elithair.webp\" class=\"hero-image\" alt=\"Especialista en trasplante capilar de Elithair\" loading=\"eager\" fetchpriority=\"high\" sizes=\"(max-width: 767px) 40vw, (max-width: 1023px) 23vw, 25vw\" srcset=\"https:\/\/elithair.com\/es\/wp-content\/uploads\/sites\/5\/2026\/04\/medica-de-Elithair.webp 750w, https:\/\/elithair.com\/es\/wp-content\/uploads\/sites\/5\/2026\/04\/medica-de-Elithair-300x226.webp 300w\" \/>\t\t\t<\/div>\n\t\t\t\t\t\t\t<div class=\"main-hero__btn-list btn-list\">\n\t\t\t\t\t\t\t\t<div class=\"btn-item\">\n\t\t\t\t\t<a\n\t\t\t\t\t\thref=\"https:\/\/elithair.com\/es\/analisis-capilar\/\"\t\t\t\t\t\tclass=\"btn\"\n\t\t\t\t\t>\n\t\t\t\t\t\tIniciar an\u00e1lisis capilar\t\t\t\t\t<\/a>\n\t\t\t\t<\/div>\n\t\t\t\t\t\t\t\t\t\t\t<\/div>\n\t\t\t<\/div>\n\t\t\n\t<\/section>\n\n\n<section class=\"wp-block-elh-cards-list cards-list layout-02 bg-grey\">\n\t<div class=\"cards-list__container container is-flex flex-column gap-default\">\n\t\t\t\t\t<header class=\"cards-list__header text-center\">\n\t\t\t\t<h2>\t\t\t\t\tNuestras innovaciones\t\t\t\t<\/h2>\t\t\t<\/header>\n\t\t\n\t\t\n\t\t\t\t\t<div class=\"cards-list__cards\">\n\t\t\t\t\t\t\t\t\t<div class=\"cards-list__card\">\n\t\t\t\t\t\t\t\t\t\t\t\t\t<header class=\"cards-list__card-header\">\n\t\t\t\t\t\t\t\t<h3>Elithair Pre-Test-System<\/h3>\n\t\t\t\t\t\t\t\t<img decoding=\"async\" src=\"https:\/\/elithair.com\/es\/wp-content\/uploads\/sites\/5\/2026\/04\/icono-sistema-pre-test.svg\" class=\"cards-list__card-header-icon\" alt=\"Icono del sistema Pre-Test de Elithair\" loading=\"lazy\" \/>\t\t\t\t\t\t\t\t\n\t\t\t\t\t\t\t<\/header>\n\t\t\t\t\t\t\t\t\t\t\t\t<div class=\"cards-list__card-content is-flex flex-column\">\n\t\t\t\t\t\t\t\t\t\t\t\t\t\t\t<div class=\"cards-list__card-content-inner\">\n\t\t\t\t\t\t\t\t\t<p>El sistema Pre-Test de Elithair utiliza 6 an\u00e1lisis detallados antes de tu tratamiento para garantizar que el resultado de tu trasplante capilar sea perfecto. La composici\u00f3n de cada uno de los pasos del sistema Pre-Test ha sido gestionada por el Dr. Balwi y su equipo de investigaci\u00f3n de tal forma que t\u00fa, como paciente, te beneficies de la mejor manera posible.<\/p>\n\t\t\t\t\t\t\t\t<\/div>\n\t\t\t\t\t\t\t\t\t\t\t\t\t\t\t\t\t\t\t\t\t\t<div class=\"cards-list__btn-list btn-list\">\n\t\t\t\t\t\t\t\t\t<div class=\"btn-item\">\n\t\t\t\t\t\t\t\t\t\t<a\n\t\t\t\t\t\t\t\t\t\t\tclass=\"btn\"\n\t\t\t\t\t\t\t\t\t\t\thref=\"https:\/\/elithair.com\/es\/sistema-pre-test\/\"\t\t\t\t\t\t\t\t\t\t>\n\t\t\t\t\t\t\t\t\t\t\tIr al sistema Pre-Test\t\t\t\t\t\t\t\t\t\t<\/a>\n\t\t\t\t\t\t\t\t\t<\/div>\n\t\t\t\t\t\t\t\t<\/div>\n\t\t\t\t\t\t\t\t\t\t\t\t\t<\/div>\n\t\t\t\t\t<\/div>\n\t\t\t\t\t\t\t\t\t\t<div class=\"cards-list__card\">\n\t\t\t\t\t\t\t\t\t\t\t\t\t<header class=\"cards-list__card-header\">\n\t\t\t\t\t\t\t\t<h3>M\u00e9todo Sleep-Deep<\/h3>\n\t\t\t\t\t\t\t\t<img decoding=\"async\" src=\"https:\/\/elithair.com\/es\/wp-content\/uploads\/sites\/5\/2026\/04\/icono-metodo-sleep-deep.svg\" class=\"cards-list__card-header-icon\" alt=\"Icono del m\u00e9todo Sleep Deep de Elithair\" loading=\"lazy\" \/>\t\t\t\t\t\t\t\t\n\t\t\t\t\t\t\t<\/header>\n\t\t\t\t\t\t\t\t\t\t\t\t<div class=\"cards-list__card-content is-flex flex-column\">\n\t\t\t\t\t\t\t\t\t\t\t\t\t\t\t<div class=\"cards-list__card-content-inner\">\n\t\t\t\t\t\t\t\t\t<p>En la mayor cl\u00ednica capilar del mundo utilizamos el innovador procedimiento de sedaci\u00f3n \u00abM\u00e9todo Sleep-Deep\u00bb. Esta t\u00e9cnica te hace entrar en un sue\u00f1o profundo de 15 minutos antes de que se administre la anestesia local. Gracias a ello, ofrecemos un trasplante capilar con 0 % de dolor.<\/p>\n\t\t\t\t\t\t\t\t<\/div>\n\t\t\t\t\t\t\t\t\t\t\t\t\t\t\t\t\t\t\t\t\t\t<div class=\"cards-list__btn-list btn-list\">\n\t\t\t\t\t\t\t\t\t<div class=\"btn-item\">\n\t\t\t\t\t\t\t\t\t\t<a\n\t\t\t\t\t\t\t\t\t\t\tclass=\"btn\"\n\t\t\t\t\t\t\t\t\t\t\thref=\"https:\/\/elithair.com\/es\/anestesia-trasplante-capilar\/\"\t\t\t\t\t\t\t\t\t\t>\n\t\t\t\t\t\t\t\t\t\t\tIr al M\u00e9todo Sleep-Deep\t\t\t\t\t\t\t\t\t\t<\/a>\n\t\t\t\t\t\t\t\t\t<\/div>\n\t\t\t\t\t\t\t\t<\/div>\n\t\t\t\t\t\t\t\t\t\t\t\t\t<\/div>\n\t\t\t\t\t<\/div>\n\t\t\t\t\t\t\t\t\t\t<div class=\"cards-list__card\">\n\t\t\t\t\t\t\t\t\t\t\t\t\t<header class=\"cards-list__card-header\">\n\t\t\t\t\t\t\t\t<h3>NEO FUE<\/h3>\n\t\t\t\t\t\t\t\t<img decoding=\"async\" src=\"https:\/\/elithair.com\/es\/wp-content\/uploads\/sites\/5\/2026\/04\/Icono-tecnica-neo-fue.svg\" class=\"cards-list__card-header-icon\" alt=\"Icono de la t\u00e9cnica NEO FUE de Elithair\" loading=\"lazy\" \/>\t\t\t\t\t\t\t\t\n\t\t\t\t\t\t\t<\/header>\n\t\t\t\t\t\t\t\t\t\t\t\t<div class=\"cards-list__card-content is-flex flex-column\">\n\t\t\t\t\t\t\t\t\t\t\t\t\t\t\t<div class=\"cards-list__card-content-inner\">\n\t\t\t\t\t\t\t\t\t<p>El exclusivo m\u00e9todo NEO FUE tambi\u00e9n fue desarrollado por el Dr. Balwi y su equipo de colaboradores. Gracias al suero revitalizante, el set NEO FUE prepara el cabello para la operaci\u00f3n de la mejor manera. Adem\u00e1s, con este tratamiento se puede conseguir un crecimiento del cabello de hasta el 98 %.<\/p>\n\t\t\t\t\t\t\t\t<\/div>\n\t\t\t\t\t\t\t\t\t\t\t\t\t\t\t\t\t\t\t\t\t\t<div class=\"cards-list__btn-list btn-list\">\n\t\t\t\t\t\t\t\t\t<div class=\"btn-item\">\n\t\t\t\t\t\t\t\t\t\t<a\n\t\t\t\t\t\t\t\t\t\t\tclass=\"btn\"\n\t\t\t\t\t\t\t\t\t\t\thref=\"https:\/\/elithair.com\/es\/neo-fue-trasplante-capilar\/\"\t\t\t\t\t\t\t\t\t\t>\n\t\t\t\t\t\t\t\t\t\t\tIr al tratamiento NEO FUE\t\t\t\t\t\t\t\t\t\t<\/a>\n\t\t\t\t\t\t\t\t\t<\/div>\n\t\t\t\t\t\t\t\t<\/div>\n\t\t\t\t\t\t\t\t\t\t\t\t\t<\/div>\n\t\t\t\t\t<\/div>\n\t\t\t\t\t\t\t\t\t\t<div class=\"cards-list__card\">\n\t\t\t\t\t\t\t\t\t\t\t\t\t<header class=\"cards-list__card-header\">\n\t\t\t\t\t\t\t\t<h3>Elithair App<\/h3>\n\t\t\t\t\t\t\t\t<img decoding=\"async\" src=\"https:\/\/elithair.com\/es\/wp-content\/uploads\/sites\/5\/2026\/04\/icono-elithair-app.svg\" class=\"cards-list__card-header-icon\" alt=\"Icono de la App de Elithair\" loading=\"lazy\" \/>\t\t\t\t\t\t\t\t\n\t\t\t\t\t\t\t<\/header>\n\t\t\t\t\t\t\t\t\t\t\t\t<div class=\"cards-list__card-content is-flex flex-column\">\n\t\t\t\t\t\t\t\t\t\t\t\t\t\t\t<div class=\"cards-list__card-content-inner\">\n\t\t\t\t\t\t\t\t\t<p>La app de Elithair te ofrece el servicio de asistencia perfecto. Tanto en el preoperatorio como durante el posoperatorio, con la aplicaci\u00f3n Elithair podr\u00e1s obtener asesoramiento experto en cualquier momento.<\/p>\n\t\t\t\t\t\t\t\t<\/div>\n\t\t\t\t\t\t\t\t\t\t\t\t\t\t\t\t\t\t\t\t\t\t<div class=\"cards-list__btn-list btn-list\">\n\t\t\t\t\t\t\t\t\t<div class=\"btn-item\">\n\t\t\t\t\t\t\t\t\t\t<a\n\t\t\t\t\t\t\t\t\t\t\tclass=\"btn\"\n\t\t\t\t\t\t\t\t\t\t\thref=\"https:\/\/elithair.com\/es\/app-elithair\/\"\t\t\t\t\t\t\t\t\t\t>\n\t\t\t\t\t\t\t\t\t\t\tM\u00e1s sobre nuestra app\t\t\t\t\t\t\t\t\t\t<\/a>\n\t\t\t\t\t\t\t\t\t<\/div>\n\t\t\t\t\t\t\t\t<\/div>\n\t\t\t\t\t\t\t\t\t\t\t\t\t<\/div>\n\t\t\t\t\t<\/div>\n\t\t\t\t\t\t\t\t\t\t<div class=\"cards-list__card\">\n\t\t\t\t\t\t\t\t\t\t\t\t\t<header class=\"cards-list__card-header\">\n\t\t\t\t\t\t\t\t<h3>Estudios de Elithair<\/h3>\n\t\t\t\t\t\t\t\t<img decoding=\"async\" src=\"https:\/\/elithair.com\/es\/wp-content\/uploads\/sites\/5\/2026\/04\/icono-elithair-estudios.svg\" class=\"cards-list__card-header-icon\" alt=\"Icono de los estudios de Elithair\" loading=\"lazy\" \/>\t\t\t\t\t\t\t\t\n\t\t\t\t\t\t\t<\/header>\n\t\t\t\t\t\t\t\t\t\t\t\t<div class=\"cards-list__card-content is-flex flex-column\">\n\t\t\t\t\t\t\t\t\t\t\t\t\t\t\t<div class=\"cards-list__card-content-inner\">\n\t\t\t\t\t\t\t\t\t<p>El estancamiento es un concepto desconocido para nosotros, puesto que realizamos estudios peri\u00f3dicos para establecer nuevas innovaciones y primicias mundiales. Por supuesto, aqu\u00ed no solo nos centramos en los logros t\u00e9cnicos, sino tambi\u00e9n en la satisfacci\u00f3n de nuestros pacientes.<\/p>\n\t\t\t\t\t\t\t\t<\/div>\n\t\t\t\t\t\t\t\t\t\t\t\t\t\t\t\t\t\t\t\t\t\t<div class=\"cards-list__btn-list btn-list\">\n\t\t\t\t\t\t\t\t\t<div class=\"btn-item\">\n\t\t\t\t\t\t\t\t\t\t<a\n\t\t\t\t\t\t\t\t\t\t\tclass=\"btn\"\n\t\t\t\t\t\t\t\t\t\t\thref=\"https:\/\/elithair.com\/es\/estudios-elithair\/\"\t\t\t\t\t\t\t\t\t\t>\n\t\t\t\t\t\t\t\t\t\t\tIr a los estudios de Elithair\t\t\t\t\t\t\t\t\t\t<\/a>\n\t\t\t\t\t\t\t\t\t<\/div>\n\t\t\t\t\t\t\t\t<\/div>\n\t\t\t\t\t\t\t\t\t\t\t\t\t<\/div>\n\t\t\t\t\t<\/div>\n\t\t\t\t\t\t\t\t<\/div>\n\t\t\t\n\t\t\t<\/div>\n<\/section>\n","protected":false},"excerpt":{"rendered":"","protected":false},"author":1,"featured_media":0,"parent":0,"menu_order":0,"comment_status":"closed","ping_status":"closed","template":"","meta":{"_acf_changed":false,"_yoast_wpseo_focuskw":"","_yoast_wpseo_title":"Proyectos de investigaci\u00f3n, desarrollo e innovaci\u00f3n | Elithair","_yoast_wpseo_metadesc":"Elithair ha liderado varios proyectos de I+D+i relacionados con los injertos capilares. \u00a1Descubre los resultados de nuestras investigaciones!","_yoast_wpseo_meta-robots-noindex":"","_yoast_wpseo_meta-robots-nofollow":"","_yoast_wpseo_meta-robots-adv":"","_yoast_wpseo_canonical":"https:\/\/elithair.es\/investigacion-y-desarrollo\/","_yoast_wpseo_opengraph-title":"Proyectos de investigaci\u00f3n, desarrollo e innovaci\u00f3n | Elithair","_yoast_wpseo_opengraph-description":"Elithair ha liderado varios proyectos de I+D+i relacionados con los injertos capilares. \u00a1Descubre los resultados de nuestras investigaciones!","_yoast_wpseo_opengraph-image":"https:\/\/elithair.com\/es\/wp-content\/uploads\/sites\/5\/2026\/05\/investigacion-y-desarrollo.png","_yoast_wpseo_twitter-title":"","_yoast_wpseo_twitter-description":"","_yoast_wpseo_twitter-image":"https:\/\/elithair.com\/es\/wp-content\/uploads\/sites\/5\/2026\/05\/investigacion-y-desarrollo.png","_hm_hreflang_map":{"de":53,"uk":707,"es":89235,"it":15,"pt":24,"fr":31,"x_default":53},"_hm_language_code":"es","footnotes":""},"class_list":["post-89235","page","type-page","status-publish","hentry"],"acf":[],"yoast_head":"<!-- This site is optimized with the Yoast SEO Premium plugin v27.5 (Yoast SEO v27.5) - https:\/\/yoast.com\/product\/yoast-seo-premium-wordpress\/ -->\n<title>Proyectos de investigaci\u00f3n, desarrollo e innovaci\u00f3n | Elithair<\/title>\n<meta name=\"description\" content=\"Elithair ha liderado varios proyectos de I+D+i relacionados con los injertos capilares. \u00a1Descubre los resultados de nuestras investigaciones!\" \/>\n<meta name=\"robots\" content=\"index, follow, max-snippet:-1, max-image-preview:large, max-video-preview:-1\" \/>\n<link rel=\"canonical\" href=\"https:\/\/elithair.es\/investigacion-y-desarrollo\/\" \/>\n<meta property=\"og:locale\" content=\"es_ES\" \/>\n<meta property=\"og:type\" content=\"article\" \/>\n<meta property=\"og:title\" content=\"Proyectos de investigaci\u00f3n, desarrollo e innovaci\u00f3n | Elithair\" \/>\n<meta property=\"og:description\" content=\"Elithair ha liderado varios proyectos de I+D+i relacionados con los injertos capilares. \u00a1Descubre los resultados de nuestras investigaciones!\" \/>\n<meta property=\"og:url\" content=\"https:\/\/elithair.es\/investigacion-y-desarrollo\/\" \/>\n<meta property=\"og:site_name\" content=\"Elithair\" \/>\n<meta property=\"article:modified_time\" content=\"2026-05-03T11:54:33+00:00\" \/>\n<meta property=\"og:image\" content=\"https:\/\/elithair.com\/es\/wp-content\/uploads\/sites\/5\/2026\/05\/investigacion-y-desarrollo.png\" \/>\n<meta name=\"twitter:card\" content=\"summary_large_image\" \/>\n<meta name=\"twitter:title\" content=\"Investigacion y desarrollo\" \/>\n<meta name=\"twitter:image\" content=\"https:\/\/elithair.com\/es\/wp-content\/uploads\/sites\/5\/2026\/05\/investigacion-y-desarrollo.png\" \/>\n<script type=\"application\/ld+json\" class=\"yoast-schema-graph\">{\"@context\":\"https:\\\/\\\/schema.org\",\"@graph\":[{\"@type\":\"WebPage\",\"@id\":\"https:\\\/\\\/elithair.com\\\/es\\\/investigacion-y-desarrollo\\\/\",\"url\":\"https:\\\/\\\/elithair.es\\\/investigacion-y-desarrollo\\\/\",\"name\":\"Proyectos de investigaci\u00f3n, desarrollo e innovaci\u00f3n | Elithair\",\"isPartOf\":{\"@id\":\"https:\\\/\\\/elithair.com\\\/es\\\/#website\"},\"datePublished\":\"2026-04-18T14:09:45+00:00\",\"dateModified\":\"2026-05-03T11:54:33+00:00\",\"description\":\"Elithair ha liderado varios proyectos de I+D+i relacionados con los injertos capilares. \u00a1Descubre los resultados de nuestras investigaciones!\",\"breadcrumb\":{\"@id\":\"https:\\\/\\\/elithair.es\\\/investigacion-y-desarrollo\\\/#breadcrumb\"},\"inLanguage\":\"es\",\"potentialAction\":[{\"@type\":\"ReadAction\",\"target\":[\"https:\\\/\\\/elithair.es\\\/investigacion-y-desarrollo\\\/\"]}]},{\"@type\":\"BreadcrumbList\",\"@id\":\"https:\\\/\\\/elithair.es\\\/investigacion-y-desarrollo\\\/#breadcrumb\",\"itemListElement\":[{\"@type\":\"ListItem\",\"position\":1,\"name\":\"Home\",\"item\":\"https:\\\/\\\/elithair.com\\\/es\\\/\"},{\"@type\":\"ListItem\",\"position\":2,\"name\":\"Investigacion y desarrollo\"}]},{\"@type\":\"WebSite\",\"@id\":\"https:\\\/\\\/elithair.com\\\/es\\\/#website\",\"url\":\"https:\\\/\\\/elithair.com\\\/es\\\/\",\"name\":\"Elithair\",\"description\":\"La mayor cl\u00ednica de Injerto Capilar en Turqu\u00eda\",\"alternateName\":\"la mejor cl\u00ednica de trasplante capilar en Turqu\u00eda\",\"potentialAction\":[{\"@type\":\"SearchAction\",\"target\":{\"@type\":\"EntryPoint\",\"urlTemplate\":\"https:\\\/\\\/elithair.com\\\/es\\\/?s={search_term_string}\"},\"query-input\":{\"@type\":\"PropertyValueSpecification\",\"valueRequired\":true,\"valueName\":\"search_term_string\"}}],\"inLanguage\":\"es\"}]}<\/script>\n<!-- \/ Yoast SEO Premium plugin. -->","yoast_head_json":{"title":"Proyectos de investigaci\u00f3n, desarrollo e innovaci\u00f3n | Elithair","description":"Elithair ha liderado varios proyectos de I+D+i relacionados con los injertos capilares. \u00a1Descubre los resultados de nuestras investigaciones!","robots":{"index":"index","follow":"follow","max-snippet":"max-snippet:-1","max-image-preview":"max-image-preview:large","max-video-preview":"max-video-preview:-1"},"canonical":"https:\/\/elithair.es\/investigacion-y-desarrollo\/","og_locale":"es_ES","og_type":"article","og_title":"Proyectos de investigaci\u00f3n, desarrollo e innovaci\u00f3n | Elithair","og_description":"Elithair ha liderado varios proyectos de I+D+i relacionados con los injertos capilares. \u00a1Descubre los resultados de nuestras investigaciones!","og_url":"https:\/\/elithair.es\/investigacion-y-desarrollo\/","og_site_name":"Elithair","article_modified_time":"2026-05-03T11:54:33+00:00","og_image":[{"url":"https:\/\/elithair.com\/es\/wp-content\/uploads\/sites\/5\/2026\/05\/investigacion-y-desarrollo.png","type":"","width":"","height":""}],"twitter_card":"summary_large_image","twitter_title":"Investigacion y desarrollo","twitter_image":"https:\/\/elithair.com\/es\/wp-content\/uploads\/sites\/5\/2026\/05\/investigacion-y-desarrollo.png","schema":{"@context":"https:\/\/schema.org","@graph":[{"@type":"WebPage","@id":"https:\/\/elithair.com\/es\/investigacion-y-desarrollo\/","url":"https:\/\/elithair.es\/investigacion-y-desarrollo\/","name":"Proyectos de investigaci\u00f3n, desarrollo e innovaci\u00f3n | Elithair","isPartOf":{"@id":"https:\/\/elithair.com\/es\/#website"},"datePublished":"2026-04-18T14:09:45+00:00","dateModified":"2026-05-03T11:54:33+00:00","description":"Elithair ha liderado varios proyectos de I+D+i relacionados con los injertos capilares. \u00a1Descubre los resultados de nuestras investigaciones!","breadcrumb":{"@id":"https:\/\/elithair.es\/investigacion-y-desarrollo\/#breadcrumb"},"inLanguage":"es","potentialAction":[{"@type":"ReadAction","target":["https:\/\/elithair.es\/investigacion-y-desarrollo\/"]}]},{"@type":"BreadcrumbList","@id":"https:\/\/elithair.es\/investigacion-y-desarrollo\/#breadcrumb","itemListElement":[{"@type":"ListItem","position":1,"name":"Home","item":"https:\/\/elithair.com\/es\/"},{"@type":"ListItem","position":2,"name":"Investigacion y desarrollo"}]},{"@type":"WebSite","@id":"https:\/\/elithair.com\/es\/#website","url":"https:\/\/elithair.com\/es\/","name":"Elithair","description":"La mayor cl\u00ednica de Injerto Capilar en Turqu\u00eda","alternateName":"la mejor cl\u00ednica de trasplante capilar en Turqu\u00eda","potentialAction":[{"@type":"SearchAction","target":{"@type":"EntryPoint","urlTemplate":"https:\/\/elithair.com\/es\/?s={search_term_string}"},"query-input":{"@type":"PropertyValueSpecification","valueRequired":true,"valueName":"search_term_string"}}],"inLanguage":"es"}]}},"jetpack_sharing_enabled":true,"_links":{"self":[{"href":"https:\/\/elithair.com\/es\/wp-json\/wp\/v2\/pages\/89235","targetHints":{"allow":["GET"]}}],"collection":[{"href":"https:\/\/elithair.com\/es\/wp-json\/wp\/v2\/pages"}],"about":[{"href":"https:\/\/elithair.com\/es\/wp-json\/wp\/v2\/types\/page"}],"author":[{"embeddable":true,"href":"https:\/\/elithair.com\/es\/wp-json\/wp\/v2\/users\/1"}],"replies":[{"embeddable":true,"href":"https:\/\/elithair.com\/es\/wp-json\/wp\/v2\/comments?post=89235"}],"version-history":[{"count":9,"href":"https:\/\/elithair.com\/es\/wp-json\/wp\/v2\/pages\/89235\/revisions"}],"predecessor-version":[{"id":91022,"href":"https:\/\/elithair.com\/es\/wp-json\/wp\/v2\/pages\/89235\/revisions\/91022"}],"wp:attachment":[{"href":"https:\/\/elithair.com\/es\/wp-json\/wp\/v2\/media?parent=89235"}],"curies":[{"name":"wp","href":"https:\/\/api.w.org\/{rel}","templated":true}]}}