{"id":89233,"date":"2026-04-18T14:09:43","date_gmt":"2026-04-18T14:09:43","guid":{"rendered":"https:\/\/unified.elitexperiments.com\/es\/estudios-elithair\/"},"modified":"2026-05-03T13:54:40","modified_gmt":"2026-05-03T11:54:40","slug":"estudios-elithair","status":"publish","type":"page","link":"https:\/\/elithair.com\/es\/estudios-elithair\/","title":{"rendered":"Estudios de Elithair"},"content":{"rendered":"<section class=\"wp-block-elh-main-hero main-hero dark-layout has-top-right-circle\">\n\t<div class=\"main-hero__container container\">\n\t\t\t\t\t<header class=\"main-hero__header\">\t\t\t\t\n\t\t\t\t<h1>\t\t\t\t\tEstudios de Elithair\t\t\t\t<\/h1>\t\t\t<\/header>\n\t\t\n\t\t\t\t\t<div class=\"main-hero__content\">\n\t\t\t\t<p>Como l\u00edder del mercado europeo de trasplantes capilares, Elithair no solo se caracteriza por ofrecer unos resultados \u00f3ptimos y por contar con un equipo de especialistas formados internacionalmente, sino que tambi\u00e9n se distingue por proponer estudios relacionados con el cabello de manera regular.<\/p>\n<p>Adem\u00e1s de investigar e implementar nuevos m\u00e9todos exclusivos, como el tratamiento NEO FUE y la t\u00e9cnica SDHI, los innovadores estudios de Elithair permiten tener una visi\u00f3n m\u00e1s clara sobre la eficacia de los tratamientos y la satisfacci\u00f3n de los pacientes.<\/p>\n\t\t\t<\/div>\n\t\t\n\t\t\t\t\t<div class=\"main-hero__media\">\n\t\t\t\t<img decoding=\"async\" width=\"600\" height=\"600\" src=\"https:\/\/elithair.com\/es\/wp-content\/uploads\/sites\/5\/2026\/04\/haartransplantation-studie-auswertung.webp\" class=\"hero-image\" alt=\"Un m\u00e9dico consultor eval\u00faa un estudio por tel\u00e9fono.\" loading=\"eager\" fetchpriority=\"high\" sizes=\"(max-width: 767px) 40vw, (max-width: 1023px) 23vw, 25vw\" srcset=\"https:\/\/elithair.com\/es\/wp-content\/uploads\/sites\/5\/2026\/04\/haartransplantation-studie-auswertung.webp 600w, https:\/\/elithair.com\/es\/wp-content\/uploads\/sites\/5\/2026\/04\/haartransplantation-studie-auswertung-300x300.webp 300w, https:\/\/elithair.com\/es\/wp-content\/uploads\/sites\/5\/2026\/04\/haartransplantation-studie-auswertung-150x150.webp 150w\" \/>\t\t\t<\/div>\n\t\t\t\t\t\t\t<div class=\"main-hero__btn-list btn-list\">\n\t\t\t\t\t\t\t\t<div class=\"btn-item\">\n\t\t\t\t\t<a\n\t\t\t\t\t\thref=\"https:\/\/elithair.com\/es\/analisis-capilar\/\"\t\t\t\t\t\tclass=\"btn\"\n\t\t\t\t\t>\n\t\t\t\t\t\tIniciar an\u00e1lisis capilar\t\t\t\t\t<\/a>\n\t\t\t\t<\/div>\n\t\t\t\t\t\t\t\t\t\t\t<\/div>\n\t\t\t<\/div>\n\t\t\n\t<\/section>\n\n\n<section class=\"wp-block-elh-cards-list cards-list layout-02 bg-grey\">\n\t<div class=\"cards-list__container container is-flex flex-column gap-default\">\n\t\t\t\t\t<header class=\"cards-list__header text-center\">\n\t\t\t\t<h2>\t\t\t\t\tNuestros Estudios\t\t\t\t<\/h2>\t\t\t<\/header>\n\t\t\n\t\t\t\t\t<div class=\"cards-list__top-content text-center\">\n\t\t\t\t<p>Debido a que la transparencia es clave para nosotros, creemos que es importante compartir estos conocimientos.<br \/>\nA continuaci\u00f3n, puedes encontrar un resumen detallado de nuestros estudios m\u00e1s importantes.<\/p>\n\t\t\t<\/div>\n\t\t\n\t\t\t\t\t<div class=\"cards-list__cards\">\n\t\t\t\t\t\t\t\t\t<div class=\"cards-list__card\">\n\t\t\t\t\t\t\t\t\t\t\t\t\t<header class=\"cards-list__card-header\">\n\t\t\t\t\t\t\t\t<h3>ESTUDIO DE SATISFACCI\u00d3N DEL TRASPLANTE CAPILAR<\/h3>\n\t\t\t\t\t\t\t\t\t\t\t\t\t\t\t\t\n\t\t\t\t\t\t\t<\/header>\n\t\t\t\t\t\t\t\t\t\t\t\t<div class=\"cards-list__card-content is-flex flex-column\">\n\t\t\t\t\t\t\t\t\t\t\t\t\t\t\t<div class=\"cards-list__card-content-inner\">\n\t\t\t\t\t\t\t\t\t<p>No solo queremos satisfacer a nuestros pacientes, queremos inspirarlos. Desde hace varios a\u00f1os, nuestro \u00edndice de recomendaci\u00f3n se mantiene constantemente entre el 98 % y el 99 %. Por ello, en julio de 2022 pusimos en marcha un estudio detallado sobre la satisfacci\u00f3n de los pacientes, que puedes consultar aqu\u00ed gratuitamente.<\/p>\n\t\t\t\t\t\t\t\t<\/div>\n\t\t\t\t\t\t\t\t\t\t\t\t\t\t\t\t\t\t\t\t<\/div>\n\t\t\t\t\t<\/div>\n\t\t\t\t\t\t\t\t\t\t<div class=\"cards-list__card\">\n\t\t\t\t\t\t\t\t\t\t\t\t\t<header class=\"cards-list__card-header\">\n\t\t\t\t\t\t\t\t<h3>ESTUDIO SOBRE EL EFECTO DE LAS BEBIDAS ENERG\u00c9TICAS EN LA CA\u00cdDA DEL CABELLO EN ADULTOS<\/h3>\n\t\t\t\t\t\t\t\t\t\t\t\t\t\t\t\t\n\t\t\t\t\t\t\t<\/header>\n\t\t\t\t\t\t\t\t\t\t\t\t<div class=\"cards-list__card-content is-flex flex-column\">\n\t\t\t\t\t\t\t\t\t\t\t\t\t\t\t<div class=\"cards-list__card-content-inner\">\n\t\t\t\t\t\t\t\t\t<p>Seg\u00fan el informe de la EFSA de 2013 sobre las bebidas energ\u00e9ticas, alrededor del 30 % de los adultos encuestados consum\u00edan bebidas energ\u00e9ticas. Para el 12 % de ellos, su consumo se consideraba \u00abelevado y cr\u00f3nico\u00bb y alcanzaba una media de 4,5 litros al mes.<\/p>\n<p>En este breve art\u00edculo, el Dr. Balwi explica el impacto de las bebidas energ\u00e9ticas en la ca\u00edda del cabello en adultos.<\/p>\n<p>Para m\u00e1s informaci\u00f3n sobre el estudio, consulta el documento en l\u00ednea.<\/p>\n\t\t\t\t\t\t\t\t<\/div>\n\t\t\t\t\t\t\t\t\t\t\t\t\t\t\t\t\t\t\t\t\t\t<div class=\"cards-list__btn-list btn-list\">\n\t\t\t\t\t\t\t\t\t<div class=\"btn-item\">\n\t\t\t\t\t\t\t\t\t\t<a\n\t\t\t\t\t\t\t\t\t\t\tclass=\"btn\"\n\t\t\t\t\t\t\t\t\t\t\thref=\"https:\/\/elithair.com\/es\/wp-content\/uploads\/sites\/5\/2026\/04\/estudio-bebidas-energeticas.pdf\" target=\"_blank\" rel=\"noopener noreferrer\"\t\t\t\t\t\t\t\t\t\t>\n\t\t\t\t\t\t\t\t\t\t\tIr al estudio\t\t\t\t\t\t\t\t\t\t<\/a>\n\t\t\t\t\t\t\t\t\t<\/div>\n\t\t\t\t\t\t\t\t<\/div>\n\t\t\t\t\t\t\t\t\t\t\t\t\t<\/div>\n\t\t\t\t\t<\/div>\n\t\t\t\t\t\t\t\t\t\t<div class=\"cards-list__card\">\n\t\t\t\t\t\t\t\t\t\t\t\t\t<header class=\"cards-list__card-header\">\n\t\t\t\t\t\t\t\t<h3>PROCESO DE LA OPERACI\u00d3N DE TRASPLANTE CAPILAR EN PACIENTES DIAB\u00c9TICOS<\/h3>\n\t\t\t\t\t\t\t\t\t\t\t\t\t\t\t\t\n\t\t\t\t\t\t\t<\/header>\n\t\t\t\t\t\t\t\t\t\t\t\t<div class=\"cards-list__card-content is-flex flex-column\">\n\t\t\t\t\t\t\t\t\t\t\t\t\t\t\t<div class=\"cards-list__card-content-inner\">\n\t\t\t\t\t\t\t\t\t<p>A menudo se plantea la cuesti\u00f3n de si es posible realizar un trasplante capilar en pacientes diab\u00e9ticos. A este respecto, nuestros especialistas han realizado un estudio interno de 7 meses de duraci\u00f3n con 53 pacientes diab\u00e9ticos sobre el procedimiento y las posibilidades de la operaci\u00f3n.<\/p>\n<p>Para saber m\u00e1s sobre el estudio, consulte el documento disponible aqu\u00ed:<\/p>\n\t\t\t\t\t\t\t\t<\/div>\n\t\t\t\t\t\t\t\t\t\t\t\t\t\t\t\t\t\t\t\t\t\t<div class=\"cards-list__btn-list btn-list\">\n\t\t\t\t\t\t\t\t\t<div class=\"btn-item\">\n\t\t\t\t\t\t\t\t\t\t<a\n\t\t\t\t\t\t\t\t\t\t\tclass=\"btn\"\n\t\t\t\t\t\t\t\t\t\t\thref=\"https:\/\/elithair.com\/es\/wp-content\/uploads\/sites\/5\/2026\/04\/trasplante-capilar-para-diabeticos.pdf\"\t\t\t\t\t\t\t\t\t\t>\n\t\t\t\t\t\t\t\t\t\t\tIr al estudio\t\t\t\t\t\t\t\t\t\t<\/a>\n\t\t\t\t\t\t\t\t\t<\/div>\n\t\t\t\t\t\t\t\t<\/div>\n\t\t\t\t\t\t\t\t\t\t\t\t\t<\/div>\n\t\t\t\t\t<\/div>\n\t\t\t\t\t\t\t\t<\/div>\n\t\t\t\n\t\t\t<\/div>\n<\/section>\n\n\n<section class=\"wp-block-elh-cards-slider cards-slider layout-content-media two-columns bg-dark-gradient-2 dark-layout\">\n\t<div class=\"cards-slider__container container text-center is-flex flex-column gap-default\">\n\t\t\t\t\t\t\t\t<header class=\"cards-slider__header\">\n\t\t\t\t\t\t\t\t\t<h2>\t\t\t\t\t\tTestimonios de nuestros pacientes\t\t\t\t\t<\/h2>\t\t\t\t\t\t\t\t\t\t\t<\/header>\n\t\t\n\t\t\n\t\t\n\t\t\t\t\t<div class=\"cards-slider__slider\">\n\t\t\t\t<div class=\"embla\" data-slides-to-scroll=\"1\" data-auto-play=\"false\" data-delay=\"3000\" data-loop=\"false\" data-center=\"true\" data-tab-only=\"true\" data-mob-only=\"false\" data-vertical-desk=\"false\" data-vertical-mob=\"false\">\n\t\t\t\t\t<div class=\"embla__viewport\">\n\t\t\t\t\t\t<div class=\"embla__container\">\n\t\t\t\t\t\t\t\t\t\t\t\t\t\t<div class=\"embla__slide\">\n\t\t\t\t\t\t\t\t<div class=\"embla__slide-inner\">\n\t\t\t\t\t\t\t\t\t\t\t\t\t\t\t\t\t\t<div class=\"slide-media\">\n\t\t\t\t\t\t\t\t\t\t\t\t\t\t\t\t\t\t\t\t\t\t\t\t\t\t\t\t\t\t\t\t\t<div class=\"vimeo-video slide-video\" data-vimeo-id=\"1078908010\">\n\t\t\t\t\t\t\t\t\t\t\t\t\t<figure>\n\t\t\t\t\t\t\t\t\t\t\t\t\t\t\t\t\t\t\t\t\t\t\t\t\t\t\t\t\t<img decoding=\"async\" width=\"900\" height=\"495\" src=\"https:\/\/elithair.com\/es\/wp-content\/uploads\/sites\/5\/2026\/04\/jordi-paciente-elithair.webp\" class=\"video-cover\" alt=\"Jordi, un paciente de Elithair\" loading=\"lazy\" srcset=\"https:\/\/elithair.com\/es\/wp-content\/uploads\/sites\/5\/2026\/04\/jordi-paciente-elithair.webp 900w, https:\/\/elithair.com\/es\/wp-content\/uploads\/sites\/5\/2026\/04\/jordi-paciente-elithair-300x165.webp 300w, https:\/\/elithair.com\/es\/wp-content\/uploads\/sites\/5\/2026\/04\/jordi-paciente-elithair-768x422.webp 768w\" sizes=\"auto, (max-width: 900px) 100vw, 900px\" \/>\t\t\t\t\t\t\t\t\t\t\t\t\t\t\t\t\t\t\t\t\t\t\t\t\t\t\t\t<span class=\"video-play-icon\"><img decoding=\"async\" width=\"150\" height=\"150\" src=\"https:\/\/elithair.com\/es\/wp-content\/uploads\/sites\/5\/2026\/04\/play-pause-gif-s.gif\" class=\"attachment-thumbnail size-thumbnail\" alt=\"Icono play pausa\" loading=\"lazy\" \/><\/span>\t\t\t\t\t\t\t\t\t\t\t\t\t<\/figure>\n\t\t\t\t\t\t\t\t\t\t\t\t<\/div>\n\t\t\t\t\t\t\t\t\t\t\t\t\t\t\t\t\t\t\t\t\t\n\t\t\t\t\t\t\t\t\t<\/div>\n\t\t\t\t\t\t\t\t\t\t\t\t\t\t\t\t\t\t\t<div class=\"slide-content\">\n\t\t\t\t\t\t\t\t\t\t\t\t\t\t\t\t\t\t\t\t\t\t\t<div class=\"slide-content__body\"><p><strong>\u2605\u2605\u2605\u2605\u2605<br \/>\nJordi<\/strong><\/p>\n<p><strong>3.000 injertos \u201c<\/strong><\/p>\n<p>\u00abTodo el mundo me dec\u00eda que no lo necesitaba, pero lo hice para sentirme m\u00e1s atractivo. Se lo recomiendo a todo el mundo\u00bb.<\/p>\n<\/div>\n\t\t\t\t\t\t\t\t\t\t\t\t\t\t\t\t\t\t\t\t\t\t\t\t\t\t\t\t\t\t\t\t<\/div>\n\t\t\t\t\t\t\t\t\t\t\t\t\t\t\t\t\t<\/div>\n\t\t\t\t\t\t\t<\/div>\n\t\t\t\t\t\t\t\t\t\t\t\t\t\t<div class=\"embla__slide\">\n\t\t\t\t\t\t\t\t<div class=\"embla__slide-inner\">\n\t\t\t\t\t\t\t\t\t\t\t\t\t\t\t\t\t\t<div class=\"slide-media\">\n\t\t\t\t\t\t\t\t\t\t\t\t\t\t\t\t\t\t\t\t\t\t\t\t\t\t\t\t\t\t\t\t\t<div class=\"vimeo-video slide-video\" data-vimeo-id=\"1078908468\">\n\t\t\t\t\t\t\t\t\t\t\t\t\t<figure>\n\t\t\t\t\t\t\t\t\t\t\t\t\t\t\t\t\t\t\t\t\t\t\t\t\t\t\t\t\t<img decoding=\"async\" width=\"900\" height=\"495\" src=\"https:\/\/elithair.com\/es\/wp-content\/uploads\/sites\/5\/2026\/04\/jorge-d-paciente-elithair.webp\" class=\"video-cover\" alt=\"Jorge D. un paciente de Elithair\" loading=\"lazy\" srcset=\"https:\/\/elithair.com\/es\/wp-content\/uploads\/sites\/5\/2026\/04\/jorge-d-paciente-elithair.webp 900w, https:\/\/elithair.com\/es\/wp-content\/uploads\/sites\/5\/2026\/04\/jorge-d-paciente-elithair-300x165.webp 300w, https:\/\/elithair.com\/es\/wp-content\/uploads\/sites\/5\/2026\/04\/jorge-d-paciente-elithair-768x422.webp 768w\" sizes=\"auto, (max-width: 900px) 100vw, 900px\" \/>\t\t\t\t\t\t\t\t\t\t\t\t\t\t\t\t\t\t\t\t\t\t\t\t\t\t\t\t<span class=\"video-play-icon\"><img decoding=\"async\" width=\"150\" height=\"150\" src=\"https:\/\/elithair.com\/es\/wp-content\/uploads\/sites\/5\/2026\/04\/play-pause-gif-s.gif\" class=\"attachment-thumbnail size-thumbnail\" alt=\"Icono play pausa\" loading=\"lazy\" \/><\/span>\t\t\t\t\t\t\t\t\t\t\t\t\t<\/figure>\n\t\t\t\t\t\t\t\t\t\t\t\t<\/div>\n\t\t\t\t\t\t\t\t\t\t\t\t\t\t\t\t\t\t\t\t\t\n\t\t\t\t\t\t\t\t\t<\/div>\n\t\t\t\t\t\t\t\t\t\t\t\t\t\t\t\t\t\t\t<div class=\"slide-content\">\n\t\t\t\t\t\t\t\t\t\t\t\t\t\t\t\t\t\t\t\t\t\t\t<div class=\"slide-content__body\"><p><strong>\u2605\u2605\u2605\u2605\u2605<br \/>\nJorge D.<\/strong><\/p>\n<p><strong>4.200  injertos<br \/>\n<\/strong><\/p>\n<p>\u00abGracias al Dr. Balwi y a su equipo, he recuperado la confianza en m\u00ed mismo\u00bb.<\/p>\n<\/div>\n\t\t\t\t\t\t\t\t\t\t\t\t\t\t\t\t\t\t\t\t\t\t\t\t\t\t\t\t\t\t\t\t<\/div>\n\t\t\t\t\t\t\t\t\t\t\t\t\t\t\t\t\t<\/div>\n\t\t\t\t\t\t\t<\/div>\n\t\t\t\t\t\t\t\t\t\t\t\t\t<\/div>\n\t\t\t\t\t<\/div>\n\t\t\t\t\t\t\t\t\t\t\t\t\t\t<div class=\"embla__dots\"><\/div>\n\t\t\t\t\t\t\t\t\t\t\t\t\t\t<\/div>\n\t\t\t<\/div>\n\t\t\n\t\t\t<\/div>\n<\/section>\n","protected":false},"excerpt":{"rendered":"","protected":false},"author":1,"featured_media":0,"parent":0,"menu_order":0,"comment_status":"closed","ping_status":"closed","template":"","meta":{"_acf_changed":false,"_yoast_wpseo_focuskw":"","_yoast_wpseo_title":"Estudios de Elithair - Nuestros datos generan confianza","_yoast_wpseo_metadesc":"El equipo de Elithair realiza peri\u00f3dicamente estudios para evolucionar y ofrecer siempre el mejor servicio. \u00a1Lee los resultados aqu\u00ed!","_yoast_wpseo_meta-robots-noindex":"","_yoast_wpseo_meta-robots-nofollow":"","_yoast_wpseo_meta-robots-adv":"","_yoast_wpseo_canonical":"https:\/\/elithair.es\/estudios-elithair\/","_yoast_wpseo_opengraph-title":"Estudios de Elithair - Nuestros datos generan confianza","_yoast_wpseo_opengraph-description":"El equipo de Elithair realiza peri\u00f3dicamente estudios para evolucionar y ofrecer siempre el mejor servicio. \u00a1Lee los resultados aqu\u00ed!","_yoast_wpseo_opengraph-image":"https:\/\/elithair.com\/es\/wp-content\/uploads\/sites\/5\/2026\/05\/estudios-elithair.png","_yoast_wpseo_twitter-title":"","_yoast_wpseo_twitter-description":"","_yoast_wpseo_twitter-image":"https:\/\/elithair.com\/es\/wp-content\/uploads\/sites\/5\/2026\/05\/estudios-elithair.png","_hm_hreflang_map":{"en":93329,"de":55,"uk":705,"es":89233,"it":16,"fr":35,"x_default":93329},"_hm_language_code":"es","footnotes":""},"class_list":["post-89233","page","type-page","status-publish","hentry"],"acf":[],"yoast_head":"<!-- This site is optimized with the Yoast SEO Premium plugin v27.5 (Yoast SEO v27.5) - https:\/\/yoast.com\/product\/yoast-seo-premium-wordpress\/ -->\n<title>Estudios de Elithair - Nuestros datos generan confianza<\/title>\n<meta name=\"description\" content=\"El equipo de Elithair realiza peri\u00f3dicamente estudios para evolucionar y ofrecer siempre el mejor servicio. \u00a1Lee los resultados aqu\u00ed!\" \/>\n<meta name=\"robots\" content=\"index, follow, max-snippet:-1, max-image-preview:large, max-video-preview:-1\" \/>\n<link rel=\"canonical\" href=\"https:\/\/elithair.es\/estudios-elithair\/\" \/>\n<meta property=\"og:locale\" content=\"es_ES\" \/>\n<meta property=\"og:type\" content=\"article\" \/>\n<meta property=\"og:title\" content=\"Estudios de Elithair - Nuestros datos generan confianza\" \/>\n<meta property=\"og:description\" content=\"El equipo de Elithair realiza peri\u00f3dicamente estudios para evolucionar y ofrecer siempre el mejor servicio. \u00a1Lee los resultados aqu\u00ed!\" \/>\n<meta property=\"og:url\" content=\"https:\/\/elithair.es\/estudios-elithair\/\" \/>\n<meta property=\"og:site_name\" content=\"Elithair\" \/>\n<meta property=\"article:modified_time\" content=\"2026-05-03T11:54:40+00:00\" \/>\n<meta property=\"og:image\" content=\"https:\/\/elithair.com\/es\/wp-content\/uploads\/sites\/5\/2026\/05\/estudios-elithair.png\" \/>\n<meta name=\"twitter:card\" content=\"summary_large_image\" \/>\n<meta name=\"twitter:title\" content=\"Estudios de Elithair\" \/>\n<meta name=\"twitter:image\" content=\"https:\/\/elithair.com\/es\/wp-content\/uploads\/sites\/5\/2026\/05\/estudios-elithair.png\" \/>\n<script type=\"application\/ld+json\" class=\"yoast-schema-graph\">{\"@context\":\"https:\\\/\\\/schema.org\",\"@graph\":[{\"@type\":\"WebPage\",\"@id\":\"https:\\\/\\\/elithair.com\\\/es\\\/estudios-elithair\\\/\",\"url\":\"https:\\\/\\\/elithair.es\\\/estudios-elithair\\\/\",\"name\":\"Estudios de Elithair - Nuestros datos generan confianza\",\"isPartOf\":{\"@id\":\"https:\\\/\\\/elithair.com\\\/es\\\/#website\"},\"datePublished\":\"2026-04-18T14:09:43+00:00\",\"dateModified\":\"2026-05-03T11:54:40+00:00\",\"description\":\"El equipo de Elithair realiza peri\u00f3dicamente estudios para evolucionar y ofrecer siempre el mejor servicio. \u00a1Lee los resultados aqu\u00ed!\",\"breadcrumb\":{\"@id\":\"https:\\\/\\\/elithair.es\\\/estudios-elithair\\\/#breadcrumb\"},\"inLanguage\":\"es\",\"potentialAction\":[{\"@type\":\"ReadAction\",\"target\":[\"https:\\\/\\\/elithair.es\\\/estudios-elithair\\\/\"]}]},{\"@type\":\"BreadcrumbList\",\"@id\":\"https:\\\/\\\/elithair.es\\\/estudios-elithair\\\/#breadcrumb\",\"itemListElement\":[{\"@type\":\"ListItem\",\"position\":1,\"name\":\"Home\",\"item\":\"https:\\\/\\\/elithair.com\\\/es\\\/\"},{\"@type\":\"ListItem\",\"position\":2,\"name\":\"Estudios de Elithair\"}]},{\"@type\":\"WebSite\",\"@id\":\"https:\\\/\\\/elithair.com\\\/es\\\/#website\",\"url\":\"https:\\\/\\\/elithair.com\\\/es\\\/\",\"name\":\"Elithair\",\"description\":\"La mayor cl\u00ednica de Injerto Capilar en Turqu\u00eda\",\"alternateName\":\"la mejor cl\u00ednica de trasplante capilar en Turqu\u00eda\",\"potentialAction\":[{\"@type\":\"SearchAction\",\"target\":{\"@type\":\"EntryPoint\",\"urlTemplate\":\"https:\\\/\\\/elithair.com\\\/es\\\/?s={search_term_string}\"},\"query-input\":{\"@type\":\"PropertyValueSpecification\",\"valueRequired\":true,\"valueName\":\"search_term_string\"}}],\"inLanguage\":\"es\"}]}<\/script>\n<!-- \/ Yoast SEO Premium plugin. -->","yoast_head_json":{"title":"Estudios de Elithair - Nuestros datos generan confianza","description":"El equipo de Elithair realiza peri\u00f3dicamente estudios para evolucionar y ofrecer siempre el mejor servicio. \u00a1Lee los resultados aqu\u00ed!","robots":{"index":"index","follow":"follow","max-snippet":"max-snippet:-1","max-image-preview":"max-image-preview:large","max-video-preview":"max-video-preview:-1"},"canonical":"https:\/\/elithair.es\/estudios-elithair\/","og_locale":"es_ES","og_type":"article","og_title":"Estudios de Elithair - Nuestros datos generan confianza","og_description":"El equipo de Elithair realiza peri\u00f3dicamente estudios para evolucionar y ofrecer siempre el mejor servicio. \u00a1Lee los resultados aqu\u00ed!","og_url":"https:\/\/elithair.es\/estudios-elithair\/","og_site_name":"Elithair","article_modified_time":"2026-05-03T11:54:40+00:00","og_image":[{"url":"https:\/\/elithair.com\/es\/wp-content\/uploads\/sites\/5\/2026\/05\/estudios-elithair.png","type":"","width":"","height":""}],"twitter_card":"summary_large_image","twitter_title":"Estudios de Elithair","twitter_image":"https:\/\/elithair.com\/es\/wp-content\/uploads\/sites\/5\/2026\/05\/estudios-elithair.png","schema":{"@context":"https:\/\/schema.org","@graph":[{"@type":"WebPage","@id":"https:\/\/elithair.com\/es\/estudios-elithair\/","url":"https:\/\/elithair.es\/estudios-elithair\/","name":"Estudios de Elithair - Nuestros datos generan confianza","isPartOf":{"@id":"https:\/\/elithair.com\/es\/#website"},"datePublished":"2026-04-18T14:09:43+00:00","dateModified":"2026-05-03T11:54:40+00:00","description":"El equipo de Elithair realiza peri\u00f3dicamente estudios para evolucionar y ofrecer siempre el mejor servicio. \u00a1Lee los resultados aqu\u00ed!","breadcrumb":{"@id":"https:\/\/elithair.es\/estudios-elithair\/#breadcrumb"},"inLanguage":"es","potentialAction":[{"@type":"ReadAction","target":["https:\/\/elithair.es\/estudios-elithair\/"]}]},{"@type":"BreadcrumbList","@id":"https:\/\/elithair.es\/estudios-elithair\/#breadcrumb","itemListElement":[{"@type":"ListItem","position":1,"name":"Home","item":"https:\/\/elithair.com\/es\/"},{"@type":"ListItem","position":2,"name":"Estudios de Elithair"}]},{"@type":"WebSite","@id":"https:\/\/elithair.com\/es\/#website","url":"https:\/\/elithair.com\/es\/","name":"Elithair","description":"La mayor cl\u00ednica de Injerto Capilar en Turqu\u00eda","alternateName":"la mejor cl\u00ednica de trasplante capilar en Turqu\u00eda","potentialAction":[{"@type":"SearchAction","target":{"@type":"EntryPoint","urlTemplate":"https:\/\/elithair.com\/es\/?s={search_term_string}"},"query-input":{"@type":"PropertyValueSpecification","valueRequired":true,"valueName":"search_term_string"}}],"inLanguage":"es"}]}},"jetpack_sharing_enabled":true,"_links":{"self":[{"href":"https:\/\/elithair.com\/es\/wp-json\/wp\/v2\/pages\/89233","targetHints":{"allow":["GET"]}}],"collection":[{"href":"https:\/\/elithair.com\/es\/wp-json\/wp\/v2\/pages"}],"about":[{"href":"https:\/\/elithair.com\/es\/wp-json\/wp\/v2\/types\/page"}],"author":[{"embeddable":true,"href":"https:\/\/elithair.com\/es\/wp-json\/wp\/v2\/users\/1"}],"replies":[{"embeddable":true,"href":"https:\/\/elithair.com\/es\/wp-json\/wp\/v2\/comments?post=89233"}],"version-history":[{"count":8,"href":"https:\/\/elithair.com\/es\/wp-json\/wp\/v2\/pages\/89233\/revisions"}],"predecessor-version":[{"id":91139,"href":"https:\/\/elithair.com\/es\/wp-json\/wp\/v2\/pages\/89233\/revisions\/91139"}],"wp:attachment":[{"href":"https:\/\/elithair.com\/es\/wp-json\/wp\/v2\/media?parent=89233"}],"curies":[{"name":"wp","href":"https:\/\/api.w.org\/{rel}","templated":true}]}}