{"id":89226,"date":"2026-04-18T14:09:38","date_gmt":"2026-04-18T14:09:38","guid":{"rendered":"https:\/\/unified.elitexperiments.com\/es\/terminos-y-condiciones\/"},"modified":"2026-04-25T19:04:52","modified_gmt":"2026-04-25T19:04:52","slug":"terminos-y-condiciones","status":"publish","type":"page","link":"https:\/\/elithair.com\/es\/terminos-y-condiciones\/","title":{"rendered":"T\u00e9rminos y condiciones"},"content":{"rendered":"<section class=\"wp-block-elh-custom-full-content custom-full-content bg-linear-dark dark-layout\">\n\t\t<div class=\"custom-full-content__container container is-flex flex-column gap-default\">\n\t\t\t\t\t<header class=\"custom-full-content__header\">\n\t\t\t\t<h2>\t\t\t\t\tT\u00e9rminos y condiciones\t\t\t\t<\/h2>\t\t\t<\/header>\n\t\t\n\t\t\t\t\t<div class=\"custom-full-content__body\">\n\t\t\t\t<h2>Condiciones Generales de Contrataci\u00f3n (CGC) para Servicios de Intermediaci\u00f3n y Prestaciones Propias (Trasplantes Capilares)<\/h2>\n<h3>1. \u00c1mbito de Aplicaci\u00f3n y Objeto del Contrato<\/h3>\n<p><strong>1.1<\/strong>\u00a0Las presentes CGC se aplican a todos los contratos entre el cliente y \u00abElithairtransplant.com\u00bb o GLOBAL HEALTH CARE SA\u011eLIK H\u0130ZMETLER\u0130 ANON\u0130M \u015e\u0130RKET\u0130 (en adelante, el \u00abProveedor\u00bb). Dichos contratos abarcan tanto la intermediaci\u00f3n de servicios de terceros (p. ej., transportes, alojamientos y trasplantes capilares) como la realizaci\u00f3n de tratamientos bajo su propia responsabilidad dentro del alcance legalmente permitido.<\/p>\n<p><strong>1.2<\/strong>\u00a0El Proveedor act\u00faa en diferentes roles:<\/p>\n<ul>\n<li>Como intermediario, gestiona contratos entre el cliente y terceros (p. ej., transportes, alojamientos y trasplantes capilares).<\/li>\n<li>Como prestador de servicios, ejecuta directamente las prestaciones acordadas. En ambos casos, se aplican las presentes CGC.<\/li>\n<\/ul>\n<h3>2. Conclusi\u00f3n del Contrato<\/h3>\n<p><strong>2.1<\/strong>\u00a0Mediante la solicitud de reserva (por escrito, oralmente, por tel\u00e9fono o electr\u00f3nicamente), el cliente presenta una oferta para la celebraci\u00f3n de un contrato de intermediaci\u00f3n. El contrato se perfeccionar\u00e1 \u00fanicamente con la confirmaci\u00f3n por escrito del Proveedor.<\/p>\n<p><strong>2.2<\/strong>\u00a0El Proveedor est\u00e1 sujeto a su capacidad, por lo que no existe una obligaci\u00f3n de contratar.<\/p>\n<p><strong>2.3<\/strong>\u00a0Con respecto a las prestaciones realizadas directamente por el Proveedor, el contrato se concluye con la aceptaci\u00f3n de la reserva y la confirmaci\u00f3n por escrito por parte del Proveedor. En su caso, un contrato posterior regular\u00e1 la prestaci\u00f3n concreta, su alcance y la remuneraci\u00f3n.<\/p>\n<h3>3. Responsabilidad<\/h3>\n<p><strong>3.1<\/strong>\u00a0El Proveedor no asume responsabilidad alguna por la correcta ejecuci\u00f3n de los servicios intermediados si no los realiza por s\u00ed mismo. Los contratos sobre servicios intermediados se celebran exclusivamente entre el cliente y el respectivo proveedor tercero. El Proveedor es responsable exclusivamente de la selecci\u00f3n cuidadosa de los socios intermediados y de la correcta transmisi\u00f3n de la informaci\u00f3n. Se excluye expresamente cualquier responsabilidad por la ejecuci\u00f3n efectiva o los defectos de los servicios intermediados.<\/p>\n<p><strong>3.2<\/strong>\u00a0El Proveedor tambi\u00e9n puede realizar prestaciones por s\u00ed mismo. Dicha prestaci\u00f3n se efectuar\u00e1 previo acuerdo por escrito sobre el lugar, momento, alcance y precio del tratamiento. Para las prestaciones realizadas directamente por el Proveedor, este solo responder\u00e1 en caso de dolo o negligencia grave. En caso de negligencia leve, la responsabilidad solo existir\u00e1 por el incumplimiento de obligaciones contractuales esenciales (obligaciones cardinales), limitada al da\u00f1o previsible y t\u00edpico del contrato. No se asumir\u00e1 responsabilidad alguna por los da\u00f1os que surjan del incumplimiento de las indicaciones de post-tratamiento. La limitaci\u00f3n de responsabilidad no se aplicar\u00e1 en caso de lesi\u00f3n de la vida, el cuerpo o la salud. Si un da\u00f1o est\u00e1 cubierto por un seguro del cliente, la responsabilidad se limitar\u00e1 a los perjuicios que sufra el cliente por la utilizaci\u00f3n de dicho seguro (p. ej., franquicias).<\/p>\n<p><strong>3.3<\/strong>\u00a0El respectivo profesional sanitario informar\u00e1 exhaustivamente al cliente sobre el procedimiento, los posibles efectos secundarios, las contraindicaciones y los resultados esperados antes de la realizaci\u00f3n del tratamiento. El consentimiento del cliente para el tratamiento se realizar\u00e1 por escrito antes del inicio de la intervenci\u00f3n.<\/p>\n<p><strong>3.4<\/strong>\u00a0El cliente se compromete a observar las indicaciones de post-tratamiento del Proveedor. El Proveedor no asumir\u00e1 responsabilidad alguna por las complicaciones que resulten del incumplimiento de dichas indicaciones.<\/p>\n<h3>4. Protecci\u00f3n de Datos y Publicidad<\/h3>\n<p>El Proveedor recopila, almacena y procesa datos personales del cliente en la medida necesaria para la iniciaci\u00f3n, ejecuci\u00f3n y gesti\u00f3n del contrato, as\u00ed como para la atenci\u00f3n al cliente. Esto se lleva a cabo en cumplimiento de las leyes de protecci\u00f3n de datos aplicables, en particular el Reglamento General de Protecci\u00f3n de Datos (RGPD).<\/p>\n<p><strong>4.1<\/strong>\u00a0Al visitar el sitio web y en el marco del primer contacto, se recopilar\u00e1n los siguientes datos, en la medida en que sean proporcionados por el cliente:<\/p>\n<ul>\n<li>Nombre<\/li>\n<li>Direcci\u00f3n de correo electr\u00f3nico<\/li>\n<li>N\u00famero de tel\u00e9fono<\/li>\n<li>Fotos (p. ej., cuero cabelludo, estado del cabello)<\/li>\n<\/ul>\n<p>En el curso posterior de la comunicaci\u00f3n (p. ej., por correo electr\u00f3nico o tel\u00e9fono), se podr\u00e1n recopilar adicionalmente los siguientes datos:<\/p>\n<ul>\n<li>Direcci\u00f3n de domicilio<\/li>\n<li>Datos profesionales<\/li>\n<li>Enfermedades preexistentes, especialmente en relaci\u00f3n con el tratamiento deseado<\/li>\n<li>Alergias<\/li>\n<li>Otra informaci\u00f3n de salud o personal necesaria para una consulta o la realizaci\u00f3n del tratamiento<\/li>\n<\/ul>\n<p>La recopilaci\u00f3n de estos datos sirve para la preparaci\u00f3n, ejecuci\u00f3n y seguimiento adecuado del tratamiento o de los servicios intermediados. Los datos relacionados con la salud solo se recopilar\u00e1n si son necesarios para la ejecuci\u00f3n del contrato y sobre la base de su consentimiento expreso de conformidad con el Art. 9 Apdo. 2 lit. a RGPD.<\/p>\n<p><strong>4.2<\/strong>\u00a0Con la provisi\u00f3n de sus datos de contacto, el cliente consiente que el Proveedor pueda contactarlo para consulta, atenci\u00f3n o informaci\u00f3n sobre servicios similares por correo electr\u00f3nico, mensajer\u00eda o tel\u00e9fono. Este consentimiento puede ser revocado en cualquier momento con efecto para el futuro.<br \/>\nUna revocaci\u00f3n implicar\u00e1 que no se realizar\u00e1 m\u00e1s contacto publicitario. La revocaci\u00f3n es posible de forma informal, p. ej., por correo electr\u00f3nico (spain@elithairtransplant.com), tel\u00e9fono o correo postal.<br \/>\n<strong>4.3<\/strong>\u00a0La transferencia de datos personales a terceros se realizar\u00e1 exclusivamente en la medida en que sea necesaria para la ejecuci\u00f3n del contrato intermediado o acordado y \u00fanicamente en cumplimiento de las normativas de protecci\u00f3n de datos, en particular seg\u00fan el Art. 44 y ss. RGPD.<\/p>\n<h3>5. Cl\u00e1usula de Salvaguarda<\/h3>\n<p>Si alguna de las disposiciones de estas CGC fuera o llegara a ser inv\u00e1lida o inaplicable, la validez de las dem\u00e1s disposiciones no se ver\u00e1 afectada. La cl\u00e1usula inv\u00e1lida ser\u00e1 sustituida por una disposici\u00f3n que se aproxime lo m\u00e1s posible a la finalidad econ\u00f3mica de la disposici\u00f3n original.<\/p>\n<p><strong>Nota:<\/strong> Las presentes CGC sustituyen a todas las versiones anteriores y entran en vigor con su publicaci\u00f3n.<\/p>\n\t\t\t<\/div>\n\t\t\n\t\t\t<\/div>\n<\/section>\n","protected":false},"excerpt":{"rendered":"","protected":false},"author":1,"featured_media":0,"parent":0,"menu_order":0,"comment_status":"closed","ping_status":"closed","template":"","meta":{"_acf_changed":false,"_yoast_wpseo_focuskw":"","_yoast_wpseo_title":"T\u00e9rminos y condiciones - Elithair","_yoast_wpseo_metadesc":"","_yoast_wpseo_meta-robots-noindex":"1","_yoast_wpseo_meta-robots-nofollow":"1","_yoast_wpseo_meta-robots-adv":"","_yoast_wpseo_canonical":"","_yoast_wpseo_opengraph-title":"T\u00e9rminos y condiciones","_yoast_wpseo_opengraph-description":"","_yoast_wpseo_opengraph-image":"https:\/\/elithair.es\/wp-content\/uploads\/2024\/03\/elithair-logo-secondary.png","_yoast_wpseo_twitter-title":"","_yoast_wpseo_twitter-description":"","_yoast_wpseo_twitter-image":"","_hm_hreflang_map":[],"_hm_language_code":"","footnotes":""},"class_list":["post-89226","page","type-page","status-publish","hentry"],"acf":[],"yoast_head":"<!-- This site is optimized with the Yoast SEO Premium plugin v27.5 (Yoast SEO v27.5) - https:\/\/yoast.com\/product\/yoast-seo-premium-wordpress\/ -->\n<title>T\u00e9rminos y condiciones - Elithair<\/title>\n<meta name=\"robots\" content=\"noindex, nofollow\" \/>\n<meta property=\"og:locale\" content=\"es_ES\" \/>\n<meta property=\"og:type\" content=\"article\" \/>\n<meta property=\"og:title\" content=\"T\u00e9rminos y condiciones\" \/>\n<meta property=\"og:url\" content=\"https:\/\/elithair.com\/es\/terminos-y-condiciones\/\" \/>\n<meta property=\"og:site_name\" content=\"Elithair\" \/>\n<meta property=\"article:modified_time\" content=\"2026-04-25T19:04:52+00:00\" \/>\n<meta property=\"og:image\" content=\"https:\/\/elithair.es\/wp-content\/uploads\/2024\/03\/elithair-logo-secondary.png\" \/>\n<meta name=\"twitter:card\" content=\"summary_large_image\" \/>\n<meta name=\"twitter:title\" content=\"T\u00e9rminos y condiciones\" \/>\n<script type=\"application\/ld+json\" class=\"yoast-schema-graph\">{\"@context\":\"https:\\\/\\\/schema.org\",\"@graph\":[{\"@type\":\"WebPage\",\"@id\":\"https:\\\/\\\/elithair.com\\\/es\\\/terminos-y-condiciones\\\/\",\"url\":\"https:\\\/\\\/elithair.com\\\/es\\\/terminos-y-condiciones\\\/\",\"name\":\"T\u00e9rminos y condiciones - Elithair\",\"isPartOf\":{\"@id\":\"https:\\\/\\\/elithair.com\\\/es\\\/#website\"},\"datePublished\":\"2026-04-18T14:09:38+00:00\",\"dateModified\":\"2026-04-25T19:04:52+00:00\",\"breadcrumb\":{\"@id\":\"https:\\\/\\\/elithair.com\\\/es\\\/terminos-y-condiciones\\\/#breadcrumb\"},\"inLanguage\":\"es\",\"potentialAction\":[{\"@type\":\"ReadAction\",\"target\":[\"https:\\\/\\\/elithair.com\\\/es\\\/terminos-y-condiciones\\\/\"]}]},{\"@type\":\"BreadcrumbList\",\"@id\":\"https:\\\/\\\/elithair.com\\\/es\\\/terminos-y-condiciones\\\/#breadcrumb\",\"itemListElement\":[{\"@type\":\"ListItem\",\"position\":1,\"name\":\"Home\",\"item\":\"https:\\\/\\\/elithair.com\\\/es\\\/\"},{\"@type\":\"ListItem\",\"position\":2,\"name\":\"T\u00e9rminos y condiciones\"}]},{\"@type\":\"WebSite\",\"@id\":\"https:\\\/\\\/elithair.com\\\/es\\\/#website\",\"url\":\"https:\\\/\\\/elithair.com\\\/es\\\/\",\"name\":\"Elithair\",\"description\":\"La mayor cl\u00ednica de Injerto Capilar en Turqu\u00eda\",\"alternateName\":\"la mejor cl\u00ednica de trasplante capilar en Turqu\u00eda\",\"potentialAction\":[{\"@type\":\"SearchAction\",\"target\":{\"@type\":\"EntryPoint\",\"urlTemplate\":\"https:\\\/\\\/elithair.com\\\/es\\\/?s={search_term_string}\"},\"query-input\":{\"@type\":\"PropertyValueSpecification\",\"valueRequired\":true,\"valueName\":\"search_term_string\"}}],\"inLanguage\":\"es\"}]}<\/script>\n<!-- \/ Yoast SEO Premium plugin. -->","yoast_head_json":{"title":"T\u00e9rminos y condiciones - Elithair","robots":{"index":"noindex","follow":"nofollow"},"og_locale":"es_ES","og_type":"article","og_title":"T\u00e9rminos y condiciones","og_url":"https:\/\/elithair.com\/es\/terminos-y-condiciones\/","og_site_name":"Elithair","article_modified_time":"2026-04-25T19:04:52+00:00","og_image":[{"url":"https:\/\/elithair.es\/wp-content\/uploads\/2024\/03\/elithair-logo-secondary.png","type":"","width":"","height":""}],"twitter_card":"summary_large_image","twitter_title":"T\u00e9rminos y condiciones","schema":{"@context":"https:\/\/schema.org","@graph":[{"@type":"WebPage","@id":"https:\/\/elithair.com\/es\/terminos-y-condiciones\/","url":"https:\/\/elithair.com\/es\/terminos-y-condiciones\/","name":"T\u00e9rminos y condiciones - Elithair","isPartOf":{"@id":"https:\/\/elithair.com\/es\/#website"},"datePublished":"2026-04-18T14:09:38+00:00","dateModified":"2026-04-25T19:04:52+00:00","breadcrumb":{"@id":"https:\/\/elithair.com\/es\/terminos-y-condiciones\/#breadcrumb"},"inLanguage":"es","potentialAction":[{"@type":"ReadAction","target":["https:\/\/elithair.com\/es\/terminos-y-condiciones\/"]}]},{"@type":"BreadcrumbList","@id":"https:\/\/elithair.com\/es\/terminos-y-condiciones\/#breadcrumb","itemListElement":[{"@type":"ListItem","position":1,"name":"Home","item":"https:\/\/elithair.com\/es\/"},{"@type":"ListItem","position":2,"name":"T\u00e9rminos y condiciones"}]},{"@type":"WebSite","@id":"https:\/\/elithair.com\/es\/#website","url":"https:\/\/elithair.com\/es\/","name":"Elithair","description":"La mayor cl\u00ednica de Injerto Capilar en Turqu\u00eda","alternateName":"la mejor cl\u00ednica de trasplante capilar en Turqu\u00eda","potentialAction":[{"@type":"SearchAction","target":{"@type":"EntryPoint","urlTemplate":"https:\/\/elithair.com\/es\/?s={search_term_string}"},"query-input":{"@type":"PropertyValueSpecification","valueRequired":true,"valueName":"search_term_string"}}],"inLanguage":"es"}]}},"jetpack_sharing_enabled":true,"_links":{"self":[{"href":"https:\/\/elithair.com\/es\/wp-json\/wp\/v2\/pages\/89226","targetHints":{"allow":["GET"]}}],"collection":[{"href":"https:\/\/elithair.com\/es\/wp-json\/wp\/v2\/pages"}],"about":[{"href":"https:\/\/elithair.com\/es\/wp-json\/wp\/v2\/types\/page"}],"author":[{"embeddable":true,"href":"https:\/\/elithair.com\/es\/wp-json\/wp\/v2\/users\/1"}],"replies":[{"embeddable":true,"href":"https:\/\/elithair.com\/es\/wp-json\/wp\/v2\/comments?post=89226"}],"version-history":[{"count":1,"href":"https:\/\/elithair.com\/es\/wp-json\/wp\/v2\/pages\/89226\/revisions"}],"predecessor-version":[{"id":89800,"href":"https:\/\/elithair.com\/es\/wp-json\/wp\/v2\/pages\/89226\/revisions\/89800"}],"wp:attachment":[{"href":"https:\/\/elithair.com\/es\/wp-json\/wp\/v2\/media?parent=89226"}],"curies":[{"name":"wp","href":"https:\/\/api.w.org\/{rel}","templated":true}]}}