{"id":84,"date":"2026-04-11T08:52:05","date_gmt":"2026-04-11T08:52:05","guid":{"rendered":"https:\/\/unified.elitexperiments.com\/de\/?page_id=84"},"modified":"2026-05-03T13:37:40","modified_gmt":"2026-05-03T11:37:40","slug":"haartransplantation-hannover","status":"publish","type":"page","link":"https:\/\/elithair.com\/de\/informationen\/deutsche-anlaufstellen\/haartransplantation-hannover\/","title":{"rendered":"Haartransplantation Beratung in Hannover"},"content":{"rendered":"<section class=\"wp-block-elh-main-hero main-hero dark-layout has-top-right-circle\">\n\t<div class=\"main-hero__container container\">\n\t\t\t\t\t<header class=\"main-hero__header\">\t\t\t\t\n\t\t\t\t<h1>\t\t\t\t\tHaartransplantation Beratung in Hannover\t\t\t\t<\/h1>\t\t\t<\/header>\n\t\t\n\t\t\t\t\t<div class=\"main-hero__content\">\n\t\t\t\t<p><strong><br \/>\n<\/strong>Ihre Experten in der Hauptstadt Niedersachsens<\/p>\n<p>In Hannover, der nieders\u00e4chsischen Landeshauptstadt, beginnt Ihr Weg zu dichtem und gesundem Haar. Unsere erfahrenen Berater nehmen sich Zeit f\u00fcr Sie und beantworten alle Fragen rund um Ihre Haartransplantation.<\/p>\n<p>Bauen Sie auf die Expertise aus mehr als 150.000 erfolgreich durchgef\u00fchrten Eingriffen \u2013 und vertrauen Sie auf Elithair, Europas Marktf\u00fchrer.<\/p>\n\t\t\t<\/div>\n\t\t\n\t\t\t\t\t<div class=\"main-hero__media\">\n\t\t\t\t<img decoding=\"async\" src=\"https:\/\/elithair.com\/de\/wp-content\/uploads\/sites\/2\/2026\/04\/600x600.svg\" class=\"hero-image\" alt=\"\" loading=\"eager\" fetchpriority=\"high\" sizes=\"(max-width: 767px) 40vw, (max-width: 1023px) 23vw, 25vw\" \/>\t\t\t<\/div>\n\t\t\t\t\t\t\t<div class=\"main-hero__btn-list btn-list\">\n\t\t\t\t\t\t\t\t<div class=\"btn-item\">\n\t\t\t\t\t<a\n\t\t\t\t\t\thref=\"https:\/\/elithair.com\/de\/haaranalyse\/\"\t\t\t\t\t\tclass=\"btn\"\n\t\t\t\t\t>\n\t\t\t\t\t\tKostenlose Haaranalyse\t\t\t\t\t<\/a>\n\t\t\t\t<\/div>\n\t\t\t\t\t\t\t\t\t\t\t<\/div>\n\t\t\t<\/div>\n\t\t\n\t<\/section>\n\n\n<section class=\"wp-block-elh-content-media content-media layout-simple styled-ul ul-default ul-default-box bg-grey\">\n\t<div class=\"content-media__container container\">\n\t\t\t\t\t<header class=\"content-media__header\">\n\t\t\t\t\t\t\t\t\t<h2>\t\t\t\t\t\tElithair Beratung \u2013 kompetent und nah\t\t\t\t\t<\/h2>\t\t\t\t\t\t\t\t\t\t\t<\/header>\n\t\t\n\t\t\t\t\t<div class=\"content-media__media hide-shadow\">\n\t\t\t\t<figure><img decoding=\"async\" width=\"660\" height=\"380\" src=\"https:\/\/elithair.com\/de\/wp-content\/uploads\/sites\/2\/2026\/04\/aussenansicht-elithair-praxis-fuer-prp-behandlungen-und-haartransplantation-beratung-hannover.webp\" class=\"attachment-large size-large\" alt=\"Bild zeigt die seitliche Au\u00dfenansicht der Elithair Praxis f\u00fcr PRP Behandlungen und Haartransplantation Beratung in Hannover\" loading=\"lazy\" srcset=\"https:\/\/elithair.com\/de\/wp-content\/uploads\/sites\/2\/2026\/04\/aussenansicht-elithair-praxis-fuer-prp-behandlungen-und-haartransplantation-beratung-hannover.webp 660w, https:\/\/elithair.com\/de\/wp-content\/uploads\/sites\/2\/2026\/04\/aussenansicht-elithair-praxis-fuer-prp-behandlungen-und-haartransplantation-beratung-hannover-300x173.webp 300w\" sizes=\"auto, (max-width: 660px) 100vw, 660px\" \/><\/figure>\t\t\t<\/div>\n\t\t\t\t\t\t<div class=\"content-media__content\">\n\t\t\t<p>Ihr pers\u00f6nliches Beratungsgespr\u00e4ch findet in unserer Praxis in Hannover statt \u2013 modern ausgestattet, im Westen der Stadt gelegen und bequem mit \u00f6ffentlichen Verkehrsmitteln erreichbar. Dabei analysieren wir Ihre Haarsituation sorgf\u00e4ltig und kl\u00e4ren, ob eine\u00a0<a href=\"https:\/\/elithair.com\/de\/behandlungen\/haartransplantation\/\">Haartransplantation<\/a>\u00a0oder Barttransplantation f\u00fcr Sie sinnvoll ist.<\/p>\n<p>Adresse:<br \/>\nDavenstedter Str. 240, 30455 Hannover<\/p>\n<p>Im Anschluss entscheiden Sie selbst, ob Sie den Eingriff in unserer international bekannten Klinik in Istanbul durchf\u00fchren lassen m\u00f6chten.<\/p>\n\t\t<\/div>\n\t\t\n\t\t\n\t\t\t<\/div>\n<\/section>\n\n\n<section class=\"wp-block-elh-content-media content-media layout-simple right-media styled-ul ul-default ul-default-box bg-secondary dark-layout\">\n\t<div class=\"content-media__container container\">\n\t\t\t\t\t<header class=\"content-media__header\">\n\t\t\t\t\t\t\t\t\t<h2>\t\t\t\t\t\tDer Beginn Ihrer Haarreise in Hannover\t\t\t\t\t<\/h2>\t\t\t\t\t\t\t\t\t\t\t<\/header>\n\t\t\n\t\t\t\t\t<div class=\"content-media__media\">\n\t\t\t\t<figure><img decoding=\"async\" width=\"660\" height=\"380\" src=\"https:\/\/elithair.com\/de\/wp-content\/uploads\/sites\/2\/2026\/04\/dr-balwi-mit-assistentin-patient-haarlinie-einzeichnen-1.webp\" class=\"attachment-large size-large\" alt=\"Bild zeigt Dr. Balwi und Elithair Assistentin beim Einzeichnen der Haarlinie bei einem Patienten\" loading=\"lazy\" srcset=\"https:\/\/elithair.com\/de\/wp-content\/uploads\/sites\/2\/2026\/04\/dr-balwi-mit-assistentin-patient-haarlinie-einzeichnen-1.webp 660w, https:\/\/elithair.com\/de\/wp-content\/uploads\/sites\/2\/2026\/04\/dr-balwi-mit-assistentin-patient-haarlinie-einzeichnen-1-300x173.webp 300w\" sizes=\"auto, (max-width: 660px) 100vw, 660px\" \/><\/figure>\t\t\t<\/div>\n\t\t\t\t\t\t<div class=\"content-media__content\">\n\t\t\t<p>Bei Ihrer Beratung in Hannover erfahren Sie nicht nur, ob eine Haartransplantation die richtige L\u00f6sung f\u00fcr Sie ist, sondern auch Details zu den Behandlungsmethoden, zum Ablauf und zu den Kosten.<\/p>\n<p>Die anschlie\u00dfende Operation in Istanbul bietet Ihnen modernste Technik, international erfahrene Teams und h\u00f6chste medizinische Standards \u2013 f\u00fcr ein Ergebnis, das \u00fcberzeugt.<\/p>\n\t\t<\/div>\n\t\t\n\t\t\n\t\t\t<\/div>\n<\/section>\n\n\n<section class=\"wp-block-elh-content-media content-media layout-simple styled-ul ul-default ul-default-box bg-grey\">\n\t<div class=\"content-media__container container\">\n\t\t\t\t\t<header class=\"content-media__header\">\n\t\t\t\t\t\t\t\t\t<h2>\t\t\t\t\t\tDarum entscheiden sich Patienten f\u00fcr Elithair\t\t\t\t\t<\/h2>\t\t\t\t\t\t\t\t\t\t\t<\/header>\n\t\t\n\t\t\t\t\t<div class=\"content-media__media hide-shadow\">\n\t\t\t\t<figure><img decoding=\"async\" width=\"650\" height=\"446\" src=\"https:\/\/elithair.com\/de\/wp-content\/uploads\/sites\/2\/2026\/04\/patient-alexander-b-nach-haartransplantation-elithair.webp\" class=\"attachment-large size-large\" alt=\"Patient Alexander B. nach seiner Haartransplantation bei Elithair \u2013 deutlich voller und dichteres Haar\" loading=\"lazy\" srcset=\"https:\/\/elithair.com\/de\/wp-content\/uploads\/sites\/2\/2026\/04\/patient-alexander-b-nach-haartransplantation-elithair.webp 650w, https:\/\/elithair.com\/de\/wp-content\/uploads\/sites\/2\/2026\/04\/patient-alexander-b-nach-haartransplantation-elithair-300x206.webp 300w\" sizes=\"auto, (max-width: 650px) 100vw, 650px\" \/><\/figure>\t\t\t<\/div>\n\t\t\t\t\t\t<div class=\"content-media__content\">\n\t\t\t<p>Mit Elithair entscheiden Sie sich nicht nur f\u00fcr eine Haartransplantation, sondern f\u00fcr die Qualit\u00e4t und Sicherheit des europ\u00e4ischen Marktf\u00fchrers \u2013 und damit f\u00fcr ein\u00a0<a href=\"https:\/\/elithair.com\/de\/haartransplantation-vorher-nachher\/\">Resultat, das begeistert<\/a>.<\/p>\n<p>Unsere Patienten genie\u00dfen Vorteile, die uns einzigartig machen:<\/p>\n<ul>\n<li>Behandlung in der gr\u00f6\u00dften Haarklinik der Welt<\/li>\n<li>Exklusive Techniken wie NEO FUE und SDHI<\/li>\n<li>\u00dcber 11.000 positive Bewertungen<\/li>\n<li>International erfahrene \u00c4rzte und Fachkr\u00e4fte<\/li>\n<li>Pers\u00f6nliche Betreuung durch deutschsprachige Ansprechpartner<\/li>\n<li>Weiterempfehlungsrate von 99 %<\/li>\n<li>H\u00f6chste Hygiene- und Qualit\u00e4tsstandards<\/li>\n<\/ul>\n\t\t<\/div>\n\t\t\n\t\t\n\t\t\t\t\t<div class=\"content-media__btn-list btn-list\">\n\t\t\t\t<div class=\"btn-item\">\n\t\t\t\t\t<a\n\t\t\t\t\t\tclass=\"btn\"\n\t\t\t\t\t\thref=\"https:\/\/elithair.com\/de\/haaranalyse\/\"\t\t\t\t\t>Angebot berechnen<\/a>\n\t\t\t\t<\/div>\n\t\t\t<\/div>\n\t\t\t<\/div>\n<\/section>\n\n\n<section class=\"wp-block-elh-content-media content-media layout-simple right-media styled-ul ul-default ul-default-box bg-secondary dark-layout\">\n\t<div class=\"content-media__container container\">\n\t\t\t\t\t<header class=\"content-media__header\">\n\t\t\t\t\t\t\t\t\t<h2>\t\t\t\t\t\tTransparenter Preis und individuelles Angebot\t\t\t\t\t<\/h2>\t\t\t\t\t\t\t\t\t\t\t<\/header>\n\t\t\n\t\t\t\t\t<div class=\"content-media__media\">\n\t\t\t\t<figure><img decoding=\"async\" width=\"650\" height=\"446\" src=\"https:\/\/elithair.com\/de\/wp-content\/uploads\/sites\/2\/2026\/04\/haaranalyse-elithair-beratung-kosten-analysieren-1.webp\" class=\"attachment-large size-large\" alt=\"Arzt erstellt die Kostenkalkulation einer Haartransplantation nach individueller Haaranalyse\" loading=\"lazy\" srcset=\"https:\/\/elithair.com\/de\/wp-content\/uploads\/sites\/2\/2026\/04\/haaranalyse-elithair-beratung-kosten-analysieren-1.webp 650w, https:\/\/elithair.com\/de\/wp-content\/uploads\/sites\/2\/2026\/04\/haaranalyse-elithair-beratung-kosten-analysieren-1-300x206.webp 300w\" sizes=\"auto, (max-width: 650px) 100vw, 650px\" \/><\/figure>\t\t\t<\/div>\n\t\t\t\t\t\t<div class=\"content-media__content\">\n\t\t\t<p>Jeder Haarausfall ist einzigartig \u2013 deshalb kalkuliert Elithair die\u00a0<a href=\"https:\/\/elithair.com\/de\/preise\/\">Kosten Ihrer Haartransplantation<\/a>\u00a0niemals pauschal. Auf Basis Ihrer pers\u00f6nlichen Haarsituation und der ben\u00f6tigten Anzahl an Grafts erstellen wir f\u00fcr Sie in Hannover ein unverbindliches und kostenfreies Angebot.<\/p>\n<p>Dabei setzen wir auf absolute Transparenz: Sie wissen genau, welche Leistungen enthalten sind, und k\u00f6nnen in Ruhe Ihre Entscheidung treffen. Starten Sie den ersten Schritt und sichern Sie sich Ihr individuelles Angebot.<\/p>\n\t\t<\/div>\n\t\t\n\t\t\n\t\t\t\t\t<div class=\"content-media__btn-list btn-list\">\n\t\t\t\t<div class=\"btn-item\">\n\t\t\t\t\t<a\n\t\t\t\t\t\tclass=\"btn\"\n\t\t\t\t\t\thref=\"https:\/\/elithair.com\/de\/haaranalyse\/\"\t\t\t\t\t>Angebot berechnen<\/a>\n\t\t\t\t<\/div>\n\t\t\t<\/div>\n\t\t\t<\/div>\n<\/section>\n\n\n<section class=\"wp-block-elh-content-media content-media layout-simple styled-ul ul-default ul-default-box bg-grey\">\n\t<div class=\"content-media__container container\">\n\t\t\t\t\t<header class=\"content-media__header\">\n\t\t\t\t\t\t\t\t\t<h2>\t\t\t\t\t\tW\u00fcnschen Sie sich einen dichten Bart?\t\t\t\t\t<\/h2>\t\t\t\t\t\t\t\t\t\t\t<\/header>\n\t\t\n\t\t\t\t\t<div class=\"content-media__media hide-shadow\">\n\t\t\t\t<figure><img decoding=\"async\" width=\"650\" height=\"446\" src=\"https:\/\/elithair.com\/de\/wp-content\/uploads\/sites\/2\/2026\/04\/barttransplantation-ergebnis-elithair-patient-jay-j.webp\" class=\"attachment-large size-large\" alt=\"Ergebnis des Elithair-Patienten Jay J. nach Barttransplantation \u2013 dichter, gleichm\u00e4\u00dfiger Bartwuchs\" loading=\"lazy\" srcset=\"https:\/\/elithair.com\/de\/wp-content\/uploads\/sites\/2\/2026\/04\/barttransplantation-ergebnis-elithair-patient-jay-j.webp 650w, https:\/\/elithair.com\/de\/wp-content\/uploads\/sites\/2\/2026\/04\/barttransplantation-ergebnis-elithair-patient-jay-j-300x206.webp 300w\" sizes=\"auto, (max-width: 650px) 100vw, 650px\" \/><\/figure>\t\t\t<\/div>\n\t\t\t\t\t\t<div class=\"content-media__content\">\n\t\t\t<p>Ein dichter, gleichm\u00e4\u00dfiger Bart ist ein Symbol f\u00fcr St\u00e4rke und Attraktivit\u00e4t. Doch nicht jeder Mann hat von Natur aus den gew\u00fcnschten Bartwuchs. Genau hier setzt Elithair an: In Hannover beraten Sie unsere Experten ausf\u00fchrlich zur\u00a0<a href=\"https:\/\/elithair.com\/de\/behandlungen\/barthaartransplantation\/\">Barttransplantation<\/a>.<\/p>\n<p>Dabei erfahren Sie alles \u00fcber den Ablauf, die Techniken und die Kosten. Die eigentliche Transplantation wird anschlie\u00dfend in unserer international f\u00fchrenden Klinik in Istanbul durchgef\u00fchrt \u2013 professionell, sicher und mit h\u00f6chstem Qualit\u00e4tsanspruch.<\/p>\n<p>Starten Sie in Hannover mit Ihrer pers\u00f6nlichen Beratung und machen Sie den ersten Schritt zu einem markanten, selbstbewussten Auftritt.<\/p>\n\t\t<\/div>\n\t\t\n\t\t\n\t\t\t\t\t<div class=\"content-media__btn-list btn-list\">\n\t\t\t\t<div class=\"btn-item\">\n\t\t\t\t\t<a\n\t\t\t\t\t\tclass=\"btn\"\n\t\t\t\t\t\thref=\"https:\/\/elithair.com\/de\/haaranalyse\/\"\t\t\t\t\t>Kostenlose Haaranalyse<\/a>\n\t\t\t\t<\/div>\n\t\t\t<\/div>\n\t\t\t<\/div>\n<\/section>\n\n\n<section class=\"wp-block-elh-content-media content-media layout-simple right-media styled-ul ul-default ul-default-box bg-secondary dark-layout\">\n\t<div class=\"content-media__container container\">\n\t\t\t\t\t<header class=\"content-media__header\">\n\t\t\t\t\t\t\t\t\t<h2>\t\t\t\t\t\tElithair Beratung in Hannover\t\t\t\t\t<\/h2>\t\t\t\t\t\t\t\t\t\t\t<\/header>\n\t\t\n\t\t\t\t\t<div class=\"content-media__media hide-shadow\">\n\t\t\t\t<figure><img decoding=\"async\" width=\"1\" height=\"1\" src=\"https:\/\/elithair.com\/de\/wp-content\/uploads\/sites\/2\/2026\/04\/deutschland-Karte-standorte.svg\" class=\"attachment-large size-large\" alt=\"Deutschlandkarte mit den Elithair Standorten\" loading=\"lazy\" \/><\/figure>\t\t\t<\/div>\n\t\t\t\t\t\t<div class=\"content-media__content\">\n\t\t\t<p>Mit \u00fcber 150.000 erfolgreichen Behandlungen und modernsten Methoden hat sich Elithair, die gr\u00f6\u00dfte Haarklinik der elt, als Europas Marktf\u00fchrer etabliert.<\/p>\n<p>In Hannover haben Sie die M\u00f6glichkeit, mit einer kostenlosen Haaranalyse den ersten Schritt zu machen. Unsere Experten beraten Sie individuell, transparent und unverbindlich \u2013 damit Ihr Weg zu vollem Haar so einfach wie m\u00f6glich wird.<\/p>\n\t\t<\/div>\n\t\t\n\t\t\n\t\t\t\t\t<div class=\"content-media__btn-list btn-list\">\n\t\t\t\t<div class=\"btn-item\">\n\t\t\t\t\t<a\n\t\t\t\t\t\tclass=\"btn\"\n\t\t\t\t\t\thref=\"https:\/\/elithair.com\/de\/haaranalyse\/\"\t\t\t\t\t> Haaranalyse starten<\/a>\n\t\t\t\t<\/div>\n\t\t\t<\/div>\n\t\t\t<\/div>\n<\/section>\n\n\n<section class=\"wp-block-elh-faq-list faq-list bg-white\">\n\t<div class=\"faq-list__container container\">\n\t\t\t\t\t<header class=\"faq-list__header\">\n\t\t\t\t<h2>H\u00e4ufig gestellte Fragen<\/h2>\n\t\t\t<\/header>\n\t\t\n\t\t\t\t\t<div class=\"faq-list__items\">\n\t\t\t\t\t\t\t\t\t<div class=\"faq\">\n\t\t\t\t\t\t\t\t\t\t\t\t\t\t\t\t\t\t\t\t\t\t\t\t\t\t\t<details>\n\t\t\t\t\t\t\t\t\t<summary>Ist eine Haartransplantation in Deutschland oder in der T\u00fcrkei sinnvoller?<\/summary>\n\t\t\t\t\t\t\t\t\t<p>In unserer Elithair-Klinik in Istanbul f\u00fchren ausschlie\u00dflich erfahrene \u00c4rzte Ihre Haartransplantation mit modernster Ausstattung durch. Anstelle der veralteten FUT-Methode (Follicular Unit Transplantation) setzen wir ausschlie\u00dflich auf die pr\u00e4zise FUE-Technik (Follicular Unit Extraction).<\/p>\n<p>Welche Technik im Einzelfall verwendet wird, h\u00e4ngt von Ihrer Haarsituation ab. Jede verpflanzte Haarwurzel wird dabei kontrolliert, um ein dauerhaftes und nat\u00fcrliches Ergebnis zu sichern.<\/p>\n\t\t\t\t\t\t\t\t<\/details>\n\t\t\t\t\t\t\t\t\t\t\t\t\t\t\t<details>\n\t\t\t\t\t\t\t\t\t<summary>Wie erhalte ich ein Beratungsgespr\u00e4ch in Hannover?<\/summary>\n\t\t\t\t\t\t\t\t\t<p>Sie k\u00f6nnen Ihren Termin ganz bequem telefonisch oder online vereinbaren. Unsere Berater in Hannover freuen sich, Sie pers\u00f6nlich kennenzulernen und gemeinsam den n\u00e4chsten Schritt in Richtung volles Haar zu gehen.<\/p>\n\t\t\t\t\t\t\t\t<\/details>\n\t\t\t\t\t\t\t\t\t\t\t\t\t\t\t<details>\n\t\t\t\t\t\t\t\t\t<summary>Kann ich meine Anreise nach Istanbul selbst organisieren?<\/summary>\n\t\t\t\t\t\t\t\t\t<p>Nat\u00fcrlich. Sie k\u00f6nnen Ihre Reise ganz individuell planen. Wenn Sie m\u00f6chten, \u00fcbernimmt Elithair jedoch auch die Buchung f\u00fcr Hin- und R\u00fcckflug, sodass Sie sich entspannt zur\u00fccklehnen k\u00f6nnen.<\/p>\n\t\t\t\t\t\t\t\t<\/details>\n\t\t\t\t\t\t\t\t\t\t\t\t\t\t\t<details>\n\t\t\t\t\t\t\t\t\t<summary>Was geschieht nach meiner Beratung in Hannover?<\/summary>\n\t\t\t\t\t\t\t\t\t<p>Wenn Sie sich f\u00fcr eine Haartransplantation bei Elithair entscheiden, k\u00fcmmert sich Ihr pers\u00f6nlicher Ansprechpartner um die komplette Organisation. Sie erhalten alle relevanten Informationen und k\u00f6nnen sich auf einen reibungslosen Ablauf verlassen.<\/p>\n\t\t\t\t\t\t\t\t<\/details>\n\t\t\t\t\t\t\t\t\t\t\t\t\t\t\t\t\t\t<\/div>\n\t\t\t\t\t\t\t<\/div>\n\t\t\n\t\t\t<\/div>\n<\/section>\n\n","protected":false},"excerpt":{"rendered":"","protected":false},"author":10,"featured_media":0,"parent":67,"menu_order":0,"comment_status":"closed","ping_status":"closed","template":"","meta":{"_acf_changed":false,"_yoast_wpseo_focuskw":"","_yoast_wpseo_title":"Haartransplantation Beratung in Hannover | Elithair","_yoast_wpseo_metadesc":"Kostenlose Haaranalyse in Hannover: Lassen Sie sich von Elithair beraten. Transparent, unverbindlich & individuell \u2013 Ihr erster Schritt zu vollem Haar.","_yoast_wpseo_meta-robots-noindex":"","_yoast_wpseo_meta-robots-nofollow":"","_yoast_wpseo_meta-robots-adv":"","_yoast_wpseo_canonical":"","_yoast_wpseo_opengraph-title":"","_yoast_wpseo_opengraph-description":"","_yoast_wpseo_opengraph-image":"https:\/\/elithair.com\/de\/wp-content\/uploads\/sites\/2\/2026\/05\/haartransplantation-hannover.png","_yoast_wpseo_twitter-title":"","_yoast_wpseo_twitter-description":"","_yoast_wpseo_twitter-image":"https:\/\/elithair.com\/de\/wp-content\/uploads\/sites\/2\/2026\/05\/haartransplantation-hannover.png","_hm_hreflang_map":{"de":84,"x_default":84},"_hm_language_code":"de","footnotes":""},"class_list":["post-84","page","type-page","status-publish","hentry"],"acf":[],"yoast_head":"<!-- This site is optimized with the Yoast SEO Premium plugin v27.5 (Yoast SEO v27.5) - https:\/\/yoast.com\/product\/yoast-seo-premium-wordpress\/ -->\n<title>Haartransplantation Beratung in Hannover | Elithair<\/title>\n<meta name=\"description\" content=\"Kostenlose Haaranalyse in Hannover: Lassen Sie sich von Elithair beraten. Transparent, unverbindlich &amp; individuell \u2013 Ihr erster Schritt zu vollem Haar.\" \/>\n<meta name=\"robots\" content=\"noindex, follow, max-snippet:-1, max-image-preview:large, max-video-preview:-1\" \/>\n<meta property=\"og:locale\" content=\"de_DE\" \/>\n<meta property=\"og:type\" content=\"article\" \/>\n<meta property=\"og:title\" content=\"Haartransplantation Beratung in Hannover\" \/>\n<meta property=\"og:description\" content=\"Kostenlose Haaranalyse in Hannover: Lassen Sie sich von Elithair beraten. Transparent, unverbindlich &amp; individuell \u2013 Ihr erster Schritt zu vollem Haar.\" \/>\n<meta property=\"og:url\" content=\"https:\/\/elithair.com\/de\/informationen\/deutsche-anlaufstellen\/haartransplantation-hannover\/\" \/>\n<meta property=\"og:site_name\" content=\"Elithair\" \/>\n<meta property=\"article:modified_time\" content=\"2026-05-03T11:37:40+00:00\" \/>\n<meta property=\"og:image\" content=\"https:\/\/elithair.com\/de\/wp-content\/uploads\/sites\/2\/2026\/05\/haartransplantation-hannover.png\" \/>\n<meta name=\"twitter:card\" content=\"summary_large_image\" \/>\n<meta name=\"twitter:image\" content=\"https:\/\/elithair.com\/de\/wp-content\/uploads\/sites\/2\/2026\/05\/haartransplantation-hannover.png\" \/>\n<script type=\"application\/ld+json\" class=\"yoast-schema-graph\">{\"@context\":\"https:\\\/\\\/schema.org\",\"@graph\":[{\"@type\":\"WebPage\",\"@id\":\"https:\\\/\\\/elithair.com\\\/de\\\/informationen\\\/deutsche-anlaufstellen\\\/haartransplantation-hannover\\\/\",\"url\":\"https:\\\/\\\/elithair.com\\\/de\\\/informationen\\\/deutsche-anlaufstellen\\\/haartransplantation-hannover\\\/\",\"name\":\"Haartransplantation Beratung in Hannover | Elithair\",\"isPartOf\":{\"@id\":\"https:\\\/\\\/elithair.com\\\/de\\\/#website\"},\"datePublished\":\"2026-04-11T08:52:05+00:00\",\"dateModified\":\"2026-05-03T11:37:40+00:00\",\"description\":\"Kostenlose Haaranalyse in Hannover: Lassen Sie sich von Elithair beraten. Transparent, unverbindlich & individuell \u2013 Ihr erster Schritt zu vollem Haar.\",\"breadcrumb\":{\"@id\":\"https:\\\/\\\/elithair.com\\\/de\\\/informationen\\\/deutsche-anlaufstellen\\\/haartransplantation-hannover\\\/#breadcrumb\"},\"inLanguage\":\"de\",\"potentialAction\":[{\"@type\":\"ReadAction\",\"target\":[\"https:\\\/\\\/elithair.com\\\/de\\\/informationen\\\/deutsche-anlaufstellen\\\/haartransplantation-hannover\\\/\"]}]},{\"@type\":\"BreadcrumbList\",\"@id\":\"https:\\\/\\\/elithair.com\\\/de\\\/informationen\\\/deutsche-anlaufstellen\\\/haartransplantation-hannover\\\/#breadcrumb\",\"itemListElement\":[{\"@type\":\"ListItem\",\"position\":1,\"name\":\"Home\",\"item\":\"https:\\\/\\\/elithair.com\\\/de\\\/\"},{\"@type\":\"ListItem\",\"position\":2,\"name\":\"Informationen\",\"item\":\"https:\\\/\\\/elithair.com\\\/de\\\/informationen\\\/\"},{\"@type\":\"ListItem\",\"position\":3,\"name\":\"Deutsche Anlaufstellen\",\"item\":\"https:\\\/\\\/elithair.com\\\/de\\\/informationen\\\/deutsche-anlaufstellen\\\/\"},{\"@type\":\"ListItem\",\"position\":4,\"name\":\"Haartransplantation Beratung in Hannover\"}]},{\"@type\":\"WebSite\",\"@id\":\"https:\\\/\\\/elithair.com\\\/de\\\/#website\",\"url\":\"https:\\\/\\\/elithair.com\\\/de\\\/\",\"name\":\"Elithair\",\"description\":\"Haartransplantation T\u00fcrkei, Istanbul bei Europas #1\",\"alternateName\":\"Haartransplantation T\u00fcrkei, Istanbul bei Europas #1\",\"potentialAction\":[{\"@type\":\"SearchAction\",\"target\":{\"@type\":\"EntryPoint\",\"urlTemplate\":\"https:\\\/\\\/elithair.com\\\/de\\\/?s={search_term_string}\"},\"query-input\":{\"@type\":\"PropertyValueSpecification\",\"valueRequired\":true,\"valueName\":\"search_term_string\"}}],\"inLanguage\":\"de\"}]}<\/script>\n<!-- \/ Yoast SEO Premium plugin. -->","yoast_head_json":{"title":"Haartransplantation Beratung in Hannover | Elithair","description":"Kostenlose Haaranalyse in Hannover: Lassen Sie sich von Elithair beraten. Transparent, unverbindlich & individuell \u2013 Ihr erster Schritt zu vollem Haar.","robots":{"index":"noindex","follow":"follow","max-snippet":"max-snippet:-1","max-image-preview":"max-image-preview:large","max-video-preview":"max-video-preview:-1"},"og_locale":"de_DE","og_type":"article","og_title":"Haartransplantation Beratung in Hannover","og_description":"Kostenlose Haaranalyse in Hannover: Lassen Sie sich von Elithair beraten. Transparent, unverbindlich & individuell \u2013 Ihr erster Schritt zu vollem Haar.","og_url":"https:\/\/elithair.com\/de\/informationen\/deutsche-anlaufstellen\/haartransplantation-hannover\/","og_site_name":"Elithair","article_modified_time":"2026-05-03T11:37:40+00:00","og_image":[{"url":"https:\/\/elithair.com\/de\/wp-content\/uploads\/sites\/2\/2026\/05\/haartransplantation-hannover.png","type":"","width":"","height":""}],"twitter_card":"summary_large_image","twitter_image":"https:\/\/elithair.com\/de\/wp-content\/uploads\/sites\/2\/2026\/05\/haartransplantation-hannover.png","schema":{"@context":"https:\/\/schema.org","@graph":[{"@type":"WebPage","@id":"https:\/\/elithair.com\/de\/informationen\/deutsche-anlaufstellen\/haartransplantation-hannover\/","url":"https:\/\/elithair.com\/de\/informationen\/deutsche-anlaufstellen\/haartransplantation-hannover\/","name":"Haartransplantation Beratung in Hannover | Elithair","isPartOf":{"@id":"https:\/\/elithair.com\/de\/#website"},"datePublished":"2026-04-11T08:52:05+00:00","dateModified":"2026-05-03T11:37:40+00:00","description":"Kostenlose Haaranalyse in Hannover: Lassen Sie sich von Elithair beraten. Transparent, unverbindlich & individuell \u2013 Ihr erster Schritt zu vollem Haar.","breadcrumb":{"@id":"https:\/\/elithair.com\/de\/informationen\/deutsche-anlaufstellen\/haartransplantation-hannover\/#breadcrumb"},"inLanguage":"de","potentialAction":[{"@type":"ReadAction","target":["https:\/\/elithair.com\/de\/informationen\/deutsche-anlaufstellen\/haartransplantation-hannover\/"]}]},{"@type":"BreadcrumbList","@id":"https:\/\/elithair.com\/de\/informationen\/deutsche-anlaufstellen\/haartransplantation-hannover\/#breadcrumb","itemListElement":[{"@type":"ListItem","position":1,"name":"Home","item":"https:\/\/elithair.com\/de\/"},{"@type":"ListItem","position":2,"name":"Informationen","item":"https:\/\/elithair.com\/de\/informationen\/"},{"@type":"ListItem","position":3,"name":"Deutsche Anlaufstellen","item":"https:\/\/elithair.com\/de\/informationen\/deutsche-anlaufstellen\/"},{"@type":"ListItem","position":4,"name":"Haartransplantation Beratung in Hannover"}]},{"@type":"WebSite","@id":"https:\/\/elithair.com\/de\/#website","url":"https:\/\/elithair.com\/de\/","name":"Elithair","description":"Haartransplantation T\u00fcrkei, Istanbul bei Europas #1","alternateName":"Haartransplantation T\u00fcrkei, Istanbul bei Europas #1","potentialAction":[{"@type":"SearchAction","target":{"@type":"EntryPoint","urlTemplate":"https:\/\/elithair.com\/de\/?s={search_term_string}"},"query-input":{"@type":"PropertyValueSpecification","valueRequired":true,"valueName":"search_term_string"}}],"inLanguage":"de"}]}},"jetpack_sharing_enabled":true,"_links":{"self":[{"href":"https:\/\/elithair.com\/de\/wp-json\/wp\/v2\/pages\/84","targetHints":{"allow":["GET"]}}],"collection":[{"href":"https:\/\/elithair.com\/de\/wp-json\/wp\/v2\/pages"}],"about":[{"href":"https:\/\/elithair.com\/de\/wp-json\/wp\/v2\/types\/page"}],"author":[{"embeddable":true,"href":"https:\/\/elithair.com\/de\/wp-json\/wp\/v2\/users\/10"}],"replies":[{"embeddable":true,"href":"https:\/\/elithair.com\/de\/wp-json\/wp\/v2\/comments?post=84"}],"version-history":[{"count":9,"href":"https:\/\/elithair.com\/de\/wp-json\/wp\/v2\/pages\/84\/revisions"}],"predecessor-version":[{"id":104685,"href":"https:\/\/elithair.com\/de\/wp-json\/wp\/v2\/pages\/84\/revisions\/104685"}],"up":[{"embeddable":true,"href":"https:\/\/elithair.com\/de\/wp-json\/wp\/v2\/pages\/67"}],"wp:attachment":[{"href":"https:\/\/elithair.com\/de\/wp-json\/wp\/v2\/media?parent=84"}],"curies":[{"name":"wp","href":"https:\/\/api.w.org\/{rel}","templated":true}]}}