{"id":82,"date":"2026-04-11T08:50:49","date_gmt":"2026-04-11T08:50:49","guid":{"rendered":"https:\/\/unified.elitexperiments.com\/de\/?page_id=82"},"modified":"2026-05-03T13:36:17","modified_gmt":"2026-05-03T11:36:17","slug":"haartransplantation-leipzig","status":"publish","type":"page","link":"https:\/\/elithair.com\/de\/informationen\/deutsche-anlaufstellen\/haartransplantation-leipzig\/","title":{"rendered":"Haartransplantation Beratung in Leipzig"},"content":{"rendered":"<section class=\"wp-block-elh-main-hero main-hero dark-layout has-top-right-circle\">\n\t<div class=\"main-hero__container container\">\n\t\t\t\t\t<header class=\"main-hero__header\">\t\t\t\t\n\t\t\t\t<h1>\t\t\t\t\tHaartransplantation <br>Beratung in Leipzig\t\t\t\t<\/h1>\t\t\t<\/header>\n\t\t\n\t\t\t\t\t<div class=\"main-hero__content\">\n\t\t\t\t<p><strong>Ihre Elithair Experten vor Ort<\/strong><\/p>\n<p>In Leipzig, der Kultur- und Messestadt, erwartet Sie Ihr erster Schritt zu neuem Selbstbewusstsein mit vollem Haar. Unsere Spezialisten nehmen sich Zeit f\u00fcr Sie und beraten Sie individuell zu allen Fragen rund um Ihre Haartransplantation.<\/p>\n<p>Profitieren Sie dabei von der Erfahrung aus \u00fcber 150.000 erfolgreich durchgef\u00fchrten Behandlungen \u2013 und vertrauen Sie auf Europas Nr. 1.<\/p>\n\t\t\t<\/div>\n\t\t\n\t\t\t\t\t<div class=\"main-hero__media\">\n\t\t\t\t<img decoding=\"async\" width=\"600\" height=\"600\" src=\"https:\/\/elithair.com\/de\/wp-content\/uploads\/sites\/2\/2026\/04\/haartransplantation-leipzig-behandlungsraum.webp\" class=\"hero-image\" alt=\"Haartransplantation Leipzig: Moderner heller Behandlungsraum\" loading=\"eager\" fetchpriority=\"high\" sizes=\"(max-width: 767px) 40vw, (max-width: 1023px) 23vw, 25vw\" srcset=\"https:\/\/elithair.com\/de\/wp-content\/uploads\/sites\/2\/2026\/04\/haartransplantation-leipzig-behandlungsraum.webp 600w, https:\/\/elithair.com\/de\/wp-content\/uploads\/sites\/2\/2026\/04\/haartransplantation-leipzig-behandlungsraum-300x300.webp 300w, https:\/\/elithair.com\/de\/wp-content\/uploads\/sites\/2\/2026\/04\/haartransplantation-leipzig-behandlungsraum-150x150.webp 150w\" \/>\t\t\t<\/div>\n\t\t\t\t\t\t\t<div class=\"main-hero__btn-list btn-list\">\n\t\t\t\t\t\t\t\t<div class=\"btn-item\">\n\t\t\t\t\t<a\n\t\t\t\t\t\thref=\"https:\/\/elithair.com\/de\/haaranalyse\/\"\t\t\t\t\t\tclass=\"btn\"\n\t\t\t\t\t>\n\t\t\t\t\t\t Haaranalyse starten\t\t\t\t\t<\/a>\n\t\t\t\t<\/div>\n\t\t\t\t\t\t\t\t\t\t\t<\/div>\n\t\t\t<\/div>\n\t\t\n\t<\/section>\n\n\n<section class=\"wp-block-elh-content-media content-media layout-simple styled-ul ul-default ul-default-box bg-grey\">\n\t<div class=\"content-media__container container\">\n\t\t\t\t\t<header class=\"content-media__header\">\n\t\t\t\t\t\t\t\t\t<h2>\t\t\t\t\t\tIndividuelle Haaranalyse\t\t\t\t\t<\/h2>\t\t\t\t\t\t\t\t\t\t\t<\/header>\n\t\t\n\t\t\t\t\t<div class=\"content-media__media hide-shadow\">\n\t\t\t\t<figure><img decoding=\"async\" width=\"650\" height=\"446\" src=\"https:\/\/elithair.com\/de\/wp-content\/uploads\/sites\/2\/2026\/04\/aussenansicht-elithair-praxis-leipzig.webp\" class=\"attachment-large size-large\" alt=\"Au\u00dfenansicht der Elithair Praxis in Leipzig \u2013 moderner Standort im medizinischen Zentrum der Stadt f\u00fcr die PRP Behandlung und pers\u00f6nliche Beratung\" loading=\"lazy\" srcset=\"https:\/\/elithair.com\/de\/wp-content\/uploads\/sites\/2\/2026\/04\/aussenansicht-elithair-praxis-leipzig.webp 650w, https:\/\/elithair.com\/de\/wp-content\/uploads\/sites\/2\/2026\/04\/aussenansicht-elithair-praxis-leipzig-300x206.webp 300w\" sizes=\"auto, (max-width: 650px) 100vw, 650px\" \/><\/figure>\t\t\t<\/div>\n\t\t\t\t\t\t<div class=\"content-media__content\">\n\t\t\t<p>Ihr Weg zu vollem Haar beginnt hier<\/p>\n<p>Ihr pers\u00f6nliches Beratungsgespr\u00e4ch findet in Leipzig in modern ausgestatteten Praxisr\u00e4umen statt. Unsere Experten analysieren Ihre Haarsituation detailliert und teilen Ihnen mit, ob eine\u00a0<a href=\"https:\/\/elithair.com\/de\/behandlungen\/haartransplantation\/\">Haartransplantation<\/a>\u00a0oder Barttransplantation f\u00fcr Sie die passende L\u00f6sung ist.<\/p>\n<p>Adresse:<br \/>\nK\u00e4the-Kollwitz-Stra\u00dfe 66, 04109 Leipzig<\/p>\n<p>Auf dieser Grundlage k\u00f6nnen Sie selbst entscheiden, ob Sie den Eingriff in der gr\u00f6\u00dften Haarklinik der Welt in Istanbul durchf\u00fchren lassen m\u00f6chten.<\/p>\n\t\t<\/div>\n\t\t\n\t\t\n\t\t\t<\/div>\n<\/section>\n\n\n<section class=\"wp-block-elh-content-media content-media layout-simple right-media styled-ul ul-default ul-default-box bg-secondary dark-layout\">\n\t<div class=\"content-media__container container\">\n\t\t\t\t\t<header class=\"content-media__header\">\n\t\t\t\t\t\t\t\t\t<h2>\t\t\t\t\t\tHaartransplantation \u2013 Ihr Startpunkt in Leipzig\t\t\t\t\t<\/h2>\t\t\t\t\t\t\t\t\t\t\t<\/header>\n\t\t\n\t\t\t\t\t<div class=\"content-media__media\">\n\t\t\t\t<figure><img decoding=\"async\" width=\"650\" height=\"446\" src=\"https:\/\/elithair.com\/de\/wp-content\/uploads\/sites\/2\/2026\/04\/dr-balwi-elithair-team-beratung.webp\" class=\"attachment-large size-large\" alt=\"Dr. Balwi von Elithair im Gespr\u00e4ch mit zwei Expertinnen\" loading=\"lazy\" srcset=\"https:\/\/elithair.com\/de\/wp-content\/uploads\/sites\/2\/2026\/04\/dr-balwi-elithair-team-beratung.webp 650w, https:\/\/elithair.com\/de\/wp-content\/uploads\/sites\/2\/2026\/04\/dr-balwi-elithair-team-beratung-300x206.webp 300w\" sizes=\"auto, (max-width: 650px) 100vw, 650px\" \/><\/figure>\t\t\t<\/div>\n\t\t\t\t\t\t<div class=\"content-media__content\">\n\t\t\t<p>Bei Ihrer Beratung in Leipzig erfahren Sie nicht nur, ob eine Haartransplantation f\u00fcr Sie infrage kommt, sondern auch alles \u00fcber die Abl\u00e4ufe, modernste Methoden wie die FUE-Technik und die Kosten.<\/p>\n<p>Die anschlie\u00dfende Behandlung in Istanbul bietet Ihnen h\u00f6chste medizinische Standards, erfahrene internationale Teams und neueste Techniken \u2013 f\u00fcr Ihr optimales Ergebnis.<\/p>\n\t\t<\/div>\n\t\t\n\t\t\n\t\t\t<\/div>\n<\/section>\n\n\n<section class=\"wp-block-elh-content-media content-media layout-simple styled-ul ul-default ul-default-box bg-grey\">\n\t<div class=\"content-media__container container\">\n\t\t\t\t\t<header class=\"content-media__header\">\n\t\t\t\t\t\t\t\t\t<h2>\t\t\t\t\t\tIhre Vorteile mit Elithair\t\t\t\t\t<\/h2>\t\t\t\t\t\t\t\t\t\t\t<\/header>\n\t\t\n\t\t\t\t\t<div class=\"content-media__media hide-shadow\">\n\t\t\t\t<figure><img decoding=\"async\" width=\"650\" height=\"446\" src=\"https:\/\/elithair.com\/de\/wp-content\/uploads\/sites\/2\/2026\/04\/patient-achim-k-nach-haartransplantation-elithair.webp\" class=\"attachment-large size-large\" alt=\"Bilde des Elithair-Patienten Achim K.\u2013 sichtbar dichteres und volles Haar nach der Haartransplantation\" loading=\"lazy\" srcset=\"https:\/\/elithair.com\/de\/wp-content\/uploads\/sites\/2\/2026\/04\/patient-achim-k-nach-haartransplantation-elithair.webp 650w, https:\/\/elithair.com\/de\/wp-content\/uploads\/sites\/2\/2026\/04\/patient-achim-k-nach-haartransplantation-elithair-300x206.webp 300w\" sizes=\"auto, (max-width: 650px) 100vw, 650px\" \/><\/figure>\t\t\t<\/div>\n\t\t\t\t\t\t<div class=\"content-media__content\">\n\t\t\t<p>Mit Elithair entscheiden Sie sich nicht nur f\u00fcr eine Haartransplantation, sondern f\u00fcr die Sicherheit und Qualit\u00e4t des europ\u00e4ischen Marktf\u00fchrers \u2013 und damit f\u00fcr\u00a0<a href=\"https:\/\/elithair.com\/de\/haartransplantation-vorher-nachher\/\">ein Ergebnis, das begeistert<\/a>. Unsere Patienten profitieren von zahlreichen Vorteilen, die Ihre Behandlung einzigartig machen:<\/p>\n<ul>\n<li>Behandlung in der gr\u00f6\u00dften Haarklinik der Welt<\/li>\n<li>Exklusive Eigenhaar-Techniken wie NEO FUE und SDHI<\/li>\n<li>Mehr als 6.000 positive Bewertungen<\/li>\n<li>International erfahrene \u00c4rzte und Spezialisten<\/li>\n<li>Pers\u00f6nliche Betreuung durch deutsche Ansprechpartner<\/li>\n<li>Weiterempfehlungsrate von 99 %<\/li>\n<li>Strenge Hygiene- und Qualit\u00e4tsstandards<\/li>\n<\/ul>\n\t\t<\/div>\n\t\t\n\t\t\n\t\t\t<\/div>\n<\/section>\n\n\n<section class=\"wp-block-elh-content-media content-media layout-simple styled-ul ul-default ul-default-box bg-secondary dark-layout\">\n\t<div class=\"content-media__container container\">\n\t\t\t\t\t<header class=\"content-media__header\">\n\t\t\t\t\t\t\t\t\t<h2>\t\t\t\t\t\tFaire und transparente Kosten\t\t\t\t\t<\/h2>\t\t\t\t\t\t\t\t\t\t\t<\/header>\n\t\t\n\t\t\t\t\t<div class=\"content-media__media\">\n\t\t\t\t<figure><img decoding=\"async\" width=\"650\" height=\"446\" src=\"https:\/\/elithair.com\/de\/wp-content\/uploads\/sites\/2\/2026\/04\/haaranalyse-elithair-beratung-kosten-kalkulation.webp\" class=\"attachment-large size-large\" alt=\"\u00c4rztin berechnet die Kosten einer Haartransplantation anhand einer detaillierten Haaranalyse \u2013 transparente und individuelle Beratung bei Elithair\" loading=\"lazy\" srcset=\"https:\/\/elithair.com\/de\/wp-content\/uploads\/sites\/2\/2026\/04\/haaranalyse-elithair-beratung-kosten-kalkulation.webp 650w, https:\/\/elithair.com\/de\/wp-content\/uploads\/sites\/2\/2026\/04\/haaranalyse-elithair-beratung-kosten-kalkulation-300x206.webp 300w\" sizes=\"auto, (max-width: 650px) 100vw, 650px\" \/><\/figure>\t\t\t<\/div>\n\t\t\t\t\t\t<div class=\"content-media__content\">\n\t\t\t<p>Jeder Haarausfall ist anders \u2013 deshalb gibt es bei Elithair keine Pauschalpreise. Auf Grundlage Ihrer pers\u00f6nlichen Haarsituation und der ben\u00f6tigten Anzahl an Grafts erstellen unsere Experten in Leipzig f\u00fcr Sie ein kostenfreies und\u00a0<a href=\"https:\/\/elithair.com\/de\/preise\/\">unverbindliches Angebot<\/a>.<\/p>\n<p>Dabei legen wir gro\u00dfen Wert auf Fairness und Transparenz: Sie wissen genau, welche Leistungen enthalten sind, und k\u00f6nnen sich in Ruhe entscheiden. So erhalten Sie eine L\u00f6sung, die nicht nur medizinisch optimal, sondern auch finanziell realistisch ist.<\/p>\n\t\t<\/div>\n\t\t\n\t\t\n\t\t\t\t\t<div class=\"content-media__btn-list btn-list\">\n\t\t\t\t<div class=\"btn-item\">\n\t\t\t\t\t<a\n\t\t\t\t\t\tclass=\"btn\"\n\t\t\t\t\t\thref=\"https:\/\/elithair.com\/de\/haaranalyse\/\"\t\t\t\t\t>Angebot berechnen<\/a>\n\t\t\t\t<\/div>\n\t\t\t<\/div>\n\t\t\t<\/div>\n<\/section>\n\n\n<section class=\"wp-block-elh-content-media content-media layout-simple right-media styled-ul ul-default ul-default-box bg-grey\">\n\t<div class=\"content-media__container container\">\n\t\t\t\t\t<header class=\"content-media__header\">\n\t\t\t\t\t\t\t\t\t<h2>\t\t\t\t\t\tBarttransplantation Beratung in Leipzig\t\t\t\t\t<\/h2>\t\t\t\t\t\t\t\t\t\t\t<\/header>\n\t\t\n\t\t\t\t\t<div class=\"content-media__media hide-shadow\">\n\t\t\t\t<figure><img decoding=\"async\" width=\"650\" height=\"446\" src=\"https:\/\/elithair.com\/de\/wp-content\/uploads\/sites\/2\/2026\/04\/barttransplantation-ergebnis-elithair-patient-lewi-h.webp\" class=\"attachment-large size-large\" alt=\"Ergebnis des Elithair-Patienten Lewi H. nach einer Barttransplantation \u2013 dichter und gleichm\u00e4\u00dfiger Bartwuchs als sichtbares Ergebnis\" loading=\"lazy\" srcset=\"https:\/\/elithair.com\/de\/wp-content\/uploads\/sites\/2\/2026\/04\/barttransplantation-ergebnis-elithair-patient-lewi-h.webp 650w, https:\/\/elithair.com\/de\/wp-content\/uploads\/sites\/2\/2026\/04\/barttransplantation-ergebnis-elithair-patient-lewi-h-300x206.webp 300w\" sizes=\"auto, (max-width: 650px) 100vw, 650px\" \/><\/figure>\t\t\t<\/div>\n\t\t\t\t\t\t<div class=\"content-media__content\">\n\t\t\t<p>Nicht nur volles Kopfhaar ist entscheidend f\u00fcr Ihr \u00e4u\u00dferes Erscheinungsbild. Auch ein dichter, gleichm\u00e4\u00dfiger Bart verleiht Ausstrahlung und St\u00e4rke.<\/p>\n<p>Unsere Experten in Leipzig zeigen Ihnen, wie eine\u00a0<a href=\"https:\/\/elithair.com\/de\/behandlungen\/barthaartransplantation\/\">Barttransplantation<\/a>\u00a0Ihr Gesicht markanter und maskuliner wirken l\u00e4sst \u2013 professionell, sicher und mit langj\u00e4hriger Erfahrung.<\/p>\n\t\t<\/div>\n\t\t\n\t\t\n\t\t\t\t\t<div class=\"content-media__btn-list btn-list\">\n\t\t\t\t<div class=\"btn-item\">\n\t\t\t\t\t<a\n\t\t\t\t\t\tclass=\"btn\"\n\t\t\t\t\t\thref=\"https:\/\/elithair.com\/de\/haaranalyse\/\"\t\t\t\t\t>Kostenlose Haaranalyse<\/a>\n\t\t\t\t<\/div>\n\t\t\t<\/div>\n\t\t\t<\/div>\n<\/section>\n\n\n<section class=\"wp-block-elh-content-media content-media layout-simple styled-ul ul-default ul-default-box bg-secondary dark-layout\">\n\t<div class=\"content-media__container container\">\n\t\t\t\t\t<header class=\"content-media__header\">\n\t\t\t\t\t\t\t\t\t<h2>\t\t\t\t\t\tProfessionelle Beratung bei Elithair\t\t\t\t\t<\/h2>\t\t\t\t\t\t\t\t\t\t\t<\/header>\n\t\t\n\t\t\t\t\t<div class=\"content-media__media hide-shadow\">\n\t\t\t\t<figure><img decoding=\"async\" width=\"1\" height=\"1\" src=\"https:\/\/elithair.com\/de\/wp-content\/uploads\/sites\/2\/2026\/04\/deutschland-Karte-standorte.svg\" class=\"attachment-large size-large\" alt=\"Deutschlandkarte mit den Elithair Standorten\" loading=\"lazy\" \/><\/figure>\t\t\t<\/div>\n\t\t\t\t\t\t<div class=\"content-media__content\">\n\t\t\t<p>Dank modernster Methoden und der Erfahrung aus \u00fcber 150.000 erfolgreichen Behandlungen hat sich Elithair als Europas Marktf\u00fchrer fest etabliert. An unserem Standort in Leipzig haben Sie die M\u00f6glichkeit, mit einer kostenlosen Haaranalyse den ersten Schritt zu gehen.<\/p>\n<p>Unsere Experten zeigen Ihnen transparent und individuell, welche Behandlung zu Ihrer Haarsituation passt \u2013 fair, unverbindlich und professionell. So entdecken Sie, wie einfach Ihr Weg zu neuem, vollem Haar und gesteigertem Selbstbewusstsein beginnen kann.<\/p>\n\t\t<\/div>\n\t\t\n\t\t\n\t\t\t\t\t<div class=\"content-media__btn-list btn-list\">\n\t\t\t\t<div class=\"btn-item\">\n\t\t\t\t\t<a\n\t\t\t\t\t\tclass=\"btn\"\n\t\t\t\t\t\thref=\"https:\/\/elithair.com\/de\/haaranalyse\/\"\t\t\t\t\t> Haaranalyse starten<\/a>\n\t\t\t\t<\/div>\n\t\t\t<\/div>\n\t\t\t<\/div>\n<\/section>\n\n\n<section class=\"wp-block-elh-faq-list faq-list bg-white\">\n\t<div class=\"faq-list__container container\">\n\t\t\t\t\t<header class=\"faq-list__header\">\n\t\t\t\t<h2>H\u00e4ufig gestellte Fragen<\/h2>\n\t\t\t<\/header>\n\t\t\n\t\t\t\t\t<div class=\"faq-list__items\">\n\t\t\t\t\t\t\t\t\t<div class=\"faq\">\n\t\t\t\t\t\t\t\t\t\t\t\t\t\t\t\t\t\t\t\t\t\t\t\t\t\t\t<details>\n\t\t\t\t\t\t\t\t\t<summary>Ist eine Haartransplantation in Deutschland oder in der T\u00fcrkei sinnvoller?<\/summary>\n\t\t\t\t\t\t\t\t\t<p>In unserer Elithair-Klinik in Istanbul wird Ihre Haartransplantation ausschlie\u00dflich von hochspezialisierten \u00c4rzten mit modernster Ausstattung durchgef\u00fchrt. Statt der veralteten Streifentechnik (FUT, Follicular Unit Transplantation) kommt hier ausschlie\u00dflich die pr\u00e4zise FUE-Methode (Follicular Unit Extraction) zum Einsatz.<\/p>\n<p>Welche Technik f\u00fcr das Einsetzen der Haarfollikel genutzt wird, richtet sich nach Ihrer individuellen Haarsituation. Anschlie\u00dfend werden die verpflanzten Grafts sorgf\u00e4ltig kontrolliert, damit ein nat\u00fcrliches und dauerhaftes Ergebnis gesichert ist.<\/p>\n\t\t\t\t\t\t\t\t<\/details>\n\t\t\t\t\t\t\t\t\t\t\t\t\t\t\t<details>\n\t\t\t\t\t\t\t\t\t<summary>Wie bekomme ich ein Haartransplantation Beratungsgespr\u00e4ch in Leipzig?<\/summary>\n\t\t\t\t\t\t\t\t\t<p>Sie k\u00f6nnen Ihren Termin ganz einfach telefonisch oder online vereinbaren. Unsere Experten in Leipzig beraten Sie pers\u00f6nlich und freuen sich darauf, gemeinsam mit Ihnen den Weg zu vollem Haar zu starten.<\/p>\n\t\t\t\t\t\t\t\t<\/details>\n\t\t\t\t\t\t\t\t\t\t\t\t\t\t\t<details>\n\t\t\t\t\t\t\t\t\t<summary>Kann ich meine Anreise nach Istanbul selbst planen?<\/summary>\n\t\t\t\t\t\t\t\t\t<p>Ja, selbstverst\u00e4ndlich. Sie k\u00f6nnen Ihre Reise ganz individuell organisieren. Wenn Sie m\u00f6chten, \u00fcbernehmen wir jedoch gerne die Buchung f\u00fcr Sie und k\u00fcmmern uns um Hin- und R\u00fcckflug, sodass Sie sich entspannt zur\u00fccklehnen k\u00f6nnen.<\/p>\n\t\t\t\t\t\t\t\t<\/details>\n\t\t\t\t\t\t\t\t\t\t\t\t\t\t\t<details>\n\t\t\t\t\t\t\t\t\t<summary>Was passiert nach meinem Beratungsgespr\u00e4ch in Leipzig?<\/summary>\n\t\t\t\t\t\t\t\t\t<p>Wenn Sie sich nach der Beratung f\u00fcr eine Haartransplantation bei Elithair in Istanbul entscheiden, \u00fcbernimmt Ihr pers\u00f6nlicher Experte die gesamte Organisation. Sie erhalten alle wichtigen Informationen zu Ihrem Eingriff und k\u00f6nnen sich darauf verlassen, dass der Ablauf reibungslos und professionell gestaltet wird.<\/p>\n\t\t\t\t\t\t\t\t<\/details>\n\t\t\t\t\t\t\t\t\t\t\t\t\t\t\t\t\t\t<\/div>\n\t\t\t\t\t\t\t<\/div>\n\t\t\n\t\t\t<\/div>\n<\/section>\n\n","protected":false},"excerpt":{"rendered":"","protected":false},"author":10,"featured_media":0,"parent":67,"menu_order":0,"comment_status":"closed","ping_status":"closed","template":"","meta":{"_acf_changed":false,"_yoast_wpseo_focuskw":"","_yoast_wpseo_title":"Haartransplantation Beratung in Leipzig | Elithair","_yoast_wpseo_metadesc":"Kostenlose Haaranalyse in Leipzig: Lassen Sie sich von Elithair Experten beraten. Fair, transparent & unverbindlich \u2013 Ihr erster Schritt zu vollem Haar.","_yoast_wpseo_meta-robots-noindex":"","_yoast_wpseo_meta-robots-nofollow":"","_yoast_wpseo_meta-robots-adv":"","_yoast_wpseo_canonical":"","_yoast_wpseo_opengraph-title":"","_yoast_wpseo_opengraph-description":"","_yoast_wpseo_opengraph-image":"https:\/\/elithair.com\/de\/wp-content\/uploads\/sites\/2\/2026\/05\/haartransplantation-leipzig.png","_yoast_wpseo_twitter-title":"","_yoast_wpseo_twitter-description":"","_yoast_wpseo_twitter-image":"https:\/\/elithair.com\/de\/wp-content\/uploads\/sites\/2\/2026\/05\/haartransplantation-leipzig.png","_hm_hreflang_map":{"de":82,"x_default":82},"_hm_language_code":"de","footnotes":""},"class_list":["post-82","page","type-page","status-publish","hentry"],"acf":[],"yoast_head":"<!-- This site is optimized with the Yoast SEO Premium plugin v27.5 (Yoast SEO v27.5) - https:\/\/yoast.com\/product\/yoast-seo-premium-wordpress\/ -->\n<title>Haartransplantation Beratung in Leipzig | Elithair<\/title>\n<meta name=\"description\" content=\"Kostenlose Haaranalyse in Leipzig: Lassen Sie sich von Elithair Experten beraten. Fair, transparent &amp; unverbindlich \u2013 Ihr erster Schritt zu vollem Haar.\" \/>\n<meta name=\"robots\" content=\"noindex, follow, max-snippet:-1, max-image-preview:large, max-video-preview:-1\" \/>\n<meta property=\"og:locale\" content=\"de_DE\" \/>\n<meta property=\"og:type\" content=\"article\" \/>\n<meta property=\"og:title\" content=\"Haartransplantation Beratung in Leipzig\" \/>\n<meta property=\"og:description\" content=\"Kostenlose Haaranalyse in Leipzig: Lassen Sie sich von Elithair Experten beraten. Fair, transparent &amp; unverbindlich \u2013 Ihr erster Schritt zu vollem Haar.\" \/>\n<meta property=\"og:url\" content=\"https:\/\/elithair.com\/de\/informationen\/deutsche-anlaufstellen\/haartransplantation-leipzig\/\" \/>\n<meta property=\"og:site_name\" content=\"Elithair\" \/>\n<meta property=\"article:modified_time\" content=\"2026-05-03T11:36:17+00:00\" \/>\n<meta property=\"og:image\" content=\"https:\/\/elithair.com\/de\/wp-content\/uploads\/sites\/2\/2026\/05\/haartransplantation-leipzig.png\" \/>\n<meta name=\"twitter:card\" content=\"summary_large_image\" \/>\n<meta name=\"twitter:image\" content=\"https:\/\/elithair.com\/de\/wp-content\/uploads\/sites\/2\/2026\/05\/haartransplantation-leipzig.png\" \/>\n<script type=\"application\/ld+json\" class=\"yoast-schema-graph\">{\"@context\":\"https:\\\/\\\/schema.org\",\"@graph\":[{\"@type\":\"WebPage\",\"@id\":\"https:\\\/\\\/elithair.com\\\/de\\\/informationen\\\/deutsche-anlaufstellen\\\/haartransplantation-leipzig\\\/\",\"url\":\"https:\\\/\\\/elithair.com\\\/de\\\/informationen\\\/deutsche-anlaufstellen\\\/haartransplantation-leipzig\\\/\",\"name\":\"Haartransplantation Beratung in Leipzig | Elithair\",\"isPartOf\":{\"@id\":\"https:\\\/\\\/elithair.com\\\/de\\\/#website\"},\"datePublished\":\"2026-04-11T08:50:49+00:00\",\"dateModified\":\"2026-05-03T11:36:17+00:00\",\"description\":\"Kostenlose Haaranalyse in Leipzig: Lassen Sie sich von Elithair Experten beraten. Fair, transparent & unverbindlich \u2013 Ihr erster Schritt zu vollem Haar.\",\"breadcrumb\":{\"@id\":\"https:\\\/\\\/elithair.com\\\/de\\\/informationen\\\/deutsche-anlaufstellen\\\/haartransplantation-leipzig\\\/#breadcrumb\"},\"inLanguage\":\"de\",\"potentialAction\":[{\"@type\":\"ReadAction\",\"target\":[\"https:\\\/\\\/elithair.com\\\/de\\\/informationen\\\/deutsche-anlaufstellen\\\/haartransplantation-leipzig\\\/\"]}]},{\"@type\":\"BreadcrumbList\",\"@id\":\"https:\\\/\\\/elithair.com\\\/de\\\/informationen\\\/deutsche-anlaufstellen\\\/haartransplantation-leipzig\\\/#breadcrumb\",\"itemListElement\":[{\"@type\":\"ListItem\",\"position\":1,\"name\":\"Home\",\"item\":\"https:\\\/\\\/elithair.com\\\/de\\\/\"},{\"@type\":\"ListItem\",\"position\":2,\"name\":\"Informationen\",\"item\":\"https:\\\/\\\/elithair.com\\\/de\\\/informationen\\\/\"},{\"@type\":\"ListItem\",\"position\":3,\"name\":\"Deutsche Anlaufstellen\",\"item\":\"https:\\\/\\\/elithair.com\\\/de\\\/informationen\\\/deutsche-anlaufstellen\\\/\"},{\"@type\":\"ListItem\",\"position\":4,\"name\":\"Haartransplantation Beratung in Leipzig\"}]},{\"@type\":\"WebSite\",\"@id\":\"https:\\\/\\\/elithair.com\\\/de\\\/#website\",\"url\":\"https:\\\/\\\/elithair.com\\\/de\\\/\",\"name\":\"Elithair\",\"description\":\"Haartransplantation T\u00fcrkei, Istanbul bei Europas #1\",\"alternateName\":\"Haartransplantation T\u00fcrkei, Istanbul bei Europas #1\",\"potentialAction\":[{\"@type\":\"SearchAction\",\"target\":{\"@type\":\"EntryPoint\",\"urlTemplate\":\"https:\\\/\\\/elithair.com\\\/de\\\/?s={search_term_string}\"},\"query-input\":{\"@type\":\"PropertyValueSpecification\",\"valueRequired\":true,\"valueName\":\"search_term_string\"}}],\"inLanguage\":\"de\"}]}<\/script>\n<!-- \/ Yoast SEO Premium plugin. -->","yoast_head_json":{"title":"Haartransplantation Beratung in Leipzig | Elithair","description":"Kostenlose Haaranalyse in Leipzig: Lassen Sie sich von Elithair Experten beraten. Fair, transparent & unverbindlich \u2013 Ihr erster Schritt zu vollem Haar.","robots":{"index":"noindex","follow":"follow","max-snippet":"max-snippet:-1","max-image-preview":"max-image-preview:large","max-video-preview":"max-video-preview:-1"},"og_locale":"de_DE","og_type":"article","og_title":"Haartransplantation Beratung in Leipzig","og_description":"Kostenlose Haaranalyse in Leipzig: Lassen Sie sich von Elithair Experten beraten. Fair, transparent & unverbindlich \u2013 Ihr erster Schritt zu vollem Haar.","og_url":"https:\/\/elithair.com\/de\/informationen\/deutsche-anlaufstellen\/haartransplantation-leipzig\/","og_site_name":"Elithair","article_modified_time":"2026-05-03T11:36:17+00:00","og_image":[{"url":"https:\/\/elithair.com\/de\/wp-content\/uploads\/sites\/2\/2026\/05\/haartransplantation-leipzig.png","type":"","width":"","height":""}],"twitter_card":"summary_large_image","twitter_image":"https:\/\/elithair.com\/de\/wp-content\/uploads\/sites\/2\/2026\/05\/haartransplantation-leipzig.png","schema":{"@context":"https:\/\/schema.org","@graph":[{"@type":"WebPage","@id":"https:\/\/elithair.com\/de\/informationen\/deutsche-anlaufstellen\/haartransplantation-leipzig\/","url":"https:\/\/elithair.com\/de\/informationen\/deutsche-anlaufstellen\/haartransplantation-leipzig\/","name":"Haartransplantation Beratung in Leipzig | Elithair","isPartOf":{"@id":"https:\/\/elithair.com\/de\/#website"},"datePublished":"2026-04-11T08:50:49+00:00","dateModified":"2026-05-03T11:36:17+00:00","description":"Kostenlose Haaranalyse in Leipzig: Lassen Sie sich von Elithair Experten beraten. Fair, transparent & unverbindlich \u2013 Ihr erster Schritt zu vollem Haar.","breadcrumb":{"@id":"https:\/\/elithair.com\/de\/informationen\/deutsche-anlaufstellen\/haartransplantation-leipzig\/#breadcrumb"},"inLanguage":"de","potentialAction":[{"@type":"ReadAction","target":["https:\/\/elithair.com\/de\/informationen\/deutsche-anlaufstellen\/haartransplantation-leipzig\/"]}]},{"@type":"BreadcrumbList","@id":"https:\/\/elithair.com\/de\/informationen\/deutsche-anlaufstellen\/haartransplantation-leipzig\/#breadcrumb","itemListElement":[{"@type":"ListItem","position":1,"name":"Home","item":"https:\/\/elithair.com\/de\/"},{"@type":"ListItem","position":2,"name":"Informationen","item":"https:\/\/elithair.com\/de\/informationen\/"},{"@type":"ListItem","position":3,"name":"Deutsche Anlaufstellen","item":"https:\/\/elithair.com\/de\/informationen\/deutsche-anlaufstellen\/"},{"@type":"ListItem","position":4,"name":"Haartransplantation Beratung in Leipzig"}]},{"@type":"WebSite","@id":"https:\/\/elithair.com\/de\/#website","url":"https:\/\/elithair.com\/de\/","name":"Elithair","description":"Haartransplantation T\u00fcrkei, Istanbul bei Europas #1","alternateName":"Haartransplantation T\u00fcrkei, Istanbul bei Europas #1","potentialAction":[{"@type":"SearchAction","target":{"@type":"EntryPoint","urlTemplate":"https:\/\/elithair.com\/de\/?s={search_term_string}"},"query-input":{"@type":"PropertyValueSpecification","valueRequired":true,"valueName":"search_term_string"}}],"inLanguage":"de"}]}},"jetpack_sharing_enabled":true,"_links":{"self":[{"href":"https:\/\/elithair.com\/de\/wp-json\/wp\/v2\/pages\/82","targetHints":{"allow":["GET"]}}],"collection":[{"href":"https:\/\/elithair.com\/de\/wp-json\/wp\/v2\/pages"}],"about":[{"href":"https:\/\/elithair.com\/de\/wp-json\/wp\/v2\/types\/page"}],"author":[{"embeddable":true,"href":"https:\/\/elithair.com\/de\/wp-json\/wp\/v2\/users\/10"}],"replies":[{"embeddable":true,"href":"https:\/\/elithair.com\/de\/wp-json\/wp\/v2\/comments?post=82"}],"version-history":[{"count":5,"href":"https:\/\/elithair.com\/de\/wp-json\/wp\/v2\/pages\/82\/revisions"}],"predecessor-version":[{"id":104968,"href":"https:\/\/elithair.com\/de\/wp-json\/wp\/v2\/pages\/82\/revisions\/104968"}],"up":[{"embeddable":true,"href":"https:\/\/elithair.com\/de\/wp-json\/wp\/v2\/pages\/67"}],"wp:attachment":[{"href":"https:\/\/elithair.com\/de\/wp-json\/wp\/v2\/media?parent=82"}],"curies":[{"name":"wp","href":"https:\/\/api.w.org\/{rel}","templated":true}]}}