{"id":80,"date":"2026-04-11T08:49:13","date_gmt":"2026-04-11T08:49:13","guid":{"rendered":"https:\/\/unified.elitexperiments.com\/de\/?page_id=80"},"modified":"2026-05-03T13:36:10","modified_gmt":"2026-05-03T11:36:10","slug":"haartransplantation-stuttgart","status":"publish","type":"page","link":"https:\/\/elithair.com\/de\/informationen\/deutsche-anlaufstellen\/haartransplantation-stuttgart\/","title":{"rendered":"Haartransplantation Beratung in Stuttgart"},"content":{"rendered":"<section class=\"wp-block-elh-main-hero main-hero dark-layout has-top-right-circle\">\n\t<div class=\"main-hero__container container\">\n\t\t\t\t\t<header class=\"main-hero__header\">\t\t\t\t\n\t\t\t\t<h1>\t\t\t\t\tHaartransplantation Beratung in Stuttgart\t\t\t\t<\/h1>\t\t\t<\/header>\n\t\t\n\t\t\t\t\t<div class=\"main-hero__content\">\n\t\t\t\t<p>Ihre Experten in der schw\u00e4bischen Hochburg<\/p>\n<p>Bei der Haartransplantation Sprechstunde in Stuttgart profitieren Sie von der Erfahrung aus\u00a0<strong>\u00fcber 150.000 erfolgreichen Behandlungen.<\/strong><\/p>\n<p>In der Metropolregion Baden-W\u00fcrttemberg setzen wir mit unserer Beratung den ersten Schritt zu\u00a0<strong>strahlend vollem Haar<\/strong>.<\/p>\n<p>Wir bieten Ihnen umfassende Sicherheit und patientenorientierten Service \u2013 alles\u00a0<strong>aus einer Hand.<\/strong><\/p>\n\t\t\t<\/div>\n\t\t\n\t\t\t\t\t<div class=\"main-hero__media\">\n\t\t\t\t<img decoding=\"async\" src=\"https:\/\/elithair.com\/de\/wp-content\/uploads\/sites\/2\/2026\/04\/600x600.svg\" class=\"hero-image\" alt=\"\" loading=\"eager\" fetchpriority=\"high\" sizes=\"(max-width: 767px) 40vw, (max-width: 1023px) 23vw, 25vw\" \/>\t\t\t<\/div>\n\t\t\t\t\t\t\t<div class=\"main-hero__btn-list btn-list\">\n\t\t\t\t\t\t\t\t<div class=\"btn-item\">\n\t\t\t\t\t<a\n\t\t\t\t\t\thref=\"https:\/\/elithair.com\/de\/haaranalyse\/\"\t\t\t\t\t\tclass=\"btn\"\n\t\t\t\t\t>\n\t\t\t\t\t\tKostenlose Haaranalyse\t\t\t\t\t<\/a>\n\t\t\t\t<\/div>\n\t\t\t\t\t\t\t\t\t\t\t<\/div>\n\t\t\t<\/div>\n\t\t\n\t<\/section>\n\n\n<section class=\"wp-block-elh-content-media content-media layout-simple styled-ul ul-default ul-default-box bg-grey\">\n\t<div class=\"content-media__container container\">\n\t\t\t\t\t<header class=\"content-media__header\">\n\t\t\t\t\t\t\t\t\t<h2>\t\t\t\t\t\tIhre Experten in Stuttgart\t\t\t\t\t<\/h2>\t\t\t\t\t\t\t\t\t\t\t<\/header>\n\t\t\n\t\t\t\t\t<div class=\"content-media__media hide-shadow\">\n\t\t\t\t<figure><img decoding=\"async\" width=\"600\" height=\"599\" src=\"https:\/\/elithair.com\/de\/wp-content\/uploads\/sites\/2\/2026\/04\/Expertin-Beratung-Patient-Elithair-Haartransplantation.jpg\" class=\"attachment-large size-large\" alt=\"Expertin ber\u00e4t Patient f\u00fcr die Haartransplantation\" loading=\"lazy\" srcset=\"https:\/\/elithair.com\/de\/wp-content\/uploads\/sites\/2\/2026\/04\/Expertin-Beratung-Patient-Elithair-Haartransplantation.jpg 600w, https:\/\/elithair.com\/de\/wp-content\/uploads\/sites\/2\/2026\/04\/Expertin-Beratung-Patient-Elithair-Haartransplantation-300x300.jpg 300w, https:\/\/elithair.com\/de\/wp-content\/uploads\/sites\/2\/2026\/04\/Expertin-Beratung-Patient-Elithair-Haartransplantation-150x150.jpg 150w\" sizes=\"auto, (max-width: 600px) 100vw, 600px\" \/><\/figure>\t\t\t<\/div>\n\t\t\t\t\t\t<div class=\"content-media__content\">\n\t\t\t<p><strong>Pers\u00f6nliche Beratung auf Sie abgestimmt<\/strong><\/p>\n<p>Lassen Sie sich bei dem Problem des genetisch bedingten Haarausfalls, der sogenannten androgenetischen Alopezie, professionell helfen.<\/p>\n<p>In unserem\u00a0<strong><a href=\"https:\/\/elithair.com\/de\/behandlungen\/haartransplantation\/\">Haartransplantation\u00a0<\/a><\/strong>Beratungszentrum in Stuttgart k\u00fcmmern sich\u00a0<strong>erfahrene Experten<\/strong>\u00a0um Sie und Ihr Anliegen. Sie erhalten wichtige Informationen \u00fcber die zielf\u00fchrenden Behandlungsmethoden und mit welchem Ergebnis Sie rechnen k\u00f6nnen.<\/p>\n<p>Adresse:<br \/>\nKriegerstra\u00dfe 3, 70191 Stuttgart<\/p>\n<p><strong>Elithair \u2013 Kommen Sie zu Europas Marktf\u00fchrer!<\/strong><\/p>\n\t\t<\/div>\n\t\t\n\t\t\n\t\t\t<\/div>\n<\/section>\n\n\n<section class=\"wp-block-elh-content-media content-media layout-simple right-media styled-ul ul-default ul-default-box bg-secondary dark-layout\">\n\t<div class=\"content-media__container container\">\n\t\t\t\t\t<header class=\"content-media__header\">\n\t\t\t\t\t\t\t\t\t<h2>\t\t\t\t\t\tTop-Beratung direkt vor Ort\t\t\t\t\t<\/h2>\t\t\t\t\t\t\t\t\t\t\t<\/header>\n\t\t\n\t\t\t\t\t<div class=\"content-media__media\">\n\t\t\t\t<figure><img decoding=\"async\" width=\"600\" height=\"606\" src=\"https:\/\/elithair.com\/de\/wp-content\/uploads\/sites\/2\/2026\/04\/Beratung-Elithair-Haartransplantation.jpg\" class=\"attachment-large size-large\" alt=\"Beratung eines Patientin durch eine Elithair Expertin\" loading=\"lazy\" srcset=\"https:\/\/elithair.com\/de\/wp-content\/uploads\/sites\/2\/2026\/04\/Beratung-Elithair-Haartransplantation.jpg 600w, https:\/\/elithair.com\/de\/wp-content\/uploads\/sites\/2\/2026\/04\/Beratung-Elithair-Haartransplantation-297x300.jpg 297w\" sizes=\"auto, (max-width: 600px) 100vw, 600px\" \/><\/figure>\t\t\t<\/div>\n\t\t\t\t\t\t<div class=\"content-media__content\">\n\t\t\t<p>Zu Beginn steht Ihr Termin f\u00fcr das\u00a0<strong>individuelle Haarverpflanzung Beratungsgespr\u00e4ch<\/strong>\u00a0in Stuttgart an. Hier bieten unsere Experten Ihnen die passende Hilfestellung an.<\/p>\n<p>Teilen Sie Ihrem pers\u00f6nlichen Experten einfach mit, wann Sie den Eingriff in der\u00a0<strong>gr\u00f6\u00dften Haarklinik der Welt in<\/strong><strong>\u00a0Istanbul<\/strong>\u00a0durchf\u00fchren lassen m\u00f6chten.<\/p>\n<p>In unserer Elit-Klinik in der T\u00fcrkei empfangen Sie\u00a0<strong>international renommierte Spezialisten<\/strong>, die anhand\u00a0<strong>modernster Techniken<\/strong>\u00a0ein optimales Resultat bei Ihnen erzielen.<\/p>\n\t\t<\/div>\n\t\t\n\t\t\n\t\t\t<\/div>\n<\/section>\n\n\n<section class=\"wp-block-elh-content-media content-media layout-simple styled-ul ul-default ul-default-box bg-grey\">\n\t<div class=\"content-media__container container\">\n\t\t\t\t\t<header class=\"content-media__header\">\n\t\t\t\t\t\t\t\t\t<h2>\t\t\t\t\t\tEuropas Marktf\u00fchrer aus gutem Grund!\t\t\t\t\t<\/h2>\t\t\t\t\t\t\t\t\t\t\t<\/header>\n\t\t\n\t\t\t\t\t<div class=\"content-media__media hide-shadow\">\n\t\t\t\t<figure><img decoding=\"async\" width=\"600\" height=\"560\" src=\"https:\/\/elithair.com\/de\/wp-content\/uploads\/sites\/2\/2026\/04\/Dr-Balwi-zufriedene-Patientin-Haartransplantation-Stuttgart.jpg\" class=\"attachment-large size-large\" alt=\"Dr. Balwi mit zufriedener Patientin nach der Haartransplantation in Stuttgart\" loading=\"lazy\" srcset=\"https:\/\/elithair.com\/de\/wp-content\/uploads\/sites\/2\/2026\/04\/Dr-Balwi-zufriedene-Patientin-Haartransplantation-Stuttgart.jpg 600w, https:\/\/elithair.com\/de\/wp-content\/uploads\/sites\/2\/2026\/04\/Dr-Balwi-zufriedene-Patientin-Haartransplantation-Stuttgart-300x280.jpg 300w\" sizes=\"auto, (max-width: 600px) 100vw, 600px\" \/><\/figure>\t\t\t<\/div>\n\t\t\t\t\t\t<div class=\"content-media__content\">\n\t\t\t<p>Elithair ist der perfekte Partner, um Ihren Traum nach\u00a0<a href=\"https:\/\/elithair.com\/de\/haartransplantation-vorher-nachher\/\"><strong>strahlend vollem Haar<\/strong><\/a>\u00a0zu erf\u00fcllen.\u00a0<strong>Diese Gr\u00fcnde sprechen f\u00fcr uns:<\/strong><\/p>\n<ul>\n<li>Gr\u00f6\u00dfte Haarklinik der Welt<\/li>\n<li>Top Spezialisten-Teams<\/li>\n<li>Hohe Sicherheits- und Hygienestandards<\/li>\n<li>Deutsche Ansprechpartner<\/li>\n<li>24\/7 Patientenservice<\/li>\n<li>Erfahrene \u00c4rzte<\/li>\n<li>Exklusive Elithair App<\/li>\n<li>All-Inclusive Pakete<\/li>\n<\/ul>\n\t\t<\/div>\n\t\t\n\t\t\n\t\t\t\t\t<div class=\"content-media__btn-list btn-list\">\n\t\t\t\t<div class=\"btn-item\">\n\t\t\t\t\t<a\n\t\t\t\t\t\tclass=\"btn\"\n\t\t\t\t\t\thref=\"https:\/\/elithair.com\/de\/haaranalyse\/\"\t\t\t\t\t>Angebot berechnen<\/a>\n\t\t\t\t<\/div>\n\t\t\t<\/div>\n\t\t\t<\/div>\n<\/section>\n\n\n<section class=\"wp-block-elh-content-media content-media layout-simple right-media styled-ul ul-default ul-default-box bg-secondary dark-layout\">\n\t<div class=\"content-media__container container\">\n\t\t\t\t\t<header class=\"content-media__header\">\n\t\t\t\t\t\t\t\t\t<h2>\t\t\t\t\t\tIndividuell und transparent\t\t\t\t\t<\/h2>\t\t\t\t\t\t\t\t\t\t\t<\/header>\n\t\t\n\t\t\t\t\t<div class=\"content-media__media\">\n\t\t\t\t<figure><img decoding=\"async\" width=\"600\" height=\"655\" src=\"https:\/\/elithair.com\/de\/wp-content\/uploads\/sites\/2\/2026\/04\/Elit-Scanner-Haartransplantation-Duesseldorf.jpg\" class=\"attachment-large size-large\" alt=\"Der Elit-Scanner f\u00fcr die Haartransplantation in D\u00fcsseldorf\" loading=\"lazy\" srcset=\"https:\/\/elithair.com\/de\/wp-content\/uploads\/sites\/2\/2026\/04\/Elit-Scanner-Haartransplantation-Duesseldorf.jpg 600w, https:\/\/elithair.com\/de\/wp-content\/uploads\/sites\/2\/2026\/04\/Elit-Scanner-Haartransplantation-Duesseldorf-275x300.jpg 275w\" sizes=\"auto, (max-width: 600px) 100vw, 600px\" \/><\/figure>\t\t\t<\/div>\n\t\t\t\t\t\t<div class=\"content-media__content\">\n\t\t\t<p>W\u00e4hrend Ihrer Haartransplantation Beratung werden auch die Kosten in Stuttgart individuell ermittelt. Basierend auf den\u00a0<strong>aktuellen Fortschritt Ihres Haarausfalls<\/strong>\u00a0und der damit ben\u00f6tigten Anzahl der Grafts f\u00fcr die kahlen Stellen, teilt Ihnen der Experte den\u00a0<a href=\"https:\/\/elithair.com\/de\/preise\/\"><strong>Gesamtpreis<\/strong>\u00a0<\/a>mit \u2013\u00a0<strong>transparent und unverbindlich.<\/strong><\/p>\n<p>Wir m\u00f6chten die Haartransplantation f\u00fcr alle Patienten erm\u00f6glichen. Aus diesem Grund haben Sie auch die M\u00f6glichkeit eine\u00a0<strong>0% Finanzierung<\/strong>\u00a0in Anspruch zu nehmen.<\/p>\n<p>Gemeinsam finden wir die\u00a0<strong>ideale L\u00f6sung f\u00fcr Sie<\/strong>!<\/p>\n\t\t<\/div>\n\t\t\n\t\t\n\t\t\t\t\t<div class=\"content-media__btn-list btn-list\">\n\t\t\t\t<div class=\"btn-item\">\n\t\t\t\t\t<a\n\t\t\t\t\t\tclass=\"btn\"\n\t\t\t\t\t\thref=\"https:\/\/elithair.com\/de\/haaranalyse\/\"\t\t\t\t\t>Angebot berechnen<\/a>\n\t\t\t\t<\/div>\n\t\t\t<\/div>\n\t\t\t<\/div>\n<\/section>\n\n\n<section class=\"wp-block-elh-content-media content-media layout-simple right-media styled-ul ul-default ul-default-box bg-grey\">\n\t<div class=\"content-media__container container\">\n\t\t\t\t\t<header class=\"content-media__header\">\n\t\t\t\t\t\t\t\t\t<h2>\t\t\t\t\t\tVoll. M\u00e4nnlich. Stark.\t\t\t\t\t<\/h2>\t\t\t\t\t\t\t\t\t\t\t<\/header>\n\t\t\n\t\t\t\t\t<div class=\"content-media__media hide-shadow\">\n\t\t\t\t<figure><img decoding=\"async\" width=\"600\" height=\"601\" src=\"https:\/\/elithair.com\/de\/wp-content\/uploads\/sites\/2\/2026\/04\/Patient-Jhaki-Barttransplantation-Berlin.webp\" class=\"attachment-large size-large\" alt=\"Patient Jhaki nach der Barttransplantation in Berlin bei Elithair\" loading=\"lazy\" srcset=\"https:\/\/elithair.com\/de\/wp-content\/uploads\/sites\/2\/2026\/04\/Patient-Jhaki-Barttransplantation-Berlin.webp 600w, https:\/\/elithair.com\/de\/wp-content\/uploads\/sites\/2\/2026\/04\/Patient-Jhaki-Barttransplantation-Berlin-300x300.webp 300w, https:\/\/elithair.com\/de\/wp-content\/uploads\/sites\/2\/2026\/04\/Patient-Jhaki-Barttransplantation-Berlin-150x150.webp 150w\" sizes=\"auto, (max-width: 600px) 100vw, 600px\" \/><\/figure>\t\t\t<\/div>\n\t\t\t\t\t\t<div class=\"content-media__content\">\n\t\t\t<p><strong>Barttransplantation Beratung in Stuttgart<\/strong><\/p>\n<p>Der Bart ist f\u00fcr viele M\u00e4nner ein\u00a0<strong>ausschlaggebender Teil<\/strong>\u00a0ihres Erscheinungsbildes. Umso wichtiger ist es, dass Sie sich f\u00fcr die\u00a0<a href=\"https:\/\/elithair.com\/de\/behandlungen\/barthaartransplantation\/\"><strong>Barttransplantation<\/strong>\u00a0<\/a>Beratung in Stuttgart an erfahrene Experten wenden.<\/p>\n<p>Mit der Erfahrung aus\u00a0<strong>\u00fcber 150.000 erfolgreichen Behandlungen<\/strong>\u00a0sorgen unsere erfahrenen Teams auch bei Ihnen f\u00fcr ein\u00a0<strong>perfektes Ergebnis<\/strong>\u00a0dank dichtem Haar.<\/p>\n<p>Geben Sie Ihrem Bart den\u00a0<strong>Boost zum perfekten Look!<\/strong><\/p>\n\t\t<\/div>\n\t\t\n\t\t\n\t\t\t<\/div>\n<\/section>\n\n\n<section class=\"wp-block-elh-content-media content-media layout-simple styled-ul ul-default ul-default-box bg-secondary dark-layout\">\n\t<div class=\"content-media__container container\">\n\t\t\t\t\t<header class=\"content-media__header\">\n\t\t\t\t\t\t\t\t\t<h2>\t\t\t\t\t\tElithair\t\t\t\t\t<\/h2>\t\t\t\t\t\t\t\t\t\t\t<\/header>\n\t\t\n\t\t\t\t\t<div class=\"content-media__media hide-shadow\">\n\t\t\t\t<figure><img decoding=\"async\" width=\"1\" height=\"1\" src=\"https:\/\/elithair.com\/de\/wp-content\/uploads\/sites\/2\/2026\/04\/deutschland-Karte-standorte.svg\" class=\"attachment-large size-large\" alt=\"Deutschlandkarte mit den Elithair Standorten\" loading=\"lazy\" \/><\/figure>\t\t\t<\/div>\n\t\t\t\t\t\t<div class=\"content-media__content\">\n\t\t\t<p><strong>Weil Sie den besten Anbieter verdienen<\/strong><\/p>\n<p>Ihre Haare und Ihr Wohlbefinden sind bei uns jederzeit\u00a0<strong>in den besten H\u00e4nden.<\/strong><\/p>\n<p>Mit\u00a0<strong>Erfahrung und Expertise<\/strong>\u00a0sorgen unsere Experten in Stuttgart f\u00fcr die perfekte Haartransplantation Beratung und einen optimalen Service.<\/p>\n<p>Entscheiden Sie sich f\u00fcr strahlend volles Haar bei\u00a0<strong>Europas Nr.1.<\/strong>\u00a0und vereinbaren Sie noch heute Ihren\u00a0<strong>Termin bei den Experten!<\/strong><\/p>\n\t\t<\/div>\n\t\t\n\t\t\n\t\t\t\t\t<div class=\"content-media__btn-list btn-list\">\n\t\t\t\t<div class=\"btn-item\">\n\t\t\t\t\t<a\n\t\t\t\t\t\tclass=\"btn\"\n\t\t\t\t\t\thref=\"https:\/\/elithair.com\/de\/haaranalyse\/\"\t\t\t\t\t> Haaranalyse starten<\/a>\n\t\t\t\t<\/div>\n\t\t\t<\/div>\n\t\t\t<\/div>\n<\/section>\n\n\n<section class=\"wp-block-elh-faq-list faq-list bg-white\">\n\t<div class=\"faq-list__container container\">\n\t\t\t\t\t<header class=\"faq-list__header\">\n\t\t\t\t<h2>H\u00e4ufig gestellte Fragen<\/h2>\n\t\t\t<\/header>\n\t\t\n\t\t\t\t\t<div class=\"faq-list__items\">\n\t\t\t\t\t\t\t\t\t<div class=\"faq\">\n\t\t\t\t\t\t\t\t\t\t\t\t\t\t\t\t\t\t\t\t\t\t\t\t\t\t\t<details>\n\t\t\t\t\t\t\t\t\t<summary>Sollte ich meine Haartransplantation lieber in Deutschland oder der T\u00fcrkei machen?<\/summary>\n\t\t\t\t\t\t\t\t\t<p>Wir empfehlen die Haartransplantation in der gr\u00f6\u00dften Klinik der Welt durchf\u00fchren zu lassen \u2013 bei Elithair in Istanbul. Bei uns werden Sie in jedem Fall von absoluten Spezialisten mit den modernsten Methoden und der inklusiven PRP Therapie behandelt. Zus\u00e4tzlich erwartet Sie bei Elithair das gr\u00f6\u00dfte DHI-Team der Welt.<\/p>\n<p>Durch die Verwendung der modernen FUE Methode (Follicular Unit Extraction) wird keine sichtbare Narbe hinterlassen \u2013 im Gegensatz zur veralteten FUT Technik (Follicular Unit Transplantation). Bitte beachten Sie, dass diese in manchen anderen Kliniken weiterhin angewandt wird.<\/p>\n<p>Die Qualit\u00e4t des Eingriffs ist bei Elithair oberste Pr\u00e4misse!<\/p>\n\t\t\t\t\t\t\t\t<\/details>\n\t\t\t\t\t\t\t\t\t\t\t\t\t\t\t<details>\n\t\t\t\t\t\t\t\t\t<summary>Muss ich mich um die Reise nach Istanbul selbst k\u00fcmmern?<\/summary>\n\t\t\t\t\t\t\t\t\t<p>Die Reise nach Istanbul k\u00f6nnen Sie nach Ihrem besten Interesse selbst buchen. Alternativ k\u00fcmmert sich Ihr pers\u00f6nlicher Experte auch um die Reise, sofern Sie dies w\u00fcnschen.<\/p>\n\t\t\t\t\t\t\t\t<\/details>\n\t\t\t\t\t\t\t\t\t\t\t\t\t\t\t<details>\n\t\t\t\t\t\t\t\t\t<summary>Wie kann ich einen Termin zum Beratungsgespr\u00e4ch in Stuttgart vereinbaren?<\/summary>\n\t\t\t\t\t\t\t\t\t<p>Den Termin f\u00fcr die Haartransplantation Beratung k\u00f6nnen Sie jederzeit bei uns in Stuttgart wahrnehmen.<\/p>\n<p>Kontaktieren Sie die Experten telefonisch oder online, um eine pers\u00f6nliche Haarsprechstunde zum Thema Haartransplantation zu vereinbaren.<\/p>\n\t\t\t\t\t\t\t\t<\/details>\n\t\t\t\t\t\t\t\t\t\t\t\t\t\t\t<details>\n\t\t\t\t\t\t\t\t\t<summary>Was geschieht nach der Beratung in Stuttgart?<\/summary>\n\t\t\t\t\t\t\t\t\t<p>Im Beratungsgespr\u00e4ch werden Ihnen alle wichtigen Informationen mitgeteilt. Sie k\u00f6nnen vor Ort auch bereits festlegen, wann Sie Ihren Eingriff in Istanbul durchf\u00fchren lassen wollen.<\/p>\n<p>Um den weiteren Ablauf k\u00fcmmert sich Ihr Experte \u2013 selbstverst\u00e4ndlich immer in Absprache mit Ihnen.<\/p>\n\t\t\t\t\t\t\t\t<\/details>\n\t\t\t\t\t\t\t\t\t\t\t\t\t\t\t\t\t\t<\/div>\n\t\t\t\t\t\t\t<\/div>\n\t\t\n\t\t\t<\/div>\n<\/section>\n\n","protected":false},"excerpt":{"rendered":"","protected":false},"author":10,"featured_media":0,"parent":67,"menu_order":0,"comment_status":"closed","ping_status":"closed","template":"","meta":{"_acf_changed":false,"_yoast_wpseo_focuskw":"","_yoast_wpseo_title":"Haartransplantation Beratung in Stuttgart: Ihr Partner von Elithair","_yoast_wpseo_metadesc":"Haartransplantation Beratung in Stuttgart: \u2714\ufe0fEuropas Nummer 1 \u2714\ufe0fTop-Spezialisten \u2714\ufe0f+150.000 Patienten | Jetzt hier lesen! Elithair","_yoast_wpseo_meta-robots-noindex":"","_yoast_wpseo_meta-robots-nofollow":"","_yoast_wpseo_meta-robots-adv":"","_yoast_wpseo_canonical":"","_yoast_wpseo_opengraph-title":"","_yoast_wpseo_opengraph-description":"","_yoast_wpseo_opengraph-image":"https:\/\/elithair.com\/de\/wp-content\/uploads\/sites\/2\/2026\/05\/haartransplantation-stuttgart.png","_yoast_wpseo_twitter-title":"","_yoast_wpseo_twitter-description":"","_yoast_wpseo_twitter-image":"https:\/\/elithair.com\/de\/wp-content\/uploads\/sites\/2\/2026\/05\/haartransplantation-stuttgart.png","_hm_hreflang_map":{"de":80,"x_default":80},"_hm_language_code":"de","footnotes":""},"class_list":["post-80","page","type-page","status-publish","hentry"],"acf":[],"yoast_head":"<!-- This site is optimized with the Yoast SEO Premium plugin v27.5 (Yoast SEO v27.5) - https:\/\/yoast.com\/product\/yoast-seo-premium-wordpress\/ -->\n<title>Haartransplantation Beratung in Stuttgart: Ihr Partner von Elithair<\/title>\n<meta name=\"description\" content=\"Haartransplantation Beratung in Stuttgart: \u2714\ufe0fEuropas Nummer 1 \u2714\ufe0fTop-Spezialisten \u2714\ufe0f+150.000 Patienten | Jetzt hier lesen! Elithair\" \/>\n<meta name=\"robots\" content=\"noindex, follow, max-snippet:-1, max-image-preview:large, max-video-preview:-1\" \/>\n<meta property=\"og:locale\" content=\"de_DE\" \/>\n<meta property=\"og:type\" content=\"article\" \/>\n<meta property=\"og:title\" content=\"Haartransplantation Beratung in Stuttgart\" \/>\n<meta property=\"og:description\" content=\"Haartransplantation Beratung in Stuttgart: \u2714\ufe0fEuropas Nummer 1 \u2714\ufe0fTop-Spezialisten \u2714\ufe0f+150.000 Patienten | Jetzt hier lesen! Elithair\" \/>\n<meta property=\"og:url\" content=\"https:\/\/elithair.com\/de\/informationen\/deutsche-anlaufstellen\/haartransplantation-stuttgart\/\" \/>\n<meta property=\"og:site_name\" content=\"Elithair\" \/>\n<meta property=\"article:modified_time\" content=\"2026-05-03T11:36:10+00:00\" \/>\n<meta property=\"og:image\" content=\"https:\/\/elithair.com\/de\/wp-content\/uploads\/sites\/2\/2026\/05\/haartransplantation-stuttgart.png\" \/>\n<meta name=\"twitter:card\" content=\"summary_large_image\" \/>\n<meta name=\"twitter:image\" content=\"https:\/\/elithair.com\/de\/wp-content\/uploads\/sites\/2\/2026\/05\/haartransplantation-stuttgart.png\" \/>\n<script type=\"application\/ld+json\" class=\"yoast-schema-graph\">{\"@context\":\"https:\\\/\\\/schema.org\",\"@graph\":[{\"@type\":\"WebPage\",\"@id\":\"https:\\\/\\\/elithair.com\\\/de\\\/informationen\\\/deutsche-anlaufstellen\\\/haartransplantation-stuttgart\\\/\",\"url\":\"https:\\\/\\\/elithair.com\\\/de\\\/informationen\\\/deutsche-anlaufstellen\\\/haartransplantation-stuttgart\\\/\",\"name\":\"Haartransplantation Beratung in Stuttgart: Ihr Partner von Elithair\",\"isPartOf\":{\"@id\":\"https:\\\/\\\/elithair.com\\\/de\\\/#website\"},\"datePublished\":\"2026-04-11T08:49:13+00:00\",\"dateModified\":\"2026-05-03T11:36:10+00:00\",\"description\":\"Haartransplantation Beratung in Stuttgart: \u2714\ufe0fEuropas Nummer 1 \u2714\ufe0fTop-Spezialisten \u2714\ufe0f+150.000 Patienten | Jetzt hier lesen! Elithair\",\"breadcrumb\":{\"@id\":\"https:\\\/\\\/elithair.com\\\/de\\\/informationen\\\/deutsche-anlaufstellen\\\/haartransplantation-stuttgart\\\/#breadcrumb\"},\"inLanguage\":\"de\",\"potentialAction\":[{\"@type\":\"ReadAction\",\"target\":[\"https:\\\/\\\/elithair.com\\\/de\\\/informationen\\\/deutsche-anlaufstellen\\\/haartransplantation-stuttgart\\\/\"]}]},{\"@type\":\"BreadcrumbList\",\"@id\":\"https:\\\/\\\/elithair.com\\\/de\\\/informationen\\\/deutsche-anlaufstellen\\\/haartransplantation-stuttgart\\\/#breadcrumb\",\"itemListElement\":[{\"@type\":\"ListItem\",\"position\":1,\"name\":\"Home\",\"item\":\"https:\\\/\\\/elithair.com\\\/de\\\/\"},{\"@type\":\"ListItem\",\"position\":2,\"name\":\"Informationen\",\"item\":\"https:\\\/\\\/elithair.com\\\/de\\\/informationen\\\/\"},{\"@type\":\"ListItem\",\"position\":3,\"name\":\"Deutsche Anlaufstellen\",\"item\":\"https:\\\/\\\/elithair.com\\\/de\\\/informationen\\\/deutsche-anlaufstellen\\\/\"},{\"@type\":\"ListItem\",\"position\":4,\"name\":\"Haartransplantation Beratung in Stuttgart\"}]},{\"@type\":\"WebSite\",\"@id\":\"https:\\\/\\\/elithair.com\\\/de\\\/#website\",\"url\":\"https:\\\/\\\/elithair.com\\\/de\\\/\",\"name\":\"Elithair\",\"description\":\"Haartransplantation T\u00fcrkei, Istanbul bei Europas #1\",\"alternateName\":\"Haartransplantation T\u00fcrkei, Istanbul bei Europas #1\",\"potentialAction\":[{\"@type\":\"SearchAction\",\"target\":{\"@type\":\"EntryPoint\",\"urlTemplate\":\"https:\\\/\\\/elithair.com\\\/de\\\/?s={search_term_string}\"},\"query-input\":{\"@type\":\"PropertyValueSpecification\",\"valueRequired\":true,\"valueName\":\"search_term_string\"}}],\"inLanguage\":\"de\"}]}<\/script>\n<!-- \/ Yoast SEO Premium plugin. -->","yoast_head_json":{"title":"Haartransplantation Beratung in Stuttgart: Ihr Partner von Elithair","description":"Haartransplantation Beratung in Stuttgart: \u2714\ufe0fEuropas Nummer 1 \u2714\ufe0fTop-Spezialisten \u2714\ufe0f+150.000 Patienten | Jetzt hier lesen! Elithair","robots":{"index":"noindex","follow":"follow","max-snippet":"max-snippet:-1","max-image-preview":"max-image-preview:large","max-video-preview":"max-video-preview:-1"},"og_locale":"de_DE","og_type":"article","og_title":"Haartransplantation Beratung in Stuttgart","og_description":"Haartransplantation Beratung in Stuttgart: \u2714\ufe0fEuropas Nummer 1 \u2714\ufe0fTop-Spezialisten \u2714\ufe0f+150.000 Patienten | Jetzt hier lesen! Elithair","og_url":"https:\/\/elithair.com\/de\/informationen\/deutsche-anlaufstellen\/haartransplantation-stuttgart\/","og_site_name":"Elithair","article_modified_time":"2026-05-03T11:36:10+00:00","og_image":[{"url":"https:\/\/elithair.com\/de\/wp-content\/uploads\/sites\/2\/2026\/05\/haartransplantation-stuttgart.png","type":"","width":"","height":""}],"twitter_card":"summary_large_image","twitter_image":"https:\/\/elithair.com\/de\/wp-content\/uploads\/sites\/2\/2026\/05\/haartransplantation-stuttgart.png","schema":{"@context":"https:\/\/schema.org","@graph":[{"@type":"WebPage","@id":"https:\/\/elithair.com\/de\/informationen\/deutsche-anlaufstellen\/haartransplantation-stuttgart\/","url":"https:\/\/elithair.com\/de\/informationen\/deutsche-anlaufstellen\/haartransplantation-stuttgart\/","name":"Haartransplantation Beratung in Stuttgart: Ihr Partner von Elithair","isPartOf":{"@id":"https:\/\/elithair.com\/de\/#website"},"datePublished":"2026-04-11T08:49:13+00:00","dateModified":"2026-05-03T11:36:10+00:00","description":"Haartransplantation Beratung in Stuttgart: \u2714\ufe0fEuropas Nummer 1 \u2714\ufe0fTop-Spezialisten \u2714\ufe0f+150.000 Patienten | Jetzt hier lesen! Elithair","breadcrumb":{"@id":"https:\/\/elithair.com\/de\/informationen\/deutsche-anlaufstellen\/haartransplantation-stuttgart\/#breadcrumb"},"inLanguage":"de","potentialAction":[{"@type":"ReadAction","target":["https:\/\/elithair.com\/de\/informationen\/deutsche-anlaufstellen\/haartransplantation-stuttgart\/"]}]},{"@type":"BreadcrumbList","@id":"https:\/\/elithair.com\/de\/informationen\/deutsche-anlaufstellen\/haartransplantation-stuttgart\/#breadcrumb","itemListElement":[{"@type":"ListItem","position":1,"name":"Home","item":"https:\/\/elithair.com\/de\/"},{"@type":"ListItem","position":2,"name":"Informationen","item":"https:\/\/elithair.com\/de\/informationen\/"},{"@type":"ListItem","position":3,"name":"Deutsche Anlaufstellen","item":"https:\/\/elithair.com\/de\/informationen\/deutsche-anlaufstellen\/"},{"@type":"ListItem","position":4,"name":"Haartransplantation Beratung in Stuttgart"}]},{"@type":"WebSite","@id":"https:\/\/elithair.com\/de\/#website","url":"https:\/\/elithair.com\/de\/","name":"Elithair","description":"Haartransplantation T\u00fcrkei, Istanbul bei Europas #1","alternateName":"Haartransplantation T\u00fcrkei, Istanbul bei Europas #1","potentialAction":[{"@type":"SearchAction","target":{"@type":"EntryPoint","urlTemplate":"https:\/\/elithair.com\/de\/?s={search_term_string}"},"query-input":{"@type":"PropertyValueSpecification","valueRequired":true,"valueName":"search_term_string"}}],"inLanguage":"de"}]}},"jetpack_sharing_enabled":true,"_links":{"self":[{"href":"https:\/\/elithair.com\/de\/wp-json\/wp\/v2\/pages\/80","targetHints":{"allow":["GET"]}}],"collection":[{"href":"https:\/\/elithair.com\/de\/wp-json\/wp\/v2\/pages"}],"about":[{"href":"https:\/\/elithair.com\/de\/wp-json\/wp\/v2\/types\/page"}],"author":[{"embeddable":true,"href":"https:\/\/elithair.com\/de\/wp-json\/wp\/v2\/users\/10"}],"replies":[{"embeddable":true,"href":"https:\/\/elithair.com\/de\/wp-json\/wp\/v2\/comments?post=80"}],"version-history":[{"count":3,"href":"https:\/\/elithair.com\/de\/wp-json\/wp\/v2\/pages\/80\/revisions"}],"predecessor-version":[{"id":102941,"href":"https:\/\/elithair.com\/de\/wp-json\/wp\/v2\/pages\/80\/revisions\/102941"}],"up":[{"embeddable":true,"href":"https:\/\/elithair.com\/de\/wp-json\/wp\/v2\/pages\/67"}],"wp:attachment":[{"href":"https:\/\/elithair.com\/de\/wp-json\/wp\/v2\/media?parent=80"}],"curies":[{"name":"wp","href":"https:\/\/api.w.org\/{rel}","templated":true}]}}