{"id":77,"date":"2026-04-11T08:47:18","date_gmt":"2026-04-11T08:47:18","guid":{"rendered":"https:\/\/unified.elitexperiments.com\/de\/?page_id=77"},"modified":"2026-05-03T13:36:02","modified_gmt":"2026-05-03T11:36:02","slug":"haartransplantation-frankfurt","status":"publish","type":"page","link":"https:\/\/elithair.com\/de\/informationen\/deutsche-anlaufstellen\/haartransplantation-frankfurt\/","title":{"rendered":"Haartransplantation Beratung in Frankfurt"},"content":{"rendered":"<section class=\"wp-block-elh-main-hero main-hero dark-layout has-top-right-circle\">\n\t<div class=\"main-hero__container container\">\n\t\t\t\t\t<header class=\"main-hero__header\">\t\t\t\t\n\t\t\t\t<h1>\t\t\t\t\tHaartransplantation: Beratung in Frankfurt bei Elithair\t\t\t\t<\/h1>\t\t\t<\/header>\n\t\t\n\t\t\t\t\t<div class=\"main-hero__content\">\n\t\t\t\t<p>Die\u00a0<strong>Haartransplantation Beratung in Frankfurt<\/strong>\u00a0ist der erste Schritt\u00a0um nach erblich bedingtem Haarausfall strahlend volles Haar zu erlangen.<\/p>\n<p>Lassen Sie sich von unseren Experten professionell zum Thema Haarausfall beraten und profitieren Sie von der Expertise aus\u00a0<strong>\u00fcber 150.000 Behandlungen<\/strong>.<\/p>\n<p>Dank exklusiver Techniken, einem\u00a0<strong>internationalen Spezialisten-Team<\/strong>\u00a0und unserem au\u00dfergew\u00f6hnlichen Patientenservice k\u00f6nnen sich sicher sein:\u00a0<strong>bei Elithair sind Sie in den besten H\u00e4nden<\/strong>.<\/p>\n\t\t\t<\/div>\n\t\t\n\t\t\t\t\t<div class=\"main-hero__media\">\n\t\t\t\t<img decoding=\"async\" width=\"600\" height=\"600\" src=\"https:\/\/elithair.com\/de\/wp-content\/uploads\/sites\/2\/2026\/04\/haartransplantation-frankfurt-beratung-behandlung.webp\" class=\"hero-image\" alt=\"Haartransplantation Frankfurt: Praxisraum f\u00fcr Behandlungen\" loading=\"eager\" fetchpriority=\"high\" sizes=\"(max-width: 767px) 40vw, (max-width: 1023px) 23vw, 25vw\" srcset=\"https:\/\/elithair.com\/de\/wp-content\/uploads\/sites\/2\/2026\/04\/haartransplantation-frankfurt-beratung-behandlung.webp 600w, https:\/\/elithair.com\/de\/wp-content\/uploads\/sites\/2\/2026\/04\/haartransplantation-frankfurt-beratung-behandlung-300x300.webp 300w, https:\/\/elithair.com\/de\/wp-content\/uploads\/sites\/2\/2026\/04\/haartransplantation-frankfurt-beratung-behandlung-150x150.webp 150w\" \/>\t\t\t<\/div>\n\t\t\t\t\t\t\t<div class=\"main-hero__btn-list btn-list\">\n\t\t\t\t\t\t\t\t<div class=\"btn-item\">\n\t\t\t\t\t<a\n\t\t\t\t\t\thref=\"https:\/\/elithair.com\/de\/haaranalyse\/\"\t\t\t\t\t\tclass=\"btn\"\n\t\t\t\t\t>\n\t\t\t\t\t\tKostenlose Haaranalyse\t\t\t\t\t<\/a>\n\t\t\t\t<\/div>\n\t\t\t\t\t\t\t\t\t\t\t<\/div>\n\t\t\t<\/div>\n\t\t\n\t<\/section>\n\n\n<section class=\"wp-block-elh-content-media content-media layout-simple styled-ul ul-default ul-default-box bg-grey\">\n\t<div class=\"content-media__container container\">\n\t\t\t\t\t<header class=\"content-media__header\">\n\t\t\t\t\t\t\t\t\t<h2>\t\t\t\t\t\tIhr erster Schritt Richtung Traumhaar\t\t\t\t\t<\/h2>\t\t\t\t\t\t\t\t\t\t\t<\/header>\n\t\t\n\t\t\t\t\t<div class=\"content-media__media hide-shadow\">\n\t\t\t\t<figure><img decoding=\"async\" width=\"600\" height=\"649\" src=\"https:\/\/elithair.com\/de\/wp-content\/uploads\/sites\/2\/2026\/04\/Elithair-Behandlungsraum-Haartransplantation-Frankfurt.jpg\" class=\"attachment-large size-large\" alt=\"Der Elithair Behandlungsraum f\u00fcr die Haartransplantation in Frankfurt\" loading=\"lazy\" srcset=\"https:\/\/elithair.com\/de\/wp-content\/uploads\/sites\/2\/2026\/04\/Elithair-Behandlungsraum-Haartransplantation-Frankfurt.jpg 600w, https:\/\/elithair.com\/de\/wp-content\/uploads\/sites\/2\/2026\/04\/Elithair-Behandlungsraum-Haartransplantation-Frankfurt-277x300.jpg 277w\" sizes=\"auto, (max-width: 600px) 100vw, 600px\" \/><\/figure>\t\t\t<\/div>\n\t\t\t\t\t\t<div class=\"content-media__content\">\n\t\t\t<p><strong>Strahlend volles Haar<\/strong>\u00a0kann schon bald Realit\u00e4t f\u00fcr Sie sein. Den Anfang daf\u00fcr machen Sie mit einem\u00a0<strong><a href=\"https:\/\/elithair.com\/de\/behandlungen\/haartransplantation\/\">Haartransplantation<\/a><\/strong>\u00a0Beratungsgespr\u00e4ch in Frankfurt.<\/p>\n<p>In unserer modern ausgestatteten Praxis erwarten Sie\u00a0<strong>international ausgebildete Experten<\/strong>, die Ihnen alle wichtigen Fragen rund um Ihre Haarverpflanzung beantworten.<\/p>\n<p>Adresse:<br \/>\nDreik\u00f6nigsstra\u00dfe 8-10, 60594 Frankfurt am Main<\/p>\n\t\t<\/div>\n\t\t\n\t\t\n\t\t\t<\/div>\n<\/section>\n\n\n<section class=\"wp-block-elh-content-media content-media layout-simple right-media styled-ul ul-default ul-default-box bg-secondary dark-layout\">\n\t<div class=\"content-media__container container\">\n\t\t\t\t\t<header class=\"content-media__header\">\n\t\t\t\t\t\t\t\t\t<h2>\t\t\t\t\t\tStrahlend volles Haar dank Elithair\t\t\t\t\t<\/h2>\t\t\t\t\t\t\t\t\t\t\t<\/header>\n\t\t\n\t\t\t\t\t<div class=\"content-media__media\">\n\t\t\t\t<figure><img decoding=\"async\" width=\"600\" height=\"605\" src=\"https:\/\/elithair.com\/de\/wp-content\/uploads\/sites\/2\/2026\/04\/Elithair-Wartezimmer-Haartransplantation-Frankfurt.jpg\" class=\"attachment-large size-large\" alt=\"Das Elithair Wartezimmer f\u00fcr die Haartransplantation in Frankfurt\" loading=\"lazy\" srcset=\"https:\/\/elithair.com\/de\/wp-content\/uploads\/sites\/2\/2026\/04\/Elithair-Wartezimmer-Haartransplantation-Frankfurt.jpg 600w, https:\/\/elithair.com\/de\/wp-content\/uploads\/sites\/2\/2026\/04\/Elithair-Wartezimmer-Haartransplantation-Frankfurt-298x300.jpg 298w, https:\/\/elithair.com\/de\/wp-content\/uploads\/sites\/2\/2026\/04\/Elithair-Wartezimmer-Haartransplantation-Frankfurt-150x150.jpg 150w\" sizes=\"auto, (max-width: 600px) 100vw, 600px\" \/><\/figure>\t\t\t<\/div>\n\t\t\t\t\t\t<div class=\"content-media__content\">\n\t\t\t<p>Das erste Haartransplantation Gespr\u00e4ch in Frankfurt am Main bildet den Grundstein f\u00fcr Ihr\u00a0<strong>neues, verbessertes Lebensgef\u00fchl.<\/strong><\/p>\n<p>In unserer gr\u00f6\u00dften Haarklinik der Welt in Istanbul arbeiten unsere hochqualifizierten Spezialisten mit den modernsten medizinischen Methoden.<\/p>\n<p><strong>Die beste Qualit\u00e4t ist unser Versprechen!<\/strong><\/p>\n\t\t<\/div>\n\t\t\n\t\t\n\t\t\t<\/div>\n<\/section>\n\n\n<section class=\"wp-block-elh-content-media content-media layout-simple right-media styled-ul ul-default ul-default-box bg-grey\">\n\t<div class=\"content-media__container container\">\n\t\t\t\t\t<header class=\"content-media__header\">\n\t\t\t\t\t\t\t\t\t<h2>\t\t\t\t\t\tIhre Vorteile bei Europas Nr.1\t\t\t\t\t<\/h2>\t\t\t\t\t\t\t\t\t\t\t<\/header>\n\t\t\n\t\t\t\t\t<div class=\"content-media__media hide-shadow\">\n\t\t\t\t<figure><img decoding=\"async\" width=\"600\" height=\"566\" src=\"https:\/\/elithair.com\/de\/wp-content\/uploads\/sites\/2\/2026\/04\/Patient-Nico-Haartransplantation-Frankfurt.jpg\" class=\"attachment-large size-large\" alt=\"Patient Nico nach der Haartransplantation in Frankfurt\" loading=\"lazy\" srcset=\"https:\/\/elithair.com\/de\/wp-content\/uploads\/sites\/2\/2026\/04\/Patient-Nico-Haartransplantation-Frankfurt.jpg 600w, https:\/\/elithair.com\/de\/wp-content\/uploads\/sites\/2\/2026\/04\/Patient-Nico-Haartransplantation-Frankfurt-300x283.jpg 300w\" sizes=\"auto, (max-width: 600px) 100vw, 600px\" \/><\/figure>\t\t\t<\/div>\n\t\t\t\t\t\t<div class=\"content-media__content\">\n\t\t\t<p>Wir bieten allen Patienten den\u00a0<strong>besten Service und h\u00f6chste Qualit\u00e4t<\/strong>. Bei Europas Nr.1 profitieren Sie bei der Haartransplantation Beratung in Frankfurt nicht nur von folgenden\u00a0<strong><a href=\"https:\/\/elithair.com\/de\/haartransplantation-vorher-nachher\/\">perfekten Resultaten<\/a><\/strong>, sondern auch von diesen Vorteilen:<\/p>\n<ul>\n<li>Gr\u00f6\u00dfte Haarklinik der Welt<\/li>\n<li>International ausgebildete \u00c4rzte<\/li>\n<li>Neueste Methoden<\/li>\n<li>H\u00f6chste Qualit\u00e4ts- und Hygienestandards<\/li>\n<li>Modern ausgestattete Kliniken<\/li>\n<li>Begleitende Nachsorgephase<\/li>\n<li>Elithair App<\/li>\n<li>24\/7 erreichbare Ansprechpartner<\/li>\n<\/ul>\n\t\t<\/div>\n\t\t\n\t\t\n\t\t\t<\/div>\n<\/section>\n\n\n<section class=\"wp-block-elh-content-media content-media layout-simple styled-ul ul-default ul-default-box bg-secondary dark-layout\">\n\t<div class=\"content-media__container container\">\n\t\t\t\t\t<header class=\"content-media__header\">\n\t\t\t\t\t\t\t\t\t<h2>\t\t\t\t\t\tUnsere Preise\t\t\t\t\t<\/h2>\t\t\t\t\t\t\t\t\t\t\t<\/header>\n\t\t\n\t\t\t\t\t<div class=\"content-media__media\">\n\t\t\t\t<figure><img decoding=\"async\" width=\"600\" height=\"599\" src=\"https:\/\/elithair.com\/de\/wp-content\/uploads\/sites\/2\/2026\/04\/Expertin-Beratung-Patient-Elithair-Haartransplantation.jpg\" class=\"attachment-large size-large\" alt=\"Expertin ber\u00e4t Patient f\u00fcr die Haartransplantation\" loading=\"lazy\" srcset=\"https:\/\/elithair.com\/de\/wp-content\/uploads\/sites\/2\/2026\/04\/Expertin-Beratung-Patient-Elithair-Haartransplantation.jpg 600w, https:\/\/elithair.com\/de\/wp-content\/uploads\/sites\/2\/2026\/04\/Expertin-Beratung-Patient-Elithair-Haartransplantation-300x300.jpg 300w, https:\/\/elithair.com\/de\/wp-content\/uploads\/sites\/2\/2026\/04\/Expertin-Beratung-Patient-Elithair-Haartransplantation-150x150.jpg 150w\" sizes=\"auto, (max-width: 600px) 100vw, 600px\" \/><\/figure>\t\t\t<\/div>\n\t\t\t\t\t\t<div class=\"content-media__content\">\n\t\t\t<p><strong>Transparenz und Fairness<\/strong><\/p>\n<p>Jede Haarsituation ist einzigartig, jeder Patient besonders. Um einen\u00a0<strong>fairen Preis<\/strong>\u00a0zu garantieren, werden bei der Haartransplantation Beratung in Frankfurt die Kosten\u00a0<strong>individuell<\/strong>\u00a0berechnet.<\/p>\n<p>Im Beratungsgespr\u00e4ch vor Ort informiert Sie der Experte\u00a0<strong>transparent<\/strong>\u00a0\u00fcber Ihr\u00a0<a href=\"https:\/\/elithair.com\/de\/preise\/\"><strong>pers\u00f6nliches Angebot<\/strong><\/a>. Ein patientenorientierter Service bildet die Grundlage des Erfolges der transplantierten Haare.<\/p>\n<p>Vereinbaren Sie noch heute einen Termin und lassen Sie ihren\u00a0<strong>individuellen Preis<\/strong>\u00a0berechnen!<\/p>\n\t\t<\/div>\n\t\t\n\t\t\n\t\t\t\t\t<div class=\"content-media__btn-list btn-list\">\n\t\t\t\t<div class=\"btn-item\">\n\t\t\t\t\t<a\n\t\t\t\t\t\tclass=\"btn\"\n\t\t\t\t\t\thref=\"https:\/\/elithair.com\/de\/haaranalyse\/\"\t\t\t\t\t>Angebot berechnen<\/a>\n\t\t\t\t<\/div>\n\t\t\t<\/div>\n\t\t\t<\/div>\n<\/section>\n\n\n<section class=\"wp-block-elh-content-media content-media layout-simple right-media styled-ul ul-default ul-default-box bg-grey\">\n\t<div class=\"content-media__container container\">\n\t\t\t\t\t<header class=\"content-media__header\">\n\t\t\t\t\t\t\t\t\t<h2>\t\t\t\t\t\tVoller und dichter Bart\t\t\t\t\t<\/h2>\t\t\t\t\t\t\t\t\t\t\t<\/header>\n\t\t\n\t\t\t\t\t<div class=\"content-media__media hide-shadow\">\n\t\t\t\t<figure><img decoding=\"async\" width=\"600\" height=\"635\" src=\"https:\/\/elithair.com\/de\/wp-content\/uploads\/sites\/2\/2026\/04\/Patient-Jhaki-Barttransplantation-Frankfurt.jpg\" class=\"attachment-large size-large\" alt=\"Patient Jhaki zufrieden nach der Barttransplantation\" loading=\"lazy\" srcset=\"https:\/\/elithair.com\/de\/wp-content\/uploads\/sites\/2\/2026\/04\/Patient-Jhaki-Barttransplantation-Frankfurt.jpg 600w, https:\/\/elithair.com\/de\/wp-content\/uploads\/sites\/2\/2026\/04\/Patient-Jhaki-Barttransplantation-Frankfurt-283x300.jpg 283w\" sizes=\"auto, (max-width: 600px) 100vw, 600px\" \/><\/figure>\t\t\t<\/div>\n\t\t\t\t\t\t<div class=\"content-media__content\">\n\t\t\t<div class=\"gridTitle\">\n<p><strong>F\u00fcr mehr M\u00e4nnlichkeit und St\u00e4rke<\/strong><\/p>\n<\/div>\n<p>Die Gesichtsbehaarung ist ein wichtiges Symbol f\u00fcr viele M\u00e4nner. Ist der Bart pr\u00e4chtig und voll, steht das f\u00fcr\u00a0<strong>St\u00e4rke und M\u00e4nnlichkeit.<\/strong><\/p>\n<p>W\u00fcnschen Sie sich auch einen\u00a0<strong>gleichm\u00e4\u00dfigen und vollen Bart<\/strong>\u00a0mit dichtem Haar? Dann ist die\u00a0<strong><a href=\"https:\/\/elithair.com\/de\/behandlungen\/barthaartransplantation\/\">Barttransplantation<\/a>\u00a0<\/strong>Beratung in Frankfurt genau das Richtige f\u00fcr Sie. Die Spezialisten verf\u00fcgen \u00fcber\u00a0<strong>mehrj\u00e4hrige Erfahrung<\/strong>\u00a0und bieten Ihnen die passende Hilfestellung an.<\/p>\n<p>Dank der individuellen Barttransplantation Beratung in Frankfurt profitieren Sie nicht nur von einer vollen Gesichtsbehaarung, sondern auch von mehr\u00a0<strong>Maskulinit\u00e4t und Ausdrucksst\u00e4rke.<\/strong><\/p>\n\t\t<\/div>\n\t\t\n\t\t\n\t\t\t\t\t<div class=\"content-media__btn-list btn-list\">\n\t\t\t\t<div class=\"btn-item\">\n\t\t\t\t\t<a\n\t\t\t\t\t\tclass=\"btn\"\n\t\t\t\t\t\thref=\"https:\/\/elithair.com\/de\/haaranalyse\/\"\t\t\t\t\t>Kostenlose Haaranalyse<\/a>\n\t\t\t\t<\/div>\n\t\t\t<\/div>\n\t\t\t<\/div>\n<\/section>\n\n\n<section class=\"wp-block-elh-content-media content-media layout-simple styled-ul ul-default ul-default-box bg-secondary dark-layout\">\n\t<div class=\"content-media__container container\">\n\t\t\t\t\t<header class=\"content-media__header\">\n\t\t\t\t\t\t\t\t\t<h2>\t\t\t\t\t\tBeste Haartransplantation Beratung in Frankfurt\t\t\t\t\t<\/h2>\t\t\t\t\t\t\t\t\t\t\t<\/header>\n\t\t\n\t\t\t\t\t<div class=\"content-media__media hide-shadow\">\n\t\t\t\t<figure><img decoding=\"async\" width=\"1\" height=\"1\" src=\"https:\/\/elithair.com\/de\/wp-content\/uploads\/sites\/2\/2026\/04\/deutschland-Karte-standorte.svg\" class=\"attachment-large size-large\" alt=\"Deutschlandkarte mit den Elithair Standorten\" loading=\"lazy\" \/><\/figure>\t\t\t<\/div>\n\t\t\t\t\t\t<div class=\"content-media__content\">\n\t\t\t<p><strong>Lokal. Professionell. Erfahren.<\/strong><\/p>\n<p>Bei Elithair erhalten Sie den besten Service und\u00a0<strong>perfekte Ergebnisse.<\/strong>\u00a0Profitieren Sie von den Spezialisten, die Sie mit\u00a0<strong>Expertise<\/strong>\u00a0zu Ihrem pers\u00f6nlichen Haargl\u00fcck begleiten.<\/p>\n<p>Warten Sie nicht l\u00e4nger auf volles Haar. Nehmen Sie Ihr Gl\u00fcck selbst in die Hand und vereinbaren Sie jetzt einen\u00a0<strong>unverbindlichen Termin<\/strong>\u00a0f\u00fcr Ihre Haartransplantation Beratung in Frankfurt.<\/p>\n\t\t<\/div>\n\t\t\n\t\t\n\t\t\t\t\t<div class=\"content-media__btn-list btn-list\">\n\t\t\t\t<div class=\"btn-item\">\n\t\t\t\t\t<a\n\t\t\t\t\t\tclass=\"btn\"\n\t\t\t\t\t\thref=\"https:\/\/elithair.com\/de\/haaranalyse\/\"\t\t\t\t\t> Haaranalyse starten<\/a>\n\t\t\t\t<\/div>\n\t\t\t<\/div>\n\t\t\t<\/div>\n<\/section>\n\n\n<section class=\"wp-block-elh-faq-list faq-list bg-white\">\n\t<div class=\"faq-list__container container\">\n\t\t\t\t\t<header class=\"faq-list__header\">\n\t\t\t\t<h2>H\u00e4ufig gestellte Fragen<\/h2>\n\t\t\t<\/header>\n\t\t\n\t\t\t\t\t<div class=\"faq-list__items\">\n\t\t\t\t\t\t\t\t\t<div class=\"faq\">\n\t\t\t\t\t\t\t\t\t\t\t\t\t\t\t\t\t\t\t\t\t\t\t\t\t\t\t<details>\n\t\t\t\t\t\t\t\t\t<summary>Wo ist die Haartransplantation besser, in Frankfurt oder Istanbul?<\/summary>\n\t\t\t\t\t\t\t\t\t<p>In der Elit-Klinik in Istanbul k\u00f6nnen Sie die h\u00f6chsten Qualit\u00e4tsstandards und perfekte Ergebnisse erwarten. Mit modernsten Methoden der Haarverpflanzung wird der Eingriff von absoluten Spezialisten in einer perfekt ausgestatteten Klinik durchgef\u00fchrt. Hierbei sei angemerkt, dass Sie in Istanbul in der weltweit gr\u00f6\u00dften Haarklinik behandelt werden.<\/p>\n\t\t\t\t\t\t\t\t<\/details>\n\t\t\t\t\t\t\t\t\t\t\t\t\t\t\t<details>\n\t\t\t\t\t\t\t\t\t<summary>Wird die Haartransplantation in Frankfurt vor Ort durchgef\u00fchrt?<\/summary>\n\t\t\t\t\t\t\t\t\t<p>Ja, wir bieten Ihnen die Wahl zwischen drei hochmodernen Standorten: Sie k\u00f6nnen sich entweder in Frankfurt am Main, in Dubai oder in unserer weltweit gr\u00f6\u00dften Haarklinik in Istanbul, T\u00fcrkei, behandeln lassen.<\/p>\n<p>F\u00fcr Patienten, die den Eingriff komplett in Deutschland durchf\u00fchren lassen m\u00f6chten, bieten wir in Frankfurt am Main die M\u00f6glichkeit zur Behandlung vor Ort.<\/p>\n<p>Patienten, die eine Behandlung in Dubai w\u00fcnschen, steht unsere dortige Klinik zur Verf\u00fcgung.<\/p>\n<p>Unser Hauptsitz in Istanbul bietet Ihnen die gesamte Infrastruktur der gr\u00f6\u00dften Haarklinik der Welt, verbunden mit unseren umfangreichen All-Inclusive-Servicepaketen.<\/p>\n<p>Unser Qualit\u00e4tsversprechen gilt an allen Standorten:<\/p>\n<p>Unabh\u00e4ngig von Ihrem gew\u00e4hlten Standort garantieren wir die Anwendung der modernsten Techniken gepaart mit h\u00f6chster Expertise \u2013 f\u00fcr nat\u00fcrlich dichtes Haar!<\/p>\n\t\t\t\t\t\t\t\t<\/details>\n\t\t\t\t\t\t\t\t\t\t\t\t\t\t\t<details>\n\t\t\t\t\t\t\t\t\t<summary>Muss ich die Reise nach Istanbul dazubuchen, wenn ich den Eingriff dort vornehme?<\/summary>\n\t\t\t\t\t\t\t\t\t<p>Ihre Reise nach Istanbul k\u00f6nnen Sie nach Ihren eigenen Vorlieben selbst gestalten.<\/p>\n<p>Alternativ ist es auch m\u00f6glich, Flug und Hotel von Ihrem Experten bei Elithair dazu buchen zu lassen \u2013 wie es Ihnen am besten passt!<\/p>\n\t\t\t\t\t\t\t\t<\/details>\n\t\t\t\t\t\t\t\t\t\t\t\t\t\t\t<details>\n\t\t\t\t\t\t\t\t\t<summary>Wie ist der weitere Ablauf nach dem Beratungsgespr\u00e4ch?<\/summary>\n\t\t\t\t\t\t\t\t\t<p>Nach dem kostenlosen und unverbindlichen Beratungsgespr\u00e4ch legen Sie fest, wann Sie den Eingriff in Istanbul durchf\u00fchren lassen m\u00f6chten und legen einen Termin fest.<\/p>\n<p>Den weiteren Ablauf organisiert Ihr pers\u00f6nlicher Experte. Sie m\u00fcssen sich um nichts mehr k\u00fcmmern!<\/p>\n\t\t\t\t\t\t\t\t<\/details>\n\t\t\t\t\t\t\t\t\t\t\t\t\t\t\t\t\t\t<\/div>\n\t\t\t\t\t\t\t<\/div>\n\t\t\n\t\t\t<\/div>\n<\/section>\n\n","protected":false},"excerpt":{"rendered":"","protected":false},"author":10,"featured_media":0,"parent":67,"menu_order":0,"comment_status":"closed","ping_status":"closed","template":"","meta":{"_acf_changed":false,"_yoast_wpseo_focuskw":"","_yoast_wpseo_title":"Haartransplantation Beratung in Frankfurt: Ihre Elithair-Experten","_yoast_wpseo_metadesc":"Haartransplantation Beratung in Frankfurt: \u2714\ufe0f+150.000 Patienten \u2714\ufe0fEuropas Nr.1 \u2714\ufe0fExklusive Techniken | Jetzt hier lesen! Elithair","_yoast_wpseo_meta-robots-noindex":"","_yoast_wpseo_meta-robots-nofollow":"","_yoast_wpseo_meta-robots-adv":"","_yoast_wpseo_canonical":"","_yoast_wpseo_opengraph-title":"","_yoast_wpseo_opengraph-description":"","_yoast_wpseo_opengraph-image":"https:\/\/elithair.com\/de\/wp-content\/uploads\/sites\/2\/2026\/05\/haartransplantation-frankfurt.png","_yoast_wpseo_twitter-title":"","_yoast_wpseo_twitter-description":"","_yoast_wpseo_twitter-image":"https:\/\/elithair.com\/de\/wp-content\/uploads\/sites\/2\/2026\/05\/haartransplantation-frankfurt.png","_hm_hreflang_map":{"de":77,"x_default":77},"_hm_language_code":"de","footnotes":""},"class_list":["post-77","page","type-page","status-publish","hentry"],"acf":[],"yoast_head":"<!-- This site is optimized with the Yoast SEO Premium plugin v27.5 (Yoast SEO v27.5) - https:\/\/yoast.com\/product\/yoast-seo-premium-wordpress\/ -->\n<title>Haartransplantation Beratung in Frankfurt: Ihre Elithair-Experten<\/title>\n<meta name=\"description\" content=\"Haartransplantation Beratung in Frankfurt: \u2714\ufe0f+150.000 Patienten \u2714\ufe0fEuropas Nr.1 \u2714\ufe0fExklusive Techniken | Jetzt hier lesen! Elithair\" \/>\n<meta name=\"robots\" content=\"noindex, follow, max-snippet:-1, max-image-preview:large, max-video-preview:-1\" \/>\n<meta property=\"og:locale\" content=\"de_DE\" \/>\n<meta property=\"og:type\" content=\"article\" \/>\n<meta property=\"og:title\" content=\"Haartransplantation Beratung in Frankfurt\" \/>\n<meta property=\"og:description\" content=\"Haartransplantation Beratung in Frankfurt: \u2714\ufe0f+150.000 Patienten \u2714\ufe0fEuropas Nr.1 \u2714\ufe0fExklusive Techniken | Jetzt hier lesen! Elithair\" \/>\n<meta property=\"og:url\" content=\"https:\/\/elithair.com\/de\/informationen\/deutsche-anlaufstellen\/haartransplantation-frankfurt\/\" \/>\n<meta property=\"og:site_name\" content=\"Elithair\" \/>\n<meta property=\"article:modified_time\" content=\"2026-05-03T11:36:02+00:00\" \/>\n<meta property=\"og:image\" content=\"https:\/\/elithair.com\/de\/wp-content\/uploads\/sites\/2\/2026\/05\/haartransplantation-frankfurt.png\" \/>\n<meta name=\"twitter:card\" content=\"summary_large_image\" \/>\n<meta name=\"twitter:image\" content=\"https:\/\/elithair.com\/de\/wp-content\/uploads\/sites\/2\/2026\/05\/haartransplantation-frankfurt.png\" \/>\n<script type=\"application\/ld+json\" class=\"yoast-schema-graph\">{\"@context\":\"https:\\\/\\\/schema.org\",\"@graph\":[{\"@type\":\"WebPage\",\"@id\":\"https:\\\/\\\/elithair.com\\\/de\\\/informationen\\\/deutsche-anlaufstellen\\\/haartransplantation-frankfurt\\\/\",\"url\":\"https:\\\/\\\/elithair.com\\\/de\\\/informationen\\\/deutsche-anlaufstellen\\\/haartransplantation-frankfurt\\\/\",\"name\":\"Haartransplantation Beratung in Frankfurt: Ihre Elithair-Experten\",\"isPartOf\":{\"@id\":\"https:\\\/\\\/elithair.com\\\/de\\\/#website\"},\"datePublished\":\"2026-04-11T08:47:18+00:00\",\"dateModified\":\"2026-05-03T11:36:02+00:00\",\"description\":\"Haartransplantation Beratung in Frankfurt: \u2714\ufe0f+150.000 Patienten \u2714\ufe0fEuropas Nr.1 \u2714\ufe0fExklusive Techniken | Jetzt hier lesen! Elithair\",\"breadcrumb\":{\"@id\":\"https:\\\/\\\/elithair.com\\\/de\\\/informationen\\\/deutsche-anlaufstellen\\\/haartransplantation-frankfurt\\\/#breadcrumb\"},\"inLanguage\":\"de\",\"potentialAction\":[{\"@type\":\"ReadAction\",\"target\":[\"https:\\\/\\\/elithair.com\\\/de\\\/informationen\\\/deutsche-anlaufstellen\\\/haartransplantation-frankfurt\\\/\"]}]},{\"@type\":\"BreadcrumbList\",\"@id\":\"https:\\\/\\\/elithair.com\\\/de\\\/informationen\\\/deutsche-anlaufstellen\\\/haartransplantation-frankfurt\\\/#breadcrumb\",\"itemListElement\":[{\"@type\":\"ListItem\",\"position\":1,\"name\":\"Home\",\"item\":\"https:\\\/\\\/elithair.com\\\/de\\\/\"},{\"@type\":\"ListItem\",\"position\":2,\"name\":\"Informationen\",\"item\":\"https:\\\/\\\/elithair.com\\\/de\\\/informationen\\\/\"},{\"@type\":\"ListItem\",\"position\":3,\"name\":\"Deutsche Anlaufstellen\",\"item\":\"https:\\\/\\\/elithair.com\\\/de\\\/informationen\\\/deutsche-anlaufstellen\\\/\"},{\"@type\":\"ListItem\",\"position\":4,\"name\":\"Haartransplantation Beratung in Frankfurt\"}]},{\"@type\":\"WebSite\",\"@id\":\"https:\\\/\\\/elithair.com\\\/de\\\/#website\",\"url\":\"https:\\\/\\\/elithair.com\\\/de\\\/\",\"name\":\"Elithair\",\"description\":\"Haartransplantation T\u00fcrkei, Istanbul bei Europas #1\",\"alternateName\":\"Haartransplantation T\u00fcrkei, Istanbul bei Europas #1\",\"potentialAction\":[{\"@type\":\"SearchAction\",\"target\":{\"@type\":\"EntryPoint\",\"urlTemplate\":\"https:\\\/\\\/elithair.com\\\/de\\\/?s={search_term_string}\"},\"query-input\":{\"@type\":\"PropertyValueSpecification\",\"valueRequired\":true,\"valueName\":\"search_term_string\"}}],\"inLanguage\":\"de\"}]}<\/script>\n<!-- \/ Yoast SEO Premium plugin. -->","yoast_head_json":{"title":"Haartransplantation Beratung in Frankfurt: Ihre Elithair-Experten","description":"Haartransplantation Beratung in Frankfurt: \u2714\ufe0f+150.000 Patienten \u2714\ufe0fEuropas Nr.1 \u2714\ufe0fExklusive Techniken | Jetzt hier lesen! Elithair","robots":{"index":"noindex","follow":"follow","max-snippet":"max-snippet:-1","max-image-preview":"max-image-preview:large","max-video-preview":"max-video-preview:-1"},"og_locale":"de_DE","og_type":"article","og_title":"Haartransplantation Beratung in Frankfurt","og_description":"Haartransplantation Beratung in Frankfurt: \u2714\ufe0f+150.000 Patienten \u2714\ufe0fEuropas Nr.1 \u2714\ufe0fExklusive Techniken | Jetzt hier lesen! Elithair","og_url":"https:\/\/elithair.com\/de\/informationen\/deutsche-anlaufstellen\/haartransplantation-frankfurt\/","og_site_name":"Elithair","article_modified_time":"2026-05-03T11:36:02+00:00","og_image":[{"url":"https:\/\/elithair.com\/de\/wp-content\/uploads\/sites\/2\/2026\/05\/haartransplantation-frankfurt.png","type":"","width":"","height":""}],"twitter_card":"summary_large_image","twitter_image":"https:\/\/elithair.com\/de\/wp-content\/uploads\/sites\/2\/2026\/05\/haartransplantation-frankfurt.png","schema":{"@context":"https:\/\/schema.org","@graph":[{"@type":"WebPage","@id":"https:\/\/elithair.com\/de\/informationen\/deutsche-anlaufstellen\/haartransplantation-frankfurt\/","url":"https:\/\/elithair.com\/de\/informationen\/deutsche-anlaufstellen\/haartransplantation-frankfurt\/","name":"Haartransplantation Beratung in Frankfurt: Ihre Elithair-Experten","isPartOf":{"@id":"https:\/\/elithair.com\/de\/#website"},"datePublished":"2026-04-11T08:47:18+00:00","dateModified":"2026-05-03T11:36:02+00:00","description":"Haartransplantation Beratung in Frankfurt: \u2714\ufe0f+150.000 Patienten \u2714\ufe0fEuropas Nr.1 \u2714\ufe0fExklusive Techniken | Jetzt hier lesen! Elithair","breadcrumb":{"@id":"https:\/\/elithair.com\/de\/informationen\/deutsche-anlaufstellen\/haartransplantation-frankfurt\/#breadcrumb"},"inLanguage":"de","potentialAction":[{"@type":"ReadAction","target":["https:\/\/elithair.com\/de\/informationen\/deutsche-anlaufstellen\/haartransplantation-frankfurt\/"]}]},{"@type":"BreadcrumbList","@id":"https:\/\/elithair.com\/de\/informationen\/deutsche-anlaufstellen\/haartransplantation-frankfurt\/#breadcrumb","itemListElement":[{"@type":"ListItem","position":1,"name":"Home","item":"https:\/\/elithair.com\/de\/"},{"@type":"ListItem","position":2,"name":"Informationen","item":"https:\/\/elithair.com\/de\/informationen\/"},{"@type":"ListItem","position":3,"name":"Deutsche Anlaufstellen","item":"https:\/\/elithair.com\/de\/informationen\/deutsche-anlaufstellen\/"},{"@type":"ListItem","position":4,"name":"Haartransplantation Beratung in Frankfurt"}]},{"@type":"WebSite","@id":"https:\/\/elithair.com\/de\/#website","url":"https:\/\/elithair.com\/de\/","name":"Elithair","description":"Haartransplantation T\u00fcrkei, Istanbul bei Europas #1","alternateName":"Haartransplantation T\u00fcrkei, Istanbul bei Europas #1","potentialAction":[{"@type":"SearchAction","target":{"@type":"EntryPoint","urlTemplate":"https:\/\/elithair.com\/de\/?s={search_term_string}"},"query-input":{"@type":"PropertyValueSpecification","valueRequired":true,"valueName":"search_term_string"}}],"inLanguage":"de"}]}},"jetpack_sharing_enabled":true,"_links":{"self":[{"href":"https:\/\/elithair.com\/de\/wp-json\/wp\/v2\/pages\/77","targetHints":{"allow":["GET"]}}],"collection":[{"href":"https:\/\/elithair.com\/de\/wp-json\/wp\/v2\/pages"}],"about":[{"href":"https:\/\/elithair.com\/de\/wp-json\/wp\/v2\/types\/page"}],"author":[{"embeddable":true,"href":"https:\/\/elithair.com\/de\/wp-json\/wp\/v2\/users\/10"}],"replies":[{"embeddable":true,"href":"https:\/\/elithair.com\/de\/wp-json\/wp\/v2\/comments?post=77"}],"version-history":[{"count":5,"href":"https:\/\/elithair.com\/de\/wp-json\/wp\/v2\/pages\/77\/revisions"}],"predecessor-version":[{"id":104965,"href":"https:\/\/elithair.com\/de\/wp-json\/wp\/v2\/pages\/77\/revisions\/104965"}],"up":[{"embeddable":true,"href":"https:\/\/elithair.com\/de\/wp-json\/wp\/v2\/pages\/67"}],"wp:attachment":[{"href":"https:\/\/elithair.com\/de\/wp-json\/wp\/v2\/media?parent=77"}],"curies":[{"name":"wp","href":"https:\/\/api.w.org\/{rel}","templated":true}]}}