{"id":75,"date":"2026-04-11T08:46:00","date_gmt":"2026-04-11T08:46:00","guid":{"rendered":"https:\/\/unified.elitexperiments.com\/de\/?page_id=75"},"modified":"2026-05-03T13:35:49","modified_gmt":"2026-05-03T11:35:49","slug":"haartransplantation-hamburg","status":"publish","type":"page","link":"https:\/\/elithair.com\/de\/informationen\/deutsche-anlaufstellen\/haartransplantation-hamburg\/","title":{"rendered":"Haartransplantation Beratung in Hamburg"},"content":{"rendered":"<section class=\"wp-block-elh-main-hero main-hero dark-layout has-top-right-circle\">\n\t<div class=\"main-hero__container container\">\n\t\t\t\t\t<header class=\"main-hero__header\">\t\t\t\t\n\t\t\t\t<h1>\t\t\t\t\tHaartransplantation<br \/>\r\nBeratung <strong>in Hamburg<\/strong>\t\t\t\t<\/h1>\t\t\t<\/header>\n\t\t\n\t\t\t\t\t<div class=\"main-hero__content\">\n\t\t\t\t<p><strong><br \/>\nIhre Experten bei Elithair<\/strong><\/p>\n<p>Mit einem\u00a0<strong>Haartransplantation<\/strong>\u00a0Beratungsgespr\u00e4ch<strong>\u00a0in Hamburg<\/strong>\u00a0machen Sie den ersten Schritt in ein neues Leben\u00a0<strong>mit strahlend vollem Haar.<\/strong><\/p>\n<p>Lassen Sie sich ausf\u00fchrlich von\u00a0<strong>unseren Spezialisten<\/strong>\u00a0beraten und profitieren Sie von unserer Expertise aus\u00a0<strong>\u00fcber 150.000 erfolgreichen Behandlungen.<\/strong><\/p>\n\t\t\t<\/div>\n\t\t\n\t\t\t\t\t<div class=\"main-hero__media\">\n\t\t\t\t<img decoding=\"async\" width=\"600\" height=\"600\" src=\"https:\/\/elithair.com\/de\/wp-content\/uploads\/sites\/2\/2026\/04\/haartransplantation-hannover-rezeption.webp\" class=\"hero-image\" alt=\"Haartransplantation Hannover: Elegante Rezeption der Klinik\" loading=\"eager\" fetchpriority=\"high\" sizes=\"(max-width: 767px) 40vw, (max-width: 1023px) 23vw, 25vw\" srcset=\"https:\/\/elithair.com\/de\/wp-content\/uploads\/sites\/2\/2026\/04\/haartransplantation-hannover-rezeption.webp 600w, https:\/\/elithair.com\/de\/wp-content\/uploads\/sites\/2\/2026\/04\/haartransplantation-hannover-rezeption-300x300.webp 300w, https:\/\/elithair.com\/de\/wp-content\/uploads\/sites\/2\/2026\/04\/haartransplantation-hannover-rezeption-150x150.webp 150w\" \/>\t\t\t<\/div>\n\t\t\t\t\t\t\t<div class=\"main-hero__btn-list btn-list\">\n\t\t\t\t\t\t\t\t<div class=\"btn-item\">\n\t\t\t\t\t<a\n\t\t\t\t\t\thref=\"https:\/\/elithair.com\/de\/haaranalyse\/\"\t\t\t\t\t\tclass=\"btn\"\n\t\t\t\t\t>\n\t\t\t\t\t\tKostenlose Haaranalyse\t\t\t\t\t<\/a>\n\t\t\t\t<\/div>\n\t\t\t\t\t\t\t\t\t\t\t<\/div>\n\t\t\t<\/div>\n\t\t\n\t<\/section>\n\n\n<section class=\"wp-block-elh-content-media content-media layout-simple top-title-layout one-column styled-ul ul-default ul-default-box bg-grey\">\n\t<div class=\"content-media__container container\">\n\t\t\t\t\t<header class=\"content-media__header has-mw\" style=\"--MW:700px\">\n\t\t\t\t\t\t\t\t\t<h2>\t\t\t\t\t\tIhre Experten ganz nah bei Ihnen\t\t\t\t\t<\/h2>\t\t\t\t\t\t\t\t\t\t\t<\/header>\n\t\t\n\t\t\t\t\t\t<div class=\"content-media__content has-mw\" style=\"--MW:500px\">\n\t\t\t<p>Der Weg zu Ihrem Wunschhaar beginnt\u00a0<strong>direkt in Ihrer N\u00e4he.\u00a0<\/strong>Die\u00a0<a href=\"https:\/\/elithair.com\/de\/behandlungen\/haartransplantation\/\"><strong>Haartransplantation<\/strong>\u00a0<\/a>und Barttransplantation Beratung in Hamburg bietet Ihnen die M\u00f6glichkeit, sich individuell von den Experten beraten zu lassen.<\/p>\n<p>Mit der\u00a0<strong>kostenlosen Haaranalyse<\/strong>\u00a0ermitteln wir, welche Behandlungsmethode bei Ihnen ein perfektes Ergebnis garantiert.<\/p>\n<p>Adresse:<br \/>\nBaakenallee 37, 20457 Hamburg<\/p>\n<p>Erleben Sie bei Ihrem pers\u00f6nlichen Beratungsgespr\u00e4ch\u00a0<strong>modern ausgestattete Praxisr\u00e4ume<\/strong>\u00a0und die\u00a0<strong>neuesten technischen Ger\u00e4te.<\/strong><\/p>\n\t\t<\/div>\n\t\t\n\t\t\n\t\t\t<\/div>\n<\/section>\n\n\n<section class=\"wp-block-elh-content-media content-media layout-simple right-media styled-ul ul-default ul-default-box bg-secondary dark-layout\">\n\t<div class=\"content-media__container container\">\n\t\t\t\t\t<header class=\"content-media__header\">\n\t\t\t\t\t\t\t\t\t<h2>\t\t\t\t\t\tIhre Haare\t\t\t\t\t<\/h2>\t\t\t\t\t\t\t\t\t\t\t<\/header>\n\t\t\n\t\t\t\t\t<div class=\"content-media__media\">\n\t\t\t\t<figure><img decoding=\"async\" width=\"600\" height=\"605\" src=\"https:\/\/elithair.com\/de\/wp-content\/uploads\/sites\/2\/2026\/04\/Dr-Balwi-Team-Haartransplantation-Hamburg.jpg\" class=\"attachment-large size-large\" alt=\"Dr. Balwi mit Spezialisten-Team f\u00fcr die Haartransplantation in Hamburg\" loading=\"lazy\" srcset=\"https:\/\/elithair.com\/de\/wp-content\/uploads\/sites\/2\/2026\/04\/Dr-Balwi-Team-Haartransplantation-Hamburg.jpg 600w, https:\/\/elithair.com\/de\/wp-content\/uploads\/sites\/2\/2026\/04\/Dr-Balwi-Team-Haartransplantation-Hamburg-298x300.jpg 298w, https:\/\/elithair.com\/de\/wp-content\/uploads\/sites\/2\/2026\/04\/Dr-Balwi-Team-Haartransplantation-Hamburg-150x150.jpg 150w\" sizes=\"auto, (max-width: 600px) 100vw, 600px\" \/><\/figure>\t\t\t<\/div>\n\t\t\t\t\t\t<div class=\"content-media__content\">\n\t\t\t<p><strong>Ihre Entscheidung!<\/strong><\/p>\n<p>Nach Ihrer pers\u00f6nlichen Haartransplantation Beratung in Hamburg, werden alle weiteren Schritte in der gr\u00f6\u00dften Haarklinik der Welt in Istanbul erfolgen.<\/p>\n<p>Vor Ort treffen Sie auf\u00a0<strong>erfahrenes Personal, maximale Hygiene und die neuesten Methoden<\/strong>. Lehnen Sie sich einfach zur\u00fcck und freuen Sie sich auf Ihr strahlend volles Haar.<\/p>\n\t\t<\/div>\n\t\t\n\t\t\n\t\t\t<\/div>\n<\/section>\n\n\n<section class=\"wp-block-elh-content-media content-media layout-simple styled-ul ul-default ul-default-box bg-grey\">\n\t<div class=\"content-media__container container\">\n\t\t\t\t\t<header class=\"content-media__header\">\n\t\t\t\t\t\t\t\t\t<h2>\t\t\t\t\t\tViele Gr\u00fcnde f\u00fcr den Marktf\u00fchrer!\t\t\t\t\t<\/h2>\t\t\t\t\t\t\t\t\t\t\t<\/header>\n\t\t\n\t\t\t\t\t<div class=\"content-media__media hide-shadow\">\n\t\t\t\t<figure><img decoding=\"async\" width=\"600\" height=\"564\" src=\"https:\/\/elithair.com\/de\/wp-content\/uploads\/sites\/2\/2026\/04\/Patient-Juergen-T-Haartransplantation-in-Hamburg.jpg\" class=\"attachment-large size-large\" alt=\"Dr. Balwi mit Spezialisten-Team f\u00fcr die Haartransplantation in Hamburg\" loading=\"lazy\" srcset=\"https:\/\/elithair.com\/de\/wp-content\/uploads\/sites\/2\/2026\/04\/Patient-Juergen-T-Haartransplantation-in-Hamburg.jpg 600w, https:\/\/elithair.com\/de\/wp-content\/uploads\/sites\/2\/2026\/04\/Patient-Juergen-T-Haartransplantation-in-Hamburg-300x282.jpg 300w\" sizes=\"auto, (max-width: 600px) 100vw, 600px\" \/><\/figure>\t\t\t<\/div>\n\t\t\t\t\t\t<div class=\"content-media__content\">\n\t\t\t<p>Mit Ihrer Entscheidung f\u00fcr Elithair, entscheiden Sie sich nicht nur daf\u00fcr, endlich\u00a0<strong><a href=\"https:\/\/elithair.com\/de\/haartransplantation-vorher-nachher\/\">strahlend volles Haar<\/a><\/strong>\u00a0zu haben. Sie profitieren auch von den vielen Vorteilen, die wir Ihnen als\u00a0<strong>Europas Nr. 1<\/strong>\u00a0bieten.<\/p>\n<ul>\n<li>Gr\u00f6\u00dfte Haarklinik der Welt<\/li>\n<li>Exklusive Techniken<\/li>\n<li>+6.000 Bewertungen<\/li>\n<li>International ausgebildete Spezialisten<\/li>\n<li>Deutsche Ansprechpartner<\/li>\n<li>Weiterempfehlungsrate von 99%<\/li>\n<li>H\u00f6chste Qualit\u00e4ts- und Hygienestandards<\/li>\n<\/ul>\n\t\t<\/div>\n\t\t\n\t\t\n\t\t\t\t\t<div class=\"content-media__btn-list btn-list\">\n\t\t\t\t<div class=\"btn-item\">\n\t\t\t\t\t<a\n\t\t\t\t\t\tclass=\"btn\"\n\t\t\t\t\t\thref=\"https:\/\/elithair.com\/de\/haaranalyse\/\"\t\t\t\t\t>Angebot berechnen<\/a>\n\t\t\t\t<\/div>\n\t\t\t<\/div>\n\t\t\t<\/div>\n<\/section>\n\n\n<section class=\"wp-block-elh-content-media content-media layout-simple right-media styled-ul ul-default ul-default-box bg-secondary dark-layout\">\n\t<div class=\"content-media__container container\">\n\t\t\t\t\t<header class=\"content-media__header\">\n\t\t\t\t\t\t\t\t\t<h2>\t\t\t\t\t\tHaarverpflanzung Beratung in Hamburg\t\t\t\t\t<\/h2>\t\t\t\t\t\t\t\t\t\t\t<\/header>\n\t\t\n\t\t\t\t\t<div class=\"content-media__media\">\n\t\t\t\t<figure><img decoding=\"async\" width=\"600\" height=\"655\" src=\"https:\/\/elithair.com\/de\/wp-content\/uploads\/sites\/2\/2026\/04\/Elit-Scanner-Haartransplantation-Duesseldorf.jpg\" class=\"attachment-large size-large\" alt=\"Der Elit-Scanner f\u00fcr die Haartransplantation in D\u00fcsseldorf\" loading=\"lazy\" srcset=\"https:\/\/elithair.com\/de\/wp-content\/uploads\/sites\/2\/2026\/04\/Elit-Scanner-Haartransplantation-Duesseldorf.jpg 600w, https:\/\/elithair.com\/de\/wp-content\/uploads\/sites\/2\/2026\/04\/Elit-Scanner-Haartransplantation-Duesseldorf-275x300.jpg 275w\" sizes=\"auto, (max-width: 600px) 100vw, 600px\" \/><\/figure>\t\t\t<\/div>\n\t\t\t\t\t\t<div class=\"content-media__content\">\n\t\t\t<p>Ihre Haare sind eine sehr pers\u00f6nliche Angelegenheit. Je nach Fortschritt Ihrer kahlen Stellen und der damit notwendigen Anzahl an zu verpflanzenden Grafts, werden bei der Haarverpflanzung Beratung in Hamburg auch die\u00a0<strong>Kosten individuell und fair\u00a0<\/strong>ermittelt.<\/p>\n<p>Auf Grundlage der kostenlosen Haaranalyse erstellt Ihr pers\u00f6nlicher Experte ein\u00a0<strong><a href=\"https:\/\/elithair.com\/de\/preise\/\">unverbindliches Angebot<\/a><\/strong>, welches garantiert\u00a0<strong>fair und transparent<\/strong>\u00a0ist.<\/p>\n<p>Vereinbaren Sie noch heute Ihren\u00a0<strong>unverbindlichen Beratungstermin<\/strong>\u00a0und lassen Sie Ihr Angebot\u00a0<strong>kostenfrei<\/strong>\u00a0berechnen.<\/p>\n\t\t<\/div>\n\t\t\n\t\t\n\t\t\t\t\t<div class=\"content-media__btn-list btn-list\">\n\t\t\t\t<div class=\"btn-item\">\n\t\t\t\t\t<a\n\t\t\t\t\t\tclass=\"btn\"\n\t\t\t\t\t\thref=\"https:\/\/elithair.com\/de\/haaranalyse\/\"\t\t\t\t\t>Angebot berechnen<\/a>\n\t\t\t\t<\/div>\n\t\t\t<\/div>\n\t\t\t<\/div>\n<\/section>\n\n\n<section class=\"wp-block-elh-content-media content-media layout-simple styled-ul ul-default ul-default-box bg-grey\">\n\t<div class=\"content-media__container container\">\n\t\t\t\t\t<header class=\"content-media__header\">\n\t\t\t\t\t\t\t\t\t<h2>\t\t\t\t\t\tVoller Bart\t\t\t\t\t<\/h2>\t\t\t\t\t\t\t\t\t\t\t<\/header>\n\t\t\n\t\t\t\t\t<div class=\"content-media__media hide-shadow\">\n\t\t\t\t<figure><img decoding=\"async\" width=\"600\" height=\"635\" src=\"https:\/\/elithair.com\/de\/wp-content\/uploads\/sites\/2\/2026\/04\/Patient-Jhaki-Barttransplantation-Frankfurt.jpg\" class=\"attachment-large size-large\" alt=\"Patient Jhaki zufrieden nach der Barttransplantation\" loading=\"lazy\" srcset=\"https:\/\/elithair.com\/de\/wp-content\/uploads\/sites\/2\/2026\/04\/Patient-Jhaki-Barttransplantation-Frankfurt.jpg 600w, https:\/\/elithair.com\/de\/wp-content\/uploads\/sites\/2\/2026\/04\/Patient-Jhaki-Barttransplantation-Frankfurt-283x300.jpg 283w\" sizes=\"auto, (max-width: 600px) 100vw, 600px\" \/><\/figure>\t\t\t<\/div>\n\t\t\t\t\t\t<div class=\"content-media__content\">\n\t\t\t<p><strong>Voller Erfolg<\/strong><\/p>\n<p>Viele M\u00e4nner w\u00fcnschen sich einen\u00a0<strong>vollen und gleichm\u00e4\u00dfigen Bart<\/strong>\u00a0\u2013 Unsere Spezialisten k\u00f6nnen Ihnen helfen, Ihren Traum von vollen Haaren zu erf\u00fcllen!<\/p>\n<p>Mit der\u00a0<a href=\"https:\/\/elithair.com\/de\/behandlungen\/barthaartransplantation\/\"><strong>Barttransplantation<\/strong><\/a>\u00a0Beratung in Hamburg wird die Gesichtsbehaarung zu Ihrem\u00a0<strong>pers\u00f6nlichen Highlight<\/strong>. Verleihen Sie Ihrem Bart die\u00a0<strong>St\u00e4rke und M\u00e4nnlichkeit<\/strong>, die er verdient.<\/p>\n<p>Dank der jahrelangen Erfahrung und den besten Experten auf dem Gebiet, ist Elithair der\u00a0<strong>f\u00fchrende Anbieter<\/strong>\u00a0f\u00fcr Ihre Barthaartransplantation.<\/p>\n\t\t<\/div>\n\t\t\n\t\t\n\t\t\t\t\t<div class=\"content-media__btn-list btn-list\">\n\t\t\t\t<div class=\"btn-item\">\n\t\t\t\t\t<a\n\t\t\t\t\t\tclass=\"btn\"\n\t\t\t\t\t\thref=\"https:\/\/elithair.com\/de\/haaranalyse\/\"\t\t\t\t\t>Kostenlose Haaranalyse<\/a>\n\t\t\t\t<\/div>\n\t\t\t<\/div>\n\t\t\t<\/div>\n<\/section>\n\n\n<section class=\"wp-block-elh-content-media content-media layout-simple right-media styled-ul ul-default ul-default-box bg-secondary dark-layout\">\n\t<div class=\"content-media__container container\">\n\t\t\t\t\t<header class=\"content-media__header\">\n\t\t\t\t\t\t\t\t\t<h2>\t\t\t\t\t\tProfessionelle Beratung f\u00fcr Ihre Haarverpflanzung?\t\t\t\t\t<\/h2>\t\t\t\t\t\t\t\t\t\t\t<\/header>\n\t\t\n\t\t\t\t\t<div class=\"content-media__media hide-shadow\">\n\t\t\t\t<figure><img decoding=\"async\" width=\"1\" height=\"1\" src=\"https:\/\/elithair.com\/de\/wp-content\/uploads\/sites\/2\/2026\/04\/deutschland-Karte-standorte.svg\" class=\"attachment-large size-large\" alt=\"Deutschlandkarte mit den Elithair Standorten\" loading=\"lazy\" \/><\/figure>\t\t\t<\/div>\n\t\t\t\t\t\t<div class=\"content-media__content\">\n\t\t\t<p><strong>Nur bei Elithair!<\/strong><\/p>\n<p>Mit dem\u00a0<strong>besten Service und atemberaubenden Ergebnissen<\/strong>\u00a0hat sich Elithair die Stellung als Europas Marktf\u00fchrer gesichert.<\/p>\n<p>Profitieren Sie von der Expertise der internationalen Spezialisten,<br \/>\ndie mit den modernsten Methoden bei Ihrer Haartransplantation f\u00fcr\u00a0<strong>perfekte Resultate<\/strong>\u00a0sorgen.<\/p>\n<p>Erf\u00fcllen Sie sich mit uns an Ihrer Seite den Wunsch nach\u00a0<strong>strahlend vollen Haaren<\/strong>.<\/p>\n\t\t<\/div>\n\t\t\n\t\t\n\t\t\t<\/div>\n<\/section>\n\n\n<section class=\"wp-block-elh-faq-list faq-list bg-white\">\n\t<div class=\"faq-list__container container\">\n\t\t\t\t\t<header class=\"faq-list__header\">\n\t\t\t\t<h2>H\u00e4ufig gestellte Fragen<\/h2>\n\t\t\t<\/header>\n\t\t\n\t\t\t\t\t<div class=\"faq-list__items\">\n\t\t\t\t\t\t\t\t\t<div class=\"faq\">\n\t\t\t\t\t\t\t\t\t\t\t\t\t\t\t\t\t\t\t\t\t\t\t\t\t\t\t<details>\n\t\t\t\t\t\t\t\t\t<summary>Ist eine Haartransplantation eher in Deutschland oder der T\u00fcrkei zu empfehlen?<\/summary>\n\t\t\t\t\t\t\t\t\t<p>In der Elit-Klinik in Istanbul wird die Behandlung von absoluten Spezialisten mit der besten Ausstattung und den modernsten Methoden durchgef\u00fchrt. Statt der veralteten Streifentechnik (FUT Methode, Follicular Unit Transplantation) kommt in unsere gr\u00f6\u00dften Haarklinik der Welt stets die moderne und pr\u00e4zise FUE Haartransplantation (Follicular Unit Extraction) zum Einsatz.<\/p>\n<p>Welche Technik zum Einsetzen verwendet wird, h\u00e4ngt von Ihrer individuellen Situation ab. Im Anschluss werden die verpflanzten Haare dann eingehend untersucht, um ein perfektes Ergebnis zu garantieren.<\/p>\n<p>Bei Elithair k\u00f6nnen Sie immer die h\u00f6chste Qualit\u00e4t erwarten, um Ihren erblich bedingten Haarausfall zu bek\u00e4mpfen.<\/p>\n\t\t\t\t\t\t\t\t<\/details>\n\t\t\t\t\t\t\t\t\t\t\t\t\t\t\t<details>\n\t\t\t\t\t\t\t\t\t<summary>Wie erhalte ich ein Haartransplantation Beratungsgespr\u00e4ch in Hamburg?<\/summary>\n\t\t\t\t\t\t\t\t\t<p>Nehmen Sie einfach telefonisch oder online Kontakt mit uns auf, um einen Termin zu vereinbaren. Unsere Experten freuen sich bereits auf Sie!<\/p>\n\t\t\t\t\t\t\t\t<\/details>\n\t\t\t\t\t\t\t\t\t\t\t\t\t\t\t<details>\n\t\t\t\t\t\t\t\t\t<summary>Kann ich die Reise nach Istanbul selbst buchen?<\/summary>\n\t\t\t\t\t\t\t\t\t<p>Selbstverst\u00e4ndlich k\u00f6nnen Sie sich selbst um die Reise nach Istanbul k\u00fcmmern. Optional wird Ihnen die Buchung auch von unseren Experten abgenommen, die Ihnen dann mit der Hin- und R\u00fcckreise helfen.<\/p>\n\t\t\t\t\t\t\t\t<\/details>\n\t\t\t\t\t\t\t\t\t\t\t\t\t\t\t<details>\n\t\t\t\t\t\t\t\t\t<summary>Auf was muss ich mich nach der Beratung in Hamburg einstellen?<\/summary>\n\t\t\t\t\t\t\t\t\t<p>Nachdem Sie uns beim Beratungsgespr\u00e4ch mitgeteilt haben, dass Sie ihre Haarverpflanzung bei Elithair in der T\u00fcrkei durchf\u00fchren lassen wollen und alle weiteren Informationen erhalten haben, k\u00fcmmert sich Ihr pers\u00f6nlicher Experte um den weiteren Ablauf.<\/p>\n<p>Lehnen Sie sich zur\u00fcck und freuen Sie sich auf strahlend volles Haar!<\/p>\n\t\t\t\t\t\t\t\t<\/details>\n\t\t\t\t\t\t\t\t\t\t\t\t\t\t\t\t\t\t<\/div>\n\t\t\t\t\t\t\t<\/div>\n\t\t\n\t\t\t<\/div>\n<\/section>\n\n","protected":false},"excerpt":{"rendered":"","protected":false},"author":10,"featured_media":0,"parent":67,"menu_order":0,"comment_status":"closed","ping_status":"closed","template":"","meta":{"_acf_changed":false,"_yoast_wpseo_focuskw":"","_yoast_wpseo_title":"Haartransplantation Beratung in Hamburg: Ihre Elithair-Experten","_yoast_wpseo_metadesc":"Haartransplantation Beratung in Hamburg: \u2705+150.000 begeisterte Patienten \u2705Top-Spezialisten | Jetzt lesen! Elithair","_yoast_wpseo_meta-robots-noindex":"","_yoast_wpseo_meta-robots-nofollow":"","_yoast_wpseo_meta-robots-adv":"","_yoast_wpseo_canonical":"","_yoast_wpseo_opengraph-title":"","_yoast_wpseo_opengraph-description":"","_yoast_wpseo_opengraph-image":"https:\/\/elithair.com\/de\/wp-content\/uploads\/sites\/2\/2026\/05\/haartransplantation-hamburg.png","_yoast_wpseo_twitter-title":"","_yoast_wpseo_twitter-description":"","_yoast_wpseo_twitter-image":"https:\/\/elithair.com\/de\/wp-content\/uploads\/sites\/2\/2026\/05\/haartransplantation-hamburg.png","_hm_hreflang_map":{"de":75,"x_default":75},"_hm_language_code":"de","footnotes":""},"class_list":["post-75","page","type-page","status-publish","hentry"],"acf":[],"yoast_head":"<!-- This site is optimized with the Yoast SEO Premium plugin v27.5 (Yoast SEO v27.5) - https:\/\/yoast.com\/product\/yoast-seo-premium-wordpress\/ -->\n<title>Haartransplantation Beratung in Hamburg: Ihre Elithair-Experten<\/title>\n<meta name=\"description\" content=\"Haartransplantation Beratung in Hamburg: \u2705+150.000 begeisterte Patienten \u2705Top-Spezialisten | Jetzt lesen! Elithair\" \/>\n<meta name=\"robots\" content=\"noindex, follow, max-snippet:-1, max-image-preview:large, max-video-preview:-1\" \/>\n<meta property=\"og:locale\" content=\"de_DE\" \/>\n<meta property=\"og:type\" content=\"article\" \/>\n<meta property=\"og:title\" content=\"Haartransplantation Beratung in Hamburg\" \/>\n<meta property=\"og:description\" content=\"Haartransplantation Beratung in Hamburg: \u2705+150.000 begeisterte Patienten \u2705Top-Spezialisten | Jetzt lesen! Elithair\" \/>\n<meta property=\"og:url\" content=\"https:\/\/elithair.com\/de\/informationen\/deutsche-anlaufstellen\/haartransplantation-hamburg\/\" \/>\n<meta property=\"og:site_name\" content=\"Elithair\" \/>\n<meta property=\"article:modified_time\" content=\"2026-05-03T11:35:49+00:00\" \/>\n<meta property=\"og:image\" content=\"https:\/\/elithair.com\/de\/wp-content\/uploads\/sites\/2\/2026\/05\/haartransplantation-hamburg.png\" \/>\n<meta name=\"twitter:card\" content=\"summary_large_image\" \/>\n<meta name=\"twitter:image\" content=\"https:\/\/elithair.com\/de\/wp-content\/uploads\/sites\/2\/2026\/05\/haartransplantation-hamburg.png\" \/>\n<script type=\"application\/ld+json\" class=\"yoast-schema-graph\">{\"@context\":\"https:\\\/\\\/schema.org\",\"@graph\":[{\"@type\":\"WebPage\",\"@id\":\"https:\\\/\\\/elithair.com\\\/de\\\/informationen\\\/deutsche-anlaufstellen\\\/haartransplantation-hamburg\\\/\",\"url\":\"https:\\\/\\\/elithair.com\\\/de\\\/informationen\\\/deutsche-anlaufstellen\\\/haartransplantation-hamburg\\\/\",\"name\":\"Haartransplantation Beratung in Hamburg: Ihre Elithair-Experten\",\"isPartOf\":{\"@id\":\"https:\\\/\\\/elithair.com\\\/de\\\/#website\"},\"datePublished\":\"2026-04-11T08:46:00+00:00\",\"dateModified\":\"2026-05-03T11:35:49+00:00\",\"description\":\"Haartransplantation Beratung in Hamburg: \u2705+150.000 begeisterte Patienten \u2705Top-Spezialisten | Jetzt lesen! Elithair\",\"breadcrumb\":{\"@id\":\"https:\\\/\\\/elithair.com\\\/de\\\/informationen\\\/deutsche-anlaufstellen\\\/haartransplantation-hamburg\\\/#breadcrumb\"},\"inLanguage\":\"de\",\"potentialAction\":[{\"@type\":\"ReadAction\",\"target\":[\"https:\\\/\\\/elithair.com\\\/de\\\/informationen\\\/deutsche-anlaufstellen\\\/haartransplantation-hamburg\\\/\"]}]},{\"@type\":\"BreadcrumbList\",\"@id\":\"https:\\\/\\\/elithair.com\\\/de\\\/informationen\\\/deutsche-anlaufstellen\\\/haartransplantation-hamburg\\\/#breadcrumb\",\"itemListElement\":[{\"@type\":\"ListItem\",\"position\":1,\"name\":\"Home\",\"item\":\"https:\\\/\\\/elithair.com\\\/de\\\/\"},{\"@type\":\"ListItem\",\"position\":2,\"name\":\"Informationen\",\"item\":\"https:\\\/\\\/elithair.com\\\/de\\\/informationen\\\/\"},{\"@type\":\"ListItem\",\"position\":3,\"name\":\"Deutsche Anlaufstellen\",\"item\":\"https:\\\/\\\/elithair.com\\\/de\\\/informationen\\\/deutsche-anlaufstellen\\\/\"},{\"@type\":\"ListItem\",\"position\":4,\"name\":\"Haartransplantation Beratung in Hamburg\"}]},{\"@type\":\"WebSite\",\"@id\":\"https:\\\/\\\/elithair.com\\\/de\\\/#website\",\"url\":\"https:\\\/\\\/elithair.com\\\/de\\\/\",\"name\":\"Elithair\",\"description\":\"Haartransplantation T\u00fcrkei, Istanbul bei Europas #1\",\"alternateName\":\"Haartransplantation T\u00fcrkei, Istanbul bei Europas #1\",\"potentialAction\":[{\"@type\":\"SearchAction\",\"target\":{\"@type\":\"EntryPoint\",\"urlTemplate\":\"https:\\\/\\\/elithair.com\\\/de\\\/?s={search_term_string}\"},\"query-input\":{\"@type\":\"PropertyValueSpecification\",\"valueRequired\":true,\"valueName\":\"search_term_string\"}}],\"inLanguage\":\"de\"}]}<\/script>\n<!-- \/ Yoast SEO Premium plugin. -->","yoast_head_json":{"title":"Haartransplantation Beratung in Hamburg: Ihre Elithair-Experten","description":"Haartransplantation Beratung in Hamburg: \u2705+150.000 begeisterte Patienten \u2705Top-Spezialisten | Jetzt lesen! Elithair","robots":{"index":"noindex","follow":"follow","max-snippet":"max-snippet:-1","max-image-preview":"max-image-preview:large","max-video-preview":"max-video-preview:-1"},"og_locale":"de_DE","og_type":"article","og_title":"Haartransplantation Beratung in Hamburg","og_description":"Haartransplantation Beratung in Hamburg: \u2705+150.000 begeisterte Patienten \u2705Top-Spezialisten | Jetzt lesen! Elithair","og_url":"https:\/\/elithair.com\/de\/informationen\/deutsche-anlaufstellen\/haartransplantation-hamburg\/","og_site_name":"Elithair","article_modified_time":"2026-05-03T11:35:49+00:00","og_image":[{"url":"https:\/\/elithair.com\/de\/wp-content\/uploads\/sites\/2\/2026\/05\/haartransplantation-hamburg.png","type":"","width":"","height":""}],"twitter_card":"summary_large_image","twitter_image":"https:\/\/elithair.com\/de\/wp-content\/uploads\/sites\/2\/2026\/05\/haartransplantation-hamburg.png","schema":{"@context":"https:\/\/schema.org","@graph":[{"@type":"WebPage","@id":"https:\/\/elithair.com\/de\/informationen\/deutsche-anlaufstellen\/haartransplantation-hamburg\/","url":"https:\/\/elithair.com\/de\/informationen\/deutsche-anlaufstellen\/haartransplantation-hamburg\/","name":"Haartransplantation Beratung in Hamburg: Ihre Elithair-Experten","isPartOf":{"@id":"https:\/\/elithair.com\/de\/#website"},"datePublished":"2026-04-11T08:46:00+00:00","dateModified":"2026-05-03T11:35:49+00:00","description":"Haartransplantation Beratung in Hamburg: \u2705+150.000 begeisterte Patienten \u2705Top-Spezialisten | Jetzt lesen! Elithair","breadcrumb":{"@id":"https:\/\/elithair.com\/de\/informationen\/deutsche-anlaufstellen\/haartransplantation-hamburg\/#breadcrumb"},"inLanguage":"de","potentialAction":[{"@type":"ReadAction","target":["https:\/\/elithair.com\/de\/informationen\/deutsche-anlaufstellen\/haartransplantation-hamburg\/"]}]},{"@type":"BreadcrumbList","@id":"https:\/\/elithair.com\/de\/informationen\/deutsche-anlaufstellen\/haartransplantation-hamburg\/#breadcrumb","itemListElement":[{"@type":"ListItem","position":1,"name":"Home","item":"https:\/\/elithair.com\/de\/"},{"@type":"ListItem","position":2,"name":"Informationen","item":"https:\/\/elithair.com\/de\/informationen\/"},{"@type":"ListItem","position":3,"name":"Deutsche Anlaufstellen","item":"https:\/\/elithair.com\/de\/informationen\/deutsche-anlaufstellen\/"},{"@type":"ListItem","position":4,"name":"Haartransplantation Beratung in Hamburg"}]},{"@type":"WebSite","@id":"https:\/\/elithair.com\/de\/#website","url":"https:\/\/elithair.com\/de\/","name":"Elithair","description":"Haartransplantation T\u00fcrkei, Istanbul bei Europas #1","alternateName":"Haartransplantation T\u00fcrkei, Istanbul bei Europas #1","potentialAction":[{"@type":"SearchAction","target":{"@type":"EntryPoint","urlTemplate":"https:\/\/elithair.com\/de\/?s={search_term_string}"},"query-input":{"@type":"PropertyValueSpecification","valueRequired":true,"valueName":"search_term_string"}}],"inLanguage":"de"}]}},"jetpack_sharing_enabled":true,"_links":{"self":[{"href":"https:\/\/elithair.com\/de\/wp-json\/wp\/v2\/pages\/75","targetHints":{"allow":["GET"]}}],"collection":[{"href":"https:\/\/elithair.com\/de\/wp-json\/wp\/v2\/pages"}],"about":[{"href":"https:\/\/elithair.com\/de\/wp-json\/wp\/v2\/types\/page"}],"author":[{"embeddable":true,"href":"https:\/\/elithair.com\/de\/wp-json\/wp\/v2\/users\/10"}],"replies":[{"embeddable":true,"href":"https:\/\/elithair.com\/de\/wp-json\/wp\/v2\/comments?post=75"}],"version-history":[{"count":7,"href":"https:\/\/elithair.com\/de\/wp-json\/wp\/v2\/pages\/75\/revisions"}],"predecessor-version":[{"id":104966,"href":"https:\/\/elithair.com\/de\/wp-json\/wp\/v2\/pages\/75\/revisions\/104966"}],"up":[{"embeddable":true,"href":"https:\/\/elithair.com\/de\/wp-json\/wp\/v2\/pages\/67"}],"wp:attachment":[{"href":"https:\/\/elithair.com\/de\/wp-json\/wp\/v2\/media?parent=75"}],"curies":[{"name":"wp","href":"https:\/\/api.w.org\/{rel}","templated":true}]}}