{"id":73,"date":"2026-04-11T08:44:40","date_gmt":"2026-04-11T08:44:40","guid":{"rendered":"https:\/\/unified.elitexperiments.com\/de\/?page_id=73"},"modified":"2026-05-03T13:35:42","modified_gmt":"2026-05-03T11:35:42","slug":"haartransplantation-duesseldorf","status":"publish","type":"page","link":"https:\/\/elithair.com\/de\/informationen\/deutsche-anlaufstellen\/haartransplantation-duesseldorf\/","title":{"rendered":"Haartransplantation Beratung in D\u00fcsseldorf"},"content":{"rendered":"<section class=\"wp-block-elh-main-hero main-hero dark-layout has-top-right-circle\">\n\t<div class=\"main-hero__container container\">\n\t\t\t\t\t<header class=\"main-hero__header\">\t\t\t\t\n\t\t\t\t<h1>\t\t\t\t\tHaartransplantation<br \/>\r\nBeratung <strong>in D\u00fcsseldorf<\/strong>\t\t\t\t<\/h1>\t\t\t<\/header>\n\t\t\n\t\t\t\t\t<div class=\"main-hero__content\">\n\t\t\t\t<p><strong><br \/>\nBei den Experten von Elithair<\/strong><br \/>\nKommen Sie zu unseren Experten f\u00fcr Ihre Haartransplantation Beratung<b>\u00a0in D\u00fcsseldorf.<\/b>\u00a0Tr\u00e4umen Sie nicht l\u00e4nger von\u00a0<b>strahlend vollem Haar<\/b>\u00a0und vertrauen Sie auf\u00a0<b>Europas Nr.1: Elithair<\/b>.<\/p>\n<p>Unsere\u00a0<b>ausgebildeten Experten<\/b>\u00a0beraten Sie bez\u00fcglich Ihrer neuen Haarpracht.<\/p>\n<p>Lassen Sie sich von der Erfahrung aus\u00a0<b>\u00fcber 150.000 erfolgreichen Behandlungen<\/b>\u00a0\u00fcberzeugen.<\/p>\n\t\t\t<\/div>\n\t\t\n\t\t\t\t\t<div class=\"main-hero__media\">\n\t\t\t\t<img decoding=\"async\" width=\"600\" height=\"600\" src=\"https:\/\/elithair.com\/de\/wp-content\/uploads\/sites\/2\/2026\/04\/haartransplantation-duesseldorf-empfang.webp\" class=\"hero-image\" alt=\"Haartransplantation D\u00fcsseldorf: Einladender Empfangsbereich\" loading=\"eager\" fetchpriority=\"high\" sizes=\"(max-width: 767px) 40vw, (max-width: 1023px) 23vw, 25vw\" srcset=\"https:\/\/elithair.com\/de\/wp-content\/uploads\/sites\/2\/2026\/04\/haartransplantation-duesseldorf-empfang.webp 600w, https:\/\/elithair.com\/de\/wp-content\/uploads\/sites\/2\/2026\/04\/haartransplantation-duesseldorf-empfang-300x300.webp 300w, https:\/\/elithair.com\/de\/wp-content\/uploads\/sites\/2\/2026\/04\/haartransplantation-duesseldorf-empfang-150x150.webp 150w\" \/>\t\t\t<\/div>\n\t\t\t\t\t\t\t<div class=\"main-hero__btn-list btn-list\">\n\t\t\t\t\t\t\t\t<div class=\"btn-item\">\n\t\t\t\t\t<a\n\t\t\t\t\t\thref=\"https:\/\/elithair.com\/de\/haaranalyse\/\"\t\t\t\t\t\tclass=\"btn\"\n\t\t\t\t\t>\n\t\t\t\t\t\tKostenlose Haaranalyse\t\t\t\t\t<\/a>\n\t\t\t\t<\/div>\n\t\t\t\t\t\t\t\t\t\t\t<\/div>\n\t\t\t<\/div>\n\t\t\n\t<\/section>\n\n\n<section class=\"wp-block-elh-content-media content-media layout-simple styled-ul ul-default ul-default-box bg-grey\">\n\t<div class=\"content-media__container container\">\n\t\t\t\t\t<header class=\"content-media__header\">\n\t\t\t\t\t\t\t\t\t<h2>\t\t\t\t\t\tIhre Experten in der Landeshauptstadt\t\t\t\t\t<\/h2>\t\t\t\t\t\t\t\t\t\t\t<\/header>\n\t\t\n\t\t\t\t\t<div class=\"content-media__media hide-shadow\">\n\t\t\t\t<figure><img decoding=\"async\" width=\"600\" height=\"649\" src=\"https:\/\/elithair.com\/de\/wp-content\/uploads\/sites\/2\/2026\/04\/Elithair-Wartebereich-Haartransplantation-Duesseldorf.jpg\" class=\"attachment-large size-large\" alt=\"Der Elithair Wartebereich f\u00fcr die Haartransplantation in D\u00fcsseldorf\" loading=\"lazy\" srcset=\"https:\/\/elithair.com\/de\/wp-content\/uploads\/sites\/2\/2026\/04\/Elithair-Wartebereich-Haartransplantation-Duesseldorf.jpg 600w, https:\/\/elithair.com\/de\/wp-content\/uploads\/sites\/2\/2026\/04\/Elithair-Wartebereich-Haartransplantation-Duesseldorf-277x300.jpg 277w\" sizes=\"auto, (max-width: 600px) 100vw, 600px\" \/><\/figure>\t\t\t<\/div>\n\t\t\t\t\t\t<div class=\"content-media__content\">\n\t\t\t<p><strong>Holen Sie sich Ihr Haar zur\u00fcck!<\/strong><\/p>\n<p>Eine Haarverpflanzung bringt Ihnen nicht nur Ihre vollen Haare zur\u00fcck: Auch hohe Zufriedenheit und ein wieder\u00a0<strong>erstarktes Selbstbewusstsein<\/strong>\u00a0sind Ihnen sicher.<\/p>\n<p>Sowohl f\u00fcr die\u00a0<strong><a href=\"https:\/\/elithair.com\/de\/behandlungen\/haartransplantation\/\">Haartransplantation<\/a><\/strong>\u00a0als auch f\u00fcr die Barttransplantation Beratung in D\u00fcsseldorf zeichnet unsere\u00a0<strong>renommierten Spezialisten<\/strong>\u00a0eine jahrelange Erfahrung aus.<\/p>\n<p>Beginnend mit der Haartransplantation Beratung in D\u00fcsseldorf gehen wir mit Ihnen den ersten Schritt Richtung\u00a0<strong>strahlend volles Haar<\/strong>\u00a0und neues Lebensgef\u00fchl.<\/p>\n\t\t<\/div>\n\t\t\n\t\t\n\t\t\t<\/div>\n<\/section>\n\n\n<section class=\"wp-block-elh-content-media content-media layout-simple right-media styled-ul ul-default ul-default-box bg-secondary dark-layout\">\n\t<div class=\"content-media__container container\">\n\t\t\t\t\t<header class=\"content-media__header\">\n\t\t\t\t\t\t\t\t\t<h2>\t\t\t\t\t\tWir bieten Ihnen die beste Haartransplantation Beratung\t\t\t\t\t<\/h2>\t\t\t\t\t\t\t\t\t\t\t<\/header>\n\t\t\n\t\t\t\t\t<div class=\"content-media__media\">\n\t\t\t\t<figure><img decoding=\"async\" width=\"600\" height=\"603\" src=\"https:\/\/elithair.com\/de\/wp-content\/uploads\/sites\/2\/2026\/04\/Patient-Beratung-Expertin-Haartransplantation-Duesseldorf.jpg\" class=\"attachment-large size-large\" alt=\"Patient erh\u00e4lt Beratung von der Elithair Expertin f\u00fcr die Haartransplantation in D\u00fcsseldorf\" loading=\"lazy\" srcset=\"https:\/\/elithair.com\/de\/wp-content\/uploads\/sites\/2\/2026\/04\/Patient-Beratung-Expertin-Haartransplantation-Duesseldorf.jpg 600w, https:\/\/elithair.com\/de\/wp-content\/uploads\/sites\/2\/2026\/04\/Patient-Beratung-Expertin-Haartransplantation-Duesseldorf-150x150.jpg 150w\" sizes=\"auto, (max-width: 600px) 100vw, 600px\" \/><\/figure>\t\t\t<\/div>\n\t\t\t\t\t\t<div class=\"content-media__content\">\n\t\t\t<p>Bei der Haartransplantation Sprechstunde in D\u00fcsseldorf informiert Sie ihr pers\u00f6nlicher Experte \u00fcber den\u00a0<strong>Ablauf, die Methoden und die Kosten<\/strong>\u00a0der Behandlung.<\/p>\n<p>Adresse:<br \/>\nFriedrichstra\u00dfe 17, 40217 D\u00fcsseldorf<\/p>\n<p>In unserer Elit-Klinik in Istanbul, die \u00fcbrigens die gr\u00f6\u00dfte Haarklinik der Welt ist,\u00a0werden Sie von\u00a0<strong>international renommierten Spezialisten-Teams<\/strong>\u00a0mit den modernsten Methoden behandelt.<\/p>\n<p>Entscheiden Sie sich f\u00fcr Elithair und wir versprechen Ihnen die\u00a0<strong>beste Qualit\u00e4t<\/strong>!<\/p>\n\t\t<\/div>\n\t\t\n\t\t\n\t\t\t<\/div>\n<\/section>\n\n\n<section class=\"wp-block-elh-content-media content-media layout-simple styled-ul ul-default ul-default-box bg-grey\">\n\t<div class=\"content-media__container container\">\n\t\t\t\t\t<header class=\"content-media__header\">\n\t\t\t\t\t\t\t\t\t<h2>\t\t\t\t\t\tBester Anbieter\t\t\t\t\t<\/h2>\t\t\t\t\t\t\t\t\t\t\t<\/header>\n\t\t\n\t\t\t\t\t<div class=\"content-media__media\">\n\t\t\t\t<figure><img decoding=\"async\" width=\"600\" height=\"566\" src=\"https:\/\/elithair.com\/de\/wp-content\/uploads\/sites\/2\/2026\/04\/Dr-Balwi-Elithai-Team-Haartransplantation-Dusseldorf.jpg\" class=\"attachment-large size-large\" alt=\"Dr Balwi mit seinem Team an Spezialisten f\u00fcr die Haartransplantation in D\u00fcsseldorf\" loading=\"lazy\" srcset=\"https:\/\/elithair.com\/de\/wp-content\/uploads\/sites\/2\/2026\/04\/Dr-Balwi-Elithai-Team-Haartransplantation-Dusseldorf.jpg 600w, https:\/\/elithair.com\/de\/wp-content\/uploads\/sites\/2\/2026\/04\/Dr-Balwi-Elithai-Team-Haartransplantation-Dusseldorf-300x283.jpg 300w\" sizes=\"auto, (max-width: 600px) 100vw, 600px\" \/><\/figure>\t\t\t<\/div>\n\t\t\t\t\t\t<div class=\"content-media__content\">\n\t\t\t<p><strong>Klare Vorteile!<\/strong><\/p>\n<p>Mit der Entscheidung f\u00fcr eine Haartransplantation Beratung in D\u00fcsseldorf beim\u00a0<strong>europ\u00e4ischen Marktf\u00fchrer\u00a0<\/strong>entscheiden Sie sich nicht nur f\u00fcr\u00a0<a href=\"https:\/\/elithair.com\/de\/haartransplantation-vorher-nachher\/\"><strong>perfekte Ergebnisse<\/strong><\/a>\u00a0sondern auch f\u00fcr:<\/p>\n<ul>\n<li>Gr\u00f6\u00dfte Haarklinik der Welt<\/li>\n<li>+6000 Bewertungen<\/li>\n<li>Deutsche Ansprechpartner<\/li>\n<li>H\u00f6chste Qualit\u00e4t und Hygienestandards<\/li>\n<li>24\/7 Patientenservice<\/li>\n<li>99% Weiterempfehlung<\/li>\n<li>International ausgebildetes Team<\/li>\n<li>8 Anlaufstellen in Deutschland<\/li>\n<\/ul>\n\t\t<\/div>\n\t\t\n\t\t\n\t\t\t\t\t<div class=\"content-media__btn-list btn-list\">\n\t\t\t\t<div class=\"btn-item\">\n\t\t\t\t\t<a\n\t\t\t\t\t\tclass=\"btn\"\n\t\t\t\t\t\thref=\"https:\/\/elithair.com\/de\/haaranalyse\/\"\t\t\t\t\t>Angebot berechnen<\/a>\n\t\t\t\t<\/div>\n\t\t\t<\/div>\n\t\t\t<\/div>\n<\/section>\n\n\n<section class=\"wp-block-elh-content-media content-media layout-simple right-media styled-ul ul-default ul-default-box bg-secondary dark-layout\">\n\t<div class=\"content-media__container container\">\n\t\t\t\t\t<header class=\"content-media__header\">\n\t\t\t\t\t\t\t\t\t<h2>\t\t\t\t\t\tIndividuell und transparent\t\t\t\t\t<\/h2>\t\t\t\t\t\t\t\t\t\t\t<\/header>\n\t\t\n\t\t\t\t\t<div class=\"content-media__media\">\n\t\t\t\t<figure><img decoding=\"async\" width=\"600\" height=\"655\" src=\"https:\/\/elithair.com\/de\/wp-content\/uploads\/sites\/2\/2026\/04\/Elit-Scanner-Haartransplantation-Duesseldorf.jpg\" class=\"attachment-large size-large\" alt=\"Der Elit-Scanner f\u00fcr die Haartransplantation in D\u00fcsseldorf\" loading=\"lazy\" srcset=\"https:\/\/elithair.com\/de\/wp-content\/uploads\/sites\/2\/2026\/04\/Elit-Scanner-Haartransplantation-Duesseldorf.jpg 600w, https:\/\/elithair.com\/de\/wp-content\/uploads\/sites\/2\/2026\/04\/Elit-Scanner-Haartransplantation-Duesseldorf-275x300.jpg 275w\" sizes=\"auto, (max-width: 600px) 100vw, 600px\" \/><\/figure>\t\t\t<\/div>\n\t\t\t\t\t\t<div class=\"content-media__content\">\n\t\t\t<p><strong>Die Preise beim Marktf\u00fchrer<\/strong><\/p>\n<p>Jeder Patient ist einzigartig, jede Haarsituation besonders. Auch\u00a0<a href=\"https:\/\/elithair.com\/de\/preise\/\">der Preis f\u00fcr eine Transplantation der Haare<\/a>\u00a0wird individuell durch Ihren\u00a0<strong>pers\u00f6nlichen Experten\u00a0<\/strong>mitgeteilt.<\/p>\n<p>In Ihrem Haartransplantation Beratungsgespr\u00e4ch in D\u00fcsseldorf werden die Kosten anhand der anzuwendenden Methode und der Anzahl der ben\u00f6tigten Grafts ermittelt.\u00a0<strong>Transparenz und Fairness<\/strong>\u00a0stehen im Vordergrund!<\/p>\n<p>Sie k\u00f6nnen sich sicher sein: Bei Elithair erhalten Sie immer einen\u00a0<strong>patientenorientierten und fairen Preis.<\/strong><\/p>\n\t\t<\/div>\n\t\t\n\t\t\n\t\t\t<\/div>\n<\/section>\n\n\n<section class=\"wp-block-elh-content-media content-media layout-simple styled-ul ul-default ul-default-box bg-grey\">\n\t<div class=\"content-media__container container\">\n\t\t\t\t\t<header class=\"content-media__header\">\n\t\t\t\t\t\t\t\t\t<h2>\t\t\t\t\t\tBarttransplantation Beratung in D\u00fcsseldorf\t\t\t\t\t<\/h2>\t\t\t\t\t\t\t\t\t\t\t<\/header>\n\t\t\n\t\t\t\t\t<div class=\"content-media__media hide-shadow\">\n\t\t\t\t<figure><img decoding=\"async\" width=\"600\" height=\"626\" src=\"https:\/\/elithair.com\/de\/wp-content\/uploads\/sites\/2\/2026\/04\/Patient-Jhaki-nach-Barttransplantation-duesseldorf.jpg\" class=\"attachment-large size-large\" alt=\"Patient Jhaki nach der Barttransplantation in D\u00fcsseldorf\" loading=\"lazy\" srcset=\"https:\/\/elithair.com\/de\/wp-content\/uploads\/sites\/2\/2026\/04\/Patient-Jhaki-nach-Barttransplantation-duesseldorf.jpg 600w, https:\/\/elithair.com\/de\/wp-content\/uploads\/sites\/2\/2026\/04\/Patient-Jhaki-nach-Barttransplantation-duesseldorf-288x300.jpg 288w\" sizes=\"auto, (max-width: 600px) 100vw, 600px\" \/><\/figure>\t\t\t<\/div>\n\t\t\t\t\t\t<div class=\"content-media__content\">\n\t\t\t<p><strong>M\u00e4nnlich. Stark. Attraktiv.<\/strong><\/p>\n<p>Wenn ein Mann\u00a0<strong>Maskulinit\u00e4t und St\u00e4rke<\/strong>\u00a0ausstrahlen will, ist ein voller Bartwuchs ein absolutes Muss! Denn die Gesichtsbehaarung ist f\u00fcr viele M\u00e4nner ebenso wichtig, wie strahlend volles Haupthaar.<\/p>\n<p>Um Ihren Bart volles Haar zu verleihen, ist die\u00a0<strong><a href=\"https:\/\/elithair.com\/de\/behandlungen\/barthaartransplantation\/\">Barttransplantation<\/a>\u00a0<\/strong>Beratung in D\u00fcsseldorf der Garant f\u00fcr ein perfektes Ergebnis. Vertrauen Sie unseren Spezialisten, die alle eine\u00a0<strong>hohe Expertise<\/strong>\u00a0auf dem Gebiet vorweisen.<\/p>\n<p>Nutzen Sie Ihre Chance auf\u00a0<strong>vollen Bartwuchs<\/strong>\u00a0und freuen Sie sich auf mehr M\u00e4nnlichkeit und\u00a0<strong>h\u00f6heres Selbstbewusstsein.<\/strong><\/p>\n\t\t<\/div>\n\t\t\n\t\t\n\t\t\t\t\t<div class=\"content-media__btn-list btn-list\">\n\t\t\t\t<div class=\"btn-item\">\n\t\t\t\t\t<a\n\t\t\t\t\t\tclass=\"btn\"\n\t\t\t\t\t\thref=\"https:\/\/elithair.com\/de\/haaranalyse\/\"\t\t\t\t\t>Kostenlose Haaranalyse<\/a>\n\t\t\t\t<\/div>\n\t\t\t<\/div>\n\t\t\t<\/div>\n<\/section>\n\n\n<section class=\"wp-block-elh-content-media content-media layout-simple styled-ul ul-default ul-default-box bg-secondary dark-layout\">\n\t<div class=\"content-media__container container\">\n\t\t\t\t\t<header class=\"content-media__header\">\n\t\t\t\t\t\t\t\t\t<h2>\t\t\t\t\t\tDie beste Beratung\t\t\t\t\t<\/h2>\t\t\t\t\t\t\t\t\t\t\t<\/header>\n\t\t\n\t\t\t\t\t<div class=\"content-media__media hide-shadow\">\n\t\t\t\t<figure><img decoding=\"async\" width=\"1\" height=\"1\" src=\"https:\/\/elithair.com\/de\/wp-content\/uploads\/sites\/2\/2026\/04\/deutschland-Karte-standorte.svg\" class=\"attachment-large size-large\" alt=\"Deutschlandkarte mit den Elithair Standorten\" loading=\"lazy\" \/><\/figure>\t\t\t<\/div>\n\t\t\t\t\t\t<div class=\"content-media__content\">\n\t\t\t<p><strong>F\u00fcr das beste Ergebnis<\/strong><\/p>\n<p>Eine\u00a0<strong>professionelle Haarsprechstunde<\/strong>\u00a0ist die Grundlage f\u00fcr ein perfektes Resultat. F\u00fcr unsere Patienten ist uns nur das Beste gut genug!<\/p>\n<p>Profitieren Sie bei Ihrem Haartransplantation Vorgespr\u00e4ch in D\u00fcsseldorf von der Expertise unserer\u00a0<strong>international erfahrenen Spezialisten<\/strong>, von den modernsten Methoden, einem\u00a0<strong>patientenorientierten Service<\/strong>\u00a0und fairen Preisen.<\/p>\n<p>Vertrauen Sie dem\u00a0<strong>Marktf\u00fchrer<\/strong>\u00a0\u2013 kommen Sie f\u00fcr die beste Haarverpflanzung zu Elithair!<\/p>\n\t\t<\/div>\n\t\t\n\t\t\n\t\t\t\t\t<div class=\"content-media__btn-list btn-list\">\n\t\t\t\t<div class=\"btn-item\">\n\t\t\t\t\t<a\n\t\t\t\t\t\tclass=\"btn\"\n\t\t\t\t\t\thref=\"https:\/\/elithair.com\/de\/haaranalyse\/\"\t\t\t\t\t> Haaranalyse starten<\/a>\n\t\t\t\t<\/div>\n\t\t\t<\/div>\n\t\t\t<\/div>\n<\/section>\n\n\n<section class=\"wp-block-elh-faq-list faq-list bg-white\">\n\t<div class=\"faq-list__container container\">\n\t\t\t\t\t<header class=\"faq-list__header\">\n\t\t\t\t<h2>H\u00e4ufig gestellte Fragen<\/h2>\n\t\t\t<\/header>\n\t\t\n\t\t\t\t\t<div class=\"faq-list__items\">\n\t\t\t\t\t\t\t\t\t<div class=\"faq\">\n\t\t\t\t\t\t\t\t\t\t\t\t\t\t\t\t\t\t\t\t\t\t\t\t\t\t\t<details>\n\t\t\t\t\t\t\t\t\t<summary>Ist die Haartransplantation in der T\u00fcrkei oder in Deutschland die bessere Wahl?<\/summary>\n\t\t\t\t\t\t\t\t\t<p>Wenn Sie sich f\u00fcr eine Haarverpflanzung in der gr\u00f6\u00dften Haarklinik der Welt in Istanbul entscheiden, profitieren Sie von der ausnahmslos hohen Qualit\u00e4t des Eingriffs und der Expertise von Elithair.<\/p>\n<p>Die Behandlung wird von renommierten Spezialisten mit den modernsten Methoden durchgef\u00fchrt.<\/p>\n\t\t\t\t\t\t\t\t<\/details>\n\t\t\t\t\t\t\t\t\t\t\t\t\t\t\t<details>\n\t\t\t\t\t\t\t\t\t<summary>Was muss ich f\u00fcr ein Beratungsgespr\u00e4ch zur Haartransplantation in D\u00fcsseldorf tun?<\/summary>\n\t\t\t\t\t\t\t\t\t<p>Kontaktieren Sie uns telefonisch oder online, um einen Termin bei einem unserer Experten zu vereinbaren.<\/p>\n<p>Gerne beraten wir Sie bez\u00fcglich Ihres Haarverlusts und m\u00f6glicher Behandlungsmethoden.<\/p>\n\t\t\t\t\t\t\t\t<\/details>\n\t\t\t\t\t\t\t\t\t\t\t\t\t\t\t<details>\n\t\t\t\t\t\t\t\t\t<summary>Muss ich mich um die Reise nach Istanbul selbst k\u00fcmmern?<\/summary>\n\t\t\t\t\t\t\t\t\t<p>F\u00fcr unsere Patienten bieten wir das All-Inclusive-Paket an, bei dem das Hotel, die Behandlung und viele weiter Leistungen inklusive sind. Der Flug nach Istanbul wird vom Patienten selber geplant.<\/p>\n<p>Sollten Sie es bevorzugen, k\u00f6nnen sich alternativ auch unsere Experten um den Hin- und R\u00fcckflug k\u00fcmmern.<\/p>\n\t\t\t\t\t\t\t\t<\/details>\n\t\t\t\t\t\t\t\t\t\t\t\t\t\t\t<details>\n\t\t\t\t\t\t\t\t\t<summary>Wie sieht der Ablauf nach der Beratung in D\u00fcsseldorf aus?<\/summary>\n\t\t\t\t\t\t\t\t\t<p>Bei der Beratung bekommen Sie alle wichtigen Informationen zu Ihrer Behandlung.<\/p>\n<p>Anschlie\u00dfend w\u00e4hlt Ihr pers\u00f6nlicher Experte gemeinsam mit Ihnen einen passenden Termin aus. Der weitere Ablauf wird f\u00fcr Sie ganz bequem von Elithair organisiert.<\/p>\n\t\t\t\t\t\t\t\t<\/details>\n\t\t\t\t\t\t\t\t\t\t\t\t\t\t\t\t\t\t<\/div>\n\t\t\t\t\t\t\t<\/div>\n\t\t\n\t\t\t<\/div>\n<\/section>\n\n","protected":false},"excerpt":{"rendered":"","protected":false},"author":10,"featured_media":0,"parent":67,"menu_order":0,"comment_status":"closed","ping_status":"closed","template":"","meta":{"_acf_changed":false,"_yoast_wpseo_focuskw":"","_yoast_wpseo_title":"Haartransplantation Beratung in D\u00fcsseldorf: Experten von Elithair","_yoast_wpseo_metadesc":"Haartransplantation Beratung in D\u00fcsseldorf: \u2714\ufe0fEuropas Marktf\u00fchrer \u2714\ufe0fTop-Spezialisten\u2714\ufe0fPerfekte Ergebnisse | Jetzt lesen! Elithair","_yoast_wpseo_meta-robots-noindex":"","_yoast_wpseo_meta-robots-nofollow":"","_yoast_wpseo_meta-robots-adv":"","_yoast_wpseo_canonical":"","_yoast_wpseo_opengraph-title":"","_yoast_wpseo_opengraph-description":"","_yoast_wpseo_opengraph-image":"https:\/\/elithair.com\/de\/wp-content\/uploads\/sites\/2\/2026\/05\/haartransplantation-duesseldorf.png","_yoast_wpseo_twitter-title":"","_yoast_wpseo_twitter-description":"","_yoast_wpseo_twitter-image":"https:\/\/elithair.com\/de\/wp-content\/uploads\/sites\/2\/2026\/05\/haartransplantation-duesseldorf.png","_hm_hreflang_map":{"de":73,"x_default":73},"_hm_language_code":"de","footnotes":""},"class_list":["post-73","page","type-page","status-publish","hentry"],"acf":[],"yoast_head":"<!-- This site is optimized with the Yoast SEO Premium plugin v27.5 (Yoast SEO v27.5) - https:\/\/yoast.com\/product\/yoast-seo-premium-wordpress\/ -->\n<title>Haartransplantation Beratung in D\u00fcsseldorf: Experten von Elithair<\/title>\n<meta name=\"description\" content=\"Haartransplantation Beratung in D\u00fcsseldorf: \u2714\ufe0fEuropas Marktf\u00fchrer \u2714\ufe0fTop-Spezialisten\u2714\ufe0fPerfekte Ergebnisse | Jetzt lesen! Elithair\" \/>\n<meta name=\"robots\" content=\"noindex, follow, max-snippet:-1, max-image-preview:large, max-video-preview:-1\" \/>\n<meta property=\"og:locale\" content=\"de_DE\" \/>\n<meta property=\"og:type\" content=\"article\" \/>\n<meta property=\"og:title\" content=\"Haartransplantation Beratung in D\u00fcsseldorf\" \/>\n<meta property=\"og:description\" content=\"Haartransplantation Beratung in D\u00fcsseldorf: \u2714\ufe0fEuropas Marktf\u00fchrer \u2714\ufe0fTop-Spezialisten\u2714\ufe0fPerfekte Ergebnisse | Jetzt lesen! Elithair\" \/>\n<meta property=\"og:url\" content=\"https:\/\/elithair.com\/de\/informationen\/deutsche-anlaufstellen\/haartransplantation-duesseldorf\/\" \/>\n<meta property=\"og:site_name\" content=\"Elithair\" \/>\n<meta property=\"article:modified_time\" content=\"2026-05-03T11:35:42+00:00\" \/>\n<meta property=\"og:image\" content=\"https:\/\/elithair.com\/de\/wp-content\/uploads\/sites\/2\/2026\/05\/haartransplantation-duesseldorf.png\" \/>\n<meta name=\"twitter:card\" content=\"summary_large_image\" \/>\n<meta name=\"twitter:image\" content=\"https:\/\/elithair.com\/de\/wp-content\/uploads\/sites\/2\/2026\/05\/haartransplantation-duesseldorf.png\" \/>\n<script type=\"application\/ld+json\" class=\"yoast-schema-graph\">{\"@context\":\"https:\\\/\\\/schema.org\",\"@graph\":[{\"@type\":\"WebPage\",\"@id\":\"https:\\\/\\\/elithair.com\\\/de\\\/informationen\\\/deutsche-anlaufstellen\\\/haartransplantation-duesseldorf\\\/\",\"url\":\"https:\\\/\\\/elithair.com\\\/de\\\/informationen\\\/deutsche-anlaufstellen\\\/haartransplantation-duesseldorf\\\/\",\"name\":\"Haartransplantation Beratung in D\u00fcsseldorf: Experten von Elithair\",\"isPartOf\":{\"@id\":\"https:\\\/\\\/elithair.com\\\/de\\\/#website\"},\"datePublished\":\"2026-04-11T08:44:40+00:00\",\"dateModified\":\"2026-05-03T11:35:42+00:00\",\"description\":\"Haartransplantation Beratung in D\u00fcsseldorf: \u2714\ufe0fEuropas Marktf\u00fchrer \u2714\ufe0fTop-Spezialisten\u2714\ufe0fPerfekte Ergebnisse | Jetzt lesen! Elithair\",\"breadcrumb\":{\"@id\":\"https:\\\/\\\/elithair.com\\\/de\\\/informationen\\\/deutsche-anlaufstellen\\\/haartransplantation-duesseldorf\\\/#breadcrumb\"},\"inLanguage\":\"de\",\"potentialAction\":[{\"@type\":\"ReadAction\",\"target\":[\"https:\\\/\\\/elithair.com\\\/de\\\/informationen\\\/deutsche-anlaufstellen\\\/haartransplantation-duesseldorf\\\/\"]}]},{\"@type\":\"BreadcrumbList\",\"@id\":\"https:\\\/\\\/elithair.com\\\/de\\\/informationen\\\/deutsche-anlaufstellen\\\/haartransplantation-duesseldorf\\\/#breadcrumb\",\"itemListElement\":[{\"@type\":\"ListItem\",\"position\":1,\"name\":\"Home\",\"item\":\"https:\\\/\\\/elithair.com\\\/de\\\/\"},{\"@type\":\"ListItem\",\"position\":2,\"name\":\"Informationen\",\"item\":\"https:\\\/\\\/elithair.com\\\/de\\\/informationen\\\/\"},{\"@type\":\"ListItem\",\"position\":3,\"name\":\"Deutsche Anlaufstellen\",\"item\":\"https:\\\/\\\/elithair.com\\\/de\\\/informationen\\\/deutsche-anlaufstellen\\\/\"},{\"@type\":\"ListItem\",\"position\":4,\"name\":\"Haartransplantation Beratung in D\u00fcsseldorf\"}]},{\"@type\":\"WebSite\",\"@id\":\"https:\\\/\\\/elithair.com\\\/de\\\/#website\",\"url\":\"https:\\\/\\\/elithair.com\\\/de\\\/\",\"name\":\"Elithair\",\"description\":\"Haartransplantation T\u00fcrkei, Istanbul bei Europas #1\",\"alternateName\":\"Haartransplantation T\u00fcrkei, Istanbul bei Europas #1\",\"potentialAction\":[{\"@type\":\"SearchAction\",\"target\":{\"@type\":\"EntryPoint\",\"urlTemplate\":\"https:\\\/\\\/elithair.com\\\/de\\\/?s={search_term_string}\"},\"query-input\":{\"@type\":\"PropertyValueSpecification\",\"valueRequired\":true,\"valueName\":\"search_term_string\"}}],\"inLanguage\":\"de\"}]}<\/script>\n<!-- \/ Yoast SEO Premium plugin. -->","yoast_head_json":{"title":"Haartransplantation Beratung in D\u00fcsseldorf: Experten von Elithair","description":"Haartransplantation Beratung in D\u00fcsseldorf: \u2714\ufe0fEuropas Marktf\u00fchrer \u2714\ufe0fTop-Spezialisten\u2714\ufe0fPerfekte Ergebnisse | Jetzt lesen! Elithair","robots":{"index":"noindex","follow":"follow","max-snippet":"max-snippet:-1","max-image-preview":"max-image-preview:large","max-video-preview":"max-video-preview:-1"},"og_locale":"de_DE","og_type":"article","og_title":"Haartransplantation Beratung in D\u00fcsseldorf","og_description":"Haartransplantation Beratung in D\u00fcsseldorf: \u2714\ufe0fEuropas Marktf\u00fchrer \u2714\ufe0fTop-Spezialisten\u2714\ufe0fPerfekte Ergebnisse | Jetzt lesen! Elithair","og_url":"https:\/\/elithair.com\/de\/informationen\/deutsche-anlaufstellen\/haartransplantation-duesseldorf\/","og_site_name":"Elithair","article_modified_time":"2026-05-03T11:35:42+00:00","og_image":[{"url":"https:\/\/elithair.com\/de\/wp-content\/uploads\/sites\/2\/2026\/05\/haartransplantation-duesseldorf.png","type":"","width":"","height":""}],"twitter_card":"summary_large_image","twitter_image":"https:\/\/elithair.com\/de\/wp-content\/uploads\/sites\/2\/2026\/05\/haartransplantation-duesseldorf.png","schema":{"@context":"https:\/\/schema.org","@graph":[{"@type":"WebPage","@id":"https:\/\/elithair.com\/de\/informationen\/deutsche-anlaufstellen\/haartransplantation-duesseldorf\/","url":"https:\/\/elithair.com\/de\/informationen\/deutsche-anlaufstellen\/haartransplantation-duesseldorf\/","name":"Haartransplantation Beratung in D\u00fcsseldorf: Experten von Elithair","isPartOf":{"@id":"https:\/\/elithair.com\/de\/#website"},"datePublished":"2026-04-11T08:44:40+00:00","dateModified":"2026-05-03T11:35:42+00:00","description":"Haartransplantation Beratung in D\u00fcsseldorf: \u2714\ufe0fEuropas Marktf\u00fchrer \u2714\ufe0fTop-Spezialisten\u2714\ufe0fPerfekte Ergebnisse | Jetzt lesen! Elithair","breadcrumb":{"@id":"https:\/\/elithair.com\/de\/informationen\/deutsche-anlaufstellen\/haartransplantation-duesseldorf\/#breadcrumb"},"inLanguage":"de","potentialAction":[{"@type":"ReadAction","target":["https:\/\/elithair.com\/de\/informationen\/deutsche-anlaufstellen\/haartransplantation-duesseldorf\/"]}]},{"@type":"BreadcrumbList","@id":"https:\/\/elithair.com\/de\/informationen\/deutsche-anlaufstellen\/haartransplantation-duesseldorf\/#breadcrumb","itemListElement":[{"@type":"ListItem","position":1,"name":"Home","item":"https:\/\/elithair.com\/de\/"},{"@type":"ListItem","position":2,"name":"Informationen","item":"https:\/\/elithair.com\/de\/informationen\/"},{"@type":"ListItem","position":3,"name":"Deutsche Anlaufstellen","item":"https:\/\/elithair.com\/de\/informationen\/deutsche-anlaufstellen\/"},{"@type":"ListItem","position":4,"name":"Haartransplantation Beratung in D\u00fcsseldorf"}]},{"@type":"WebSite","@id":"https:\/\/elithair.com\/de\/#website","url":"https:\/\/elithair.com\/de\/","name":"Elithair","description":"Haartransplantation T\u00fcrkei, Istanbul bei Europas #1","alternateName":"Haartransplantation T\u00fcrkei, Istanbul bei Europas #1","potentialAction":[{"@type":"SearchAction","target":{"@type":"EntryPoint","urlTemplate":"https:\/\/elithair.com\/de\/?s={search_term_string}"},"query-input":{"@type":"PropertyValueSpecification","valueRequired":true,"valueName":"search_term_string"}}],"inLanguage":"de"}]}},"jetpack_sharing_enabled":true,"_links":{"self":[{"href":"https:\/\/elithair.com\/de\/wp-json\/wp\/v2\/pages\/73","targetHints":{"allow":["GET"]}}],"collection":[{"href":"https:\/\/elithair.com\/de\/wp-json\/wp\/v2\/pages"}],"about":[{"href":"https:\/\/elithair.com\/de\/wp-json\/wp\/v2\/types\/page"}],"author":[{"embeddable":true,"href":"https:\/\/elithair.com\/de\/wp-json\/wp\/v2\/users\/10"}],"replies":[{"embeddable":true,"href":"https:\/\/elithair.com\/de\/wp-json\/wp\/v2\/comments?post=73"}],"version-history":[{"count":5,"href":"https:\/\/elithair.com\/de\/wp-json\/wp\/v2\/pages\/73\/revisions"}],"predecessor-version":[{"id":104964,"href":"https:\/\/elithair.com\/de\/wp-json\/wp\/v2\/pages\/73\/revisions\/104964"}],"up":[{"embeddable":true,"href":"https:\/\/elithair.com\/de\/wp-json\/wp\/v2\/pages\/67"}],"wp:attachment":[{"href":"https:\/\/elithair.com\/de\/wp-json\/wp\/v2\/media?parent=73"}],"curies":[{"name":"wp","href":"https:\/\/api.w.org\/{rel}","templated":true}]}}