{"id":71,"date":"2026-04-11T08:43:33","date_gmt":"2026-04-11T08:43:33","guid":{"rendered":"https:\/\/unified.elitexperiments.com\/de\/?page_id=71"},"modified":"2026-05-03T13:35:35","modified_gmt":"2026-05-03T11:35:35","slug":"haartransplantation-muenchen","status":"publish","type":"page","link":"https:\/\/elithair.com\/de\/informationen\/deutsche-anlaufstellen\/haartransplantation-muenchen\/","title":{"rendered":"Haartransplantation Beratung in M\u00fcnchen"},"content":{"rendered":"<section class=\"wp-block-elh-main-hero main-hero dark-layout has-top-right-circle\">\n\t<div class=\"main-hero__container container\">\n\t\t\t\t\t<header class=\"main-hero__header\">\t\t\t\t\n\t\t\t\t<h1>\t\t\t\t\tHaartransplantation <br>Beratung in M\u00fcnchen\t\t\t\t<\/h1>\t\t\t<\/header>\n\t\t\n\t\t\t\t\t<div class=\"main-hero__content\">\n\t\t\t\t<p><strong>Ihr Ansprechpartner in der bayerischen Metropole<\/strong><\/p>\n<p>Mit einer Haartransplantation Beratung in M\u00fcnchen legen Sie den Grundstein f\u00fcr Ihre\u00a0<strong>strahlend vollen Haare<\/strong>.<\/p>\n<p>Bei der M\u00fcnchener Anlaufstelle von Europas Nr. 1 profitieren Sie von der Erfahrung aus\u00a0<strong>\u00fcber 150.000 erfolgreichen Behandlungen<\/strong>\u00a0und kompetenten Spezialisten.<\/p>\n<p>Erfahren Sie in Ihrer Haarsprechstunde, welche Methode bei Ihnen ein\u00a0<strong>perfektes Resultat<\/strong>\u00a0erzielt.<\/p>\n\t\t\t<\/div>\n\t\t\n\t\t\t\t\t<div class=\"main-hero__media\">\n\t\t\t\t<img decoding=\"async\" width=\"600\" height=\"600\" src=\"https:\/\/elithair.com\/de\/wp-content\/uploads\/sites\/2\/2026\/04\/haartransplantation-muenchen-wartezimme.webp\" class=\"hero-image\" alt=\"Haartransplantation M\u00fcnchen: Gem\u00fctliches Wartezimmer der Praxis\" loading=\"eager\" fetchpriority=\"high\" sizes=\"(max-width: 767px) 40vw, (max-width: 1023px) 23vw, 25vw\" srcset=\"https:\/\/elithair.com\/de\/wp-content\/uploads\/sites\/2\/2026\/04\/haartransplantation-muenchen-wartezimme.webp 600w, https:\/\/elithair.com\/de\/wp-content\/uploads\/sites\/2\/2026\/04\/haartransplantation-muenchen-wartezimme-300x300.webp 300w, https:\/\/elithair.com\/de\/wp-content\/uploads\/sites\/2\/2026\/04\/haartransplantation-muenchen-wartezimme-150x150.webp 150w\" \/>\t\t\t<\/div>\n\t\t\t\t\t\t\t<div class=\"main-hero__btn-list btn-list\">\n\t\t\t\t\t\t\t\t<div class=\"btn-item\">\n\t\t\t\t\t<a\n\t\t\t\t\t\thref=\"https:\/\/elithair.com\/de\/haaranalyse\/\"\t\t\t\t\t\tclass=\"btn\"\n\t\t\t\t\t>\n\t\t\t\t\t\tKostenlose Haaranalyse\t\t\t\t\t<\/a>\n\t\t\t\t<\/div>\n\t\t\t\t\t\t\t\t\t\t\t<\/div>\n\t\t\t<\/div>\n\t\t\n\t<\/section>\n\n\n<section class=\"wp-block-elh-content-media content-media layout-simple styled-ul ul-default ul-default-box bg-grey\">\n\t<div class=\"content-media__container container\">\n\t\t\t\t\t<header class=\"content-media__header\">\n\t\t\t\t\t\t\t\t\t<h2>\t\t\t\t\t\tIhre Experten vor Ort\t\t\t\t\t<\/h2>\t\t\t\t\t\t\t\t\t\t\t<\/header>\n\t\t\n\t\t\t\t\t<div class=\"content-media__media hide-shadow\">\n\t\t\t\t<figure><img decoding=\"async\" width=\"600\" height=\"605\" src=\"https:\/\/elithair.com\/de\/wp-content\/uploads\/sites\/2\/2026\/04\/Wartezimmer-Elithair-Haartransplantation-Muenchen.jpg\" class=\"attachment-large size-large\" alt=\"Wartezimmer bei Elithair f\u00fcr die Haartransplantation in M\u00fcnchen\" loading=\"lazy\" srcset=\"https:\/\/elithair.com\/de\/wp-content\/uploads\/sites\/2\/2026\/04\/Wartezimmer-Elithair-Haartransplantation-Muenchen.jpg 600w, https:\/\/elithair.com\/de\/wp-content\/uploads\/sites\/2\/2026\/04\/Wartezimmer-Elithair-Haartransplantation-Muenchen-298x300.jpg 298w, https:\/\/elithair.com\/de\/wp-content\/uploads\/sites\/2\/2026\/04\/Wartezimmer-Elithair-Haartransplantation-Muenchen-150x150.jpg 150w\" sizes=\"auto, (max-width: 600px) 100vw, 600px\" \/><\/figure>\t\t\t<\/div>\n\t\t\t\t\t\t<div class=\"content-media__content\">\n\t\t\t<p>Ihren Traum von\u00a0<strong>strahlend vollen Haaren<\/strong>\u00a0k\u00f6nnen Sie sich ganz einfach erf\u00fcllen \u2013 mit einem individuellen Haartransplantation Beratungsgespr\u00e4ch in M\u00fcnchen.<\/p>\n<p>Ihr erster Schritt beginnt gleich vor Ihrer Haust\u00fcr. Basierend auf dem Ergebnis der\u00a0<strong>individuellen Haaranalyse<\/strong>\u00a0teilen Ihnen unsere Spezialisten in M\u00fcnchen mit, ob eine\u00a0<strong><a href=\"https:\/\/elithair.com\/de\/behandlungen\/haartransplantation\/\">Haartransplantation<\/a><\/strong>\u00a0f\u00fcr Sie infrage kommt.<\/p>\n<p>Adresse:<br \/>\nArnulfstra\u00dfe 199, 80634 M\u00fcnchen<\/p>\n<p>Sie m\u00fcssen nur den ersten Schritt machen \u2013 unsere\u00a0<strong>erfahrenen Spezialisten<\/strong>\u00a0\u00fcbernehmen den Rest.<\/p>\n\t\t<\/div>\n\t\t\n\t\t\n\t\t\t<\/div>\n<\/section>\n\n\n<section class=\"wp-block-elh-content-media content-media layout-simple right-media styled-ul ul-default ul-default-box bg-secondary dark-layout\">\n\t<div class=\"content-media__container container\">\n\t\t\t\t\t<header class=\"content-media__header\">\n\t\t\t\t\t\t\t\t\t<h2>\t\t\t\t\t\tIhr erster Schritt zu strahlend vollem Haar\t\t\t\t\t<\/h2>\t\t\t\t\t\t\t\t\t\t\t<\/header>\n\t\t\n\t\t\t\t\t<div class=\"content-media__media\">\n\t\t\t\t<figure><img decoding=\"async\" width=\"600\" height=\"606\" src=\"https:\/\/elithair.com\/de\/wp-content\/uploads\/sites\/2\/2026\/04\/Beratung-Elithair-Haartransplantation.jpg\" class=\"attachment-large size-large\" alt=\"Beratung eines Patientin durch eine Elithair Expertin\" loading=\"lazy\" srcset=\"https:\/\/elithair.com\/de\/wp-content\/uploads\/sites\/2\/2026\/04\/Beratung-Elithair-Haartransplantation.jpg 600w, https:\/\/elithair.com\/de\/wp-content\/uploads\/sites\/2\/2026\/04\/Beratung-Elithair-Haartransplantation-297x300.jpg 297w\" sizes=\"auto, (max-width: 600px) 100vw, 600px\" \/><\/figure>\t\t\t<\/div>\n\t\t\t\t\t\t<div class=\"content-media__content\">\n\t\t\t<p>Das\u00a0<strong>unverbindliche Haartransplantation Erstgespr\u00e4ch<\/strong>\u00a0mit unseren Experten findet in M\u00fcnchen statt.<\/p>\n<p>Ihre Eigenhaarbehandlung k\u00f6nnen Sie dann in unserer gr\u00f6\u00dften Haarklinik der Welt in Istanbul vornehmen lassen.<\/p>\n<p>In der Elit-Klinik in der T\u00fcrkei warten\u00a0<strong>international ausgebildete Spezialisten<\/strong>\u00a0darauf, Sie mit den modernsten Methoden behandeln zu d\u00fcrfen.<\/p>\n<p><strong>Alles in h\u00f6chster Qualit\u00e4t \u2013 f\u00fcr Ihre Haare!<\/strong><\/p>\n\t\t<\/div>\n\t\t\n\t\t\n\t\t\t<\/div>\n<\/section>\n\n\n<section class=\"wp-block-elh-content-media content-media layout-simple styled-ul ul-default ul-default-box bg-grey\">\n\t<div class=\"content-media__container container\">\n\t\t\t\t\t<header class=\"content-media__header\">\n\t\t\t\t\t\t\t\t\t<h2>\t\t\t\t\t\tViele Gr\u00fcnde f\u00fcr den Erfolg\t\t\t\t\t<\/h2>\t\t\t\t\t\t\t\t\t\t\t<\/header>\n\t\t\n\t\t\t\t\t<div class=\"content-media__media hide-shadow\">\n\t\t\t\t<figure><img decoding=\"async\" width=\"600\" height=\"560\" src=\"https:\/\/elithair.com\/de\/wp-content\/uploads\/sites\/2\/2026\/04\/patient-osmani-zufrieden-nach-haartransplantation-muenchen.jpg\" class=\"attachment-large size-large\" alt=\"Patient Osmani zufrieden nach seiner Haartransplantation in M\u00fcnchen bei Elithair\" loading=\"lazy\" srcset=\"https:\/\/elithair.com\/de\/wp-content\/uploads\/sites\/2\/2026\/04\/patient-osmani-zufrieden-nach-haartransplantation-muenchen.jpg 600w, https:\/\/elithair.com\/de\/wp-content\/uploads\/sites\/2\/2026\/04\/patient-osmani-zufrieden-nach-haartransplantation-muenchen-300x280.jpg 300w\" sizes=\"auto, (max-width: 600px) 100vw, 600px\" \/><\/figure>\t\t\t<\/div>\n\t\t\t\t\t\t<div class=\"content-media__content\">\n\t\t\t<p>Elithair ist die\u00a0<strong>Nummer 1 in Europa<\/strong>, was Haarverpflanzungen angeht. Diese Stellung erreicht man nur, wenn man\u00a0<strong><a href=\"https:\/\/elithair.com\/de\/haartransplantation-vorher-nachher\/\">perfekte Resultate<\/a><\/strong>\u00a0abliefert und den besten Service anbietet.<\/p>\n<p><strong>Unsere Patienten genie\u00dfen folgende Vorteile:<\/strong><\/p>\n<ul>\n<li>Gr\u00f6\u00dfte Haarklinik der Welt<\/li>\n<li>Neueste Techniken<\/li>\n<li>H\u00f6chste Qualit\u00e4ts- und Hygienestandards<\/li>\n<li>99% Weiterempfehlungsrate<\/li>\n<li>Elithair App<\/li>\n<li>Deutsche Ansprechpartner<\/li>\n<li>24\/7 Erreichbarkeit<\/li>\n<li>+6.000 Bewertungen<\/li>\n<\/ul>\n\t\t<\/div>\n\t\t\n\t\t\n\t\t\t\t\t<div class=\"content-media__btn-list btn-list\">\n\t\t\t\t<div class=\"btn-item\">\n\t\t\t\t\t<a\n\t\t\t\t\t\tclass=\"btn\"\n\t\t\t\t\t\thref=\"https:\/\/elithair.com\/de\/haaranalyse\/\"\t\t\t\t\t>Angebot berechnen<\/a>\n\t\t\t\t<\/div>\n\t\t\t<\/div>\n\t\t\t<\/div>\n<\/section>\n\n\n<section class=\"wp-block-elh-content-media content-media layout-simple right-media styled-ul ul-default ul-default-box bg-secondary dark-layout\">\n\t<div class=\"content-media__container container\">\n\t\t\t\t\t<header class=\"content-media__header\">\n\t\t\t\t\t\t\t\t\t<h2>\t\t\t\t\t\tFairer Preis\t\t\t\t\t<\/h2>\t\t\t\t\t\t\t\t\t\t\t<\/header>\n\t\t\n\t\t\t\t\t<div class=\"content-media__media\">\n\t\t\t\t<figure><img decoding=\"async\" width=\"600\" height=\"599\" src=\"https:\/\/elithair.com\/de\/wp-content\/uploads\/sites\/2\/2026\/04\/Expertin-Beratung-Patient-Elithair-Haartransplantation.jpg\" class=\"attachment-large size-large\" alt=\"Expertin ber\u00e4t Patient f\u00fcr die Haartransplantation\" loading=\"lazy\" srcset=\"https:\/\/elithair.com\/de\/wp-content\/uploads\/sites\/2\/2026\/04\/Expertin-Beratung-Patient-Elithair-Haartransplantation.jpg 600w, https:\/\/elithair.com\/de\/wp-content\/uploads\/sites\/2\/2026\/04\/Expertin-Beratung-Patient-Elithair-Haartransplantation-300x300.jpg 300w, https:\/\/elithair.com\/de\/wp-content\/uploads\/sites\/2\/2026\/04\/Expertin-Beratung-Patient-Elithair-Haartransplantation-150x150.jpg 150w\" sizes=\"auto, (max-width: 600px) 100vw, 600px\" \/><\/figure>\t\t\t<\/div>\n\t\t\t\t\t\t<div class=\"content-media__content\">\n\t\t\t<p><strong>Transparent kommuniziert<\/strong><\/p>\n<p>Je nach pers\u00f6nlicher Situation variieren auch die Kosten f\u00fcr Ihre Behandlung. Unsere Experten in M\u00fcnchen machen Ihnen ein\u00a0<strong>individuelles Angebot<\/strong>\u00a0f\u00fcr die\u00a0<strong><a href=\"https:\/\/elithair.com\/de\/preise\/\">Kosten Ihrer Haartransplantation<\/a><\/strong>.<\/p>\n<p>In Ihrem pers\u00f6nlichen Beratungsgespr\u00e4ch werden die Grundlagen und Faktoren der Berechnung\u00a0<strong>transparent kommuniziert<\/strong>\u00a0\u2013 einen fairen Preis stets im Blick.<\/p>\n<p>Es wird Zeit, etwas zu \u00e4ndern. Lassen Sie sich noch heute Ihr\u00a0<strong>pers\u00f6nliches Angebot<\/strong>\u00a0erstellen!<\/p>\n\t\t<\/div>\n\t\t\n\t\t\n\t\t\t\t\t<div class=\"content-media__btn-list btn-list\">\n\t\t\t\t<div class=\"btn-item\">\n\t\t\t\t\t<a\n\t\t\t\t\t\tclass=\"btn\"\n\t\t\t\t\t\thref=\"https:\/\/elithair.com\/de\/haaranalyse\/\"\t\t\t\t\t>Angebot berechnen<\/a>\n\t\t\t\t<\/div>\n\t\t\t<\/div>\n\t\t\t<\/div>\n<\/section>\n\n\n<section class=\"wp-block-elh-content-media content-media layout-simple styled-ul ul-default ul-default-box bg-grey\">\n\t<div class=\"content-media__container container\">\n\t\t\t\t\t<header class=\"content-media__header\">\n\t\t\t\t\t\t\t\t\t<h2>\t\t\t\t\t\tDer perfekte Bart\t\t\t\t\t<\/h2>\t\t\t\t\t\t\t\t\t\t\t<\/header>\n\t\t\n\t\t\t\t\t<div class=\"content-media__media hide-shadow\">\n\t\t\t\t<figure><img decoding=\"async\" width=\"600\" height=\"635\" src=\"https:\/\/elithair.com\/de\/wp-content\/uploads\/sites\/2\/2026\/04\/Patient-Jhaki-Barttransplantation-Frankfurt.jpg\" class=\"attachment-large size-large\" alt=\"Patient Jhaki zufrieden nach der Barttransplantation\" loading=\"lazy\" srcset=\"https:\/\/elithair.com\/de\/wp-content\/uploads\/sites\/2\/2026\/04\/Patient-Jhaki-Barttransplantation-Frankfurt.jpg 600w, https:\/\/elithair.com\/de\/wp-content\/uploads\/sites\/2\/2026\/04\/Patient-Jhaki-Barttransplantation-Frankfurt-283x300.jpg 283w\" sizes=\"auto, (max-width: 600px) 100vw, 600px\" \/><\/figure>\t\t\t<\/div>\n\t\t\t\t\t\t<div class=\"content-media__content\">\n\t\t\t<p><strong>F\u00fcr den Mann<\/strong><\/p>\n<p>Ein attraktiver Bart ist voll und gleichm\u00e4\u00dfig \u2013 nicht jeder Mann ist jedoch mit einem starken Haarwuchs im Gesicht gesegnet. Ein\u00a0<strong>dichter Bart<\/strong>\u00a0ist dennoch f\u00fcr jeden erreichbar.<\/p>\n<p>Mit\u00a0<strong>langj\u00e4hrigen Erfahrungen<\/strong>\u00a0verhelfen unsere Spezialisten M\u00e4nnern zu optimalen Ergebnissen bei ihren B\u00e4rten. Eine\u00a0<strong><a href=\"https:\/\/elithair.com\/de\/behandlungen\/barthaartransplantation\/\">Barttransplantation\u00a0<\/a><\/strong>Beratung in M\u00fcnchen l\u00e4sst f\u00fcr jedermann die Gesichtsbehaarung im\u00a0<strong>dichten, stylischen Look<\/strong>\u00a0Realit\u00e4t werden.<\/p>\n<p>G\u00f6nnen Sie sich den\u00a0<strong>perfekten Bart<\/strong>\u00a0\u2013 F\u00fcr Ihr Selbstbewusstsein<br \/>\nund mehr Maskulinit\u00e4t!<\/p>\n\t\t<\/div>\n\t\t\n\t\t\n\t\t\t\t\t<div class=\"content-media__btn-list btn-list\">\n\t\t\t\t<div class=\"btn-item\">\n\t\t\t\t\t<a\n\t\t\t\t\t\tclass=\"btn\"\n\t\t\t\t\t\thref=\"https:\/\/elithair.com\/de\/haaranalyse\/\"\t\t\t\t\t>Kostenlose Haaranalyse<\/a>\n\t\t\t\t<\/div>\n\t\t\t<\/div>\n\t\t\t<\/div>\n<\/section>\n\n\n<section class=\"wp-block-elh-content-media content-media layout-simple right-media styled-ul ul-default ul-default-box bg-secondary dark-layout\">\n\t<div class=\"content-media__container container\">\n\t\t\t\t\t<header class=\"content-media__header\">\n\t\t\t\t\t\t\t\t\t<h2>\t\t\t\t\t\tElithair\t\t\t\t\t<\/h2>\t\t\t\t\t\t\t\t\t\t\t<\/header>\n\t\t\n\t\t\t\t\t<div class=\"content-media__media hide-shadow\">\n\t\t\t\t<figure><img decoding=\"async\" width=\"1\" height=\"1\" src=\"https:\/\/elithair.com\/de\/wp-content\/uploads\/sites\/2\/2026\/04\/deutschland-Karte-standorte.svg\" class=\"attachment-large size-large\" alt=\"Deutschlandkarte mit den Elithair Standorten\" loading=\"lazy\" \/><\/figure>\t\t\t<\/div>\n\t\t\t\t\t\t<div class=\"content-media__content\">\n\t\t\t<p><strong>Europas Nummer 1<\/strong><\/p>\n<p>Wenn es um Haarverpflanzungen geht, gibt es nur eine Wahl: Vertrauen Sie auf den\u00a0<strong>europ\u00e4ischen Marktf\u00fchrer Elithair!<\/strong><\/p>\n<p>International renommierte Spezialisten, die gr\u00f6\u00dfte Haarklinik der Welt und die neuesten Methoden sorgen f\u00fcr die\u00a0<strong>besten Resultate.<\/strong><\/p>\n<p>Ein\u00a0<strong>v\u00f6llig neues Lebensgef\u00fchl<\/strong>\u00a0wartet auf Sie. Machen Sie jetzt den ersten Schritt und melden Sie sich bei unseren erfahrenen Experten!<\/p>\n\t\t<\/div>\n\t\t\n\t\t\n\t\t\t\t\t<div class=\"content-media__btn-list btn-list\">\n\t\t\t\t<div class=\"btn-item\">\n\t\t\t\t\t<a\n\t\t\t\t\t\tclass=\"btn\"\n\t\t\t\t\t\thref=\"https:\/\/elithair.com\/de\/haaranalyse\/\"\t\t\t\t\t> Haaranalyse starten<\/a>\n\t\t\t\t<\/div>\n\t\t\t<\/div>\n\t\t\t<\/div>\n<\/section>\n\n\n<section class=\"wp-block-elh-faq-list faq-list bg-white\">\n\t<div class=\"faq-list__container container\">\n\t\t\t\t\t<header class=\"faq-list__header\">\n\t\t\t\t<h2>H\u00e4ufig gestellte Fragen<\/h2>\n\t\t\t<\/header>\n\t\t\n\t\t\t\t\t<div class=\"faq-list__items\">\n\t\t\t\t\t\t\t\t\t<div class=\"faq\">\n\t\t\t\t\t\t\t\t\t\t\t\t\t\t\t\t\t\t\t\t\t\t\t\t\t\t\t<details>\n\t\t\t\t\t\t\t\t\t<summary>Wie kann ich einen Beratungstermin in M\u00fcnchen vereinbaren?<\/summary>\n\t\t\t\t\t\t\t\t\t<p>Sie k\u00f6nnen Beratungstermine \u00fcber unsere Website oder telefonisch vereinbaren. Unsere Experten freuen sich schon darauf, Sie begr\u00fc\u00dfen zu d\u00fcrfen.<\/p>\n\t\t\t\t\t\t\t\t<\/details>\n\t\t\t\t\t\t\t\t\t\t\t\t\t\t\t<details>\n\t\t\t\t\t\t\t\t\t<summary>Wo soll ich die Haarverpflanzung machen, in Deutschland oder der T\u00fcrkei?<\/summary>\n\t\t\t\t\t\t\t\t\t<p>Bei Elithair in der T\u00fcrkei bieten wir allen unseren Patienten die gr\u00f6\u00dfte Haarklinik der Welt als Standort an. Die Klinik ist hochmodern ausgestattet und beherbergt qualifizierte Spezialisten, die mit den modernsten Methoden arbeiten.<\/p>\n<p>Bei der Qualit\u00e4t m\u00fcssen Sie keine Abstriche machen, denn die h\u00f6chsten Standards werden in jedem Fall eingehalten. Dank der Verwendung der modernen FUE Methode (Follicular Unit Extraction) statt der veralteten FUT Technik (Follicular Unit Transplantation, auch \u201cStreifentechnik\u201d) zur Entnahme der Haarfollikel entsteht zudem keine Narbenbildung.<\/p>\n<p>F\u00fcr die Implantation der Grafts in die kahlen Stellen wird schlie\u00dflich die DHI (Direct Hair Implantation) Methode verwendet. Die transplantierten Haare halten dank der hohen Qualit\u00e4t bei Elithair ein Leben lang.<\/p>\n<p>Dank der Sleep-Deep Methode findet die \u00f6rtliche Bet\u00e4ubung au\u00dferdem v\u00f6llig schmerzfrei statt und ist auch f\u00fcr Angstpatienten geeignet.<\/p>\n\t\t\t\t\t\t\t\t<\/details>\n\t\t\t\t\t\t\t\t\t\t\t\t\t\t\t<details>\n\t\t\t\t\t\t\t\t\t<summary>Kann ich meine Reise nach Istanbul auch selbst buchen?<\/summary>\n\t\t\t\t\t\t\t\t\t<p>Wenn Sie sich f\u00fcr die Behandlung in Istanbul entscheiden, k\u00f6nnen Sie Ihre Reise selbstverst\u00e4ndlich auch selbst und flexibel buchen.<\/p>\n<p>Bei Wunsch k\u00fcmmern sich alternativ auch gerne die Experten von Elithair um Ihre Reise.<\/p>\n\t\t\t\t\t\t\t\t<\/details>\n\t\t\t\t\t\t\t\t\t\t\t\t\t\t\t<details>\n\t\t\t\t\t\t\t\t\t<summary>Was muss ich nach dem Beratungstermin noch machen?<\/summary>\n\t\t\t\t\t\t\t\t\t<p>Nachdem Sie beim Beratungstermin festgelegt haben, dass Sie Ihre Behandlung in Istanbul durchf\u00fchren lassen wollen, k\u00fcmmert sich der Experte um den weiteren Ablauf.<\/p>\n<p>Sie k\u00f6nnen sich entspannen und auf strahlend volles Haar freuen!<\/p>\n\t\t\t\t\t\t\t\t<\/details>\n\t\t\t\t\t\t\t\t\t\t\t\t\t\t\t\t\t\t<\/div>\n\t\t\t\t\t\t\t<\/div>\n\t\t\n\t\t\t<\/div>\n<\/section>\n\n","protected":false},"excerpt":{"rendered":"","protected":false},"author":10,"featured_media":0,"parent":67,"menu_order":0,"comment_status":"closed","ping_status":"closed","template":"","meta":{"_acf_changed":false,"_yoast_wpseo_focuskw":"","_yoast_wpseo_title":"Haartransplantation Beratung in M\u00fcnchen: Ihre Experten von Elithair","_yoast_wpseo_metadesc":"Haartransplantation Beratung in M\u00fcnchen:\u2611\ufe0f150.000+ begeisterte Patienten \u2611\ufe0f Behandlung in Deutschland oder Istanbul | Jetzt lesen!","_yoast_wpseo_meta-robots-noindex":"","_yoast_wpseo_meta-robots-nofollow":"","_yoast_wpseo_meta-robots-adv":"","_yoast_wpseo_canonical":"","_yoast_wpseo_opengraph-title":"","_yoast_wpseo_opengraph-description":"","_yoast_wpseo_opengraph-image":"https:\/\/elithair.com\/de\/wp-content\/uploads\/sites\/2\/2026\/05\/haartransplantation-muenchen.png","_yoast_wpseo_twitter-title":"","_yoast_wpseo_twitter-description":"","_yoast_wpseo_twitter-image":"https:\/\/elithair.com\/de\/wp-content\/uploads\/sites\/2\/2026\/05\/haartransplantation-muenchen.png","_hm_hreflang_map":{"de":71,"x_default":71},"_hm_language_code":"de","footnotes":""},"class_list":["post-71","page","type-page","status-publish","hentry"],"acf":[],"yoast_head":"<!-- This site is optimized with the Yoast SEO Premium plugin v27.5 (Yoast SEO v27.5) - https:\/\/yoast.com\/product\/yoast-seo-premium-wordpress\/ -->\n<title>Haartransplantation Beratung in M\u00fcnchen: Ihre Experten von Elithair<\/title>\n<meta name=\"description\" content=\"Haartransplantation Beratung in M\u00fcnchen:\u2611\ufe0f150.000+ begeisterte Patienten \u2611\ufe0f Behandlung in Deutschland oder Istanbul | Jetzt lesen!\" \/>\n<meta name=\"robots\" content=\"noindex, follow, max-snippet:-1, max-image-preview:large, max-video-preview:-1\" \/>\n<meta property=\"og:locale\" content=\"de_DE\" \/>\n<meta property=\"og:type\" content=\"article\" \/>\n<meta property=\"og:title\" content=\"Haartransplantation Beratung in M\u00fcnchen\" \/>\n<meta property=\"og:description\" content=\"Haartransplantation Beratung in M\u00fcnchen:\u2611\ufe0f150.000+ begeisterte Patienten \u2611\ufe0f Behandlung in Deutschland oder Istanbul | Jetzt lesen!\" \/>\n<meta property=\"og:url\" content=\"https:\/\/elithair.com\/de\/informationen\/deutsche-anlaufstellen\/haartransplantation-muenchen\/\" \/>\n<meta property=\"og:site_name\" content=\"Elithair\" \/>\n<meta property=\"article:modified_time\" content=\"2026-05-03T11:35:35+00:00\" \/>\n<meta property=\"og:image\" content=\"https:\/\/elithair.com\/de\/wp-content\/uploads\/sites\/2\/2026\/05\/haartransplantation-muenchen.png\" \/>\n<meta name=\"twitter:card\" content=\"summary_large_image\" \/>\n<meta name=\"twitter:image\" content=\"https:\/\/elithair.com\/de\/wp-content\/uploads\/sites\/2\/2026\/05\/haartransplantation-muenchen.png\" \/>\n<script type=\"application\/ld+json\" class=\"yoast-schema-graph\">{\"@context\":\"https:\\\/\\\/schema.org\",\"@graph\":[{\"@type\":\"WebPage\",\"@id\":\"https:\\\/\\\/elithair.com\\\/de\\\/informationen\\\/deutsche-anlaufstellen\\\/haartransplantation-muenchen\\\/\",\"url\":\"https:\\\/\\\/elithair.com\\\/de\\\/informationen\\\/deutsche-anlaufstellen\\\/haartransplantation-muenchen\\\/\",\"name\":\"Haartransplantation Beratung in M\u00fcnchen: Ihre Experten von Elithair\",\"isPartOf\":{\"@id\":\"https:\\\/\\\/elithair.com\\\/de\\\/#website\"},\"datePublished\":\"2026-04-11T08:43:33+00:00\",\"dateModified\":\"2026-05-03T11:35:35+00:00\",\"description\":\"Haartransplantation Beratung in M\u00fcnchen:\u2611\ufe0f150.000+ begeisterte Patienten \u2611\ufe0f Behandlung in Deutschland oder Istanbul | Jetzt lesen!\",\"breadcrumb\":{\"@id\":\"https:\\\/\\\/elithair.com\\\/de\\\/informationen\\\/deutsche-anlaufstellen\\\/haartransplantation-muenchen\\\/#breadcrumb\"},\"inLanguage\":\"de\",\"potentialAction\":[{\"@type\":\"ReadAction\",\"target\":[\"https:\\\/\\\/elithair.com\\\/de\\\/informationen\\\/deutsche-anlaufstellen\\\/haartransplantation-muenchen\\\/\"]}]},{\"@type\":\"BreadcrumbList\",\"@id\":\"https:\\\/\\\/elithair.com\\\/de\\\/informationen\\\/deutsche-anlaufstellen\\\/haartransplantation-muenchen\\\/#breadcrumb\",\"itemListElement\":[{\"@type\":\"ListItem\",\"position\":1,\"name\":\"Home\",\"item\":\"https:\\\/\\\/elithair.com\\\/de\\\/\"},{\"@type\":\"ListItem\",\"position\":2,\"name\":\"Informationen\",\"item\":\"https:\\\/\\\/elithair.com\\\/de\\\/informationen\\\/\"},{\"@type\":\"ListItem\",\"position\":3,\"name\":\"Deutsche Anlaufstellen\",\"item\":\"https:\\\/\\\/elithair.com\\\/de\\\/informationen\\\/deutsche-anlaufstellen\\\/\"},{\"@type\":\"ListItem\",\"position\":4,\"name\":\"Haartransplantation Beratung in M\u00fcnchen\"}]},{\"@type\":\"WebSite\",\"@id\":\"https:\\\/\\\/elithair.com\\\/de\\\/#website\",\"url\":\"https:\\\/\\\/elithair.com\\\/de\\\/\",\"name\":\"Elithair\",\"description\":\"Haartransplantation T\u00fcrkei, Istanbul bei Europas #1\",\"alternateName\":\"Haartransplantation T\u00fcrkei, Istanbul bei Europas #1\",\"potentialAction\":[{\"@type\":\"SearchAction\",\"target\":{\"@type\":\"EntryPoint\",\"urlTemplate\":\"https:\\\/\\\/elithair.com\\\/de\\\/?s={search_term_string}\"},\"query-input\":{\"@type\":\"PropertyValueSpecification\",\"valueRequired\":true,\"valueName\":\"search_term_string\"}}],\"inLanguage\":\"de\"}]}<\/script>\n<!-- \/ Yoast SEO Premium plugin. -->","yoast_head_json":{"title":"Haartransplantation Beratung in M\u00fcnchen: Ihre Experten von Elithair","description":"Haartransplantation Beratung in M\u00fcnchen:\u2611\ufe0f150.000+ begeisterte Patienten \u2611\ufe0f Behandlung in Deutschland oder Istanbul | Jetzt lesen!","robots":{"index":"noindex","follow":"follow","max-snippet":"max-snippet:-1","max-image-preview":"max-image-preview:large","max-video-preview":"max-video-preview:-1"},"og_locale":"de_DE","og_type":"article","og_title":"Haartransplantation Beratung in M\u00fcnchen","og_description":"Haartransplantation Beratung in M\u00fcnchen:\u2611\ufe0f150.000+ begeisterte Patienten \u2611\ufe0f Behandlung in Deutschland oder Istanbul | Jetzt lesen!","og_url":"https:\/\/elithair.com\/de\/informationen\/deutsche-anlaufstellen\/haartransplantation-muenchen\/","og_site_name":"Elithair","article_modified_time":"2026-05-03T11:35:35+00:00","og_image":[{"url":"https:\/\/elithair.com\/de\/wp-content\/uploads\/sites\/2\/2026\/05\/haartransplantation-muenchen.png","type":"","width":"","height":""}],"twitter_card":"summary_large_image","twitter_image":"https:\/\/elithair.com\/de\/wp-content\/uploads\/sites\/2\/2026\/05\/haartransplantation-muenchen.png","schema":{"@context":"https:\/\/schema.org","@graph":[{"@type":"WebPage","@id":"https:\/\/elithair.com\/de\/informationen\/deutsche-anlaufstellen\/haartransplantation-muenchen\/","url":"https:\/\/elithair.com\/de\/informationen\/deutsche-anlaufstellen\/haartransplantation-muenchen\/","name":"Haartransplantation Beratung in M\u00fcnchen: Ihre Experten von Elithair","isPartOf":{"@id":"https:\/\/elithair.com\/de\/#website"},"datePublished":"2026-04-11T08:43:33+00:00","dateModified":"2026-05-03T11:35:35+00:00","description":"Haartransplantation Beratung in M\u00fcnchen:\u2611\ufe0f150.000+ begeisterte Patienten \u2611\ufe0f Behandlung in Deutschland oder Istanbul | Jetzt lesen!","breadcrumb":{"@id":"https:\/\/elithair.com\/de\/informationen\/deutsche-anlaufstellen\/haartransplantation-muenchen\/#breadcrumb"},"inLanguage":"de","potentialAction":[{"@type":"ReadAction","target":["https:\/\/elithair.com\/de\/informationen\/deutsche-anlaufstellen\/haartransplantation-muenchen\/"]}]},{"@type":"BreadcrumbList","@id":"https:\/\/elithair.com\/de\/informationen\/deutsche-anlaufstellen\/haartransplantation-muenchen\/#breadcrumb","itemListElement":[{"@type":"ListItem","position":1,"name":"Home","item":"https:\/\/elithair.com\/de\/"},{"@type":"ListItem","position":2,"name":"Informationen","item":"https:\/\/elithair.com\/de\/informationen\/"},{"@type":"ListItem","position":3,"name":"Deutsche Anlaufstellen","item":"https:\/\/elithair.com\/de\/informationen\/deutsche-anlaufstellen\/"},{"@type":"ListItem","position":4,"name":"Haartransplantation Beratung in M\u00fcnchen"}]},{"@type":"WebSite","@id":"https:\/\/elithair.com\/de\/#website","url":"https:\/\/elithair.com\/de\/","name":"Elithair","description":"Haartransplantation T\u00fcrkei, Istanbul bei Europas #1","alternateName":"Haartransplantation T\u00fcrkei, Istanbul bei Europas #1","potentialAction":[{"@type":"SearchAction","target":{"@type":"EntryPoint","urlTemplate":"https:\/\/elithair.com\/de\/?s={search_term_string}"},"query-input":{"@type":"PropertyValueSpecification","valueRequired":true,"valueName":"search_term_string"}}],"inLanguage":"de"}]}},"jetpack_sharing_enabled":true,"_links":{"self":[{"href":"https:\/\/elithair.com\/de\/wp-json\/wp\/v2\/pages\/71","targetHints":{"allow":["GET"]}}],"collection":[{"href":"https:\/\/elithair.com\/de\/wp-json\/wp\/v2\/pages"}],"about":[{"href":"https:\/\/elithair.com\/de\/wp-json\/wp\/v2\/types\/page"}],"author":[{"embeddable":true,"href":"https:\/\/elithair.com\/de\/wp-json\/wp\/v2\/users\/10"}],"replies":[{"embeddable":true,"href":"https:\/\/elithair.com\/de\/wp-json\/wp\/v2\/comments?post=71"}],"version-history":[{"count":5,"href":"https:\/\/elithair.com\/de\/wp-json\/wp\/v2\/pages\/71\/revisions"}],"predecessor-version":[{"id":104969,"href":"https:\/\/elithair.com\/de\/wp-json\/wp\/v2\/pages\/71\/revisions\/104969"}],"up":[{"embeddable":true,"href":"https:\/\/elithair.com\/de\/wp-json\/wp\/v2\/pages\/67"}],"wp:attachment":[{"href":"https:\/\/elithair.com\/de\/wp-json\/wp\/v2\/media?parent=71"}],"curies":[{"name":"wp","href":"https:\/\/api.w.org\/{rel}","templated":true}]}}