{"id":67,"date":"2026-04-11T08:41:02","date_gmt":"2026-04-11T08:41:02","guid":{"rendered":"https:\/\/unified.elitexperiments.com\/de\/?page_id=67"},"modified":"2026-05-03T13:35:19","modified_gmt":"2026-05-03T11:35:19","slug":"deutsche-anlaufstellen","status":"publish","type":"page","link":"https:\/\/elithair.com\/de\/informationen\/deutsche-anlaufstellen\/","title":{"rendered":"Deutsche Anlaufstellen"},"content":{"rendered":"<section class=\"wp-block-elh-main-hero main-hero dark-layout has-top-right-circle\">\n\t<div class=\"main-hero__container container\">\n\t\t\t\t\t<header class=\"main-hero__header\">\t\t\t\t\n\t\t\t\t<h1>\t\t\t\t\tElithair Standorte <br \/>\r\nin <strong>Deutschland<\/strong>\t\t\t\t<\/h1>\t\t\t<\/header>\n\t\t\n\t\t\t\t\t<div class=\"main-hero__content\">\n\t\t\t\t<p>Elithair ist in ganz Deutschland mit modernen Anlaufstellen vertreten. Ob in Berlin, M\u00fcnchen, Leipzig, Hannover, D\u00fcsseldorf, Hamburg, Frankfurt oder Stuttgart \u2013 im gesamten Bundesgebiet finden Sie unsere kompetenten Ansprechpartner f\u00fcr Ihre Haarbehandlung.<\/p>\n\t\t\t<\/div>\n\t\t\n\t\t\t\t\t<div class=\"main-hero__media\">\n\t\t\t\t<img decoding=\"async\" width=\"600\" height=\"600\" src=\"https:\/\/elithair.com\/de\/wp-content\/uploads\/sites\/2\/2026\/04\/haartransplantation-deutschland-karte.webp\" class=\"hero-image\" alt=\"Mann mit vollem Bart nach erfolgreicher Barttransplantation\" loading=\"eager\" fetchpriority=\"high\" sizes=\"(max-width: 767px) 40vw, (max-width: 1023px) 23vw, 25vw\" srcset=\"https:\/\/elithair.com\/de\/wp-content\/uploads\/sites\/2\/2026\/04\/haartransplantation-deutschland-karte.webp 600w, https:\/\/elithair.com\/de\/wp-content\/uploads\/sites\/2\/2026\/04\/haartransplantation-deutschland-karte-300x300.webp 300w, https:\/\/elithair.com\/de\/wp-content\/uploads\/sites\/2\/2026\/04\/haartransplantation-deutschland-karte-150x150.webp 150w\" \/>\t\t\t<\/div>\n\t\t\t\t\t<\/div>\n\t\t\n\t<\/section>\n\n\n<section class=\"wp-block-elh-cards-list cards-list bg-grey\">\n\t<div class=\"cards-list__container container is-flex flex-column gap-default\">\n\t\t\t\t\t<header class=\"cards-list__header text-center\">\n\t\t\t\t<h2>\t\t\t\t\tElithair Standorte in Deutschland\t\t\t\t<\/h2>\t\t\t<\/header>\n\t\t\n\t\t\n\t\t\t\t\t<div class=\"cards-list__cards\">\n\t\t\t\t\t\t\t\t<div class=\"cards-list__card\">\n\t\t\t\t\t\t\t\t\t\t\t<img decoding=\"async\" width=\"660\" height=\"440\" src=\"https:\/\/elithair.com\/de\/wp-content\/uploads\/sites\/2\/2026\/04\/brandenburger-tor-berlin.webp\" class=\"attachment-large size-large\" alt=\"Das Brandenburger Tor in Berlin\" loading=\"lazy\" srcset=\"https:\/\/elithair.com\/de\/wp-content\/uploads\/sites\/2\/2026\/04\/brandenburger-tor-berlin.webp 660w, https:\/\/elithair.com\/de\/wp-content\/uploads\/sites\/2\/2026\/04\/brandenburger-tor-berlin-300x200.webp 300w\" sizes=\"auto, (max-width: 660px) 100vw, 660px\" \/>\t\t\t\t\t\t\t\t\t\t\t\t\t\t\t\t<div class=\"cards-list__card-content is-flex flex-column\">\n\t\t\t\t\t\t\t\t\t\t\t\t\t\t\t<h3>Berlin<\/h3>\n\t\t\t\t\t\t\t\t\t\t\t\t\t\t\t\t\t\t\t\t\t\t<p>In Berlin erhalten Sie Informationen zu Ihren Haarbehandlungen und k\u00f6nnen auch PRP-Behandlungen durchf\u00fchren lassen.<\/p>\n\t\t\t\t\t\t\t\t\t\t\t\t\t\t\t\t\t\t\t\t\t\t<div class=\"cards-list__btn-list btn-list\">\n\t\t\t\t\t\t\t\t\t<div class=\"btn-item\">\n\t\t\t\t\t\t\t\t\t\t<a\n\t\t\t\t\t\t\t\t\t\t\tclass=\"btn\"\n\t\t\t\t\t\t\t\t\t\t\thref=\"https:\/\/elithair.com\/de\/informationen\/deutsche-anlaufstellen\/berlin\/\"\t\t\t\t\t\t\t\t\t\t>\n\t\t\t\t\t\t\t\t\t\t\tZum Standort Berlin\t\t\t\t\t\t\t\t\t\t<\/a>\n\t\t\t\t\t\t\t\t\t<\/div>\n\t\t\t\t\t\t\t\t<\/div>\n\t\t\t\t\t\t\t\t\t\t\t\t\t<\/div>\n\t\t\t\t\t\t\t\t\t<\/div>\n\t\t\t\t\t\t\t\t\t<div class=\"cards-list__card\">\n\t\t\t\t\t\t\t\t\t\t\t<img decoding=\"async\" width=\"660\" height=\"440\" src=\"https:\/\/elithair.com\/de\/wp-content\/uploads\/sites\/2\/2026\/04\/innenstadt-muenchen-rathaus.webp\" class=\"attachment-large size-large\" alt=\"Blick auf das M\u00fcnchener Rathaus am Marienplatz\" loading=\"lazy\" srcset=\"https:\/\/elithair.com\/de\/wp-content\/uploads\/sites\/2\/2026\/04\/innenstadt-muenchen-rathaus.webp 660w, https:\/\/elithair.com\/de\/wp-content\/uploads\/sites\/2\/2026\/04\/innenstadt-muenchen-rathaus-300x200.webp 300w\" sizes=\"auto, (max-width: 660px) 100vw, 660px\" \/>\t\t\t\t\t\t\t\t\t\t\t\t\t\t\t\t<div class=\"cards-list__card-content is-flex flex-column\">\n\t\t\t\t\t\t\t\t\t\t\t\t\t\t\t<h3>M\u00fcnchen<\/h3>\n\t\t\t\t\t\t\t\t\t\t\t\t\t\t\t\t\t\t\t\t\t\t<p>Unsere Spezialisten in M\u00fcnchen nehmen sich Zeit f\u00fcr Ihre Fragen. Zus\u00e4tzlich bieten wir auch PRP-Behandlungen vor Ort an.<\/p>\n\t\t\t\t\t\t\t\t\t\t\t\t\t\t\t\t\t\t\t\t\t\t<div class=\"cards-list__btn-list btn-list\">\n\t\t\t\t\t\t\t\t\t<div class=\"btn-item\">\n\t\t\t\t\t\t\t\t\t\t<a\n\t\t\t\t\t\t\t\t\t\t\tclass=\"btn\"\n\t\t\t\t\t\t\t\t\t\t\thref=\"https:\/\/elithair.com\/de\/informationen\/deutsche-anlaufstellen\/haartransplantation-muenchen\/\"\t\t\t\t\t\t\t\t\t\t>\n\t\t\t\t\t\t\t\t\t\t\tZum Standort M\u00fcnchen\t\t\t\t\t\t\t\t\t\t<\/a>\n\t\t\t\t\t\t\t\t\t<\/div>\n\t\t\t\t\t\t\t\t<\/div>\n\t\t\t\t\t\t\t\t\t\t\t\t\t<\/div>\n\t\t\t\t\t\t\t\t\t<\/div>\n\t\t\t\t\t\t\t\t\t<div class=\"cards-list__card\">\n\t\t\t\t\t\t\t\t\t\t\t<img decoding=\"async\" width=\"660\" height=\"440\" src=\"https:\/\/elithair.com\/de\/wp-content\/uploads\/sites\/2\/2026\/04\/medienhafen-duesseldorf.webp\" class=\"attachment-large size-large\" alt=\"Ansicht des D\u00fcsseldorfer Medienhafens\" loading=\"lazy\" srcset=\"https:\/\/elithair.com\/de\/wp-content\/uploads\/sites\/2\/2026\/04\/medienhafen-duesseldorf.webp 660w, https:\/\/elithair.com\/de\/wp-content\/uploads\/sites\/2\/2026\/04\/medienhafen-duesseldorf-300x200.webp 300w\" sizes=\"auto, (max-width: 660px) 100vw, 660px\" \/>\t\t\t\t\t\t\t\t\t\t\t\t\t\t\t\t<div class=\"cards-list__card-content is-flex flex-column\">\n\t\t\t\t\t\t\t\t\t\t\t\t\t\t\t<h3>D\u00fcsseldorf<\/h3>\n\t\t\t\t\t\t\t\t\t\t\t\t\t\t\t\t\t\t\t\t\t\t<p>In D\u00fcsseldorf punktet unser Standort durch die zentrale Lage und ist ideal f\u00fcr Patienten aus NRW. Auch hier f\u00fchren wir PRP-Behandlungen durch.<\/p>\n\t\t\t\t\t\t\t\t\t\t\t\t\t\t\t\t\t\t\t\t\t\t<div class=\"cards-list__btn-list btn-list\">\n\t\t\t\t\t\t\t\t\t<div class=\"btn-item\">\n\t\t\t\t\t\t\t\t\t\t<a\n\t\t\t\t\t\t\t\t\t\t\tclass=\"btn\"\n\t\t\t\t\t\t\t\t\t\t\thref=\"https:\/\/elithair.com\/de\/informationen\/deutsche-anlaufstellen\/haartransplantation-duesseldorf\/\"\t\t\t\t\t\t\t\t\t\t>\n\t\t\t\t\t\t\t\t\t\t\tZum Standort D\u00fcsseldorf\t\t\t\t\t\t\t\t\t\t<\/a>\n\t\t\t\t\t\t\t\t\t<\/div>\n\t\t\t\t\t\t\t\t<\/div>\n\t\t\t\t\t\t\t\t\t\t\t\t\t<\/div>\n\t\t\t\t\t\t\t\t\t<\/div>\n\t\t\t\t\t\t\t\t\t<div class=\"cards-list__card\">\n\t\t\t\t\t\t\t\t\t\t\t<img decoding=\"async\" width=\"660\" height=\"440\" src=\"https:\/\/elithair.com\/de\/wp-content\/uploads\/sites\/2\/2026\/04\/stadt-hamburg-rathaus-innenstadt.webp\" class=\"attachment-large size-large\" alt=\"Blick auf das Hamburger Rathaus in der Innenstadt\" loading=\"lazy\" srcset=\"https:\/\/elithair.com\/de\/wp-content\/uploads\/sites\/2\/2026\/04\/stadt-hamburg-rathaus-innenstadt.webp 660w, https:\/\/elithair.com\/de\/wp-content\/uploads\/sites\/2\/2026\/04\/stadt-hamburg-rathaus-innenstadt-300x200.webp 300w\" sizes=\"auto, (max-width: 660px) 100vw, 660px\" \/>\t\t\t\t\t\t\t\t\t\t\t\t\t\t\t\t<div class=\"cards-list__card-content is-flex flex-column\">\n\t\t\t\t\t\t\t\t\t\t\t\t\t\t\t<h3>Hamburg<\/h3>\n\t\t\t\t\t\t\t\t\t\t\t\t\t\t\t\t\t\t\t\t\t\t<p>In Hamburg bieten wir Beratung und PRP-Behandlungen an \u2013 ideal f\u00fcr Patienten aus dem norddeutschen Raum.<\/p>\n\t\t\t\t\t\t\t\t\t\t\t\t\t\t\t\t\t\t\t\t\t\t<div class=\"cards-list__btn-list btn-list\">\n\t\t\t\t\t\t\t\t\t<div class=\"btn-item\">\n\t\t\t\t\t\t\t\t\t\t<a\n\t\t\t\t\t\t\t\t\t\t\tclass=\"btn\"\n\t\t\t\t\t\t\t\t\t\t\thref=\"https:\/\/elithair.com\/de\/informationen\/deutsche-anlaufstellen\/haartransplantation-hamburg\/\"\t\t\t\t\t\t\t\t\t\t>\n\t\t\t\t\t\t\t\t\t\t\tZum Standort Hamburg\t\t\t\t\t\t\t\t\t\t<\/a>\n\t\t\t\t\t\t\t\t\t<\/div>\n\t\t\t\t\t\t\t\t<\/div>\n\t\t\t\t\t\t\t\t\t\t\t\t\t<\/div>\n\t\t\t\t\t\t\t\t\t<\/div>\n\t\t\t\t\t\t\t\t\t<div class=\"cards-list__card\">\n\t\t\t\t\t\t\t\t\t\t\t<img decoding=\"async\" width=\"660\" height=\"440\" src=\"https:\/\/elithair.com\/de\/wp-content\/uploads\/sites\/2\/2026\/04\/hochhaeuser-frankfurt-skyline-mainufer.webp\" class=\"attachment-large size-large\" alt=\"Skyline von Frankfurt mit Hochh\u00e4usern und Mainufer\" loading=\"lazy\" srcset=\"https:\/\/elithair.com\/de\/wp-content\/uploads\/sites\/2\/2026\/04\/hochhaeuser-frankfurt-skyline-mainufer.webp 660w, https:\/\/elithair.com\/de\/wp-content\/uploads\/sites\/2\/2026\/04\/hochhaeuser-frankfurt-skyline-mainufer-300x200.webp 300w\" sizes=\"auto, (max-width: 660px) 100vw, 660px\" \/>\t\t\t\t\t\t\t\t\t\t\t\t\t\t\t\t<div class=\"cards-list__card-content is-flex flex-column\">\n\t\t\t\t\t\t\t\t\t\t\t\t\t\t\t<h3>Frankfurt<\/h3>\n\t\t\t\t\t\t\t\t\t\t\t\t\t\t\t\t\t\t\t\t\t\t<p>In der Finanzmetropole Frankfurt beantworten unsere Experten Ihre Fragen und f\u00fchren auch PRP-Behandlungen durch.<\/p>\n\t\t\t\t\t\t\t\t\t\t\t\t\t\t\t\t\t\t\t\t\t\t<div class=\"cards-list__btn-list btn-list\">\n\t\t\t\t\t\t\t\t\t<div class=\"btn-item\">\n\t\t\t\t\t\t\t\t\t\t<a\n\t\t\t\t\t\t\t\t\t\t\tclass=\"btn\"\n\t\t\t\t\t\t\t\t\t\t\thref=\"https:\/\/elithair.com\/de\/informationen\/deutsche-anlaufstellen\/haartransplantation-frankfurt\/\"\t\t\t\t\t\t\t\t\t\t>\n\t\t\t\t\t\t\t\t\t\t\tZum Standort Frankfurt\t\t\t\t\t\t\t\t\t\t<\/a>\n\t\t\t\t\t\t\t\t\t<\/div>\n\t\t\t\t\t\t\t\t<\/div>\n\t\t\t\t\t\t\t\t\t\t\t\t\t<\/div>\n\t\t\t\t\t\t\t\t\t<\/div>\n\t\t\t\t\t\t\t\t\t<div class=\"cards-list__card\">\n\t\t\t\t\t\t\t\t\t\t\t<img decoding=\"async\" width=\"660\" height=\"440\" src=\"https:\/\/elithair.com\/de\/wp-content\/uploads\/sites\/2\/2026\/04\/schlossplatz-stuttgart-vogelperspektive.webp\" class=\"attachment-large size-large\" alt=\"Vogelperspektive auf den Schlossplatz in Stuttgart\" loading=\"lazy\" srcset=\"https:\/\/elithair.com\/de\/wp-content\/uploads\/sites\/2\/2026\/04\/schlossplatz-stuttgart-vogelperspektive.webp 660w, https:\/\/elithair.com\/de\/wp-content\/uploads\/sites\/2\/2026\/04\/schlossplatz-stuttgart-vogelperspektive-300x200.webp 300w\" sizes=\"auto, (max-width: 660px) 100vw, 660px\" \/>\t\t\t\t\t\t\t\t\t\t\t\t\t\t\t\t<div class=\"cards-list__card-content is-flex flex-column\">\n\t\t\t\t\t\t\t\t\t\t\t\t\t\t\t<h3>Stuttgart<\/h3>\n\t\t\t\t\t\t\t\t\t\t\t\t\t\t\t\t\t\t\t\t\t\t<p>In der schw\u00e4bischen Metropole Stuttgart beraten Sie unsere Experten zu Ihren Optionen und bieten PRP-Behandlungen an.<\/p>\n\t\t\t\t\t\t\t\t\t\t\t\t\t\t\t\t\t\t\t\t\t\t<div class=\"cards-list__btn-list btn-list\">\n\t\t\t\t\t\t\t\t\t<div class=\"btn-item\">\n\t\t\t\t\t\t\t\t\t\t<a\n\t\t\t\t\t\t\t\t\t\t\tclass=\"btn\"\n\t\t\t\t\t\t\t\t\t\t\thref=\"https:\/\/elithair.com\/de\/informationen\/deutsche-anlaufstellen\/haartransplantation-stuttgart\/\"\t\t\t\t\t\t\t\t\t\t>\n\t\t\t\t\t\t\t\t\t\t\tZum Standort Stuttgart\t\t\t\t\t\t\t\t\t\t<\/a>\n\t\t\t\t\t\t\t\t\t<\/div>\n\t\t\t\t\t\t\t\t<\/div>\n\t\t\t\t\t\t\t\t\t\t\t\t\t<\/div>\n\t\t\t\t\t\t\t\t\t<\/div>\n\t\t\t\t\t\t\t\t\t<div class=\"cards-list__card\">\n\t\t\t\t\t\t\t\t\t\t\t<img decoding=\"async\" width=\"660\" height=\"440\" src=\"https:\/\/elithair.com\/de\/wp-content\/uploads\/sites\/2\/2026\/04\/voelkerschlachtdenkmal-leipzig.webp\" class=\"attachment-large size-large\" alt=\"Blick auf das V\u00f6lkerschlachtdenkmal in Leipzig\" loading=\"lazy\" srcset=\"https:\/\/elithair.com\/de\/wp-content\/uploads\/sites\/2\/2026\/04\/voelkerschlachtdenkmal-leipzig.webp 660w, https:\/\/elithair.com\/de\/wp-content\/uploads\/sites\/2\/2026\/04\/voelkerschlachtdenkmal-leipzig-300x200.webp 300w\" sizes=\"auto, (max-width: 660px) 100vw, 660px\" \/>\t\t\t\t\t\t\t\t\t\t\t\t\t\t\t\t<div class=\"cards-list__card-content is-flex flex-column\">\n\t\t\t\t\t\t\t\t\t\t\t\t\t\t\t<h3>Leipzig<\/h3>\n\t\t\t\t\t\t\t\t\t\t\t\t\t\t\t\t\t\t\t\t\t\t<p>In Leipzig steht Ihnen Elithair mit einem zentral gelegenen Standort zur Seite, an dem wir auch PRP-Behandlungen anbieten.<\/p>\n\t\t\t\t\t\t\t\t\t\t\t\t\t\t\t\t\t\t\t\t\t\t<div class=\"cards-list__btn-list btn-list\">\n\t\t\t\t\t\t\t\t\t<div class=\"btn-item\">\n\t\t\t\t\t\t\t\t\t\t<a\n\t\t\t\t\t\t\t\t\t\t\tclass=\"btn\"\n\t\t\t\t\t\t\t\t\t\t\thref=\"https:\/\/elithair.com\/de\/informationen\/deutsche-anlaufstellen\/haartransplantation-leipzig\/\"\t\t\t\t\t\t\t\t\t\t>\n\t\t\t\t\t\t\t\t\t\t\tZum Standort Leipzig\t\t\t\t\t\t\t\t\t\t<\/a>\n\t\t\t\t\t\t\t\t\t<\/div>\n\t\t\t\t\t\t\t\t<\/div>\n\t\t\t\t\t\t\t\t\t\t\t\t\t<\/div>\n\t\t\t\t\t\t\t\t\t<\/div>\n\t\t\t\t\t\t\t\t\t<div class=\"cards-list__card\">\n\t\t\t\t\t\t\t\t\t\t\t<img decoding=\"async\" width=\"660\" height=\"440\" src=\"https:\/\/elithair.com\/de\/wp-content\/uploads\/sites\/2\/2026\/04\/neues-rathaus-hannover.webp\" class=\"attachment-large size-large\" alt=\"Blick auf das Neue Rathaus in Hannover\" loading=\"lazy\" srcset=\"https:\/\/elithair.com\/de\/wp-content\/uploads\/sites\/2\/2026\/04\/neues-rathaus-hannover.webp 660w, https:\/\/elithair.com\/de\/wp-content\/uploads\/sites\/2\/2026\/04\/neues-rathaus-hannover-300x200.webp 300w\" sizes=\"auto, (max-width: 660px) 100vw, 660px\" \/>\t\t\t\t\t\t\t\t\t\t\t\t\t\t\t\t<div class=\"cards-list__card-content is-flex flex-column\">\n\t\t\t\t\t\t\t\t\t\t\t\t\t\t\t<h3>Hannover<\/h3>\n\t\t\t\t\t\t\t\t\t\t\t\t\t\t\t\t\t\t\t\t\t\t<p>In Hannover beraten wir Sie umfassend zu Ihren Optionen gegen Haarausfall \u2013 auch PRP-Behandlungen f\u00fchren wir hier durch.<\/p>\n\t\t\t\t\t\t\t\t\t\t\t\t\t\t\t\t\t\t\t\t\t\t<div class=\"cards-list__btn-list btn-list\">\n\t\t\t\t\t\t\t\t\t<div class=\"btn-item\">\n\t\t\t\t\t\t\t\t\t\t<a\n\t\t\t\t\t\t\t\t\t\t\tclass=\"btn\"\n\t\t\t\t\t\t\t\t\t\t\thref=\"https:\/\/elithair.com\/de\/informationen\/deutsche-anlaufstellen\/haartransplantation-hannover\/\"\t\t\t\t\t\t\t\t\t\t>\n\t\t\t\t\t\t\t\t\t\t\tZum Standort Hannover\t\t\t\t\t\t\t\t\t\t<\/a>\n\t\t\t\t\t\t\t\t\t<\/div>\n\t\t\t\t\t\t\t\t<\/div>\n\t\t\t\t\t\t\t\t\t\t\t\t\t<\/div>\n\t\t\t\t\t\t\t\t\t<\/div>\n\t\t\t\t\t\t\t\t<\/div>\n\t\t\t\n\t\t\t<\/div>\n<\/section>\n","protected":false},"excerpt":{"rendered":"","protected":false},"author":10,"featured_media":0,"parent":41,"menu_order":0,"comment_status":"closed","ping_status":"closed","template":"","meta":{"_acf_changed":false,"_yoast_wpseo_focuskw":"","_yoast_wpseo_title":"Haartransplantation Standorte in Deutschland \u2013 Ihre Anlaufstellen | Elithair","_yoast_wpseo_metadesc":"Entdecken Sie die Elithair Anlaufstellen in Deutschland. Finden Sie den Standort in Ihrer N\u00e4he f\u00fcr pers\u00f6nliche Beratung zur Haartransplantation.","_yoast_wpseo_meta-robots-noindex":"","_yoast_wpseo_meta-robots-nofollow":"","_yoast_wpseo_meta-robots-adv":"","_yoast_wpseo_canonical":"","_yoast_wpseo_opengraph-title":"","_yoast_wpseo_opengraph-description":"","_yoast_wpseo_opengraph-image":"https:\/\/elithair.com\/de\/wp-content\/uploads\/sites\/2\/2026\/05\/deutsche-anlaufstellen.png","_yoast_wpseo_twitter-title":"","_yoast_wpseo_twitter-description":"","_yoast_wpseo_twitter-image":"https:\/\/elithair.com\/de\/wp-content\/uploads\/sites\/2\/2026\/05\/deutsche-anlaufstellen.png","_hm_hreflang_map":{"de":67,"x_default":67},"_hm_language_code":"de","footnotes":""},"class_list":["post-67","page","type-page","status-publish","hentry"],"acf":[],"yoast_head":"<!-- This site is optimized with the Yoast SEO Premium plugin v27.5 (Yoast SEO v27.5) - https:\/\/yoast.com\/product\/yoast-seo-premium-wordpress\/ -->\n<title>Haartransplantation Standorte in Deutschland \u2013 Ihre Anlaufstellen | Elithair<\/title>\n<meta name=\"description\" content=\"Entdecken Sie die Elithair Anlaufstellen in Deutschland. Finden Sie den Standort in Ihrer N\u00e4he f\u00fcr pers\u00f6nliche Beratung zur Haartransplantation.\" \/>\n<meta name=\"robots\" content=\"noindex, follow, max-snippet:-1, max-image-preview:large, max-video-preview:-1\" \/>\n<meta property=\"og:locale\" content=\"de_DE\" \/>\n<meta property=\"og:type\" content=\"article\" \/>\n<meta property=\"og:title\" content=\"Deutsche Anlaufstellen\" \/>\n<meta property=\"og:description\" content=\"Entdecken Sie die Elithair Anlaufstellen in Deutschland. Finden Sie den Standort in Ihrer N\u00e4he f\u00fcr pers\u00f6nliche Beratung zur Haartransplantation.\" \/>\n<meta property=\"og:url\" content=\"https:\/\/elithair.com\/de\/informationen\/deutsche-anlaufstellen\/\" \/>\n<meta property=\"og:site_name\" content=\"Elithair\" \/>\n<meta property=\"article:modified_time\" content=\"2026-05-03T11:35:19+00:00\" \/>\n<meta property=\"og:image\" content=\"https:\/\/elithair.com\/de\/wp-content\/uploads\/sites\/2\/2026\/05\/deutsche-anlaufstellen.png\" \/>\n<meta name=\"twitter:card\" content=\"summary_large_image\" \/>\n<meta name=\"twitter:image\" content=\"https:\/\/elithair.com\/de\/wp-content\/uploads\/sites\/2\/2026\/05\/deutsche-anlaufstellen.png\" \/>\n<script type=\"application\/ld+json\" class=\"yoast-schema-graph\">{\"@context\":\"https:\\\/\\\/schema.org\",\"@graph\":[{\"@type\":\"WebPage\",\"@id\":\"https:\\\/\\\/elithair.com\\\/de\\\/informationen\\\/deutsche-anlaufstellen\\\/\",\"url\":\"https:\\\/\\\/elithair.com\\\/de\\\/informationen\\\/deutsche-anlaufstellen\\\/\",\"name\":\"Haartransplantation Standorte in Deutschland \u2013 Ihre Anlaufstellen | Elithair\",\"isPartOf\":{\"@id\":\"https:\\\/\\\/elithair.com\\\/de\\\/#website\"},\"datePublished\":\"2026-04-11T08:41:02+00:00\",\"dateModified\":\"2026-05-03T11:35:19+00:00\",\"description\":\"Entdecken Sie die Elithair Anlaufstellen in Deutschland. Finden Sie den Standort in Ihrer N\u00e4he f\u00fcr pers\u00f6nliche Beratung zur Haartransplantation.\",\"breadcrumb\":{\"@id\":\"https:\\\/\\\/elithair.com\\\/de\\\/informationen\\\/deutsche-anlaufstellen\\\/#breadcrumb\"},\"inLanguage\":\"de\",\"potentialAction\":[{\"@type\":\"ReadAction\",\"target\":[\"https:\\\/\\\/elithair.com\\\/de\\\/informationen\\\/deutsche-anlaufstellen\\\/\"]}]},{\"@type\":\"BreadcrumbList\",\"@id\":\"https:\\\/\\\/elithair.com\\\/de\\\/informationen\\\/deutsche-anlaufstellen\\\/#breadcrumb\",\"itemListElement\":[{\"@type\":\"ListItem\",\"position\":1,\"name\":\"Home\",\"item\":\"https:\\\/\\\/elithair.com\\\/de\\\/\"},{\"@type\":\"ListItem\",\"position\":2,\"name\":\"Informationen\",\"item\":\"https:\\\/\\\/elithair.com\\\/de\\\/informationen\\\/\"},{\"@type\":\"ListItem\",\"position\":3,\"name\":\"Deutsche Anlaufstellen\"}]},{\"@type\":\"WebSite\",\"@id\":\"https:\\\/\\\/elithair.com\\\/de\\\/#website\",\"url\":\"https:\\\/\\\/elithair.com\\\/de\\\/\",\"name\":\"Elithair\",\"description\":\"Haartransplantation T\u00fcrkei, Istanbul bei Europas #1\",\"alternateName\":\"Haartransplantation T\u00fcrkei, Istanbul bei Europas #1\",\"potentialAction\":[{\"@type\":\"SearchAction\",\"target\":{\"@type\":\"EntryPoint\",\"urlTemplate\":\"https:\\\/\\\/elithair.com\\\/de\\\/?s={search_term_string}\"},\"query-input\":{\"@type\":\"PropertyValueSpecification\",\"valueRequired\":true,\"valueName\":\"search_term_string\"}}],\"inLanguage\":\"de\"}]}<\/script>\n<!-- \/ Yoast SEO Premium plugin. -->","yoast_head_json":{"title":"Haartransplantation Standorte in Deutschland \u2013 Ihre Anlaufstellen | Elithair","description":"Entdecken Sie die Elithair Anlaufstellen in Deutschland. Finden Sie den Standort in Ihrer N\u00e4he f\u00fcr pers\u00f6nliche Beratung zur Haartransplantation.","robots":{"index":"noindex","follow":"follow","max-snippet":"max-snippet:-1","max-image-preview":"max-image-preview:large","max-video-preview":"max-video-preview:-1"},"og_locale":"de_DE","og_type":"article","og_title":"Deutsche Anlaufstellen","og_description":"Entdecken Sie die Elithair Anlaufstellen in Deutschland. Finden Sie den Standort in Ihrer N\u00e4he f\u00fcr pers\u00f6nliche Beratung zur Haartransplantation.","og_url":"https:\/\/elithair.com\/de\/informationen\/deutsche-anlaufstellen\/","og_site_name":"Elithair","article_modified_time":"2026-05-03T11:35:19+00:00","og_image":[{"url":"https:\/\/elithair.com\/de\/wp-content\/uploads\/sites\/2\/2026\/05\/deutsche-anlaufstellen.png","type":"","width":"","height":""}],"twitter_card":"summary_large_image","twitter_image":"https:\/\/elithair.com\/de\/wp-content\/uploads\/sites\/2\/2026\/05\/deutsche-anlaufstellen.png","schema":{"@context":"https:\/\/schema.org","@graph":[{"@type":"WebPage","@id":"https:\/\/elithair.com\/de\/informationen\/deutsche-anlaufstellen\/","url":"https:\/\/elithair.com\/de\/informationen\/deutsche-anlaufstellen\/","name":"Haartransplantation Standorte in Deutschland \u2013 Ihre Anlaufstellen | Elithair","isPartOf":{"@id":"https:\/\/elithair.com\/de\/#website"},"datePublished":"2026-04-11T08:41:02+00:00","dateModified":"2026-05-03T11:35:19+00:00","description":"Entdecken Sie die Elithair Anlaufstellen in Deutschland. Finden Sie den Standort in Ihrer N\u00e4he f\u00fcr pers\u00f6nliche Beratung zur Haartransplantation.","breadcrumb":{"@id":"https:\/\/elithair.com\/de\/informationen\/deutsche-anlaufstellen\/#breadcrumb"},"inLanguage":"de","potentialAction":[{"@type":"ReadAction","target":["https:\/\/elithair.com\/de\/informationen\/deutsche-anlaufstellen\/"]}]},{"@type":"BreadcrumbList","@id":"https:\/\/elithair.com\/de\/informationen\/deutsche-anlaufstellen\/#breadcrumb","itemListElement":[{"@type":"ListItem","position":1,"name":"Home","item":"https:\/\/elithair.com\/de\/"},{"@type":"ListItem","position":2,"name":"Informationen","item":"https:\/\/elithair.com\/de\/informationen\/"},{"@type":"ListItem","position":3,"name":"Deutsche Anlaufstellen"}]},{"@type":"WebSite","@id":"https:\/\/elithair.com\/de\/#website","url":"https:\/\/elithair.com\/de\/","name":"Elithair","description":"Haartransplantation T\u00fcrkei, Istanbul bei Europas #1","alternateName":"Haartransplantation T\u00fcrkei, Istanbul bei Europas #1","potentialAction":[{"@type":"SearchAction","target":{"@type":"EntryPoint","urlTemplate":"https:\/\/elithair.com\/de\/?s={search_term_string}"},"query-input":{"@type":"PropertyValueSpecification","valueRequired":true,"valueName":"search_term_string"}}],"inLanguage":"de"}]}},"jetpack_sharing_enabled":true,"_links":{"self":[{"href":"https:\/\/elithair.com\/de\/wp-json\/wp\/v2\/pages\/67","targetHints":{"allow":["GET"]}}],"collection":[{"href":"https:\/\/elithair.com\/de\/wp-json\/wp\/v2\/pages"}],"about":[{"href":"https:\/\/elithair.com\/de\/wp-json\/wp\/v2\/types\/page"}],"author":[{"embeddable":true,"href":"https:\/\/elithair.com\/de\/wp-json\/wp\/v2\/users\/10"}],"replies":[{"embeddable":true,"href":"https:\/\/elithair.com\/de\/wp-json\/wp\/v2\/comments?post=67"}],"version-history":[{"count":8,"href":"https:\/\/elithair.com\/de\/wp-json\/wp\/v2\/pages\/67\/revisions"}],"predecessor-version":[{"id":104973,"href":"https:\/\/elithair.com\/de\/wp-json\/wp\/v2\/pages\/67\/revisions\/104973"}],"up":[{"embeddable":true,"href":"https:\/\/elithair.com\/de\/wp-json\/wp\/v2\/pages\/41"}],"wp:attachment":[{"href":"https:\/\/elithair.com\/de\/wp-json\/wp\/v2\/media?parent=67"}],"curies":[{"name":"wp","href":"https:\/\/api.w.org\/{rel}","templated":true}]}}