{"id":61,"date":"2026-04-11T08:32:48","date_gmt":"2026-04-11T08:32:48","guid":{"rendered":"https:\/\/unified.elitexperiments.com\/de\/?page_id=61"},"modified":"2026-05-03T13:34:51","modified_gmt":"2026-05-03T11:34:51","slug":"haartransplantation-fragen","status":"publish","type":"page","link":"https:\/\/elithair.com\/de\/informationen\/haartransplantation-fragen\/","title":{"rendered":"FAQ"},"content":{"rendered":"<section class=\"wp-block-elh-main-hero main-hero dark-layout has-top-right-circle\">\n\t<div class=\"main-hero__container container\">\n\t\t\t\t\t<header class=\"main-hero__header\">\t\t\t\t\n\t\t\t\t<h1>\t\t\t\t\tHaartransplantation FAQ\t\t\t\t<\/h1>\t\t\t<\/header>\n\t\t\n\t\t\t\t\t<div class=\"main-hero__content\">\n\t\t\t\t<p>Besch\u00e4ftigt man sich mit einer Haartransplantation, k\u00f6nnen sich einem viele Fragen stellen. Schlie\u00dflich handelt es sich um einen Eingriff, der Ihr Leben massiv ver\u00e4ndern kann. Wir haben die am h\u00e4ufigsten gestellten Fragen zusammengetragen und geben Ihnen die Antworten, die Sie suchen.<\/p>\n\t\t\t<\/div>\n\t\t\n\t\t\t\t\t<div class=\"main-hero__media\">\n\t\t\t\t<img decoding=\"async\" width=\"600\" height=\"600\" src=\"https:\/\/elithair.com\/de\/wp-content\/uploads\/sites\/2\/2026\/04\/haartransplantation-faq-experten-team.webp\" class=\"hero-image\" alt=\"Freundliches Expertenteam f\u00fcr Fragen zur Behandlung\" loading=\"eager\" fetchpriority=\"high\" sizes=\"(max-width: 767px) 40vw, (max-width: 1023px) 23vw, 25vw\" srcset=\"https:\/\/elithair.com\/de\/wp-content\/uploads\/sites\/2\/2026\/04\/haartransplantation-faq-experten-team.webp 600w, https:\/\/elithair.com\/de\/wp-content\/uploads\/sites\/2\/2026\/04\/haartransplantation-faq-experten-team-300x300.webp 300w, https:\/\/elithair.com\/de\/wp-content\/uploads\/sites\/2\/2026\/04\/haartransplantation-faq-experten-team-150x150.webp 150w\" \/>\t\t\t<\/div>\n\t\t\t\t\t\t\t<div class=\"main-hero__btn-list btn-list\">\n\t\t\t\t\t\t\t\t<div class=\"btn-item\">\n\t\t\t\t\t<a\n\t\t\t\t\t\thref=\"https:\/\/elithair.com\/de\/haaranalyse\/\"\t\t\t\t\t\tclass=\"btn\"\n\t\t\t\t\t>\n\t\t\t\t\t\t Haaranalyse starten\t\t\t\t\t<\/a>\n\t\t\t\t<\/div>\n\t\t\t\t\t\t\t\t\t\t\t<\/div>\n\t\t\t<\/div>\n\t\t\n\t<\/section>\n\n\n<section class=\"wp-block-elh-faq-list faq-list bg-white\">\n\t<div class=\"faq-list__container container\">\n\t\t\t\t\t<header class=\"faq-list__header\">\n\t\t\t\t<h2>FAQ<\/h2>\n\t\t\t<\/header>\n\t\t\n\t\t\t\t\t<div class=\"faq-list__items\">\n\t\t\t\t\t\t\t\t\t<div class=\"faq\">\n\t\t\t\t\t\t\t\t\t\t\t\t\t<h3>Bin ich geeignet f\u00fcr eine Haartransplantation?<\/h3>\n\t\t\t\t\t\t\t\t\t\t\t\t\t\t\t\t\t\t\t\t\t\t\t\t\t\t\t<details>\n\t\t\t\t\t\t\t\t\t<summary>Wie viel kostet eine Barttransplantation?<\/summary>\n\t\t\t\t\t\t\t\t\t<p>Einige Faktoren, wie zum Beispiel bestimmte Krankheiten oder zu wenig Spenderhaar machen eine Haartransplantation unm\u00f6glich. Ob Sie f\u00fcr den Eingriff geeignet sind, l\u00e4sst sich nur in einem pers\u00f6nlichen Gespr\u00e4ch herausfinden.<\/p>\n<p>Kontaktieren Sie uns jetzt, um sich von unserem Experten detailliert beraten zu lassen.<\/p>\n\t\t\t\t\t\t\t\t<\/details>\n\t\t\t\t\t\t\t\t\t\t\t\t\t\t\t<details>\n\t\t\t\t\t\t\t\t\t<summary>Wie sinnvoll ist eine Haarverpflanzung?<\/summary>\n\t\t\t\t\t\t\t\t\t<p>Die Behandlung ist die einzige L\u00f6sung, um Ihren Haarausfall effektiv zu bek\u00e4mpfen. Die von den Spezialisten erzielten perfekten Ergebnisse halten ein Leben lang.<\/p>\n<p>Somit m\u00fcssen Sie nie wieder sich Gedanken um kahle Stellen oder Haarverlust machen.<\/p>\n\t\t\t\t\t\t\t\t<\/details>\n\t\t\t\t\t\t\t\t\t\t\t\t\t\t\t<details>\n\t\t\t\t\t\t\t\t\t<summary>Was muss vor der Anwendung beachtet werden?<\/summary>\n\t\t\t\t\t\t\t\t\t<p>Um Ihren Spenderbereich optimal auf die NEO FUE Haartransplantation vorzubereiten, sollten Sie 14 Tage vor der Behandlung einen gesunden Lebensstil pflegen. Verzichten Sie weitestgehend auf Nikotin und Alkohol.<\/p>\n<p>Auch die Verwendung von Haarwuchsmitteln ist f\u00fcr die letzten Wochen vor der Behandlung nicht empfehlenswert. Sollten Sie regelm\u00e4\u00dfig Medikamente nehmen, sprechen Sie diese mit Ihrem Arzt ab.<\/p>\n\t\t\t\t\t\t\t\t<\/details>\n\t\t\t\t\t\t\t\t\t\t\t\t\t\t\t<details>\n\t\t\t\t\t\t\t\t\t<summary>Wie teuer ist eine Haartransplantation?<\/summary>\n\t\t\t\t\t\t\t\t\t<p>Die Haartransplantation Kosten sind f\u00fcr jeden Patienten individuell. Faktoren, die den Gesamtpreis Ihrer Behandlung beeinflussen, sind die Anzahl der Grafts, die verpflanzt werden und die gew\u00e4hlte Methode.<\/p>\n<p>Bei uns erh\u00e4lt jeder Patient im Vorfeld eine ausf\u00fchrliche Beratung und einen unverbindlichen Kostenvoranschlag.<\/p>\n\t\t\t\t\t\t\t\t<\/details>\n\t\t\t\t\t\t\t\t\t\t\t\t\t\t\t<details>\n\t\t\t\t\t\t\t\t\t<summary>Haartransplantation in Deutschland oder der T\u00fcrkei, was ist besser?<\/summary>\n\t\t\t\t\t\t\t\t\t<p>Eine Haartransplantation kann sowohl in Deutschland, als auch in der T\u00fcrkei durchgef\u00fchrt werden. An beiden Standorten werden Sie von absoluten Spezialisten mit den modernsten Methoden behandelt.<\/p>\n<p>Qualitativ sind Sie mit Ihrer Wahl auf der sicheren Seite, egal, f\u00fcr welchen Standort Sie sich entscheiden.<\/p>\n\t\t\t\t\t\t\t\t<\/details>\n\t\t\t\t\t\t\t\t\t\t\t\t\t\t\t<details>\n\t\t\t\t\t\t\t\t\t<summary>In welchem Alter sollte ich eine Haarverpflanzung machen?<\/summary>\n\t\t\t\t\t\t\t\t\t<p>Sie k\u00f6nnen den Eingriff in jedem Alter durchf\u00fchren. Unsere Experten informieren Sie gerne pers\u00f6nlich, ob eine Eigenhaarbehandlung bei Ihnen sinnvoll ist.<\/p>\n\t\t\t\t\t\t\t\t<\/details>\n\t\t\t\t\t\t\t\t\t\t\t\t\t\t\t\t\t\t<\/div>\n\t\t\t\t\t\t\t\t\t<div class=\"faq\">\n\t\t\t\t\t\t\t\t\t\t\t\t\t<h3>W\u00e4hrend der Haartransplantation<\/h3>\n\t\t\t\t\t\t\t\t\t\t\t\t\t\t\t\t\t\t\t\t\t\t\t\t\t\t\t<details>\n\t\t\t\t\t\t\t\t\t<summary>Was ist bei meinem Eingriff inklusive?<\/summary>\n\t\t\t\t\t\t\t\t\t<p>Als Marktf\u00fchrer ist es f\u00fcr uns selbstverst\u00e4ndlich bei Ihrer Haartransplantation in Istanbul unsere gesamte Aufmerksamkeit Ihnen zu widmen.<\/p>\n<p>Aus diesem Grund sind f\u00fcr Sie folgende Leistungen immer inklusive: VIP-Shuttle ab Ankunft am Flughafen in Istanbul 4-Sterne Luxushotel in Klinikn\u00e4he Vor- und Nachuntersuchung Deutschsprachige Dolmetscher vor Ort PRP-Behandlung Medikamente &#038; Pflegemittel Moderne Haartransplantation Methoden<\/p>\n\t\t\t\t\t\t\t\t<\/details>\n\t\t\t\t\t\t\t\t\t\t\t\t\t\t\t<details>\n\t\t\t\t\t\t\t\t\t<summary>Ist die Haartransplantation Bet\u00e4ubung schmerzhaft?<\/summary>\n\t\t\t\t\t\t\t\t\t<p>Die Haartransplantation Bet\u00e4ubung mit der innovativen Comfort-In-Technik ist so gut wie schmerzfrei. Das Bet\u00e4ubungsmittel wird mithilfe von Druckluft in die Kopfhaut injiziert.<\/p>\n<p>Unsere Patienten berichten oftmals von einem angenehmen Verfahren, welches sie bestens auf die folgende lokale An\u00e4sthesie vorbereitet.<\/p>\n\t\t\t\t\t\t\t\t<\/details>\n\t\t\t\t\t\t\t\t\t\t\t\t\t\t\t<details>\n\t\t\t\t\t\t\t\t\t<summary>Wie lange dauert der Haartransplantation Ablauf?<\/summary>\n\t\t\t\t\t\t\t\t\t<p>Je nachdem, wie viele Grafts bei Ihnen verpflanzt werden, ist die Behandlungsdauer unterschiedlich. Wie lange eine Eigenhaarbehandlung dauert, variiert auch danach, welche Technik zum Einsatz kommt.<\/p>\n<p>Im Durchschnitt dauert eine Haarverpflanzung 6-8 Stunden.<\/p>\n\t\t\t\t\t\t\t\t<\/details>\n\t\t\t\t\t\t\t\t\t\t\t\t\t\t\t<details>\n\t\t\t\t\t\t\t\t\t<summary>Spricht das Team Deutsch?<\/summary>\n\t\t\t\t\t\t\t\t\t<p>F\u00fcr eine optimale Verst\u00e4ndigung stehen Ihnen vor Ort in Istanbul selbstverst\u00e4ndlich deutschsprachige Mitarbeiter zur Verf\u00fcgung. Eine Vielzahl unseres Teams spricht mehrere Sprachen inklusive Deutsch, Englisch, Italienisch, T\u00fcrkisch und Bulgarisch.<\/p>\n<p>Demnach gibt es bei uns keinerlei Sprachbarrieren.<\/p>\n\t\t\t\t\t\t\t\t<\/details>\n\t\t\t\t\t\t\t\t\t\t\t\t\t\t\t<details>\n\t\t\t\t\t\t\t\t\t<summary>Wie erlebe ich ausschlie\u00dflich positive Haartransplantation Erfahrungen?<\/summary>\n\t\t\t\t\t\t\t\t\t<p>Schon bei Ihrer Recherche ist es wichtig, dass Sie sich f\u00fcr den richtigen Anbieter entscheiden. Legen Sie den Fokus nicht komplett auf den Preis, sondern viel mehr auf die Expertise und Erfahrung der jeweiligen Spezialisten.<\/p>\n<p>Schauen Sie sich die Bewertungen der Klinik an und ob mit den neuesten Methoden gearbeitet wird.<\/p>\n\t\t\t\t\t\t\t\t<\/details>\n\t\t\t\t\t\t\t\t\t\t\t\t\t\t\t\t\t\t<\/div>\n\t\t\t\t\t\t\t\t\t<div class=\"faq\">\n\t\t\t\t\t\t\t\t\t\t\t\t\t<h3>Nach der Haartransplantation<\/h3>\n\t\t\t\t\t\t\t\t\t\t\t\t\t\t\t\t\t\t\t\t\t\t\t\t\t\t\t<details>\n\t\t\t\t\t\t\t\t\t<summary>Wie lange dauert die Heilung?<\/summary>\n\t\t\t\t\t\t\t\t\t<p>Die Krusten fallen nach ca. 8 \u2013 12 Tagen ab. Danach k\u00f6nnen Sie Ihren Alltag wie gewohnt nachgehen. Auf Sport sollten Sie je nach Intensit\u00e4t 2 \u2013 4 Wochen verzichten.<\/p>\n<p>Auch vor der Sonne sollten Sie Ihren Kopf nach der Haartransplantation sch\u00fctzen. Daf\u00fcr erhalten Sie von uns einen speziellen Hut.<\/p>\n\t\t\t\t\t\t\t\t<\/details>\n\t\t\t\t\t\t\t\t\t\t\t\t\t\t\t<details>\n\t\t\t\t\t\t\t\t\t<summary>Ist die Heilung nach der Haartransplantation schmerzhaft?<\/summary>\n\t\t\t\t\t\t\t\t\t<p>Nach der Haartransplantation sind Wundschmerzen durch die Schwellungen des Kopfes m\u00f6glich. Diese sollten nach wenigen Tagen verschwunden sein.<\/p>\n<p>Durch die Wundheilung kann es zu Juckreiz kommen. Bitte kratzen Sie auf keinen Fall mit Ihren Fingern\u00e4geln.<\/p>\n\t\t\t\t\t\t\t\t<\/details>\n\t\t\t\t\t\t\t\t\t\t\t\t\t\t\t<details>\n\t\t\t\t\t\t\t\t\t<summary>Wie lange h\u00e4lt das transplantierte Haar?<\/summary>\n\t\t\t\t\t\t\t\t\t<p>Das Ergebnis einer Haarverpflanzung h\u00e4lt ein Leben lang. Demnach k\u00f6nne sie die Haartransplantation Kosten als sinnvolle und effektive Investition sehen.<\/p>\n<p>Im Gegensatz zu Haarwuchsmitteln, reicht in vielen F\u00e4llen eine Behandlung aus, um wieder nat\u00fcrlich volles Haar zu erhalten.<\/p>\n\t\t\t\t\t\t\t\t<\/details>\n\t\t\t\t\t\t\t\t\t\t\t\t\t\t\t<details>\n\t\t\t\t\t\t\t\t\t<summary>Halten die positiven Haartransplantation Erfahrungen auch nach dem Eingriff noch an?<\/summary>\n\t\t\t\t\t\t\t\t\t<p>Selbstverst\u00e4ndlich. Schlie\u00dflich ist es das Endresultat, was Sie gl\u00fccklich stimmt. Bei Elithair sorgen wir nicht nur f\u00fcr einzigartige Haartransplantation Erfahrungen vor und w\u00e4hrend des Eingriffs.<\/p>\n<p>Auch nach Ihrer Behandlung k\u00fcmmern sich unsere Experten um Sie und Ihr Wohlbefinden. Sie werden von Ihrem Ergebnis begeistert sein und Ihre positiven Erlebnisse mit Freunden und Familie teilen wollen.<\/p>\n\t\t\t\t\t\t\t\t<\/details>\n\t\t\t\t\t\t\t\t\t\t\t\t\t\t\t<details>\n\t\t\t\t\t\t\t\t\t<summary>Wie wichtig ist die Nachsorge?<\/summary>\n\t\t\t\t\t\t\t\t\t<p>Die Nachsorge Ihrer Haartransplantation ist extrem wichtig. Sie kann Ihr optimales Ergebnis ma\u00dfgeblich mitbestimmen. Unser erfahrenes Team wird Sie mit allen notwendigen Informationen betrauen.<\/p>\n\t\t\t\t\t\t\t\t<\/details>\n\t\t\t\t\t\t\t\t\t\t\t\t\t\t\t<details>\n\t\t\t\t\t\t\t\t\t<summary>K\u00f6nnen transplantierte Haare wieder ausfallen?<\/summary>\n\t\t\t\t\t\t\t\t\t<p>Nein, die Haare k\u00f6nnen nicht wieder ausfallen, da es sich um erblich veranlagtes Spenderhaar handelt. Somit bleibt Ihr Ergebnis auf Lebenszeit.<\/p>\n\t\t\t\t\t\t\t\t<\/details>\n\t\t\t\t\t\t\t\t\t\t\t\t\t\t\t\t\t\t<\/div>\n\t\t\t\t\t\t\t\t\t<div class=\"faq\">\n\t\t\t\t\t\t\t\t\t\t\t\t\t<h3>Die Methoden zur Haartransplantation<\/h3>\n\t\t\t\t\t\t\t\t\t\t\t\t\t\t\t\t\t\t\t\t\t\t\t\t\t\t\t<details>\n\t\t\t\t\t\t\t\t\t<summary>Welche Methoden zur Haarverpflanzung gibt es?<\/summary>\n\t\t\t\t\t\t\t\t\t<p>Es gibt diverse Methoden der Haartransplantation. F\u00fcr verschiedene Haartypen k\u00f6nnen jeweils unterschiedliche Methoden sinnvoll sein.<\/p>\n<p>Ob nun die Saphir, SDHI oder DHI Technik bei Ihnen optimale Ergebnisse sichert, finden unsere Experten gemeinsam mit Ihnen in einem pers\u00f6nlichen Beratungsgespr\u00e4ch heraus.<\/p>\n\t\t\t\t\t\t\t\t<\/details>\n\t\t\t\t\t\t\t\t\t\t\t\t\t\t\t<details>\n\t\t\t\t\t\t\t\t\t<summary>Was sind die Vorteile der NEO FUE Methode?<\/summary>\n\t\t\t\t\t\t\t\t\t<p>Die NEO FUE Methode ist f\u00fcr alle Haartypen geeignet und sorgt f\u00fcr die optimale Anreicherung der Haarfollikel mit Stammzellen. Die Grafts werden mit einer erh\u00f6hten Kapillarern\u00e4hrung versorgt, was wiederum die Durchblutung steigert und die Grafts w\u00e4hrend der Entnahme robuster und stabiler macht.<\/p>\n<p>Trotz der kurzen Trennung von der Versorgungskette bleiben die Follikel stark und gesund. Ein weiterer Vorteil ist, dass die transplantierten Haare im Empf\u00e4ngerbereich eine h\u00f6here Anwuchsrate aufweisen und eine schnellere Regeneration des Spenderbereichs m\u00f6glich ist.<\/p>\n\t\t\t\t\t\t\t\t<\/details>\n\t\t\t\t\t\t\t\t\t\t\t\t\t\t\t<details>\n\t\t\t\t\t\t\t\t\t<summary>Was zeichnet die Saphir Methode aus?<\/summary>\n\t\t\t\t\t\t\t\t\t<p>Bei der Saphir Technik kommen sehr hochwertige und schonende Klingen aus Saphirglas zum Einsatz. Damit werden die Haarkan\u00e4le mit h\u00f6chster Pr\u00e4zision V-f\u00f6rmig ge\u00f6ffnet.<\/p>\n<p>Die Saphir-Klinge hat au\u00dferdem eine antiseptische Wirkung, weshalb die anschlie\u00dfende Heilungsphase mit nur 10 Tagen sehr kurz ausf\u00e4llt.<\/p>\n\t\t\t\t\t\t\t\t<\/details>\n\t\t\t\t\t\t\t\t\t\t\t\t\t\t\t<details>\n\t\t\t\t\t\t\t\t\t<summary>Was ist die FUE Methode?<\/summary>\n\t\t\t\t\t\t\t\t\t<p>Die FUE Methode ist eine spezielle Technik zur Entnahme der Haarfollikel bei einer Haartransplantation. Dabei werden die Grafts einzeln aus dem Spenderbereich entnommen. Dies geschieht auf eine besonders schonende Weise.<\/p>\n<p>Die FUE Methode gilt daher als modernste Entnahmetechnik.<\/p>\n\t\t\t\t\t\t\t\t<\/details>\n\t\t\t\t\t\t\t\t\t\t\t\t\t\t\t<details>\n\t\t\t\t\t\t\t\t\t<summary>Was ist das Besondere an der DHI Methode?<\/summary>\n\t\t\t\t\t\t\t\t\t<p>Bei der DHI Haartransplantation erfolgt die \u00d6ffnung der Haarkan\u00e4le und das Einsetzen der entnommenen Haarfollikel nicht separat, sondern in einem Schritt.<\/p>\n<p>Dabei werden die Grafts zuerst in einen speziellen CHOI-Stift eingesetzt und direkt in die Kopfhaut transplantiert.<\/p>\n\t\t\t\t\t\t\t\t<\/details>\n\t\t\t\t\t\t\t\t\t\t\t\t\t\t\t<details>\n\t\t\t\t\t\t\t\t\t<summary>Was macht die SDHI Technik so besonders?<\/summary>\n\t\t\t\t\t\t\t\t\t<p>Bei der SDHI Haartransplantation werden zwei verschiedene Techniken zur Eigenhaarverpflanzung miteinander kombiniert. Bei der Haarlinie kommt die Saphir Technik zum Einsatz. Dabei werden zuerst die Haarkan\u00e4le ge\u00f6ffnet, dann folgt das Einsetzen der Grafts.<\/p>\n<p>Im restlichen Bereich werden die Follikel mit dem DHI Verfahren eingesetzt, bei dem keine separate Kanal\u00f6ffnung notwendig ist.<\/p>\n\t\t\t\t\t\t\t\t<\/details>\n\t\t\t\t\t\t\t\t\t\t\t\t\t\t\t\t\t\t<\/div>\n\t\t\t\t\t\t\t\t\t<div class=\"faq\">\n\t\t\t\t\t\t\t\t\t\t\t\t\t<h3>Haartransplantation w\u00e4hrend Corona<\/h3>\n\t\t\t\t\t\t\t\t\t\t\t\t\t\t\t\t\t\t\t\t\t\t\t\t\t\t\t<details>\n\t\t\t\t\t\t\t\t\t<summary>Coronavirus \u2013 Wie ist die aktuelle Lage im Land am Bosporus?<\/summary>\n\t\t\t\t\t\t\t\t\t<p>Aktuell sind alle Corona-Bestimmungen f\u00fcr die T\u00fcrkei aufgehoben. Demnach gestaltet sich die Ein- und Ausreise problemlos. F\u00fcr Sie als Patient bedeutet das:<\/p>\n<p>&#8211; Einreise ohne Impfnachweis oder Test m\u00f6glich<\/p>\n<p>&#8211; Keine Maskenpflicht (au\u00dfer in \u00f6ffentlichen Verkehrsmitteln)<\/p>\n<p>Bei der Ankunft am Flughafen wird weiterhin stichprobenartig Fieber gemessen. Bei Corona Symptomen oder erh\u00f6hter Temperatur k\u00f6nnen zus\u00e4tzliche Gesundheitsuntersuchungen angeordnet werden. Auch wird kein Corona-Test f\u00fcr ungeimpfte bei der R\u00fcckkehr nach Deutschland f\u00e4llig. Die Quarant\u00e4ne-Pflicht in Deutschland bei R\u00fcckkehr wurde ebenfalls abgeschafft. Gerne beantworten unsere Experten Ihnen weitere Fragen.<\/p>\n\t\t\t\t\t\t\t\t<\/details>\n\t\t\t\t\t\t\t\t\t\t\t\t\t\t\t<details>\n\t\t\t\t\t\t\t\t\t<summary>Ist eine Haartransplantation in der T\u00fcrkei w\u00e4hrend Corona gef\u00e4hrlich?<\/summary>\n\t\t\t\t\t\t\t\t\t<p>Nein. Da Sie mit Elithair die richtige Klinik ausgew\u00e4hlt haben, sind Risiken so gut wie nicht gegeben. Der minimalinvasive Eingriff wird von absoluten Spezialisten durchgef\u00fchrt, sodass wir Ihnen die beste Haartransplantation in der T\u00fcrkei anbieten.<\/p>\n<p>Bei Elithair legen wir gr\u00f6\u00dften Wert auf effektive Hygiene- und Sicherheitsma\u00dfnahmen f\u00fcr alle unsere Patienten. Risiken sind nicht komplett auszuschlie\u00dfen, aber kommen bei uns so gut wie gar nicht vor.<\/p>\n\t\t\t\t\t\t\t\t<\/details>\n\t\t\t\t\t\t\t\t\t\t\t\t\t\t\t\t\t\t<\/div>\n\t\t\t\t\t\t\t<\/div>\n\t\t\n\t\t\t<\/div>\n<\/section>\n\n","protected":false},"excerpt":{"rendered":"","protected":false},"author":10,"featured_media":0,"parent":41,"menu_order":0,"comment_status":"closed","ping_status":"closed","template":"","meta":{"_acf_changed":false,"_yoast_wpseo_focuskw":"","_yoast_wpseo_title":"Haartransplantation FAQ - H\u00e4ufige Fragen im \u00dcberblick I Elithair","_yoast_wpseo_metadesc":"Haartransplantation FAQ : Die h\u00e4ufigsten Fragen zu Haartransplantation & Haarausfall. Alle Antworten finden Sie hier! Elithair","_yoast_wpseo_meta-robots-noindex":"","_yoast_wpseo_meta-robots-nofollow":"","_yoast_wpseo_meta-robots-adv":"","_yoast_wpseo_canonical":"","_yoast_wpseo_opengraph-title":"","_yoast_wpseo_opengraph-description":"","_yoast_wpseo_opengraph-image":"https:\/\/elithair.com\/de\/wp-content\/uploads\/sites\/2\/2026\/05\/haartransplantation-fragen.png","_yoast_wpseo_twitter-title":"","_yoast_wpseo_twitter-description":"","_yoast_wpseo_twitter-image":"https:\/\/elithair.com\/de\/wp-content\/uploads\/sites\/2\/2026\/05\/haartransplantation-fragen.png","_hm_hreflang_map":{"en":94974,"de":61,"uk":741,"es":89300,"it":20,"pt":22,"fr":27,"x_default":94974},"_hm_language_code":"de","footnotes":""},"class_list":["post-61","page","type-page","status-publish","hentry"],"acf":[],"yoast_head":"<!-- This site is optimized with the Yoast SEO Premium plugin v27.5 (Yoast SEO v27.5) - https:\/\/yoast.com\/product\/yoast-seo-premium-wordpress\/ -->\n<title>Haartransplantation FAQ - H\u00e4ufige Fragen im \u00dcberblick I Elithair<\/title>\n<meta name=\"description\" content=\"Haartransplantation FAQ : Die h\u00e4ufigsten Fragen zu Haartransplantation &amp; Haarausfall. Alle Antworten finden Sie hier! Elithair\" \/>\n<meta name=\"robots\" content=\"noindex, follow, max-snippet:-1, max-image-preview:large, max-video-preview:-1\" \/>\n<meta property=\"og:locale\" content=\"de_DE\" \/>\n<meta property=\"og:type\" content=\"article\" \/>\n<meta property=\"og:title\" content=\"FAQ\" \/>\n<meta property=\"og:description\" content=\"Haartransplantation FAQ : Die h\u00e4ufigsten Fragen zu Haartransplantation &amp; Haarausfall. Alle Antworten finden Sie hier! Elithair\" \/>\n<meta property=\"og:url\" content=\"https:\/\/elithair.com\/de\/informationen\/haartransplantation-fragen\/\" \/>\n<meta property=\"og:site_name\" content=\"Elithair\" \/>\n<meta property=\"article:modified_time\" content=\"2026-05-03T11:34:51+00:00\" \/>\n<meta property=\"og:image\" content=\"https:\/\/elithair.com\/de\/wp-content\/uploads\/sites\/2\/2026\/05\/haartransplantation-fragen.png\" \/>\n<meta name=\"twitter:card\" content=\"summary_large_image\" \/>\n<meta name=\"twitter:image\" content=\"https:\/\/elithair.com\/de\/wp-content\/uploads\/sites\/2\/2026\/05\/haartransplantation-fragen.png\" \/>\n<script type=\"application\/ld+json\" class=\"yoast-schema-graph\">{\"@context\":\"https:\\\/\\\/schema.org\",\"@graph\":[{\"@type\":\"WebPage\",\"@id\":\"https:\\\/\\\/elithair.com\\\/de\\\/informationen\\\/haartransplantation-fragen\\\/\",\"url\":\"https:\\\/\\\/elithair.com\\\/de\\\/informationen\\\/haartransplantation-fragen\\\/\",\"name\":\"Haartransplantation FAQ - H\u00e4ufige Fragen im \u00dcberblick I Elithair\",\"isPartOf\":{\"@id\":\"https:\\\/\\\/elithair.com\\\/de\\\/#website\"},\"datePublished\":\"2026-04-11T08:32:48+00:00\",\"dateModified\":\"2026-05-03T11:34:51+00:00\",\"description\":\"Haartransplantation FAQ : Die h\u00e4ufigsten Fragen zu Haartransplantation & Haarausfall. Alle Antworten finden Sie hier! Elithair\",\"breadcrumb\":{\"@id\":\"https:\\\/\\\/elithair.com\\\/de\\\/informationen\\\/haartransplantation-fragen\\\/#breadcrumb\"},\"inLanguage\":\"de\",\"potentialAction\":[{\"@type\":\"ReadAction\",\"target\":[\"https:\\\/\\\/elithair.com\\\/de\\\/informationen\\\/haartransplantation-fragen\\\/\"]}]},{\"@type\":\"BreadcrumbList\",\"@id\":\"https:\\\/\\\/elithair.com\\\/de\\\/informationen\\\/haartransplantation-fragen\\\/#breadcrumb\",\"itemListElement\":[{\"@type\":\"ListItem\",\"position\":1,\"name\":\"Home\",\"item\":\"https:\\\/\\\/elithair.com\\\/de\\\/\"},{\"@type\":\"ListItem\",\"position\":2,\"name\":\"Informationen\",\"item\":\"https:\\\/\\\/elithair.com\\\/de\\\/informationen\\\/\"},{\"@type\":\"ListItem\",\"position\":3,\"name\":\"FAQ\"}]},{\"@type\":\"WebSite\",\"@id\":\"https:\\\/\\\/elithair.com\\\/de\\\/#website\",\"url\":\"https:\\\/\\\/elithair.com\\\/de\\\/\",\"name\":\"Elithair\",\"description\":\"Haartransplantation T\u00fcrkei, Istanbul bei Europas #1\",\"alternateName\":\"Haartransplantation T\u00fcrkei, Istanbul bei Europas #1\",\"potentialAction\":[{\"@type\":\"SearchAction\",\"target\":{\"@type\":\"EntryPoint\",\"urlTemplate\":\"https:\\\/\\\/elithair.com\\\/de\\\/?s={search_term_string}\"},\"query-input\":{\"@type\":\"PropertyValueSpecification\",\"valueRequired\":true,\"valueName\":\"search_term_string\"}}],\"inLanguage\":\"de\"}]}<\/script>\n<!-- \/ Yoast SEO Premium plugin. -->","yoast_head_json":{"title":"Haartransplantation FAQ - H\u00e4ufige Fragen im \u00dcberblick I Elithair","description":"Haartransplantation FAQ : Die h\u00e4ufigsten Fragen zu Haartransplantation & Haarausfall. Alle Antworten finden Sie hier! Elithair","robots":{"index":"noindex","follow":"follow","max-snippet":"max-snippet:-1","max-image-preview":"max-image-preview:large","max-video-preview":"max-video-preview:-1"},"og_locale":"de_DE","og_type":"article","og_title":"FAQ","og_description":"Haartransplantation FAQ : Die h\u00e4ufigsten Fragen zu Haartransplantation & Haarausfall. Alle Antworten finden Sie hier! Elithair","og_url":"https:\/\/elithair.com\/de\/informationen\/haartransplantation-fragen\/","og_site_name":"Elithair","article_modified_time":"2026-05-03T11:34:51+00:00","og_image":[{"url":"https:\/\/elithair.com\/de\/wp-content\/uploads\/sites\/2\/2026\/05\/haartransplantation-fragen.png","type":"","width":"","height":""}],"twitter_card":"summary_large_image","twitter_image":"https:\/\/elithair.com\/de\/wp-content\/uploads\/sites\/2\/2026\/05\/haartransplantation-fragen.png","schema":{"@context":"https:\/\/schema.org","@graph":[{"@type":"WebPage","@id":"https:\/\/elithair.com\/de\/informationen\/haartransplantation-fragen\/","url":"https:\/\/elithair.com\/de\/informationen\/haartransplantation-fragen\/","name":"Haartransplantation FAQ - H\u00e4ufige Fragen im \u00dcberblick I Elithair","isPartOf":{"@id":"https:\/\/elithair.com\/de\/#website"},"datePublished":"2026-04-11T08:32:48+00:00","dateModified":"2026-05-03T11:34:51+00:00","description":"Haartransplantation FAQ : Die h\u00e4ufigsten Fragen zu Haartransplantation & Haarausfall. Alle Antworten finden Sie hier! Elithair","breadcrumb":{"@id":"https:\/\/elithair.com\/de\/informationen\/haartransplantation-fragen\/#breadcrumb"},"inLanguage":"de","potentialAction":[{"@type":"ReadAction","target":["https:\/\/elithair.com\/de\/informationen\/haartransplantation-fragen\/"]}]},{"@type":"BreadcrumbList","@id":"https:\/\/elithair.com\/de\/informationen\/haartransplantation-fragen\/#breadcrumb","itemListElement":[{"@type":"ListItem","position":1,"name":"Home","item":"https:\/\/elithair.com\/de\/"},{"@type":"ListItem","position":2,"name":"Informationen","item":"https:\/\/elithair.com\/de\/informationen\/"},{"@type":"ListItem","position":3,"name":"FAQ"}]},{"@type":"WebSite","@id":"https:\/\/elithair.com\/de\/#website","url":"https:\/\/elithair.com\/de\/","name":"Elithair","description":"Haartransplantation T\u00fcrkei, Istanbul bei Europas #1","alternateName":"Haartransplantation T\u00fcrkei, Istanbul bei Europas #1","potentialAction":[{"@type":"SearchAction","target":{"@type":"EntryPoint","urlTemplate":"https:\/\/elithair.com\/de\/?s={search_term_string}"},"query-input":{"@type":"PropertyValueSpecification","valueRequired":true,"valueName":"search_term_string"}}],"inLanguage":"de"}]}},"jetpack_sharing_enabled":true,"_links":{"self":[{"href":"https:\/\/elithair.com\/de\/wp-json\/wp\/v2\/pages\/61","targetHints":{"allow":["GET"]}}],"collection":[{"href":"https:\/\/elithair.com\/de\/wp-json\/wp\/v2\/pages"}],"about":[{"href":"https:\/\/elithair.com\/de\/wp-json\/wp\/v2\/types\/page"}],"author":[{"embeddable":true,"href":"https:\/\/elithair.com\/de\/wp-json\/wp\/v2\/users\/10"}],"replies":[{"embeddable":true,"href":"https:\/\/elithair.com\/de\/wp-json\/wp\/v2\/comments?post=61"}],"version-history":[{"count":6,"href":"https:\/\/elithair.com\/de\/wp-json\/wp\/v2\/pages\/61\/revisions"}],"predecessor-version":[{"id":104978,"href":"https:\/\/elithair.com\/de\/wp-json\/wp\/v2\/pages\/61\/revisions\/104978"}],"up":[{"embeddable":true,"href":"https:\/\/elithair.com\/de\/wp-json\/wp\/v2\/pages\/41"}],"wp:attachment":[{"href":"https:\/\/elithair.com\/de\/wp-json\/wp\/v2\/media?parent=61"}],"curies":[{"name":"wp","href":"https:\/\/api.w.org\/{rel}","templated":true}]}}