{"id":55,"date":"2026-04-11T08:28:59","date_gmt":"2026-04-11T08:28:59","guid":{"rendered":"https:\/\/unified.elitexperiments.com\/de\/?page_id=55"},"modified":"2026-05-03T13:34:29","modified_gmt":"2026-05-03T11:34:29","slug":"studie","status":"publish","type":"page","link":"https:\/\/elithair.com\/de\/informationen\/studie\/","title":{"rendered":"Studie"},"content":{"rendered":"<section class=\"wp-block-elh-main-hero main-hero dark-layout has-top-right-circle\">\n\t<div class=\"main-hero__container container\">\n\t\t\t\t\t<header class=\"main-hero__header\">\t\t\t\t\n\t\t\t\t<h1>\t\t\t\t\tElithair-Studien: <br>F\u00fcr ein neues Kapitel in der Haarmedizin\t\t\t\t<\/h1>\t\t\t<\/header>\n\t\t\n\t\t\t\t\t<div class=\"main-hero__content\">\n\t\t\t\t<p>Als Marktf\u00fchrer im Bereich moderner\u00a0<a href=\"https:\/\/elithair.com\/de\/behandlungen\/haartransplantation\/\">Haartransplantationen<\/a>\u00a0steht Elithair nicht nur f\u00fcr herausragende Ergebnisse und international ausgebildete Spezialisten, sondern auch f\u00fcr kontinuierliche Forschung und Entwicklung. Unsere Studien sind der Schl\u00fcssel, um die Wirksamkeit unserer Behandlungen zu best\u00e4tigen und die Zufriedenheit unserer Patienten stets zu verbessern.<\/p>\n<p>Mit innovativen Methoden wie der\u00a0<a href=\"https:\/\/elithair.com\/de\/techniken\/neo-fue-haartransplantation\/\">NEO FUE<\/a>\u2013 und der SDHI-Technik setzen wir neue Ma\u00dfst\u00e4be in der Haarmedizin. Gleichzeitig legen wir gro\u00dfen Wert darauf, Ihnen transparent unsere Erkenntnisse und Fortschritte vorzustellen.<\/p>\n\t\t\t<\/div>\n\t\t\n\t\t\t\t\t<div class=\"main-hero__media\">\n\t\t\t\t<img decoding=\"async\" width=\"600\" height=\"600\" src=\"https:\/\/elithair.com\/de\/wp-content\/uploads\/sites\/2\/2026\/04\/haartransplantation-studie-auswertung.webp\" class=\"hero-image\" alt=\"Medizinische Beraterin wertet am Telefon eine Studie aus\" loading=\"eager\" fetchpriority=\"high\" sizes=\"(max-width: 767px) 40vw, (max-width: 1023px) 23vw, 25vw\" srcset=\"https:\/\/elithair.com\/de\/wp-content\/uploads\/sites\/2\/2026\/04\/haartransplantation-studie-auswertung.webp 600w, https:\/\/elithair.com\/de\/wp-content\/uploads\/sites\/2\/2026\/04\/haartransplantation-studie-auswertung-300x300.webp 300w, https:\/\/elithair.com\/de\/wp-content\/uploads\/sites\/2\/2026\/04\/haartransplantation-studie-auswertung-150x150.webp 150w\" \/>\t\t\t<\/div>\n\t\t\t\t\t\t\t<div class=\"main-hero__btn-list btn-list\">\n\t\t\t\t\t\t\t\t<div class=\"btn-item\">\n\t\t\t\t\t<a\n\t\t\t\t\t\thref=\"https:\/\/elithair.com\/de\/haaranalyse\/\"\t\t\t\t\t\tclass=\"btn\"\n\t\t\t\t\t>\n\t\t\t\t\t\t Haaranalyse starten\t\t\t\t\t<\/a>\n\t\t\t\t<\/div>\n\t\t\t\t\t\t\t\t\t\t\t<\/div>\n\t\t\t<\/div>\n\t\t\n\t<\/section>\n\n\n<section class=\"wp-block-elh-cards-list cards-list layout-02 bg-grey\">\n\t<div class=\"cards-list__container container is-flex flex-column gap-default\">\n\t\t\t\t\t<header class=\"cards-list__header text-center\">\n\t\t\t\t<h2>\t\t\t\t\tUnsere Studien \u2013 Einblick in Forschung und Ergebnisse\t\t\t\t<\/h2>\t\t\t<\/header>\n\t\t\n\t\t\t\t\t<div class=\"cards-list__top-content text-center\">\n\t\t\t\t<p>Transparenz ist ein zentraler Wert von Elithair. Daher teilen wir unsere Forschungsergebnisse offen mit Ihnen. Entdecken Sie hier einige unserer bedeutendsten Studien:<\/p>\n\t\t\t<\/div>\n\t\t\n\t\t\t\t\t<div class=\"cards-list__cards\">\n\t\t\t\t\t\t\t\t\t<div class=\"cards-list__card\">\n\t\t\t\t\t\t\t\t\t\t\t\t\t<header class=\"cards-list__card-header\">\n\t\t\t\t\t\t\t\t<h3>PRP-WIRKSAMKEITSSTUDIE: EIGENBLUTTHERAPIE GEGEN HAARAUSFALL<\/h3>\n\t\t\t\t\t\t\t\t\t\t\t\t\t\t\t\t\n\t\t\t\t\t\t\t<\/header>\n\t\t\t\t\t\t\t\t\t\t\t\t<div class=\"cards-list__card-content is-flex flex-column\">\n\t\t\t\t\t\t\t\t\t\t\t\t\t\t\t<div class=\"cards-list__card-content-inner\">\n\t\t\t\t\t\t\t\t\t<p>Wie effektiv ist eine Platelet-Rich Plasma-Behandlung wirklich? Die PRP-Behandlung nutzt nat\u00fcrliche Wachstumsfaktoren aus Ihrem Blut, um die Haarfollikel zu stimulieren und das Haarwachstum anzuregen. Wissenschaftliche Studien best\u00e4tigen, dass PRP bei der Bek\u00e4mpfung von Haarausfall vielversprechend sein kann.<br \/>\nErfahren Sie, welche Erfolge Patienten erzielen und warum diese Methode zunehmend als schonende Alternative zu invasiven Behandlungen gilt.<\/p>\n\t\t\t\t\t\t\t\t<\/div>\n\t\t\t\t\t\t\t\t\t\t\t\t\t\t\t\t\t\t\t\t\t\t<div class=\"cards-list__btn-list btn-list\">\n\t\t\t\t\t\t\t\t\t<div class=\"btn-item\">\n\t\t\t\t\t\t\t\t\t\t<a\n\t\t\t\t\t\t\t\t\t\t\tclass=\"btn\"\n\t\t\t\t\t\t\t\t\t\t\thref=\"https:\/\/prpbehandlung.com\/prp-studie\/\" target=\"_blank\" rel=\"noopener noreferrer\"\t\t\t\t\t\t\t\t\t\t>\n\t\t\t\t\t\t\t\t\t\t\tZur Studie\t\t\t\t\t\t\t\t\t\t<\/a>\n\t\t\t\t\t\t\t\t\t<\/div>\n\t\t\t\t\t\t\t\t<\/div>\n\t\t\t\t\t\t\t\t\t\t\t\t\t<\/div>\n\t\t\t\t\t<\/div>\n\t\t\t\t\t\t\t\t\t\t<div class=\"cards-list__card\">\n\t\t\t\t\t\t\t\t\t\t\t\t\t<header class=\"cards-list__card-header\">\n\t\t\t\t\t\t\t\t<h3>STUDIE ZUR PATIENTENZUFRIEDENHEIT: WARUM UNS 99 % WEITEREMPFEHLEN<\/h3>\n\t\t\t\t\t\t\t\t\t\t\t\t\t\t\t\t\n\t\t\t\t\t\t\t<\/header>\n\t\t\t\t\t\t\t\t\t\t\t\t<div class=\"cards-list__card-content is-flex flex-column\">\n\t\t\t\t\t\t\t\t\t\t\t\t\t\t\t<div class=\"cards-list__card-content-inner\">\n\t\t\t\t\t\t\t\t\t<p>Unsere Mission geht \u00fcber die Zufriedenheit hinaus \u2013 wir m\u00f6chten unsere Patienten begeistern. Eine Studie aus dem Juli 2022 zeigt eine beeindruckende Weiterempfehlungsrate von 98\u201399 %. Erfahren Sie hier, warum unsere Patienten uns vertrauen und wie wir ihre Erwartungen \u00fcbertreffen.<\/p>\n\t\t\t\t\t\t\t\t<\/div>\n\t\t\t\t\t\t\t\t\t\t\t\t\t\t\t\t\t\t\t\t\t\t<div class=\"cards-list__btn-list btn-list\">\n\t\t\t\t\t\t\t\t\t<div class=\"btn-item\">\n\t\t\t\t\t\t\t\t\t\t<a\n\t\t\t\t\t\t\t\t\t\t\tclass=\"btn\"\n\t\t\t\t\t\t\t\t\t\t\thref=\"\/de\/informationen\/studie\/patientenzufriedenheit\/\"\t\t\t\t\t\t\t\t\t\t>\n\t\t\t\t\t\t\t\t\t\t\tZur Studie\t\t\t\t\t\t\t\t\t\t<\/a>\n\t\t\t\t\t\t\t\t\t<\/div>\n\t\t\t\t\t\t\t\t<\/div>\n\t\t\t\t\t\t\t\t\t\t\t\t\t<\/div>\n\t\t\t\t\t<\/div>\n\t\t\t\t\t\t\t\t\t\t<div class=\"cards-list__card\">\n\t\t\t\t\t\t\t\t\t\t\t\t\t<header class=\"cards-list__card-header\">\n\t\t\t\t\t\t\t\t<h3>STUDIE ZUR WIRKUNG DER INHALTSSTOFFE IN DEN ELITHAIR-PRODUKTEN<\/h3>\n\t\t\t\t\t\t\t\t\t\t\t\t\t\t\t\t\n\t\t\t\t\t\t\t<\/header>\n\t\t\t\t\t\t\t\t\t\t\t\t<div class=\"cards-list__card-content is-flex flex-column\">\n\t\t\t\t\t\t\t\t\t\t\t\t\t\t\t<div class=\"cards-list__card-content-inner\">\n\t\t\t\t\t\t\t\t\t<p>Haarpflege ist mehr als nur ein Produkt \u2013 sie ist ein Versprechen f\u00fcr gesundes, kr\u00e4ftiges Haar und Ihr pers\u00f6nliches Wohlbefinden. Die von Dr. Balwi entwickelten Haarpflegeprodukte setzen genau hier an: Mit sorgf\u00e4ltig ausgew\u00e4hlten, hochwirksamen Inhaltsstoffen, die Ihre Haarwurzeln st\u00e4rken und das Wachstum f\u00f6rdern.<br \/>\nUnsere Forschung belegt die Wirksamkeit dieser einzigartigen Formeln und zeigt, wie Sie Ihr Haar nicht nur pflegen, sondern ihm neues Leben schenken k\u00f6nnen.<\/p>\n\t\t\t\t\t\t\t\t<\/div>\n\t\t\t\t\t\t\t\t\t\t\t\t\t\t\t\t\t\t\t\t\t\t<div class=\"cards-list__btn-list btn-list\">\n\t\t\t\t\t\t\t\t\t<div class=\"btn-item\">\n\t\t\t\t\t\t\t\t\t\t<a\n\t\t\t\t\t\t\t\t\t\t\tclass=\"btn\"\n\t\t\t\t\t\t\t\t\t\t\thref=\"https:\/\/drbalwi-shop.com\/pages\/studien\" target=\"_blank\" rel=\"noopener noreferrer\"\t\t\t\t\t\t\t\t\t\t>\n\t\t\t\t\t\t\t\t\t\t\tZur Studie\t\t\t\t\t\t\t\t\t\t<\/a>\n\t\t\t\t\t\t\t\t\t<\/div>\n\t\t\t\t\t\t\t\t<\/div>\n\t\t\t\t\t\t\t\t\t\t\t\t\t<\/div>\n\t\t\t\t\t<\/div>\n\t\t\t\t\t\t\t\t\t\t<div class=\"cards-list__card\">\n\t\t\t\t\t\t\t\t\t\t\t\t\t<header class=\"cards-list__card-header\">\n\t\t\t\t\t\t\t\t<h3>STUDIE ZU ENERGYDRINKS UND HAARAUSFALL<\/h3>\n\t\t\t\t\t\t\t\t\t\t\t\t\t\t\t\t\n\t\t\t\t\t\t\t<\/header>\n\t\t\t\t\t\t\t\t\t\t\t\t<div class=\"cards-list__card-content is-flex flex-column\">\n\t\t\t\t\t\t\t\t\t\t\t\t\t\t\t<div class=\"cards-list__card-content-inner\">\n\t\t\t\t\t\t\t\t\t<p>Energydrinks sind f\u00fcr viele ein t\u00e4glicher Begleiter \u2013 doch k\u00f6nnten sie auch einen Einfluss auf Ihre Haargesundheit haben? Laut einem EFSA-Bericht von 2013 konsumieren rund 30 % der Erwachsenen regelm\u00e4\u00dfig Energydrinks, wobei 12 % davon als chronische Konsumenten gelten und im Schnitt 4,5 Liter pro Monat trinken. Unsere aktuelle Studie beleuchtet die potenziellen Auswirkungen von Inhaltsstoffen wie Koffein, Zucker und weiteren Zus\u00e4tzen auf die Haarfollikel. Erfahren Sie, welche Zusammenh\u00e4nge bestehen und wie Sie durch kleine Ver\u00e4nderungen in Ihrem Konsumverhalten Ihre Haargesundheit positiv beeinflussen k\u00f6nnen.<\/p>\n\t\t\t\t\t\t\t\t<\/div>\n\t\t\t\t\t\t\t\t\t\t\t\t\t\t\t\t\t\t\t\t\t\t<div class=\"cards-list__btn-list btn-list\">\n\t\t\t\t\t\t\t\t\t<div class=\"btn-item\">\n\t\t\t\t\t\t\t\t\t\t<a\n\t\t\t\t\t\t\t\t\t\t\tclass=\"btn\"\n\t\t\t\t\t\t\t\t\t\t\thref=\"\/de\/wp-content\/uploads\/sites\/2\/2026\/04\/Studie-zur-Wirkung-von-Energydrinks-auf-Haarausfall-bei-Erwachsenen.pdf\" target=\"_blank\" rel=\"noopener noreferrer\"\t\t\t\t\t\t\t\t\t\t>\n\t\t\t\t\t\t\t\t\t\t\tZur Studie\t\t\t\t\t\t\t\t\t\t<\/a>\n\t\t\t\t\t\t\t\t\t<\/div>\n\t\t\t\t\t\t\t\t<\/div>\n\t\t\t\t\t\t\t\t\t\t\t\t\t<\/div>\n\t\t\t\t\t<\/div>\n\t\t\t\t\t\t\t\t\t\t<div class=\"cards-list__card\">\n\t\t\t\t\t\t\t\t\t\t\t\t\t<header class=\"cards-list__card-header\">\n\t\t\t\t\t\t\t\t<h3>HAARTRANSPLANTATION BEI DIABETES: SICHERHEIT UND ERFOLG<\/h3>\n\t\t\t\t\t\t\t\t\t\t\t\t\t\t\t\t\n\t\t\t\t\t\t\t<\/header>\n\t\t\t\t\t\t\t\t\t\t\t\t<div class=\"cards-list__card-content is-flex flex-column\">\n\t\t\t\t\t\t\t\t\t\t\t\t\t\t\t<div class=\"cards-list__card-content-inner\">\n\t\t\t\t\t\t\t\t\t<p>Ist eine Haartransplantation bei Diabetikern m\u00f6glich? Unsere 7-monatige Studie mit 53 Patienten liefert Antworten und zeigt, wie wir auch bei besonderen medizinischen Bedingungen erfolgreich operieren k\u00f6nnen. Entdecken Sie hier die Ergebnisse und Empfehlungen unserer Experten.<\/p>\n\t\t\t\t\t\t\t\t<\/div>\n\t\t\t\t\t\t\t\t\t\t\t\t\t\t\t\t\t\t\t\t\t\t<div class=\"cards-list__btn-list btn-list\">\n\t\t\t\t\t\t\t\t\t<div class=\"btn-item\">\n\t\t\t\t\t\t\t\t\t\t<a\n\t\t\t\t\t\t\t\t\t\t\tclass=\"btn\"\n\t\t\t\t\t\t\t\t\t\t\thref=\"\/de\/wp-content\/uploads\/sites\/2\/2026\/04\/haartransplantation-bei-diabetikern.pdf\" target=\"_blank\" rel=\"noopener noreferrer\"\t\t\t\t\t\t\t\t\t\t>\n\t\t\t\t\t\t\t\t\t\t\tZur Studie\t\t\t\t\t\t\t\t\t\t<\/a>\n\t\t\t\t\t\t\t\t\t<\/div>\n\t\t\t\t\t\t\t\t<\/div>\n\t\t\t\t\t\t\t\t\t\t\t\t\t<\/div>\n\t\t\t\t\t<\/div>\n\t\t\t\t\t\t\t\t<\/div>\n\t\t\t\n\t\t\t<\/div>\n<\/section>\n\n\n<section class=\"wp-block-elh-cards-slider cards-slider layout-content-media default bg-dark-gradient-2 dark-layout\">\n\t<div class=\"cards-slider__container container text-center is-flex flex-column gap-default\">\n\t\t\t\t\t\t\t\t<header class=\"cards-slider__header\">\n\t\t\t\t\t\t\t\t\t<h2>\t\t\t\t\t\tErfahrungen, die begeistern \u2013 Erfolgserlebnisse unserer Patienten\t\t\t\t\t<\/h2>\t\t\t\t\t\t\t\t\t\t\t<\/header>\n\t\t\n\t\t\n\t\t\n\t\t\t\t\t<div class=\"cards-slider__slider\">\n\t\t\t\t<div class=\"embla\" data-slides-to-scroll=\"1\" data-auto-play=\"false\" data-delay=\"3000\" data-loop=\"false\" data-center=\"true\" data-tab-only=\"true\" data-mob-only=\"false\" data-vertical-desk=\"false\" data-vertical-mob=\"false\">\n\t\t\t\t\t<div class=\"embla__viewport\">\n\t\t\t\t\t\t<div class=\"embla__container\">\n\t\t\t\t\t\t\t\t\t\t\t\t\t\t<div class=\"embla__slide\">\n\t\t\t\t\t\t\t\t<div class=\"embla__slide-inner\">\n\t\t\t\t\t\t\t\t\t\t\t\t\t\t\t\t\t\t<div class=\"slide-media\">\n\t\t\t\t\t\t\t\t\t\t\t\t\t\t\t\t\t\t\t\t\t\t\t\t\t\t\t\t\t\t\t\t\t<div class=\"vimeo-video slide-video\" data-vimeo-id=\"1082158618\">\n\t\t\t\t\t\t\t\t\t\t\t\t\t<figure>\n\t\t\t\t\t\t\t\t\t\t\t\t\t\t\t\t\t\t\t\t\t\t\t\t\t\t\t\t\t<img decoding=\"async\" width=\"351\" height=\"220\" src=\"https:\/\/elithair.com\/de\/wp-content\/uploads\/sites\/2\/2026\/04\/Thumbnail-Testimonial-Video-Patient-Nico.webp\" class=\"video-cover\" alt=\"Nahaufnahme eines Mannes mit M\u00fctze (Patient Nico). Der Mann tr\u00e4gt eine schwarze Beanie-M\u00fctze, ein rotes T-Shirt und hat einen markanten Vollbart. Ein kleiner Teil eines Tattoos am Hals ist sichtbar.\" loading=\"lazy\" srcset=\"https:\/\/elithair.com\/de\/wp-content\/uploads\/sites\/2\/2026\/04\/Thumbnail-Testimonial-Video-Patient-Nico.webp 351w, https:\/\/elithair.com\/de\/wp-content\/uploads\/sites\/2\/2026\/04\/Thumbnail-Testimonial-Video-Patient-Nico-300x188.webp 300w\" sizes=\"auto, (max-width: 351px) 100vw, 351px\" \/>\t\t\t\t\t\t\t\t\t\t\t\t\t\t\t\t\t\t\t\t\t\t\t\t\t\t\t\t<span class=\"video-play-icon\"><img decoding=\"async\" width=\"150\" height=\"150\" src=\"https:\/\/elithair.com\/de\/wp-content\/uploads\/sites\/2\/2026\/04\/play-pause-gif-s.gif\" class=\"attachment-thumbnail size-thumbnail\" alt=\"Play Icon\" loading=\"lazy\" \/><\/span>\t\t\t\t\t\t\t\t\t\t\t\t\t<\/figure>\n\t\t\t\t\t\t\t\t\t\t\t\t<\/div>\n\t\t\t\t\t\t\t\t\t\t\t\t\t\t\t\t\t\t\t\t\t\n\t\t\t\t\t\t\t\t\t<\/div>\n\t\t\t\t\t\t\t\t\t\t\t\t\t\t\t\t\t\t\t<div class=\"slide-content\">\n\t\t\t\t\t\t\t\t\t\t\t\t\t\t\t\t\t\t\t\t\t\t\t<div class=\"slide-content__body\"><p><strong>\u2605\u2605\u2605\u2605\u2605<br \/>\nNico G.<\/strong><\/p>\n<p><strong>2.800<\/strong> verpflanzte Grafts<br \/>\n\u201eWie zufrieden ich mit dem Ergebnis bin, l\u00e4sst sich nicht in Worte fassen. Auf jeden Fall die beste Entscheidung meines Lebens.\u201c<\/p>\n<\/div>\n\t\t\t\t\t\t\t\t\t\t\t\t\t\t\t\t\t\t\t\t\t\t\t\t\t\t\t\t\t\t\t\t<\/div>\n\t\t\t\t\t\t\t\t\t\t\t\t\t\t\t\t\t<\/div>\n\t\t\t\t\t\t\t<\/div>\n\t\t\t\t\t\t\t\t\t\t\t\t\t\t<div class=\"embla__slide\">\n\t\t\t\t\t\t\t\t<div class=\"embla__slide-inner\">\n\t\t\t\t\t\t\t\t\t\t\t\t\t\t\t\t\t\t<div class=\"slide-media\">\n\t\t\t\t\t\t\t\t\t\t\t\t\t\t\t\t\t\t\t\t\t\t\t\t\t\t\t\t\t\t\t\t\t<div class=\"vimeo-video slide-video\" data-vimeo-id=\"1082158069\">\n\t\t\t\t\t\t\t\t\t\t\t\t\t<figure>\n\t\t\t\t\t\t\t\t\t\t\t\t\t\t\t\t\t\t\t\t\t\t\t\t\t\t\t\t\t<img decoding=\"async\" width=\"352\" height=\"220\" src=\"https:\/\/elithair.com\/de\/wp-content\/uploads\/sites\/2\/2026\/04\/Thumbnail-Testimonial-Video-Patient-Melisa-n.webp\" class=\"video-cover\" alt=\"Portr\u00e4t einer l\u00e4chelnden jungen Frau (Patientin Melisa). Die Frau hat ihre Haare streng zu einem Zopf nach hinten gebunden und tr\u00e4gt eine beige Jacke \u00fcber einem wei\u00dfen Oberteil. Sie strahlt Selbstbewusstsein aus.\" loading=\"lazy\" srcset=\"https:\/\/elithair.com\/de\/wp-content\/uploads\/sites\/2\/2026\/04\/Thumbnail-Testimonial-Video-Patient-Melisa-n.webp 352w, https:\/\/elithair.com\/de\/wp-content\/uploads\/sites\/2\/2026\/04\/Thumbnail-Testimonial-Video-Patient-Melisa-n-300x188.webp 300w\" sizes=\"auto, (max-width: 352px) 100vw, 352px\" \/>\t\t\t\t\t\t\t\t\t\t\t\t\t\t\t\t\t\t\t\t\t\t\t\t\t\t\t\t<span class=\"video-play-icon\"><img decoding=\"async\" width=\"150\" height=\"150\" src=\"https:\/\/elithair.com\/de\/wp-content\/uploads\/sites\/2\/2026\/04\/play-pause-gif-s.gif\" class=\"attachment-thumbnail size-thumbnail\" alt=\"Play Icon\" loading=\"lazy\" \/><\/span>\t\t\t\t\t\t\t\t\t\t\t\t\t<\/figure>\n\t\t\t\t\t\t\t\t\t\t\t\t<\/div>\n\t\t\t\t\t\t\t\t\t\t\t\t\t\t\t\t\t\t\t\t\t\n\t\t\t\t\t\t\t\t\t<\/div>\n\t\t\t\t\t\t\t\t\t\t\t\t\t\t\t\t\t\t\t<div class=\"slide-content\">\n\t\t\t\t\t\t\t\t\t\t\t\t\t\t\t\t\t\t\t\t\t\t\t<div class=\"slide-content__body\"><p><strong>\u2605\u2605\u2605\u2605\u2605<br \/>\nMelissa Z.<\/strong><\/p>\n<p><strong>2.700<\/strong> verpflanzte Grafts<br \/>\n\u201eIch bin einfach gl\u00fccklich, dass ich eine Haartransplantation gemacht habe\u2026 \u2013 Darauf kommt es an.\u201c<\/p>\n<\/div>\n\t\t\t\t\t\t\t\t\t\t\t\t\t\t\t\t\t\t\t\t\t\t\t\t\t\t\t\t\t\t\t\t<\/div>\n\t\t\t\t\t\t\t\t\t\t\t\t\t\t\t\t\t<\/div>\n\t\t\t\t\t\t\t<\/div>\n\t\t\t\t\t\t\t\t\t\t\t\t\t\t<div class=\"embla__slide\">\n\t\t\t\t\t\t\t\t<div class=\"embla__slide-inner\">\n\t\t\t\t\t\t\t\t\t\t\t\t\t\t\t\t\t\t<div class=\"slide-media\">\n\t\t\t\t\t\t\t\t\t\t\t\t\t\t\t\t\t\t\t\t\t\t\t\t\t\t\t\t\t\t\t\t\t<div class=\"vimeo-video slide-video\" data-vimeo-id=\"1082158447\">\n\t\t\t\t\t\t\t\t\t\t\t\t\t<figure>\n\t\t\t\t\t\t\t\t\t\t\t\t\t\t\t\t\t\t\t\t\t\t\t\t\t\t\t\t\t<img decoding=\"async\" width=\"352\" height=\"220\" src=\"https:\/\/elithair.com\/de\/wp-content\/uploads\/sites\/2\/2026\/04\/Thumbnail-Testimonial-Video-Patient-Jhaki.webp\" class=\"video-cover\" alt=\"Portr\u00e4t eines l\u00e4chelnden Mannes (Patient Jhaki). Der Mann hat kurzes, dunkles Haar, einen gepflegten Vollbart und tr\u00e4gt ein dunkelgr\u00fcnes Strickoberteil. Er blickt direkt und freundlich in die Kamera.\" loading=\"lazy\" srcset=\"https:\/\/elithair.com\/de\/wp-content\/uploads\/sites\/2\/2026\/04\/Thumbnail-Testimonial-Video-Patient-Jhaki.webp 352w, https:\/\/elithair.com\/de\/wp-content\/uploads\/sites\/2\/2026\/04\/Thumbnail-Testimonial-Video-Patient-Jhaki-300x188.webp 300w\" sizes=\"auto, (max-width: 352px) 100vw, 352px\" \/>\t\t\t\t\t\t\t\t\t\t\t\t\t\t\t\t\t\t\t\t\t\t\t\t\t\t\t\t<span class=\"video-play-icon\"><img decoding=\"async\" width=\"150\" height=\"150\" src=\"https:\/\/elithair.com\/de\/wp-content\/uploads\/sites\/2\/2026\/04\/play-pause-gif-s.gif\" class=\"attachment-thumbnail size-thumbnail\" alt=\"Play Icon\" loading=\"lazy\" \/><\/span>\t\t\t\t\t\t\t\t\t\t\t\t\t<\/figure>\n\t\t\t\t\t\t\t\t\t\t\t\t<\/div>\n\t\t\t\t\t\t\t\t\t\t\t\t\t\t\t\t\t\t\t\t\t\n\t\t\t\t\t\t\t\t\t<\/div>\n\t\t\t\t\t\t\t\t\t\t\t\t\t\t\t\t\t\t\t<div class=\"slide-content\">\n\t\t\t\t\t\t\t\t\t\t\t\t\t\t\t\t\t\t\t\t\t\t\t<div class=\"slide-content__body\"><p><strong>\u2605\u2605\u2605\u2605\u2605<br \/>\nJhaki P.<br \/>\n<\/strong><\/p>\n<p><strong>4.200<\/strong> verpflanzte Grafts<br \/>\n\u201eWenn ich heute in den Spiegel gucke, dann kann ich mir nicht vorstellen, keinen Bart zu haben\u201c<\/p>\n<\/div>\n\t\t\t\t\t\t\t\t\t\t\t\t\t\t\t\t\t\t\t\t\t\t\t\t\t\t\t\t\t\t\t\t<\/div>\n\t\t\t\t\t\t\t\t\t\t\t\t\t\t\t\t\t<\/div>\n\t\t\t\t\t\t\t<\/div>\n\t\t\t\t\t\t\t\t\t\t\t\t\t<\/div>\n\t\t\t\t\t<\/div>\n\t\t\t\t\t\t\t\t\t\t\t\t\t\t<div class=\"embla__dots\"><\/div>\n\t\t\t\t\t\t\t\t\t\t\t\t\t\t<\/div>\n\t\t\t<\/div>\n\t\t\n\t\t\t<\/div>\n<\/section>\n","protected":false},"excerpt":{"rendered":"","protected":false},"author":10,"featured_media":0,"parent":41,"menu_order":0,"comment_status":"closed","ping_status":"closed","template":"","meta":{"_acf_changed":false,"_yoast_wpseo_focuskw":"","_yoast_wpseo_title":"Elithair Studien - Fakten schaffen Vertrauen","_yoast_wpseo_metadesc":"Unsere Spezialisten f\u00fchren regelm\u00e4\u00dfige Elithair Studien durch, um sich stetig weiterzuentwickeln. Lesen Sie hier alle Ergebnisse! Elithair","_yoast_wpseo_meta-robots-noindex":"","_yoast_wpseo_meta-robots-nofollow":"","_yoast_wpseo_meta-robots-adv":"","_yoast_wpseo_canonical":"","_yoast_wpseo_opengraph-title":"","_yoast_wpseo_opengraph-description":"","_yoast_wpseo_opengraph-image":"https:\/\/elithair.com\/de\/wp-content\/uploads\/sites\/2\/2026\/05\/studie.png","_yoast_wpseo_twitter-title":"","_yoast_wpseo_twitter-description":"","_yoast_wpseo_twitter-image":"https:\/\/elithair.com\/de\/wp-content\/uploads\/sites\/2\/2026\/05\/studie.png","_hm_hreflang_map":{"en":93329,"de":55,"uk":705,"es":89233,"it":16,"fr":35,"x_default":93329},"_hm_language_code":"de","footnotes":""},"class_list":["post-55","page","type-page","status-publish","hentry"],"acf":[],"yoast_head":"<!-- This site is optimized with the Yoast SEO Premium plugin v27.5 (Yoast SEO v27.5) - https:\/\/yoast.com\/product\/yoast-seo-premium-wordpress\/ -->\n<title>Elithair Studien - Fakten schaffen Vertrauen<\/title>\n<meta name=\"description\" content=\"Unsere Spezialisten f\u00fchren regelm\u00e4\u00dfige Elithair Studien durch, um sich stetig weiterzuentwickeln. Lesen Sie hier alle Ergebnisse! Elithair\" \/>\n<meta name=\"robots\" content=\"noindex, follow, max-snippet:-1, max-image-preview:large, max-video-preview:-1\" \/>\n<meta property=\"og:locale\" content=\"de_DE\" \/>\n<meta property=\"og:type\" content=\"article\" \/>\n<meta property=\"og:title\" content=\"Studie\" \/>\n<meta property=\"og:description\" content=\"Unsere Spezialisten f\u00fchren regelm\u00e4\u00dfige Elithair Studien durch, um sich stetig weiterzuentwickeln. Lesen Sie hier alle Ergebnisse! Elithair\" \/>\n<meta property=\"og:url\" content=\"https:\/\/elithair.com\/de\/informationen\/studie\/\" \/>\n<meta property=\"og:site_name\" content=\"Elithair\" \/>\n<meta property=\"article:modified_time\" content=\"2026-05-03T11:34:29+00:00\" \/>\n<meta property=\"og:image\" content=\"https:\/\/elithair.com\/de\/wp-content\/uploads\/sites\/2\/2026\/05\/studie.png\" \/>\n<meta name=\"twitter:card\" content=\"summary_large_image\" \/>\n<meta name=\"twitter:image\" content=\"https:\/\/elithair.com\/de\/wp-content\/uploads\/sites\/2\/2026\/05\/studie.png\" \/>\n<script type=\"application\/ld+json\" class=\"yoast-schema-graph\">{\"@context\":\"https:\\\/\\\/schema.org\",\"@graph\":[{\"@type\":\"WebPage\",\"@id\":\"https:\\\/\\\/elithair.com\\\/de\\\/informationen\\\/studie\\\/\",\"url\":\"https:\\\/\\\/elithair.com\\\/de\\\/informationen\\\/studie\\\/\",\"name\":\"Elithair Studien - Fakten schaffen Vertrauen\",\"isPartOf\":{\"@id\":\"https:\\\/\\\/elithair.com\\\/de\\\/#website\"},\"datePublished\":\"2026-04-11T08:28:59+00:00\",\"dateModified\":\"2026-05-03T11:34:29+00:00\",\"description\":\"Unsere Spezialisten f\u00fchren regelm\u00e4\u00dfige Elithair Studien durch, um sich stetig weiterzuentwickeln. Lesen Sie hier alle Ergebnisse! Elithair\",\"breadcrumb\":{\"@id\":\"https:\\\/\\\/elithair.com\\\/de\\\/informationen\\\/studie\\\/#breadcrumb\"},\"inLanguage\":\"de\",\"potentialAction\":[{\"@type\":\"ReadAction\",\"target\":[\"https:\\\/\\\/elithair.com\\\/de\\\/informationen\\\/studie\\\/\"]}]},{\"@type\":\"BreadcrumbList\",\"@id\":\"https:\\\/\\\/elithair.com\\\/de\\\/informationen\\\/studie\\\/#breadcrumb\",\"itemListElement\":[{\"@type\":\"ListItem\",\"position\":1,\"name\":\"Home\",\"item\":\"https:\\\/\\\/elithair.com\\\/de\\\/\"},{\"@type\":\"ListItem\",\"position\":2,\"name\":\"Informationen\",\"item\":\"https:\\\/\\\/elithair.com\\\/de\\\/informationen\\\/\"},{\"@type\":\"ListItem\",\"position\":3,\"name\":\"Studie\"}]},{\"@type\":\"WebSite\",\"@id\":\"https:\\\/\\\/elithair.com\\\/de\\\/#website\",\"url\":\"https:\\\/\\\/elithair.com\\\/de\\\/\",\"name\":\"Elithair\",\"description\":\"Haartransplantation T\u00fcrkei, Istanbul bei Europas #1\",\"alternateName\":\"Haartransplantation T\u00fcrkei, Istanbul bei Europas #1\",\"potentialAction\":[{\"@type\":\"SearchAction\",\"target\":{\"@type\":\"EntryPoint\",\"urlTemplate\":\"https:\\\/\\\/elithair.com\\\/de\\\/?s={search_term_string}\"},\"query-input\":{\"@type\":\"PropertyValueSpecification\",\"valueRequired\":true,\"valueName\":\"search_term_string\"}}],\"inLanguage\":\"de\"}]}<\/script>\n<!-- \/ Yoast SEO Premium plugin. -->","yoast_head_json":{"title":"Elithair Studien - Fakten schaffen Vertrauen","description":"Unsere Spezialisten f\u00fchren regelm\u00e4\u00dfige Elithair Studien durch, um sich stetig weiterzuentwickeln. Lesen Sie hier alle Ergebnisse! Elithair","robots":{"index":"noindex","follow":"follow","max-snippet":"max-snippet:-1","max-image-preview":"max-image-preview:large","max-video-preview":"max-video-preview:-1"},"og_locale":"de_DE","og_type":"article","og_title":"Studie","og_description":"Unsere Spezialisten f\u00fchren regelm\u00e4\u00dfige Elithair Studien durch, um sich stetig weiterzuentwickeln. Lesen Sie hier alle Ergebnisse! Elithair","og_url":"https:\/\/elithair.com\/de\/informationen\/studie\/","og_site_name":"Elithair","article_modified_time":"2026-05-03T11:34:29+00:00","og_image":[{"url":"https:\/\/elithair.com\/de\/wp-content\/uploads\/sites\/2\/2026\/05\/studie.png","type":"","width":"","height":""}],"twitter_card":"summary_large_image","twitter_image":"https:\/\/elithair.com\/de\/wp-content\/uploads\/sites\/2\/2026\/05\/studie.png","schema":{"@context":"https:\/\/schema.org","@graph":[{"@type":"WebPage","@id":"https:\/\/elithair.com\/de\/informationen\/studie\/","url":"https:\/\/elithair.com\/de\/informationen\/studie\/","name":"Elithair Studien - Fakten schaffen Vertrauen","isPartOf":{"@id":"https:\/\/elithair.com\/de\/#website"},"datePublished":"2026-04-11T08:28:59+00:00","dateModified":"2026-05-03T11:34:29+00:00","description":"Unsere Spezialisten f\u00fchren regelm\u00e4\u00dfige Elithair Studien durch, um sich stetig weiterzuentwickeln. Lesen Sie hier alle Ergebnisse! Elithair","breadcrumb":{"@id":"https:\/\/elithair.com\/de\/informationen\/studie\/#breadcrumb"},"inLanguage":"de","potentialAction":[{"@type":"ReadAction","target":["https:\/\/elithair.com\/de\/informationen\/studie\/"]}]},{"@type":"BreadcrumbList","@id":"https:\/\/elithair.com\/de\/informationen\/studie\/#breadcrumb","itemListElement":[{"@type":"ListItem","position":1,"name":"Home","item":"https:\/\/elithair.com\/de\/"},{"@type":"ListItem","position":2,"name":"Informationen","item":"https:\/\/elithair.com\/de\/informationen\/"},{"@type":"ListItem","position":3,"name":"Studie"}]},{"@type":"WebSite","@id":"https:\/\/elithair.com\/de\/#website","url":"https:\/\/elithair.com\/de\/","name":"Elithair","description":"Haartransplantation T\u00fcrkei, Istanbul bei Europas #1","alternateName":"Haartransplantation T\u00fcrkei, Istanbul bei Europas #1","potentialAction":[{"@type":"SearchAction","target":{"@type":"EntryPoint","urlTemplate":"https:\/\/elithair.com\/de\/?s={search_term_string}"},"query-input":{"@type":"PropertyValueSpecification","valueRequired":true,"valueName":"search_term_string"}}],"inLanguage":"de"}]}},"jetpack_sharing_enabled":true,"_links":{"self":[{"href":"https:\/\/elithair.com\/de\/wp-json\/wp\/v2\/pages\/55","targetHints":{"allow":["GET"]}}],"collection":[{"href":"https:\/\/elithair.com\/de\/wp-json\/wp\/v2\/pages"}],"about":[{"href":"https:\/\/elithair.com\/de\/wp-json\/wp\/v2\/types\/page"}],"author":[{"embeddable":true,"href":"https:\/\/elithair.com\/de\/wp-json\/wp\/v2\/users\/10"}],"replies":[{"embeddable":true,"href":"https:\/\/elithair.com\/de\/wp-json\/wp\/v2\/comments?post=55"}],"version-history":[{"count":19,"href":"https:\/\/elithair.com\/de\/wp-json\/wp\/v2\/pages\/55\/revisions"}],"predecessor-version":[{"id":105072,"href":"https:\/\/elithair.com\/de\/wp-json\/wp\/v2\/pages\/55\/revisions\/105072"}],"up":[{"embeddable":true,"href":"https:\/\/elithair.com\/de\/wp-json\/wp\/v2\/pages\/41"}],"wp:attachment":[{"href":"https:\/\/elithair.com\/de\/wp-json\/wp\/v2\/media?parent=55"}],"curies":[{"name":"wp","href":"https:\/\/api.w.org\/{rel}","templated":true}]}}