{"id":53,"date":"2026-04-11T08:28:03","date_gmt":"2026-04-11T08:28:03","guid":{"rendered":"https:\/\/unified.elitexperiments.com\/de\/?page_id=53"},"modified":"2026-05-03T13:34:15","modified_gmt":"2026-05-03T11:34:15","slug":"forschung-und-entwicklung","status":"publish","type":"page","link":"https:\/\/elithair.com\/de\/informationen\/forschung-und-entwicklung\/","title":{"rendered":"Forschung"},"content":{"rendered":"<section class=\"wp-block-elh-main-hero main-hero dark-layout has-top-right-circle\">\n\t<div class=\"main-hero__container container\">\n\t\t\t\t\t<header class=\"main-hero__header\">\t\t\t\t\n\t\t\t\t<h1>\t\t\t\t\tExklusivit\u00e4t durch Forschung und Entwicklung\t\t\t\t<\/h1>\t\t\t<\/header>\n\t\t\n\t\t\t\t\t<div class=\"main-hero__content\">\n\t\t\t\t<p>Bei Elithair steht Innovation f\u00fcr st\u00e4ndigen Fortschritt \u2013 und dieser Fortschritt bedeutet Vorteile f\u00fcr Sie. Unser spezialisiertes Forschungsteam entwickelt kontinuierlich neue L\u00f6sungen, um Haartransplantationen noch schonender, effektiver und erfolgreicher zu machen.<\/p>\n<p>Als Patient profitieren Sie von modernster Technologie, die Ihre Behandlung optimiert und f\u00fcr perfekte Ergebnisse sorgt. Erleben Sie selbst, wie Elithair die Haartransplantation durch exklusive Innovationen revolutioniert \u2013 f\u00fcr Ihre Zufriedenheit und Ihr neues Selbstbewusstsein.<\/p>\n\t\t\t<\/div>\n\t\t\n\t\t\t\t\t<div class=\"main-hero__media\">\n\t\t\t\t<img decoding=\"async\" width=\"750\" height=\"564\" src=\"https:\/\/elithair.com\/de\/wp-content\/uploads\/sites\/2\/2026\/04\/aerztin-von-elithair.webp\" class=\"hero-image\" alt=\"Haartransplantation Spezialist von Elithair\" loading=\"eager\" fetchpriority=\"high\" sizes=\"(max-width: 767px) 40vw, (max-width: 1023px) 23vw, 25vw\" srcset=\"https:\/\/elithair.com\/de\/wp-content\/uploads\/sites\/2\/2026\/04\/aerztin-von-elithair.webp 750w, https:\/\/elithair.com\/de\/wp-content\/uploads\/sites\/2\/2026\/04\/aerztin-von-elithair-300x226.webp 300w\" \/>\t\t\t<\/div>\n\t\t\t\t\t<\/div>\n\t\t\n\t<\/section>\n\n\n<section class=\"wp-block-elh-cards-list cards-list layout-02 bg-grey\">\n\t<div class=\"cards-list__container container is-flex flex-column gap-default\">\n\t\t\t\t\t<header class=\"cards-list__header text-center\">\n\t\t\t\t<h2>\t\t\t\t\tUnsere Innovationen\t\t\t\t<\/h2>\t\t\t<\/header>\n\t\t\n\t\t\n\t\t\t\t\t<div class=\"cards-list__cards\">\n\t\t\t\t\t\t\t\t\t<div class=\"cards-list__card\">\n\t\t\t\t\t\t\t\t\t\t\t\t\t<header class=\"cards-list__card-header\">\n\t\t\t\t\t\t\t\t<h3>Elithair Pre-Test-System<\/h3>\n\t\t\t\t\t\t\t\t<img decoding=\"async\" src=\"https:\/\/elithair.com\/de\/wp-content\/uploads\/sites\/2\/2026\/04\/icon-pre-test-system.svg\" class=\"cards-list__card-header-icon\" alt=\"Icon f\u00fcr das Pre-Test-System\" loading=\"lazy\" \/>\t\t\t\t\t\t\t\t\n\t\t\t\t\t\t\t<\/header>\n\t\t\t\t\t\t\t\t\t\t\t\t<div class=\"cards-list__card-content is-flex flex-column\">\n\t\t\t\t\t\t\t\t\t\t\t\t\t\t\t<div class=\"cards-list__card-content-inner\">\n\t\t\t\t\t\t\t\t\t<p>Eine erfolgreiche Haartransplantation beginnt mit genauer Vorbereitung. Unser exklusives Elithair Pre-Test System analysiert in 6 pr\u00e4zisen Schritten Ihr individuelles Haarwachstumspotenzial.<br \/>\nEntwickelt von Dr. Balwi und seinem Forschungsteam, stellt dieses innovative System sicher, dass Ihre Behandlung optimal geplant und auf Ihre Bed\u00fcrfnisse abgestimmt ist. So legen wir den Grundstein f\u00fcr ein perfektes Ergebnis \u2013 ma\u00dfgeschneidert, effizient und wissenschaftlich fundiert.<\/p>\n\t\t\t\t\t\t\t\t<\/div>\n\t\t\t\t\t\t\t\t\t\t\t\t\t\t\t\t\t\t\t\t\t\t<div class=\"cards-list__btn-list btn-list\">\n\t\t\t\t\t\t\t\t\t<div class=\"btn-item\">\n\t\t\t\t\t\t\t\t\t\t<a\n\t\t\t\t\t\t\t\t\t\t\tclass=\"btn\"\n\t\t\t\t\t\t\t\t\t\t\thref=\"\/de\/informationen\/pre-test-system\/\"\t\t\t\t\t\t\t\t\t\t>\n\t\t\t\t\t\t\t\t\t\t\tWeitere Infos\t\t\t\t\t\t\t\t\t\t<\/a>\n\t\t\t\t\t\t\t\t\t<\/div>\n\t\t\t\t\t\t\t\t<\/div>\n\t\t\t\t\t\t\t\t\t\t\t\t\t<\/div>\n\t\t\t\t\t<\/div>\n\t\t\t\t\t\t\t\t\t\t<div class=\"cards-list__card\">\n\t\t\t\t\t\t\t\t\t\t\t\t\t<header class=\"cards-list__card-header\">\n\t\t\t\t\t\t\t\t<h3>Sleep-Deep Methode<\/h3>\n\t\t\t\t\t\t\t\t<img decoding=\"async\" src=\"https:\/\/elithair.com\/de\/wp-content\/uploads\/sites\/2\/2026\/04\/icon-sleep-deep-methode.svg\" class=\"cards-list__card-header-icon\" alt=\"Icon f\u00fcr die Sleep-Deep-Methode\" loading=\"lazy\" \/>\t\t\t\t\t\t\t\t\n\t\t\t\t\t\t\t<\/header>\n\t\t\t\t\t\t\t\t\t\t\t\t<div class=\"cards-list__card-content is-flex flex-column\">\n\t\t\t\t\t\t\t\t\t\t\t\t\t\t\t<div class=\"cards-list__card-content-inner\">\n\t\t\t\t\t\t\t\t\t<p>In der gr\u00f6\u00dften Haarklinik der Welt setzen wir auf modernste Innovationen f\u00fcr Ihr Wohlbefinden. Mit der Sleep-Deep-Methode versetzen wir Sie vor der lokalen Bet\u00e4ubung in einen 15-min\u00fctigen Tiefschlaf.<br \/>\nDas Ergebnis? 0% Schmerzen w\u00e4hrend Ihrer Haartransplantation \u2013 f\u00fcr ein rundum entspanntes und angenehmes Behandlungserlebnis.<\/p>\n\t\t\t\t\t\t\t\t<\/div>\n\t\t\t\t\t\t\t\t\t\t\t\t\t\t\t\t\t\t\t\t\t\t<div class=\"cards-list__btn-list btn-list\">\n\t\t\t\t\t\t\t\t\t<div class=\"btn-item\">\n\t\t\t\t\t\t\t\t\t\t<a\n\t\t\t\t\t\t\t\t\t\t\tclass=\"btn\"\n\t\t\t\t\t\t\t\t\t\t\thref=\"\/de\/techniken\/haartransplantation-betaeubung\/\"\t\t\t\t\t\t\t\t\t\t>\n\t\t\t\t\t\t\t\t\t\t\tWeitere Infos\t\t\t\t\t\t\t\t\t\t<\/a>\n\t\t\t\t\t\t\t\t\t<\/div>\n\t\t\t\t\t\t\t\t<\/div>\n\t\t\t\t\t\t\t\t\t\t\t\t\t<\/div>\n\t\t\t\t\t<\/div>\n\t\t\t\t\t\t\t\t\t\t<div class=\"cards-list__card\">\n\t\t\t\t\t\t\t\t\t\t\t\t\t<header class=\"cards-list__card-header\">\n\t\t\t\t\t\t\t\t<h3>NEO FUE<\/h3>\n\t\t\t\t\t\t\t\t<img decoding=\"async\" src=\"https:\/\/elithair.com\/de\/wp-content\/uploads\/sites\/2\/2026\/04\/Icon-neo-fue-technik.svg\" class=\"cards-list__card-header-icon\" alt=\"Icon f\u00fcr die NEO FUE Technik\" loading=\"lazy\" \/>\t\t\t\t\t\t\t\t\n\t\t\t\t\t\t\t<\/header>\n\t\t\t\t\t\t\t\t\t\t\t\t<div class=\"cards-list__card-content is-flex flex-column\">\n\t\t\t\t\t\t\t\t\t\t\t\t\t\t\t<div class=\"cards-list__card-content-inner\">\n\t\t\t\t\t\t\t\t\t<p>Die bahnbrechende NEO FUE Methode, entwickelt von Dr. Balwi, setzt neue Ma\u00dfst\u00e4be in der Haarverpflanzung. Mit dem speziell entwickelten vitalisierenden Serum des NEO FUE Sets werden Ihre Haarfollikel optimal vorbereitet, was zu einer gesteigerten Anwuchsrate von bis zu 98% f\u00fchren kann. So schaffen wir die perfekte Grundlage f\u00fcr nat\u00fcrliches, volles Haar.<\/p>\n\t\t\t\t\t\t\t\t<\/div>\n\t\t\t\t\t\t\t\t\t\t\t\t\t\t\t\t\t\t\t\t\t\t<div class=\"cards-list__btn-list btn-list\">\n\t\t\t\t\t\t\t\t\t<div class=\"btn-item\">\n\t\t\t\t\t\t\t\t\t\t<a\n\t\t\t\t\t\t\t\t\t\t\tclass=\"btn\"\n\t\t\t\t\t\t\t\t\t\t\thref=\"https:\/\/elithair.com\/de\/techniken\/neo-fue-haartransplantation\/\"\t\t\t\t\t\t\t\t\t\t>\n\t\t\t\t\t\t\t\t\t\t\tWeitere Infos\t\t\t\t\t\t\t\t\t\t<\/a>\n\t\t\t\t\t\t\t\t\t<\/div>\n\t\t\t\t\t\t\t\t<\/div>\n\t\t\t\t\t\t\t\t\t\t\t\t\t<\/div>\n\t\t\t\t\t<\/div>\n\t\t\t\t\t\t\t\t\t\t<div class=\"cards-list__card\">\n\t\t\t\t\t\t\t\t\t\t\t\t\t<header class=\"cards-list__card-header\">\n\t\t\t\t\t\t\t\t<h3>Elithair Shop<\/h3>\n\t\t\t\t\t\t\t\t<img decoding=\"async\" src=\"https:\/\/elithair.com\/de\/wp-content\/uploads\/sites\/2\/2026\/04\/icon-elithair-shop.svg\" class=\"cards-list__card-header-icon\" alt=\"Icon f\u00fcr den Elithair Shop\" loading=\"lazy\" \/>\t\t\t\t\t\t\t\t\n\t\t\t\t\t\t\t<\/header>\n\t\t\t\t\t\t\t\t\t\t\t\t<div class=\"cards-list__card-content is-flex flex-column\">\n\t\t\t\t\t\t\t\t\t\t\t\t\t\t\t<div class=\"cards-list__card-content-inner\">\n\t\t\t\t\t\t\t\t\t<p>Im Elithair Online-Shop finden Sie exklusive Produkte, die speziell f\u00fcr die Vor- und Nachsorge Ihrer Haartransplantation entwickelt wurden. Diese von Dr. Balwi pers\u00f6nlich entwickelte L\u00f6sungen unterst\u00fctzen optimales Haarwachstum und sorgen daf\u00fcr, dass Ihr Haar gesund und gepflegt bleibt \u2013 vor und nach Ihrer Behandlung.<\/p>\n\t\t\t\t\t\t\t\t<\/div>\n\t\t\t\t\t\t\t\t\t\t\t\t\t\t\t\t\t\t\t\t\t\t<div class=\"cards-list__btn-list btn-list\">\n\t\t\t\t\t\t\t\t\t<div class=\"btn-item\">\n\t\t\t\t\t\t\t\t\t\t<a\n\t\t\t\t\t\t\t\t\t\t\tclass=\"btn\"\n\t\t\t\t\t\t\t\t\t\t\thref=\"https:\/\/drbalwi-shop.com\/\" target=\"_blank\" rel=\"noopener noreferrer\"\t\t\t\t\t\t\t\t\t\t>\n\t\t\t\t\t\t\t\t\t\t\tWeitere Infos\t\t\t\t\t\t\t\t\t\t<\/a>\n\t\t\t\t\t\t\t\t\t<\/div>\n\t\t\t\t\t\t\t\t<\/div>\n\t\t\t\t\t\t\t\t\t\t\t\t\t<\/div>\n\t\t\t\t\t<\/div>\n\t\t\t\t\t\t\t\t\t\t<div class=\"cards-list__card\">\n\t\t\t\t\t\t\t\t\t\t\t\t\t<header class=\"cards-list__card-header\">\n\t\t\t\t\t\t\t\t<h3>Elithair App<\/h3>\n\t\t\t\t\t\t\t\t<img decoding=\"async\" src=\"https:\/\/elithair.com\/de\/wp-content\/uploads\/sites\/2\/2026\/04\/icon-elithair-app.svg\" class=\"cards-list__card-header-icon\" alt=\"Icon f\u00fcr die Elithair App\" loading=\"lazy\" \/>\t\t\t\t\t\t\t\t\n\t\t\t\t\t\t\t<\/header>\n\t\t\t\t\t\t\t\t\t\t\t\t<div class=\"cards-list__card-content is-flex flex-column\">\n\t\t\t\t\t\t\t\t\t\t\t\t\t\t\t<div class=\"cards-list__card-content-inner\">\n\t\t\t\t\t\t\t\t\t<p>Die Elithair App begleitet Sie durch jede Phase Ihrer Haartransplantation \u2013 vom ersten Schritt der Vorbereitung bis zur Nachsorge. Mit nur einem Klick haben Sie Zugriff auf Expertenrat, personalisierte Pflegeanleitungen und wichtige Tipps, die auf Ihre individuellen Bed\u00fcrfnisse abgestimmt sind.<\/p>\n<p>Bequem, effizient und immer zur Hand \u2013 f\u00fcr eine perfekte Betreuung, wann immer Sie sie ben\u00f6tigen.<\/p>\n\t\t\t\t\t\t\t\t<\/div>\n\t\t\t\t\t\t\t\t\t\t\t\t\t\t\t\t\t\t\t\t\t\t<div class=\"cards-list__btn-list btn-list\">\n\t\t\t\t\t\t\t\t\t<div class=\"btn-item\">\n\t\t\t\t\t\t\t\t\t\t<a\n\t\t\t\t\t\t\t\t\t\t\tclass=\"btn\"\n\t\t\t\t\t\t\t\t\t\t\thref=\"https:\/\/elithair.com\/de\/informationen\/elithair-app\/\"\t\t\t\t\t\t\t\t\t\t>\n\t\t\t\t\t\t\t\t\t\t\tWeitere Infos\t\t\t\t\t\t\t\t\t\t<\/a>\n\t\t\t\t\t\t\t\t\t<\/div>\n\t\t\t\t\t\t\t\t<\/div>\n\t\t\t\t\t\t\t\t\t\t\t\t\t<\/div>\n\t\t\t\t\t<\/div>\n\t\t\t\t\t\t\t\t\t\t<div class=\"cards-list__card\">\n\t\t\t\t\t\t\t\t\t\t\t\t\t<header class=\"cards-list__card-header\">\n\t\t\t\t\t\t\t\t<h3>Elithair Studien<\/h3>\n\t\t\t\t\t\t\t\t<img decoding=\"async\" src=\"https:\/\/elithair.com\/de\/wp-content\/uploads\/sites\/2\/2026\/04\/icon-elithair-studien.svg\" class=\"cards-list__card-header-icon\" alt=\"Icon f\u00fcr die Elithair Studien\" loading=\"lazy\" \/>\t\t\t\t\t\t\t\t\n\t\t\t\t\t\t\t<\/header>\n\t\t\t\t\t\t\t\t\t\t\t\t<div class=\"cards-list__card-content is-flex flex-column\">\n\t\t\t\t\t\t\t\t\t\t\t\t\t\t\t<div class=\"cards-list__card-content-inner\">\n\t\t\t\t\t\t\t\t\t<p>Stagnation ist ein Fremdwort f\u00fcr uns. Deshalb f\u00fchren wir regelm\u00e4\u00dfige Studien durch, um weitere Innovationen und Weltneuheiten zu etablieren. Hierbei stehen nat\u00fcrlich nicht nur technische Errungenschaften im Vordergrund, sondern nat\u00fcrlich auch Ihre Zufriedenheit als Patient.<\/p>\n\t\t\t\t\t\t\t\t<\/div>\n\t\t\t\t\t\t\t\t\t\t\t\t\t\t\t\t\t\t\t\t\t\t<div class=\"cards-list__btn-list btn-list\">\n\t\t\t\t\t\t\t\t\t<div class=\"btn-item\">\n\t\t\t\t\t\t\t\t\t\t<a\n\t\t\t\t\t\t\t\t\t\t\tclass=\"btn\"\n\t\t\t\t\t\t\t\t\t\t\thref=\"https:\/\/elithair.com\/de\/informationen\/studie\/\"\t\t\t\t\t\t\t\t\t\t>\n\t\t\t\t\t\t\t\t\t\t\tWeitere Infos\t\t\t\t\t\t\t\t\t\t<\/a>\n\t\t\t\t\t\t\t\t\t<\/div>\n\t\t\t\t\t\t\t\t<\/div>\n\t\t\t\t\t\t\t\t\t\t\t\t\t<\/div>\n\t\t\t\t\t<\/div>\n\t\t\t\t\t\t\t\t<\/div>\n\t\t\t\n\t\t\t<\/div>\n<\/section>\n","protected":false},"excerpt":{"rendered":"","protected":false},"author":10,"featured_media":0,"parent":41,"menu_order":0,"comment_status":"closed","ping_status":"closed","template":"","meta":{"_acf_changed":false,"_yoast_wpseo_focuskw":"","_yoast_wpseo_title":"Forschung & Entwicklung | Elithair","_yoast_wpseo_metadesc":"Elithair als Pionier f\u00fcr Forschungsarbeiten im Bereich der Haarverpflanzungen. Unsere Forschung & Entwicklung im \u00dcberblick. Jetzt lesen!","_yoast_wpseo_meta-robots-noindex":"","_yoast_wpseo_meta-robots-nofollow":"","_yoast_wpseo_meta-robots-adv":"","_yoast_wpseo_canonical":"","_yoast_wpseo_opengraph-title":"","_yoast_wpseo_opengraph-description":"","_yoast_wpseo_opengraph-image":"https:\/\/elithair.com\/de\/wp-content\/uploads\/sites\/2\/2026\/05\/forschung-und-entwicklung.png","_yoast_wpseo_twitter-title":"","_yoast_wpseo_twitter-description":"","_yoast_wpseo_twitter-image":"https:\/\/elithair.com\/de\/wp-content\/uploads\/sites\/2\/2026\/05\/forschung-und-entwicklung.png","_hm_hreflang_map":{"de":53,"uk":707,"es":89235,"it":15,"pt":24,"fr":31,"x_default":53},"_hm_language_code":"de","footnotes":""},"class_list":["post-53","page","type-page","status-publish","hentry"],"acf":[],"yoast_head":"<!-- This site is optimized with the Yoast SEO Premium plugin v27.5 (Yoast SEO v27.5) - https:\/\/yoast.com\/product\/yoast-seo-premium-wordpress\/ -->\n<title>Forschung &amp; Entwicklung | Elithair<\/title>\n<meta name=\"description\" content=\"Elithair als Pionier f\u00fcr Forschungsarbeiten im Bereich der Haarverpflanzungen. Unsere Forschung &amp; Entwicklung im \u00dcberblick. Jetzt lesen!\" \/>\n<meta name=\"robots\" content=\"noindex, follow, max-snippet:-1, max-image-preview:large, max-video-preview:-1\" \/>\n<meta property=\"og:locale\" content=\"de_DE\" \/>\n<meta property=\"og:type\" content=\"article\" \/>\n<meta property=\"og:title\" content=\"Forschung\" \/>\n<meta property=\"og:description\" content=\"Elithair als Pionier f\u00fcr Forschungsarbeiten im Bereich der Haarverpflanzungen. Unsere Forschung &amp; Entwicklung im \u00dcberblick. Jetzt lesen!\" \/>\n<meta property=\"og:url\" content=\"https:\/\/elithair.com\/de\/informationen\/forschung-und-entwicklung\/\" \/>\n<meta property=\"og:site_name\" content=\"Elithair\" \/>\n<meta property=\"article:modified_time\" content=\"2026-05-03T11:34:15+00:00\" \/>\n<meta property=\"og:image\" content=\"https:\/\/elithair.com\/de\/wp-content\/uploads\/sites\/2\/2026\/05\/forschung-und-entwicklung.png\" \/>\n<meta name=\"twitter:card\" content=\"summary_large_image\" \/>\n<meta name=\"twitter:image\" content=\"https:\/\/elithair.com\/de\/wp-content\/uploads\/sites\/2\/2026\/05\/forschung-und-entwicklung.png\" \/>\n<script type=\"application\/ld+json\" class=\"yoast-schema-graph\">{\"@context\":\"https:\\\/\\\/schema.org\",\"@graph\":[{\"@type\":\"WebPage\",\"@id\":\"https:\\\/\\\/elithair.com\\\/de\\\/informationen\\\/forschung-und-entwicklung\\\/\",\"url\":\"https:\\\/\\\/elithair.com\\\/de\\\/informationen\\\/forschung-und-entwicklung\\\/\",\"name\":\"Forschung & Entwicklung | Elithair\",\"isPartOf\":{\"@id\":\"https:\\\/\\\/elithair.com\\\/de\\\/#website\"},\"datePublished\":\"2026-04-11T08:28:03+00:00\",\"dateModified\":\"2026-05-03T11:34:15+00:00\",\"description\":\"Elithair als Pionier f\u00fcr Forschungsarbeiten im Bereich der Haarverpflanzungen. Unsere Forschung & Entwicklung im \u00dcberblick. Jetzt lesen!\",\"breadcrumb\":{\"@id\":\"https:\\\/\\\/elithair.com\\\/de\\\/informationen\\\/forschung-und-entwicklung\\\/#breadcrumb\"},\"inLanguage\":\"de\",\"potentialAction\":[{\"@type\":\"ReadAction\",\"target\":[\"https:\\\/\\\/elithair.com\\\/de\\\/informationen\\\/forschung-und-entwicklung\\\/\"]}]},{\"@type\":\"BreadcrumbList\",\"@id\":\"https:\\\/\\\/elithair.com\\\/de\\\/informationen\\\/forschung-und-entwicklung\\\/#breadcrumb\",\"itemListElement\":[{\"@type\":\"ListItem\",\"position\":1,\"name\":\"Home\",\"item\":\"https:\\\/\\\/elithair.com\\\/de\\\/\"},{\"@type\":\"ListItem\",\"position\":2,\"name\":\"Informationen\",\"item\":\"https:\\\/\\\/elithair.com\\\/de\\\/informationen\\\/\"},{\"@type\":\"ListItem\",\"position\":3,\"name\":\"Forschung\"}]},{\"@type\":\"WebSite\",\"@id\":\"https:\\\/\\\/elithair.com\\\/de\\\/#website\",\"url\":\"https:\\\/\\\/elithair.com\\\/de\\\/\",\"name\":\"Elithair\",\"description\":\"Haartransplantation T\u00fcrkei, Istanbul bei Europas #1\",\"alternateName\":\"Haartransplantation T\u00fcrkei, Istanbul bei Europas #1\",\"potentialAction\":[{\"@type\":\"SearchAction\",\"target\":{\"@type\":\"EntryPoint\",\"urlTemplate\":\"https:\\\/\\\/elithair.com\\\/de\\\/?s={search_term_string}\"},\"query-input\":{\"@type\":\"PropertyValueSpecification\",\"valueRequired\":true,\"valueName\":\"search_term_string\"}}],\"inLanguage\":\"de\"}]}<\/script>\n<!-- \/ Yoast SEO Premium plugin. -->","yoast_head_json":{"title":"Forschung & Entwicklung | Elithair","description":"Elithair als Pionier f\u00fcr Forschungsarbeiten im Bereich der Haarverpflanzungen. Unsere Forschung & Entwicklung im \u00dcberblick. Jetzt lesen!","robots":{"index":"noindex","follow":"follow","max-snippet":"max-snippet:-1","max-image-preview":"max-image-preview:large","max-video-preview":"max-video-preview:-1"},"og_locale":"de_DE","og_type":"article","og_title":"Forschung","og_description":"Elithair als Pionier f\u00fcr Forschungsarbeiten im Bereich der Haarverpflanzungen. Unsere Forschung & Entwicklung im \u00dcberblick. Jetzt lesen!","og_url":"https:\/\/elithair.com\/de\/informationen\/forschung-und-entwicklung\/","og_site_name":"Elithair","article_modified_time":"2026-05-03T11:34:15+00:00","og_image":[{"url":"https:\/\/elithair.com\/de\/wp-content\/uploads\/sites\/2\/2026\/05\/forschung-und-entwicklung.png","type":"","width":"","height":""}],"twitter_card":"summary_large_image","twitter_image":"https:\/\/elithair.com\/de\/wp-content\/uploads\/sites\/2\/2026\/05\/forschung-und-entwicklung.png","schema":{"@context":"https:\/\/schema.org","@graph":[{"@type":"WebPage","@id":"https:\/\/elithair.com\/de\/informationen\/forschung-und-entwicklung\/","url":"https:\/\/elithair.com\/de\/informationen\/forschung-und-entwicklung\/","name":"Forschung & Entwicklung | Elithair","isPartOf":{"@id":"https:\/\/elithair.com\/de\/#website"},"datePublished":"2026-04-11T08:28:03+00:00","dateModified":"2026-05-03T11:34:15+00:00","description":"Elithair als Pionier f\u00fcr Forschungsarbeiten im Bereich der Haarverpflanzungen. Unsere Forschung & Entwicklung im \u00dcberblick. Jetzt lesen!","breadcrumb":{"@id":"https:\/\/elithair.com\/de\/informationen\/forschung-und-entwicklung\/#breadcrumb"},"inLanguage":"de","potentialAction":[{"@type":"ReadAction","target":["https:\/\/elithair.com\/de\/informationen\/forschung-und-entwicklung\/"]}]},{"@type":"BreadcrumbList","@id":"https:\/\/elithair.com\/de\/informationen\/forschung-und-entwicklung\/#breadcrumb","itemListElement":[{"@type":"ListItem","position":1,"name":"Home","item":"https:\/\/elithair.com\/de\/"},{"@type":"ListItem","position":2,"name":"Informationen","item":"https:\/\/elithair.com\/de\/informationen\/"},{"@type":"ListItem","position":3,"name":"Forschung"}]},{"@type":"WebSite","@id":"https:\/\/elithair.com\/de\/#website","url":"https:\/\/elithair.com\/de\/","name":"Elithair","description":"Haartransplantation T\u00fcrkei, Istanbul bei Europas #1","alternateName":"Haartransplantation T\u00fcrkei, Istanbul bei Europas #1","potentialAction":[{"@type":"SearchAction","target":{"@type":"EntryPoint","urlTemplate":"https:\/\/elithair.com\/de\/?s={search_term_string}"},"query-input":{"@type":"PropertyValueSpecification","valueRequired":true,"valueName":"search_term_string"}}],"inLanguage":"de"}]}},"jetpack_sharing_enabled":true,"_links":{"self":[{"href":"https:\/\/elithair.com\/de\/wp-json\/wp\/v2\/pages\/53","targetHints":{"allow":["GET"]}}],"collection":[{"href":"https:\/\/elithair.com\/de\/wp-json\/wp\/v2\/pages"}],"about":[{"href":"https:\/\/elithair.com\/de\/wp-json\/wp\/v2\/types\/page"}],"author":[{"embeddable":true,"href":"https:\/\/elithair.com\/de\/wp-json\/wp\/v2\/users\/10"}],"replies":[{"embeddable":true,"href":"https:\/\/elithair.com\/de\/wp-json\/wp\/v2\/comments?post=53"}],"version-history":[{"count":7,"href":"https:\/\/elithair.com\/de\/wp-json\/wp\/v2\/pages\/53\/revisions"}],"predecessor-version":[{"id":104893,"href":"https:\/\/elithair.com\/de\/wp-json\/wp\/v2\/pages\/53\/revisions\/104893"}],"up":[{"embeddable":true,"href":"https:\/\/elithair.com\/de\/wp-json\/wp\/v2\/pages\/41"}],"wp:attachment":[{"href":"https:\/\/elithair.com\/de\/wp-json\/wp\/v2\/media?parent=53"}],"curies":[{"name":"wp","href":"https:\/\/api.w.org\/{rel}","templated":true}]}}