{"id":39,"date":"2026-04-11T08:19:48","date_gmt":"2026-04-11T08:19:48","guid":{"rendered":"https:\/\/unified.elitexperiments.com\/de\/?page_id=39"},"modified":"2026-05-03T13:33:11","modified_gmt":"2026-05-03T11:33:11","slug":"haartransplantation-finanzierung","status":"publish","type":"page","link":"https:\/\/elithair.com\/de\/haartransplantation-finanzierung\/","title":{"rendered":"Haartransplantation Finanzierung"},"content":{"rendered":"<section class=\"wp-block-elh-main-hero main-hero dark-layout has-top-right-circle\">\n\t<div class=\"main-hero__container container\">\n\t\t\t\t\t<header class=\"main-hero__header\">\t\t\t\t\n\t\t\t\t<h1>\t\t\t\t\tHaartransplantation <br><strong>Finanzierung<\/strong>: Ihr Traum, unsere L\u00f6sung\t\t\t\t<\/h1>\t\t\t<\/header>\n\t\t\n\t\t\t\t\t<div class=\"main-hero__content\">\n\t\t\t\t<p>Ihr Wunsch nach vollem Haar ist zum Greifen nah. Mit den flexiblen Finanzierungsm\u00f6glichkeiten von Elithair k\u00f6nnen Sie sich endlich Ihren Traum erf\u00fcllen \u2013 ohne finanzielle Belastung.<\/p>\n<p>Unsere L\u00f6sungen sind individuell auf Ihre Bed\u00fcrfnisse abgestimmt, damit Sie sich nicht nur auf volles Haar, sondern auch auf ein neues Selbstbewusstsein freuen k\u00f6nnen. Wagen Sie den ersten Schritt zu einem strahlenden Look und mehr Lebensfreude.<\/p>\n\t\t\t<\/div>\n\t\t\n\t\t\t\t\t<div class=\"main-hero__media\">\n\t\t\t\t<img decoding=\"async\" width=\"600\" height=\"600\" src=\"https:\/\/elithair.com\/de\/wp-content\/uploads\/sites\/2\/2026\/04\/haartransplantation-finanzierung-infos.webp\" class=\"hero-image\" alt=\"Mann informiert sich am Handy \u00fcber Finanzierungsoptionen\" loading=\"eager\" fetchpriority=\"high\" sizes=\"(max-width: 767px) 40vw, (max-width: 1023px) 23vw, 25vw\" srcset=\"https:\/\/elithair.com\/de\/wp-content\/uploads\/sites\/2\/2026\/04\/haartransplantation-finanzierung-infos.webp 600w, https:\/\/elithair.com\/de\/wp-content\/uploads\/sites\/2\/2026\/04\/haartransplantation-finanzierung-infos-300x300.webp 300w, https:\/\/elithair.com\/de\/wp-content\/uploads\/sites\/2\/2026\/04\/haartransplantation-finanzierung-infos-150x150.webp 150w\" \/>\t\t\t<\/div>\n\t\t\t\t\t\t\t<div class=\"main-hero__btn-list btn-list\">\n\t\t\t\t\t\t\t\t<div class=\"btn-item\">\n\t\t\t\t\t<a\n\t\t\t\t\t\thref=\"https:\/\/elithair.com\/de\/haaranalyse\/\"\t\t\t\t\t\tclass=\"btn\"\n\t\t\t\t\t>\n\t\t\t\t\t\t Haaranalyse starten\t\t\t\t\t<\/a>\n\t\t\t\t<\/div>\n\t\t\t\t\t\t\t\t\t\t\t<\/div>\n\t\t\t<\/div>\n\t\t\n\t<\/section>\n\n\n<section class=\"wp-block-elh-content-media content-media layout-simple styled-ul ul-default ul-default-box bg-grey\">\n\t<div class=\"content-media__container container\">\n\t\t\t\t\t<header class=\"content-media__header\">\n\t\t\t\t\t\t\t\t\t<h2>\t\t\t\t\t\tFinanzielle Flexibilit\u00e4t f\u00fcr Ihre Haartransplantation: mit 0% Zinsen\t\t\t\t\t<\/h2>\t\t\t\t\t\t\t\t\t\t\t<\/header>\n\t\t\n\t\t\t\t\t<div class=\"content-media__media hide-shadow\">\n\t\t\t\t<figure><img decoding=\"async\" width=\"900\" height=\"600\" src=\"https:\/\/elithair.com\/de\/wp-content\/uploads\/sites\/2\/2026\/04\/Elithair-Dr-Balwi-Patient.jpg\" class=\"attachment-large size-large\" alt=\"Dr. Balwi mit einem Patienten von Elithair\" loading=\"lazy\" srcset=\"https:\/\/elithair.com\/de\/wp-content\/uploads\/sites\/2\/2026\/04\/Elithair-Dr-Balwi-Patient.jpg 900w, https:\/\/elithair.com\/de\/wp-content\/uploads\/sites\/2\/2026\/04\/Elithair-Dr-Balwi-Patient-300x200.jpg 300w, https:\/\/elithair.com\/de\/wp-content\/uploads\/sites\/2\/2026\/04\/Elithair-Dr-Balwi-Patient-768x512.jpg 768w\" sizes=\"auto, (max-width: 900px) 100vw, 900px\" \/><\/figure>\t\t\t<\/div>\n\t\t\t\t\t\t<div class=\"content-media__content\">\n\t\t\t<p>Ihre Haartransplantation ist der Beginn eines neuen Kapitels \u2013 und wir sorgen daf\u00fcr, dass dieser Schritt finanziell entspannt bleibt. Mit unserer internen flexiblen Finanzierung k\u00f6nnen Sie die Kosten bequem in Raten zahlen.<\/p>\n<p>Besonders attraktiv: Nach einer Anzahlung profitieren Sie, bei einer 10-monatigen Ratenzahlung, von 0% Zinsen \u2013 f\u00fcr eine sorgenfreie Finanzierung, die zu Ihnen passt.<\/p>\n<p>Elithair macht Ihre Haartransplantation einfach, flexibel und zug\u00e4nglich. Starten Sie noch heute.<\/p>\n\t\t<\/div>\n\t\t\n\t\t\n\t\t\t<\/div>\n<\/section>\n\n\n<section class=\"wp-block-elh-content-media content-media layout-simple right-media styled-ul ul-default ul-default-box bg-secondary dark-layout\">\n\t<div class=\"content-media__container container\">\n\t\t\t\t\t<header class=\"content-media__header\">\n\t\t\t\t\t\t\t\t\t<h2>\t\t\t\t\t\tIhre Haartransplantation einfach finanzieren: so funktioniert\u2019s\t\t\t\t\t<\/h2>\t\t\t\t\t\t\t\t\t\t\t<\/header>\n\t\t\n\t\t\t\t\t<div class=\"content-media__media\">\n\t\t\t\t<figure><img decoding=\"async\" width=\"900\" height=\"600\" src=\"https:\/\/elithair.com\/de\/wp-content\/uploads\/sites\/2\/2026\/04\/Stift-Papier-Elithair-Finanzierung-2.jpg\" class=\"attachment-large size-large\" alt=\"Stift mit Papier zur Haartransplantation Finanzierung bei Elithair\" loading=\"lazy\" srcset=\"https:\/\/elithair.com\/de\/wp-content\/uploads\/sites\/2\/2026\/04\/Stift-Papier-Elithair-Finanzierung-2.jpg 900w, https:\/\/elithair.com\/de\/wp-content\/uploads\/sites\/2\/2026\/04\/Stift-Papier-Elithair-Finanzierung-2-300x200.jpg 300w, https:\/\/elithair.com\/de\/wp-content\/uploads\/sites\/2\/2026\/04\/Stift-Papier-Elithair-Finanzierung-2-768x512.jpg 768w\" sizes=\"auto, (max-width: 900px) 100vw, 900px\" \/><\/figure>\t\t\t<\/div>\n\t\t\t\t\t\t<div class=\"content-media__content\">\n\t\t\t<p>Mit einer Ratenzahlung f\u00fcr Ihre Haartransplantation bleiben Sie finanziell flexibel. Begleichen Sie die\u00a0<a href=\"https:\/\/elithair.com\/de\/preise\/\">Haartransplantation Kosten<\/a>\u00a0bequem in monatlichen Raten und behalten Sie die volle Kontrolle \u00fcber Ihre Finanzen \u2013 w\u00e4hrend Sie sich ganz auf Ihr neues, volles Haar konzentrieren k\u00f6nnen.<\/p>\n<p>Der Ablauf ist einfach und transparent: In ihrem Beratungsgespr\u00e4ch mit unserem Experten erhalten Sie vorab alle Informationen zu Ihren Finanzierungsm\u00f6glichkeiten. Wir erkl\u00e4ren Ihnen alle Optionen, damit Sie die beste L\u00f6sung f\u00fcr sich finden.<\/p>\n<p>Nach Erhalt der Anzahlung, k\u00f6nnen Sie dann von unserer Haartransplantation Finanzierung profitieren und zahlen innerhalb von 10 Monaten den restlichen betrag ganz bequem ab.<\/p>\n\t\t<\/div>\n\t\t\n\t\t\n\t\t\t<\/div>\n<\/section>\n\n\n<section class=\"wp-block-elh-content-media content-media layout-simple styled-ul ul-default ul-default-box bg-grey\">\n\t<div class=\"content-media__container container\">\n\t\t\t\t\t<header class=\"content-media__header\">\n\t\t\t\t\t\t\t\t\t<h2>\t\t\t\t\t\tHaartransplantation T\u00fcrkei: Stressfrei zu vollem Haar\t\t\t\t\t<\/h2>\t\t\t\t\t\t\t\t\t\t\t<\/header>\n\t\t\n\t\t\t\t\t<div class=\"content-media__media hide-shadow\">\n\t\t\t\t<figure><img decoding=\"async\" width=\"900\" height=\"600\" src=\"https:\/\/elithair.com\/de\/wp-content\/uploads\/sites\/2\/2026\/04\/Patient-zufrieden-Papier.jpg\" class=\"attachment-large size-large\" alt=\"Patient schaut zufrieden auf seine Unterlagen f\u00fcr die Haartransplantation Finanzierung\" loading=\"lazy\" srcset=\"https:\/\/elithair.com\/de\/wp-content\/uploads\/sites\/2\/2026\/04\/Patient-zufrieden-Papier.jpg 900w, https:\/\/elithair.com\/de\/wp-content\/uploads\/sites\/2\/2026\/04\/Patient-zufrieden-Papier-300x200.jpg 300w, https:\/\/elithair.com\/de\/wp-content\/uploads\/sites\/2\/2026\/04\/Patient-zufrieden-Papier-768x512.jpg 768w\" sizes=\"auto, (max-width: 900px) 100vw, 900px\" \/><\/figure>\t\t\t<\/div>\n\t\t\t\t\t\t<div class=\"content-media__content\">\n\t\t\t<p>Finanzielle Sorgen sollten Ihren Weg zu vollem Haar nicht blockieren. Mit unserer transparenten und flexiblen Finanzierung k\u00f6nnen Sie Ihre Haartransplantation in der T\u00fcrkei ohne Stress und mit klarer Planung realisieren.<\/p>\n<p>Besprechen Sie vorab alles mit Ihrem pers\u00f6nlichen Elithair Experten, um eine reibungslose Organisation sicherzustellen. Eine Vorabzusage erfolgt in der Regel noch am selben Tag. Anschlie\u00dfend erhalten Sie den Kreditvertrag mit allen Details zu Ratenh\u00f6he und Laufzeit.<\/p>\n<p>Nach Ihrer Unterschrift wird die Finanzierung best\u00e4tigt \u2013 ein einfacher Weg zu mehr Selbstbewusstsein und Lebensfreude.<\/p>\n\t\t<\/div>\n\t\t\n\t\t\n\t\t\t<\/div>\n<\/section>\n\n\n<section class=\"wp-block-elh-content-media content-media layout-simple right-media styled-ul ul-default ul-default-box bg-secondary dark-layout\">\n\t<div class=\"content-media__container container\">\n\t\t\t\t\t<header class=\"content-media__header\">\n\t\t\t\t\t\t\t\t\t<h2>\t\t\t\t\t\tWelche Unterlagen werden ben\u00f6tigt?\t\t\t\t\t<\/h2>\t\t\t\t\t\t\t\t\t\t\t<\/header>\n\t\t\n\t\t\t\t\t<div class=\"content-media__media\">\n\t\t\t\t<figure><img decoding=\"async\" width=\"900\" height=\"600\" src=\"https:\/\/elithair.com\/de\/wp-content\/uploads\/sites\/2\/2026\/04\/Unterlagen-Laptop-Elithair.jpg\" class=\"attachment-large size-large\" alt=\"Unterlagen und ein Laptop bei Elithair zur Finanzierung\" loading=\"lazy\" srcset=\"https:\/\/elithair.com\/de\/wp-content\/uploads\/sites\/2\/2026\/04\/Unterlagen-Laptop-Elithair.jpg 900w, https:\/\/elithair.com\/de\/wp-content\/uploads\/sites\/2\/2026\/04\/Unterlagen-Laptop-Elithair-300x200.jpg 300w, https:\/\/elithair.com\/de\/wp-content\/uploads\/sites\/2\/2026\/04\/Unterlagen-Laptop-Elithair-768x512.jpg 768w\" sizes=\"auto, (max-width: 900px) 100vw, 900px\" \/><\/figure>\t\t\t<\/div>\n\t\t\t\t\t\t<div class=\"content-media__content\">\n\t\t\t<p>Wir freuen uns, dass Sie sich f\u00fcr eine Haartransplantation in der T\u00fcrkei entschieden haben. F\u00fcr die unkomplizierte Ratenzahlung ben\u00f6tigen wir nur wenige Unterlagen, um den Prozess schnell und reibungslos zu gestalten:<\/p>\n<ul>\n<li>Eine Kopie Ihres Personalausweises oder Reisepasses<\/li>\n<li>Eine Kopie Ihrer g\u00fcltigen EC-Karte (Vorder- und R\u00fcckseite)<\/li>\n<li>Gehalts-, Einkommens- oder Rentennachweise des letzten Monats (ab Finanzierungsbetr\u00e4gen von 3.300 Euro)<\/li>\n<\/ul>\n<p>Mit diesen einfachen Schritten bringen wir Sie schnell und stressfrei Ihrem Wunsch nach vollem Haar n\u00e4her.<\/p>\n\t\t<\/div>\n\t\t\n\t\t\n\t\t\t<\/div>\n<\/section>\n\n\n<section class=\"wp-block-elh-content-media content-media layout-simple styled-ul ul-default ul-default-box bg-grey\">\n\t<div class=\"content-media__container container\">\n\t\t\t\t\t<header class=\"content-media__header\">\n\t\t\t\t\t\t\t\t\t<h2>\t\t\t\t\t\tWelche Voraussetzungen m\u00fcssen erf\u00fcllt sein?\t\t\t\t\t<\/h2>\t\t\t\t\t\t\t\t\t\t\t<\/header>\n\t\t\n\t\t\t\t\t<div class=\"content-media__media hide-shadow\">\n\t\t\t\t<figure><img decoding=\"async\" width=\"900\" height=\"600\" src=\"https:\/\/elithair.com\/de\/wp-content\/uploads\/sites\/2\/2026\/04\/Haken-Liste-Elithair-Deutschland.jpg\" class=\"attachment-large size-large\" alt=\"Roter Haken auf einer Liste f\u00fcr die Haartransplantation Finanzierung bei Elithair Deutschland\" loading=\"lazy\" srcset=\"https:\/\/elithair.com\/de\/wp-content\/uploads\/sites\/2\/2026\/04\/Haken-Liste-Elithair-Deutschland.jpg 900w, https:\/\/elithair.com\/de\/wp-content\/uploads\/sites\/2\/2026\/04\/Haken-Liste-Elithair-Deutschland-300x200.jpg 300w, https:\/\/elithair.com\/de\/wp-content\/uploads\/sites\/2\/2026\/04\/Haken-Liste-Elithair-Deutschland-768x512.jpg 768w\" sizes=\"auto, (max-width: 900px) 100vw, 900px\" \/><\/figure>\t\t\t<\/div>\n\t\t\t\t\t\t<div class=\"content-media__content\">\n\t\t\t<p>F\u00fcr Ihre\u00a0<strong>Haartransplantation Finanzierung<\/strong>\u00a0m\u00fcssen folgende Bestimmungen erf\u00fcllt sein:<\/p>\n<ul>\n<li>Vollj\u00e4hrig sein<\/li>\n<li>Hauptwohnsitz, Bankverbindung &amp; Arbeitgeber in Deutschland<\/li>\n<li>Bestehendes Angestelltenverh\u00e4ltnis (au\u00dferhalb der Probezeit)<\/li>\n<li>Selbst\u00e4ndig oder Rentner<\/li>\n<li>Regelm\u00e4\u00dfiges und frei verf\u00fcgbares Einkommen von min. 350 Euro Netto\/Monat<\/li>\n<li>Keinen negativen SCHUFA-Eintrag<\/li>\n<\/ul>\n<p>F\u00fcr Sch\u00fcler, Auszubildende, Studenten oder bei einer befristeten Aufenthaltserlaubnis gelten andere Bestimmungen.<\/p>\n\t\t<\/div>\n\t\t\n\t\t\n\t\t\t<\/div>\n<\/section>\n\n\n<section class=\"wp-block-elh-content-media content-media layout-simple styled-ul ul-default ul-default-box bg-dark-gradient dark-layout\">\n\t<div class=\"content-media__container container\">\n\t\t\t\t\t<header class=\"content-media__header\">\n\t\t\t\t\t\t\t\t\t<h2>\t\t\t\t\t\tIhr Weg zu vollem Haar und neuem Selbstbewusstsein\t\t\t\t\t<\/h2>\t\t\t\t\t\t\t\t\t\t\t<\/header>\n\t\t\n\t\t\t\t\t<div class=\"content-media__media\">\n\t\t\t\t<figure><img decoding=\"async\" width=\"900\" height=\"600\" src=\"https:\/\/elithair.com\/de\/wp-content\/uploads\/sites\/2\/2026\/04\/Dr-Balwi-Pose.jpg\" class=\"attachment-large size-large\" alt=\"Portrait von Dr. Balwi drau\u00dfen in Pose\" loading=\"lazy\" srcset=\"https:\/\/elithair.com\/de\/wp-content\/uploads\/sites\/2\/2026\/04\/Dr-Balwi-Pose.jpg 900w, https:\/\/elithair.com\/de\/wp-content\/uploads\/sites\/2\/2026\/04\/Dr-Balwi-Pose-300x200.jpg 300w, https:\/\/elithair.com\/de\/wp-content\/uploads\/sites\/2\/2026\/04\/Dr-Balwi-Pose-768x512.jpg 768w\" sizes=\"auto, (max-width: 900px) 100vw, 900px\" \/><\/figure>\t\t\t<\/div>\n\t\t\t\t\t\t<div class=\"content-media__content\">\n\t\t\t<p>Gehen Sie jetzt den ersten Schritt gegen Ihren Haarausfall. Nutzen Sie unseren pers\u00f6nlichen Haarrechner, um zu erfahren, wieviel Grafts Sie f\u00fcr strahlend volles Haar ben\u00f6tigen.<\/p>\n<p>Anschlie\u00dfenden bekommen Sie kostenfrei und unverbindlich ein Angebot mit ihrem voraussichtlichen Preis. Au\u00dferdem erhalten Sie eine pers\u00f6nliche Beratung und Terminvorschl\u00e4ge f\u00fcr den Besuch unserer Klinik.<\/p>\n<p>Bei Fragen zur Haartransplantation Finanzierung steht unser Team Ihnen jederzeit gerne zur Verf\u00fcgung.<\/p>\n\t\t<\/div>\n\t\t\n\t\t\n\t\t\t\t\t<div class=\"content-media__btn-list btn-list\">\n\t\t\t\t<div class=\"btn-item\">\n\t\t\t\t\t<a\n\t\t\t\t\t\tclass=\"btn\"\n\t\t\t\t\t\thref=\"https:\/\/elithair.com\/de\/haaranalyse\/\"\t\t\t\t\t>Kostenlose Haaranalyse<\/a>\n\t\t\t\t<\/div>\n\t\t\t<\/div>\n\t\t\t<\/div>\n<\/section>\n\n\n<section class=\"wp-block-elh-faq-list faq-list bg-white\">\n\t<div class=\"faq-list__container container\">\n\t\t\t\t\t<header class=\"faq-list__header\">\n\t\t\t\t<h2>FAQ<\/h2>\n\t\t\t<\/header>\n\t\t\n\t\t\t\t\t<div class=\"faq-list__items\">\n\t\t\t\t\t\t\t\t\t<div class=\"faq\">\n\t\t\t\t\t\t\t\t\t\t\t\t\t\t\t\t\t\t\t\t\t\t\t\t\t\t\t<details>\n\t\t\t\t\t\t\t\t\t<summary>Welche Vorteile habe ich durch die Finanzierung der Behandlung?<\/summary>\n\t\t\t\t\t\t\t\t\t<p>Dank der Ratenzahlung k\u00f6nnen Sie sich schon heute Ihren Traum von vollen Haaren erf\u00fcllen. Dabei bleiben Sie finanziell flexibel und haben die volle Kontrolle.<\/p>\n<p>Unsere Finanzierungsm\u00f6glichkeiten sind absolut transparent. Dank verschiedener Optionen finden auch Sie die Zahlungskonditionen, die zu Ihnen passen.<\/p>\n\t\t\t\t\t\t\t\t<\/details>\n\t\t\t\t\t\t\t\t\t\t\t\t\t\t\t<details>\n\t\t\t\t\t\t\t\t\t<summary>Komme ich f\u00fcr die Finanzierung infrage?<\/summary>\n\t\t\t\t\t\t\t\t\t<p>Um sich f\u00fcr die Finanzierung zu qualifizieren, m\u00fcssen Sie bestimmte Voraussetzungen erf\u00fcllen.<\/p>\n<p>Wir pr\u00fcfen jeden Kreditantrag individuell und entscheiden anschlie\u00dfend anhand bestimmter Kriterien wie Wohnsitz, Einkommen und Besch\u00e4ftigungsstand ob eine Haartransplantation Finanzierung bei Ihnen m\u00f6glich ist.<\/p>\n\t\t\t\t\t\t\t\t<\/details>\n\t\t\t\t\t\t\t\t\t\t\t\t\t\t\t<details>\n\t\t\t\t\t\t\t\t\t<summary>Wie bekomme ich die Finanzierung?<\/summary>\n\t\t\t\t\t\t\t\t\t<p>W\u00e4hrend Ihrer Beratung zur Haartransplantation, besprechen Sie alles bez\u00fcglich der Finanzierung mit Ihrem Experten.<\/p>\n<p>Sie erhalten noch am selben Tag eine Vorabzusage.<\/p>\n\t\t\t\t\t\t\t\t<\/details>\n\t\t\t\t\t\t\t\t\t\t\t\t\t\t\t<details>\n\t\t\t\t\t\t\t\t\t<summary>Ich kann den Termin f\u00fcr die Haartransplantation nicht wahrnehmen. Was passiert mit meiner Finanzierung?<\/summary>\n\t\t\t\t\t\t\t\t\t<p>Wenn Sie Ihren Termin f\u00fcr Ihre Haartransplantation aus unvorhersehbaren Gr\u00fcnden, zum Beispiel einer unerwarteten Krankheit nicht wahrnehmen k\u00f6nnen, verschieben wir den Termin ganz einfach und kostenlos f\u00fcr Sie.<\/p>\n<p>Ihre Finanzierung bleibt in dem Fall nat\u00fcrlich bestehen.<\/p>\n\t\t\t\t\t\t\t\t<\/details>\n\t\t\t\t\t\t\t\t\t\t\t\t\t\t\t\t\t\t<\/div>\n\t\t\t\t\t\t\t<\/div>\n\t\t\n\t\t\t<\/div>\n<\/section>\n\n","protected":false},"excerpt":{"rendered":"","protected":false},"author":10,"featured_media":0,"parent":0,"menu_order":0,"comment_status":"closed","ping_status":"closed","template":"","meta":{"_acf_changed":false,"_yoast_wpseo_focuskw":"","_yoast_wpseo_title":"Haartransplantation Finanzierung mit 0% Zinsen | Elithair","_yoast_wpseo_metadesc":"Haartransplantation Finanzierung. Ratenzahlung mit 0% Zinsen. Volles Haar mit komfortabler Zahlungsmethoden. Jetzt hier lesen!","_yoast_wpseo_meta-robots-noindex":"","_yoast_wpseo_meta-robots-nofollow":"","_yoast_wpseo_meta-robots-adv":"","_yoast_wpseo_canonical":"","_yoast_wpseo_opengraph-title":"","_yoast_wpseo_opengraph-description":"","_yoast_wpseo_opengraph-image":"https:\/\/elithair.com\/de\/wp-content\/uploads\/sites\/2\/2026\/05\/haartransplantation-finanzierung.png","_yoast_wpseo_twitter-title":"","_yoast_wpseo_twitter-description":"","_yoast_wpseo_twitter-image":"https:\/\/elithair.com\/de\/wp-content\/uploads\/sites\/2\/2026\/05\/haartransplantation-finanzierung.png","_hm_hreflang_map":{"de":39,"x_default":39},"_hm_language_code":"de","footnotes":""},"class_list":["post-39","page","type-page","status-publish","hentry"],"acf":[],"yoast_head":"<!-- This site is optimized with the Yoast SEO Premium plugin v27.5 (Yoast SEO v27.5) - https:\/\/yoast.com\/product\/yoast-seo-premium-wordpress\/ -->\n<title>Haartransplantation Finanzierung mit 0% Zinsen | Elithair<\/title>\n<meta name=\"description\" content=\"Haartransplantation Finanzierung. Ratenzahlung mit 0% Zinsen. Volles Haar mit komfortabler Zahlungsmethoden. Jetzt hier lesen!\" \/>\n<meta name=\"robots\" content=\"noindex, follow, max-snippet:-1, max-image-preview:large, max-video-preview:-1\" \/>\n<meta property=\"og:locale\" content=\"de_DE\" \/>\n<meta property=\"og:type\" content=\"article\" \/>\n<meta property=\"og:title\" content=\"Haartransplantation Finanzierung\" \/>\n<meta property=\"og:description\" content=\"Haartransplantation Finanzierung. Ratenzahlung mit 0% Zinsen. Volles Haar mit komfortabler Zahlungsmethoden. Jetzt hier lesen!\" \/>\n<meta property=\"og:url\" content=\"https:\/\/elithair.com\/de\/haartransplantation-finanzierung\/\" \/>\n<meta property=\"og:site_name\" content=\"Elithair\" \/>\n<meta property=\"article:modified_time\" content=\"2026-05-03T11:33:11+00:00\" \/>\n<meta property=\"og:image\" content=\"https:\/\/elithair.com\/de\/wp-content\/uploads\/sites\/2\/2026\/05\/haartransplantation-finanzierung.png\" \/>\n<meta name=\"twitter:card\" content=\"summary_large_image\" \/>\n<meta name=\"twitter:image\" content=\"https:\/\/elithair.com\/de\/wp-content\/uploads\/sites\/2\/2026\/05\/haartransplantation-finanzierung.png\" \/>\n<script type=\"application\/ld+json\" class=\"yoast-schema-graph\">{\"@context\":\"https:\\\/\\\/schema.org\",\"@graph\":[{\"@type\":\"WebPage\",\"@id\":\"https:\\\/\\\/elithair.com\\\/de\\\/haartransplantation-finanzierung\\\/\",\"url\":\"https:\\\/\\\/elithair.com\\\/de\\\/haartransplantation-finanzierung\\\/\",\"name\":\"Haartransplantation Finanzierung mit 0% Zinsen | Elithair\",\"isPartOf\":{\"@id\":\"https:\\\/\\\/elithair.com\\\/de\\\/#website\"},\"datePublished\":\"2026-04-11T08:19:48+00:00\",\"dateModified\":\"2026-05-03T11:33:11+00:00\",\"description\":\"Haartransplantation Finanzierung. Ratenzahlung mit 0% Zinsen. Volles Haar mit komfortabler Zahlungsmethoden. Jetzt hier lesen!\",\"breadcrumb\":{\"@id\":\"https:\\\/\\\/elithair.com\\\/de\\\/haartransplantation-finanzierung\\\/#breadcrumb\"},\"inLanguage\":\"de\",\"potentialAction\":[{\"@type\":\"ReadAction\",\"target\":[\"https:\\\/\\\/elithair.com\\\/de\\\/haartransplantation-finanzierung\\\/\"]}]},{\"@type\":\"BreadcrumbList\",\"@id\":\"https:\\\/\\\/elithair.com\\\/de\\\/haartransplantation-finanzierung\\\/#breadcrumb\",\"itemListElement\":[{\"@type\":\"ListItem\",\"position\":1,\"name\":\"Home\",\"item\":\"https:\\\/\\\/elithair.com\\\/de\\\/\"},{\"@type\":\"ListItem\",\"position\":2,\"name\":\"Haartransplantation Finanzierung\"}]},{\"@type\":\"WebSite\",\"@id\":\"https:\\\/\\\/elithair.com\\\/de\\\/#website\",\"url\":\"https:\\\/\\\/elithair.com\\\/de\\\/\",\"name\":\"Elithair\",\"description\":\"Haartransplantation T\u00fcrkei, Istanbul bei Europas #1\",\"alternateName\":\"Haartransplantation T\u00fcrkei, Istanbul bei Europas #1\",\"potentialAction\":[{\"@type\":\"SearchAction\",\"target\":{\"@type\":\"EntryPoint\",\"urlTemplate\":\"https:\\\/\\\/elithair.com\\\/de\\\/?s={search_term_string}\"},\"query-input\":{\"@type\":\"PropertyValueSpecification\",\"valueRequired\":true,\"valueName\":\"search_term_string\"}}],\"inLanguage\":\"de\"}]}<\/script>\n<!-- \/ Yoast SEO Premium plugin. -->","yoast_head_json":{"title":"Haartransplantation Finanzierung mit 0% Zinsen | Elithair","description":"Haartransplantation Finanzierung. Ratenzahlung mit 0% Zinsen. Volles Haar mit komfortabler Zahlungsmethoden. Jetzt hier lesen!","robots":{"index":"noindex","follow":"follow","max-snippet":"max-snippet:-1","max-image-preview":"max-image-preview:large","max-video-preview":"max-video-preview:-1"},"og_locale":"de_DE","og_type":"article","og_title":"Haartransplantation Finanzierung","og_description":"Haartransplantation Finanzierung. Ratenzahlung mit 0% Zinsen. Volles Haar mit komfortabler Zahlungsmethoden. Jetzt hier lesen!","og_url":"https:\/\/elithair.com\/de\/haartransplantation-finanzierung\/","og_site_name":"Elithair","article_modified_time":"2026-05-03T11:33:11+00:00","og_image":[{"url":"https:\/\/elithair.com\/de\/wp-content\/uploads\/sites\/2\/2026\/05\/haartransplantation-finanzierung.png","type":"","width":"","height":""}],"twitter_card":"summary_large_image","twitter_image":"https:\/\/elithair.com\/de\/wp-content\/uploads\/sites\/2\/2026\/05\/haartransplantation-finanzierung.png","schema":{"@context":"https:\/\/schema.org","@graph":[{"@type":"WebPage","@id":"https:\/\/elithair.com\/de\/haartransplantation-finanzierung\/","url":"https:\/\/elithair.com\/de\/haartransplantation-finanzierung\/","name":"Haartransplantation Finanzierung mit 0% Zinsen | Elithair","isPartOf":{"@id":"https:\/\/elithair.com\/de\/#website"},"datePublished":"2026-04-11T08:19:48+00:00","dateModified":"2026-05-03T11:33:11+00:00","description":"Haartransplantation Finanzierung. Ratenzahlung mit 0% Zinsen. Volles Haar mit komfortabler Zahlungsmethoden. Jetzt hier lesen!","breadcrumb":{"@id":"https:\/\/elithair.com\/de\/haartransplantation-finanzierung\/#breadcrumb"},"inLanguage":"de","potentialAction":[{"@type":"ReadAction","target":["https:\/\/elithair.com\/de\/haartransplantation-finanzierung\/"]}]},{"@type":"BreadcrumbList","@id":"https:\/\/elithair.com\/de\/haartransplantation-finanzierung\/#breadcrumb","itemListElement":[{"@type":"ListItem","position":1,"name":"Home","item":"https:\/\/elithair.com\/de\/"},{"@type":"ListItem","position":2,"name":"Haartransplantation Finanzierung"}]},{"@type":"WebSite","@id":"https:\/\/elithair.com\/de\/#website","url":"https:\/\/elithair.com\/de\/","name":"Elithair","description":"Haartransplantation T\u00fcrkei, Istanbul bei Europas #1","alternateName":"Haartransplantation T\u00fcrkei, Istanbul bei Europas #1","potentialAction":[{"@type":"SearchAction","target":{"@type":"EntryPoint","urlTemplate":"https:\/\/elithair.com\/de\/?s={search_term_string}"},"query-input":{"@type":"PropertyValueSpecification","valueRequired":true,"valueName":"search_term_string"}}],"inLanguage":"de"}]}},"jetpack_sharing_enabled":true,"_links":{"self":[{"href":"https:\/\/elithair.com\/de\/wp-json\/wp\/v2\/pages\/39","targetHints":{"allow":["GET"]}}],"collection":[{"href":"https:\/\/elithair.com\/de\/wp-json\/wp\/v2\/pages"}],"about":[{"href":"https:\/\/elithair.com\/de\/wp-json\/wp\/v2\/types\/page"}],"author":[{"embeddable":true,"href":"https:\/\/elithair.com\/de\/wp-json\/wp\/v2\/users\/10"}],"replies":[{"embeddable":true,"href":"https:\/\/elithair.com\/de\/wp-json\/wp\/v2\/comments?post=39"}],"version-history":[{"count":9,"href":"https:\/\/elithair.com\/de\/wp-json\/wp\/v2\/pages\/39\/revisions"}],"predecessor-version":[{"id":104987,"href":"https:\/\/elithair.com\/de\/wp-json\/wp\/v2\/pages\/39\/revisions\/104987"}],"wp:attachment":[{"href":"https:\/\/elithair.com\/de\/wp-json\/wp\/v2\/media?parent=39"}],"curies":[{"name":"wp","href":"https:\/\/api.w.org\/{rel}","templated":true}]}}