{"id":25,"date":"2026-04-11T08:08:00","date_gmt":"2026-04-11T08:08:00","guid":{"rendered":"https:\/\/unified.elitexperiments.com\/de\/?page_id=25"},"modified":"2026-05-03T13:32:11","modified_gmt":"2026-05-03T11:32:11","slug":"techniken","status":"publish","type":"page","link":"https:\/\/elithair.com\/de\/techniken\/","title":{"rendered":"Unsere fortschrittlichen Techniken"},"content":{"rendered":"<section class=\"wp-block-elh-main-hero main-hero dark-layout has-top-right-circle\">\n\t<div class=\"main-hero__container container\">\n\t\t\t\t\t<header class=\"main-hero__header\">\t\t\t\t\n\t\t\t\t<h1>\t\t\t\t\tUnsere fortschrittlichen <br \/>\r\nTechniken f\u00fcr Ihre <br \/>\r\nerfolgreiche Haarverpflanzung\t\t\t\t<\/h1>\t\t\t<\/header>\n\t\t\n\t\t\t\t\t<div class=\"main-hero__content\">\n\t\t\t\t<p>Bei Elithair setzen wir ausschlie\u00dflich auf die modernsten Techniken und An\u00e4sthesieverfahren, um allen Patienten die individuell passende L\u00f6sung f\u00fcr ein nat\u00fcrlich aussehendes und dauerhaftes Ergebnis in Verbindung mit einem angenehmen Behandlungserlebnis zu bieten. Entdecken Sie die Vorteile unserer fortschrittlichen Methoden.<\/p>\n\t\t\t<\/div>\n\t\t\n\t\t\t\t\t<div class=\"main-hero__media\">\n\t\t\t\t<img decoding=\"async\" width=\"600\" height=\"600\" src=\"https:\/\/elithair.com\/de\/wp-content\/uploads\/sites\/2\/2026\/04\/haartransplantation-techniken-fue-dhi.webp\" class=\"hero-image\" alt=\"Moderne Techniken der Haartransplantation: FUE- und DHI-Methode\" loading=\"eager\" fetchpriority=\"high\" sizes=\"(max-width: 767px) 40vw, (max-width: 1023px) 23vw, 25vw\" srcset=\"https:\/\/elithair.com\/de\/wp-content\/uploads\/sites\/2\/2026\/04\/haartransplantation-techniken-fue-dhi.webp 600w, https:\/\/elithair.com\/de\/wp-content\/uploads\/sites\/2\/2026\/04\/haartransplantation-techniken-fue-dhi-300x300.webp 300w, https:\/\/elithair.com\/de\/wp-content\/uploads\/sites\/2\/2026\/04\/haartransplantation-techniken-fue-dhi-150x150.webp 150w\" \/>\t\t\t<\/div>\n\t\t\t\t\t<\/div>\n\t\t\n\t<\/section>\n\n\n<section class=\"wp-block-elh-cards-list cards-list bg-grey\">\n\t<div class=\"cards-list__container container is-flex flex-column gap-default\">\n\t\t\t\t\t<header class=\"cards-list__header text-center\">\n\t\t\t\t<h2>\t\t\t\t\tUnsere Methoden im \u00dcberblick\t\t\t\t<\/h2>\t\t\t<\/header>\n\t\t\n\t\t\n\t\t\t\t\t<div class=\"cards-list__cards\">\n\t\t\t\t\t\t\t\t<div class=\"cards-list__card\">\n\t\t\t\t\t\t\t\t\t\t\t<img decoding=\"async\" width=\"650\" height=\"446\" src=\"https:\/\/elithair.com\/de\/wp-content\/uploads\/sites\/2\/2026\/04\/fue-motorisierte-haarentnahme.webp\" class=\"attachment-large size-large\" alt=\"Motorisierte Haarfollikel-Entnahme mit der FUE-Technik\" loading=\"lazy\" srcset=\"https:\/\/elithair.com\/de\/wp-content\/uploads\/sites\/2\/2026\/04\/fue-motorisierte-haarentnahme.webp 650w, https:\/\/elithair.com\/de\/wp-content\/uploads\/sites\/2\/2026\/04\/fue-motorisierte-haarentnahme-300x206.webp 300w\" sizes=\"auto, (max-width: 650px) 100vw, 650px\" \/>\t\t\t\t\t\t\t\t\t\t\t\t\t\t\t\t<div class=\"cards-list__card-content is-flex flex-column\">\n\t\t\t\t\t\t\t\t\t\t\t\t\t\t\t<h3>FUE (Follicular Unit Extraction)<\/h3>\n\t\t\t\t\t\t\t\t\t\t\t\t\t\t\t\t\t\t\t\t\t\t<p>Die modernste Methode zur Entnahme der Haarfollikel aus dem Spenderbereich.<\/p>\n\t\t\t\t\t\t\t\t\t\t\t\t\t\t\t\t\t\t\t\t\t\t<div class=\"cards-list__btn-list btn-list align-center\">\n\t\t\t\t\t\t\t\t\t<div class=\"btn-item\">\n\t\t\t\t\t\t\t\t\t\t<a\n\t\t\t\t\t\t\t\t\t\t\tclass=\"btn\"\n\t\t\t\t\t\t\t\t\t\t\thref=\"\/de\/techniken\/fue-haartransplantation\/\"\t\t\t\t\t\t\t\t\t\t>\n\t\t\t\t\t\t\t\t\t\t\tZur FUE Methode\t\t\t\t\t\t\t\t\t\t<\/a>\n\t\t\t\t\t\t\t\t\t<\/div>\n\t\t\t\t\t\t\t\t<\/div>\n\t\t\t\t\t\t\t\t\t\t\t\t\t<\/div>\n\t\t\t\t\t\t\t\t\t<\/div>\n\t\t\t\t\t\t\t\t\t<div class=\"cards-list__card\">\n\t\t\t\t\t\t\t\t\t\t\t<img decoding=\"async\" width=\"650\" height=\"446\" src=\"https:\/\/elithair.com\/de\/wp-content\/uploads\/sites\/2\/2026\/04\/stift-choi-implantat-patientin-dhi-technik.webp\" class=\"attachment-large size-large\" alt=\"Patientin w\u00e4hrend einer Haartransplantation mit der DHI-Technik, Haarfollikelentnahme mithilfe eines Choi-Implantationsstifts.\" loading=\"lazy\" srcset=\"https:\/\/elithair.com\/de\/wp-content\/uploads\/sites\/2\/2026\/04\/stift-choi-implantat-patientin-dhi-technik.webp 650w, https:\/\/elithair.com\/de\/wp-content\/uploads\/sites\/2\/2026\/04\/stift-choi-implantat-patientin-dhi-technik-300x206.webp 300w\" sizes=\"auto, (max-width: 650px) 100vw, 650px\" \/>\t\t\t\t\t\t\t\t\t\t\t\t\t\t\t\t<div class=\"cards-list__card-content is-flex flex-column\">\n\t\t\t\t\t\t\t\t\t\t\t\t\t\t\t<h3>DHI (Direct Hair Implantation)<\/h3>\n\t\t\t\t\t\t\t\t\t\t\t\t\t\t\t\t\t\t\t\t\t\t<p>Pr\u00e4zise Implantation f\u00fcr hohe Dichte und eine nat\u00fcrliche Wuchsrichtung \u2013 ohne separate Kanal\u00f6ffnung.<\/p>\n\t\t\t\t\t\t\t\t\t\t\t\t\t\t\t\t\t\t\t\t\t\t<div class=\"cards-list__btn-list btn-list align-center\">\n\t\t\t\t\t\t\t\t\t<div class=\"btn-item\">\n\t\t\t\t\t\t\t\t\t\t<a\n\t\t\t\t\t\t\t\t\t\t\tclass=\"btn\"\n\t\t\t\t\t\t\t\t\t\t\thref=\"\/de\/techniken\/dhi-haartransplantation\/\"\t\t\t\t\t\t\t\t\t\t>\n\t\t\t\t\t\t\t\t\t\t\tZur DHI-Technik\t\t\t\t\t\t\t\t\t\t<\/a>\n\t\t\t\t\t\t\t\t\t<\/div>\n\t\t\t\t\t\t\t\t<\/div>\n\t\t\t\t\t\t\t\t\t\t\t\t\t<\/div>\n\t\t\t\t\t\t\t\t\t<\/div>\n\t\t\t\t\t\t\t\t\t<div class=\"cards-list__card\">\n\t\t\t\t\t\t\t\t\t\t\t<img decoding=\"async\" width=\"650\" height=\"446\" src=\"https:\/\/elithair.com\/de\/wp-content\/uploads\/sites\/2\/2026\/04\/serum-flasche-neo-fue-vorbereitung-haartransplantation-elithair.webp\" class=\"attachment-large size-large\" alt=\"Vorbereitung einer Haartransplantation mit der Neo FUE-Technik bei Elithair, spezielles Serum aus einer Flasche\" loading=\"lazy\" srcset=\"https:\/\/elithair.com\/de\/wp-content\/uploads\/sites\/2\/2026\/04\/serum-flasche-neo-fue-vorbereitung-haartransplantation-elithair.webp 650w, https:\/\/elithair.com\/de\/wp-content\/uploads\/sites\/2\/2026\/04\/serum-flasche-neo-fue-vorbereitung-haartransplantation-elithair-300x206.webp 300w\" sizes=\"auto, (max-width: 650px) 100vw, 650px\" \/>\t\t\t\t\t\t\t\t\t\t\t\t\t\t\t\t<div class=\"cards-list__card-content is-flex flex-column\">\n\t\t\t\t\t\t\t\t\t\t\t\t\t\t\t<h3>NEO FUE<\/h3>\n\t\t\t\t\t\t\t\t\t\t\t\t\t\t\t\t\t\t\t\t\t\t<p>Von Dr. Balwi entwickelt: Unsere exklusive NEO FUE zur perfekten Vorbereitung der Grafts auf die OP.<\/p>\n\t\t\t\t\t\t\t\t\t\t\t\t\t\t\t\t\t\t\t\t\t\t<div class=\"cards-list__btn-list btn-list align-center\">\n\t\t\t\t\t\t\t\t\t<div class=\"btn-item\">\n\t\t\t\t\t\t\t\t\t\t<a\n\t\t\t\t\t\t\t\t\t\t\tclass=\"btn\"\n\t\t\t\t\t\t\t\t\t\t\thref=\"\/de\/techniken\/neo-fue-haartransplantation\/\"\t\t\t\t\t\t\t\t\t\t>\n\t\t\t\t\t\t\t\t\t\t\tZur NEO FUE\t\t\t\t\t\t\t\t\t\t<\/a>\n\t\t\t\t\t\t\t\t\t<\/div>\n\t\t\t\t\t\t\t\t<\/div>\n\t\t\t\t\t\t\t\t\t\t\t\t\t<\/div>\n\t\t\t\t\t\t\t\t\t<\/div>\n\t\t\t\t\t\t\t\t\t<div class=\"cards-list__card\">\n\t\t\t\t\t\t\t\t\t\t\t<img decoding=\"async\" width=\"650\" height=\"446\" src=\"https:\/\/elithair.com\/de\/wp-content\/uploads\/sites\/2\/2026\/04\/nadel-vorbereitung-anaesthesie-haare-verfahren-elithair.webp\" class=\"attachment-large size-large\" alt=\"Vorbereitung der An\u00e4sthesie bei einer Haartransplantation, Nadelanwendung im Rahmen des Verfahrens bei Elithair.\" loading=\"lazy\" srcset=\"https:\/\/elithair.com\/de\/wp-content\/uploads\/sites\/2\/2026\/04\/nadel-vorbereitung-anaesthesie-haare-verfahren-elithair.webp 650w, https:\/\/elithair.com\/de\/wp-content\/uploads\/sites\/2\/2026\/04\/nadel-vorbereitung-anaesthesie-haare-verfahren-elithair-300x206.webp 300w\" sizes=\"auto, (max-width: 650px) 100vw, 650px\" \/>\t\t\t\t\t\t\t\t\t\t\t\t\t\t\t\t<div class=\"cards-list__card-content is-flex flex-column\">\n\t\t\t\t\t\t\t\t\t\t\t\t\t\t\t<h3>Haartransplantation Bet\u00e4ubung<\/h3>\n\t\t\t\t\t\t\t\t\t\t\t\t\t\t\t\t\t\t\t\t\t\t<p>Informationen zu unseren modernen und exklusiven An\u00e4sthesieverfahren f\u00fcr eine schmerzfreie Behandlung.<\/p>\n\t\t\t\t\t\t\t\t\t\t\t\t\t\t\t\t\t\t\t\t\t\t<div class=\"cards-list__btn-list btn-list align-center\">\n\t\t\t\t\t\t\t\t\t<div class=\"btn-item\">\n\t\t\t\t\t\t\t\t\t\t<a\n\t\t\t\t\t\t\t\t\t\t\tclass=\"btn\"\n\t\t\t\t\t\t\t\t\t\t\thref=\"\/de\/techniken\/haartransplantation-betaeubung\/\" target=\"_blank\" rel=\"noopener noreferrer\"\t\t\t\t\t\t\t\t\t\t>\n\t\t\t\t\t\t\t\t\t\t\tZur Bet\u00e4ubung\t\t\t\t\t\t\t\t\t\t<\/a>\n\t\t\t\t\t\t\t\t\t<\/div>\n\t\t\t\t\t\t\t\t<\/div>\n\t\t\t\t\t\t\t\t\t\t\t\t\t<\/div>\n\t\t\t\t\t\t\t\t\t<\/div>\n\t\t\t\t\t\t\t\t<\/div>\n\t\t\t\n\t\t\t<\/div>\n<\/section>\n\n\n<div class=\"wp-block-elh-content-media content-media layout-simple top-title-layout one-column styled-ul ul-default ul-default-box bg-dark-gradient dark-layout\">\n\t<div class=\"content-media__container container\">\n\t\t\n\t\t\t\t\t\t<div class=\"content-media__content has-mw\" style=\"--MW:700px\">\n\t\t\t<p>Die Wahl der richtigen Methode ist der Schl\u00fcssel zu Ihrem Wunschergebnis, und unsere Spezialisten stellen sicher, dass Sie die fortschrittlichste Technik erhalten. Buchen Sie jetzt Ihre kostenlose, unverbindliche Haaranalyse \u2013 wir definieren gemeinsam, welche Methode f\u00fcr Sie perfekt ist.<\/p>\n<p>kostenlose &amp; unverbindlich<\/p>\n\t\t<\/div>\n\t\t\n\t\t\n\t\t\t\t\t<div class=\"content-media__btn-list btn-list align-center\">\n\t\t\t\t<div class=\"btn-item\">\n\t\t\t\t\t<a\n\t\t\t\t\t\tclass=\"btn\"\n\t\t\t\t\t\thref=\"https:\/\/elithair.com\/de\/haaranalyse\/\"\t\t\t\t\t>Haaranalyse starten<\/a>\n\t\t\t\t<\/div>\n\t\t\t<\/div>\n\t\t\t<\/div>\n<\/div>\n","protected":false},"excerpt":{"rendered":"","protected":false},"author":10,"featured_media":0,"parent":0,"menu_order":0,"comment_status":"closed","ping_status":"closed","template":"","meta":{"_acf_changed":false,"_yoast_wpseo_focuskw":"","_yoast_wpseo_title":"Elithair: Unserer modernen Haartransplantation Techniken","_yoast_wpseo_metadesc":"Erfahren Sie alles \u00fcber die modernen Haartransplantationstechniken bei Elithair. FUE, DHI und die exklusive NEO FUE. Jetzt lesen!","_yoast_wpseo_meta-robots-noindex":"","_yoast_wpseo_meta-robots-nofollow":"","_yoast_wpseo_meta-robots-adv":"","_yoast_wpseo_canonical":"","_yoast_wpseo_opengraph-title":"","_yoast_wpseo_opengraph-description":"","_yoast_wpseo_opengraph-image":"https:\/\/elithair.com\/de\/wp-content\/uploads\/sites\/2\/2026\/05\/techniken.png","_yoast_wpseo_twitter-title":"","_yoast_wpseo_twitter-description":"","_yoast_wpseo_twitter-image":"https:\/\/elithair.com\/de\/wp-content\/uploads\/sites\/2\/2026\/05\/techniken.png","_hm_hreflang_map":{"en":94966,"de":25,"uk":685,"fr":12,"x_default":94966},"_hm_language_code":"de","footnotes":""},"class_list":["post-25","page","type-page","status-publish","hentry"],"acf":[],"yoast_head":"<!-- This site is optimized with the Yoast SEO Premium plugin v27.5 (Yoast SEO v27.5) - https:\/\/yoast.com\/product\/yoast-seo-premium-wordpress\/ -->\n<title>Elithair: Unserer modernen Haartransplantation Techniken<\/title>\n<meta name=\"description\" content=\"Erfahren Sie alles \u00fcber die modernen Haartransplantationstechniken bei Elithair. FUE, DHI und die exklusive NEO FUE. Jetzt lesen!\" \/>\n<meta name=\"robots\" content=\"noindex, follow, max-snippet:-1, max-image-preview:large, max-video-preview:-1\" \/>\n<meta property=\"og:locale\" content=\"de_DE\" \/>\n<meta property=\"og:type\" content=\"article\" \/>\n<meta property=\"og:title\" content=\"Unsere fortschrittlichen Techniken\" \/>\n<meta property=\"og:description\" content=\"Erfahren Sie alles \u00fcber die modernen Haartransplantationstechniken bei Elithair. FUE, DHI und die exklusive NEO FUE. Jetzt lesen!\" \/>\n<meta property=\"og:url\" content=\"https:\/\/elithair.com\/de\/techniken\/\" \/>\n<meta property=\"og:site_name\" content=\"Elithair\" \/>\n<meta property=\"article:modified_time\" content=\"2026-05-03T11:32:11+00:00\" \/>\n<meta property=\"og:image\" content=\"https:\/\/elithair.com\/de\/wp-content\/uploads\/sites\/2\/2026\/05\/techniken.png\" \/>\n<meta name=\"twitter:card\" content=\"summary_large_image\" \/>\n<meta name=\"twitter:image\" content=\"https:\/\/elithair.com\/de\/wp-content\/uploads\/sites\/2\/2026\/05\/techniken.png\" \/>\n<script type=\"application\/ld+json\" class=\"yoast-schema-graph\">{\"@context\":\"https:\\\/\\\/schema.org\",\"@graph\":[{\"@type\":\"WebPage\",\"@id\":\"https:\\\/\\\/elithair.com\\\/de\\\/techniken\\\/\",\"url\":\"https:\\\/\\\/elithair.com\\\/de\\\/techniken\\\/\",\"name\":\"Elithair: Unserer modernen Haartransplantation Techniken\",\"isPartOf\":{\"@id\":\"https:\\\/\\\/elithair.com\\\/de\\\/#website\"},\"datePublished\":\"2026-04-11T08:08:00+00:00\",\"dateModified\":\"2026-05-03T11:32:11+00:00\",\"description\":\"Erfahren Sie alles \u00fcber die modernen Haartransplantationstechniken bei Elithair. FUE, DHI und die exklusive NEO FUE. Jetzt lesen!\",\"breadcrumb\":{\"@id\":\"https:\\\/\\\/elithair.com\\\/de\\\/techniken\\\/#breadcrumb\"},\"inLanguage\":\"de\",\"potentialAction\":[{\"@type\":\"ReadAction\",\"target\":[\"https:\\\/\\\/elithair.com\\\/de\\\/techniken\\\/\"]}]},{\"@type\":\"BreadcrumbList\",\"@id\":\"https:\\\/\\\/elithair.com\\\/de\\\/techniken\\\/#breadcrumb\",\"itemListElement\":[{\"@type\":\"ListItem\",\"position\":1,\"name\":\"Home\",\"item\":\"https:\\\/\\\/elithair.com\\\/de\\\/\"},{\"@type\":\"ListItem\",\"position\":2,\"name\":\"Unsere fortschrittlichen Techniken\"}]},{\"@type\":\"WebSite\",\"@id\":\"https:\\\/\\\/elithair.com\\\/de\\\/#website\",\"url\":\"https:\\\/\\\/elithair.com\\\/de\\\/\",\"name\":\"Elithair\",\"description\":\"Haartransplantation T\u00fcrkei, Istanbul bei Europas #1\",\"alternateName\":\"Haartransplantation T\u00fcrkei, Istanbul bei Europas #1\",\"potentialAction\":[{\"@type\":\"SearchAction\",\"target\":{\"@type\":\"EntryPoint\",\"urlTemplate\":\"https:\\\/\\\/elithair.com\\\/de\\\/?s={search_term_string}\"},\"query-input\":{\"@type\":\"PropertyValueSpecification\",\"valueRequired\":true,\"valueName\":\"search_term_string\"}}],\"inLanguage\":\"de\"}]}<\/script>\n<!-- \/ Yoast SEO Premium plugin. -->","yoast_head_json":{"title":"Elithair: Unserer modernen Haartransplantation Techniken","description":"Erfahren Sie alles \u00fcber die modernen Haartransplantationstechniken bei Elithair. FUE, DHI und die exklusive NEO FUE. Jetzt lesen!","robots":{"index":"noindex","follow":"follow","max-snippet":"max-snippet:-1","max-image-preview":"max-image-preview:large","max-video-preview":"max-video-preview:-1"},"og_locale":"de_DE","og_type":"article","og_title":"Unsere fortschrittlichen Techniken","og_description":"Erfahren Sie alles \u00fcber die modernen Haartransplantationstechniken bei Elithair. FUE, DHI und die exklusive NEO FUE. Jetzt lesen!","og_url":"https:\/\/elithair.com\/de\/techniken\/","og_site_name":"Elithair","article_modified_time":"2026-05-03T11:32:11+00:00","og_image":[{"url":"https:\/\/elithair.com\/de\/wp-content\/uploads\/sites\/2\/2026\/05\/techniken.png","type":"","width":"","height":""}],"twitter_card":"summary_large_image","twitter_image":"https:\/\/elithair.com\/de\/wp-content\/uploads\/sites\/2\/2026\/05\/techniken.png","schema":{"@context":"https:\/\/schema.org","@graph":[{"@type":"WebPage","@id":"https:\/\/elithair.com\/de\/techniken\/","url":"https:\/\/elithair.com\/de\/techniken\/","name":"Elithair: Unserer modernen Haartransplantation Techniken","isPartOf":{"@id":"https:\/\/elithair.com\/de\/#website"},"datePublished":"2026-04-11T08:08:00+00:00","dateModified":"2026-05-03T11:32:11+00:00","description":"Erfahren Sie alles \u00fcber die modernen Haartransplantationstechniken bei Elithair. FUE, DHI und die exklusive NEO FUE. Jetzt lesen!","breadcrumb":{"@id":"https:\/\/elithair.com\/de\/techniken\/#breadcrumb"},"inLanguage":"de","potentialAction":[{"@type":"ReadAction","target":["https:\/\/elithair.com\/de\/techniken\/"]}]},{"@type":"BreadcrumbList","@id":"https:\/\/elithair.com\/de\/techniken\/#breadcrumb","itemListElement":[{"@type":"ListItem","position":1,"name":"Home","item":"https:\/\/elithair.com\/de\/"},{"@type":"ListItem","position":2,"name":"Unsere fortschrittlichen Techniken"}]},{"@type":"WebSite","@id":"https:\/\/elithair.com\/de\/#website","url":"https:\/\/elithair.com\/de\/","name":"Elithair","description":"Haartransplantation T\u00fcrkei, Istanbul bei Europas #1","alternateName":"Haartransplantation T\u00fcrkei, Istanbul bei Europas #1","potentialAction":[{"@type":"SearchAction","target":{"@type":"EntryPoint","urlTemplate":"https:\/\/elithair.com\/de\/?s={search_term_string}"},"query-input":{"@type":"PropertyValueSpecification","valueRequired":true,"valueName":"search_term_string"}}],"inLanguage":"de"}]}},"jetpack_sharing_enabled":true,"_links":{"self":[{"href":"https:\/\/elithair.com\/de\/wp-json\/wp\/v2\/pages\/25","targetHints":{"allow":["GET"]}}],"collection":[{"href":"https:\/\/elithair.com\/de\/wp-json\/wp\/v2\/pages"}],"about":[{"href":"https:\/\/elithair.com\/de\/wp-json\/wp\/v2\/types\/page"}],"author":[{"embeddable":true,"href":"https:\/\/elithair.com\/de\/wp-json\/wp\/v2\/users\/10"}],"replies":[{"embeddable":true,"href":"https:\/\/elithair.com\/de\/wp-json\/wp\/v2\/comments?post=25"}],"version-history":[{"count":9,"href":"https:\/\/elithair.com\/de\/wp-json\/wp\/v2\/pages\/25\/revisions"}],"predecessor-version":[{"id":105067,"href":"https:\/\/elithair.com\/de\/wp-json\/wp\/v2\/pages\/25\/revisions\/105067"}],"wp:attachment":[{"href":"https:\/\/elithair.com\/de\/wp-json\/wp\/v2\/media?parent=25"}],"curies":[{"name":"wp","href":"https:\/\/api.w.org\/{rel}","templated":true}]}}