{"id":19,"date":"2026-04-11T08:03:16","date_gmt":"2026-04-11T08:03:16","guid":{"rendered":"https:\/\/unified.elitexperiments.com\/de\/?page_id=19"},"modified":"2026-05-03T13:31:42","modified_gmt":"2026-05-03T11:31:42","slug":"ablaufplan","status":"publish","type":"page","link":"https:\/\/elithair.com\/de\/behandlungen\/ablaufplan\/","title":{"rendered":"Haartransplantation: Ablaufplan"},"content":{"rendered":"<section class=\"wp-block-elh-main-hero main-hero dark-layout has-top-right-circle\">\n\t<div class=\"main-hero__container container\">\n\t\t\t\t\t<header class=\"main-hero__header\">\t\t\t\t\n\t\t\t\t<h1>\t\t\t\t\tHaartransplantation Ablauf\t\t\t\t<\/h1>\t\t\t<\/header>\n\t\t\n\t\t\t\t\t<div class=\"main-hero__content\">\n\t\t\t\t<p>Ihre Haartransplantation gliedert sich in drei Phasen: Vorbereitung, Eingriff und Nachsorge \u2013 perfekt auf Ihre Bed\u00fcrfnisse abgestimmt.<\/p>\n<p>In nur 72 Stunden ist alles erledigt, und Sie k\u00f6nnen mit neuem Selbstbewusstsein nach Hause zur\u00fcckkehren. Starten Sie jetzt Ihre kostenlose Haaranalyse \u2013 in nur 2 Minuten!<\/p>\n\t\t\t<\/div>\n\t\t\n\t\t\t\t\t<div class=\"main-hero__media\">\n\t\t\t\t<img decoding=\"async\" width=\"600\" height=\"600\" src=\"https:\/\/elithair.com\/de\/wp-content\/uploads\/sites\/2\/2026\/04\/haartransplantation-ablauf-nachsorge.webp\" class=\"hero-image\" alt=\"Mitarbeiterin bespricht den weiteren Ablauf nach der Haartransplantation\" loading=\"eager\" fetchpriority=\"high\" sizes=\"(max-width: 767px) 40vw, (max-width: 1023px) 23vw, 25vw\" srcset=\"https:\/\/elithair.com\/de\/wp-content\/uploads\/sites\/2\/2026\/04\/haartransplantation-ablauf-nachsorge.webp 600w, https:\/\/elithair.com\/de\/wp-content\/uploads\/sites\/2\/2026\/04\/haartransplantation-ablauf-nachsorge-300x300.webp 300w, https:\/\/elithair.com\/de\/wp-content\/uploads\/sites\/2\/2026\/04\/haartransplantation-ablauf-nachsorge-150x150.webp 150w\" \/>\t\t\t<\/div>\n\t\t\t\t\t\t\t<div class=\"main-hero__btn-list btn-list\">\n\t\t\t\t\t\t\t\t<div class=\"btn-item\">\n\t\t\t\t\t<a\n\t\t\t\t\t\thref=\"https:\/\/elithair.com\/de\/haaranalyse\/\"\t\t\t\t\t\tclass=\"btn\"\n\t\t\t\t\t>\n\t\t\t\t\t\tKostenlose Haaranalyse\t\t\t\t\t<\/a>\n\t\t\t\t<\/div>\n\t\t\t\t\t\t\t\t\t\t\t<\/div>\n\t\t\t<\/div>\n\t\t\n\t<\/section>\n\n\n<section class=\"wp-block-elh-content-media content-media layout-simple styled-ul ul-default ul-default-box bg-secondary dark-layout\">\n\t<div class=\"content-media__container container\">\n\t\t\t\t\t<header class=\"content-media__header\">\n\t\t\t\t\t\t\t\t\t<h2>\t\t\t\t\t\tSie wollen einen perfekt geplanten Ablauf in Istanbul?\t\t\t\t\t<\/h2>\t\t\t\t\t\t\t\t\t\t\t<\/header>\n\t\t\n\t\t\t\t\t<div class=\"content-media__media\">\n\t\t\t\t<figure><img decoding=\"async\" width=\"900\" height=\"566\" src=\"https:\/\/elithair.com\/de\/wp-content\/uploads\/sites\/2\/2026\/04\/Moderne-Haartransplantation-Klinik-in-Istanbul-Elithair-1.webp\" class=\"attachment-large size-large\" alt=\"Der moderne Empfangsbereich der Elithair Klinik. Ein weitl\u00e4ufiger Raum mit gl\u00e4nzendem Marmorboden, einer futuristischen Deckenskulptur eines schwebenden Menschen und organisch geformten Wandelementen. Im Hintergrund sind Aufz\u00fcge und gr\u00fcne Pflanzen zu sehen.\" loading=\"lazy\" srcset=\"https:\/\/elithair.com\/de\/wp-content\/uploads\/sites\/2\/2026\/04\/Moderne-Haartransplantation-Klinik-in-Istanbul-Elithair-1.webp 900w, https:\/\/elithair.com\/de\/wp-content\/uploads\/sites\/2\/2026\/04\/Moderne-Haartransplantation-Klinik-in-Istanbul-Elithair-1-300x189.webp 300w, https:\/\/elithair.com\/de\/wp-content\/uploads\/sites\/2\/2026\/04\/Moderne-Haartransplantation-Klinik-in-Istanbul-Elithair-1-768x483.webp 768w\" sizes=\"auto, (max-width: 900px) 100vw, 900px\" \/><\/figure>\t\t\t<\/div>\n\t\t\t\t\t\t<div class=\"content-media__content\">\n\t\t\t<p>Wir bei Elithair wissen, dass eine gute Organisation der Schl\u00fcssel zu einer stressfreien und positiven Haartransplantationserfahrung ist. Deshalb ist jedes Detail Ihres Aufenthalts in Istanbul sorgf\u00e4ltig geplant, damit Sie sich ganz auf Ihre Haarbehandlung konzentrieren k\u00f6nnen.<\/p>\n<p>Unsere medizinischen Expertenteams haben bereits mehr als 100.000 erfolgreiche Haarverpflanzungen durchgef\u00fchrt und kombinieren unvergleichliche Expertise mit modernsten Techniken, um hervorragende Ergebnisse zu erzielen.<\/p>\n<p>W\u00e4hrend Ihres Aufenthalts k\u00f6nnen Sie sich zur\u00fccklehnen und Ihre Reise zu strahlend vollem Haar genie\u00dfen.<\/p>\n\t\t<\/div>\n\t\t\n\t\t\n\t\t\t\t\t<div class=\"content-media__btn-list btn-list\">\n\t\t\t\t<div class=\"btn-item\">\n\t\t\t\t\t<a\n\t\t\t\t\t\tclass=\"btn\"\n\t\t\t\t\t\thref=\"https:\/\/elithair.com\/de\/haaranalyse\/\"\t\t\t\t\t>Haaranalyse starten<\/a>\n\t\t\t\t<\/div>\n\t\t\t<\/div>\n\t\t\t<\/div>\n<\/section>\n\n\n<section class=\"wp-block-elh-content-media content-media layout-simple right-media styled-ul ul-default ul-default-box bg-grey\">\n\t<div class=\"content-media__container container\">\n\t\t\t\t\t<header class=\"content-media__header\">\n\t\t\t\t\t\t\t\t\t<h2>\t\t\t\t\t\t1. Die Vorbereitung: Ihr Start in Istanbul\t\t\t\t\t<\/h2>\t\t\t\t\t\t\t\t\t\t\t<\/header>\n\t\t\n\t\t\t\t\t<div class=\"content-media__media hide-shadow\">\n\t\t\t\t<figure><img decoding=\"async\" width=\"1024\" height=\"644\" src=\"https:\/\/elithair.com\/de\/wp-content\/uploads\/sites\/2\/2026\/04\/Dr-Balwi-Haarlinie-bei-Patienten-einzeichnen-1024x644.webp\" class=\"attachment-large size-large\" alt=\"Dr. Balwi und ein Patient w\u00e4hrend der Vorbesprechung. Dr. Balwi tr\u00e4gt einen wei\u00dfen Arztkittel und zeichnet mit einem wei\u00dfen Stift die zuk\u00fcnftige Haarlinie auf der Stirn eines b\u00e4rtigen Patienten ein. Der Patient blickt ruhig zur Seite.\" loading=\"lazy\" srcset=\"https:\/\/elithair.com\/de\/wp-content\/uploads\/sites\/2\/2026\/04\/Dr-Balwi-Haarlinie-bei-Patienten-einzeichnen-1024x644.webp 1024w, https:\/\/elithair.com\/de\/wp-content\/uploads\/sites\/2\/2026\/04\/Dr-Balwi-Haarlinie-bei-Patienten-einzeichnen-300x189.webp 300w, https:\/\/elithair.com\/de\/wp-content\/uploads\/sites\/2\/2026\/04\/Dr-Balwi-Haarlinie-bei-Patienten-einzeichnen-768x483.webp 768w, https:\/\/elithair.com\/de\/wp-content\/uploads\/sites\/2\/2026\/04\/Dr-Balwi-Haarlinie-bei-Patienten-einzeichnen.webp 1247w\" sizes=\"auto, (max-width: 1024px) 100vw, 1024px\" \/><\/figure>\t\t\t<\/div>\n\t\t\t\t\t\t<div class=\"content-media__content\">\n\t\t\t<p>Nach Ihrer Ankunft in Istanbul holt Sie ein VIP-Shuttle ab und bringt Sie direkt zur\u00a0<a href=\"https:\/\/elithair.com\/de\/informationen\/klinik\/\">gr\u00f6\u00dften Haarklinik der Welt<\/a>.<\/p>\n<p>Dort startet Ihr Aufenthalt mit einem schnellen Bluttest, Teil unseres exklusiven\u00a0<a href=\"https:\/\/elithair.com\/de\/informationen\/pre-test-system\/\">Pre-Test-System,<\/a>\u00a0durchgef\u00fchrt von erfahrenen Spezialisten.<\/p>\n<p>Anschlie\u00dfend entspannen Sie sich in Ihrem luxuri\u00f6sen\u00a0<a href=\"https:\/\/elithair.com\/de\/informationen\/hotel\/\">Elit-Hotel Zimmer<\/a>\u00a0oder entdecken Istanbul.<\/p>\n<p>Am n\u00e4chsten Morgen folgen weitere Tests wie die Haaranalyse mit dem TrichoLab Scanner und eine Ultraschalluntersuchung der Kopfhaut. Nach Abschluss aller Tests beginnt die n\u00e4chste Phase: Ihre Haarbehandlung.<\/p>\n\t\t<\/div>\n\t\t\n\t\t\n\t\t\t\t\t<div class=\"content-media__btn-list btn-list\">\n\t\t\t\t<div class=\"btn-item\">\n\t\t\t\t\t<a\n\t\t\t\t\t\tclass=\"btn\"\n\t\t\t\t\t\thref=\"https:\/\/elithair.com\/de\/haaranalyse\/\"\t\t\t\t\t>Haaranalyse starten<\/a>\n\t\t\t\t<\/div>\n\t\t\t<\/div>\n\t\t\t<\/div>\n<\/section>\n\n\n<section class=\"wp-block-elh-content-media content-media layout-simple styled-ul ul-default ul-default-box bg-secondary dark-layout\">\n\t<div class=\"content-media__container container\">\n\t\t\t\t\t<header class=\"content-media__header\">\n\t\t\t\t\t\t\t\t\t<h2>\t\t\t\t\t\t2. Die Behandlung: schmerzfrei und individuell\t\t\t\t\t<\/h2>\t\t\t\t\t\t\t\t\t\t\t<\/header>\n\t\t\n\t\t\t\t\t<div class=\"content-media__media\">\n\t\t\t\t<figure><img decoding=\"async\" width=\"750\" height=\"519\" src=\"https:\/\/elithair.com\/de\/wp-content\/uploads\/sites\/2\/2026\/04\/Haartransplantation-bei-Dr-Balwi-1.webp\" class=\"attachment-large size-large\" alt=\"Medizinisches Team und Dr. Balwi w\u00e4hrend einer Operation. Zwei Fachkr\u00e4fte in OP-Kleidung behandeln einen liegenden Patienten; Dr. Balwi steht daneben, tr\u00e4gt einen wei\u00dfen Kittel und h\u00e4lt eine Dokumentenmappe.\" loading=\"lazy\" srcset=\"https:\/\/elithair.com\/de\/wp-content\/uploads\/sites\/2\/2026\/04\/Haartransplantation-bei-Dr-Balwi-1.webp 750w, https:\/\/elithair.com\/de\/wp-content\/uploads\/sites\/2\/2026\/04\/Haartransplantation-bei-Dr-Balwi-1-300x208.webp 300w\" sizes=\"auto, (max-width: 750px) 100vw, 750px\" \/><\/figure>\t\t\t<\/div>\n\t\t\t\t\t\t<div class=\"content-media__content\">\n\t\t\t<p>Ihre\u00a0<a href=\"https:\/\/elithair.com\/de\/behandlungen\/haartransplantation\/\">Haartransplantation<\/a>\u00a0beginnt mit der innovativen\u00a0<a href=\"https:\/\/elithair.com\/de\/techniken\/haartransplantation-betaeubung\/\">Sleep-Deep Methode<\/a>, die Sie f\u00fcr 15 Minuten in einen Tiefschlaf versetzt. So erfolgt die lokale Bet\u00e4ubung vollkommen schmerzfrei.<\/p>\n<p>Danach entnimmt unser Team Ihre Haarfollikel mit der schonenden\u00a0<a href=\"https:\/\/elithair.com\/de\/techniken\/fue-haartransplantation\/\">FUE-Technik<\/a>. Diese werden in einer N\u00e4hrstoffl\u00f6sung gelagert, um ihre Vitalit\u00e4t zu erhalten.<\/p>\n<p>Die Verpflanzung erfolgt mit der Technik, die am besten zu Ihrer Haarsituation passt \u2013 individuell abgestimmt und vorab mit Ihrem Spezialisten besprochen<\/p>\n\t\t<\/div>\n\t\t\n\t\t\n\t\t\t\t\t<div class=\"content-media__btn-list btn-list\">\n\t\t\t\t<div class=\"btn-item\">\n\t\t\t\t\t<a\n\t\t\t\t\t\tclass=\"btn\"\n\t\t\t\t\t\thref=\"https:\/\/elithair.com\/de\/haaranalyse\/\"\t\t\t\t\t>Haaranalyse starten<\/a>\n\t\t\t\t<\/div>\n\t\t\t<\/div>\n\t\t\t<\/div>\n<\/section>\n\n\n<section class=\"wp-block-elh-content-media content-media layout-simple right-media styled-ul ul-default ul-default-box bg-grey\">\n\t<div class=\"content-media__container container\">\n\t\t\t\t\t<header class=\"content-media__header\">\n\t\t\t\t\t\t\t\t\t<h2>\t\t\t\t\t\t3. Der Tag danach: Nachsorge und Heimreise\t\t\t\t\t<\/h2>\t\t\t\t\t\t\t\t\t\t\t<\/header>\n\t\t\n\t\t\t\t\t<div class=\"content-media__media hide-shadow\">\n\t\t\t\t<figure><img decoding=\"async\" width=\"1024\" height=\"644\" src=\"https:\/\/elithair.com\/de\/wp-content\/uploads\/sites\/2\/2026\/04\/Dr-Balwi-und-Patient-Nachsorge-1-1024x644.webp\" class=\"attachment-large size-large\" alt=\"Dr. Balwi und ein Patient. Dr. Balwi im wei\u00dfen Kittel und Mundschutz untersucht den Kopf eines Patienten; der Patient tr\u00e4gt ein blaues Stirnband mit &#039;Elithair&#039;-Logo.\" loading=\"lazy\" srcset=\"https:\/\/elithair.com\/de\/wp-content\/uploads\/sites\/2\/2026\/04\/Dr-Balwi-und-Patient-Nachsorge-1-1024x644.webp 1024w, https:\/\/elithair.com\/de\/wp-content\/uploads\/sites\/2\/2026\/04\/Dr-Balwi-und-Patient-Nachsorge-1-300x189.webp 300w, https:\/\/elithair.com\/de\/wp-content\/uploads\/sites\/2\/2026\/04\/Dr-Balwi-und-Patient-Nachsorge-1-768x483.webp 768w, https:\/\/elithair.com\/de\/wp-content\/uploads\/sites\/2\/2026\/04\/Dr-Balwi-und-Patient-Nachsorge-1.webp 1247w\" sizes=\"auto, (max-width: 1024px) 100vw, 1024px\" \/><\/figure>\t\t\t<\/div>\n\t\t\t\t\t\t<div class=\"content-media__content\">\n\t\t\t<p>Am Tag nach Ihrer Haartransplantation f\u00fchren unsere Spezialisten eine gr\u00fcndliche Qualit\u00e4tskontrolle durch und zeigen auf, wie die behandelten Stellen w\u00e4hrend der\u00a0<a href=\"https:\/\/elithair.com\/de\/behandlungen\/heilung\/\">Heilungsphase<\/a>\u00a0zu handhaben sind.<\/p>\n<p>Sie erhalten alle wichtigen Pflegemittel und Medikamente sowie individuelle Anweisungen f\u00fcr die Nachsorge. Nach nur 72 Stunden vor Ort k\u00f6nnen Sie entspannt die Heimreise antreten \u2013 bereit f\u00fcr Ihr neues Haarwachstum.<\/p>\n\t\t<\/div>\n\t\t\n\t\t\n\t\t\t\t\t<div class=\"content-media__btn-list btn-list\">\n\t\t\t\t<div class=\"btn-item\">\n\t\t\t\t\t<a\n\t\t\t\t\t\tclass=\"btn\"\n\t\t\t\t\t\thref=\"https:\/\/elithair.com\/de\/haaranalyse\/\"\t\t\t\t\t>Haaranalyse starten<\/a>\n\t\t\t\t<\/div>\n\t\t\t<\/div>\n\t\t\t<\/div>\n<\/section>\n\n\n<section class=\"wp-block-elh-content-media content-media layout-simple top-title-layout one-column styled-ul ul-default ul-default-box bg-secondary dark-layout\">\n\t<div class=\"content-media__container container\">\n\t\t\t\t\t<header class=\"content-media__header has-mw\" style=\"--MW:700px\">\n\t\t\t\t\t\t\t\t\t<h2>\t\t\t\t\t\tElithair k\u00fcmmert sich um alles!\t\t\t\t\t<\/h2>\t\t\t\t\t\t\t\t\t\t\t<\/header>\n\t\t\n\t\t\t\t\t\t<div class=\"content-media__content has-mw\" style=\"--MW:700px\">\n\t\t\t<p>Bei Elithair k\u00fcmmern wir uns um jedes Detail und sorgen daf\u00fcr, dass Ihre Reise zur Haartransplantation stressfrei und sorgf\u00e4ltig geplant verl\u00e4uft. Wie\u00a0<a href=\"https:\/\/de.trustpilot.com\/review\/www.elithairtransplant.com\" target=\"_blank\" rel=\"noopener\">Tausende zufriedener Patienten<\/a>\u00a0k\u00f6nnen Sie sich darauf verlassen, dass unser erfahrenes Team au\u00dfergew\u00f6hnliche Ergebnisse liefert und Sie zu erfolgreichem Haarwuchs f\u00fchrt.<\/p>\n<p>Wir begleiten Sie bei jedem Schritt \u2013 von den ersten Vorbereitungen \u00fcber die Behandlung bis hin zur umfassenden Nachsorge nach dem Eingriff. Auch nach Ihrer R\u00fcckkehr nach Deutschland steht Ihnen unser engagiertes Team weiterhin zur Seite und k\u00fcmmert sich vorrangig um Ihre Fortschritte, damit Sie ein makelloses, nat\u00fcrliches Ergebnis erzielen.<\/p>\n<p>Sind Sie bereit, den ersten Schritt zu tun? Wenden Sie sich noch heute an Ihren Experten bei Elithair, um mehr dar\u00fcber zu erfahren, wie wir Ihnen helfen k\u00f6nnen, volles Haar und gest\u00e4rktes Selbstbewusstsein zu erreichen.<\/p>\n\t\t<\/div>\n\t\t\n\t\t\n\t\t\t\t\t<div class=\"content-media__btn-list btn-list align-center\">\n\t\t\t\t<div class=\"btn-item\">\n\t\t\t\t\t<a\n\t\t\t\t\t\tclass=\"btn\"\n\t\t\t\t\t\thref=\"https:\/\/elithair.com\/de\/haaranalyse\/\"\t\t\t\t\t>Haaranalyse starten<\/a>\n\t\t\t\t<\/div>\n\t\t\t<\/div>\n\t\t\t<\/div>\n<\/section>\n\n\n<section class=\"wp-block-elh-faq-list faq-list bg-white\">\n\t<div class=\"faq-list__container container\">\n\t\t\t\t\t<header class=\"faq-list__header\">\n\t\t\t\t<h2>FAQ<\/h2>\n\t\t\t<\/header>\n\t\t\n\t\t\t\t\t<div class=\"faq-list__items\">\n\t\t\t\t\t\t\t\t\t<div class=\"faq\">\n\t\t\t\t\t\t\t\t\t\t\t\t\t\t\t\t\t\t\t\t\t\t\t\t\t\t\t<details>\n\t\t\t\t\t\t\t\t\t<summary>Wie ist der Vorgang bei der Haarverpflanzung?<\/summary>\n\t\t\t\t\t\t\t\t\t<p>Bei Ihrer Haartransplantation erfolgt im Ablauf des Eingriffs zuerst die Sedierung mit der Sleep-Deep Methode. Hierbei werden Sie in einen 15-min\u00fctigen Tiefschlaf versetzt, sodass die Spezialisten die lokale Bet\u00e4ubung durchf\u00fchren k\u00f6nnen und die Behandlung bei Ihnen zu 100% schmerzfrei abl\u00e4uft.<\/p>\n<p>Danach entnehmen unsere Spezialisten die follikul\u00e4ren Einheiten mit der FUE Methode einzeln aus dem Spenderbereich.<\/p>\n<p>Anschlie\u00dfend erfolgt die \u00d6ffnung der Haarkan\u00e4le und das Einsetzen der transplantierten Haarfollikel in die kahlen Stellen und die Haare wachsen wieder.<\/p>\n\t\t\t\t\t\t\t\t<\/details>\n\t\t\t\t\t\t\t\t\t\t\t\t\t\t\t<details>\n\t\t\t\t\t\t\t\t\t<summary>Wie lange dauert der Haartransplantation Ablauf?<\/summary>\n\t\t\t\t\t\t\t\t\t<p>Je nachdem, wie viele Grafts bei Ihnen verpflanzt werden, ist die Haartransplantation Dauer unterschiedlich.<\/p>\n<p>Wie lange eine Eigenhaarbehandlung dauert, variiert auch danach, welche Technik zum Einsatz kommt. Im Durchschnitt dauert eine Haarverpflanzung 6-8 Stunden.<\/p>\n\t\t\t\t\t\t\t\t<\/details>\n\t\t\t\t\t\t\t\t\t\t\t\t\t\t\t<details>\n\t\t\t\t\t\t\t\t\t<summary>Ist der Ablauf bei jedem Patienten gleich?<\/summary>\n\t\t\t\t\t\t\t\t\t<p>Ja, die Abfolge kommt bei jedem Patienten zum Einsatz. Unsere erfahrenen Teams sind auf jeden einzelnen Schritt im Haartransplantation Ablauf spezialisiert und garantieren somit perfekte Ergebnisse.<\/p>\n<p>Einzige Ausnahme stellt die DHI Methode dar, weil hierbei die Kanal\u00f6ffnung und das Einsetzen der Grafts im gleichen Schritt erfolgt.<\/p>\n\t\t\t\t\t\t\t\t<\/details>\n\t\t\t\t\t\t\t\t\t\t\t\t\t\t\t<details>\n\t\t\t\t\t\t\t\t\t<summary>Gibt es zwischen den Behandlungsschritten auch Pausen?<\/summary>\n\t\t\t\t\t\t\t\t\t<p>Selbstverst\u00e4ndlich. Obwohl es sich um einen unproblematischen Eingriff handelt, haben Sie als Patient nat\u00fcrlich die M\u00f6glichkeit eine Pause einzulegen.<\/p>\n<p>In den meisten F\u00e4llen haben Sie nach der Graftentnahme aus dem Spenderbereich die M\u00f6glichkeit eine Pause einzulegen. Nat\u00fcrlich k\u00f6nnen Sie sich auch w\u00e4hrend der Behandlung jederzeit an unsere Spezialisten wenden, sodass einer spontanen Pause nichts im Wege steht.<\/p>\n\t\t\t\t\t\t\t\t<\/details>\n\t\t\t\t\t\t\t\t\t\t\t\t\t\t\t\t\t\t<\/div>\n\t\t\t\t\t\t\t\t\t<div class=\"faq\">\n\t\t\t\t\t\t\t\t\t\t\t\t\t\t\t\t\t<\/div>\n\t\t\t\t\t\t\t<\/div>\n\t\t\n\t\t\t<\/div>\n<\/section>\n\n","protected":false},"excerpt":{"rendered":"","protected":false},"author":10,"featured_media":0,"parent":11,"menu_order":0,"comment_status":"closed","ping_status":"closed","template":"","meta":{"_acf_changed":false,"_yoast_wpseo_focuskw":"","_yoast_wpseo_title":"Haartransplantation Ablauf: Volles Haar bei Elithair","_yoast_wpseo_metadesc":"Haartransplantation Ablauf: Von A bis Z perfekt geplant. Mit wenigen Schritten zu Ihren Traumhaaren! Jetzt hier alle Infos lesen!","_yoast_wpseo_meta-robots-noindex":"","_yoast_wpseo_meta-robots-nofollow":"","_yoast_wpseo_meta-robots-adv":"","_yoast_wpseo_canonical":"","_yoast_wpseo_opengraph-title":"","_yoast_wpseo_opengraph-description":"","_yoast_wpseo_opengraph-image":"https:\/\/elithair.com\/de\/wp-content\/uploads\/sites\/2\/2026\/05\/ablaufplan.png","_yoast_wpseo_twitter-title":"","_yoast_wpseo_twitter-description":"","_yoast_wpseo_twitter-image":"https:\/\/elithair.com\/de\/wp-content\/uploads\/sites\/2\/2026\/05\/ablaufplan.png","_hm_hreflang_map":{"en":94978,"de":19,"uk":760,"es":89297,"it":27,"pt":13,"fr":22,"x_default":94978},"_hm_language_code":"de","footnotes":""},"class_list":["post-19","page","type-page","status-publish","hentry"],"acf":[],"yoast_head":"<!-- This site is optimized with the Yoast SEO Premium plugin v27.5 (Yoast SEO v27.5) - https:\/\/yoast.com\/product\/yoast-seo-premium-wordpress\/ -->\n<title>Haartransplantation Ablauf: Volles Haar bei Elithair<\/title>\n<meta name=\"description\" content=\"Haartransplantation Ablauf: Von A bis Z perfekt geplant. Mit wenigen Schritten zu Ihren Traumhaaren! Jetzt hier alle Infos lesen!\" \/>\n<meta name=\"robots\" content=\"noindex, follow, max-snippet:-1, max-image-preview:large, max-video-preview:-1\" \/>\n<meta property=\"og:locale\" content=\"de_DE\" \/>\n<meta property=\"og:type\" content=\"article\" \/>\n<meta property=\"og:title\" content=\"Haartransplantation: Ablaufplan\" \/>\n<meta property=\"og:description\" content=\"Haartransplantation Ablauf: Von A bis Z perfekt geplant. Mit wenigen Schritten zu Ihren Traumhaaren! Jetzt hier alle Infos lesen!\" \/>\n<meta property=\"og:url\" content=\"https:\/\/elithair.com\/de\/behandlungen\/ablaufplan\/\" \/>\n<meta property=\"og:site_name\" content=\"Elithair\" \/>\n<meta property=\"article:modified_time\" content=\"2026-05-03T11:31:42+00:00\" \/>\n<meta property=\"og:image\" content=\"https:\/\/elithair.com\/de\/wp-content\/uploads\/sites\/2\/2026\/05\/ablaufplan.png\" \/>\n<meta name=\"twitter:card\" content=\"summary_large_image\" \/>\n<meta name=\"twitter:image\" content=\"https:\/\/elithair.com\/de\/wp-content\/uploads\/sites\/2\/2026\/05\/ablaufplan.png\" \/>\n<script type=\"application\/ld+json\" class=\"yoast-schema-graph\">{\"@context\":\"https:\\\/\\\/schema.org\",\"@graph\":[{\"@type\":\"WebPage\",\"@id\":\"https:\\\/\\\/elithair.com\\\/de\\\/behandlungen\\\/ablaufplan\\\/\",\"url\":\"https:\\\/\\\/elithair.com\\\/de\\\/behandlungen\\\/ablaufplan\\\/\",\"name\":\"Haartransplantation Ablauf: Volles Haar bei Elithair\",\"isPartOf\":{\"@id\":\"https:\\\/\\\/elithair.com\\\/de\\\/#website\"},\"datePublished\":\"2026-04-11T08:03:16+00:00\",\"dateModified\":\"2026-05-03T11:31:42+00:00\",\"description\":\"Haartransplantation Ablauf: Von A bis Z perfekt geplant. Mit wenigen Schritten zu Ihren Traumhaaren! Jetzt hier alle Infos lesen!\",\"breadcrumb\":{\"@id\":\"https:\\\/\\\/elithair.com\\\/de\\\/behandlungen\\\/ablaufplan\\\/#breadcrumb\"},\"inLanguage\":\"de\",\"potentialAction\":[{\"@type\":\"ReadAction\",\"target\":[\"https:\\\/\\\/elithair.com\\\/de\\\/behandlungen\\\/ablaufplan\\\/\"]}]},{\"@type\":\"BreadcrumbList\",\"@id\":\"https:\\\/\\\/elithair.com\\\/de\\\/behandlungen\\\/ablaufplan\\\/#breadcrumb\",\"itemListElement\":[{\"@type\":\"ListItem\",\"position\":1,\"name\":\"Home\",\"item\":\"https:\\\/\\\/elithair.com\\\/de\\\/\"},{\"@type\":\"ListItem\",\"position\":2,\"name\":\"Unsere Behandlungen\",\"item\":\"https:\\\/\\\/elithair.com\\\/de\\\/behandlungen\\\/\"},{\"@type\":\"ListItem\",\"position\":3,\"name\":\"Haartransplantation: Ablaufplan\"}]},{\"@type\":\"WebSite\",\"@id\":\"https:\\\/\\\/elithair.com\\\/de\\\/#website\",\"url\":\"https:\\\/\\\/elithair.com\\\/de\\\/\",\"name\":\"Elithair\",\"description\":\"Haartransplantation T\u00fcrkei, Istanbul bei Europas #1\",\"alternateName\":\"Haartransplantation T\u00fcrkei, Istanbul bei Europas #1\",\"potentialAction\":[{\"@type\":\"SearchAction\",\"target\":{\"@type\":\"EntryPoint\",\"urlTemplate\":\"https:\\\/\\\/elithair.com\\\/de\\\/?s={search_term_string}\"},\"query-input\":{\"@type\":\"PropertyValueSpecification\",\"valueRequired\":true,\"valueName\":\"search_term_string\"}}],\"inLanguage\":\"de\"}]}<\/script>\n<!-- \/ Yoast SEO Premium plugin. -->","yoast_head_json":{"title":"Haartransplantation Ablauf: Volles Haar bei Elithair","description":"Haartransplantation Ablauf: Von A bis Z perfekt geplant. Mit wenigen Schritten zu Ihren Traumhaaren! Jetzt hier alle Infos lesen!","robots":{"index":"noindex","follow":"follow","max-snippet":"max-snippet:-1","max-image-preview":"max-image-preview:large","max-video-preview":"max-video-preview:-1"},"og_locale":"de_DE","og_type":"article","og_title":"Haartransplantation: Ablaufplan","og_description":"Haartransplantation Ablauf: Von A bis Z perfekt geplant. Mit wenigen Schritten zu Ihren Traumhaaren! Jetzt hier alle Infos lesen!","og_url":"https:\/\/elithair.com\/de\/behandlungen\/ablaufplan\/","og_site_name":"Elithair","article_modified_time":"2026-05-03T11:31:42+00:00","og_image":[{"url":"https:\/\/elithair.com\/de\/wp-content\/uploads\/sites\/2\/2026\/05\/ablaufplan.png","type":"","width":"","height":""}],"twitter_card":"summary_large_image","twitter_image":"https:\/\/elithair.com\/de\/wp-content\/uploads\/sites\/2\/2026\/05\/ablaufplan.png","schema":{"@context":"https:\/\/schema.org","@graph":[{"@type":"WebPage","@id":"https:\/\/elithair.com\/de\/behandlungen\/ablaufplan\/","url":"https:\/\/elithair.com\/de\/behandlungen\/ablaufplan\/","name":"Haartransplantation Ablauf: Volles Haar bei Elithair","isPartOf":{"@id":"https:\/\/elithair.com\/de\/#website"},"datePublished":"2026-04-11T08:03:16+00:00","dateModified":"2026-05-03T11:31:42+00:00","description":"Haartransplantation Ablauf: Von A bis Z perfekt geplant. Mit wenigen Schritten zu Ihren Traumhaaren! Jetzt hier alle Infos lesen!","breadcrumb":{"@id":"https:\/\/elithair.com\/de\/behandlungen\/ablaufplan\/#breadcrumb"},"inLanguage":"de","potentialAction":[{"@type":"ReadAction","target":["https:\/\/elithair.com\/de\/behandlungen\/ablaufplan\/"]}]},{"@type":"BreadcrumbList","@id":"https:\/\/elithair.com\/de\/behandlungen\/ablaufplan\/#breadcrumb","itemListElement":[{"@type":"ListItem","position":1,"name":"Home","item":"https:\/\/elithair.com\/de\/"},{"@type":"ListItem","position":2,"name":"Unsere Behandlungen","item":"https:\/\/elithair.com\/de\/behandlungen\/"},{"@type":"ListItem","position":3,"name":"Haartransplantation: Ablaufplan"}]},{"@type":"WebSite","@id":"https:\/\/elithair.com\/de\/#website","url":"https:\/\/elithair.com\/de\/","name":"Elithair","description":"Haartransplantation T\u00fcrkei, Istanbul bei Europas #1","alternateName":"Haartransplantation T\u00fcrkei, Istanbul bei Europas #1","potentialAction":[{"@type":"SearchAction","target":{"@type":"EntryPoint","urlTemplate":"https:\/\/elithair.com\/de\/?s={search_term_string}"},"query-input":{"@type":"PropertyValueSpecification","valueRequired":true,"valueName":"search_term_string"}}],"inLanguage":"de"}]}},"jetpack_sharing_enabled":true,"_links":{"self":[{"href":"https:\/\/elithair.com\/de\/wp-json\/wp\/v2\/pages\/19","targetHints":{"allow":["GET"]}}],"collection":[{"href":"https:\/\/elithair.com\/de\/wp-json\/wp\/v2\/pages"}],"about":[{"href":"https:\/\/elithair.com\/de\/wp-json\/wp\/v2\/types\/page"}],"author":[{"embeddable":true,"href":"https:\/\/elithair.com\/de\/wp-json\/wp\/v2\/users\/10"}],"replies":[{"embeddable":true,"href":"https:\/\/elithair.com\/de\/wp-json\/wp\/v2\/comments?post=19"}],"version-history":[{"count":13,"href":"https:\/\/elithair.com\/de\/wp-json\/wp\/v2\/pages\/19\/revisions"}],"predecessor-version":[{"id":105066,"href":"https:\/\/elithair.com\/de\/wp-json\/wp\/v2\/pages\/19\/revisions\/105066"}],"up":[{"embeddable":true,"href":"https:\/\/elithair.com\/de\/wp-json\/wp\/v2\/pages\/11"}],"wp:attachment":[{"href":"https:\/\/elithair.com\/de\/wp-json\/wp\/v2\/media?parent=19"}],"curies":[{"name":"wp","href":"https:\/\/api.w.org\/{rel}","templated":true}]}}