{"id":159,"date":"2026-04-11T09:41:57","date_gmt":"2026-04-11T09:41:57","guid":{"rendered":"https:\/\/unified.elitexperiments.com\/de\/?page_id=159"},"modified":"2026-04-30T22:59:56","modified_gmt":"2026-04-30T20:59:56","slug":"elithair-bonusprogramm","status":"publish","type":"page","link":"https:\/\/elithair.com\/de\/elithair-bonusprogramm\/","title":{"rendered":"Elithair Bonusprogramm"},"content":{"rendered":"<section class=\"wp-block-elh-main-hero main-hero dark-layout has-top-right-circle\">\n\t<div class=\"main-hero__container container\">\n\t\t\t\t\t<header class=\"main-hero__header\">\t\t\t\t\n\t\t\t\t<h1>\t\t\t\t\tElithair Bonusprogramm\t\t\t\t<\/h1>\t\t\t<\/header>\n\t\t\n\t\t\t\t\t<div class=\"main-hero__content\">\n\t\t\t\t<p>Sicher dir deine gratis Nachsorge f\u00fcr eine gro\u00dfartige Haarpracht, indem du einfach dein Ergebnis teilst!<\/p>\n\t\t\t<\/div>\n\t\t\n\t\t\t\t\t<div class=\"main-hero__media\">\n\t\t\t\t<img decoding=\"async\" width=\"600\" height=\"600\" src=\"https:\/\/elithair.com\/de\/wp-content\/uploads\/sites\/2\/2026\/04\/dr-balwi-bonusprogramm-daumen-hoch.webp\" class=\"hero-image\" alt=\"Dr. Balwi zeigt Daumen hoch f\u00fcr das Elithair Bonusprogramm\" loading=\"eager\" fetchpriority=\"high\" sizes=\"(max-width: 767px) 40vw, (max-width: 1023px) 23vw, 25vw\" srcset=\"https:\/\/elithair.com\/de\/wp-content\/uploads\/sites\/2\/2026\/04\/dr-balwi-bonusprogramm-daumen-hoch.webp 600w, https:\/\/elithair.com\/de\/wp-content\/uploads\/sites\/2\/2026\/04\/dr-balwi-bonusprogramm-daumen-hoch-300x300.webp 300w, https:\/\/elithair.com\/de\/wp-content\/uploads\/sites\/2\/2026\/04\/dr-balwi-bonusprogramm-daumen-hoch-150x150.webp 150w\" \/>\t\t\t<\/div>\n\t\t\t\t\t\t\t<div class=\"main-hero__btn-list btn-list\">\n\t\t\t\t\t\t\t\t<div class=\"btn-item\">\n\t\t\t\t\t<a\n\t\t\t\t\t\thref=\"https:\/\/lp.elithair.de\/bonusprogramm\" target=\"_blank\" rel=\"noopener noreferrer\"\t\t\t\t\t\tclass=\"btn\"\n\t\t\t\t\t>\n\t\t\t\t\t\tJetzt mehr erfahren \t\t\t\t\t<\/a>\n\t\t\t\t<\/div>\n\t\t\t\t\t\t\t\t\t\t\t<\/div>\n\t\t\t<\/div>\n\t\t\n\t<\/section>\n\n\n<section class=\"wp-block-elh-content-media content-media layout-simple styled-ul custom-icon none has-gap bg-grey\" style=\"--gap:70px\">\n\t<div class=\"content-media__container container\">\n\t\t\t\t\t<header class=\"content-media__header\">\n\t\t\t\t\t\t\t\t\t<h2>\t\t\t\t\t\tZeig deine Haare und bekomme exklusive Pr\u00e4mien!\t\t\t\t\t<\/h2>\t\t\t\t\t\t\t\t\t\t\t<\/header>\n\t\t\n\t\t\t\t\t<div class=\"content-media__media hide-shadow\">\n\t\t\t\t<figure><img decoding=\"async\" width=\"670\" height=\"540\" src=\"https:\/\/elithair.com\/de\/wp-content\/uploads\/sites\/2\/2026\/04\/Partner_2.webp\" class=\"attachment-large size-large\" alt=\"Patient Cilian W. im Vorher Nachher Vergleich nach der DHI Haartransplantation mit 3140 Grafts\" loading=\"lazy\" srcset=\"https:\/\/elithair.com\/de\/wp-content\/uploads\/sites\/2\/2026\/04\/Partner_2.webp 670w, https:\/\/elithair.com\/de\/wp-content\/uploads\/sites\/2\/2026\/04\/Partner_2-300x242.webp 300w\" sizes=\"auto, (max-width: 670px) 100vw, 670px\" \/><\/figure>\t\t\t<\/div>\n\t\t\t\t\t\t<div class=\"content-media__content\">\n\t\t\t<p>Getreu dem Motto \u201eHaarausfall zu haben ist normal, etwas dagegen zu tun auch\u201c zeigen bereits zahlreiche Patienten stolz, wie ihr Haar immer dichter wird. Sei jetzt auch du eine Inspirationen und Mutmacher f\u00fcr all die Menschen, die noch immer unter ihrem Haarausfall leiden und teile deine Erfarhung!<\/p>\n\t\t<\/div>\n\t\t\n\t\t\n\t\t\t\t\t<div class=\"content-media__btn-list btn-list\">\n\t\t\t\t<div class=\"btn-item\">\n\t\t\t\t\t<a\n\t\t\t\t\t\tclass=\"btn\"\n\t\t\t\t\t\thref=\"https:\/\/lp.elithair.de\/bonusprogramm\/\" target=\"_blank\" rel=\"noopener noreferrer\"\t\t\t\t\t>Jetzt mehr erfahren <\/a>\n\t\t\t\t<\/div>\n\t\t\t<\/div>\n\t\t\t<\/div>\n<\/section>\n\n\n<section class=\"wp-block-elh-content-media content-media layout-simple right-media styled-ul custom-icon none has-gap bg-secondary dark-layout\" style=\"--gap:70px\">\n\t<div class=\"content-media__container container\">\n\t\t\t\t\t<header class=\"content-media__header\">\n\t\t\t\t\t\t\t\t\t<h2>\t\t\t\t\t\tDas springt f\u00fcr dich dabei raus\t\t\t\t\t<\/h2>\t\t\t\t\t\t\t\t\t\t\t<\/header>\n\t\t\n\t\t\t\t\t<div class=\"content-media__media hide-shadow\">\n\t\t\t\t<figure><img decoding=\"async\" width=\"670\" height=\"540\" src=\"https:\/\/elithair.com\/de\/wp-content\/uploads\/sites\/2\/2026\/04\/Partner_3.webp\" class=\"attachment-large size-large\" alt=\"Eine l\u00e4chelnde Frau h\u00e4lt eine hochwertige, blau-wei\u00dfe Box mit Ampullen zur Haarpflege nach einer Haartransplantation in den H\u00e4nden; im Hintergrund eine urbane Skyline bei Sonnenuntergang\" loading=\"lazy\" srcset=\"https:\/\/elithair.com\/de\/wp-content\/uploads\/sites\/2\/2026\/04\/Partner_3.webp 670w, https:\/\/elithair.com\/de\/wp-content\/uploads\/sites\/2\/2026\/04\/Partner_3-300x242.webp 300w\" sizes=\"auto, (max-width: 670px) 100vw, 670px\" \/><\/figure>\t\t\t<\/div>\n\t\t\t\t\t\t<div class=\"content-media__content\">\n\t\t\t<p><strong>Nachsorge im Wert von bis zu 1.591,90\u20ac<\/strong><\/p>\n<p>F\u00fcr deine Unterst\u00fctzung erh\u00e4ltst du hochwertige Pflegeprodukte f\u00fcr mehrere Monate, die speziell von Dr. Balwi f\u00fcr das Haar nach der Transplantation entwickelt wurden. Zus\u00e4tzlich kannst du dir sogar 4 effektive PRP Behandlungen sichern, die dein Haarwachstum deutlich ankurbeln. Eine bessere Unterst\u00fctzung k\u00f6nnen sich deine Haaren nicht w\u00fcnschen.<\/p>\n<p>Werde jetzt ein Teil unserer stetig wachsenden Community!<\/p>\n\t\t<\/div>\n\t\t\n\t\t\n\t\t\t\t\t<div class=\"content-media__btn-list btn-list\">\n\t\t\t\t<div class=\"btn-item\">\n\t\t\t\t\t<a\n\t\t\t\t\t\tclass=\"btn\"\n\t\t\t\t\t\thref=\"https:\/\/lp.elithair.de\/bonusprogramm\/\" target=\"_blank\" rel=\"noopener noreferrer\"\t\t\t\t\t>Jetzt mehr erfahren <\/a>\n\t\t\t\t<\/div>\n\t\t\t<\/div>\n\t\t\t<\/div>\n<\/section>\n","protected":false},"excerpt":{"rendered":"","protected":false},"author":10,"featured_media":0,"parent":0,"menu_order":0,"comment_status":"closed","ping_status":"closed","template":"","meta":{"_acf_changed":false,"_yoast_wpseo_focuskw":"","_yoast_wpseo_title":"","_yoast_wpseo_metadesc":"","_yoast_wpseo_meta-robots-noindex":"1","_yoast_wpseo_meta-robots-nofollow":"1","_yoast_wpseo_meta-robots-adv":"","_yoast_wpseo_canonical":"","_yoast_wpseo_opengraph-title":"","_yoast_wpseo_opengraph-description":"","_yoast_wpseo_opengraph-image":"","_yoast_wpseo_twitter-title":"","_yoast_wpseo_twitter-description":"","_yoast_wpseo_twitter-image":"","_hm_hreflang_map":[],"_hm_language_code":"","footnotes":""},"class_list":["post-159","page","type-page","status-publish","hentry"],"acf":[],"yoast_head":"<!-- This site is optimized with the Yoast SEO Premium plugin v27.5 (Yoast SEO v27.5) - https:\/\/yoast.com\/product\/yoast-seo-premium-wordpress\/ -->\n<title>Elithair Bonusprogramm - Elithair<\/title>\n<meta name=\"robots\" content=\"noindex, nofollow\" \/>\n<meta property=\"og:locale\" content=\"de_DE\" \/>\n<meta property=\"og:type\" content=\"article\" \/>\n<meta property=\"og:title\" content=\"Elithair Bonusprogramm\" \/>\n<meta property=\"og:url\" content=\"https:\/\/elithair.com\/de\/elithair-bonusprogramm\/\" \/>\n<meta property=\"og:site_name\" content=\"Elithair\" \/>\n<meta property=\"article:modified_time\" content=\"2026-04-30T20:59:56+00:00\" \/>\n<meta property=\"og:image\" content=\"https:\/\/elithair.com\/de\/wp-content\/uploads\/sites\/2\/2026\/05\/de.png\" \/>\n\t<meta property=\"og:image:width\" content=\"1200\" \/>\n\t<meta property=\"og:image:height\" content=\"630\" \/>\n\t<meta property=\"og:image:type\" content=\"image\/png\" \/>\n<meta name=\"twitter:card\" content=\"summary_large_image\" \/>\n<script type=\"application\/ld+json\" class=\"yoast-schema-graph\">{\"@context\":\"https:\\\/\\\/schema.org\",\"@graph\":[{\"@type\":\"WebPage\",\"@id\":\"https:\\\/\\\/elithair.com\\\/de\\\/elithair-bonusprogramm\\\/\",\"url\":\"https:\\\/\\\/elithair.com\\\/de\\\/elithair-bonusprogramm\\\/\",\"name\":\"Elithair Bonusprogramm - Elithair\",\"isPartOf\":{\"@id\":\"https:\\\/\\\/elithair.com\\\/de\\\/#website\"},\"datePublished\":\"2026-04-11T09:41:57+00:00\",\"dateModified\":\"2026-04-30T20:59:56+00:00\",\"breadcrumb\":{\"@id\":\"https:\\\/\\\/elithair.com\\\/de\\\/elithair-bonusprogramm\\\/#breadcrumb\"},\"inLanguage\":\"de\",\"potentialAction\":[{\"@type\":\"ReadAction\",\"target\":[\"https:\\\/\\\/elithair.com\\\/de\\\/elithair-bonusprogramm\\\/\"]}]},{\"@type\":\"BreadcrumbList\",\"@id\":\"https:\\\/\\\/elithair.com\\\/de\\\/elithair-bonusprogramm\\\/#breadcrumb\",\"itemListElement\":[{\"@type\":\"ListItem\",\"position\":1,\"name\":\"Home\",\"item\":\"https:\\\/\\\/elithair.com\\\/de\\\/\"},{\"@type\":\"ListItem\",\"position\":2,\"name\":\"Elithair Bonusprogramm\"}]},{\"@type\":\"WebSite\",\"@id\":\"https:\\\/\\\/elithair.com\\\/de\\\/#website\",\"url\":\"https:\\\/\\\/elithair.com\\\/de\\\/\",\"name\":\"Elithair\",\"description\":\"Haartransplantation T\u00fcrkei, Istanbul bei Europas #1\",\"alternateName\":\"Haartransplantation T\u00fcrkei, Istanbul bei Europas #1\",\"potentialAction\":[{\"@type\":\"SearchAction\",\"target\":{\"@type\":\"EntryPoint\",\"urlTemplate\":\"https:\\\/\\\/elithair.com\\\/de\\\/?s={search_term_string}\"},\"query-input\":{\"@type\":\"PropertyValueSpecification\",\"valueRequired\":true,\"valueName\":\"search_term_string\"}}],\"inLanguage\":\"de\"}]}<\/script>\n<!-- \/ Yoast SEO Premium plugin. -->","yoast_head_json":{"title":"Elithair Bonusprogramm - Elithair","robots":{"index":"noindex","follow":"nofollow"},"og_locale":"de_DE","og_type":"article","og_title":"Elithair Bonusprogramm","og_url":"https:\/\/elithair.com\/de\/elithair-bonusprogramm\/","og_site_name":"Elithair","article_modified_time":"2026-04-30T20:59:56+00:00","og_image":[{"width":1200,"height":630,"url":"https:\/\/elithair.com\/de\/wp-content\/uploads\/sites\/2\/2026\/05\/de.png","type":"image\/png"}],"twitter_card":"summary_large_image","schema":{"@context":"https:\/\/schema.org","@graph":[{"@type":"WebPage","@id":"https:\/\/elithair.com\/de\/elithair-bonusprogramm\/","url":"https:\/\/elithair.com\/de\/elithair-bonusprogramm\/","name":"Elithair Bonusprogramm - Elithair","isPartOf":{"@id":"https:\/\/elithair.com\/de\/#website"},"datePublished":"2026-04-11T09:41:57+00:00","dateModified":"2026-04-30T20:59:56+00:00","breadcrumb":{"@id":"https:\/\/elithair.com\/de\/elithair-bonusprogramm\/#breadcrumb"},"inLanguage":"de","potentialAction":[{"@type":"ReadAction","target":["https:\/\/elithair.com\/de\/elithair-bonusprogramm\/"]}]},{"@type":"BreadcrumbList","@id":"https:\/\/elithair.com\/de\/elithair-bonusprogramm\/#breadcrumb","itemListElement":[{"@type":"ListItem","position":1,"name":"Home","item":"https:\/\/elithair.com\/de\/"},{"@type":"ListItem","position":2,"name":"Elithair Bonusprogramm"}]},{"@type":"WebSite","@id":"https:\/\/elithair.com\/de\/#website","url":"https:\/\/elithair.com\/de\/","name":"Elithair","description":"Haartransplantation T\u00fcrkei, Istanbul bei Europas #1","alternateName":"Haartransplantation T\u00fcrkei, Istanbul bei Europas #1","potentialAction":[{"@type":"SearchAction","target":{"@type":"EntryPoint","urlTemplate":"https:\/\/elithair.com\/de\/?s={search_term_string}"},"query-input":{"@type":"PropertyValueSpecification","valueRequired":true,"valueName":"search_term_string"}}],"inLanguage":"de"}]}},"jetpack_sharing_enabled":true,"_links":{"self":[{"href":"https:\/\/elithair.com\/de\/wp-json\/wp\/v2\/pages\/159","targetHints":{"allow":["GET"]}}],"collection":[{"href":"https:\/\/elithair.com\/de\/wp-json\/wp\/v2\/pages"}],"about":[{"href":"https:\/\/elithair.com\/de\/wp-json\/wp\/v2\/types\/page"}],"author":[{"embeddable":true,"href":"https:\/\/elithair.com\/de\/wp-json\/wp\/v2\/users\/10"}],"replies":[{"embeddable":true,"href":"https:\/\/elithair.com\/de\/wp-json\/wp\/v2\/comments?post=159"}],"version-history":[{"count":9,"href":"https:\/\/elithair.com\/de\/wp-json\/wp\/v2\/pages\/159\/revisions"}],"predecessor-version":[{"id":105085,"href":"https:\/\/elithair.com\/de\/wp-json\/wp\/v2\/pages\/159\/revisions\/105085"}],"wp:attachment":[{"href":"https:\/\/elithair.com\/de\/wp-json\/wp\/v2\/media?parent=159"}],"curies":[{"name":"wp","href":"https:\/\/api.w.org\/{rel}","templated":true}]}}